{"id":314350,"date":"2023-11-28T08:55:28","date_gmt":"2023-11-28T07:55:28","guid":{"rendered":"https:\/\/www.fiarebancaetica.coop\/?page_id=314350"},"modified":"2024-04-17T13:35:22","modified_gmt":"2024-04-17T11:35:22","slug":"grup-banca-etica","status":"publish","type":"page","link":"https:\/\/www.fiarebancaetica.coop\/ca\/identitat\/grup-banca-etica\/","title":{"rendered":"Grup Banca Etica"},"content":{"rendered":"\n<div class=\"wrapper-crispybacon-class wrapper-crispybacon-class-medium \">\n    \n\n<h1 class=\"is-style-lyon wp-block-heading\" id=\"block-b64a9251-faf1-4432-8fb4-641c6a01ca0d\"><span class=\"has-inline-color has-blue-color\">Grup Banca Etica<\/span><br>Ens mou l&#8217;\u00e8tica, no els diners<\/h1>\n\n\n\n<p>Quan l&#8217;\u00e8tica importa, els diners s&#8217;humanitzen. Els serveis financers es converteixen en suport a determinats segments de la poblaci\u00f3, a la promoci\u00f3 cultural, en defensa del planeta i de les persones. Aquest \u00e9s el principi i l&#8217;objectiu que regeix les actuacions de totes les empreses que formen part del Grup.<\/p>\n\n\n<\/div>\n\n\n<div class=\"wrapper-crispybacon-class wrapper-crispybacon-class-wide \">\n    \n\n<div class=\"wp-block-bancaetica-blocks-blocks-block-16\"><div class=\"container-block\"><div class=\"content\"><h2 class=\"section-title\">Banca Etica<\/h2><h5 class=\"sub-title\"><\/h5><p class=\"section-content\">Fiare Banca Etica \u00e9s una entitat banc\u00e0ria cooperativa de finances \u00e8tiques que treballa a Espanya (amb el nom de Fiare Banca Etica) i a It\u00e0lia (Banca Etica). Va n\u00e9ixer amb l&#8217;objectiu de finan\u00e7ar la cooperaci\u00f3 social i la protecci\u00f3 del medi ambient, com tamb\u00e9 per donar suport a les organitzacions sense \u00e0nim de lucre i a l&#8217;economia solid\u00e0ria.<br><br><br>\u00c9s un banc innovador les activitats del qual s&#8217;inspiren per complet en els principis de les finances \u00e8tiques: transpar\u00e8ncia, cooperaci\u00f3, dret d&#8217;acc\u00e9s al cr\u00e8dit, efici\u00e8ncia i atenci\u00f3 a les conseq\u00fc\u00e8ncies no econ\u00f2miques que tenen les accions econ\u00f2miques.<br><\/p><\/div><div class=\"two-columns\"><div class=\"col image-block\"><img decoding=\"async\" src=\"https:\/\/www.bancaetica.it\/app\/uploads\/2022\/01\/6-1.png\" alt=\"\" \/><\/div><div class=\"icon icon-frontend\"><a href=\"https:\/\/www.bancaetica.it\" id=\"url-cat\" target=\"_blank\" rel=\"noopener\"><i class=\"icon-circle-next\"><\/i><\/a><\/div><\/div><\/div><\/div>\n\n\n\n<div class=\"wp-block-bancaetica-blocks-blocks-block-16\"><div class=\"container-block\"><div class=\"content\"><h2 class=\"section-title\">Fundaci\u00f3n Finanzas \u00c9ticas<\/h2><h5 class=\"sub-title\"><\/h5><p class=\"section-content\">La Fundaci\u00f3n Finanzas \u00c9ticas neix a Espanya l&#8217;any 2018 per refor\u00e7ar una visi\u00f3 cr\u00edtica de les finances i potenciar la nostra manera d&#8217;entendre-les. Disposa del portal <a href=\"https:\/\/valorsocial.info\/ca\/\" target=\"_blank\" rel=\"noreferrer noopener\">Valor social<\/a> especialitzat en economia social, canvi clim\u00e0tic i finances \u00e8tiques.<\/p><\/div><div class=\"two-columns\"><div class=\"col image-block\"><img decoding=\"async\" src=\"http:\/\/www.fiarebancaetica.coop\/app\/uploads\/sites\/2\/2023\/11\/fundacion.png\" alt=\"\" \/><\/div><div class=\"icon icon-frontend\"><a href=\"https:\/\/finanzaseticas.net\" id=\"url-cat\" target=\"_blank\" rel=\"noopener\"><i class=\"icon-circle-next\"><\/i><\/a><\/div><\/div><\/div><\/div>\n\n\n\n<div class=\"wp-block-bancaetica-blocks-blocks-block-16\"><div class=\"container-block\"><div class=\"content\"><h2 class=\"section-title\">Etica Sgr<\/h2><h5 class=\"sub-title\"><\/h5><p class=\"section-content\">La societat de gesti\u00f3 de l&#8217;estalvi del Grupo Banca Popolare Etica \u00e9s l&#8217;\u00fanica a It\u00e0lia que ofereix exclusivament fons comuns d&#8217;inversi\u00f3 \u00e8tica. A Espanya es comercialitzen a trav\u00e9s d&#8217;Etica Funds.<\/p><\/div><div class=\"two-columns\"><div class=\"col image-block\"><img decoding=\"async\" src=\"http:\/\/www.fiarebancaetica.coop\/app\/uploads\/sites\/2\/2023\/11\/etica-sgr.png\" alt=\"\" \/><\/div><div class=\"icon icon-frontend\"><a href=\"https:\/\/www.eticasgr.com\/es\" id=\"url-cat\" target=\"_blank\" rel=\"noopener\"><i class=\"icon-circle-next\"><\/i><\/a><\/div><\/div><\/div><\/div>\n\n\n\n<div class=\"wp-block-bancaetica-blocks-blocks-block-16\"><div class=\"container-block\"><div class=\"content\"><h2 class=\"section-title\">Fondazione Finanza Etica<\/h2><h5 class=\"sub-title\"><\/h5><p class=\"section-content\">La Fondazione Finanza Etica treballa a nivell internacional per promoure i difondre els valors de les finances \u00e8tiques. Publica el portal Valori, un diari especialitzat en temes d&#8217;economia social, finances \u00e8tiques i sostenibilitat.<\/p><\/div><div class=\"two-columns\"><div class=\"col image-block\"><img decoding=\"async\" src=\"http:\/\/www.fiarebancaetica.coop\/app\/uploads\/sites\/2\/2023\/11\/fondazione.png\" alt=\"\" \/><\/div><div class=\"icon icon-frontend\"><a href=\"https:\/\/finanzaetica.info\" id=\"url-cat\" target=\"_self\" rel=\"noopener\"><i class=\"icon-circle-next\"><\/i><\/a><\/div><\/div><\/div><\/div>\n\n\n\n<div class=\"wp-block-bancaetica-blocks-blocks-block-16\"><div class=\"container-block\"><div class=\"content\"><h2 class=\"section-title\">Cresud<\/h2><h5 class=\"sub-title\"><\/h5><p class=\"section-content\">Cresud s&#8217;ocupa de projectes de microfinan\u00e7ament a l&#8217;hemisferi sud del m\u00f3n, i col\u00b7labora amb bancs locals per promoure el desenvolupament.<br><\/p><\/div><div class=\"two-columns\"><div class=\"col image-block\"><img decoding=\"async\" src=\"https:\/\/www.bancaetica.it\/app\/uploads\/2022\/01\/10.png\" alt=\"\" \/><\/div><div class=\"icon icon-frontend\"><a href=\"https:\/\/www.cresud.it\/\" id=\"url-cat\" target=\"_blank\" rel=\"noopener\"><i class=\"icon-circle-next\"><\/i><\/a><\/div><\/div><\/div><\/div>\n\n\n<\/div>\n\n\n<div style=\"height:20px\" aria-hidden=\"true\" class=\"wp-block-spacer\"><\/div>\n\n\n\n<div style=\"height:100px\" aria-hidden=\"true\" class=\"wp-block-spacer\"><\/div>\n","protected":false},"excerpt":{"rendered":"","protected":false},"author":1774,"featured_media":0,"parent":314820,"menu_order":0,"comment_status":"closed","ping_status":"closed","template":"","meta":{"_acf_changed":false,"footnotes":""},"coauthors":[5579],"class_list":["post-314350","page","type-page","status-publish","hentry","crispybacon-hidden-page-title"],"acf":[],"yoast_head":"<!-- This site is optimized with the Yoast SEO plugin v26.9 - https:\/\/yoast.com\/product\/yoast-seo-wordpress\/ -->\n<title>Grup Banca Etica - Ens mou l&#039;\u00e8tica, no els diners<\/title>\n<meta name=\"robots\" content=\"index, follow, max-snippet:-1, max-image-preview:large, max-video-preview:-1\" \/>\n<link rel=\"canonical\" href=\"https:\/\/www.fiarebancaetica.coop\/ca\/identitat\/grup-banca-etica\/\" \/>\n<meta property=\"og:locale\" content=\"ca_ES\" \/>\n<meta property=\"og:type\" content=\"article\" \/>\n<meta property=\"og:title\" content=\"Grup Banca Etica - Ens mou l&#039;\u00e8tica, no els diners\" \/>\n<meta property=\"og:url\" content=\"https:\/\/www.fiarebancaetica.coop\/ca\/identitat\/grup-banca-etica\/\" \/>\n<meta property=\"og:site_name\" content=\"Fiare Banca Etica\" \/>\n<meta property=\"article:modified_time\" content=\"2024-04-17T11:35:22+00:00\" \/>\n<meta property=\"og:image\" content=\"https:\/\/www.bancaetica.it\/app\/uploads\/2022\/01\/6-1.png\" \/>\n<meta name=\"twitter:card\" content=\"summary_large_image\" \/>\n<script type=\"application\/ld+json\" class=\"yoast-schema-graph\">{\"@context\":\"https:\/\/schema.org\",\"@graph\":[{\"@type\":\"WebPage\",\"@id\":\"https:\/\/www.fiarebancaetica.coop\/ca\/identitat\/grup-banca-etica\/\",\"url\":\"https:\/\/www.fiarebancaetica.coop\/ca\/identitat\/grup-banca-etica\/\",\"name\":\"Grup Banca Etica - Ens mou l'\u00e8tica, no els diners\",\"isPartOf\":{\"@id\":\"https:\/\/www.fiarebancaetica.coop\/ca\/#website\"},\"primaryImageOfPage\":{\"@id\":\"https:\/\/www.fiarebancaetica.coop\/ca\/identitat\/grup-banca-etica\/#primaryimage\"},\"image\":{\"@id\":\"https:\/\/www.fiarebancaetica.coop\/ca\/identitat\/grup-banca-etica\/#primaryimage\"},\"thumbnailUrl\":\"https:\/\/www.bancaetica.it\/app\/uploads\/2022\/01\/6-1.png\",\"datePublished\":\"2023-11-28T07:55:28+00:00\",\"dateModified\":\"2024-04-17T11:35:22+00:00\",\"breadcrumb\":{\"@id\":\"https:\/\/www.fiarebancaetica.coop\/ca\/identitat\/grup-banca-etica\/#breadcrumb\"},\"inLanguage\":\"ca\",\"potentialAction\":[{\"@type\":\"ReadAction\",\"target\":[\"https:\/\/www.fiarebancaetica.coop\/ca\/identitat\/grup-banca-etica\/\"]}]},{\"@type\":\"ImageObject\",\"inLanguage\":\"ca\",\"@id\":\"https:\/\/www.fiarebancaetica.coop\/ca\/identitat\/grup-banca-etica\/#primaryimage\",\"url\":\"https:\/\/www.bancaetica.it\/app\/uploads\/2022\/01\/6-1.png\",\"contentUrl\":\"https:\/\/www.bancaetica.it\/app\/uploads\/2022\/01\/6-1.png\"},{\"@type\":\"BreadcrumbList\",\"@id\":\"https:\/\/www.fiarebancaetica.coop\/ca\/identitat\/grup-banca-etica\/#breadcrumb\",\"itemListElement\":[{\"@type\":\"ListItem\",\"position\":1,\"name\":\"Home\",\"item\":\"https:\/\/www.fiarebancaetica.coop\/ca\/\"},{\"@type\":\"ListItem\",\"position\":2,\"name\":\"Identitat\",\"item\":\"https:\/\/www.fiarebancaetica.coop\/ca\/identitat\/\"},{\"@type\":\"ListItem\",\"position\":3,\"name\":\"Grup Banca Etica\"}]},{\"@type\":\"WebSite\",\"@id\":\"https:\/\/www.fiarebancaetica.coop\/ca\/#website\",\"url\":\"https:\/\/www.fiarebancaetica.coop\/ca\/\",\"name\":\"Fiare Banca Etica\",\"description\":\"\",\"potentialAction\":[{\"@type\":\"SearchAction\",\"target\":{\"@type\":\"EntryPoint\",\"urlTemplate\":\"https:\/\/www.fiarebancaetica.coop\/ca\/?s={search_term_string}\"},\"query-input\":{\"@type\":\"PropertyValueSpecification\",\"valueRequired\":true,\"valueName\":\"search_term_string\"}}],\"inLanguage\":\"ca\"}]}<\/script>\n<!-- \/ Yoast SEO plugin. -->","yoast_head_json":{"title":"Grup Banca Etica - Ens mou l'\u00e8tica, no els diners","robots":{"index":"index","follow":"follow","max-snippet":"max-snippet:-1","max-image-preview":"max-image-preview:large","max-video-preview":"max-video-preview:-1"},"canonical":"https:\/\/www.fiarebancaetica.coop\/ca\/identitat\/grup-banca-etica\/","og_locale":"ca_ES","og_type":"article","og_title":"Grup Banca Etica - Ens mou l'\u00e8tica, no els diners","og_url":"https:\/\/www.fiarebancaetica.coop\/ca\/identitat\/grup-banca-etica\/","og_site_name":"Fiare Banca Etica","article_modified_time":"2024-04-17T11:35:22+00:00","og_image":[{"url":"https:\/\/www.bancaetica.it\/app\/uploads\/2022\/01\/6-1.png","type":"","width":"","height":""}],"twitter_card":"summary_large_image","schema":{"@context":"https:\/\/schema.org","@graph":[{"@type":"WebPage","@id":"https:\/\/www.fiarebancaetica.coop\/ca\/identitat\/grup-banca-etica\/","url":"https:\/\/www.fiarebancaetica.coop\/ca\/identitat\/grup-banca-etica\/","name":"Grup Banca Etica - Ens mou l'\u00e8tica, no els diners","isPartOf":{"@id":"https:\/\/www.fiarebancaetica.coop\/ca\/#website"},"primaryImageOfPage":{"@id":"https:\/\/www.fiarebancaetica.coop\/ca\/identitat\/grup-banca-etica\/#primaryimage"},"image":{"@id":"https:\/\/www.fiarebancaetica.coop\/ca\/identitat\/grup-banca-etica\/#primaryimage"},"thumbnailUrl":"https:\/\/www.bancaetica.it\/app\/uploads\/2022\/01\/6-1.png","datePublished":"2023-11-28T07:55:28+00:00","dateModified":"2024-04-17T11:35:22+00:00","breadcrumb":{"@id":"https:\/\/www.fiarebancaetica.coop\/ca\/identitat\/grup-banca-etica\/#breadcrumb"},"inLanguage":"ca","potentialAction":[{"@type":"ReadAction","target":["https:\/\/www.fiarebancaetica.coop\/ca\/identitat\/grup-banca-etica\/"]}]},{"@type":"ImageObject","inLanguage":"ca","@id":"https:\/\/www.fiarebancaetica.coop\/ca\/identitat\/grup-banca-etica\/#primaryimage","url":"https:\/\/www.bancaetica.it\/app\/uploads\/2022\/01\/6-1.png","contentUrl":"https:\/\/www.bancaetica.it\/app\/uploads\/2022\/01\/6-1.png"},{"@type":"BreadcrumbList","@id":"https:\/\/www.fiarebancaetica.coop\/ca\/identitat\/grup-banca-etica\/#breadcrumb","itemListElement":[{"@type":"ListItem","position":1,"name":"Home","item":"https:\/\/www.fiarebancaetica.coop\/ca\/"},{"@type":"ListItem","position":2,"name":"Identitat","item":"https:\/\/www.fiarebancaetica.coop\/ca\/identitat\/"},{"@type":"ListItem","position":3,"name":"Grup Banca Etica"}]},{"@type":"WebSite","@id":"https:\/\/www.fiarebancaetica.coop\/ca\/#website","url":"https:\/\/www.fiarebancaetica.coop\/ca\/","name":"Fiare Banca Etica","description":"","potentialAction":[{"@type":"SearchAction","target":{"@type":"EntryPoint","urlTemplate":"https:\/\/www.fiarebancaetica.coop\/ca\/?s={search_term_string}"},"query-input":{"@type":"PropertyValueSpecification","valueRequired":true,"valueName":"search_term_string"}}],"inLanguage":"ca"}]}},"_links":{"self":[{"href":"https:\/\/www.fiarebancaetica.coop\/ca\/wp-json\/wp\/v2\/pages\/314350","targetHints":{"allow":["GET"]}}],"collection":[{"href":"https:\/\/www.fiarebancaetica.coop\/ca\/wp-json\/wp\/v2\/pages"}],"about":[{"href":"https:\/\/www.fiarebancaetica.coop\/ca\/wp-json\/wp\/v2\/types\/page"}],"author":[{"embeddable":true,"href":"https:\/\/www.fiarebancaetica.coop\/ca\/wp-json\/wp\/v2\/users\/1774"}],"replies":[{"embeddable":true,"href":"https:\/\/www.fiarebancaetica.coop\/ca\/wp-json\/wp\/v2\/comments?post=314350"}],"version-history":[{"count":9,"href":"https:\/\/www.fiarebancaetica.coop\/ca\/wp-json\/wp\/v2\/pages\/314350\/revisions"}],"predecessor-version":[{"id":373539,"href":"https:\/\/www.fiarebancaetica.coop\/ca\/wp-json\/wp\/v2\/pages\/314350\/revisions\/373539"}],"up":[{"embeddable":true,"href":"https:\/\/www.fiarebancaetica.coop\/ca\/wp-json\/wp\/v2\/pages\/314820"}],"wp:attachment":[{"href":"https:\/\/www.fiarebancaetica.coop\/ca\/wp-json\/wp\/v2\/media?parent=314350"}],"wp:term":[{"taxonomy":"author","embeddable":true,"href":"https:\/\/www.fiarebancaetica.coop\/ca\/wp-json\/wp\/v2\/coauthors?post=314350"}],"curies":[{"name":"wp","href":"https:\/\/api.w.org\/{rel}","templated":true}]}}