{"id":314654,"date":"2023-11-28T08:49:19","date_gmt":"2023-11-28T07:49:19","guid":{"rendered":"https:\/\/www.fiarebancaetica.coop\/?page_id=314654"},"modified":"2024-04-17T13:26:15","modified_gmt":"2024-04-17T11:26:15","slug":"historia","status":"publish","type":"page","link":"https:\/\/www.fiarebancaetica.coop\/ca\/identitat\/historia\/","title":{"rendered":"Historia"},"content":{"rendered":"\n<div class=\"wrapper-crispybacon-class wrapper-crispybacon-class-medium \">\n    \n\n<h1 class=\"is-style-lyon wp-block-heading\" id=\"block-eced8172-3e15-4c2b-bb32-0cd168617fb1\"><span class=\"has-inline-color has-blue-color\">Hist\u00f2ria<\/span><br>Una hist\u00f2ria d&#8217;hist\u00f2ries<\/h1>\n\n\n\n<p>El m\u00e9s important de la nostra hist\u00f2ria \u00e9s que hem fet possible moltes hist\u00f2ries m\u00e9s. Hist\u00f2ries de persones que han pogut desenvolupar el seu projecte i d&#8217;organitzacions que han contribu\u00eft a millorar el m\u00f3n en qu\u00e8 vivim. Per\u00f2, de totes maneres, aquesta \u00e9s la nostra hist\u00f2ria.<\/p>\n\n\n\n<hr class=\"wp-block-separator\"\/>\n\n\n<\/div>\n\n\n<div class=\"wrapper-crispybacon-class wrapper-crispybacon-class-medium \">\n    \n\n<p>L&#8217;any 2003, diversos grups interessats en les finances \u00e8tiques van crear al Pa\u00eds Basc la Fundaci\u00f3 Fiare per construir un moviment de ciutadania activa que establ\u00eds els fonaments d&#8217;una banca \u00e8tica. L&#8217;any 2005 es va signar el contracte amb Banca Popolare Etica i es va comen\u00e7ar la intermediaci\u00f3 financera a territori espanyol.<\/p>\n\n\n\n<p>Despr\u00e9s d&#8217;anys de campanya de recollida de capital social i concessi\u00f3 dels primers cr\u00e8dits arreu del pa\u00eds, l&#8217;any 2011 es va proposar la integraci\u00f3 de Fiare i Banca Popolare Etica, que va ser aprovada a les assemblees d&#8217;ambd\u00f3s pa\u00efsos, fins a arribar l&#8217;any 2013 amb la creaci\u00f3 de l&#8217;\u00c0rea Fiare a Banca Popolare Etica. A la tardor del 2014 s&#8217;inicia aquesta nova etapa com a Fiare Banca Etica, amb fitxa legal del Banc d&#8217;Espanya.<\/p>\n\n\n\n<p><strong><strong><strong>Gr\u00e0cies a milers de socis i s\u00f2cies, s&#8217;ha materialitzat el somni de crear una instituci\u00f3 financera \u00e8tica i cooperativa, amb una dimensi\u00f3 europea.<\/strong><\/strong><\/strong><\/p>\n\n\n\n<p>A It\u00e0lia, les primeres experi\u00e8ncies de finances \u00e8tiques van ser les cooperatives <a href=\"http:\/\/it.wikipedia.org\/wiki\/Mutua_autogestione\">MAG (Mutue per l&#8217;Autogestione)<\/a>. La idea no era recol\u00b7lectar els diners i buscar projectes a finan\u00e7ar, sin\u00f3 trobar primer empreses socials necessitades de finan\u00e7ament i despr\u00e9s aconseguir gent que es compromet\u00e9s a prestar una part d&#8217;all\u00f2 que l&#8217;empresa social necessitava.<\/p>\n\n\n\n<p>Als anys noranta, les MAG es van posar en contacte amb les institucions del m\u00f3n de la cooperaci\u00f3 social, el voluntariat i les associacions per crear una proposta financera adequada a aquests sectors. La iniciativa va tenir \u00e8xit i el desembre de 1994 es va constituir la Cooperativa Verso la Banca Etica. L&#8217;any 1999, es va recollir el capital social necessari per convertir-se en banca popular i, despr\u00e9s de l&#8217;autoritzaci\u00f3 de la Banca d&#8217;It\u00e0lia, va obrir la primera filial a P\u00e0dua. Gr\u00e0cies als Grups d&#8217;Iniciativa Territorial (GIT) es va anar consolidant de mica en mica la pres\u00e8ncia per tota It\u00e0lia, amb l&#8217;obertura de noves filials, tot implicant cada vegada a m\u00e9s persones i estimulant la capitalitzaci\u00f3.<\/p>\n\n\n<\/div>\n\n\n<div style=\"height:20px\" aria-hidden=\"true\" class=\"wp-block-spacer\"><\/div>\n\n\n\n<div style=\"height:100px\" aria-hidden=\"true\" class=\"wp-block-spacer\"><\/div>\n","protected":false},"excerpt":{"rendered":"","protected":false},"author":6693,"featured_media":0,"parent":314820,"menu_order":0,"comment_status":"closed","ping_status":"closed","template":"","meta":{"_acf_changed":false,"footnotes":""},"coauthors":[10743],"class_list":["post-314654","page","type-page","status-publish","hentry","crispybacon-hidden-page-title"],"acf":[],"yoast_head":"<!-- This site is optimized with the Yoast SEO plugin v26.9 - https:\/\/yoast.com\/product\/yoast-seo-wordpress\/ -->\n<title>Fiare Banca Etica: Una hist\u00f2ria d&#039;hist\u00f2ries<\/title>\n<meta name=\"robots\" content=\"index, follow, max-snippet:-1, max-image-preview:large, max-video-preview:-1\" \/>\n<link rel=\"canonical\" href=\"https:\/\/www.fiarebancaetica.coop\/ca\/identitat\/historia\/\" \/>\n<meta property=\"og:locale\" content=\"ca_ES\" \/>\n<meta property=\"og:type\" content=\"article\" \/>\n<meta property=\"og:title\" content=\"Fiare Banca Etica: Una hist\u00f2ria d&#039;hist\u00f2ries\" \/>\n<meta property=\"og:url\" content=\"https:\/\/www.fiarebancaetica.coop\/ca\/identitat\/historia\/\" \/>\n<meta property=\"og:site_name\" content=\"Fiare Banca Etica\" \/>\n<meta property=\"article:modified_time\" content=\"2024-04-17T11:26:15+00:00\" \/>\n<meta name=\"twitter:card\" content=\"summary_large_image\" \/>\n<script type=\"application\/ld+json\" class=\"yoast-schema-graph\">{\"@context\":\"https:\/\/schema.org\",\"@graph\":[{\"@type\":\"WebPage\",\"@id\":\"https:\/\/www.fiarebancaetica.coop\/ca\/identitat\/historia\/\",\"url\":\"https:\/\/www.fiarebancaetica.coop\/ca\/identitat\/historia\/\",\"name\":\"Fiare Banca Etica: Una hist\u00f2ria d'hist\u00f2ries\",\"isPartOf\":{\"@id\":\"https:\/\/www.fiarebancaetica.coop\/ca\/#website\"},\"datePublished\":\"2023-11-28T07:49:19+00:00\",\"dateModified\":\"2024-04-17T11:26:15+00:00\",\"breadcrumb\":{\"@id\":\"https:\/\/www.fiarebancaetica.coop\/ca\/identitat\/historia\/#breadcrumb\"},\"inLanguage\":\"ca\",\"potentialAction\":[{\"@type\":\"ReadAction\",\"target\":[\"https:\/\/www.fiarebancaetica.coop\/ca\/identitat\/historia\/\"]}]},{\"@type\":\"BreadcrumbList\",\"@id\":\"https:\/\/www.fiarebancaetica.coop\/ca\/identitat\/historia\/#breadcrumb\",\"itemListElement\":[{\"@type\":\"ListItem\",\"position\":1,\"name\":\"Home\",\"item\":\"https:\/\/www.fiarebancaetica.coop\/ca\/\"},{\"@type\":\"ListItem\",\"position\":2,\"name\":\"Identitat\",\"item\":\"https:\/\/www.fiarebancaetica.coop\/ca\/identitat\/\"},{\"@type\":\"ListItem\",\"position\":3,\"name\":\"Historia\"}]},{\"@type\":\"WebSite\",\"@id\":\"https:\/\/www.fiarebancaetica.coop\/ca\/#website\",\"url\":\"https:\/\/www.fiarebancaetica.coop\/ca\/\",\"name\":\"Fiare Banca Etica\",\"description\":\"\",\"potentialAction\":[{\"@type\":\"SearchAction\",\"target\":{\"@type\":\"EntryPoint\",\"urlTemplate\":\"https:\/\/www.fiarebancaetica.coop\/ca\/?s={search_term_string}\"},\"query-input\":{\"@type\":\"PropertyValueSpecification\",\"valueRequired\":true,\"valueName\":\"search_term_string\"}}],\"inLanguage\":\"ca\"}]}<\/script>\n<!-- \/ Yoast SEO plugin. -->","yoast_head_json":{"title":"Fiare Banca Etica: Una hist\u00f2ria d'hist\u00f2ries","robots":{"index":"index","follow":"follow","max-snippet":"max-snippet:-1","max-image-preview":"max-image-preview:large","max-video-preview":"max-video-preview:-1"},"canonical":"https:\/\/www.fiarebancaetica.coop\/ca\/identitat\/historia\/","og_locale":"ca_ES","og_type":"article","og_title":"Fiare Banca Etica: Una hist\u00f2ria d'hist\u00f2ries","og_url":"https:\/\/www.fiarebancaetica.coop\/ca\/identitat\/historia\/","og_site_name":"Fiare Banca Etica","article_modified_time":"2024-04-17T11:26:15+00:00","twitter_card":"summary_large_image","schema":{"@context":"https:\/\/schema.org","@graph":[{"@type":"WebPage","@id":"https:\/\/www.fiarebancaetica.coop\/ca\/identitat\/historia\/","url":"https:\/\/www.fiarebancaetica.coop\/ca\/identitat\/historia\/","name":"Fiare Banca Etica: Una hist\u00f2ria d'hist\u00f2ries","isPartOf":{"@id":"https:\/\/www.fiarebancaetica.coop\/ca\/#website"},"datePublished":"2023-11-28T07:49:19+00:00","dateModified":"2024-04-17T11:26:15+00:00","breadcrumb":{"@id":"https:\/\/www.fiarebancaetica.coop\/ca\/identitat\/historia\/#breadcrumb"},"inLanguage":"ca","potentialAction":[{"@type":"ReadAction","target":["https:\/\/www.fiarebancaetica.coop\/ca\/identitat\/historia\/"]}]},{"@type":"BreadcrumbList","@id":"https:\/\/www.fiarebancaetica.coop\/ca\/identitat\/historia\/#breadcrumb","itemListElement":[{"@type":"ListItem","position":1,"name":"Home","item":"https:\/\/www.fiarebancaetica.coop\/ca\/"},{"@type":"ListItem","position":2,"name":"Identitat","item":"https:\/\/www.fiarebancaetica.coop\/ca\/identitat\/"},{"@type":"ListItem","position":3,"name":"Historia"}]},{"@type":"WebSite","@id":"https:\/\/www.fiarebancaetica.coop\/ca\/#website","url":"https:\/\/www.fiarebancaetica.coop\/ca\/","name":"Fiare Banca Etica","description":"","potentialAction":[{"@type":"SearchAction","target":{"@type":"EntryPoint","urlTemplate":"https:\/\/www.fiarebancaetica.coop\/ca\/?s={search_term_string}"},"query-input":{"@type":"PropertyValueSpecification","valueRequired":true,"valueName":"search_term_string"}}],"inLanguage":"ca"}]}},"_links":{"self":[{"href":"https:\/\/www.fiarebancaetica.coop\/ca\/wp-json\/wp\/v2\/pages\/314654","targetHints":{"allow":["GET"]}}],"collection":[{"href":"https:\/\/www.fiarebancaetica.coop\/ca\/wp-json\/wp\/v2\/pages"}],"about":[{"href":"https:\/\/www.fiarebancaetica.coop\/ca\/wp-json\/wp\/v2\/types\/page"}],"author":[{"embeddable":true,"href":"https:\/\/www.fiarebancaetica.coop\/ca\/wp-json\/wp\/v2\/users\/6693"}],"replies":[{"embeddable":true,"href":"https:\/\/www.fiarebancaetica.coop\/ca\/wp-json\/wp\/v2\/comments?post=314654"}],"version-history":[{"count":5,"href":"https:\/\/www.fiarebancaetica.coop\/ca\/wp-json\/wp\/v2\/pages\/314654\/revisions"}],"predecessor-version":[{"id":373524,"href":"https:\/\/www.fiarebancaetica.coop\/ca\/wp-json\/wp\/v2\/pages\/314654\/revisions\/373524"}],"up":[{"embeddable":true,"href":"https:\/\/www.fiarebancaetica.coop\/ca\/wp-json\/wp\/v2\/pages\/314820"}],"wp:attachment":[{"href":"https:\/\/www.fiarebancaetica.coop\/ca\/wp-json\/wp\/v2\/media?parent=314654"}],"wp:term":[{"taxonomy":"author","embeddable":true,"href":"https:\/\/www.fiarebancaetica.coop\/ca\/wp-json\/wp\/v2\/coauthors?post=314654"}],"curies":[{"name":"wp","href":"https:\/\/api.w.org\/{rel}","templated":true}]}}