{"id":314669,"date":"2023-11-28T08:43:32","date_gmt":"2023-11-28T07:43:32","guid":{"rendered":"https:\/\/www.fiarebancaetica.coop\/?page_id=314669"},"modified":"2024-12-05T11:00:21","modified_gmt":"2024-12-05T10:00:21","slug":"perfil-institucional","status":"publish","type":"page","link":"https:\/\/www.fiarebancaetica.coop\/ca\/identitat\/perfil-institucional\/","title":{"rendered":"Perfil institucional"},"content":{"rendered":"\n<div class=\"wrapper-crispybacon-class wrapper-crispybacon-class-medium \">\n    \n\n<h1 class=\"wp-block-heading is-style-lyon\" id=\"block-17425543-db59-4d43-bca5-7a1d73817668\"><span style=\"background-color:rgba(0, 0, 0, 0)\" class=\"has-inline-color has-blue-color\">Perfil institucional<\/span><br>Som diferents, tamb\u00e9 organitzant-nos<\/h1>\n\n\n\n<p>Som un banc a mans de persones i organitzacions. Persones que creuen en el cooperativisme, en els models de governan\u00e7a democr\u00e0tica i en els objectius socials de la banca. Persones amb principis que formen part activa dels nostres \u00f2rgans de govern.<\/p>\n\n\n\n<hr class=\"wp-block-separator has-css-opacity\"\/>\n\n\n<\/div>\n\n\n<div class=\"wrapper-crispybacon-class wrapper-crispybacon-class-medium \">\n    \n\n<div class=\"wp-block-columns is-layout-flex wp-container-core-columns-is-layout-9d6595d7 wp-block-columns-is-layout-flex\">\n<div class=\"wp-block-column is-layout-flow wp-block-column-is-layout-flow\" style=\"flex-basis:50%\">\n<p style=\"font-size:21px\"><sub>Constitu\u00eft en forma de societat cooperativa per accions, operem en el territori espanyol i itali\u00e0 amb l\u2019objectiu de fomentar la cooperaci\u00f3 i la solidaritat.<br>L\u2019<strong><a href=\"http:\/\/www.fiarebancaetica.coop\/app\/uploads\/sites\/2\/2024\/12\/BE-Statuto-ESP-dicembre24-v01.pdf\">Estatut<\/a><\/strong>, m\u00e9s enll\u00e0 de ser conforme a la llei, presenta algunes peculiaritats que marquen l\u2019especificitat de Fiare Banca Etica des dels seus inicis.<br>La<strong> participaci\u00f3, \u00e0mplia i potent, dels socis i les s\u00f2cies<\/strong> en el capital social del banc i els processos de decisi\u00f3 democr\u00e0tics han contribu\u00eft a desenvolupar <strong>una estructura organitzativa original<\/strong> que es concreta amb la integraci\u00f3 a l\u2019estructura associativa (cinc \u00e0rees territorials) i l\u2019estructura operativa (filials, t\u00e8cnics de desenvolupament territorial i la seu central).<\/sub><\/p>\n<\/div>\n\n\n\n<div class=\"wp-block-column is-layout-flow wp-block-column-is-layout-flow\" style=\"flex-basis:50%\">\n<figure class=\"wp-block-image size-large\"><img loading=\"lazy\" decoding=\"async\" width=\"1024\" height=\"576\" src=\"http:\/\/www.fiarebancaetica.coop\/app\/uploads\/sites\/2\/2023\/11\/VISUALES_TODOS_socio-1024x576.png\" alt=\"\" class=\"wp-image-314743\" srcset=\"https:\/\/www.fiarebancaetica.coop\/app\/uploads\/sites\/2\/2023\/11\/VISUALES_TODOS_socio-1024x576.png 1024w, https:\/\/www.fiarebancaetica.coop\/app\/uploads\/sites\/2\/2023\/11\/VISUALES_TODOS_socio-300x169.png 300w, https:\/\/www.fiarebancaetica.coop\/app\/uploads\/sites\/2\/2023\/11\/VISUALES_TODOS_socio-768x432.png 768w, https:\/\/www.fiarebancaetica.coop\/app\/uploads\/sites\/2\/2023\/11\/VISUALES_TODOS_socio-1536x864.png 1536w, https:\/\/www.fiarebancaetica.coop\/app\/uploads\/sites\/2\/2023\/11\/VISUALES_TODOS_socio-640x360.png 640w, https:\/\/www.fiarebancaetica.coop\/app\/uploads\/sites\/2\/2023\/11\/VISUALES_TODOS_socio-400x225.png 400w, https:\/\/www.fiarebancaetica.coop\/app\/uploads\/sites\/2\/2023\/11\/VISUALES_TODOS_socio.png 1920w\" sizes=\"auto, (max-width: 1024px) 100vw, 1024px\" \/><\/figure>\n<\/div>\n<\/div>\n\n\n<\/div>\n\n\n<div class=\"wp-block-columns is-layout-flex wp-container-core-columns-is-layout-9d6595d7 wp-block-columns-is-layout-flex\">\n<div class=\"wp-block-column is-layout-flow wp-block-column-is-layout-flow\" style=\"flex-basis:100%\">\n<div class=\"wrapper-crispybacon-class wrapper-crispybacon-class-medium \">\n    \n\n<h4 class=\"wp-block-heading\">\u00d2rgans obligatoris <\/h4>\n\n\n\n<p><\/p>\n\n\n<\/div>\n\n\n<div class=\"wp-block-bancaetica-blocks-blocks-block-22 crispybacon-block-22\"><div class=\"crispybacon-block-22-header\"><div><h3>Assemblea de socis i s\u00f2cies<\/h3><\/div><button><i class=\"icon-down\"><\/i><\/button><\/div><div class=\"crispybacon-block-22-body\">\n<p>L&#8217;Assemblea \u00e9s l&#8217;\u00f2rgan suprem de Banca Etica. A l&#8217;<a href=\"https:\/\/www.fiarebancaetica.coop\/ca\/assemblea-de-persones-socies\/\" target=\"_blank\" rel=\"noreferrer noopener\">Assemblea<\/a> hi poden participar tots els socis i les s\u00f2cies amb una antiguitat m\u00ednima de noranta dies. I cada persona s\u00f2cia t\u00e9 dret a un vot, amb independ\u00e8ncia del nombre d&#8217;accions que posseeixi. A Banca Etica regeix el principi d'&#8221;una persona, un vot&#8221;.<\/p>\n<\/div><\/div>\n\n\n\n<div class=\"wp-block-bancaetica-blocks-blocks-block-22 crispybacon-block-22\"><div class=\"crispybacon-block-22-header\"><div><h3>Consell d&#8217;Administraci\u00f3<\/h3><\/div><button><i class=\"icon-down\"><\/i><\/button><\/div><div class=\"crispybacon-block-22-body\">\n<p>El Consell d&#8217;Administraci\u00f3, triat entre els socis de Banca Etica, \u00e9s l&#8217;\u00f2rgan col\u00b7legial que gestiona l&#8217;activitat social del banc, \u00e9s a dir, la realitzaci\u00f3 de tots els actes encaminats a la consecuci\u00f3 de l&#8217;objecte social. A m\u00e9s a m\u00e9s, exerceix la direcci\u00f3 i la coordinaci\u00f3 de les societats del Grup. El Consell pot nomenar m\u00e9s d&#8217;un vicepresident, i el seu Comit\u00e8 Executiu est\u00e0 compost per cinc consellers, per\u00f2 ni el president ni el vicepresident hi poden participar, perqu\u00e8 no poden ser executius.<\/p>\n\n\n\n<p>Per garantir el car\u00e0cter peculiar de Banca Etica, els estatuts estableixen que els candidats no nom\u00e9s han d&#8217;ostentar els requisits previstos per al llei (professionalitat, respectabilitat i independ\u00e8ncia), sin\u00f3 tamb\u00e9 satisfer certs requisits socials. Els candidats han de recon\u00e8ixer i tenir experi\u00e8ncia en almenys un dels camps d&#8217;intervenci\u00f3 del banc (tercer sector, economia social i solid\u00e0ria, cooperaci\u00f3 social i internacional, finances \u00e8tiques, medi ambient i fonts d&#8217;energies renovables). Igualment, aqu\u00ed nom\u00e9s poden ser candidates els socis i les s\u00f2cies de Banca Etica amb una antiguitat m\u00ednima de 90 dies.<\/p>\n<\/div><\/div>\n\n\n\n<div class=\"wp-block-bancaetica-blocks-blocks-block-22 crispybacon-block-22\"><div class=\"crispybacon-block-22-header\"><div><h3>Junta de revisi\u00f3<\/h3><\/div><button><i class=\"icon-down\"><\/i><\/button><\/div><div class=\"crispybacon-block-22-body\">\n<p>Triada per l&#8217;Assemblea de Socis i S\u00f2cies, la Junta de Revisi\u00f3 vetlla per l&#8217;administraci\u00f3 correcta de la societat i el compliment dels acords socials, vincles legals, estatutaris i reglamentaris.<\/p>\n<\/div><\/div>\n\n\n\n<div class=\"wp-block-bancaetica-blocks-blocks-block-22 crispybacon-block-22\"><div class=\"crispybacon-block-22-header\"><div><h3>Organisme de Vigil\u00e0ncia<\/h3><\/div><button><i class=\"icon-down\"><\/i><\/button><\/div><div class=\"crispybacon-block-22-body\">\n<p>Supervisa l&#8217;aplicaci\u00f3 del Codi \u00e8tic i la conformitat amb el decret legislatiu itali\u00e0 n\u00fam. 231\/01.<\/p>\n\n\n\n<p>Pel que fa al Codi \u00e8tic, l&#8217;OdV s&#8217;encarrega de:<\/p>\n\n\n\n<p>\u2022 promoure iniciatives encaminades a donar a con\u00e8ixer, fomentar i aplicar el Codi \u00e8tic;<br>\u2022 vigilar el compliment i el respecte del Codi \u00e8tic mitjan\u00e7ant el sistema de control del banc i els sistemes espec\u00edfics de senyalitzaci\u00f3;<\/p>\n\n\n\n<p>\u2022 proposar al Consell d&#8217;Administraci\u00f3, pr\u00e8via consulta amb el Comit\u00e8 \u00c8tic, sancions en cas de violacions greus del Codi \u00e8tic;<\/p>\n\n\n\n<p>\u2022 supervisar el funcionament i adequaci\u00f3 del Codi \u00e8tic;<\/p>\n\n\n\n<p>\u2022 proposar a l&#8217;Assemblea de Socis i S\u00f2cies, despr\u00e9s d&#8217;haver escoltat l&#8217;opini\u00f3 del Consell d&#8217;Administraci\u00f3 i el Comit\u00e8 \u00e8tic, la possible adaptaci\u00f3;<\/p>\n\n\n\n<p>\u2022 informar peri\u00f2dicament el Consell d&#8217;Administraci\u00f3 i el Comit\u00e8 \u00c8tic sobre l&#8217;estat de l&#8217;aplicaci\u00f3 del Codi \u00e8tic;<\/p>\n\n\n\n<p>\u2022 pel que fa al Decret legislatiu n\u00fam. 231\/01, l&#8217;OdV verificar l&#8217;aplicaci\u00f3 i el compliment del model de gesti\u00f3 i control encaminat a pervenir els delictes previstos per aquest decret.Per correu electr\u00f2nic: <a href=\"mailto:organismodivigilanza@bancaetica.com\">organismodivigilanza@bancaetica.com<\/a><\/p>\n<\/div><\/div>\n\n\n\n<div class=\"wp-block-bancaetica-blocks-blocks-block-22 crispybacon-block-22\"><div class=\"crispybacon-block-22-header\"><div><h3>Comit\u00e8 d&#8217;Arbitratge<\/h3><\/div><button><i class=\"icon-down\"><\/i><\/button><\/div><div class=\"crispybacon-block-22-body\">\n<p>El Comit\u00e8 d&#8217;Arbitratge \u00e9s elegit per l&#8217;Assemblea de Socis i S\u00f2cies de Banca Etica i est\u00e0 integrat per tres membres titulars i dos suplents.<\/p>\n\n\n\n<p>La seva funci\u00f3 consisteix a pronunciar-se sobre les controv\u00e8rsies que hi pugui haver entre el banc i les persones s\u00f2cies o entre elles, en relaci\u00f3 amb la interpretaci\u00f3 o aplicaci\u00f3 dels Estatuts o qualsevol altra decisi\u00f3 dels \u00f2rgans del banc sobre relacions socials.<\/p>\n\n\n\n<p>Les persones elegides romanen en el c\u00e0rrec tres anys i poden ser reelegides. El mandat expira en la data de l&#8217;Assemblea General del tercer any de mandat.<\/p>\n\n\n\n<p>El Comit\u00e8 d&#8217;Arbitratge actual va ser elegit el 14 de maig de 2022 i est\u00e0 compost per:<\/p>\n\n\n\n<p>Alberto Hoch \u2013 President<\/p>\n\n\n\n<p>Stella Amato Maria<\/p>\n\n\n\n<p>Miguel Salinas<\/p>\n\n\n\n<p>Suplents:<\/p>\n\n\n\n<p>Lucio Turra<\/p>\n\n\n\n<p>Tatjana Cinquino<\/p>\n\n\n\n<p>Per saber-ne m\u00e9s: <a href=\"http:\/\/www.fiarebancaetica.coop\/app\/uploads\/sites\/2\/2024\/01\/reglamento-codigo-deontologico-23-1.pdf\" target=\"_blank\" rel=\"noreferrer noopener\">Reglament del Comit\u00e8 d&#8217;Arbitratge de Banca Etica.<\/a><\/p>\n\n\n\n<p>Per contactar amb el Comit\u00e8 d&#8217;Arbitratge escriure a: <a href=\"mailto:probiviri@bancaetica.org\">probiviri@bancaetica.org<\/a>.<\/p>\n<\/div><\/div>\n\n\n\n<div class=\"wp-block-bancaetica-blocks-blocks-block-22 crispybacon-block-22\"><div class=\"crispybacon-block-22-header\"><div><h3>Comit\u00e8 de les Parts Vinculades<\/h3><\/div><button><i class=\"icon-down\"><\/i><\/button><\/div><div class=\"crispybacon-block-22-body\">\n<p>El Comit\u00e8 de les Parts Vinculades \u00e9s una instituci\u00f3 al si de Banca Etica que presideix les dilig\u00e8ncies amb les parts vinculades, en compliment del Reglament de gesti\u00f3 d&#8217;operacions.<\/p>\n<\/div><\/div>\n\n\n\n<div class=\"wp-block-bancaetica-blocks-blocks-block-22 crispybacon-block-22\"><div class=\"crispybacon-block-22-header\"><div><h3>Direcci\u00f3<\/h3><\/div><button><i class=\"icon-down\"><\/i><\/button><\/div><div class=\"crispybacon-block-22-body\">\n<p>A la Direcci\u00f3 se li encomana l&#8217;execuci\u00f3 dels acords socials i la supervisi\u00f3 del funcionament del banc. El director general tamb\u00e9 \u00e9s el responsable del personal.<\/p>\n<\/div><\/div>\n\n\n\n<div class=\"wrapper-crispybacon-class wrapper-crispybacon-class-medium \">\n    \n\n<h4 class=\"wp-block-heading\">Organismes voluntaris<\/h4>\n\n\n\n<p><\/p>\n\n\n<\/div>\n\n\n<div class=\"wp-block-bancaetica-blocks-blocks-block-22 crispybacon-block-22\"><div class=\"crispybacon-block-22-header\"><div><h3>Comit\u00e8 \u00c8tic<\/h3><\/div><button><i class=\"icon-down\"><\/i><\/button><\/div><div class=\"crispybacon-block-22-body\">\n<p>El Comit\u00e8 \u00c8tic (<a href=\"http:\/\/www.fiarebancaetica.coop\/app\/uploads\/sites\/2\/2024\/01\/Regolamento-Comitato-Etico_DEF_SPA.pdf\" target=\"_blank\" rel=\"noreferrer noopener\">Reglament<\/a>), elegit per l&#8217;Assemblea de Socis i S\u00f2cies, exerceix una funci\u00f3 consultiva i propositiva. Vetlla pel compliment dels estatuts i el Codi \u00e8tic i pel respecte dels principis expressats a l&#8217;entorn sociocultural en qu\u00e8 opera la banca. Com a desenvolupament del seu paper d&#8217;orientaci\u00f3 i guia, el Comit\u00e8 exerceix un paper clau quan el banc es troba en la necessitat d&#8217;opinar sobre decisions de car\u00e0cter pol\u00edtic i social que poden afectar els pr\u00e9stecs atorgats.<\/p>\n\n\n\n<p><strong><strong>El Comit\u00e8 est\u00e0 compost per:<\/strong><\/strong><\/p>\n\n\n\n<p>Martina Morano Pignatti \u2013 Presidenta<\/p>\n\n\n\n<p>Gabriele Bollini<\/p>\n\n\n\n<p>Francesca Feruglio<\/p>\n\n\n\n<p>Francisco Javier Mart\u00ednez Contreras<\/p>\n\n\n\n<p>Antonio Loffredo<\/p>\n\n\n\n<p>Maria Francesca De Tullio<\/p>\n\n\n\n<p>Piero D\u2019Argento<\/p>\n\n\n\n<p>Adre\u00e7a de contacte: <a href=\"mailto:segreteria.generale@bancaetica.com\">segreteria.generale@bancaetica.com<\/a><\/p>\n<\/div><\/div>\n\n\n\n<div class=\"wp-block-bancaetica-blocks-blocks-block-22 crispybacon-block-22\"><div class=\"crispybacon-block-22-header\"><div><h3>Organitzaci\u00f3 territorial dels socis i les s\u00f2cies<\/h3><\/div><button><i class=\"icon-down\"><\/i><\/button><\/div><div class=\"crispybacon-block-22-body\">\n<p>Per facilitar que les persones es facin s\u00f2cies de Banca Etica, hem desenvolupat una organitzaci\u00f3 basada en una dimensi\u00f3 local (la Circumscripci\u00f3 i el Grup d&#8217;Iniciativa Territorial &#8211; GIT), una dimensi\u00f3 d&#8217;\u00c0rea (la Coordinaci\u00f3 d&#8217;\u00c0rea i el F\u00f2rum d&#8217;\u00c0rea) i una dimensi\u00f3 d&#8217;enlla\u00e7 entre les diferents \u00e0rees (Interf\u00f2rum).<\/p>\n\n\n\n<p>\u2022 F\u00f2rum d&#8217;\u00c0rea<\/p>\n\n\n\n<p>\u2022 &nbsp;<a href=\"https:\/\/www.fiarebancaetica.coop\/personas-socias\/organizacion-territorial-de-las-personas-socias\"><\/a><a href=\"https:\/\/www.fiarebancaetica.coop\/ca\/persones-socies\/organitzacio-territorial-de-les-persones-socies\" target=\"_blank\" rel=\"noreferrer noopener\">Circumscripcions i Grups d&#8217;Iniciativa Territorial (GIT)<\/a><\/p>\n\n\n\n<p>\u2022 <a href=\"https:\/\/www.fiarebancaetica.coop\/sites\/fiarebancaetica.com\/files\/documenti\/pacto-asociativo-2021.pdf\"><\/a><a href=\"http:\/\/www.fiarebancaetica.coop\/app\/uploads\/sites\/2\/2024\/01\/pacto-asociativo-2021.pdf\" target=\"_blank\" rel=\"noreferrer noopener\">Pacte associatiu<\/a><\/p>\n<\/div><\/div>\n\n\n\n<p><\/p>\n<\/div>\n<\/div>\n\n\n\n<div style=\"height:20px\" aria-hidden=\"true\" class=\"wp-block-spacer\"><\/div>\n\n\n\n<div style=\"height:100px\" aria-hidden=\"true\" class=\"wp-block-spacer\"><\/div>\n","protected":false},"excerpt":{"rendered":"","protected":false},"author":6693,"featured_media":0,"parent":314820,"menu_order":0,"comment_status":"closed","ping_status":"closed","template":"","meta":{"_acf_changed":false,"footnotes":""},"coauthors":[10743],"class_list":["post-314669","page","type-page","status-publish","hentry","crispybacon-hidden-page-title"],"acf":[],"yoast_head":"<!-- This site is optimized with the Yoast SEO plugin v26.9 - https:\/\/yoast.com\/product\/yoast-seo-wordpress\/ -->\n<title>Fiare Banca Etica - Perfil institucional: \u00d2rgans obligatoris, Organismes voluntaris<\/title>\n<meta name=\"robots\" content=\"index, follow, max-snippet:-1, max-image-preview:large, max-video-preview:-1\" \/>\n<link rel=\"canonical\" href=\"https:\/\/www.fiarebancaetica.coop\/ca\/identitat\/perfil-institucional\/\" \/>\n<meta property=\"og:locale\" content=\"ca_ES\" \/>\n<meta property=\"og:type\" content=\"article\" \/>\n<meta property=\"og:title\" content=\"Fiare Banca Etica - Perfil institucional: \u00d2rgans obligatoris, Organismes voluntaris\" \/>\n<meta property=\"og:url\" content=\"https:\/\/www.fiarebancaetica.coop\/ca\/identitat\/perfil-institucional\/\" \/>\n<meta property=\"og:site_name\" content=\"Fiare Banca Etica\" \/>\n<meta property=\"article:modified_time\" content=\"2024-12-05T10:00:21+00:00\" \/>\n<meta property=\"og:image\" content=\"http:\/\/www.fiarebancaetica.coop\/app\/uploads\/sites\/2\/2023\/11\/VISUALES_TODOS_socio-1024x576.png\" \/>\n<meta name=\"twitter:card\" content=\"summary_large_image\" \/>\n<script type=\"application\/ld+json\" class=\"yoast-schema-graph\">{\"@context\":\"https:\/\/schema.org\",\"@graph\":[{\"@type\":\"WebPage\",\"@id\":\"https:\/\/www.fiarebancaetica.coop\/ca\/identitat\/perfil-institucional\/\",\"url\":\"https:\/\/www.fiarebancaetica.coop\/ca\/identitat\/perfil-institucional\/\",\"name\":\"Fiare Banca Etica - Perfil institucional: \u00d2rgans obligatoris, Organismes voluntaris\",\"isPartOf\":{\"@id\":\"https:\/\/www.fiarebancaetica.coop\/ca\/#website\"},\"primaryImageOfPage\":{\"@id\":\"https:\/\/www.fiarebancaetica.coop\/ca\/identitat\/perfil-institucional\/#primaryimage\"},\"image\":{\"@id\":\"https:\/\/www.fiarebancaetica.coop\/ca\/identitat\/perfil-institucional\/#primaryimage\"},\"thumbnailUrl\":\"http:\/\/www.fiarebancaetica.coop\/app\/uploads\/sites\/2\/2023\/11\/VISUALES_TODOS_socio-1024x576.png\",\"datePublished\":\"2023-11-28T07:43:32+00:00\",\"dateModified\":\"2024-12-05T10:00:21+00:00\",\"breadcrumb\":{\"@id\":\"https:\/\/www.fiarebancaetica.coop\/ca\/identitat\/perfil-institucional\/#breadcrumb\"},\"inLanguage\":\"ca\",\"potentialAction\":[{\"@type\":\"ReadAction\",\"target\":[\"https:\/\/www.fiarebancaetica.coop\/ca\/identitat\/perfil-institucional\/\"]}]},{\"@type\":\"ImageObject\",\"inLanguage\":\"ca\",\"@id\":\"https:\/\/www.fiarebancaetica.coop\/ca\/identitat\/perfil-institucional\/#primaryimage\",\"url\":\"http:\/\/www.fiarebancaetica.coop\/app\/uploads\/sites\/2\/2023\/11\/VISUALES_TODOS_socio-1024x576.png\",\"contentUrl\":\"http:\/\/www.fiarebancaetica.coop\/app\/uploads\/sites\/2\/2023\/11\/VISUALES_TODOS_socio-1024x576.png\"},{\"@type\":\"BreadcrumbList\",\"@id\":\"https:\/\/www.fiarebancaetica.coop\/ca\/identitat\/perfil-institucional\/#breadcrumb\",\"itemListElement\":[{\"@type\":\"ListItem\",\"position\":1,\"name\":\"Home\",\"item\":\"https:\/\/www.fiarebancaetica.coop\/ca\/\"},{\"@type\":\"ListItem\",\"position\":2,\"name\":\"Identitat\",\"item\":\"https:\/\/www.fiarebancaetica.coop\/ca\/identitat\/\"},{\"@type\":\"ListItem\",\"position\":3,\"name\":\"Perfil institucional\"}]},{\"@type\":\"WebSite\",\"@id\":\"https:\/\/www.fiarebancaetica.coop\/ca\/#website\",\"url\":\"https:\/\/www.fiarebancaetica.coop\/ca\/\",\"name\":\"Fiare Banca Etica\",\"description\":\"\",\"potentialAction\":[{\"@type\":\"SearchAction\",\"target\":{\"@type\":\"EntryPoint\",\"urlTemplate\":\"https:\/\/www.fiarebancaetica.coop\/ca\/?s={search_term_string}\"},\"query-input\":{\"@type\":\"PropertyValueSpecification\",\"valueRequired\":true,\"valueName\":\"search_term_string\"}}],\"inLanguage\":\"ca\"}]}<\/script>\n<!-- \/ Yoast SEO plugin. -->","yoast_head_json":{"title":"Fiare Banca Etica - Perfil institucional: \u00d2rgans obligatoris, Organismes voluntaris","robots":{"index":"index","follow":"follow","max-snippet":"max-snippet:-1","max-image-preview":"max-image-preview:large","max-video-preview":"max-video-preview:-1"},"canonical":"https:\/\/www.fiarebancaetica.coop\/ca\/identitat\/perfil-institucional\/","og_locale":"ca_ES","og_type":"article","og_title":"Fiare Banca Etica - Perfil institucional: \u00d2rgans obligatoris, Organismes voluntaris","og_url":"https:\/\/www.fiarebancaetica.coop\/ca\/identitat\/perfil-institucional\/","og_site_name":"Fiare Banca Etica","article_modified_time":"2024-12-05T10:00:21+00:00","og_image":[{"url":"http:\/\/www.fiarebancaetica.coop\/app\/uploads\/sites\/2\/2023\/11\/VISUALES_TODOS_socio-1024x576.png","type":"","width":"","height":""}],"twitter_card":"summary_large_image","schema":{"@context":"https:\/\/schema.org","@graph":[{"@type":"WebPage","@id":"https:\/\/www.fiarebancaetica.coop\/ca\/identitat\/perfil-institucional\/","url":"https:\/\/www.fiarebancaetica.coop\/ca\/identitat\/perfil-institucional\/","name":"Fiare Banca Etica - Perfil institucional: \u00d2rgans obligatoris, Organismes voluntaris","isPartOf":{"@id":"https:\/\/www.fiarebancaetica.coop\/ca\/#website"},"primaryImageOfPage":{"@id":"https:\/\/www.fiarebancaetica.coop\/ca\/identitat\/perfil-institucional\/#primaryimage"},"image":{"@id":"https:\/\/www.fiarebancaetica.coop\/ca\/identitat\/perfil-institucional\/#primaryimage"},"thumbnailUrl":"http:\/\/www.fiarebancaetica.coop\/app\/uploads\/sites\/2\/2023\/11\/VISUALES_TODOS_socio-1024x576.png","datePublished":"2023-11-28T07:43:32+00:00","dateModified":"2024-12-05T10:00:21+00:00","breadcrumb":{"@id":"https:\/\/www.fiarebancaetica.coop\/ca\/identitat\/perfil-institucional\/#breadcrumb"},"inLanguage":"ca","potentialAction":[{"@type":"ReadAction","target":["https:\/\/www.fiarebancaetica.coop\/ca\/identitat\/perfil-institucional\/"]}]},{"@type":"ImageObject","inLanguage":"ca","@id":"https:\/\/www.fiarebancaetica.coop\/ca\/identitat\/perfil-institucional\/#primaryimage","url":"http:\/\/www.fiarebancaetica.coop\/app\/uploads\/sites\/2\/2023\/11\/VISUALES_TODOS_socio-1024x576.png","contentUrl":"http:\/\/www.fiarebancaetica.coop\/app\/uploads\/sites\/2\/2023\/11\/VISUALES_TODOS_socio-1024x576.png"},{"@type":"BreadcrumbList","@id":"https:\/\/www.fiarebancaetica.coop\/ca\/identitat\/perfil-institucional\/#breadcrumb","itemListElement":[{"@type":"ListItem","position":1,"name":"Home","item":"https:\/\/www.fiarebancaetica.coop\/ca\/"},{"@type":"ListItem","position":2,"name":"Identitat","item":"https:\/\/www.fiarebancaetica.coop\/ca\/identitat\/"},{"@type":"ListItem","position":3,"name":"Perfil institucional"}]},{"@type":"WebSite","@id":"https:\/\/www.fiarebancaetica.coop\/ca\/#website","url":"https:\/\/www.fiarebancaetica.coop\/ca\/","name":"Fiare Banca Etica","description":"","potentialAction":[{"@type":"SearchAction","target":{"@type":"EntryPoint","urlTemplate":"https:\/\/www.fiarebancaetica.coop\/ca\/?s={search_term_string}"},"query-input":{"@type":"PropertyValueSpecification","valueRequired":true,"valueName":"search_term_string"}}],"inLanguage":"ca"}]}},"_links":{"self":[{"href":"https:\/\/www.fiarebancaetica.coop\/ca\/wp-json\/wp\/v2\/pages\/314669","targetHints":{"allow":["GET"]}}],"collection":[{"href":"https:\/\/www.fiarebancaetica.coop\/ca\/wp-json\/wp\/v2\/pages"}],"about":[{"href":"https:\/\/www.fiarebancaetica.coop\/ca\/wp-json\/wp\/v2\/types\/page"}],"author":[{"embeddable":true,"href":"https:\/\/www.fiarebancaetica.coop\/ca\/wp-json\/wp\/v2\/users\/6693"}],"replies":[{"embeddable":true,"href":"https:\/\/www.fiarebancaetica.coop\/ca\/wp-json\/wp\/v2\/comments?post=314669"}],"version-history":[{"count":16,"href":"https:\/\/www.fiarebancaetica.coop\/ca\/wp-json\/wp\/v2\/pages\/314669\/revisions"}],"predecessor-version":[{"id":381245,"href":"https:\/\/www.fiarebancaetica.coop\/ca\/wp-json\/wp\/v2\/pages\/314669\/revisions\/381245"}],"up":[{"embeddable":true,"href":"https:\/\/www.fiarebancaetica.coop\/ca\/wp-json\/wp\/v2\/pages\/314820"}],"wp:attachment":[{"href":"https:\/\/www.fiarebancaetica.coop\/ca\/wp-json\/wp\/v2\/media?parent=314669"}],"wp:term":[{"taxonomy":"author","embeddable":true,"href":"https:\/\/www.fiarebancaetica.coop\/ca\/wp-json\/wp\/v2\/coauthors?post=314669"}],"curies":[{"name":"wp","href":"https:\/\/api.w.org\/{rel}","templated":true}]}}