{"id":314820,"date":"2023-11-27T15:43:25","date_gmt":"2023-11-27T14:43:25","guid":{"rendered":"https:\/\/www.fiarebancaetica.coop\/?page_id=314820"},"modified":"2024-04-17T13:31:17","modified_gmt":"2024-04-17T11:31:17","slug":"identitat","status":"publish","type":"page","link":"https:\/\/www.fiarebancaetica.coop\/ca\/identitat\/","title":{"rendered":"Identitat"},"content":{"rendered":"\n<div class=\"wrapper-crispybacon-class wrapper-crispybacon-class-medium \">\n    \n\n<h1 class=\"is-style-lyon wp-block-heading\"><span class=\"has-inline-color has-blue-color\">Identitat<\/span><br>Som persones, un banc de persones<\/h1>\n\n\n\n<p>Persones normals i corrents que creuen que el valor social dels diners hauria de ser l&#8217;aut\u00e8ntic valor dels diners, persones amb uns principis \u00e8tics als quals no estem disposats a renunciar. Principis com la just\u00edcia social, la sostenibilitat del planeta, el cooperativisme, la transpar\u00e8ncia o la pau. Si comparteixes els nostres principis, uneix-te a nosaltres. Perqu\u00e8 els teus diners tamb\u00e9 tenen principis.<\/p>\n\n\n\n<p><strong>Fiare Banca Etica<\/strong> neix de la uni\u00f3 de&nbsp; <a href=\"https:\/\/www.bancaetica.it\/\" target=\"_blank\" rel=\"noreferrer noopener\"><strong>Banca Popolare Etica<\/strong><\/a>, que treballa a It\u00e0lia des del 1999, i <strong>Fiare<\/strong>, que ho fa a Espanya des del 2005. I el nostre objectiu \u00e9s convertir-nos en <strong>eina \u00fatil al servei de la transformaci\u00f3 social a trav\u00e9s del finan\u00e7ament<\/strong> de projectes del tercer sector, l&#8217;economia social i solid\u00e0ria, i la promoci\u00f3 d&#8217;una cultura amb els principis de la transpar\u00e8ncia, la participaci\u00f3 i la democr\u00e0cia.<\/p>\n\n\n<\/div>\n\n\n<div style=\"height:45px\" aria-hidden=\"true\" class=\"wp-block-spacer\"><\/div>\n\n\n\n<div class=\"wrapper-crispybacon-class wrapper-crispybacon-class-medium \">\n    \n\n<div class=\"wp-block-columns is-layout-flex wp-container-core-columns-is-layout-9d6595d7 wp-block-columns-is-layout-flex\">\n<div class=\"wp-block-column is-vertically-aligned-center is-layout-flow wp-block-column-is-layout-flow\">\n<div class=\"wp-block-image\"><figure class=\"aligncenter size-large\"><img loading=\"lazy\" decoding=\"async\" width=\"1024\" height=\"576\" src=\"http:\/\/www.fiarebancaetica.coop\/app\/uploads\/sites\/2\/2023\/11\/VISUALES_TODOS_eticasocias-1024x576.png\" alt=\"\" class=\"wp-image-314677\" srcset=\"https:\/\/www.fiarebancaetica.coop\/app\/uploads\/sites\/2\/2023\/11\/VISUALES_TODOS_eticasocias-1024x576.png 1024w, https:\/\/www.fiarebancaetica.coop\/app\/uploads\/sites\/2\/2023\/11\/VISUALES_TODOS_eticasocias-300x169.png 300w, https:\/\/www.fiarebancaetica.coop\/app\/uploads\/sites\/2\/2023\/11\/VISUALES_TODOS_eticasocias-768x432.png 768w, https:\/\/www.fiarebancaetica.coop\/app\/uploads\/sites\/2\/2023\/11\/VISUALES_TODOS_eticasocias-1536x864.png 1536w, https:\/\/www.fiarebancaetica.coop\/app\/uploads\/sites\/2\/2023\/11\/VISUALES_TODOS_eticasocias-640x360.png 640w, https:\/\/www.fiarebancaetica.coop\/app\/uploads\/sites\/2\/2023\/11\/VISUALES_TODOS_eticasocias-400x225.png 400w, https:\/\/www.fiarebancaetica.coop\/app\/uploads\/sites\/2\/2023\/11\/VISUALES_TODOS_eticasocias.png 1920w\" sizes=\"auto, (max-width: 1024px) 100vw, 1024px\" \/><\/figure><\/div>\n\n\n\n<p><\/p>\n<\/div>\n\n\n\n<div class=\"wp-block-column is-layout-flow wp-block-column-is-layout-flow\">\n<div class=\"wp-block-columns is-layout-flex wp-container-core-columns-is-layout-9d6595d7 wp-block-columns-is-layout-flex\">\n<div class=\"wp-block-column is-layout-flow wp-block-column-is-layout-flow\" style=\"flex-basis:100%\">\n<div class=\"wrapper-crispybacon-class wrapper-crispybacon-class-wide \">\n    \n\n<h2 class=\"is-style-lyon wp-block-heading\"><span class=\"has-inline-color has-blue-color\">Els nostres socis i s\u00f2cies<\/span><\/h2>\n\n\n\n<p>Som un banc cooperatiu de refer\u00e8ncia a Europa amb <a href=\"https:\/\/www.fiarebancaetica.coop\/ca\/associat\/\" target=\"_blank\" rel=\"noreferrer noopener\">m\u00e9s de 46.000 socis i s\u00f2cies entre It\u00e0lia i Espanya<\/a>, organitzats en cinc \u00e0rees geogr\u00e0fiques amb diferents \u00f2rgans de participaci\u00f3. El principi d&#8217;<strong>&#8220;una persona, un vot&#8221;<\/strong> garanteix la nostra gesti\u00f3 democr\u00e0tica i el nostre comprom\u00eds \u00e8tic.<\/p>\n\n\n<\/div><\/div>\n<\/div>\n<\/div>\n<\/div>\n\n\n\n<hr class=\"wp-block-separator\"\/>\n\n\n\n<div class=\"wp-block-columns is-layout-flex wp-container-core-columns-is-layout-9d6595d7 wp-block-columns-is-layout-flex\">\n<div class=\"wp-block-column is-layout-flow wp-block-column-is-layout-flow\">\n<div class=\"wrapper-crispybacon-class wrapper-crispybacon-class-wide \">\n    \n\n<h2 class=\"is-style-lyon wp-block-heading\"><span class=\"has-inline-color has-blue-color\">El nostre impacte<\/span><\/h2>\n\n\n\n<p>El nostre objectiu \u00e9s recuperar el valor social dels diners.&nbsp; Per aix\u00f2, <strong>els dip\u00f2sits d&#8217;estalvi<\/strong> de les persones i les organitzacions <strong>serveixen per finan\u00e7ar <\/strong><a href=\"https:\/\/www.fiarebancaetica.coop\/ca\/identitat\/politica-de-credit\/\" target=\"_blank\" rel=\"noreferrer noopener\">projectes vinculats <\/a>&nbsp;a la inserci\u00f3 social i laboral de les persones, l&#8217;agroecologia, l&#8217;efici\u00e8ncia energ\u00e8tica, l&#8217;educaci\u00f3 i la cultura i el comer\u00e7 just, entre d&#8217;altres.<\/p>\n\n\n<\/div><\/div>\n\n\n\n<div class=\"wp-block-column is-vertically-aligned-center is-layout-flow wp-block-column-is-layout-flow\">\n<figure class=\"wp-block-image size-large\"><img loading=\"lazy\" decoding=\"async\" width=\"1024\" height=\"576\" src=\"http:\/\/www.fiarebancaetica.coop\/app\/uploads\/sites\/2\/2023\/11\/VISUALES_TODOS_mision-1024x576.png\" alt=\"\" class=\"wp-image-314684\" srcset=\"https:\/\/www.fiarebancaetica.coop\/app\/uploads\/sites\/2\/2023\/11\/VISUALES_TODOS_mision-1024x576.png 1024w, https:\/\/www.fiarebancaetica.coop\/app\/uploads\/sites\/2\/2023\/11\/VISUALES_TODOS_mision-300x169.png 300w, https:\/\/www.fiarebancaetica.coop\/app\/uploads\/sites\/2\/2023\/11\/VISUALES_TODOS_mision-768x432.png 768w, https:\/\/www.fiarebancaetica.coop\/app\/uploads\/sites\/2\/2023\/11\/VISUALES_TODOS_mision-1536x864.png 1536w, https:\/\/www.fiarebancaetica.coop\/app\/uploads\/sites\/2\/2023\/11\/VISUALES_TODOS_mision-640x360.png 640w, https:\/\/www.fiarebancaetica.coop\/app\/uploads\/sites\/2\/2023\/11\/VISUALES_TODOS_mision-400x225.png 400w, https:\/\/www.fiarebancaetica.coop\/app\/uploads\/sites\/2\/2023\/11\/VISUALES_TODOS_mision.png 1920w\" sizes=\"auto, (max-width: 1024px) 100vw, 1024px\" \/><\/figure>\n<\/div>\n<\/div>\n\n\n\n<hr class=\"wp-block-separator is-style-default\"\/>\n\n\n\n<div class=\"wp-block-columns is-layout-flex wp-container-core-columns-is-layout-9d6595d7 wp-block-columns-is-layout-flex\">\n<div class=\"wp-block-column is-vertically-aligned-center is-layout-flow wp-block-column-is-layout-flow\">\n<div class=\"wp-block-image\"><figure class=\"aligncenter size-large\"><img loading=\"lazy\" decoding=\"async\" width=\"1024\" height=\"576\" src=\"http:\/\/www.fiarebancaetica.coop\/app\/uploads\/sites\/2\/2023\/11\/VISUALES_TODOS_proyectos-1024x576.png\" alt=\"\" class=\"wp-image-314717\" srcset=\"https:\/\/www.fiarebancaetica.coop\/app\/uploads\/sites\/2\/2023\/11\/VISUALES_TODOS_proyectos-1024x576.png 1024w, https:\/\/www.fiarebancaetica.coop\/app\/uploads\/sites\/2\/2023\/11\/VISUALES_TODOS_proyectos-300x169.png 300w, https:\/\/www.fiarebancaetica.coop\/app\/uploads\/sites\/2\/2023\/11\/VISUALES_TODOS_proyectos-768x432.png 768w, https:\/\/www.fiarebancaetica.coop\/app\/uploads\/sites\/2\/2023\/11\/VISUALES_TODOS_proyectos-1536x864.png 1536w, https:\/\/www.fiarebancaetica.coop\/app\/uploads\/sites\/2\/2023\/11\/VISUALES_TODOS_proyectos-640x360.png 640w, https:\/\/www.fiarebancaetica.coop\/app\/uploads\/sites\/2\/2023\/11\/VISUALES_TODOS_proyectos-400x225.png 400w, https:\/\/www.fiarebancaetica.coop\/app\/uploads\/sites\/2\/2023\/11\/VISUALES_TODOS_proyectos.png 1920w\" sizes=\"auto, (max-width: 1024px) 100vw, 1024px\" \/><\/figure><\/div>\n\n\n\n<p><\/p>\n<\/div>\n\n\n\n<div class=\"wp-block-column is-layout-flow wp-block-column-is-layout-flow\">\n<div class=\"wrapper-crispybacon-class wrapper-crispybacon-class-wide \">\n    \n\n<h2 class=\"is-style-lyon wp-block-heading\"><span class=\"has-inline-color has-blue-color\">La nostra transpar\u00e8ncia<\/span><\/h2>\n\n\n\n<p>La transpar\u00e8ncia \u00e9s el nostre pilar fonamental i implica el coneixement d&#8217;on s&#8217;inverteixen els diners. Els <a href=\"https:\/\/www.fiarebancaetica.coop\/ca\/conmidinero\/\" target=\"_blank\" rel=\"noreferrer noopener\">projectes finan\u00e7ats<\/a>, \u2063a m\u00e9s de ser sotmesos a una atenta avaluaci\u00f3 econ\u00f2mica, social i ambiental, tamb\u00e9 constitueixen el nostre capital de confian\u00e7a.<\/p>\n\n\n<\/div><\/div>\n<\/div>\n\n\n\n<hr class=\"wp-block-separator is-style-default\"\/>\n\n\n\n<div class=\"wp-block-columns is-layout-flex wp-container-core-columns-is-layout-9d6595d7 wp-block-columns-is-layout-flex\">\n<div class=\"wp-block-column is-layout-flow wp-block-column-is-layout-flow\">\n<div class=\"wrapper-crispybacon-class wrapper-crispybacon-class-wide \">\n    \n\n<h2 class=\"is-style-lyon wp-block-heading\"><span class=\"has-inline-color has-blue-color\">Les nostres dades<\/span><span class=\"has-inline-color has-blue-color\"><\/span><\/h2>\n\n\n\n<p>Descobreix les dades m\u00e9s rellevants sobre l&#8217;evoluci\u00f3 del banc -capital social, persones i entitats s\u00f2cies, captaci\u00f3 i pr\u00e9stecs concedits&#8230;- al nostre <a href=\"https:\/\/balancesocial.fiarebancaetica.coop\/\" target=\"_blank\" rel=\"noreferrer noopener\">balan\u00e7 social<\/a>.<\/p>\n\n\n<\/div><\/div>\n\n\n\n<div class=\"wp-block-column is-layout-flow wp-block-column-is-layout-flow\">\n<figure class=\"wp-block-image size-large\"><img loading=\"lazy\" decoding=\"async\" width=\"1024\" height=\"576\" src=\"http:\/\/www.fiarebancaetica.coop\/app\/uploads\/sites\/2\/2023\/11\/VISUALES_TODOS_paraiso-1024x576.png\" alt=\"\" class=\"wp-image-314723\" srcset=\"https:\/\/www.fiarebancaetica.coop\/app\/uploads\/sites\/2\/2023\/11\/VISUALES_TODOS_paraiso-1024x576.png 1024w, https:\/\/www.fiarebancaetica.coop\/app\/uploads\/sites\/2\/2023\/11\/VISUALES_TODOS_paraiso-300x169.png 300w, https:\/\/www.fiarebancaetica.coop\/app\/uploads\/sites\/2\/2023\/11\/VISUALES_TODOS_paraiso-768x432.png 768w, https:\/\/www.fiarebancaetica.coop\/app\/uploads\/sites\/2\/2023\/11\/VISUALES_TODOS_paraiso-1536x864.png 1536w, https:\/\/www.fiarebancaetica.coop\/app\/uploads\/sites\/2\/2023\/11\/VISUALES_TODOS_paraiso-640x360.png 640w, https:\/\/www.fiarebancaetica.coop\/app\/uploads\/sites\/2\/2023\/11\/VISUALES_TODOS_paraiso-400x225.png 400w, https:\/\/www.fiarebancaetica.coop\/app\/uploads\/sites\/2\/2023\/11\/VISUALES_TODOS_paraiso.png 1920w\" sizes=\"auto, (max-width: 1024px) 100vw, 1024px\" \/><\/figure>\n<\/div>\n<\/div>\n\n\n<\/div>","protected":false},"excerpt":{"rendered":"","protected":false},"author":6693,"featured_media":0,"parent":0,"menu_order":0,"comment_status":"closed","ping_status":"closed","template":"","meta":{"_acf_changed":false,"footnotes":""},"coauthors":[10743],"class_list":["post-314820","page","type-page","status-publish","hentry","crispybacon-hidden-page-title"],"acf":[],"yoast_head":"<!-- This site is optimized with the Yoast SEO plugin v26.9 - https:\/\/yoast.com\/product\/yoast-seo-wordpress\/ -->\n<title>Fiare Banca Etica - Identitat: impacte, transpar\u00e8ncia, n\u00fameros<\/title>\n<meta name=\"robots\" content=\"index, follow, max-snippet:-1, max-image-preview:large, max-video-preview:-1\" \/>\n<link rel=\"canonical\" href=\"https:\/\/www.fiarebancaetica.coop\/ca\/identitat\/\" \/>\n<meta property=\"og:locale\" content=\"ca_ES\" \/>\n<meta property=\"og:type\" content=\"article\" \/>\n<meta property=\"og:title\" content=\"Fiare Banca Etica - Identitat: impacte, transpar\u00e8ncia, n\u00fameros\" \/>\n<meta property=\"og:url\" content=\"https:\/\/www.fiarebancaetica.coop\/ca\/identitat\/\" \/>\n<meta property=\"og:site_name\" content=\"Fiare Banca Etica\" \/>\n<meta property=\"article:modified_time\" content=\"2024-04-17T11:31:17+00:00\" \/>\n<meta property=\"og:image\" content=\"http:\/\/www.fiarebancaetica.coop\/app\/uploads\/sites\/2\/2023\/11\/VISUALES_TODOS_eticasocias-1024x576.png\" \/>\n<meta name=\"twitter:card\" content=\"summary_large_image\" \/>\n<script type=\"application\/ld+json\" class=\"yoast-schema-graph\">{\"@context\":\"https:\/\/schema.org\",\"@graph\":[{\"@type\":\"WebPage\",\"@id\":\"https:\/\/www.fiarebancaetica.coop\/ca\/identitat\/\",\"url\":\"https:\/\/www.fiarebancaetica.coop\/ca\/identitat\/\",\"name\":\"Fiare Banca Etica - Identitat: impacte, transpar\u00e8ncia, n\u00fameros\",\"isPartOf\":{\"@id\":\"https:\/\/www.fiarebancaetica.coop\/ca\/#website\"},\"primaryImageOfPage\":{\"@id\":\"https:\/\/www.fiarebancaetica.coop\/ca\/identitat\/#primaryimage\"},\"image\":{\"@id\":\"https:\/\/www.fiarebancaetica.coop\/ca\/identitat\/#primaryimage\"},\"thumbnailUrl\":\"http:\/\/www.fiarebancaetica.coop\/app\/uploads\/sites\/2\/2023\/11\/VISUALES_TODOS_eticasocias-1024x576.png\",\"datePublished\":\"2023-11-27T14:43:25+00:00\",\"dateModified\":\"2024-04-17T11:31:17+00:00\",\"breadcrumb\":{\"@id\":\"https:\/\/www.fiarebancaetica.coop\/ca\/identitat\/#breadcrumb\"},\"inLanguage\":\"ca\",\"potentialAction\":[{\"@type\":\"ReadAction\",\"target\":[\"https:\/\/www.fiarebancaetica.coop\/ca\/identitat\/\"]}]},{\"@type\":\"ImageObject\",\"inLanguage\":\"ca\",\"@id\":\"https:\/\/www.fiarebancaetica.coop\/ca\/identitat\/#primaryimage\",\"url\":\"http:\/\/www.fiarebancaetica.coop\/app\/uploads\/sites\/2\/2023\/11\/VISUALES_TODOS_eticasocias-1024x576.png\",\"contentUrl\":\"http:\/\/www.fiarebancaetica.coop\/app\/uploads\/sites\/2\/2023\/11\/VISUALES_TODOS_eticasocias-1024x576.png\"},{\"@type\":\"BreadcrumbList\",\"@id\":\"https:\/\/www.fiarebancaetica.coop\/ca\/identitat\/#breadcrumb\",\"itemListElement\":[{\"@type\":\"ListItem\",\"position\":1,\"name\":\"Home\",\"item\":\"https:\/\/www.fiarebancaetica.coop\/ca\/\"},{\"@type\":\"ListItem\",\"position\":2,\"name\":\"Identitat\"}]},{\"@type\":\"WebSite\",\"@id\":\"https:\/\/www.fiarebancaetica.coop\/ca\/#website\",\"url\":\"https:\/\/www.fiarebancaetica.coop\/ca\/\",\"name\":\"Fiare Banca Etica\",\"description\":\"\",\"potentialAction\":[{\"@type\":\"SearchAction\",\"target\":{\"@type\":\"EntryPoint\",\"urlTemplate\":\"https:\/\/www.fiarebancaetica.coop\/ca\/?s={search_term_string}\"},\"query-input\":{\"@type\":\"PropertyValueSpecification\",\"valueRequired\":true,\"valueName\":\"search_term_string\"}}],\"inLanguage\":\"ca\"}]}<\/script>\n<!-- \/ Yoast SEO plugin. -->","yoast_head_json":{"title":"Fiare Banca Etica - Identitat: impacte, transpar\u00e8ncia, n\u00fameros","robots":{"index":"index","follow":"follow","max-snippet":"max-snippet:-1","max-image-preview":"max-image-preview:large","max-video-preview":"max-video-preview:-1"},"canonical":"https:\/\/www.fiarebancaetica.coop\/ca\/identitat\/","og_locale":"ca_ES","og_type":"article","og_title":"Fiare Banca Etica - Identitat: impacte, transpar\u00e8ncia, n\u00fameros","og_url":"https:\/\/www.fiarebancaetica.coop\/ca\/identitat\/","og_site_name":"Fiare Banca Etica","article_modified_time":"2024-04-17T11:31:17+00:00","og_image":[{"url":"http:\/\/www.fiarebancaetica.coop\/app\/uploads\/sites\/2\/2023\/11\/VISUALES_TODOS_eticasocias-1024x576.png","type":"","width":"","height":""}],"twitter_card":"summary_large_image","schema":{"@context":"https:\/\/schema.org","@graph":[{"@type":"WebPage","@id":"https:\/\/www.fiarebancaetica.coop\/ca\/identitat\/","url":"https:\/\/www.fiarebancaetica.coop\/ca\/identitat\/","name":"Fiare Banca Etica - Identitat: impacte, transpar\u00e8ncia, n\u00fameros","isPartOf":{"@id":"https:\/\/www.fiarebancaetica.coop\/ca\/#website"},"primaryImageOfPage":{"@id":"https:\/\/www.fiarebancaetica.coop\/ca\/identitat\/#primaryimage"},"image":{"@id":"https:\/\/www.fiarebancaetica.coop\/ca\/identitat\/#primaryimage"},"thumbnailUrl":"http:\/\/www.fiarebancaetica.coop\/app\/uploads\/sites\/2\/2023\/11\/VISUALES_TODOS_eticasocias-1024x576.png","datePublished":"2023-11-27T14:43:25+00:00","dateModified":"2024-04-17T11:31:17+00:00","breadcrumb":{"@id":"https:\/\/www.fiarebancaetica.coop\/ca\/identitat\/#breadcrumb"},"inLanguage":"ca","potentialAction":[{"@type":"ReadAction","target":["https:\/\/www.fiarebancaetica.coop\/ca\/identitat\/"]}]},{"@type":"ImageObject","inLanguage":"ca","@id":"https:\/\/www.fiarebancaetica.coop\/ca\/identitat\/#primaryimage","url":"http:\/\/www.fiarebancaetica.coop\/app\/uploads\/sites\/2\/2023\/11\/VISUALES_TODOS_eticasocias-1024x576.png","contentUrl":"http:\/\/www.fiarebancaetica.coop\/app\/uploads\/sites\/2\/2023\/11\/VISUALES_TODOS_eticasocias-1024x576.png"},{"@type":"BreadcrumbList","@id":"https:\/\/www.fiarebancaetica.coop\/ca\/identitat\/#breadcrumb","itemListElement":[{"@type":"ListItem","position":1,"name":"Home","item":"https:\/\/www.fiarebancaetica.coop\/ca\/"},{"@type":"ListItem","position":2,"name":"Identitat"}]},{"@type":"WebSite","@id":"https:\/\/www.fiarebancaetica.coop\/ca\/#website","url":"https:\/\/www.fiarebancaetica.coop\/ca\/","name":"Fiare Banca Etica","description":"","potentialAction":[{"@type":"SearchAction","target":{"@type":"EntryPoint","urlTemplate":"https:\/\/www.fiarebancaetica.coop\/ca\/?s={search_term_string}"},"query-input":{"@type":"PropertyValueSpecification","valueRequired":true,"valueName":"search_term_string"}}],"inLanguage":"ca"}]}},"_links":{"self":[{"href":"https:\/\/www.fiarebancaetica.coop\/ca\/wp-json\/wp\/v2\/pages\/314820","targetHints":{"allow":["GET"]}}],"collection":[{"href":"https:\/\/www.fiarebancaetica.coop\/ca\/wp-json\/wp\/v2\/pages"}],"about":[{"href":"https:\/\/www.fiarebancaetica.coop\/ca\/wp-json\/wp\/v2\/types\/page"}],"author":[{"embeddable":true,"href":"https:\/\/www.fiarebancaetica.coop\/ca\/wp-json\/wp\/v2\/users\/6693"}],"replies":[{"embeddable":true,"href":"https:\/\/www.fiarebancaetica.coop\/ca\/wp-json\/wp\/v2\/comments?post=314820"}],"version-history":[{"count":12,"href":"https:\/\/www.fiarebancaetica.coop\/ca\/wp-json\/wp\/v2\/pages\/314820\/revisions"}],"predecessor-version":[{"id":373534,"href":"https:\/\/www.fiarebancaetica.coop\/ca\/wp-json\/wp\/v2\/pages\/314820\/revisions\/373534"}],"wp:attachment":[{"href":"https:\/\/www.fiarebancaetica.coop\/ca\/wp-json\/wp\/v2\/media?parent=314820"}],"wp:term":[{"taxonomy":"author","embeddable":true,"href":"https:\/\/www.fiarebancaetica.coop\/ca\/wp-json\/wp\/v2\/coauthors?post=314820"}],"curies":[{"name":"wp","href":"https:\/\/api.w.org\/{rel}","templated":true}]}}