{"id":314832,"date":"2023-11-28T09:05:00","date_gmt":"2023-11-28T08:05:00","guid":{"rendered":"https:\/\/www.fiarebancaetica.coop\/?page_id=314832"},"modified":"2024-02-20T16:38:54","modified_gmt":"2024-02-20T15:38:54","slug":"internacional","status":"publish","type":"page","link":"https:\/\/www.fiarebancaetica.coop\/ca\/identitat\/internacional\/","title":{"rendered":"Internacional"},"content":{"rendered":"\n<div class=\"wrapper-crispybacon-class wrapper-crispybacon-class-medium \">\n    \n\n<h1 class=\"is-style-lyon wp-block-heading\"><span class=\"has-inline-color has-blue-color\">Internacional<\/span><br>No estem sols<\/h1>\n\n\n\n<p>No ens conformem amb ajudar la nostra gent, la nostra comunitat, el nostre pa\u00eds. La just\u00edcia social, les oportunitats o la sostenibilitat s\u00f3n principis \u00e8tics que marquen el cam\u00ed a moltes altres entitats financeres d&#8217;arreu del m\u00f3n. Juntes ho podem aconseguir.<\/p>\n\n\n\n<p>Fiare Banca Etica ha desenvolupat relacions amb instituts i organitzacions de diversos pa\u00efsos que comparteixen el comprom\u00eds per a la construcci\u00f3 d&#8217;unes finances \u00e8tiques i una economia solid\u00e0ria al servei del desenvolupament hum\u00e0, social i ambiental sostenible. Som una entitat s\u00f2cia de la Federaci\u00f3 Europea de Bancs \u00c8tics i Alternatius, i col\u00b7laborem amb la<a href=\"http:\/\/www.gabv.org\/\"><strong> Global Alliance for Banking on Values<\/strong><\/a>.<\/p>\n\n\n<\/div>\n\n\n<div class=\"wrapper-crispybacon-class wrapper-crispybacon-class-wide \">\n    \n\n<div class=\"wp-block-bancaetica-blocks-blocks-block-16\"><div class=\"container-block\"><div class=\"content\"><h2 class=\"section-title\">FEBEA<\/h2><h5 class=\"sub-title\"><\/h5><p class=\"section-content\">FEBEA (Federaci\u00f3 Europea de Bancs \u00c8tics i Alternatius) \u00e9s una organitzaci\u00f3 belga sense finalitat de lucre constitu\u00efda l&#8217;any 2011 per Banca Etica juntament amb Cr\u00e9dit Coop\u00e9ratif i Caisse Solidaire du Nord-Pas-de-Calais (Fran\u00e7a), Cr\u00e9dal i Hefboom (B\u00e8lgica) i TISE (Pol\u00f2nia) per al desenvolupament de les finances \u00e8tiques i justes a Europa. Avui agrupa 9 bancs, 6 cooperatives financeres, 5 societats d&#8217;inversi\u00f3 i 3 fundacions.<br>\u00c9s un lloc d&#8217;intercanvi d&#8217;experi\u00e8ncies i bones pr\u00e0ctiques. Per\u00f2, sobretot, crea els instruments financers de suport per a les institucions existents i que estan naixent en el camp de les finances alternatives. Disposa de tres instruments principals: el fons de garantia &#8220;Garantie Solidaire&#8221;, el fons d&#8217;inversi\u00f3 &#8220;Choix Solidaire&#8221; (gestionats ambd\u00f3s per Cr\u00e9dit Coop\u00e9ratif) i la societat financera SEFEA.<br><\/p><\/div><div class=\"two-columns\"><div class=\"col image-block\"><img decoding=\"async\" src=\"http:\/\/www.fiarebancaetica.coop\/app\/uploads\/sites\/2\/2023\/11\/febea.png\" alt=\"\" \/><\/div><div class=\"icon icon-frontend\"><a href=\"https:\/\/febea.org\/\" id=\"url-cat\" target=\"_blank\" rel=\"noopener\"><i class=\"icon-circle-next\"><\/i><\/a><\/div><\/div><\/div><\/div>\n\n\n\n<div class=\"wp-block-bancaetica-blocks-blocks-block-16\"><div class=\"container-block\"><div class=\"content\"><h2 class=\"section-title\">Global Alliance for Banking on Values<\/h2><h5 class=\"sub-title\"><\/h5><p class=\"section-content\">La Global Alliance for Banking on Values (GABV) \u00e9s una xarxa independent composta per bancs que operen arreu del m\u00f3n i que s&#8217;inspira en els principis de les finances \u00e8tiques.<br>Va n\u00e9ixer l&#8217;any 2009 i disposa de 19 bancs adherits que funcionen a 24 pa\u00efsos.<br>La GABV es proposa com una alternativa cre\u00efble a l&#8217;actual sistema financer, que ha provocat la crisi que estem vivint. Cada banc adherit a la GABV \u00e9s \u00fanic, per\u00f2 tots comparteixen el comprom\u00eds d&#8217;utilitzar els diners dipositats pels estalviadors en benefici de les persones i del medi ambient. Les decisions empresarials es prenen, en primer lloc, per donar resposta a les necessitats humanes essencials i, despr\u00e9s, valorant com satisfer aquestes exig\u00e8ncies de manera financerament sostenible.<br>Els bancs que formen part de la GABV s\u00f3n: Affinity Credit Union (Canad\u00e0), Alternative Bank Shweitz AG (Su\u00efssa), Assiniboine Credit Union (Canad\u00e0), Banca Popolare Etica (It\u00e0lia i Espanya), Banco Sol (Bol\u00edvia), Bankmecu Responsible Banking (Austr\u00e0lia), Brac Bank (Bangladesh), Cultura Bank (Noruega), First Green Bank (Estats Units), Gls Bank (Alemanya).<\/p><\/div><div class=\"two-columns\"><div class=\"col image-block\"><img decoding=\"async\" src=\"http:\/\/www.fiarebancaetica.coop\/app\/uploads\/sites\/2\/2023\/11\/global-alliance.png\" alt=\"\" \/><\/div><div class=\"icon icon-frontend\"><a href=\"https:\/\/www.gabv.org\/\" id=\"url-cat\" target=\"_blank\" rel=\"noopener\"><i class=\"icon-circle-next\"><\/i><\/a><\/div><\/div><\/div><\/div>\n\n\n<\/div>\n\n\n<div style=\"height:20px\" aria-hidden=\"true\" class=\"wp-block-spacer\"><\/div>\n\n\n\n<div style=\"height:100px\" aria-hidden=\"true\" class=\"wp-block-spacer\"><\/div>\n","protected":false},"excerpt":{"rendered":"","protected":false},"author":6693,"featured_media":0,"parent":314820,"menu_order":0,"comment_status":"closed","ping_status":"closed","template":"","meta":{"_acf_changed":false,"footnotes":""},"coauthors":[10743],"class_list":["post-314832","page","type-page","status-publish","hentry","crispybacon-hidden-page-title"],"acf":[],"yoast_head":"<!-- This site is optimized with the Yoast SEO plugin v26.9 - https:\/\/yoast.com\/product\/yoast-seo-wordpress\/ -->\n<title>Internacional - Fiare Banca Etica<\/title>\n<meta name=\"robots\" content=\"index, follow, max-snippet:-1, max-image-preview:large, max-video-preview:-1\" \/>\n<link rel=\"canonical\" href=\"https:\/\/www.fiarebancaetica.coop\/ca\/identitat\/internacional\/\" \/>\n<meta property=\"og:locale\" content=\"ca_ES\" \/>\n<meta property=\"og:type\" content=\"article\" \/>\n<meta property=\"og:title\" content=\"Internacional - Fiare Banca Etica\" \/>\n<meta property=\"og:url\" content=\"https:\/\/www.fiarebancaetica.coop\/ca\/identitat\/internacional\/\" \/>\n<meta property=\"og:site_name\" content=\"Fiare Banca Etica\" \/>\n<meta property=\"article:modified_time\" content=\"2024-02-20T15:38:54+00:00\" \/>\n<meta property=\"og:image\" content=\"http:\/\/www.fiarebancaetica.coop\/app\/uploads\/sites\/2\/2023\/11\/febea.png\" \/>\n<meta name=\"twitter:card\" content=\"summary_large_image\" \/>\n<script type=\"application\/ld+json\" class=\"yoast-schema-graph\">{\"@context\":\"https:\/\/schema.org\",\"@graph\":[{\"@type\":\"WebPage\",\"@id\":\"https:\/\/www.fiarebancaetica.coop\/ca\/identitat\/internacional\/\",\"url\":\"https:\/\/www.fiarebancaetica.coop\/ca\/identitat\/internacional\/\",\"name\":\"Internacional - Fiare Banca Etica\",\"isPartOf\":{\"@id\":\"https:\/\/www.fiarebancaetica.coop\/ca\/#website\"},\"primaryImageOfPage\":{\"@id\":\"https:\/\/www.fiarebancaetica.coop\/ca\/identitat\/internacional\/#primaryimage\"},\"image\":{\"@id\":\"https:\/\/www.fiarebancaetica.coop\/ca\/identitat\/internacional\/#primaryimage\"},\"thumbnailUrl\":\"http:\/\/www.fiarebancaetica.coop\/app\/uploads\/sites\/2\/2023\/11\/febea.png\",\"datePublished\":\"2023-11-28T08:05:00+00:00\",\"dateModified\":\"2024-02-20T15:38:54+00:00\",\"breadcrumb\":{\"@id\":\"https:\/\/www.fiarebancaetica.coop\/ca\/identitat\/internacional\/#breadcrumb\"},\"inLanguage\":\"ca\",\"potentialAction\":[{\"@type\":\"ReadAction\",\"target\":[\"https:\/\/www.fiarebancaetica.coop\/ca\/identitat\/internacional\/\"]}]},{\"@type\":\"ImageObject\",\"inLanguage\":\"ca\",\"@id\":\"https:\/\/www.fiarebancaetica.coop\/ca\/identitat\/internacional\/#primaryimage\",\"url\":\"http:\/\/www.fiarebancaetica.coop\/app\/uploads\/sites\/2\/2023\/11\/febea.png\",\"contentUrl\":\"http:\/\/www.fiarebancaetica.coop\/app\/uploads\/sites\/2\/2023\/11\/febea.png\"},{\"@type\":\"BreadcrumbList\",\"@id\":\"https:\/\/www.fiarebancaetica.coop\/ca\/identitat\/internacional\/#breadcrumb\",\"itemListElement\":[{\"@type\":\"ListItem\",\"position\":1,\"name\":\"Home\",\"item\":\"https:\/\/www.fiarebancaetica.coop\/ca\/\"},{\"@type\":\"ListItem\",\"position\":2,\"name\":\"Identitat\",\"item\":\"https:\/\/www.fiarebancaetica.coop\/ca\/identitat\/\"},{\"@type\":\"ListItem\",\"position\":3,\"name\":\"Internacional\"}]},{\"@type\":\"WebSite\",\"@id\":\"https:\/\/www.fiarebancaetica.coop\/ca\/#website\",\"url\":\"https:\/\/www.fiarebancaetica.coop\/ca\/\",\"name\":\"Fiare Banca Etica\",\"description\":\"\",\"potentialAction\":[{\"@type\":\"SearchAction\",\"target\":{\"@type\":\"EntryPoint\",\"urlTemplate\":\"https:\/\/www.fiarebancaetica.coop\/ca\/?s={search_term_string}\"},\"query-input\":{\"@type\":\"PropertyValueSpecification\",\"valueRequired\":true,\"valueName\":\"search_term_string\"}}],\"inLanguage\":\"ca\"}]}<\/script>\n<!-- \/ Yoast SEO plugin. -->","yoast_head_json":{"title":"Internacional - Fiare Banca Etica","robots":{"index":"index","follow":"follow","max-snippet":"max-snippet:-1","max-image-preview":"max-image-preview:large","max-video-preview":"max-video-preview:-1"},"canonical":"https:\/\/www.fiarebancaetica.coop\/ca\/identitat\/internacional\/","og_locale":"ca_ES","og_type":"article","og_title":"Internacional - Fiare Banca Etica","og_url":"https:\/\/www.fiarebancaetica.coop\/ca\/identitat\/internacional\/","og_site_name":"Fiare Banca Etica","article_modified_time":"2024-02-20T15:38:54+00:00","og_image":[{"url":"http:\/\/www.fiarebancaetica.coop\/app\/uploads\/sites\/2\/2023\/11\/febea.png","type":"","width":"","height":""}],"twitter_card":"summary_large_image","schema":{"@context":"https:\/\/schema.org","@graph":[{"@type":"WebPage","@id":"https:\/\/www.fiarebancaetica.coop\/ca\/identitat\/internacional\/","url":"https:\/\/www.fiarebancaetica.coop\/ca\/identitat\/internacional\/","name":"Internacional - Fiare Banca Etica","isPartOf":{"@id":"https:\/\/www.fiarebancaetica.coop\/ca\/#website"},"primaryImageOfPage":{"@id":"https:\/\/www.fiarebancaetica.coop\/ca\/identitat\/internacional\/#primaryimage"},"image":{"@id":"https:\/\/www.fiarebancaetica.coop\/ca\/identitat\/internacional\/#primaryimage"},"thumbnailUrl":"http:\/\/www.fiarebancaetica.coop\/app\/uploads\/sites\/2\/2023\/11\/febea.png","datePublished":"2023-11-28T08:05:00+00:00","dateModified":"2024-02-20T15:38:54+00:00","breadcrumb":{"@id":"https:\/\/www.fiarebancaetica.coop\/ca\/identitat\/internacional\/#breadcrumb"},"inLanguage":"ca","potentialAction":[{"@type":"ReadAction","target":["https:\/\/www.fiarebancaetica.coop\/ca\/identitat\/internacional\/"]}]},{"@type":"ImageObject","inLanguage":"ca","@id":"https:\/\/www.fiarebancaetica.coop\/ca\/identitat\/internacional\/#primaryimage","url":"http:\/\/www.fiarebancaetica.coop\/app\/uploads\/sites\/2\/2023\/11\/febea.png","contentUrl":"http:\/\/www.fiarebancaetica.coop\/app\/uploads\/sites\/2\/2023\/11\/febea.png"},{"@type":"BreadcrumbList","@id":"https:\/\/www.fiarebancaetica.coop\/ca\/identitat\/internacional\/#breadcrumb","itemListElement":[{"@type":"ListItem","position":1,"name":"Home","item":"https:\/\/www.fiarebancaetica.coop\/ca\/"},{"@type":"ListItem","position":2,"name":"Identitat","item":"https:\/\/www.fiarebancaetica.coop\/ca\/identitat\/"},{"@type":"ListItem","position":3,"name":"Internacional"}]},{"@type":"WebSite","@id":"https:\/\/www.fiarebancaetica.coop\/ca\/#website","url":"https:\/\/www.fiarebancaetica.coop\/ca\/","name":"Fiare Banca Etica","description":"","potentialAction":[{"@type":"SearchAction","target":{"@type":"EntryPoint","urlTemplate":"https:\/\/www.fiarebancaetica.coop\/ca\/?s={search_term_string}"},"query-input":{"@type":"PropertyValueSpecification","valueRequired":true,"valueName":"search_term_string"}}],"inLanguage":"ca"}]}},"_links":{"self":[{"href":"https:\/\/www.fiarebancaetica.coop\/ca\/wp-json\/wp\/v2\/pages\/314832","targetHints":{"allow":["GET"]}}],"collection":[{"href":"https:\/\/www.fiarebancaetica.coop\/ca\/wp-json\/wp\/v2\/pages"}],"about":[{"href":"https:\/\/www.fiarebancaetica.coop\/ca\/wp-json\/wp\/v2\/types\/page"}],"author":[{"embeddable":true,"href":"https:\/\/www.fiarebancaetica.coop\/ca\/wp-json\/wp\/v2\/users\/6693"}],"replies":[{"embeddable":true,"href":"https:\/\/www.fiarebancaetica.coop\/ca\/wp-json\/wp\/v2\/comments?post=314832"}],"version-history":[{"count":5,"href":"https:\/\/www.fiarebancaetica.coop\/ca\/wp-json\/wp\/v2\/pages\/314832\/revisions"}],"predecessor-version":[{"id":369915,"href":"https:\/\/www.fiarebancaetica.coop\/ca\/wp-json\/wp\/v2\/pages\/314832\/revisions\/369915"}],"up":[{"embeddable":true,"href":"https:\/\/www.fiarebancaetica.coop\/ca\/wp-json\/wp\/v2\/pages\/314820"}],"wp:attachment":[{"href":"https:\/\/www.fiarebancaetica.coop\/ca\/wp-json\/wp\/v2\/media?parent=314832"}],"wp:term":[{"taxonomy":"author","embeddable":true,"href":"https:\/\/www.fiarebancaetica.coop\/ca\/wp-json\/wp\/v2\/coauthors?post=314832"}],"curies":[{"name":"wp","href":"https:\/\/api.w.org\/{rel}","templated":true}]}}