{"id":314856,"date":"2023-11-28T09:16:32","date_gmt":"2023-11-28T08:16:32","guid":{"rendered":"https:\/\/www.fiarebancaetica.coop\/?page_id=314856"},"modified":"2024-02-20T16:38:50","modified_gmt":"2024-02-20T15:38:50","slug":"responsabilitat-social","status":"publish","type":"page","link":"https:\/\/www.fiarebancaetica.coop\/ca\/identitat\/responsabilitat-social\/","title":{"rendered":"Responsabilitat social"},"content":{"rendered":"\n<div class=\"wrapper-crispybacon-class wrapper-crispybacon-class-medium \">\n    \n\n<h1 class=\"has-text-align-left is-style-lyon wp-block-heading\"><span class=\"has-inline-color has-blue-color\">Responsabilitat social<\/span><br>Quan el capital \u00e9s social, la responsabilitat ha de ser m\u00e9s social que mai<\/h1>\n\n\n\n<p>Per aix\u00f2, la nostra responsabilitat va m\u00e9s enll\u00e0 de gestionar b\u00e9 el capital dels socis i les s\u00f2cies. Tenim la responsabilitat de contribuir a un m\u00f3n millor, m\u00e9s just i igualitari, m\u00e9s sostenible.&nbsp; Una aut\u00e8ntica responsabilitat social.<\/p>\n\n\n\n<hr class=\"wp-block-separator\" \/>\n\n\n\n<h3 class=\"wp-block-heading\"><span class=\"has-inline-color has-blue-color\">El Codi \u00e8tic<\/span><\/h3>\n\n\n\n<p>El Codi \u00e8tic \u00e9s un contracte social amb les persones implicades a Banca Etica. Defineix l&#8217;\u00e8tica amb la qual tira endavant el banc, i estableix criteris d&#8217;igualtat i just\u00edcia, valors de refer\u00e8ncia, principis generals i pautes que el banc adopta en les seves relacions amb els interessats.&nbsp;<\/p>\n\n\n\n<p>Inspirats en l&#8217;Estatut, el Manifest de les finances \u00e8tiques i el Manifest de Banca Etica, els valors s&#8217;identifiquen i enuncien de manera clara i precisa:<\/p>\n\n\n\n<ul class=\"wp-block-list\"><li>centralitat de la persona, com a vincle fonamental de l&#8217;acci\u00f3 de Banca Etica, que reconeix, respecta i tutela la persona;<\/li><li>igualtat, que es concreta en una repartici\u00f3 justa de la riquesa i els recursos;<\/li><li>responsabilitat, com a atenci\u00f3 constant a les conseq\u00fc\u00e8ncies no econ\u00f2miques de les accions econ\u00f2miques, \u00e9s a dir, a les repercussions socials i mediambientals de l&#8217;activitat financera;<\/li><li>&nbsp;transpar\u00e8ncia, com a estil que caracteritza les relacions i la comunicaci\u00f3 de Banca Etica amb les persones interessades;<\/li><li>&nbsp;cooperaci\u00f3, com a consci\u00e8ncia que el b\u00e9 com\u00fa pot ser assolit nom\u00e9s gr\u00e0cies al comprom\u00eds de tothom;<\/li><li>solidaritat, com a la capacitat de captar les inquietuds de les persones que es troben en una situaci\u00f3 desafavorida i com a comprom\u00eds per trobar solucions d&#8217;inter\u00e8s com\u00fa, en benefici dels m\u00e9s necessitats;<\/li><li>&nbsp;participaci\u00f3, com a reconeixement del dret dels socis, col\u00b7laboradors i estalviadors en la presa de decisions;<\/li><li>sobrietat, com a estil de vida basat en disminuir el consum de mercaderies i recursos i orientat a satisfer requisits fonamentals de les persones;<\/li><li>efici\u00e8ncia i efic\u00e0cia, com a \u00fas \u00f2ptim dels recursos per oferir el benefici m\u00e9s gran a tots els interessats a l&#8217;hora de perseguir els objectius declarats;<\/li><li>el Codi \u00e8tic, aprovat l&#8217;any 2010 per l&#8217;Assemblea de Persones S\u00f2cies, s&#8217;ha convertit en una norma de refer\u00e8ncia per a administradors, per a tots aquells que treballen en nom i per compte del banc i per a totes les persones interessades.<\/li><\/ul>\n\n\n\n<p>Per descarregar el <a href=\"http:\/\/www.fiarebancaetica.coop\/app\/uploads\/sites\/2\/2024\/01\/codigo-etico.pdf\" target=\"_blank\" rel=\"noreferrer noopener\">Codi \u00e8tic en format PDF, fes clic aqu\u00ed.<\/a><\/p>\n\n\n\n<p>Per verificar-ne l&#8217;aplicaci\u00f3, es va crear un comit\u00e8 espec\u00edfic anomenat Organisme de Vigil\u00e0ncia.<\/p>\n\n\n\n<h3 class=\"wp-block-heading\"><span class=\"has-inline-color has-blue-color\">L&#8217;Organisme de Vigil\u00e0ncia<\/span><\/h3>\n\n\n\n<p>Pel que fa al Codi \u00e8tic, s&#8217;encarrega de:<\/p>\n\n\n\n<ul class=\"wp-block-list\"><li>promoure iniciatives encaminades a donar a con\u00e8ixer, promoure i aplicar el Codi \u00e8tic;<\/li><li>vigilar el compliment i respecte del Codi \u00e8tic mitjan\u00e7ant un sistema de control del banc i de sistemes espec\u00edfics de senyalitzaci\u00f3;<\/li><li>proposar al Consell d&#8217;Administraci\u00f3, pr\u00e8via consulta amb el Comit\u00e8 \u00c8tic, sancions en cas de violacions greus del Codi \u00e8tic;<\/li><li>supervisar el funcionament i adequaci\u00f3 del Codi \u00e8tic;<\/li><li>&nbsp;proposar-ne a l&#8217;Assemblea de Socis, despr\u00e9s d&#8217;haver escoltat l&#8217;opini\u00f3 del Consell d&#8217;Administraci\u00f3 i del Comit\u00e8 \u00c8tic, la possible adaptaci\u00f3;<\/li><li>informar peri\u00f2dicament el Consell d&#8217;Administraci\u00f3 i el Comit\u00e8 \u00c8tic sobre l&#8217;estat de l&#8217;aplicaci\u00f3 del Codi \u00e8tic;<\/li><\/ul>\n\n\n\n<p>Pel que fa al Decret legislatiu n\u00fam. 231\/01, l&#8217;Organisme de Vigil\u00e0ncia verifica l&#8217;aplicaci\u00f3 i el compliment del model de gesti\u00f3 i control encaminat a prevenir els delictes previstos per aquest decret.<\/p>\n\n\n\n<p>L&#8217;Organisme de Vigil\u00e0ncia est\u00e0 format per:<\/p>\n\n\n\n<ul class=\"wp-block-list\"><li>Un membre nomenat pel Consell d&#8217;Administraci\u00f3 amb requisits adequats d&#8217;independ\u00e8ncia (actualment, Lino Sbraccia, president);<\/li><li>Un membre del Comit\u00e8 d&#8217;Auditors (actualment, Paolo Salvaderi);<\/li><li>El responsable de la funci\u00f3 d&#8217;Internal Audit (actualment, Enrico Scapin);<\/li><li>El responsable de la funci\u00f3 de Compliance (actualment, Francesco Pacchin);<\/li><li>Un membre del Comit\u00e8 \u00c8tic del banc (actualment, Giorgio Osti).<\/li><\/ul>\n\n\n\n<p>L&#8217;OdV fa una activitat pr\u00f2pia i aut\u00f2noma d&#8217;auditoria i control, d&#8217;acord amb les indicacions rebudes de les persones interessades. Si desitja posar-se en contacte amb l&#8217;Organisme de Vigil\u00e0ncia ho pot fer mitjan\u00e7ant les adreces seg\u00fcents:<\/p>\n\n\n\n<ul class=\"wp-block-list\"><li>Per correu electr\u00f2nic: organismodivigilanza@bancaetica.com;<\/li><li>Per correu postal al president de l&#8217;OdV: Banca Popolare Etica scpa &#8211; Via N. Tommaseo, 7 &#8211; 35131 PADOVA (ITALIA)<\/li><\/ul>\n\n\n\n<h3 class=\"wp-block-heading\"><span class=\"has-inline-color has-blue-color\">Valor Social<\/span><\/h3>\n\n\n\n<p>La nostra acci\u00f3 operativa i cultural se centra en la responsabilitat social corporativa.<\/p>\n\n\n\n<p>Entre les diferents eines, disposem de la certificaci\u00f3 de Valor social d&#8217;ICEA (Institut per a la Certificaci\u00f3 \u00c8tica i Ambiental), encarregat de verificar la conformitat amb els requisits de l&#8217;est\u00e0ndard corresponent.<\/p>\n\n\n\n<p>L&#8217;est\u00e0ndard del Valor social compleix l&#8217;establert pel sistema de certificaci\u00f3 internacional SA 8000 i les normes ISO 2600, i alhora prescriu la supervisi\u00f3 del risc en tota la cadena i l&#8217;\u00fas d&#8217;eines de prevenci\u00f3 de l&#8217;impacte negatiu de l&#8217;activitat productiva en els drets humans, aspectes socials i mediambientals.<\/p>\n\n\n\n<p>Es tracta d&#8217;una marca de qualitat en mat\u00e8ria de responsabilitat social corporativa, realitzada despr\u00e9s de m\u00e9s quatre anys d&#8217;estudis espec\u00edfics i nombroses consultes entre els interessats que han implicat les principals parts socials, acad\u00e8miques i institucionals.<\/p>\n\n\n\n<p>Els objectius de l&#8217;est\u00e0ndard del Valor social s\u00f3n els seg\u00fcents:<\/p>\n\n\n\n<ul class=\"wp-block-list\"><li>promoure en l&#8217;\u00e0mbit econ\u00f2mic el desenvolupament social, la igualtat d&#8217;oportunitats, la tutela del medi ambient, el respecte i la promoci\u00f3 dels drets fonamentals;<\/li><li>afavorir el creixement i el desenvolupament d&#8217;un mercat transparent, solidari i just;<\/li><li>sensibilitzar les organitzacions i els ciutadans sobre els temes de la responsabilitat social i promoure la difusi\u00f3 d&#8217;un comer\u00e7 just.<\/li><\/ul>\n\n\n\n<p>En l\u00ednia amb el principi d&#8217;avaluaci\u00f3 de les conseq\u00fc\u00e8ncies no econ\u00f2miques de les accions econ\u00f2miques, t\u00edpic de les finances \u00e8tiques, s&#8217;aplica als grups d&#8217;inter\u00e8s seg\u00fcents:<\/p>\n\n\n\n<ul class=\"wp-block-list\"><li>treballadors\/res<\/li><li>accionistes<\/li><li>clients\/tes<\/li><li>consumidors\/res<\/li><li>prove\u00efdors\/res<\/li><li>creditors\/res<\/li><li>comunitats locals i nacionals<\/li><li>associacions<\/li><li>institucions p\u00fabliques<\/li><li>generacions futures<\/li><\/ul>\n\n\n\n<p>Aquest est\u00e0ndard tracta tots els aspectes de la responsabilitat d&#8217;una organitzaci\u00f3: social, mediambiental i econ\u00f2mica. En concret, els \u00e0mbits supervisats s\u00f3n:<\/p>\n\n\n\n<ul class=\"wp-block-list\"><li>la comunitat (el respecte a les comunitats locals, la seguretat i la protecci\u00f3 de les p\u00e0gines web corporatives, programes de desenvolupament i promoci\u00f3 social);<\/li><li>el treball (pol\u00edtica de no discriminaci\u00f3, treball de menors, treball for\u00e7\u00f3s, llibertat d&#8217;associaci\u00f3 i negociaci\u00f3 col\u00b7lectiva, pol\u00edtica salarial, salut i seguretat, horari de treball, desenvolupament de compet\u00e8ncies);<\/li><li>el consum (protecci\u00f3 dels ciutadans i consumidors);<\/li><li>el medi ambient (protecci\u00f3 mediambiental);<\/li><li>&nbsp;el mercat (relacions de subministrament, lluita contra la corrupci\u00f3, compet\u00e8ncia, venda i distribuci\u00f3, gesti\u00f3 financera responsable).<\/li><\/ul>\n\n\n\n<h4 class=\"wp-block-heading\"><span class=\"has-inline-color has-blue-color\">Reclamacions inherents a l&#8217;est\u00e0ndard del Valor social<\/span><\/h4>\n\n\n\n<p>En cas de situacions o esdeveniments no conformes amb all\u00f2 que preveu l&#8217;est\u00e0ndard, es pot enviar una reclamaci\u00f3 a l&#8217;ICEA, que s&#8217;encarregar\u00e0 de:<\/p>\n\n\n\n<ul class=\"wp-block-list\"><li>esbrinar si la reclamaci\u00f3 o queixa est\u00e0 fonamentada;<\/li><li>comunicar la recepci\u00f3 a la persona interessada en el termini de 5 dies h\u00e0bils;<\/li><li>registrar la queixa al registre de &#8220;Reclamacions&#8221;;<\/li><li>dur a terme, mitjan\u00e7ant els responsables interessats, totes les activitats necess\u00e0ries per identificar i recopilar les dades necess\u00e0ries per demostrar fets i la suposada responsabilitat d&#8217;ICEA;<\/li><li>posar en marxa accions correctores, amb la implicaci\u00f3 dels responsables implicats;<\/li><li>registrar correctament les modalitats de gesti\u00f3 i soluci\u00f3 de la reclamaci\u00f3, incl\u00f2s el control de l&#8217;efic\u00e0cia de les accions correctores\/preventives empreses;<\/li><li>comunicar a la persona que ha presentat la reclamaci\u00f3 i\/o als interessats els resultats finals en el termini m\u00e0xim de 30 dies h\u00e0bils a partir de la recepci\u00f3 de la reclamaci\u00f3.<\/li><\/ul>\n\n\n\n<p>La reclamaci\u00f3 la pot presentar qualsevol persona mitjan\u00e7ant un correu electr\u00f2nic a <a href=\"http:\/\/reclami@icea.info\/\">reclami@icea.info<\/a>, amb la indicaci\u00f3 de nom i cognoms, adre\u00e7a de correu electr\u00f2nic, tel\u00e8fon i motiu de la reclamaci\u00f3.<\/p>\n\n\n\n<p>L&#8217;Institut per a la Certificaci\u00f3 \u00c8tica i Ambiental garanteix la confidencialitat de la persona que fa la reclamaci\u00f3.<\/p>\n\n\n\n<h3 class=\"wp-block-heading\"><span class=\"has-inline-color has-blue-color\">Auditoria Socioambiental<\/span><\/h3>\n\n\n\n<p>Banca Etica \u00e9s el primer banc itali\u00e0 que disposa d&#8217;una auditoria socioambiental en l&#8217;avaluaci\u00f3 del m\u00e8rit creditici. Es tracta d&#8217;una an\u00e0lisi orientada a recopilar i avaluar la informaci\u00f3 de car\u00e0cter social i mediambiental relativa a les organitzacions i entitats que demanen un pr\u00e9stec.<\/p>\n\n\n\n<p>En concret, aquesta eina complementa l&#8217;an\u00e0lisi econ\u00f2mica financera, ofereix claus per determinar el valor social de l&#8217;activitat a finan\u00e7ar, la coher\u00e8ncia amb els principis inspiradors del banc i la credibilitat del subjecte a finan\u00e7ar, i tamb\u00e9 representa l&#8217;ocasi\u00f3 per comunicar i transmetre els valors de les finances \u00e8tiques i de l&#8217;economia civil.<\/p>\n\n\n\n<h4 class=\"wp-block-heading\"><span class=\"has-inline-color has-blue-color\">L&#8217;avaluador social<\/span><\/h4>\n\n\n\n<p>L&#8217;avaluador social \u00e9s un voluntari inscrit al Registre d&#8217;Avaluadors Socials i du a terme les tasques seg\u00fcents:<\/p>\n\n\n\n<ul class=\"wp-block-list\"><li>cercar i recopilar informaci\u00f3 sobre l&#8217;organitzaci\u00f3 que ha demanat el pr\u00e9stec;<\/li><li>visitar el client que demana una l\u00ednia de cr\u00e8dit;<\/li><li>con\u00e8ixer la posici\u00f3 oficial de la coordinaci\u00f3 de la circumscripci\u00f3 territorial dels socis;<\/li><li>redactar un informe sint\u00e8tic sobre la base de la informaci\u00f3 recopilada;<\/li><li>donar la seva opini\u00f3.<\/li><\/ul>\n\n\n\n<p>Per ser avaluador social, cal:<\/p>\n\n\n\n<ul class=\"wp-block-list\"><li>ser soci\/s\u00f2cia de Banca Etica des de fa, com a m\u00ednim, un any;<\/li><li>ser soci\/s\u00f2cia actiu\/iva a la circumscripci\u00f3 territorial de socis;<\/li><li>tenir do de gents;<\/li><li>disposar de temps.<\/li><\/ul>\n\n\n\n<h3 class=\"wp-block-heading\"><span class=\"has-inline-color has-blue-color\">Eines per a la responsabilitat social<\/span><\/h3>\n\n\n\n<ul class=\"wp-block-list\"><li><a href=\"http:\/\/www.fiarebancaetica.coop\/app\/uploads\/sites\/2\/2024\/01\/codigo-etico.pdf\" target=\"_blank\" rel=\"noreferrer noopener\">Codi \u00e8tic<\/a><\/li><li><a href=\"http:\/\/balancesocial.fiarebancaetica.coop\/\" target=\"_blank\" rel=\"noreferrer noopener\">Balan\u00e7 social<\/a><\/li><li><a href=\"https:\/\/valorsocial.info\/ca\/\" target=\"_blank\" rel=\"noreferrer noopener\">Valor social<\/a><\/li><li><a href=\"http:\/\/balancesocial.fiarebancaetica.coop\/balance-social-2014\/valutazione-sociale-finanziamenti\/\" target=\"_blank\" rel=\"noreferrer noopener\">Avaluaci\u00f3 \u00e8ticosocial dels finan\u00e7aments a les persones jur\u00eddiques<\/a><\/li><li><a href=\"http:\/\/www.fiarebancaetica.coop\/app\/uploads\/sites\/2\/2024\/01\/MOG_PerSitoWEB_ES.pdf\" target=\"_blank\" rel=\"noreferrer noopener\">Model d&#8217;organitzaci\u00f3 i gesti\u00f3<\/a><\/li><\/ul>\n\n\n<\/div>\n\n\n<div style=\"height:100px\" aria-hidden=\"true\" class=\"wp-block-spacer\"><\/div>\n","protected":false},"excerpt":{"rendered":"","protected":false},"author":6693,"featured_media":0,"parent":314820,"menu_order":0,"comment_status":"closed","ping_status":"closed","template":"","meta":{"_acf_changed":false,"footnotes":""},"coauthors":[10743],"class_list":["post-314856","page","type-page","status-publish","hentry","crispybacon-hidden-page-title"],"acf":[],"yoast_head":"<!-- This site is optimized with the Yoast SEO plugin v26.9 - https:\/\/yoast.com\/product\/yoast-seo-wordpress\/ -->\n<title>Responsabilitat social - Fiare Banca Etica<\/title>\n<meta name=\"robots\" content=\"index, follow, max-snippet:-1, max-image-preview:large, max-video-preview:-1\" \/>\n<link rel=\"canonical\" href=\"https:\/\/www.fiarebancaetica.coop\/ca\/identitat\/responsabilitat-social\/\" \/>\n<meta property=\"og:locale\" content=\"ca_ES\" \/>\n<meta property=\"og:type\" content=\"article\" \/>\n<meta property=\"og:title\" content=\"Responsabilitat social - Fiare Banca Etica\" \/>\n<meta property=\"og:url\" content=\"https:\/\/www.fiarebancaetica.coop\/ca\/identitat\/responsabilitat-social\/\" \/>\n<meta property=\"og:site_name\" content=\"Fiare Banca Etica\" \/>\n<meta property=\"article:modified_time\" content=\"2024-02-20T15:38:50+00:00\" \/>\n<meta name=\"twitter:card\" content=\"summary_large_image\" \/>\n<script type=\"application\/ld+json\" class=\"yoast-schema-graph\">{\"@context\":\"https:\/\/schema.org\",\"@graph\":[{\"@type\":\"WebPage\",\"@id\":\"https:\/\/www.fiarebancaetica.coop\/ca\/identitat\/responsabilitat-social\/\",\"url\":\"https:\/\/www.fiarebancaetica.coop\/ca\/identitat\/responsabilitat-social\/\",\"name\":\"Responsabilitat social - Fiare Banca Etica\",\"isPartOf\":{\"@id\":\"https:\/\/www.fiarebancaetica.coop\/ca\/#website\"},\"datePublished\":\"2023-11-28T08:16:32+00:00\",\"dateModified\":\"2024-02-20T15:38:50+00:00\",\"breadcrumb\":{\"@id\":\"https:\/\/www.fiarebancaetica.coop\/ca\/identitat\/responsabilitat-social\/#breadcrumb\"},\"inLanguage\":\"ca\",\"potentialAction\":[{\"@type\":\"ReadAction\",\"target\":[\"https:\/\/www.fiarebancaetica.coop\/ca\/identitat\/responsabilitat-social\/\"]}]},{\"@type\":\"BreadcrumbList\",\"@id\":\"https:\/\/www.fiarebancaetica.coop\/ca\/identitat\/responsabilitat-social\/#breadcrumb\",\"itemListElement\":[{\"@type\":\"ListItem\",\"position\":1,\"name\":\"Home\",\"item\":\"https:\/\/www.fiarebancaetica.coop\/ca\/\"},{\"@type\":\"ListItem\",\"position\":2,\"name\":\"Identitat\",\"item\":\"https:\/\/www.fiarebancaetica.coop\/ca\/identitat\/\"},{\"@type\":\"ListItem\",\"position\":3,\"name\":\"Responsabilitat social\"}]},{\"@type\":\"WebSite\",\"@id\":\"https:\/\/www.fiarebancaetica.coop\/ca\/#website\",\"url\":\"https:\/\/www.fiarebancaetica.coop\/ca\/\",\"name\":\"Fiare Banca Etica\",\"description\":\"\",\"potentialAction\":[{\"@type\":\"SearchAction\",\"target\":{\"@type\":\"EntryPoint\",\"urlTemplate\":\"https:\/\/www.fiarebancaetica.coop\/ca\/?s={search_term_string}\"},\"query-input\":{\"@type\":\"PropertyValueSpecification\",\"valueRequired\":true,\"valueName\":\"search_term_string\"}}],\"inLanguage\":\"ca\"}]}<\/script>\n<!-- \/ Yoast SEO plugin. -->","yoast_head_json":{"title":"Responsabilitat social - Fiare Banca Etica","robots":{"index":"index","follow":"follow","max-snippet":"max-snippet:-1","max-image-preview":"max-image-preview:large","max-video-preview":"max-video-preview:-1"},"canonical":"https:\/\/www.fiarebancaetica.coop\/ca\/identitat\/responsabilitat-social\/","og_locale":"ca_ES","og_type":"article","og_title":"Responsabilitat social - Fiare Banca Etica","og_url":"https:\/\/www.fiarebancaetica.coop\/ca\/identitat\/responsabilitat-social\/","og_site_name":"Fiare Banca Etica","article_modified_time":"2024-02-20T15:38:50+00:00","twitter_card":"summary_large_image","schema":{"@context":"https:\/\/schema.org","@graph":[{"@type":"WebPage","@id":"https:\/\/www.fiarebancaetica.coop\/ca\/identitat\/responsabilitat-social\/","url":"https:\/\/www.fiarebancaetica.coop\/ca\/identitat\/responsabilitat-social\/","name":"Responsabilitat social - Fiare Banca Etica","isPartOf":{"@id":"https:\/\/www.fiarebancaetica.coop\/ca\/#website"},"datePublished":"2023-11-28T08:16:32+00:00","dateModified":"2024-02-20T15:38:50+00:00","breadcrumb":{"@id":"https:\/\/www.fiarebancaetica.coop\/ca\/identitat\/responsabilitat-social\/#breadcrumb"},"inLanguage":"ca","potentialAction":[{"@type":"ReadAction","target":["https:\/\/www.fiarebancaetica.coop\/ca\/identitat\/responsabilitat-social\/"]}]},{"@type":"BreadcrumbList","@id":"https:\/\/www.fiarebancaetica.coop\/ca\/identitat\/responsabilitat-social\/#breadcrumb","itemListElement":[{"@type":"ListItem","position":1,"name":"Home","item":"https:\/\/www.fiarebancaetica.coop\/ca\/"},{"@type":"ListItem","position":2,"name":"Identitat","item":"https:\/\/www.fiarebancaetica.coop\/ca\/identitat\/"},{"@type":"ListItem","position":3,"name":"Responsabilitat social"}]},{"@type":"WebSite","@id":"https:\/\/www.fiarebancaetica.coop\/ca\/#website","url":"https:\/\/www.fiarebancaetica.coop\/ca\/","name":"Fiare Banca Etica","description":"","potentialAction":[{"@type":"SearchAction","target":{"@type":"EntryPoint","urlTemplate":"https:\/\/www.fiarebancaetica.coop\/ca\/?s={search_term_string}"},"query-input":{"@type":"PropertyValueSpecification","valueRequired":true,"valueName":"search_term_string"}}],"inLanguage":"ca"}]}},"_links":{"self":[{"href":"https:\/\/www.fiarebancaetica.coop\/ca\/wp-json\/wp\/v2\/pages\/314856","targetHints":{"allow":["GET"]}}],"collection":[{"href":"https:\/\/www.fiarebancaetica.coop\/ca\/wp-json\/wp\/v2\/pages"}],"about":[{"href":"https:\/\/www.fiarebancaetica.coop\/ca\/wp-json\/wp\/v2\/types\/page"}],"author":[{"embeddable":true,"href":"https:\/\/www.fiarebancaetica.coop\/ca\/wp-json\/wp\/v2\/users\/6693"}],"replies":[{"embeddable":true,"href":"https:\/\/www.fiarebancaetica.coop\/ca\/wp-json\/wp\/v2\/comments?post=314856"}],"version-history":[{"count":8,"href":"https:\/\/www.fiarebancaetica.coop\/ca\/wp-json\/wp\/v2\/pages\/314856\/revisions"}],"predecessor-version":[{"id":369909,"href":"https:\/\/www.fiarebancaetica.coop\/ca\/wp-json\/wp\/v2\/pages\/314856\/revisions\/369909"}],"up":[{"embeddable":true,"href":"https:\/\/www.fiarebancaetica.coop\/ca\/wp-json\/wp\/v2\/pages\/314820"}],"wp:attachment":[{"href":"https:\/\/www.fiarebancaetica.coop\/ca\/wp-json\/wp\/v2\/media?parent=314856"}],"wp:term":[{"taxonomy":"author","embeddable":true,"href":"https:\/\/www.fiarebancaetica.coop\/ca\/wp-json\/wp\/v2\/coauthors?post=314856"}],"curies":[{"name":"wp","href":"https:\/\/api.w.org\/{rel}","templated":true}]}}