{"id":316952,"date":"2023-11-28T09:41:03","date_gmt":"2023-11-28T08:41:03","guid":{"rendered":"https:\/\/www.fiarebancaetica.coop\/?page_id=316952"},"modified":"2026-03-12T12:32:36","modified_gmt":"2026-03-12T11:32:36","slug":"les-nostres-dades","status":"publish","type":"page","link":"https:\/\/www.fiarebancaetica.coop\/ca\/identitat\/les-nostres-dades\/","title":{"rendered":"Les nostres dades"},"content":{"rendered":"\n<div class=\"wrapper-crispybacon-class wrapper-crispybacon-class-large \">\n    \n\n<div style=\"height:40px\" aria-hidden=\"true\" class=\"wp-block-spacer\"><\/div>\n\n\n\n<h1 class=\"wp-block-heading is-style-lyon\"><span style=\"background-color:rgba(0, 0, 0, 0)\" class=\"has-inline-color has-blue-color\">Les nostres dades<\/span><span style=\"background-color:rgba(0, 0, 0, 0)\" class=\"has-inline-color has-blue-color\"><\/span><\/h1>\n\n\n\n<div style=\"height:20px\" aria-hidden=\"true\" class=\"wp-block-spacer\"><\/div>\n\n\n\n<p>Aquesta secci\u00f3 recopila algunes de les dades m\u00e9s rellevants sobre l&#8217;evoluci\u00f3 del banc: el capital social, el nombre de socis, la captaci\u00f3 i pr\u00e9stecs concedits, l&#8217;impacte mediambiental dels projectes finan\u00e7ats en el camp de l&#8217;energia. <\/p>\n\n\n\n<p>Descobreix m\u00e9s informaci\u00f3 sobre les xifres de Banca Etica en els nostres balan\u00e7os.<br>Les dades parlen per si mateixes, per\u00f2 no diuen tot. Per aix\u00f2, hem avaluat sempre la nostra acci\u00f3 no solament des del punt de vista econ\u00f2mic, sin\u00f3 tamb\u00e9 social i mediambiental.<br>Coneix els nostres <a href=\"https:\/\/www.fiarebancaetica.coop\/ca\/balancos\/\" target=\"_blank\" rel=\"noreferrer noopener\">balan\u00e7os socials<\/a> i les p\u00e0gines dedicades als<a href=\"https:\/\/www.fiarebancaetica.coop\/ca\/conmidinero\/\" target=\"_blank\" rel=\"noreferrer noopener\"> projectes finan\u00e7ats<\/a> per Banca Etica.<\/p>\n\n\n<\/div>\n\n\n<div style=\"height:20px\" aria-hidden=\"true\" class=\"wp-block-spacer\"><\/div>\n\n\n\n<div class=\"wrapper-crispybacon-class wrapper-crispybacon-class-large \">\n    \n\n<h2 class=\"wp-block-heading is-style-lyon\">Les dades de Fiare Banca Etica<\/h2>\n\n\n<\/div>\n\n\n<div class=\"wrapper-crispybacon-class wrapper-crispybacon-class-large \">\n    \n\n<figure class=\"wp-block-table is-style-stripes\"><table class=\"has-fixed-layout\"><tbody><tr><td>Capital Social<\/td><td>5.190.000 \u20ac<\/td><\/tr><tr><td>N\u00famero total de persones s\u00f2cies<\/td><td>4.041<\/td><\/tr><tr><td>Estalvi<\/td><td>324.027.000 \u20ac<\/td><\/tr><tr><td>Pr\u00e8stecs utilitzats<\/td><td>157.205.000 \u20ac<\/td><\/tr><tr><td>Nombre de pr\u00e8stecs<\/td><td>453<\/td><\/tr><\/tbody><\/table><figcaption class=\"wp-element-caption\"><em>Dades actualitzades el <\/em>28\/02\/26<\/figcaption><\/figure>\n\n\n<\/div>\n\n\n<div style=\"height:20px\" aria-hidden=\"true\" class=\"wp-block-spacer\"><\/div>\n\n\n\n<div class=\"wrapper-crispybacon-class wrapper-crispybacon-class-large \">\n    \n\n<h2 class=\"wp-block-heading is-style-lyon\">Les dades totals de Banca Etica<\/h2>\n\n\n<\/div>\n\n\n<div class=\"wrapper-crispybacon-class wrapper-crispybacon-class-large \">\n    \n\n<figure class=\"wp-block-table is-style-stripes\"><table class=\"has-fixed-layout\"><tbody><tr><td>Capital social<\/td><td class=\"has-text-align-left\" data-align=\"left\">100.152.000 \u20ac<\/td><\/tr><tr><td>N\u00famero total de persones s\u00f2cies<\/td><td class=\"has-text-align-left\" data-align=\"left\">\u00a049.811<\/td><\/tr><tr><td>Estalvi<\/td><td class=\"has-text-align-left\" data-align=\"left\">2.781.692.000 \u20ac\u00a0<\/td><\/tr><tr><td>Pr\u00e8stecs utilitzats<\/td><td class=\"has-text-align-left\" data-align=\"left\">1.378.192.000 \u20ac<\/td><\/tr><\/tbody><\/table><figcaption class=\"wp-element-caption\"><em><em>Dades actualitzades<\/em> el <\/em>28\/02\/26<\/figcaption><\/figure>\n\n\n<\/div>\n\n\n<div style=\"height:100px\" aria-hidden=\"true\" class=\"wp-block-spacer\"><\/div>\n\n\n\n<div style=\"height:20px\" aria-hidden=\"true\" class=\"wp-block-spacer\"><\/div>\n","protected":false},"excerpt":{"rendered":"","protected":false},"author":6693,"featured_media":0,"parent":314820,"menu_order":0,"comment_status":"closed","ping_status":"closed","template":"","meta":{"_acf_changed":false,"footnotes":""},"coauthors":[10743],"class_list":["post-316952","page","type-page","status-publish","hentry","crispybacon-hidden-page-title"],"acf":[],"yoast_head":"<!-- This site is optimized with the Yoast SEO plugin v26.9 - https:\/\/yoast.com\/product\/yoast-seo-wordpress\/ -->\n<title>Les nostres dades - Fiare Banca Etica<\/title>\n<meta name=\"robots\" content=\"index, follow, max-snippet:-1, max-image-preview:large, max-video-preview:-1\" \/>\n<link rel=\"canonical\" href=\"https:\/\/www.fiarebancaetica.coop\/ca\/identitat\/les-nostres-dades\/\" \/>\n<meta property=\"og:locale\" content=\"ca_ES\" \/>\n<meta property=\"og:type\" content=\"article\" \/>\n<meta property=\"og:title\" content=\"Les nostres dades - Fiare Banca Etica\" \/>\n<meta property=\"og:url\" content=\"https:\/\/www.fiarebancaetica.coop\/ca\/identitat\/les-nostres-dades\/\" \/>\n<meta property=\"og:site_name\" content=\"Fiare Banca Etica\" \/>\n<meta property=\"article:modified_time\" content=\"2026-03-12T11:32:36+00:00\" \/>\n<meta name=\"twitter:card\" content=\"summary_large_image\" \/>\n<script type=\"application\/ld+json\" class=\"yoast-schema-graph\">{\"@context\":\"https:\/\/schema.org\",\"@graph\":[{\"@type\":\"WebPage\",\"@id\":\"https:\/\/www.fiarebancaetica.coop\/ca\/identitat\/les-nostres-dades\/\",\"url\":\"https:\/\/www.fiarebancaetica.coop\/ca\/identitat\/les-nostres-dades\/\",\"name\":\"Les nostres dades - Fiare Banca Etica\",\"isPartOf\":{\"@id\":\"https:\/\/www.fiarebancaetica.coop\/ca\/#website\"},\"datePublished\":\"2023-11-28T08:41:03+00:00\",\"dateModified\":\"2026-03-12T11:32:36+00:00\",\"breadcrumb\":{\"@id\":\"https:\/\/www.fiarebancaetica.coop\/ca\/identitat\/les-nostres-dades\/#breadcrumb\"},\"inLanguage\":\"ca\",\"potentialAction\":[{\"@type\":\"ReadAction\",\"target\":[\"https:\/\/www.fiarebancaetica.coop\/ca\/identitat\/les-nostres-dades\/\"]}]},{\"@type\":\"BreadcrumbList\",\"@id\":\"https:\/\/www.fiarebancaetica.coop\/ca\/identitat\/les-nostres-dades\/#breadcrumb\",\"itemListElement\":[{\"@type\":\"ListItem\",\"position\":1,\"name\":\"Home\",\"item\":\"https:\/\/www.fiarebancaetica.coop\/ca\/\"},{\"@type\":\"ListItem\",\"position\":2,\"name\":\"Identitat\",\"item\":\"https:\/\/www.fiarebancaetica.coop\/ca\/identitat\/\"},{\"@type\":\"ListItem\",\"position\":3,\"name\":\"Les nostres dades\"}]},{\"@type\":\"WebSite\",\"@id\":\"https:\/\/www.fiarebancaetica.coop\/ca\/#website\",\"url\":\"https:\/\/www.fiarebancaetica.coop\/ca\/\",\"name\":\"Fiare Banca Etica\",\"description\":\"\",\"potentialAction\":[{\"@type\":\"SearchAction\",\"target\":{\"@type\":\"EntryPoint\",\"urlTemplate\":\"https:\/\/www.fiarebancaetica.coop\/ca\/?s={search_term_string}\"},\"query-input\":{\"@type\":\"PropertyValueSpecification\",\"valueRequired\":true,\"valueName\":\"search_term_string\"}}],\"inLanguage\":\"ca\"}]}<\/script>\n<!-- \/ Yoast SEO plugin. -->","yoast_head_json":{"title":"Les nostres dades - Fiare Banca Etica","robots":{"index":"index","follow":"follow","max-snippet":"max-snippet:-1","max-image-preview":"max-image-preview:large","max-video-preview":"max-video-preview:-1"},"canonical":"https:\/\/www.fiarebancaetica.coop\/ca\/identitat\/les-nostres-dades\/","og_locale":"ca_ES","og_type":"article","og_title":"Les nostres dades - Fiare Banca Etica","og_url":"https:\/\/www.fiarebancaetica.coop\/ca\/identitat\/les-nostres-dades\/","og_site_name":"Fiare Banca Etica","article_modified_time":"2026-03-12T11:32:36+00:00","twitter_card":"summary_large_image","schema":{"@context":"https:\/\/schema.org","@graph":[{"@type":"WebPage","@id":"https:\/\/www.fiarebancaetica.coop\/ca\/identitat\/les-nostres-dades\/","url":"https:\/\/www.fiarebancaetica.coop\/ca\/identitat\/les-nostres-dades\/","name":"Les nostres dades - Fiare Banca Etica","isPartOf":{"@id":"https:\/\/www.fiarebancaetica.coop\/ca\/#website"},"datePublished":"2023-11-28T08:41:03+00:00","dateModified":"2026-03-12T11:32:36+00:00","breadcrumb":{"@id":"https:\/\/www.fiarebancaetica.coop\/ca\/identitat\/les-nostres-dades\/#breadcrumb"},"inLanguage":"ca","potentialAction":[{"@type":"ReadAction","target":["https:\/\/www.fiarebancaetica.coop\/ca\/identitat\/les-nostres-dades\/"]}]},{"@type":"BreadcrumbList","@id":"https:\/\/www.fiarebancaetica.coop\/ca\/identitat\/les-nostres-dades\/#breadcrumb","itemListElement":[{"@type":"ListItem","position":1,"name":"Home","item":"https:\/\/www.fiarebancaetica.coop\/ca\/"},{"@type":"ListItem","position":2,"name":"Identitat","item":"https:\/\/www.fiarebancaetica.coop\/ca\/identitat\/"},{"@type":"ListItem","position":3,"name":"Les nostres dades"}]},{"@type":"WebSite","@id":"https:\/\/www.fiarebancaetica.coop\/ca\/#website","url":"https:\/\/www.fiarebancaetica.coop\/ca\/","name":"Fiare Banca Etica","description":"","potentialAction":[{"@type":"SearchAction","target":{"@type":"EntryPoint","urlTemplate":"https:\/\/www.fiarebancaetica.coop\/ca\/?s={search_term_string}"},"query-input":{"@type":"PropertyValueSpecification","valueRequired":true,"valueName":"search_term_string"}}],"inLanguage":"ca"}]}},"_links":{"self":[{"href":"https:\/\/www.fiarebancaetica.coop\/ca\/wp-json\/wp\/v2\/pages\/316952","targetHints":{"allow":["GET"]}}],"collection":[{"href":"https:\/\/www.fiarebancaetica.coop\/ca\/wp-json\/wp\/v2\/pages"}],"about":[{"href":"https:\/\/www.fiarebancaetica.coop\/ca\/wp-json\/wp\/v2\/types\/page"}],"author":[{"embeddable":true,"href":"https:\/\/www.fiarebancaetica.coop\/ca\/wp-json\/wp\/v2\/users\/6693"}],"replies":[{"embeddable":true,"href":"https:\/\/www.fiarebancaetica.coop\/ca\/wp-json\/wp\/v2\/comments?post=316952"}],"version-history":[{"count":31,"href":"https:\/\/www.fiarebancaetica.coop\/ca\/wp-json\/wp\/v2\/pages\/316952\/revisions"}],"predecessor-version":[{"id":391538,"href":"https:\/\/www.fiarebancaetica.coop\/ca\/wp-json\/wp\/v2\/pages\/316952\/revisions\/391538"}],"up":[{"embeddable":true,"href":"https:\/\/www.fiarebancaetica.coop\/ca\/wp-json\/wp\/v2\/pages\/314820"}],"wp:attachment":[{"href":"https:\/\/www.fiarebancaetica.coop\/ca\/wp-json\/wp\/v2\/media?parent=316952"}],"wp:term":[{"taxonomy":"author","embeddable":true,"href":"https:\/\/www.fiarebancaetica.coop\/ca\/wp-json\/wp\/v2\/coauthors?post=316952"}],"curies":[{"name":"wp","href":"https:\/\/api.w.org\/{rel}","templated":true}]}}