{"id":317222,"date":"2023-11-29T13:27:24","date_gmt":"2023-11-29T12:27:24","guid":{"rendered":"https:\/\/www.fiarebancaetica.coop\/?page_id=317222"},"modified":"2025-12-03T10:29:56","modified_gmt":"2025-12-03T09:29:56","slug":"fulls-de-tarifes","status":"publish","type":"page","link":"https:\/\/www.fiarebancaetica.coop\/ca\/fulls-de-tarifes\/","title":{"rendered":"Fulls de tarifes"},"content":{"rendered":"\n<div class=\"wrapper-crispybacon-class wrapper-crispybacon-class-large \">\n    \n\n<h1 class=\"wp-block-heading\">Fullets de tarifes<\/h1>\n\n\n\n<h3 class=\"wp-block-heading is-style-circular has-blue-color has-text-color\">Informaci\u00f3 d&#8217;inter\u00e8s<\/h3>\n\n\n\n<ul class=\"has-primary-dark-color has-text-color wp-block-list\">\n<li><a href=\"https:\/\/www.fiarebancaetica.coop\/app\/uploads\/sites\/2\/2025\/10\/EPIGRAFE-1.-CUENTAS-CORRIENTES-Y-SERVICIOS-DE-PAGO-09_10_25.pdf\">Fullet de tarifes &#8211; Comptes corrents i serveis de pagament<\/a><\/li>\n\n\n\n<li><a href=\"https:\/\/www.fiarebancaetica.coop\/app\/uploads\/sites\/2\/2025\/09\/EPIGRAFE-2.-DEPOSITOS-A-PLAZO-10_09_25.pdf\" target=\"_blank\" rel=\"noreferrer noopener\">Fullets de tarifes &#8211; Dip\u00f2sits a termini<\/a><\/li>\n\n\n\n<li><a href=\"http:\/\/www.fiarebancaetica.coop\/app\/uploads\/sites\/2\/2023\/12\/BANCA-A-DISTANCIA_FIARE-BANCA-ETICA.pdf\" target=\"_blank\" rel=\"noreferrer noopener\">Fullet de tarifes &#8211; Banca a dist\u00e0ncia<\/a><\/li>\n\n\n\n<li><a href=\"http:\/\/www.fiarebancaetica.coop\/app\/uploads\/sites\/2\/2024\/07\/EPIGRAFE-4.-SERVICIOS-DE-PAGO-TARJETAS-Y-UTILIZACION-DE-CAJEROS-01_07_24.pdf\" target=\"_blank\" rel=\"noreferrer noopener\">Fullet de tarifes &#8211; Serveis de pagament targetes i utilitzaci\u00f3 de caixers<\/a><\/li>\n\n\n\n<li><a href=\"http:\/\/www.fiarebancaetica.coop\/app\/uploads\/sites\/2\/2023\/12\/epigrafe-6.servicios-de-pago.pdf\" target=\"_blank\" rel=\"noreferrer noopener\">Fullet de tarifes &#8211; Serveis de pagament entitats emissores de c\u00e0rrecs domiciliats i c\u00e0rrecs directes SEPA<\/a><\/li>\n\n\n\n<li><a href=\"https:\/\/www.fiarebancaetica.coop\/app\/uploads\/sites\/2\/2025\/04\/EPIGRAFE-3.-CREDITOS-Y-PRESTAMOS-DESCUBIERTO-EN-CUENTA-CORRIENTE_2021.11.15-disp.pdf\" target=\"_blank\" rel=\"noreferrer noopener\">Fullet de tarifes &#8211; Cr\u00e8dits i pr\u00e9stecs &#8211; descobert en compte corrent<\/a><\/li>\n\n\n\n<li><a href=\"http:\/\/www.fiarebancaetica.coop\/app\/uploads\/sites\/2\/2023\/12\/EPIGRAFE-7.VALORES_27.03.2017.pdf\" target=\"_blank\" rel=\"noreferrer noopener\">Fullet de tarifes &#8211; Operacions i serveis del mercat de valors<\/a><\/li>\n<\/ul>\n\n\n\n<h3 class=\"wp-block-heading is-style-circular has-blue-color has-text-color\">Informaci\u00f3 sobre comissions<\/h3>\n\n\n\n<ul class=\"wp-block-list\">\n<li><a href=\"https:\/\/www.fiarebancaetica.coop\/app\/uploads\/sites\/2\/2025\/10\/Anejo1_1550_2025-3_Anejo1TrimestralSalida.pdf\">Informaci\u00f3 sobre comissions i tipus d&#8217;inter\u00e8s practicats o oferts<\/a><\/li>\n\n\n\n<li><a href=\"http:\/\/www.fiarebancaetica.coop\/app\/uploads\/sites\/2\/2023\/12\/comisiones.pdf\">T<\/a><a href=\"http:\/\/www.fiarebancaetica.coop\/app\/uploads\/sites\/2\/2024\/11\/Anejo2_1550_04-11-2024_Anejo2DescubiertosSalida-1.pdf\" target=\"_blank\" rel=\"noreferrer noopener\">ipus d&#8217;inter\u00e8s i comissions per a descoberts i excedits t\u00e0cits<\/a><\/li>\n<\/ul>\n\n\n\n<h3 class=\"wp-block-heading is-style-circular has-blue-color has-text-color\">Guies del Banc d&#8217;Espanya<\/h3>\n\n\n\n<ul class=\"wp-block-list\">\n<li><a href=\"http:\/\/www.fiarebancaetica.coop\/app\/uploads\/sites\/2\/2023\/12\/Guia_hipotecaria_2013.pdf\" target=\"_blank\" rel=\"noreferrer noopener\">Guia d&#8217;acc\u00e9s al pr\u00e9stec hipotecari<\/a><\/li>\n<\/ul>\n\n\n\n<h3 class=\"wp-block-heading is-style-circular has-blue-color has-text-color\">Documents informatius de comissions &#8211; Particulars<\/h3>\n\n\n\n<ul class=\"wp-block-list\">\n<li><a href=\"https:\/\/www.fiarebancaetica.coop\/app\/uploads\/sites\/2\/2025\/10\/Cuenta-Etica-No-Socios-HC_20251009.pdf\" target=\"_blank\" rel=\"noreferrer noopener\">Compte \u00c8tic no socis &#8211; Fes-te client &#8211; Persones f\u00edsiques<\/a><\/li>\n\n\n\n<li><a href=\"https:\/\/www.fiarebancaetica.coop\/app\/uploads\/sites\/2\/2025\/10\/Cuenta-Etica-Socios-PF_20251009-1.pdf\" target=\"_blank\" rel=\"noreferrer noopener\">Com<\/a><a href=\"https:\/\/www.fiarebancaetica.coop\/app\/uploads\/sites\/2\/2025\/12\/Cuenta-Etica-Socios-HC_20251009.docx.pdf\" target=\"_blank\" rel=\"noreferrer noopener\">pte \u00c8tic socis &#8211; Fes-te client &#8211; Persones f\u00edsiques<\/a><\/li>\n\n\n\n<li><a href=\"https:\/\/www.fiarebancaetica.coop\/app\/uploads\/sites\/2\/2025\/10\/Cuenta-Basica-General-%E2%80%93-SV_20251009.pdf\" target=\"_blank\" rel=\"noreferrer noopener\">Compte B\u00e0sic general &#8211; Situaci\u00f3 vulnerabilitat &#8211; Persones f\u00edsiques<\/a><\/li>\n\n\n\n<li><a href=\"https:\/\/www.fiarebancaetica.coop\/app\/uploads\/sites\/2\/2025\/10\/Cuenta-Redes-Aliadas-PF_20251009.pdf\" target=\"_blank\" rel=\"noreferrer noopener\">Compte Xarxes aliades &#8211; Persones f\u00edsiques<\/a><\/li>\n\n\n\n<li><a href=\"https:\/\/www.fiarebancaetica.coop\/app\/uploads\/sites\/2\/2025\/10\/Cuenta-Etica-No-Socios-PF_20251009.pdf\" target=\"_blank\" rel=\"noreferrer noopener\">Compte \u00c8tic no socis &#8211; Persones f\u00edsiques<\/a><\/li>\n\n\n\n<li><a href=\"https:\/\/www.fiarebancaetica.coop\/app\/uploads\/sites\/2\/2025\/10\/Cuenta-Etica-Socios-PF_20251009.pdf\" target=\"_blank\" rel=\"noreferrer noopener\">Compte \u00c8tic socis &#8211; Persones f\u00edsiques<\/a><\/li>\n\n\n\n<li><a href=\"https:\/\/www.fiarebancaetica.coop\/app\/uploads\/sites\/2\/2025\/10\/Cuenta-Basica-General_20251009.pdf\" target=\"_blank\" rel=\"noreferrer noopener\">Compte B\u00e0sic &#8211; Persones f\u00edsiques<\/a><\/li>\n<\/ul>\n\n\n\n<p><\/p>\n\n\n<\/div>","protected":false},"excerpt":{"rendered":"","protected":false},"author":6692,"featured_media":0,"parent":0,"menu_order":0,"comment_status":"closed","ping_status":"closed","template":"","meta":{"_acf_changed":false,"footnotes":""},"coauthors":[10744],"class_list":["post-317222","page","type-page","status-publish","hentry","crispybacon-hidden-page-title"],"acf":[],"yoast_head":"<!-- This site is optimized with the Yoast SEO plugin v26.9 - https:\/\/yoast.com\/product\/yoast-seo-wordpress\/ -->\n<title>Fulls de tarifes - Fiare Banca Etica<\/title>\n<meta name=\"robots\" content=\"index, follow, max-snippet:-1, max-image-preview:large, max-video-preview:-1\" \/>\n<link rel=\"canonical\" href=\"https:\/\/www.fiarebancaetica.coop\/ca\/fulls-de-tarifes\/\" \/>\n<meta property=\"og:locale\" content=\"ca_ES\" \/>\n<meta property=\"og:type\" content=\"article\" \/>\n<meta property=\"og:title\" content=\"Fulls de tarifes - Fiare Banca Etica\" \/>\n<meta property=\"og:url\" content=\"https:\/\/www.fiarebancaetica.coop\/ca\/fulls-de-tarifes\/\" \/>\n<meta property=\"og:site_name\" content=\"Fiare Banca Etica\" \/>\n<meta property=\"article:modified_time\" content=\"2025-12-03T09:29:56+00:00\" \/>\n<meta name=\"twitter:card\" content=\"summary_large_image\" \/>\n<script type=\"application\/ld+json\" class=\"yoast-schema-graph\">{\"@context\":\"https:\/\/schema.org\",\"@graph\":[{\"@type\":\"WebPage\",\"@id\":\"https:\/\/www.fiarebancaetica.coop\/ca\/fulls-de-tarifes\/\",\"url\":\"https:\/\/www.fiarebancaetica.coop\/ca\/fulls-de-tarifes\/\",\"name\":\"Fulls de tarifes - Fiare Banca Etica\",\"isPartOf\":{\"@id\":\"https:\/\/www.fiarebancaetica.coop\/ca\/#website\"},\"datePublished\":\"2023-11-29T12:27:24+00:00\",\"dateModified\":\"2025-12-03T09:29:56+00:00\",\"breadcrumb\":{\"@id\":\"https:\/\/www.fiarebancaetica.coop\/ca\/fulls-de-tarifes\/#breadcrumb\"},\"inLanguage\":\"ca\",\"potentialAction\":[{\"@type\":\"ReadAction\",\"target\":[\"https:\/\/www.fiarebancaetica.coop\/ca\/fulls-de-tarifes\/\"]}]},{\"@type\":\"BreadcrumbList\",\"@id\":\"https:\/\/www.fiarebancaetica.coop\/ca\/fulls-de-tarifes\/#breadcrumb\",\"itemListElement\":[{\"@type\":\"ListItem\",\"position\":1,\"name\":\"Home\",\"item\":\"https:\/\/www.fiarebancaetica.coop\/ca\/\"},{\"@type\":\"ListItem\",\"position\":2,\"name\":\"Fulls de tarifes\"}]},{\"@type\":\"WebSite\",\"@id\":\"https:\/\/www.fiarebancaetica.coop\/ca\/#website\",\"url\":\"https:\/\/www.fiarebancaetica.coop\/ca\/\",\"name\":\"Fiare Banca Etica\",\"description\":\"\",\"potentialAction\":[{\"@type\":\"SearchAction\",\"target\":{\"@type\":\"EntryPoint\",\"urlTemplate\":\"https:\/\/www.fiarebancaetica.coop\/ca\/?s={search_term_string}\"},\"query-input\":{\"@type\":\"PropertyValueSpecification\",\"valueRequired\":true,\"valueName\":\"search_term_string\"}}],\"inLanguage\":\"ca\"}]}<\/script>\n<!-- \/ Yoast SEO plugin. -->","yoast_head_json":{"title":"Fulls de tarifes - Fiare Banca Etica","robots":{"index":"index","follow":"follow","max-snippet":"max-snippet:-1","max-image-preview":"max-image-preview:large","max-video-preview":"max-video-preview:-1"},"canonical":"https:\/\/www.fiarebancaetica.coop\/ca\/fulls-de-tarifes\/","og_locale":"ca_ES","og_type":"article","og_title":"Fulls de tarifes - Fiare Banca Etica","og_url":"https:\/\/www.fiarebancaetica.coop\/ca\/fulls-de-tarifes\/","og_site_name":"Fiare Banca Etica","article_modified_time":"2025-12-03T09:29:56+00:00","twitter_card":"summary_large_image","schema":{"@context":"https:\/\/schema.org","@graph":[{"@type":"WebPage","@id":"https:\/\/www.fiarebancaetica.coop\/ca\/fulls-de-tarifes\/","url":"https:\/\/www.fiarebancaetica.coop\/ca\/fulls-de-tarifes\/","name":"Fulls de tarifes - Fiare Banca Etica","isPartOf":{"@id":"https:\/\/www.fiarebancaetica.coop\/ca\/#website"},"datePublished":"2023-11-29T12:27:24+00:00","dateModified":"2025-12-03T09:29:56+00:00","breadcrumb":{"@id":"https:\/\/www.fiarebancaetica.coop\/ca\/fulls-de-tarifes\/#breadcrumb"},"inLanguage":"ca","potentialAction":[{"@type":"ReadAction","target":["https:\/\/www.fiarebancaetica.coop\/ca\/fulls-de-tarifes\/"]}]},{"@type":"BreadcrumbList","@id":"https:\/\/www.fiarebancaetica.coop\/ca\/fulls-de-tarifes\/#breadcrumb","itemListElement":[{"@type":"ListItem","position":1,"name":"Home","item":"https:\/\/www.fiarebancaetica.coop\/ca\/"},{"@type":"ListItem","position":2,"name":"Fulls de tarifes"}]},{"@type":"WebSite","@id":"https:\/\/www.fiarebancaetica.coop\/ca\/#website","url":"https:\/\/www.fiarebancaetica.coop\/ca\/","name":"Fiare Banca Etica","description":"","potentialAction":[{"@type":"SearchAction","target":{"@type":"EntryPoint","urlTemplate":"https:\/\/www.fiarebancaetica.coop\/ca\/?s={search_term_string}"},"query-input":{"@type":"PropertyValueSpecification","valueRequired":true,"valueName":"search_term_string"}}],"inLanguage":"ca"}]}},"_links":{"self":[{"href":"https:\/\/www.fiarebancaetica.coop\/ca\/wp-json\/wp\/v2\/pages\/317222","targetHints":{"allow":["GET"]}}],"collection":[{"href":"https:\/\/www.fiarebancaetica.coop\/ca\/wp-json\/wp\/v2\/pages"}],"about":[{"href":"https:\/\/www.fiarebancaetica.coop\/ca\/wp-json\/wp\/v2\/types\/page"}],"author":[{"embeddable":true,"href":"https:\/\/www.fiarebancaetica.coop\/ca\/wp-json\/wp\/v2\/users\/6692"}],"replies":[{"embeddable":true,"href":"https:\/\/www.fiarebancaetica.coop\/ca\/wp-json\/wp\/v2\/comments?post=317222"}],"version-history":[{"count":67,"href":"https:\/\/www.fiarebancaetica.coop\/ca\/wp-json\/wp\/v2\/pages\/317222\/revisions"}],"predecessor-version":[{"id":389640,"href":"https:\/\/www.fiarebancaetica.coop\/ca\/wp-json\/wp\/v2\/pages\/317222\/revisions\/389640"}],"wp:attachment":[{"href":"https:\/\/www.fiarebancaetica.coop\/ca\/wp-json\/wp\/v2\/media?parent=317222"}],"wp:term":[{"taxonomy":"author","embeddable":true,"href":"https:\/\/www.fiarebancaetica.coop\/ca\/wp-json\/wp\/v2\/coauthors?post=317222"}],"curies":[{"name":"wp","href":"https:\/\/api.w.org\/{rel}","templated":true}]}}