{"id":317272,"date":"2023-11-22T10:32:25","date_gmt":"2023-11-22T09:32:25","guid":{"rendered":"https:\/\/www.fiarebancaetica.coop\/316097-2\/"},"modified":"2026-01-08T10:27:06","modified_gmt":"2026-01-08T09:27:06","slug":"treballa-a-fiare-banca-etica","status":"publish","type":"page","link":"https:\/\/www.fiarebancaetica.coop\/ca\/treballa-a-fiare-banca-etica\/","title":{"rendered":"Treballa a Fiare Banca Etica"},"content":{"rendered":"\n<div style=\"height:100px\" aria-hidden=\"true\" class=\"wp-block-spacer\"><\/div>\n\n\n\n<h1 class=\"wp-block-heading has-text-align-center is-style-lyon\" style=\"font-size:46px\">Treballa a Fiare Banca Etica<\/h1>\n\n\n\n<div style=\"height:40px\" aria-hidden=\"true\" class=\"wp-block-spacer\"><\/div>\n\n\n\n\n<div class=\"crispybacon-block-57\">\n\n    <div class=\"about-col\">\n                    <h2 class=\"about-col-title\">Una banca diferent, per a les persones i el medi ambient.<\/h2>\n        \n                    <div class=\"about-col-description\"><p>M\u00e9s de 400 persones treballen a Espanya i a It\u00e0lia en el nostre projecte de finances \u00e8tiques i<br \/>\ncooperatives que es remunta al 1999, i es compromet a maximitzar els impactes positius per a la<br \/>\ncomunitat i el medi ambient. Busquem constantment nou talent i energia per incloure al nostre equip.<\/p>\n<\/div>\n            <\/div>\n\n    <div class=\"video-col\">\n        <!--IUB-COOKIE-BLOCK-SKIP-START-->\n        <iframe loading=\"lazy\" title=\"Nuestros Valores\" width=\"640\" height=\"360\" src=\"https:\/\/www.youtube.com\/embed\/JJAcRi8HsFM?feature=oembed\" frameborder=\"0\" allow=\"accelerometer; autoplay; clipboard-write; encrypted-media; gyroscope; picture-in-picture; web-share\" referrerpolicy=\"strict-origin-when-cross-origin\" allowfullscreen data-iub-purposes=\"1\"><\/iframe>        <!--IUB-COOKIE-BLOCK-SKIP-END-->\n    <\/div>\n      \n<\/div>\n\n\n\n<div class=\"wrapper-crispybacon-class wrapper-crispybacon-class-wide \">\n    \n\n<h2 class=\"wp-block-heading has-text-align-center\">Descobreix totes les oportunitats<\/h2>\n\n\n<\/div>\n\n\n<div class=\"wrapper-crispybacon-class wrapper-crispybacon-class-large \">\n    \n\n<script src=\"https:\/\/zinrec.intervieweb.it\/integration\/announces_js.php?&#038;h=&#038;w=800&#038;lang=es&#038;utype=0&#038;k=d11b82fc8c9516f0333a7dd7ad0df2e5&#038;LAC=bancapopolareetica&#038;d=fiarebancaetica.coop&#038;annType=published&#038;view=list&#038;defgroup=name&#038;gnavenable=1&#038;desc=1&#038;typeView=large&#038;CodP=1&#038;separateP=\" defer type=\"text\/javascript\"><\/script>\n\n<div id=\"inrecruiting_announces\"><\/div>\n\n\n<\/div>\n\n\n<div class=\"wrapper-crispybacon-class wrapper-crispybacon-class-wide \">\n    \n\n<h2 class=\"wp-block-heading has-text-align-center\">Cap vacant per a tu?<\/h2>\n\n\n\n<p class=\"has-text-align-center\"><br>Envia&#8217;ns el teu CV igualment. Si les teves caracter\u00edstiques coincideixen amb les nostres necessitats, ens posarem en contacte amb tu per a una entrevista.<\/p>\n\n\n\n<p class=\"has-text-align-center\">Per a m\u00e9s informaci\u00f3 escriu-nos a l&#8217;adre\u00e7a de correu electr\u00f2nic seleccion@fiarebancaetica.coop<\/p>\n\n\n\n<p class=\"has-text-align-center\">Segueix-nos tamb\u00e9 en <a href=\"https:\/\/www.linkedin.com\/company\/fiarebancaetica\/?originalSubdomain=es\" target=\"_blank\" rel=\"noreferrer noopener\">Linkedin<\/a><\/p>\n\n\n<\/div>\n\n\n\n<div class=\"crispybacon-block-68\">\n    <div class=\"wrapper\">\n        <div class=\"first-col\">\n                            <h3>Envia el teu CV<\/h3>\n                                        <a href=\"https:\/\/www.fiarebancaetica.coop\/aplicar-espontaneamente\/\">Envia el teu CV<\/a>\n                    <\/div>\n        <div class=\"second-col\">\n                        <h3>Ja has creat el teu perfil?<\/h3>\n                                        <a href=\"https:\/\/zinrec.intervieweb.it\/guest.php?LAC=bancapopolareetica&#038;lang=es\">Actualitza les teves dades<\/a>\n                    <\/div>\n    <\/div>\n<\/div>\n\n\n\n<div style=\"height:46px\" aria-hidden=\"true\" class=\"wp-block-spacer\"><\/div>\n\n\n\n<div class=\"wp-block-bancaetica-blocks-blocks-block-15 crispybacon-block-15\"><div class=\"crispybacon-block-15-left\"><h3 class=\"crispybacon-block-15-title\">Encara est\u00e0s estudiant o acabes d&#8217;incorporar-te al m\u00f3n laboral?<\/h3><div class=\"crispybacon-block-15-description\"><\/div><\/div><div class=\"crispybacon-block-15-right\">\n<div class=\"wp-block-bancaetica-blocks-blocks-block-20 crispybacon-block-20\"><div><h3>Fes pr\u00e0ctiques a Fiare Banca Etica<\/h3><div>Descobreix totes les oportunitats<\/div><\/div><a href=\"https:\/\/www.fiarebancaetica.coop\/practicas\/\"><i class=\"icon-arrow-right\"><\/i><\/a><\/div>\n<\/div><\/div>\n\n\n\n\n<div class=\"crispybacon-block-58\">\n\n                        <div class=\"section-row\">\n                <div class=\"content-col\">\n                                            <h3>Un equip apassionat<\/h3>\n                    \n                                            Creiem en les relacions reals, la cooperaci\u00f3 i l&#8217;intercanvi de valors comuns.                                    <\/div>\n                                    <div class=\"content-image\">\n                        <img decoding=\"async\" src=\"https:\/\/www.fiarebancaetica.coop\/app\/uploads\/sites\/2\/2023\/11\/equipo.jpg\">\n                    <\/div>\n                            <\/div>\n                    <div class=\"section-row\">\n                <div class=\"content-col\">\n                                            <h3>Atenci\u00f3 a la diversitat<\/h3>\n                    \n                                            Reconeixem la diversitat com un recurs fonamental per produir canvis positius.                                    <\/div>\n                                    <div class=\"content-image\">\n                        <img decoding=\"async\" src=\"https:\/\/www.fiarebancaetica.coop\/app\/uploads\/sites\/2\/2023\/11\/5.jpg\">\n                    <\/div>\n                            <\/div>\n                    <div class=\"section-row\">\n                <div class=\"content-col\">\n                                            <h3>Formaci\u00f3 cont\u00ednua<\/h3>\n                    \n                                            Invertim en una formaci\u00f3 que integri dimensions \u00e8tiques, professionals i especialitzades.                                    <\/div>\n                                    <div class=\"content-image\">\n                        <img decoding=\"async\" src=\"https:\/\/www.fiarebancaetica.coop\/app\/uploads\/sites\/2\/2023\/11\/2-1.jpg\">\n                    <\/div>\n                            <\/div>\n                    <div class=\"section-row\">\n                <div class=\"content-col\">\n                                            <h3>Conciliaci\u00f3 laboral<\/h3>\n                    \n                                            Afavorim la flexibilitat d&#8217;horaris i el teletreball per atendre les necessitats personals.                                    <\/div>\n                                    <div class=\"content-image\">\n                        <img decoding=\"async\" src=\"https:\/\/www.fiarebancaetica.coop\/app\/uploads\/sites\/2\/2023\/11\/christin-hume-mfB1B1s4sMc-unsplash-scaled.jpg\">\n                    <\/div>\n                            <\/div>\n            \n      \n<\/div>\n","protected":false},"excerpt":{"rendered":"<p>Treballa a Fiare Banca Etica<\/p>\n","protected":false},"author":6692,"featured_media":0,"parent":0,"menu_order":0,"comment_status":"closed","ping_status":"closed","template":"","meta":{"_acf_changed":false,"footnotes":""},"coauthors":[10744],"class_list":["post-317272","page","type-page","status-publish","hentry","crispybacon-hidden-page-title"],"acf":[],"yoast_head":"<!-- This site is optimized with the Yoast SEO plugin v26.9 - https:\/\/yoast.com\/product\/yoast-seo-wordpress\/ -->\n<title>Treballa a Fiare Banca Etica - Fiare Banca Etica<\/title>\n<meta name=\"description\" content=\"Per fer cr\u00e9ixer una banca diferent per a les persones i per al medi ambient, busquem constantment noves professionalitats i energies per incorporar al nostre equip.\" \/>\n<meta name=\"robots\" content=\"index, follow, max-snippet:-1, max-image-preview:large, max-video-preview:-1\" \/>\n<link rel=\"canonical\" href=\"https:\/\/www.fiarebancaetica.coop\/ca\/treballa-a-fiare-banca-etica\/\" \/>\n<meta property=\"og:locale\" content=\"ca_ES\" \/>\n<meta property=\"og:type\" content=\"article\" \/>\n<meta property=\"og:title\" content=\"Treballa a Fiare Banca Etica - Fiare Banca Etica\" \/>\n<meta property=\"og:description\" content=\"Per fer cr\u00e9ixer una banca diferent per a les persones i per al medi ambient, busquem constantment noves professionalitats i energies per incorporar al nostre equip.\" \/>\n<meta property=\"og:url\" content=\"https:\/\/www.fiarebancaetica.coop\/ca\/treballa-a-fiare-banca-etica\/\" \/>\n<meta property=\"og:site_name\" content=\"Fiare Banca Etica\" \/>\n<meta property=\"article:modified_time\" content=\"2026-01-08T09:27:06+00:00\" \/>\n<meta name=\"twitter:card\" content=\"summary_large_image\" \/>\n<script type=\"application\/ld+json\" class=\"yoast-schema-graph\">{\"@context\":\"https:\/\/schema.org\",\"@graph\":[{\"@type\":\"WebPage\",\"@id\":\"https:\/\/www.fiarebancaetica.coop\/ca\/treballa-a-fiare-banca-etica\/\",\"url\":\"https:\/\/www.fiarebancaetica.coop\/ca\/treballa-a-fiare-banca-etica\/\",\"name\":\"Treballa a Fiare Banca Etica - Fiare Banca Etica\",\"isPartOf\":{\"@id\":\"https:\/\/www.fiarebancaetica.coop\/ca\/#website\"},\"datePublished\":\"2023-11-22T09:32:25+00:00\",\"dateModified\":\"2026-01-08T09:27:06+00:00\",\"description\":\"Per fer cr\u00e9ixer una banca diferent per a les persones i per al medi ambient, busquem constantment noves professionalitats i energies per incorporar al nostre equip.\",\"breadcrumb\":{\"@id\":\"https:\/\/www.fiarebancaetica.coop\/ca\/treballa-a-fiare-banca-etica\/#breadcrumb\"},\"inLanguage\":\"ca\",\"potentialAction\":[{\"@type\":\"ReadAction\",\"target\":[\"https:\/\/www.fiarebancaetica.coop\/ca\/treballa-a-fiare-banca-etica\/\"]}]},{\"@type\":\"BreadcrumbList\",\"@id\":\"https:\/\/www.fiarebancaetica.coop\/ca\/treballa-a-fiare-banca-etica\/#breadcrumb\",\"itemListElement\":[{\"@type\":\"ListItem\",\"position\":1,\"name\":\"Home\",\"item\":\"https:\/\/www.fiarebancaetica.coop\/ca\/\"},{\"@type\":\"ListItem\",\"position\":2,\"name\":\"Treballa a Fiare Banca Etica\"}]},{\"@type\":\"WebSite\",\"@id\":\"https:\/\/www.fiarebancaetica.coop\/ca\/#website\",\"url\":\"https:\/\/www.fiarebancaetica.coop\/ca\/\",\"name\":\"Fiare Banca Etica\",\"description\":\"\",\"potentialAction\":[{\"@type\":\"SearchAction\",\"target\":{\"@type\":\"EntryPoint\",\"urlTemplate\":\"https:\/\/www.fiarebancaetica.coop\/ca\/?s={search_term_string}\"},\"query-input\":{\"@type\":\"PropertyValueSpecification\",\"valueRequired\":true,\"valueName\":\"search_term_string\"}}],\"inLanguage\":\"ca\"}]}<\/script>\n<!-- \/ Yoast SEO plugin. -->","yoast_head_json":{"title":"Treballa a Fiare Banca Etica - Fiare Banca Etica","description":"Per fer cr\u00e9ixer una banca diferent per a les persones i per al medi ambient, busquem constantment noves professionalitats i energies per incorporar al nostre equip.","robots":{"index":"index","follow":"follow","max-snippet":"max-snippet:-1","max-image-preview":"max-image-preview:large","max-video-preview":"max-video-preview:-1"},"canonical":"https:\/\/www.fiarebancaetica.coop\/ca\/treballa-a-fiare-banca-etica\/","og_locale":"ca_ES","og_type":"article","og_title":"Treballa a Fiare Banca Etica - Fiare Banca Etica","og_description":"Per fer cr\u00e9ixer una banca diferent per a les persones i per al medi ambient, busquem constantment noves professionalitats i energies per incorporar al nostre equip.","og_url":"https:\/\/www.fiarebancaetica.coop\/ca\/treballa-a-fiare-banca-etica\/","og_site_name":"Fiare Banca Etica","article_modified_time":"2026-01-08T09:27:06+00:00","twitter_card":"summary_large_image","schema":{"@context":"https:\/\/schema.org","@graph":[{"@type":"WebPage","@id":"https:\/\/www.fiarebancaetica.coop\/ca\/treballa-a-fiare-banca-etica\/","url":"https:\/\/www.fiarebancaetica.coop\/ca\/treballa-a-fiare-banca-etica\/","name":"Treballa a Fiare Banca Etica - Fiare Banca Etica","isPartOf":{"@id":"https:\/\/www.fiarebancaetica.coop\/ca\/#website"},"datePublished":"2023-11-22T09:32:25+00:00","dateModified":"2026-01-08T09:27:06+00:00","description":"Per fer cr\u00e9ixer una banca diferent per a les persones i per al medi ambient, busquem constantment noves professionalitats i energies per incorporar al nostre equip.","breadcrumb":{"@id":"https:\/\/www.fiarebancaetica.coop\/ca\/treballa-a-fiare-banca-etica\/#breadcrumb"},"inLanguage":"ca","potentialAction":[{"@type":"ReadAction","target":["https:\/\/www.fiarebancaetica.coop\/ca\/treballa-a-fiare-banca-etica\/"]}]},{"@type":"BreadcrumbList","@id":"https:\/\/www.fiarebancaetica.coop\/ca\/treballa-a-fiare-banca-etica\/#breadcrumb","itemListElement":[{"@type":"ListItem","position":1,"name":"Home","item":"https:\/\/www.fiarebancaetica.coop\/ca\/"},{"@type":"ListItem","position":2,"name":"Treballa a Fiare Banca Etica"}]},{"@type":"WebSite","@id":"https:\/\/www.fiarebancaetica.coop\/ca\/#website","url":"https:\/\/www.fiarebancaetica.coop\/ca\/","name":"Fiare Banca Etica","description":"","potentialAction":[{"@type":"SearchAction","target":{"@type":"EntryPoint","urlTemplate":"https:\/\/www.fiarebancaetica.coop\/ca\/?s={search_term_string}"},"query-input":{"@type":"PropertyValueSpecification","valueRequired":true,"valueName":"search_term_string"}}],"inLanguage":"ca"}]}},"_links":{"self":[{"href":"https:\/\/www.fiarebancaetica.coop\/ca\/wp-json\/wp\/v2\/pages\/317272","targetHints":{"allow":["GET"]}}],"collection":[{"href":"https:\/\/www.fiarebancaetica.coop\/ca\/wp-json\/wp\/v2\/pages"}],"about":[{"href":"https:\/\/www.fiarebancaetica.coop\/ca\/wp-json\/wp\/v2\/types\/page"}],"author":[{"embeddable":true,"href":"https:\/\/www.fiarebancaetica.coop\/ca\/wp-json\/wp\/v2\/users\/6692"}],"replies":[{"embeddable":true,"href":"https:\/\/www.fiarebancaetica.coop\/ca\/wp-json\/wp\/v2\/comments?post=317272"}],"version-history":[{"count":63,"href":"https:\/\/www.fiarebancaetica.coop\/ca\/wp-json\/wp\/v2\/pages\/317272\/revisions"}],"predecessor-version":[{"id":390107,"href":"https:\/\/www.fiarebancaetica.coop\/ca\/wp-json\/wp\/v2\/pages\/317272\/revisions\/390107"}],"wp:attachment":[{"href":"https:\/\/www.fiarebancaetica.coop\/ca\/wp-json\/wp\/v2\/media?parent=317272"}],"wp:term":[{"taxonomy":"author","embeddable":true,"href":"https:\/\/www.fiarebancaetica.coop\/ca\/wp-json\/wp\/v2\/coauthors?post=317272"}],"curies":[{"name":"wp","href":"https:\/\/api.w.org\/{rel}","templated":true}]}}