{"id":317885,"date":"2023-12-05T10:57:39","date_gmt":"2023-12-05T09:57:39","guid":{"rendered":"https:\/\/www.fiarebancaetica.coop\/?page_id=317885"},"modified":"2024-04-17T13:42:10","modified_gmt":"2024-04-17T11:42:10","slug":"garanties","status":"publish","type":"page","link":"https:\/\/www.fiarebancaetica.coop\/ca\/empreses-organitzacions\/financament\/garanties\/","title":{"rendered":"Garanties"},"content":{"rendered":"\n<div class=\"wrapper-crispybacon-class wrapper-crispybacon-class-medium \">\n    \n\n<div style=\"height:50px\" aria-hidden=\"true\" class=\"wp-block-spacer\"><\/div>\n\n\n\n<div class=\"wp-block-columns is-layout-flex wp-container-core-columns-is-layout-9d6595d7 wp-block-columns-is-layout-flex\">\n<div class=\"wp-block-column is-layout-flow wp-block-column-is-layout-flow\" style=\"flex-basis:50%\">\n<h1 class=\"is-style-lyon wp-block-heading\"><span class=\"has-inline-color has-orange-color\">Garanties<\/span><br>Suport garantit<\/h1>\n\n\n\n<p>A vegades calen m\u00e9s ajudes. Per aix\u00f2 treballem per aconseguir m\u00e9s acords.<\/p>\n<\/div>\n\n\n\n<div class=\"wp-block-column is-layout-flow wp-block-column-is-layout-flow\" style=\"flex-basis:50%\">\n<figure class=\"wp-block-image size-large is-resized\"><img loading=\"lazy\" decoding=\"async\" src=\"https:\/\/www.fiarebancaetica.coop\/app\/uploads\/sites\/2\/2023\/11\/VISUALES_TODOS_garantias-1024x576.png\" alt=\"\" class=\"wp-image-315816\" width=\"538\" height=\"302\" srcset=\"https:\/\/www.fiarebancaetica.coop\/app\/uploads\/sites\/2\/2023\/11\/VISUALES_TODOS_garantias-1024x576.png 1024w, https:\/\/www.fiarebancaetica.coop\/app\/uploads\/sites\/2\/2023\/11\/VISUALES_TODOS_garantias-300x169.png 300w, https:\/\/www.fiarebancaetica.coop\/app\/uploads\/sites\/2\/2023\/11\/VISUALES_TODOS_garantias-768x432.png 768w, https:\/\/www.fiarebancaetica.coop\/app\/uploads\/sites\/2\/2023\/11\/VISUALES_TODOS_garantias-1536x864.png 1536w, https:\/\/www.fiarebancaetica.coop\/app\/uploads\/sites\/2\/2023\/11\/VISUALES_TODOS_garantias-640x360.png 640w, https:\/\/www.fiarebancaetica.coop\/app\/uploads\/sites\/2\/2023\/11\/VISUALES_TODOS_garantias-400x225.png 400w, https:\/\/www.fiarebancaetica.coop\/app\/uploads\/sites\/2\/2023\/11\/VISUALES_TODOS_garantias.png 1920w\" sizes=\"auto, (max-width: 538px) 100vw, 538px\" \/><\/figure>\n<\/div>\n<\/div>\n\n\n\n<hr class=\"wp-block-separator is-style-default\"\/>\n\n\n\n<h4 class=\"wp-block-heading\">ICO<\/h4>\n\n\n\n<p>Disposem de l&#8217;acord amb l&#8217;Institut de Cr\u00e8dit Oficial per facilitar el finan\u00e7ament a empreses i aut\u00f2noms en aquest moment tan delicat econ\u00f2micament i a trav\u00e9s de la l\u00ednia d&#8217;avals d&#8217;ICO Inversi\u00f3n.<\/p>\n\n\n\n<h4 class=\"wp-block-heading\">FEI &#8211; EASI<\/h4>\n\n\n\n<p>Hem posat en marxa l&#8217;acord amb el <a href=\"https:\/\/europa.eu\/institutions\/financial\/eif\/index_es.htm\">Fons Europeu d&#8217;Inversions<\/a> (FEI) per facilitar la garantia EASI a projectes d&#8217;economia social, que cobreix fins al 80 % de la inversi\u00f3 sense cost addicional per als clients per a operacions de fins a 10 anys.<a href=\"https:\/\/www.fiarebancaetica.coop\/empresas-y-organizaciones\/financiacion\/garantia-fei\"><\/a><\/p>\n\n\n\n<h4 class=\"wp-block-heading\">Conveni amb el Govern Basc<\/h4>\n\n\n\n<p>El conveni amb el Govern Basc per facilitar pr\u00e9stecs per aconseguir liquiditat amb l&#8217;aval d&#8217;<a href=\"https:\/\/www.elkargi.es\/es\/producto\/Prestamos-carencia-covid-19\">Elkargi<\/a> ja est\u00e0 disponible.<\/p>\n\n\n\n<h4 class=\"wp-block-heading\">Acord Ajuntament de Barcelona<\/h4>\n\n\n\n<p>Acord amb la Fundaci\u00f3 Finances \u00c8tiques amb l&#8217;Ajuntament de Barcelona per ampliar el <a href=\"https:\/\/www.fiarebancaetica.coop\/empresas-y-organizaciones\/financiacion\/convenios\">fons de garanties<\/a> per a entitats barcelonines d&#8217;economia social i solid\u00e0ria que sol\u00b7licitin finan\u00e7ament.<\/p>\n\n\n\n<h4 class=\"wp-block-heading\">Asturgar<\/h4>\n\n\n\n<p>Disposem d&#8217;un acord amb <a href=\"https:\/\/asturgar.com\/\">Asturgar<\/a> per facilitar el finan\u00e7ament amb garanties en terminis i condicions m\u00e9s bons.<\/p>\n\n\n\n<div style=\"height:64px\" aria-hidden=\"true\" class=\"wp-block-spacer\"><\/div>\n\n\n\n        <div class=\"wp-block-bancaetica-blocks-blocks-block-02 \" style=\"background-color: #003087;\">\n            <div class=\"container-block\">\n                <h3 class=\"section-content\" style=\"text-align: ;\">\n                                    <\/h3>\n                <p class=\"section-paragraph\" style=\"text-align: ;\">\n                                    <\/p>\n                                <div class=\"cta  with-margin\" style=\"background-color: ; border: none;\">\n                    <a href=\"https:\/\/www.fiarebancaetica.coop\/ca\/contacte\/\" target=\"_blank\" rel=\"noreferrer noopener\">CONTACTA&#8217;NS<\/a>                <\/div>\n                            <\/div>\n        <\/div>\n\n        \n\n<\/div>\n\n\n<div style=\"height:100px\" aria-hidden=\"true\" class=\"wp-block-spacer\"><\/div>\n","protected":false},"excerpt":{"rendered":"","protected":false},"author":6693,"featured_media":0,"parent":317855,"menu_order":0,"comment_status":"closed","ping_status":"closed","template":"","meta":{"_acf_changed":false,"footnotes":""},"coauthors":[10743],"class_list":["post-317885","page","type-page","status-publish","hentry","crispybacon-hidden-page-title"],"acf":[],"yoast_head":"<!-- This site is optimized with the Yoast SEO plugin v26.9 - https:\/\/yoast.com\/product\/yoast-seo-wordpress\/ -->\n<title>Garanties - Suport garantitzat: ICO, FEI - EASI - Fiare Banca Etica<\/title>\n<meta name=\"robots\" content=\"index, follow, max-snippet:-1, max-image-preview:large, max-video-preview:-1\" \/>\n<link rel=\"canonical\" href=\"https:\/\/www.fiarebancaetica.coop\/ca\/empreses-organitzacions\/financament\/garanties\/\" \/>\n<meta property=\"og:locale\" content=\"ca_ES\" \/>\n<meta property=\"og:type\" content=\"article\" \/>\n<meta property=\"og:title\" content=\"Garanties - Suport garantitzat: ICO, FEI - EASI - Fiare Banca Etica\" \/>\n<meta property=\"og:url\" content=\"https:\/\/www.fiarebancaetica.coop\/ca\/empreses-organitzacions\/financament\/garanties\/\" \/>\n<meta property=\"og:site_name\" content=\"Fiare Banca Etica\" \/>\n<meta property=\"article:modified_time\" content=\"2024-04-17T11:42:10+00:00\" \/>\n<meta property=\"og:image\" content=\"https:\/\/www.fiarebancaetica.coop\/app\/uploads\/sites\/2\/2023\/11\/VISUALES_TODOS_garantias-1024x576.png\" \/>\n<meta name=\"twitter:card\" content=\"summary_large_image\" \/>\n<script type=\"application\/ld+json\" class=\"yoast-schema-graph\">{\"@context\":\"https:\/\/schema.org\",\"@graph\":[{\"@type\":\"WebPage\",\"@id\":\"https:\/\/www.fiarebancaetica.coop\/ca\/empreses-organitzacions\/financament\/garanties\/\",\"url\":\"https:\/\/www.fiarebancaetica.coop\/ca\/empreses-organitzacions\/financament\/garanties\/\",\"name\":\"Garanties - Suport garantitzat: ICO, FEI - EASI - Fiare Banca Etica\",\"isPartOf\":{\"@id\":\"https:\/\/www.fiarebancaetica.coop\/ca\/#website\"},\"primaryImageOfPage\":{\"@id\":\"https:\/\/www.fiarebancaetica.coop\/ca\/empreses-organitzacions\/financament\/garanties\/#primaryimage\"},\"image\":{\"@id\":\"https:\/\/www.fiarebancaetica.coop\/ca\/empreses-organitzacions\/financament\/garanties\/#primaryimage\"},\"thumbnailUrl\":\"https:\/\/www.fiarebancaetica.coop\/app\/uploads\/sites\/2\/2023\/11\/VISUALES_TODOS_garantias-1024x576.png\",\"datePublished\":\"2023-12-05T09:57:39+00:00\",\"dateModified\":\"2024-04-17T11:42:10+00:00\",\"breadcrumb\":{\"@id\":\"https:\/\/www.fiarebancaetica.coop\/ca\/empreses-organitzacions\/financament\/garanties\/#breadcrumb\"},\"inLanguage\":\"ca\",\"potentialAction\":[{\"@type\":\"ReadAction\",\"target\":[\"https:\/\/www.fiarebancaetica.coop\/ca\/empreses-organitzacions\/financament\/garanties\/\"]}]},{\"@type\":\"ImageObject\",\"inLanguage\":\"ca\",\"@id\":\"https:\/\/www.fiarebancaetica.coop\/ca\/empreses-organitzacions\/financament\/garanties\/#primaryimage\",\"url\":\"https:\/\/www.fiarebancaetica.coop\/app\/uploads\/sites\/2\/2023\/11\/VISUALES_TODOS_garantias-1024x576.png\",\"contentUrl\":\"https:\/\/www.fiarebancaetica.coop\/app\/uploads\/sites\/2\/2023\/11\/VISUALES_TODOS_garantias-1024x576.png\"},{\"@type\":\"BreadcrumbList\",\"@id\":\"https:\/\/www.fiarebancaetica.coop\/ca\/empreses-organitzacions\/financament\/garanties\/#breadcrumb\",\"itemListElement\":[{\"@type\":\"ListItem\",\"position\":1,\"name\":\"Home\",\"item\":\"https:\/\/www.fiarebancaetica.coop\/ca\/\"},{\"@type\":\"ListItem\",\"position\":2,\"name\":\"Empreses i organitzacions\",\"item\":\"https:\/\/www.fiarebancaetica.coop\/ca\/empreses-organitzacions\/\"},{\"@type\":\"ListItem\",\"position\":3,\"name\":\"Finan\u00e7ament\",\"item\":\"https:\/\/www.fiarebancaetica.coop\/ca\/empreses-organitzacions\/financament\/\"},{\"@type\":\"ListItem\",\"position\":4,\"name\":\"Garanties\"}]},{\"@type\":\"WebSite\",\"@id\":\"https:\/\/www.fiarebancaetica.coop\/ca\/#website\",\"url\":\"https:\/\/www.fiarebancaetica.coop\/ca\/\",\"name\":\"Fiare Banca Etica\",\"description\":\"\",\"potentialAction\":[{\"@type\":\"SearchAction\",\"target\":{\"@type\":\"EntryPoint\",\"urlTemplate\":\"https:\/\/www.fiarebancaetica.coop\/ca\/?s={search_term_string}\"},\"query-input\":{\"@type\":\"PropertyValueSpecification\",\"valueRequired\":true,\"valueName\":\"search_term_string\"}}],\"inLanguage\":\"ca\"}]}<\/script>\n<!-- \/ Yoast SEO plugin. -->","yoast_head_json":{"title":"Garanties - Suport garantitzat: ICO, FEI - EASI - Fiare Banca Etica","robots":{"index":"index","follow":"follow","max-snippet":"max-snippet:-1","max-image-preview":"max-image-preview:large","max-video-preview":"max-video-preview:-1"},"canonical":"https:\/\/www.fiarebancaetica.coop\/ca\/empreses-organitzacions\/financament\/garanties\/","og_locale":"ca_ES","og_type":"article","og_title":"Garanties - Suport garantitzat: ICO, FEI - EASI - Fiare Banca Etica","og_url":"https:\/\/www.fiarebancaetica.coop\/ca\/empreses-organitzacions\/financament\/garanties\/","og_site_name":"Fiare Banca Etica","article_modified_time":"2024-04-17T11:42:10+00:00","og_image":[{"url":"https:\/\/www.fiarebancaetica.coop\/app\/uploads\/sites\/2\/2023\/11\/VISUALES_TODOS_garantias-1024x576.png","type":"","width":"","height":""}],"twitter_card":"summary_large_image","schema":{"@context":"https:\/\/schema.org","@graph":[{"@type":"WebPage","@id":"https:\/\/www.fiarebancaetica.coop\/ca\/empreses-organitzacions\/financament\/garanties\/","url":"https:\/\/www.fiarebancaetica.coop\/ca\/empreses-organitzacions\/financament\/garanties\/","name":"Garanties - Suport garantitzat: ICO, FEI - EASI - Fiare Banca Etica","isPartOf":{"@id":"https:\/\/www.fiarebancaetica.coop\/ca\/#website"},"primaryImageOfPage":{"@id":"https:\/\/www.fiarebancaetica.coop\/ca\/empreses-organitzacions\/financament\/garanties\/#primaryimage"},"image":{"@id":"https:\/\/www.fiarebancaetica.coop\/ca\/empreses-organitzacions\/financament\/garanties\/#primaryimage"},"thumbnailUrl":"https:\/\/www.fiarebancaetica.coop\/app\/uploads\/sites\/2\/2023\/11\/VISUALES_TODOS_garantias-1024x576.png","datePublished":"2023-12-05T09:57:39+00:00","dateModified":"2024-04-17T11:42:10+00:00","breadcrumb":{"@id":"https:\/\/www.fiarebancaetica.coop\/ca\/empreses-organitzacions\/financament\/garanties\/#breadcrumb"},"inLanguage":"ca","potentialAction":[{"@type":"ReadAction","target":["https:\/\/www.fiarebancaetica.coop\/ca\/empreses-organitzacions\/financament\/garanties\/"]}]},{"@type":"ImageObject","inLanguage":"ca","@id":"https:\/\/www.fiarebancaetica.coop\/ca\/empreses-organitzacions\/financament\/garanties\/#primaryimage","url":"https:\/\/www.fiarebancaetica.coop\/app\/uploads\/sites\/2\/2023\/11\/VISUALES_TODOS_garantias-1024x576.png","contentUrl":"https:\/\/www.fiarebancaetica.coop\/app\/uploads\/sites\/2\/2023\/11\/VISUALES_TODOS_garantias-1024x576.png"},{"@type":"BreadcrumbList","@id":"https:\/\/www.fiarebancaetica.coop\/ca\/empreses-organitzacions\/financament\/garanties\/#breadcrumb","itemListElement":[{"@type":"ListItem","position":1,"name":"Home","item":"https:\/\/www.fiarebancaetica.coop\/ca\/"},{"@type":"ListItem","position":2,"name":"Empreses i organitzacions","item":"https:\/\/www.fiarebancaetica.coop\/ca\/empreses-organitzacions\/"},{"@type":"ListItem","position":3,"name":"Finan\u00e7ament","item":"https:\/\/www.fiarebancaetica.coop\/ca\/empreses-organitzacions\/financament\/"},{"@type":"ListItem","position":4,"name":"Garanties"}]},{"@type":"WebSite","@id":"https:\/\/www.fiarebancaetica.coop\/ca\/#website","url":"https:\/\/www.fiarebancaetica.coop\/ca\/","name":"Fiare Banca Etica","description":"","potentialAction":[{"@type":"SearchAction","target":{"@type":"EntryPoint","urlTemplate":"https:\/\/www.fiarebancaetica.coop\/ca\/?s={search_term_string}"},"query-input":{"@type":"PropertyValueSpecification","valueRequired":true,"valueName":"search_term_string"}}],"inLanguage":"ca"}]}},"_links":{"self":[{"href":"https:\/\/www.fiarebancaetica.coop\/ca\/wp-json\/wp\/v2\/pages\/317885","targetHints":{"allow":["GET"]}}],"collection":[{"href":"https:\/\/www.fiarebancaetica.coop\/ca\/wp-json\/wp\/v2\/pages"}],"about":[{"href":"https:\/\/www.fiarebancaetica.coop\/ca\/wp-json\/wp\/v2\/types\/page"}],"author":[{"embeddable":true,"href":"https:\/\/www.fiarebancaetica.coop\/ca\/wp-json\/wp\/v2\/users\/6693"}],"replies":[{"embeddable":true,"href":"https:\/\/www.fiarebancaetica.coop\/ca\/wp-json\/wp\/v2\/comments?post=317885"}],"version-history":[{"count":9,"href":"https:\/\/www.fiarebancaetica.coop\/ca\/wp-json\/wp\/v2\/pages\/317885\/revisions"}],"predecessor-version":[{"id":370733,"href":"https:\/\/www.fiarebancaetica.coop\/ca\/wp-json\/wp\/v2\/pages\/317885\/revisions\/370733"}],"up":[{"embeddable":true,"href":"https:\/\/www.fiarebancaetica.coop\/ca\/wp-json\/wp\/v2\/pages\/317855"}],"wp:attachment":[{"href":"https:\/\/www.fiarebancaetica.coop\/ca\/wp-json\/wp\/v2\/media?parent=317885"}],"wp:term":[{"taxonomy":"author","embeddable":true,"href":"https:\/\/www.fiarebancaetica.coop\/ca\/wp-json\/wp\/v2\/coauthors?post=317885"}],"curies":[{"name":"wp","href":"https:\/\/api.w.org\/{rel}","templated":true}]}}