{"id":317890,"date":"2023-12-05T11:06:57","date_gmt":"2023-12-05T10:06:57","guid":{"rendered":"https:\/\/www.fiarebancaetica.coop\/?page_id=317890"},"modified":"2024-02-21T15:38:16","modified_gmt":"2024-02-21T14:38:16","slug":"principals-ambits-de-financament","status":"publish","type":"page","link":"https:\/\/www.fiarebancaetica.coop\/ca\/empreses-organitzacions\/financament\/principals-ambits-de-financament\/","title":{"rendered":"Principals \u00e0mbits de finan\u00e7ament"},"content":{"rendered":"\n<div class=\"wrapper-crispybacon-class wrapper-crispybacon-class-medium \">\n    \n\n<h1 class=\"is-style-lyon wp-block-heading\"><span class=\"has-inline-color has-orange-color\">Principals \u00e0mbits de finan\u00e7ament<\/span><br>El nostre finan\u00e7ament arriba on en cal m\u00e9s. Per principi.<\/h1>\n\n\n\n<p>Per a un determinat tipus d&#8217;empreses \u00e9s f\u00e0cil trobar finan\u00e7ament. Per\u00f2 quan l&#8217;\u00e0mbit d&#8217;una organitzaci\u00f3 \u00e9s social, et cal un capital que respongui.<\/p>\n\n\n\n<hr class=\"wp-block-separator is-style-default\" \/>\n\n\n\n<p>Els \u00e0mbits principals de finan\u00e7ament de Fiare Banca Etica s\u00f3n:<\/p>\n\n\n\n<ul class=\"wp-block-list\"><li>Inserci\u00f3 social i laboral de persones.<\/li><li>Agricultura de proximitat i\/o ecol\u00f2gica.<\/li><li>Sostenibilitat mediambiental, autoconsum, etc.<\/li><li>Cultura, educaci\u00f3 i digitalitzaci\u00f3.<\/li><li>Cooperaci\u00f3 al desenvolupament i comer\u00e7 just.<\/li><li>Habitatge social i\/o cooperativa.<\/li><li>Finances \u00e8tiques.<\/li><\/ul>\n\n\n\n<p>Si la teva empresa\/organitzaci\u00f3 es troba entre els \u00e0mbits de treball anteriors, et podr\u00e0s beneficiar d&#8217;una \u00e0mplia varietat d&#8217;opcions de cr\u00e8dit. Posa&#8217;t en contacte amb el personal.<\/p>\n\n\n\n<div style=\"height:64px\" aria-hidden=\"true\" class=\"wp-block-spacer\"><\/div>\n\n\n\n        <div class=\"wp-block-bancaetica-blocks-blocks-block-02 \" style=\"background-color: #003087;\">\n            <div class=\"container-block\">\n                <h3 class=\"section-content\" style=\"text-align: ;\">\n                                    <\/h3>\n                <p class=\"section-paragraph\" style=\"text-align: ;\">\n                                    <\/p>\n                                <div class=\"cta  with-margin\" style=\"background-color: ; border: none;\">\n                    <a href=\"https:\/\/www.fiarebancaetica.coop\/ca\/contacte\/\" target=\"_blank\" rel=\"noreferrer noopener\">CONTACTA&#8217;NS<\/a>                <\/div>\n                            <\/div>\n        <\/div>\n\n        \n\n<\/div>\n\n\n<div style=\"height:100px\" aria-hidden=\"true\" class=\"wp-block-spacer\"><\/div>\n","protected":false},"excerpt":{"rendered":"","protected":false},"author":6693,"featured_media":0,"parent":317855,"menu_order":0,"comment_status":"closed","ping_status":"closed","template":"","meta":{"_acf_changed":false,"footnotes":""},"coauthors":[10743],"class_list":["post-317890","page","type-page","status-publish","hentry","crispybacon-hidden-page-title"],"acf":[],"yoast_head":"<!-- This site is optimized with the Yoast SEO plugin v26.9 - https:\/\/yoast.com\/product\/yoast-seo-wordpress\/ -->\n<title>Principals \u00e0mbits de finan\u00e7ament - Fiare Banca Etica<\/title>\n<meta name=\"robots\" content=\"index, follow, max-snippet:-1, max-image-preview:large, max-video-preview:-1\" \/>\n<link rel=\"canonical\" href=\"https:\/\/www.fiarebancaetica.coop\/ca\/empreses-organitzacions\/financament\/principals-ambits-de-financament\/\" \/>\n<meta property=\"og:locale\" content=\"ca_ES\" \/>\n<meta property=\"og:type\" content=\"article\" \/>\n<meta property=\"og:title\" content=\"Principals \u00e0mbits de finan\u00e7ament - Fiare Banca Etica\" \/>\n<meta property=\"og:url\" content=\"https:\/\/www.fiarebancaetica.coop\/ca\/empreses-organitzacions\/financament\/principals-ambits-de-financament\/\" \/>\n<meta property=\"og:site_name\" content=\"Fiare Banca Etica\" \/>\n<meta property=\"article:modified_time\" content=\"2024-02-21T14:38:16+00:00\" \/>\n<meta name=\"twitter:card\" content=\"summary_large_image\" \/>\n<script type=\"application\/ld+json\" class=\"yoast-schema-graph\">{\"@context\":\"https:\/\/schema.org\",\"@graph\":[{\"@type\":\"WebPage\",\"@id\":\"https:\/\/www.fiarebancaetica.coop\/ca\/empreses-organitzacions\/financament\/principals-ambits-de-financament\/\",\"url\":\"https:\/\/www.fiarebancaetica.coop\/ca\/empreses-organitzacions\/financament\/principals-ambits-de-financament\/\",\"name\":\"Principals \u00e0mbits de finan\u00e7ament - Fiare Banca Etica\",\"isPartOf\":{\"@id\":\"https:\/\/www.fiarebancaetica.coop\/ca\/#website\"},\"datePublished\":\"2023-12-05T10:06:57+00:00\",\"dateModified\":\"2024-02-21T14:38:16+00:00\",\"breadcrumb\":{\"@id\":\"https:\/\/www.fiarebancaetica.coop\/ca\/empreses-organitzacions\/financament\/principals-ambits-de-financament\/#breadcrumb\"},\"inLanguage\":\"ca\",\"potentialAction\":[{\"@type\":\"ReadAction\",\"target\":[\"https:\/\/www.fiarebancaetica.coop\/ca\/empreses-organitzacions\/financament\/principals-ambits-de-financament\/\"]}]},{\"@type\":\"BreadcrumbList\",\"@id\":\"https:\/\/www.fiarebancaetica.coop\/ca\/empreses-organitzacions\/financament\/principals-ambits-de-financament\/#breadcrumb\",\"itemListElement\":[{\"@type\":\"ListItem\",\"position\":1,\"name\":\"Home\",\"item\":\"https:\/\/www.fiarebancaetica.coop\/ca\/\"},{\"@type\":\"ListItem\",\"position\":2,\"name\":\"Empreses i organitzacions\",\"item\":\"https:\/\/www.fiarebancaetica.coop\/ca\/empreses-organitzacions\/\"},{\"@type\":\"ListItem\",\"position\":3,\"name\":\"Finan\u00e7ament\",\"item\":\"https:\/\/www.fiarebancaetica.coop\/ca\/empreses-organitzacions\/financament\/\"},{\"@type\":\"ListItem\",\"position\":4,\"name\":\"Principals \u00e0mbits de finan\u00e7ament\"}]},{\"@type\":\"WebSite\",\"@id\":\"https:\/\/www.fiarebancaetica.coop\/ca\/#website\",\"url\":\"https:\/\/www.fiarebancaetica.coop\/ca\/\",\"name\":\"Fiare Banca Etica\",\"description\":\"\",\"potentialAction\":[{\"@type\":\"SearchAction\",\"target\":{\"@type\":\"EntryPoint\",\"urlTemplate\":\"https:\/\/www.fiarebancaetica.coop\/ca\/?s={search_term_string}\"},\"query-input\":{\"@type\":\"PropertyValueSpecification\",\"valueRequired\":true,\"valueName\":\"search_term_string\"}}],\"inLanguage\":\"ca\"}]}<\/script>\n<!-- \/ Yoast SEO plugin. -->","yoast_head_json":{"title":"Principals \u00e0mbits de finan\u00e7ament - Fiare Banca Etica","robots":{"index":"index","follow":"follow","max-snippet":"max-snippet:-1","max-image-preview":"max-image-preview:large","max-video-preview":"max-video-preview:-1"},"canonical":"https:\/\/www.fiarebancaetica.coop\/ca\/empreses-organitzacions\/financament\/principals-ambits-de-financament\/","og_locale":"ca_ES","og_type":"article","og_title":"Principals \u00e0mbits de finan\u00e7ament - Fiare Banca Etica","og_url":"https:\/\/www.fiarebancaetica.coop\/ca\/empreses-organitzacions\/financament\/principals-ambits-de-financament\/","og_site_name":"Fiare Banca Etica","article_modified_time":"2024-02-21T14:38:16+00:00","twitter_card":"summary_large_image","schema":{"@context":"https:\/\/schema.org","@graph":[{"@type":"WebPage","@id":"https:\/\/www.fiarebancaetica.coop\/ca\/empreses-organitzacions\/financament\/principals-ambits-de-financament\/","url":"https:\/\/www.fiarebancaetica.coop\/ca\/empreses-organitzacions\/financament\/principals-ambits-de-financament\/","name":"Principals \u00e0mbits de finan\u00e7ament - Fiare Banca Etica","isPartOf":{"@id":"https:\/\/www.fiarebancaetica.coop\/ca\/#website"},"datePublished":"2023-12-05T10:06:57+00:00","dateModified":"2024-02-21T14:38:16+00:00","breadcrumb":{"@id":"https:\/\/www.fiarebancaetica.coop\/ca\/empreses-organitzacions\/financament\/principals-ambits-de-financament\/#breadcrumb"},"inLanguage":"ca","potentialAction":[{"@type":"ReadAction","target":["https:\/\/www.fiarebancaetica.coop\/ca\/empreses-organitzacions\/financament\/principals-ambits-de-financament\/"]}]},{"@type":"BreadcrumbList","@id":"https:\/\/www.fiarebancaetica.coop\/ca\/empreses-organitzacions\/financament\/principals-ambits-de-financament\/#breadcrumb","itemListElement":[{"@type":"ListItem","position":1,"name":"Home","item":"https:\/\/www.fiarebancaetica.coop\/ca\/"},{"@type":"ListItem","position":2,"name":"Empreses i organitzacions","item":"https:\/\/www.fiarebancaetica.coop\/ca\/empreses-organitzacions\/"},{"@type":"ListItem","position":3,"name":"Finan\u00e7ament","item":"https:\/\/www.fiarebancaetica.coop\/ca\/empreses-organitzacions\/financament\/"},{"@type":"ListItem","position":4,"name":"Principals \u00e0mbits de finan\u00e7ament"}]},{"@type":"WebSite","@id":"https:\/\/www.fiarebancaetica.coop\/ca\/#website","url":"https:\/\/www.fiarebancaetica.coop\/ca\/","name":"Fiare Banca Etica","description":"","potentialAction":[{"@type":"SearchAction","target":{"@type":"EntryPoint","urlTemplate":"https:\/\/www.fiarebancaetica.coop\/ca\/?s={search_term_string}"},"query-input":{"@type":"PropertyValueSpecification","valueRequired":true,"valueName":"search_term_string"}}],"inLanguage":"ca"}]}},"_links":{"self":[{"href":"https:\/\/www.fiarebancaetica.coop\/ca\/wp-json\/wp\/v2\/pages\/317890","targetHints":{"allow":["GET"]}}],"collection":[{"href":"https:\/\/www.fiarebancaetica.coop\/ca\/wp-json\/wp\/v2\/pages"}],"about":[{"href":"https:\/\/www.fiarebancaetica.coop\/ca\/wp-json\/wp\/v2\/types\/page"}],"author":[{"embeddable":true,"href":"https:\/\/www.fiarebancaetica.coop\/ca\/wp-json\/wp\/v2\/users\/6693"}],"replies":[{"embeddable":true,"href":"https:\/\/www.fiarebancaetica.coop\/ca\/wp-json\/wp\/v2\/comments?post=317890"}],"version-history":[{"count":8,"href":"https:\/\/www.fiarebancaetica.coop\/ca\/wp-json\/wp\/v2\/pages\/317890\/revisions"}],"predecessor-version":[{"id":370752,"href":"https:\/\/www.fiarebancaetica.coop\/ca\/wp-json\/wp\/v2\/pages\/317890\/revisions\/370752"}],"up":[{"embeddable":true,"href":"https:\/\/www.fiarebancaetica.coop\/ca\/wp-json\/wp\/v2\/pages\/317855"}],"wp:attachment":[{"href":"https:\/\/www.fiarebancaetica.coop\/ca\/wp-json\/wp\/v2\/media?parent=317890"}],"wp:term":[{"taxonomy":"author","embeddable":true,"href":"https:\/\/www.fiarebancaetica.coop\/ca\/wp-json\/wp\/v2\/coauthors?post=317890"}],"curies":[{"name":"wp","href":"https:\/\/api.w.org\/{rel}","templated":true}]}}