{"id":322294,"date":"2023-12-15T10:31:17","date_gmt":"2023-12-15T09:31:17","guid":{"rendered":"https:\/\/www.fiarebancaetica.coop\/?page_id=322294"},"modified":"2025-05-11T22:21:55","modified_gmt":"2025-05-11T20:21:55","slug":"assemblea-de-persones-socies","status":"publish","type":"page","link":"https:\/\/www.fiarebancaetica.coop\/ca\/assemblea-de-persones-socies\/","title":{"rendered":"Assemblea de Persones S\u00f2cies"},"content":{"rendered":"\n\n<div class=\"crispybacon-block-57\">\n\n    <div class=\"about-col\">\n                    <h2 class=\"about-col-title\">Qu\u00e8 \u00e9s l&#8217;Assemblea?<\/h2>\n        \n                    <div class=\"about-col-description\"><p>La Asamblea de Personas Socias es el \u00f3rgano soberano de Banca Etica y est\u00e1 abierto a todos los socios y socias. Es la mejor forma de garantizar que todo lo que hacemos est\u00e1 de acuerdo con tus principios.<\/p>\n<p>Les modalitats en qu\u00e8 es pot dur a terme l\u2019assemblea es defineixen en el <strong><a href=\"http:\/\/www.fiarebancaetica.coop\/app\/uploads\/sites\/2\/2024\/01\/reglamento-asambleario-2021.pdf\">Reglament de l\u2019assemblea.<\/a><\/strong><\/p>\n<\/div>\n            <\/div>\n\n    <div class=\"video-col\">\n        <!--IUB-COOKIE-BLOCK-SKIP-START-->\n        <img loading=\"lazy\" decoding=\"async\" width=\"640\" height=\"428\" src=\"https:\/\/www.fiarebancaetica.coop\/app\/uploads\/sites\/2\/2023\/12\/area-soci-1-1024x684.jpg\" class=\"attachment-large size-large\" alt=\"\" srcset=\"https:\/\/www.fiarebancaetica.coop\/app\/uploads\/sites\/2\/2023\/12\/area-soci-1-1024x684.jpg 1024w, https:\/\/www.fiarebancaetica.coop\/app\/uploads\/sites\/2\/2023\/12\/area-soci-1-300x200.jpg 300w, https:\/\/www.fiarebancaetica.coop\/app\/uploads\/sites\/2\/2023\/12\/area-soci-1-768x513.jpg 768w, https:\/\/www.fiarebancaetica.coop\/app\/uploads\/sites\/2\/2023\/12\/area-soci-1.jpg 1256w\" sizes=\"auto, (max-width: 640px) 100vw, 640px\" \/>        <!--IUB-COOKIE-BLOCK-SKIP-END-->\n    <\/div>\n      \n<\/div>\n\n\n\n<div class=\"wrapper-crispybacon-class wrapper-crispybacon-class-medium \">\n    \n\n<div style=\"height:40px\" aria-hidden=\"true\" class=\"wp-block-spacer\"><\/div>\n\n\n\n<p>A la data, m\u00e9s de 47.000 persones, organitzacions i empreses estan participant en al construcci\u00f3 d&#8217;un nou model bancari que generi impactes socials i ambientals positius. Una alternativa efica\u00e7 al finan\u00e7ament que especula i genera desigualtats.<\/p>\n\n\n\n<div style=\"height:40px\" aria-hidden=\"true\" class=\"wp-block-spacer\"><\/div>\n\n\n<\/div>\n\n\n\n<div class=\"crispybacon-block-58\">\n\n                        <div class=\"section-row\">\n                <div class=\"content-col\">\n                                            <h3>L\u2019Assemblea de Socis i S\u00f2cies \u00e9s l\u2019\u00f2rgan sobir\u00e0 de Banca Etica<\/h3>\n                    \n                                            Est\u00e0 obert a tots els socis i s\u00f2cies que faci un m\u00ednim de noranta dies que hi estiguin inscrits.\r\n                                    <\/div>\n                                    <div class=\"content-image\">\n                        <img decoding=\"async\" src=\"https:\/\/www.fiarebancaetica.coop\/app\/uploads\/sites\/2\/2023\/12\/area-soci-2.jpg\">\n                    <\/div>\n                            <\/div>\n                    <div class=\"section-row\">\n                <div class=\"content-col\">\n                                            <h3>Regeix el principi de vot individual \u201cun soci\/s\u00f2cia, un vot\u201d<\/h3>\n                    \n                                            Cada persona s\u00f2cia t\u00e9 dret a un \u00fanic vot, independentment del nombre d\u2019accions subscrites.\r\n                                    <\/div>\n                                    <div class=\"content-image\">\n                        <img decoding=\"async\" src=\"https:\/\/www.fiarebancaetica.coop\/app\/uploads\/sites\/2\/2023\/12\/area-soci-3.jpg\">\n                    <\/div>\n                            <\/div>\n                    <div class=\"section-row\">\n                <div class=\"content-col\">\n                                            <h3>L\u2019Assemblea de Socis i S\u00f2cies es reuneix en convocat\u00f2ria ordin\u00e0ria almenys una vegada l\u2019any<\/h3>\n                    \n                                            Ocasionalment se\u2019n pugui celebrar una convocat\u00f2ria extraordin\u00e0ria.                                    <\/div>\n                                    <div class=\"content-image\">\n                        <img decoding=\"async\" src=\"https:\/\/www.fiarebancaetica.coop\/app\/uploads\/sites\/2\/2023\/12\/area-soci-4.jpg\">\n                    <\/div>\n                            <\/div>\n                    <div class=\"section-row\">\n                <div class=\"content-col\">\n                                            <h3>La participaci\u00f3n en la Asamblea tambi\u00e9n podr\u00e1 realizarse online<\/h3>\n                    \n                                            A trav\u00e9s d&#8217;un procediment especial que garanteix la identificaci\u00f3 i el vot.                                    <\/div>\n                                    <div class=\"content-image\">\n                        <img decoding=\"async\" src=\"https:\/\/www.fiarebancaetica.coop\/app\/uploads\/sites\/2\/2023\/12\/area-soci-5.jpg\">\n                    <\/div>\n                            <\/div>\n            \n      \n<\/div>\n\n\n\n<div style=\"height:40px\" aria-hidden=\"true\" class=\"wp-block-spacer\"><\/div>\n\n\n\n<div class=\"block-91-charts\">\n            <h3 class=\"block-91-charts__title\">Socis i s\u00f2cies totals: 48.721<\/h3>\n                <div class=\"block-91-charts__wrapper\">\n            \n                <div class=\"block-91-chart\">\n                    <div class=\"block-91-chart__title\">Tipus<\/div>\n                    <canvas id=\"chart-34429\"><\/canvas>\n                    <div id=\"chart-34429-legend\" class=\"block-91-chart__legend\"><\/div>\n                    <div class=\"block-91-chart__note\"><\/div>\n                <\/div>\n\n                <script type=\"text\/javascript\" data-iub-purposes=\"1\" class=\"_iub_cs_activate\">\n                    (function( $ ) {\n                        const myChartData = {\n                            type: 'doughnut',\n                            data: {\n                                labels: [\"Persones f\\u00edsiques\",\"Persones jur\\u00eddiques\"],\n                                datasets: [{\n                                    label: \"Test\",\n                                    data: [40385,8336],\n                                    backgroundColor: [\"#00C8FF\",\"#003087\"],\n                                    hoverOffset: 4,\n                                }]\n                            },\n                            options: {\n                                responsive: true,\n                                plugins: {\n                                    legend: {\n                                        display: false,\n                                    },\n                                    title: {\n                                        display: false,\n                                    }\n                                }\n                            },\n                            plugins: [{\n                                beforeInit: function(chart, args, options) {\n                                    \/\/ Make sure we're applying the legend to the right chart\n                                    if (chart.canvas.id === 'chart-34429') {\n                                        var locale = 'it';\n                                        var options = {minimumFractionDigits: 0, maximumFractionDigits: 2};\n                                        var formatter = new Intl.NumberFormat(locale, options);\n                                        const ul = document.createElement('ul');\n                                        chart.data.labels.forEach((label, i) => {\n                                            var spanSquare = document.createElement('span');\n                                            spanSquare.classList.add('block-91-chart__legend-decoration');\n                                            spanSquare.style.backgroundColor = chart.data.datasets[0].backgroundColor[i];\n                                            \n                                            var spanLabel = document.createElement('span');\n                                            spanLabel.classList.add('block-91-chart__legend-text');\n                                            spanLabel.innerHTML = ` ${ label }: ${ formatter.format(chart.data.datasets[0].data[i]) } `;\n\n                                            var li = document.createElement('li');\n                                            li.appendChild(spanSquare);\n                                            li.appendChild(spanLabel);\n\n                                            ul.appendChild(li);\n                                        });\n\n                                        return document.getElementById('chart-34429-legend').appendChild(ul);\n                                    }\n\n                                    return;\n                                },\n                            }],\n                        };\n\n                        $(document).ready(function() {\n                            createChart('chart-34429', myChartData, 'chart-34429-legend');\n                        });\n\n                    })(jQuery);\n                <\/script>\n\n            \n                <div class=\"block-91-chart\">\n                    <div class=\"block-91-chart__title\">\u00c0rea geogr\u00e0fica<\/div>\n                    <canvas id=\"chart-73717\"><\/canvas>\n                    <div id=\"chart-73717-legend\" class=\"block-91-chart__legend\"><\/div>\n                    <div class=\"block-91-chart__note\">Dades actualitzades el 31\/12\/2024<\/div>\n                <\/div>\n\n                <script type=\"text\/javascript\" data-iub-purposes=\"1\" class=\"_iub_cs_activate\">\n                    (function( $ ) {\n                        const myChartData = {\n                            type: 'doughnut',\n                            data: {\n                                labels: [\"It\\u00e0lia\",\"Espanya\"],\n                                datasets: [{\n                                    label: \"Test\",\n                                    data: [44920,3801],\n                                    backgroundColor: [\"#00C8FF\",\"#003087\"],\n                                    hoverOffset: 4,\n                                }]\n                            },\n                            options: {\n                                responsive: true,\n                                plugins: {\n                                    legend: {\n                                        display: false,\n                                    },\n                                    title: {\n                                        display: false,\n                                    }\n                                }\n                            },\n                            plugins: [{\n                                beforeInit: function(chart, args, options) {\n                                    \/\/ Make sure we're applying the legend to the right chart\n                                    if (chart.canvas.id === 'chart-73717') {\n                                        var locale = 'it';\n                                        var options = {minimumFractionDigits: 0, maximumFractionDigits: 2};\n                                        var formatter = new Intl.NumberFormat(locale, options);\n                                        const ul = document.createElement('ul');\n                                        chart.data.labels.forEach((label, i) => {\n                                            var spanSquare = document.createElement('span');\n                                            spanSquare.classList.add('block-91-chart__legend-decoration');\n                                            spanSquare.style.backgroundColor = chart.data.datasets[0].backgroundColor[i];\n                                            \n                                            var spanLabel = document.createElement('span');\n                                            spanLabel.classList.add('block-91-chart__legend-text');\n                                            spanLabel.innerHTML = ` ${ label }: ${ formatter.format(chart.data.datasets[0].data[i]) } `;\n\n                                            var li = document.createElement('li');\n                                            li.appendChild(spanSquare);\n                                            li.appendChild(spanLabel);\n\n                                            ul.appendChild(li);\n                                        });\n\n                                        return document.getElementById('chart-73717-legend').appendChild(ul);\n                                    }\n\n                                    return;\n                                },\n                            }],\n                        };\n\n                        $(document).ready(function() {\n                            createChart('chart-73717', myChartData, 'chart-73717-legend');\n                        });\n\n                    })(jQuery);\n                <\/script>\n\n                    <\/div>\n    <\/div>\n\n<script src=\"https:\/\/cdnjs.cloudflare.com\/ajax\/libs\/Chart.js\/3.9.1\/chart.min.js\" integrity=\"sha512-ElRFoEQdI5Ht6kZvyzXhYG9NqjtkmlkfYk0wr6wHxU9JEHakS7UJZNeml5ALk+8IKlU6jDgMabC3vkumRokgJA==\" crossorigin=\"anonymous\" referrerpolicy=\"no-referrer\" data-iub-purposes=\"1\" class=\"_iub_cs_activate\"><\/script>\n\n<script type=\"text\/javascript\" data-iub-purposes=\"1\" class=\"_iub_cs_activate\">\n    function createChart(chartId, chartData, chartLegendId) {\n        const ctx = document.getElementById(chartId);\n        const myChart = new Chart(ctx, {\n            type: chartData.type,\n            data: chartData.data,\n            options: chartData.options,\n            plugins: chartData.plugins,\n        });\n    };\n<\/script>\n\n\n\n<div style=\"height:20px\" aria-hidden=\"true\" class=\"wp-block-spacer\"><\/div>\n\n\n\n<div class=\"wrapper-crispybacon-class wrapper-crispybacon-class-large \">\n    \n\n<h3 class=\"wp-block-heading has-text-align-center is-style-lyon\">L&#8217;Assemblea, d\u2019acord amb el que estableixen els <a href=\"http:\/\/www.fiarebancaetica.coop\/app\/uploads\/sites\/2\/2024\/01\/estatutos-espanol-2019.pdf\" target=\"_blank\" rel=\"noreferrer noopener\"><strong>Estatuts:<\/strong><\/a><\/h3>\n\n\n\n\n<div class='crispybacon-block-81'>\n            <div class=\"wrapper-list\">\n\n\n            <ul class=\"unordered-list\">\n\n                \n\n                    <li> <i class=\"icon-checkmark\"><\/i>\n                        <p>aprova el balan\u00e7 i decideix la destinaci\u00f3 dels beneficis;nomena els administradors\/ores i consellers\/eres i els revoca;<\/p>\n\n                                            <\/li>\n\n                \n\n                    <li> <i class=\"icon-checkmark\"><\/i>\n                        <p>nomena als Administradors\/es i Consellers\/es i procedeix a la seva revocaci\u00f3;<\/p>\n\n                                            <\/li>\n\n                \n\n                    <li> <i class=\"icon-checkmark\"><\/i>\n                        <p>pr\u00e8via consulta al Consell de Vigil\u00e0ncia, contracta una societat auditora a la qual confiar\u00e0 el control comptable, i tamb\u00e9 la revoca;<\/p>\n\n                                            <\/li>\n\n                \n\n                    <li> <i class=\"icon-checkmark\"><\/i>\n                        <p>determina l\u2019import de la remuneraci\u00f3 que correspondr\u00e0 als administradors\/ores i a la societat auditora encarregada del control comptable;<\/p>\n\n                                            <\/li>\n\n                \n\n                    <li> <i class=\"icon-checkmark\"><\/i>\n                        <p>determina l\u2019import de la remuneraci\u00f3 que correspondr\u00e0 als consellers\/eres d\u2019acord amb el que preveu l\u2019article 41;<\/p>\n\n                                            <\/li>\n\n                \n\n                    <li> <i class=\"icon-checkmark\"><\/i>\n                        <p>aprova la pol\u00edtica de remuneracions, i tamb\u00e9 els possibles plans de remuneraci\u00f3 basats en instruments financers per als administradors\/ores \u2013inclosos els qui tinguin c\u00e0rrecs especials\u2013, els empleats\/ades o els col\u00b7laboradors\/ores no vinculats a la societat de relacions laborals dependents.<\/p>\n\n                                            <\/li>\n\n                            <\/ul>\n        <\/div>\n    <\/div>\n\n\n\n<div style=\"height:40px\" aria-hidden=\"true\" class=\"wp-block-spacer\"><\/div>\n\n\n\n<p class=\"has-text-align-center\"><br>Ocasionalment, podr\u00e0 convocar-se l&#8217;Assemblea Extraordin\u00e0ria d&#8217;Accionistes en els casos previstos per la Llei i els Estatuts de Banca&nbsp;Etica.<\/p>\n\n\n\n<div style=\"height:20px\" aria-hidden=\"true\" class=\"wp-block-spacer\"><\/div>\n\n\n\n<h3 class=\"wp-block-heading has-text-align-center is-style-lyon\"><br>L&#8217;Assemblea Extraordin\u00e0ria decideix sobre:<\/h3>\n\n\n\n\n<div class='crispybacon-block-81'>\n            <div class=\"wrapper-list\">\n\n\n            <ul class=\"unordered-list\">\n\n                \n\n                    <li> <i class=\"icon-checkmark\"><\/i>\n                        <p>modificacions dels estatuts, exceptuant el que est\u00e0 disposat en l&#8217;article 37;<\/p>\n\n                                            <\/li>\n\n                \n\n                    <li> <i class=\"icon-checkmark\"><\/i>\n                        <p>nomenament, revocaci\u00f3, substituci\u00f3 i facultats dels liquidadors;<\/p>\n\n                                            <\/li>\n\n                \n\n                    <li> <i class=\"icon-checkmark\"><\/i>\n                        <p>qualsevol altra mat\u00e8ria atribu\u00efda per la llei a la seva compet\u00e8ncia.<\/p>\n\n                                            <\/li>\n\n                            <\/ul>\n        <\/div>\n    <\/div>\n\n\n<\/div>\n\n\n<p><\/p>\n","protected":false},"excerpt":{"rendered":"","protected":false},"author":6693,"featured_media":0,"parent":0,"menu_order":0,"comment_status":"closed","ping_status":"closed","template":"template-meetings.php","meta":{"_acf_changed":false,"footnotes":""},"coauthors":[10743],"class_list":["post-322294","page","type-page","status-publish","hentry","crispybacon-hidden-page-title"],"acf":[],"yoast_head":"<!-- This site is optimized with the Yoast SEO plugin v26.9 - https:\/\/yoast.com\/product\/yoast-seo-wordpress\/ -->\n<title>Assemblea de Persones S\u00f2cies - Fiare Banca Etica<\/title>\n<meta name=\"robots\" content=\"index, follow, max-snippet:-1, max-image-preview:large, max-video-preview:-1\" \/>\n<link rel=\"canonical\" href=\"https:\/\/www.fiarebancaetica.coop\/ca\/assemblea-de-persones-socies\/\" \/>\n<meta property=\"og:locale\" content=\"ca_ES\" \/>\n<meta property=\"og:type\" content=\"article\" \/>\n<meta property=\"og:title\" content=\"Assemblea de Persones S\u00f2cies - Fiare Banca Etica\" \/>\n<meta property=\"og:url\" content=\"https:\/\/www.fiarebancaetica.coop\/ca\/assemblea-de-persones-socies\/\" \/>\n<meta property=\"og:site_name\" content=\"Fiare Banca Etica\" \/>\n<meta property=\"article:modified_time\" content=\"2025-05-11T20:21:55+00:00\" \/>\n<meta name=\"twitter:card\" content=\"summary_large_image\" \/>\n<script type=\"application\/ld+json\" class=\"yoast-schema-graph\">{\"@context\":\"https:\/\/schema.org\",\"@graph\":[{\"@type\":\"WebPage\",\"@id\":\"https:\/\/www.fiarebancaetica.coop\/ca\/assemblea-de-persones-socies\/\",\"url\":\"https:\/\/www.fiarebancaetica.coop\/ca\/assemblea-de-persones-socies\/\",\"name\":\"Assemblea de Persones S\u00f2cies - Fiare Banca Etica\",\"isPartOf\":{\"@id\":\"https:\/\/www.fiarebancaetica.coop\/ca\/#website\"},\"datePublished\":\"2023-12-15T09:31:17+00:00\",\"dateModified\":\"2025-05-11T20:21:55+00:00\",\"breadcrumb\":{\"@id\":\"https:\/\/www.fiarebancaetica.coop\/ca\/assemblea-de-persones-socies\/#breadcrumb\"},\"inLanguage\":\"ca\",\"potentialAction\":[{\"@type\":\"ReadAction\",\"target\":[\"https:\/\/www.fiarebancaetica.coop\/ca\/assemblea-de-persones-socies\/\"]}]},{\"@type\":\"BreadcrumbList\",\"@id\":\"https:\/\/www.fiarebancaetica.coop\/ca\/assemblea-de-persones-socies\/#breadcrumb\",\"itemListElement\":[{\"@type\":\"ListItem\",\"position\":1,\"name\":\"Home\",\"item\":\"https:\/\/www.fiarebancaetica.coop\/ca\/\"},{\"@type\":\"ListItem\",\"position\":2,\"name\":\"Assemblea de Persones S\u00f2cies\"}]},{\"@type\":\"WebSite\",\"@id\":\"https:\/\/www.fiarebancaetica.coop\/ca\/#website\",\"url\":\"https:\/\/www.fiarebancaetica.coop\/ca\/\",\"name\":\"Fiare Banca Etica\",\"description\":\"\",\"potentialAction\":[{\"@type\":\"SearchAction\",\"target\":{\"@type\":\"EntryPoint\",\"urlTemplate\":\"https:\/\/www.fiarebancaetica.coop\/ca\/?s={search_term_string}\"},\"query-input\":{\"@type\":\"PropertyValueSpecification\",\"valueRequired\":true,\"valueName\":\"search_term_string\"}}],\"inLanguage\":\"ca\"}]}<\/script>\n<!-- \/ Yoast SEO plugin. -->","yoast_head_json":{"title":"Assemblea de Persones S\u00f2cies - Fiare Banca Etica","robots":{"index":"index","follow":"follow","max-snippet":"max-snippet:-1","max-image-preview":"max-image-preview:large","max-video-preview":"max-video-preview:-1"},"canonical":"https:\/\/www.fiarebancaetica.coop\/ca\/assemblea-de-persones-socies\/","og_locale":"ca_ES","og_type":"article","og_title":"Assemblea de Persones S\u00f2cies - Fiare Banca Etica","og_url":"https:\/\/www.fiarebancaetica.coop\/ca\/assemblea-de-persones-socies\/","og_site_name":"Fiare Banca Etica","article_modified_time":"2025-05-11T20:21:55+00:00","twitter_card":"summary_large_image","schema":{"@context":"https:\/\/schema.org","@graph":[{"@type":"WebPage","@id":"https:\/\/www.fiarebancaetica.coop\/ca\/assemblea-de-persones-socies\/","url":"https:\/\/www.fiarebancaetica.coop\/ca\/assemblea-de-persones-socies\/","name":"Assemblea de Persones S\u00f2cies - Fiare Banca Etica","isPartOf":{"@id":"https:\/\/www.fiarebancaetica.coop\/ca\/#website"},"datePublished":"2023-12-15T09:31:17+00:00","dateModified":"2025-05-11T20:21:55+00:00","breadcrumb":{"@id":"https:\/\/www.fiarebancaetica.coop\/ca\/assemblea-de-persones-socies\/#breadcrumb"},"inLanguage":"ca","potentialAction":[{"@type":"ReadAction","target":["https:\/\/www.fiarebancaetica.coop\/ca\/assemblea-de-persones-socies\/"]}]},{"@type":"BreadcrumbList","@id":"https:\/\/www.fiarebancaetica.coop\/ca\/assemblea-de-persones-socies\/#breadcrumb","itemListElement":[{"@type":"ListItem","position":1,"name":"Home","item":"https:\/\/www.fiarebancaetica.coop\/ca\/"},{"@type":"ListItem","position":2,"name":"Assemblea de Persones S\u00f2cies"}]},{"@type":"WebSite","@id":"https:\/\/www.fiarebancaetica.coop\/ca\/#website","url":"https:\/\/www.fiarebancaetica.coop\/ca\/","name":"Fiare Banca Etica","description":"","potentialAction":[{"@type":"SearchAction","target":{"@type":"EntryPoint","urlTemplate":"https:\/\/www.fiarebancaetica.coop\/ca\/?s={search_term_string}"},"query-input":{"@type":"PropertyValueSpecification","valueRequired":true,"valueName":"search_term_string"}}],"inLanguage":"ca"}]}},"_links":{"self":[{"href":"https:\/\/www.fiarebancaetica.coop\/ca\/wp-json\/wp\/v2\/pages\/322294","targetHints":{"allow":["GET"]}}],"collection":[{"href":"https:\/\/www.fiarebancaetica.coop\/ca\/wp-json\/wp\/v2\/pages"}],"about":[{"href":"https:\/\/www.fiarebancaetica.coop\/ca\/wp-json\/wp\/v2\/types\/page"}],"author":[{"embeddable":true,"href":"https:\/\/www.fiarebancaetica.coop\/ca\/wp-json\/wp\/v2\/users\/6693"}],"replies":[{"embeddable":true,"href":"https:\/\/www.fiarebancaetica.coop\/ca\/wp-json\/wp\/v2\/comments?post=322294"}],"version-history":[{"count":18,"href":"https:\/\/www.fiarebancaetica.coop\/ca\/wp-json\/wp\/v2\/pages\/322294\/revisions"}],"predecessor-version":[{"id":385996,"href":"https:\/\/www.fiarebancaetica.coop\/ca\/wp-json\/wp\/v2\/pages\/322294\/revisions\/385996"}],"wp:attachment":[{"href":"https:\/\/www.fiarebancaetica.coop\/ca\/wp-json\/wp\/v2\/media?parent=322294"}],"wp:term":[{"taxonomy":"author","embeddable":true,"href":"https:\/\/www.fiarebancaetica.coop\/ca\/wp-json\/wp\/v2\/coauthors?post=322294"}],"curies":[{"name":"wp","href":"https:\/\/api.w.org\/{rel}","templated":true}]}}