{"id":324148,"date":"2023-12-20T09:35:01","date_gmt":"2023-12-20T08:35:01","guid":{"rendered":"https:\/\/www.fiarebancaetica.coop\/?page_id=324148"},"modified":"2024-03-25T09:54:36","modified_gmt":"2024-03-25T08:54:36","slug":"organitzacio-territorial-de-les-persones-socies","status":"publish","type":"page","link":"https:\/\/www.fiarebancaetica.coop\/ca\/persones-socies\/organitzacio-territorial-de-les-persones-socies\/","title":{"rendered":"Organitzaci\u00f3 Territorial de les Persones S\u00f2cies"},"content":{"rendered":"\n<div class=\"wrapper-crispybacon-class wrapper-crispybacon-class-medium \">\n    \n\n<div class=\"wp-block-columns is-layout-flex wp-container-core-columns-is-layout-9d6595d7 wp-block-columns-is-layout-flex\">\n<div class=\"wp-block-column is-layout-flow wp-block-column-is-layout-flow\" style=\"flex-basis:100%\">\n<h1 class=\"is-style-lyon wp-block-heading\" id=\"block-31c95293-90c0-4527-9ac1-7f6b4b56d8fd\"><span class=\"has-inline-color has-red-color\">Organitzaci\u00f3 Territorial de les Persones S\u00f2cies<\/span><br>Democr\u00e0cia: aquesta \u00e9s la clau<\/h1>\n\n\n\n<p>Organitzar-se, agrupar-se a diferents nivells, proposar, participar en la presa de decisions del banc. Aix\u00f2 \u00e9s democr\u00e0cia econ\u00f2mica. <\/p>\n<\/div>\n<\/div>\n\n\n\n<hr class=\"wp-block-separator is-style-default\"\/>\n\n\n<\/div>\n\n\n<div style=\"height:30px\" aria-hidden=\"true\" class=\"wp-block-spacer\"><\/div>\n\n\n\n<div class=\"wrapper-crispybacon-class wrapper-crispybacon-class-medium \">\n    \n\n<div class=\"wp-block-columns is-layout-flex wp-container-core-columns-is-layout-9d6595d7 wp-block-columns-is-layout-flex\">\n<div class=\"wp-block-column is-layout-flow wp-block-column-is-layout-flow\">\n<p>Per facilitar que les persones es facin s\u00f2cies de Fiare Banca Etica, hem desenvolupat una organitzaci\u00f3 basada en una dimensi\u00f3 local (la Circumscripci\u00f3 i el Grup d&#8217;Iniciativa Territorial- GIT), una dimensi\u00f3 d&#8217;\u00c0rea (la Coordinaci\u00f3 d&#8217;\u00c0rea i el F\u00f2rum d&#8217;\u00c0rea) i una dimensi\u00f3 d&#8217;enlla\u00e7 entre les diferents \u00c0rees (Interf\u00f2rum).<\/p>\n\n\n\n<h4 class=\"wp-block-heading\"><strong><span class=\"has-inline-color has-blue-color\">La Circumscripci\u00f3 Local i el GIT<\/span><\/strong><\/h4>\n\n\n\n<p>Les Circumscripcions agrupen a les persones s\u00f2cies (f\u00edsiques i jur\u00eddiques) d&#8217;un territori que, reunits en l&#8217;Assemblea, trien un GIT (Grup d&#8217;Iniciativa Territorial), que consta de 3 a 11 membres. Aquests grups nomenen a la persona coordinadora.<\/p>\n\n\n\n<p>El GIT, que es constitueix com una associaci\u00f3 de fet, es proposa difondre la cultura de les finances \u00e8tiques, satisf\u00e0 les necessitats, exig\u00e8ncies i interessos del territori i garanteix la informaci\u00f3 sobre l&#8217;activitat del Banc.<\/p>\n\n\n\n<p>Les persones coordinadores dels GIT formen part de les \u00c0rees nord-oest, nord-est, centre i sud d&#8217;It\u00e0lia i la nova \u00c0rea Fiare. Es reuneixen per formar la Coordinaci\u00f3 de l&#8217;\u00c0rea i trien al seu Referent d&#8217;\u00c0rea. Aquest \u00faltim interv\u00e9 en el F\u00f2rum d&#8217;\u00c0rea com a representant de les persones s\u00f2cies.<\/p>\n\n\n\n<h4 class=\"wp-block-heading\"><strong><span class=\"has-inline-color has-blue-color\">F\u00f2rum d&#8217;\u00c0rea<\/span><\/strong><\/h4>\n\n\n\n<p>El F\u00f2rum d&#8217;\u00c0rea neix amb la voluntat de donar veu a les necessitats locals i desenvolupar, al mateix temps, una acci\u00f3 m\u00e9s radicada i coordinada al territori.<br>La descentralitzaci\u00f3 de poders, tasques i funcions, objectiu estrat\u00e8gic de Banca Etica, troba en el F\u00f2rum d&#8217;\u00c0rea el moment de s\u00edntesi dels 4 nivells d&#8217;activitat del Banc: associatiu, formatiu, operatiu i pol\u00edtic.<\/p>\n\n\n\n<p>Les principals funcions del F\u00f2rum s\u00f3n les seg\u00fcents:<\/p>\n\n\n\n<p><li class=\"table-li\">captar i analitzar les necessitats i propostes del territori, facilitant al banc pautes per poder-les satisfer de manera puntual.<\/li><br><li class=\"table-li\">impulsar les relacions amb les Circumscripcions i les persones s\u00f2cies del Banc i desenvolupar una acci\u00f3 sin\u00e8rgica amb les organitzacions locals.<\/li><br><li class=\"table-li\">programar mesures socioculturals al territori.<\/li><\/p>\n\n\n\n<h4 class=\"wp-block-heading\"><strong><span class=\"has-inline-color has-blue-color\">Interf\u00f2rum<\/span><\/strong><\/h4>\n\n\n\n<p>El Interf\u00f2rum, que \u00e9s el lloc d&#8217;enlla\u00e7 i debat entre els 5 F\u00f2rums d&#8217;\u00c0rea, \u00e9s un organisme consultiu i propositiu, l&#8217;eina necess\u00e0ria per engegar, supervisar i avaluar els processos organitzatius que interessen les nombroses activitats del banc i les seves interrelacions.<\/p>\n\n\n\n<h4 class=\"wp-block-heading\"><strong><span class=\"has-inline-color has-blue-color\">Qu\u00e8 esperes?<\/span><\/strong><\/h4>\n\n\n\n<p>Participa tu tamb\u00e9 en el nostre projecte de democr\u00e0cia econ\u00f2mica.<br>Descobreix\u00a0<a href=\"https:\/\/www.fiarebancaetica.coop\/oferta-publica-de-acciones\/\" target=\"_blank\" rel=\"noreferrer noopener\">com associar-te\u00a0<\/a>o contacta amb el\u00a0<a href=\"https:\/\/www.fiarebancaetica.coop\/ca\/gits\/\" target=\"_blank\" rel=\"noreferrer noopener\">Grup d&#8217;Iniciativa Territorial de les persones s\u00f2cies\u00a0<\/a>de la teva zona.<\/p>\n<\/div>\n<\/div>\n\n\n<\/div>\n\n\n<div style=\"height:100px\" aria-hidden=\"true\" class=\"wp-block-spacer\"><\/div>\n","protected":false},"excerpt":{"rendered":"","protected":false},"author":6693,"featured_media":0,"parent":320365,"menu_order":0,"comment_status":"closed","ping_status":"closed","template":"","meta":{"_acf_changed":false,"footnotes":""},"coauthors":[10743],"class_list":["post-324148","page","type-page","status-publish","hentry","crispybacon-hidden-page-title"],"acf":[],"yoast_head":"<!-- This site is optimized with the Yoast SEO plugin v26.9 - https:\/\/yoast.com\/product\/yoast-seo-wordpress\/ -->\n<title>Organitzaci\u00f3 Territorial de les Persones S\u00f2cies - Fiare Banca Etica<\/title>\n<meta name=\"robots\" content=\"index, follow, max-snippet:-1, max-image-preview:large, max-video-preview:-1\" \/>\n<link rel=\"canonical\" href=\"https:\/\/www.fiarebancaetica.coop\/ca\/persones-socies\/organitzacio-territorial-de-les-persones-socies\/\" \/>\n<meta property=\"og:locale\" content=\"ca_ES\" \/>\n<meta property=\"og:type\" content=\"article\" \/>\n<meta property=\"og:title\" content=\"Organitzaci\u00f3 Territorial de les Persones S\u00f2cies - Fiare Banca Etica\" \/>\n<meta property=\"og:url\" content=\"https:\/\/www.fiarebancaetica.coop\/ca\/persones-socies\/organitzacio-territorial-de-les-persones-socies\/\" \/>\n<meta property=\"og:site_name\" content=\"Fiare Banca Etica\" \/>\n<meta property=\"article:modified_time\" content=\"2024-03-25T08:54:36+00:00\" \/>\n<meta name=\"twitter:card\" content=\"summary_large_image\" \/>\n<script type=\"application\/ld+json\" class=\"yoast-schema-graph\">{\"@context\":\"https:\/\/schema.org\",\"@graph\":[{\"@type\":\"WebPage\",\"@id\":\"https:\/\/www.fiarebancaetica.coop\/ca\/persones-socies\/organitzacio-territorial-de-les-persones-socies\/\",\"url\":\"https:\/\/www.fiarebancaetica.coop\/ca\/persones-socies\/organitzacio-territorial-de-les-persones-socies\/\",\"name\":\"Organitzaci\u00f3 Territorial de les Persones S\u00f2cies - Fiare Banca Etica\",\"isPartOf\":{\"@id\":\"https:\/\/www.fiarebancaetica.coop\/ca\/#website\"},\"datePublished\":\"2023-12-20T08:35:01+00:00\",\"dateModified\":\"2024-03-25T08:54:36+00:00\",\"breadcrumb\":{\"@id\":\"https:\/\/www.fiarebancaetica.coop\/ca\/persones-socies\/organitzacio-territorial-de-les-persones-socies\/#breadcrumb\"},\"inLanguage\":\"ca\",\"potentialAction\":[{\"@type\":\"ReadAction\",\"target\":[\"https:\/\/www.fiarebancaetica.coop\/ca\/persones-socies\/organitzacio-territorial-de-les-persones-socies\/\"]}]},{\"@type\":\"BreadcrumbList\",\"@id\":\"https:\/\/www.fiarebancaetica.coop\/ca\/persones-socies\/organitzacio-territorial-de-les-persones-socies\/#breadcrumb\",\"itemListElement\":[{\"@type\":\"ListItem\",\"position\":1,\"name\":\"Home\",\"item\":\"https:\/\/www.fiarebancaetica.coop\/ca\/\"},{\"@type\":\"ListItem\",\"position\":2,\"name\":\"Persones s\u00f2cies\",\"item\":\"https:\/\/www.fiarebancaetica.coop\/ca\/persones-socies\/\"},{\"@type\":\"ListItem\",\"position\":3,\"name\":\"Organitzaci\u00f3 Territorial de les Persones S\u00f2cies\"}]},{\"@type\":\"WebSite\",\"@id\":\"https:\/\/www.fiarebancaetica.coop\/ca\/#website\",\"url\":\"https:\/\/www.fiarebancaetica.coop\/ca\/\",\"name\":\"Fiare Banca Etica\",\"description\":\"\",\"potentialAction\":[{\"@type\":\"SearchAction\",\"target\":{\"@type\":\"EntryPoint\",\"urlTemplate\":\"https:\/\/www.fiarebancaetica.coop\/ca\/?s={search_term_string}\"},\"query-input\":{\"@type\":\"PropertyValueSpecification\",\"valueRequired\":true,\"valueName\":\"search_term_string\"}}],\"inLanguage\":\"ca\"}]}<\/script>\n<!-- \/ Yoast SEO plugin. -->","yoast_head_json":{"title":"Organitzaci\u00f3 Territorial de les Persones S\u00f2cies - Fiare Banca Etica","robots":{"index":"index","follow":"follow","max-snippet":"max-snippet:-1","max-image-preview":"max-image-preview:large","max-video-preview":"max-video-preview:-1"},"canonical":"https:\/\/www.fiarebancaetica.coop\/ca\/persones-socies\/organitzacio-territorial-de-les-persones-socies\/","og_locale":"ca_ES","og_type":"article","og_title":"Organitzaci\u00f3 Territorial de les Persones S\u00f2cies - Fiare Banca Etica","og_url":"https:\/\/www.fiarebancaetica.coop\/ca\/persones-socies\/organitzacio-territorial-de-les-persones-socies\/","og_site_name":"Fiare Banca Etica","article_modified_time":"2024-03-25T08:54:36+00:00","twitter_card":"summary_large_image","schema":{"@context":"https:\/\/schema.org","@graph":[{"@type":"WebPage","@id":"https:\/\/www.fiarebancaetica.coop\/ca\/persones-socies\/organitzacio-territorial-de-les-persones-socies\/","url":"https:\/\/www.fiarebancaetica.coop\/ca\/persones-socies\/organitzacio-territorial-de-les-persones-socies\/","name":"Organitzaci\u00f3 Territorial de les Persones S\u00f2cies - Fiare Banca Etica","isPartOf":{"@id":"https:\/\/www.fiarebancaetica.coop\/ca\/#website"},"datePublished":"2023-12-20T08:35:01+00:00","dateModified":"2024-03-25T08:54:36+00:00","breadcrumb":{"@id":"https:\/\/www.fiarebancaetica.coop\/ca\/persones-socies\/organitzacio-territorial-de-les-persones-socies\/#breadcrumb"},"inLanguage":"ca","potentialAction":[{"@type":"ReadAction","target":["https:\/\/www.fiarebancaetica.coop\/ca\/persones-socies\/organitzacio-territorial-de-les-persones-socies\/"]}]},{"@type":"BreadcrumbList","@id":"https:\/\/www.fiarebancaetica.coop\/ca\/persones-socies\/organitzacio-territorial-de-les-persones-socies\/#breadcrumb","itemListElement":[{"@type":"ListItem","position":1,"name":"Home","item":"https:\/\/www.fiarebancaetica.coop\/ca\/"},{"@type":"ListItem","position":2,"name":"Persones s\u00f2cies","item":"https:\/\/www.fiarebancaetica.coop\/ca\/persones-socies\/"},{"@type":"ListItem","position":3,"name":"Organitzaci\u00f3 Territorial de les Persones S\u00f2cies"}]},{"@type":"WebSite","@id":"https:\/\/www.fiarebancaetica.coop\/ca\/#website","url":"https:\/\/www.fiarebancaetica.coop\/ca\/","name":"Fiare Banca Etica","description":"","potentialAction":[{"@type":"SearchAction","target":{"@type":"EntryPoint","urlTemplate":"https:\/\/www.fiarebancaetica.coop\/ca\/?s={search_term_string}"},"query-input":{"@type":"PropertyValueSpecification","valueRequired":true,"valueName":"search_term_string"}}],"inLanguage":"ca"}]}},"_links":{"self":[{"href":"https:\/\/www.fiarebancaetica.coop\/ca\/wp-json\/wp\/v2\/pages\/324148","targetHints":{"allow":["GET"]}}],"collection":[{"href":"https:\/\/www.fiarebancaetica.coop\/ca\/wp-json\/wp\/v2\/pages"}],"about":[{"href":"https:\/\/www.fiarebancaetica.coop\/ca\/wp-json\/wp\/v2\/types\/page"}],"author":[{"embeddable":true,"href":"https:\/\/www.fiarebancaetica.coop\/ca\/wp-json\/wp\/v2\/users\/6693"}],"replies":[{"embeddable":true,"href":"https:\/\/www.fiarebancaetica.coop\/ca\/wp-json\/wp\/v2\/comments?post=324148"}],"version-history":[{"count":4,"href":"https:\/\/www.fiarebancaetica.coop\/ca\/wp-json\/wp\/v2\/pages\/324148\/revisions"}],"predecessor-version":[{"id":372466,"href":"https:\/\/www.fiarebancaetica.coop\/ca\/wp-json\/wp\/v2\/pages\/324148\/revisions\/372466"}],"up":[{"embeddable":true,"href":"https:\/\/www.fiarebancaetica.coop\/ca\/wp-json\/wp\/v2\/pages\/320365"}],"wp:attachment":[{"href":"https:\/\/www.fiarebancaetica.coop\/ca\/wp-json\/wp\/v2\/media?parent=324148"}],"wp:term":[{"taxonomy":"author","embeddable":true,"href":"https:\/\/www.fiarebancaetica.coop\/ca\/wp-json\/wp\/v2\/coauthors?post=324148"}],"curies":[{"name":"wp","href":"https:\/\/api.w.org\/{rel}","templated":true}]}}