{"id":324162,"date":"2023-12-20T10:01:45","date_gmt":"2023-12-20T09:01:45","guid":{"rendered":"https:\/\/www.fiarebancaetica.coop\/?page_id=324162"},"modified":"2024-04-17T15:08:10","modified_gmt":"2024-04-17T13:08:10","slug":"associar-se","status":"publish","type":"page","link":"https:\/\/www.fiarebancaetica.coop\/ca\/persones-socies\/associar-se\/","title":{"rendered":"Associar-se"},"content":{"rendered":"\n<div class=\"wrapper-crispybacon-class wrapper-crispybacon-class-medium \">\n    \n\n<div class=\"wp-block-columns is-layout-flex wp-container-core-columns-is-layout-9d6595d7 wp-block-columns-is-layout-flex\">\n<div class=\"wp-block-column is-layout-flow wp-block-column-is-layout-flow\" style=\"flex-basis:50%\">\n<h1 class=\"is-style-lyon wp-block-heading\" id=\"block-31c95293-90c0-4527-9ac1-7f6b4b56d8fd\"><span class=\"has-inline-color has-red-color\">Associar-se<\/span><br>Associar-se \u00e9s fer un pas m\u00e9s<\/h1>\n\n\n\n<p>Ha arribat el moment de comprometre&#8217;t amb les teves idees, de participar en un projecte que comparteix els teus principis, de fer que els teus diners no nom\u00e9s generin m\u00e9s diners, sin\u00f3 que cre\u00efn tamb\u00e9 valor social. <\/p>\n<\/div>\n\n\n\n<div class=\"wp-block-column is-layout-flow wp-block-column-is-layout-flow\" style=\"flex-basis:50%\">\n<figure class=\"wp-block-image size-large\"><img loading=\"lazy\" decoding=\"async\" width=\"1024\" height=\"576\" src=\"http:\/\/www.fiarebancaetica.coop\/app\/uploads\/sites\/2\/2023\/11\/VISUALES_TODOS_socio-1024x576.png\" alt=\"\" class=\"wp-image-314743\" srcset=\"https:\/\/www.fiarebancaetica.coop\/app\/uploads\/sites\/2\/2023\/11\/VISUALES_TODOS_socio-1024x576.png 1024w, https:\/\/www.fiarebancaetica.coop\/app\/uploads\/sites\/2\/2023\/11\/VISUALES_TODOS_socio-300x169.png 300w, https:\/\/www.fiarebancaetica.coop\/app\/uploads\/sites\/2\/2023\/11\/VISUALES_TODOS_socio-768x432.png 768w, https:\/\/www.fiarebancaetica.coop\/app\/uploads\/sites\/2\/2023\/11\/VISUALES_TODOS_socio-1536x864.png 1536w, https:\/\/www.fiarebancaetica.coop\/app\/uploads\/sites\/2\/2023\/11\/VISUALES_TODOS_socio-640x360.png 640w, https:\/\/www.fiarebancaetica.coop\/app\/uploads\/sites\/2\/2023\/11\/VISUALES_TODOS_socio-400x225.png 400w, https:\/\/www.fiarebancaetica.coop\/app\/uploads\/sites\/2\/2023\/11\/VISUALES_TODOS_socio.png 1920w\" sizes=\"auto, (max-width: 1024px) 100vw, 1024px\" \/><\/figure>\n<\/div>\n<\/div>\n\n\n\n<hr class=\"wp-block-separator is-style-default\"\/>\n\n\n<\/div>\n\n\n<div class=\"wrapper-crispybacon-class wrapper-crispybacon-class-medium \">\n    \n\n<div class=\"wp-block-columns is-layout-flex wp-container-core-columns-is-layout-9d6595d7 wp-block-columns-is-layout-flex\">\n<div class=\"wp-block-column is-layout-flow wp-block-column-is-layout-flow\">\n<h4 class=\"wp-block-heading\"><strong><span class=\"has-inline-color has-blue-color\">Beneficis i participaci\u00f3<\/span><\/strong><\/h4>\n\n\n\n<p>Les persones s\u00f2cies tenen dret a intervenir, per mitj\u00e0 de l&#8217;Assamblea General, de l&#8217;Organitzaci\u00f3 Territorial de les Persones S\u00f2cies (GIT), en la presa de decisions per contribuir a plasmar les decisions estrat\u00e8giques o proposar candidatures per als \u00f2rgans de govern. La pres\u00e8ncia activa en les circumscripcions permet a les persones s\u00f2cies col\u00b7laborar en la promoci\u00f3 dels ideals del banc i en el seu desenvolupament al territori.<\/p>\n\n\n\n<p><strong>Per a ser soci\/a o ampliar el capital social, cal ser client\/a de&nbsp;<a href=\"https:\/\/www.fiarebancaetica.coop\/ca\/particulars\/comptes-corrents\/\" target=\"_blank\" rel=\"noreferrer noopener\">compte corrent<\/a>&nbsp;per adquirir accions a trav\u00e9s de la banca online per a particulars i a trav\u00e9s del gestor\/a de comptes per les entitats.&nbsp;<\/strong><\/p>\n\n\n\n<div style=\"height:20px\" aria-hidden=\"true\" class=\"wp-block-spacer\"><\/div>\n\n\n\n<h4 class=\"wp-block-heading\"><strong><span class=\"has-inline-color has-blue-color\">Quins s\u00f3n els beneficis per a les persones s\u00f2cies?<\/span><\/strong><\/h4>\n\n\n\n<ul class=\"wp-block-list\"><li>Una relaci\u00f3 basada en la<strong> mutualitat<\/strong>. La persona\/entitat s\u00f2cia forma part d&#8217;una comunitat animada per compartir un projecte i els seus valors fonamentals: d&#8217;aqu\u00ed deriva el seu mutualisme, la reciprocitat i la solidaritat<\/li><li>La<strong> utilitat social i mediambiental<\/strong>. En el Codi \u00c8tic afirmem que l&#8217;objectiu primari de la nostra activitat emprenedora \u00e9s crear valor social i econ\u00f2mic, no maximitzar els guanys. En coher\u00e8ncia amb aquest principi, hem decidit no repartir beneficis als accionistes, m\u00e9s aviat ens limitem a revalorar les accions per garantir a les persones s\u00f2cies el manteniment en el temps del valor invertit. Fiare Banca Etica reparteix beneficis socials i mediambientals, remunerant el capital invertit en forma de patrimoni com\u00fa generat, avantatges aportats a la comunitat i al territori, major solidesa del projecte de finances \u00e8tiques.<\/li><li><strong><strong>Facilitats econ\u00f2miques<\/strong><\/strong>. Reservem a les persones\/entitats s\u00f2cies, comptes corrents i pr\u00e9stecs en condicions m\u00e9s avantatjoses.<\/li><li>Una <strong>participaci\u00f3 \u00e0mplia<\/strong>. La persona\/entitat s\u00f2cia pren part de les decisions del govern del banc i alimenta el debat cultural sobre les finances \u00e8tiques.<\/li><li>El nostre <strong>avantatge competitiu<\/strong> radica en aquest principi: la passi\u00f3 i participaci\u00f3 de les persones s\u00f2cies, un mecanisme que genera <strong>confian\u00e7a <\/strong>i contribueix a la <strong>viabilitat <\/strong>del mateix banc.<\/li><\/ul>\n\n\n\n<div style=\"height:30px\" aria-hidden=\"true\" class=\"wp-block-spacer\"><\/div>\n\n\n\n<h4 class=\"wp-block-heading\"><strong><span class=\"has-inline-color has-blue-color\">Com participen les persones s\u00f2cies?<\/span><\/strong><\/h4>\n\n\n\n<ul class=\"wp-block-list\"><li>L&#8217;Assemblea General de persones s\u00f2cies.<\/li><li>F\u00f2rum d&#8217;\u00c0rea: una reuni\u00f3-debat de dos dies entre les persones coordinadores dels GIT, col\u00b7laboradors del banc i el Consell d&#8217;Administraci\u00f3.<\/li><li>L&#8217;Organitzaci\u00f3 Territorial de les persones s\u00f2cies (GIT): una modalitat original respecte al sistema bancari per conciliar i conjugar el valor de la participaci\u00f3 col\u00b7lectiva amb la responsabilitat d&#8217;una participaci\u00f3 social.<\/li><li>L&#8217;Avaluaci\u00f3 Social dels projectes: Fiare Banca Etica compta amb comissions d&#8217;avaluaci\u00f3 socioambiental, \u00e9s a dir grups de persones s\u00f2cies que ajuden el banc a realitzar l&#8217;auditoria socioambiental, l&#8217;avaluaci\u00f3 t\u00e8cnica que acompanya les sol\u2022licituds de finan\u00e7ament.<\/li><li>&nbsp;El projecte \u201cComunitat d&#8217;acci\u00f3\u201d: \u00e9s la col\u00b7laboraci\u00f3 entre sucursals i les persones s\u00f2cies organitzades al territori per aconseguir objectius de desenvolupament comercial i promoci\u00f3 cultural.<\/li><\/ul>\n<\/div>\n<\/div>\n\n\n<\/div>\n\n\n<div style=\"height:100px\" aria-hidden=\"true\" class=\"wp-block-spacer\"><\/div>\n","protected":false},"excerpt":{"rendered":"","protected":false},"author":6693,"featured_media":0,"parent":320365,"menu_order":0,"comment_status":"closed","ping_status":"closed","template":"","meta":{"_acf_changed":false,"footnotes":""},"coauthors":[10743],"class_list":["post-324162","page","type-page","status-publish","hentry","crispybacon-hidden-page-title"],"acf":[],"yoast_head":"<!-- This site is optimized with the Yoast SEO plugin v26.9 - https:\/\/yoast.com\/product\/yoast-seo-wordpress\/ -->\n<title>Fiare Banca Etica - Quins s\u00f3n els beneficis de les persones s\u00f2cies?<\/title>\n<meta name=\"robots\" content=\"index, follow, max-snippet:-1, max-image-preview:large, max-video-preview:-1\" \/>\n<link rel=\"canonical\" href=\"https:\/\/www.fiarebancaetica.coop\/ca\/persones-socies\/associar-se\/\" \/>\n<meta property=\"og:locale\" content=\"ca_ES\" \/>\n<meta property=\"og:type\" content=\"article\" \/>\n<meta property=\"og:title\" content=\"Fiare Banca Etica - Quins s\u00f3n els beneficis de les persones s\u00f2cies?\" \/>\n<meta property=\"og:url\" content=\"https:\/\/www.fiarebancaetica.coop\/ca\/persones-socies\/associar-se\/\" \/>\n<meta property=\"og:site_name\" content=\"Fiare Banca Etica\" \/>\n<meta property=\"article:modified_time\" content=\"2024-04-17T13:08:10+00:00\" \/>\n<meta property=\"og:image\" content=\"http:\/\/www.fiarebancaetica.coop\/app\/uploads\/sites\/2\/2023\/11\/VISUALES_TODOS_socio-1024x576.png\" \/>\n<meta name=\"twitter:card\" content=\"summary_large_image\" \/>\n<script type=\"application\/ld+json\" class=\"yoast-schema-graph\">{\"@context\":\"https:\/\/schema.org\",\"@graph\":[{\"@type\":\"WebPage\",\"@id\":\"https:\/\/www.fiarebancaetica.coop\/ca\/persones-socies\/associar-se\/\",\"url\":\"https:\/\/www.fiarebancaetica.coop\/ca\/persones-socies\/associar-se\/\",\"name\":\"Fiare Banca Etica - Quins s\u00f3n els beneficis de les persones s\u00f2cies?\",\"isPartOf\":{\"@id\":\"https:\/\/www.fiarebancaetica.coop\/ca\/#website\"},\"primaryImageOfPage\":{\"@id\":\"https:\/\/www.fiarebancaetica.coop\/ca\/persones-socies\/associar-se\/#primaryimage\"},\"image\":{\"@id\":\"https:\/\/www.fiarebancaetica.coop\/ca\/persones-socies\/associar-se\/#primaryimage\"},\"thumbnailUrl\":\"http:\/\/www.fiarebancaetica.coop\/app\/uploads\/sites\/2\/2023\/11\/VISUALES_TODOS_socio-1024x576.png\",\"datePublished\":\"2023-12-20T09:01:45+00:00\",\"dateModified\":\"2024-04-17T13:08:10+00:00\",\"breadcrumb\":{\"@id\":\"https:\/\/www.fiarebancaetica.coop\/ca\/persones-socies\/associar-se\/#breadcrumb\"},\"inLanguage\":\"ca\",\"potentialAction\":[{\"@type\":\"ReadAction\",\"target\":[\"https:\/\/www.fiarebancaetica.coop\/ca\/persones-socies\/associar-se\/\"]}]},{\"@type\":\"ImageObject\",\"inLanguage\":\"ca\",\"@id\":\"https:\/\/www.fiarebancaetica.coop\/ca\/persones-socies\/associar-se\/#primaryimage\",\"url\":\"http:\/\/www.fiarebancaetica.coop\/app\/uploads\/sites\/2\/2023\/11\/VISUALES_TODOS_socio-1024x576.png\",\"contentUrl\":\"http:\/\/www.fiarebancaetica.coop\/app\/uploads\/sites\/2\/2023\/11\/VISUALES_TODOS_socio-1024x576.png\"},{\"@type\":\"BreadcrumbList\",\"@id\":\"https:\/\/www.fiarebancaetica.coop\/ca\/persones-socies\/associar-se\/#breadcrumb\",\"itemListElement\":[{\"@type\":\"ListItem\",\"position\":1,\"name\":\"Home\",\"item\":\"https:\/\/www.fiarebancaetica.coop\/ca\/\"},{\"@type\":\"ListItem\",\"position\":2,\"name\":\"Persones s\u00f2cies\",\"item\":\"https:\/\/www.fiarebancaetica.coop\/ca\/persones-socies\/\"},{\"@type\":\"ListItem\",\"position\":3,\"name\":\"Associar-se\"}]},{\"@type\":\"WebSite\",\"@id\":\"https:\/\/www.fiarebancaetica.coop\/ca\/#website\",\"url\":\"https:\/\/www.fiarebancaetica.coop\/ca\/\",\"name\":\"Fiare Banca Etica\",\"description\":\"\",\"potentialAction\":[{\"@type\":\"SearchAction\",\"target\":{\"@type\":\"EntryPoint\",\"urlTemplate\":\"https:\/\/www.fiarebancaetica.coop\/ca\/?s={search_term_string}\"},\"query-input\":{\"@type\":\"PropertyValueSpecification\",\"valueRequired\":true,\"valueName\":\"search_term_string\"}}],\"inLanguage\":\"ca\"}]}<\/script>\n<!-- \/ Yoast SEO plugin. -->","yoast_head_json":{"title":"Fiare Banca Etica - Quins s\u00f3n els beneficis de les persones s\u00f2cies?","robots":{"index":"index","follow":"follow","max-snippet":"max-snippet:-1","max-image-preview":"max-image-preview:large","max-video-preview":"max-video-preview:-1"},"canonical":"https:\/\/www.fiarebancaetica.coop\/ca\/persones-socies\/associar-se\/","og_locale":"ca_ES","og_type":"article","og_title":"Fiare Banca Etica - Quins s\u00f3n els beneficis de les persones s\u00f2cies?","og_url":"https:\/\/www.fiarebancaetica.coop\/ca\/persones-socies\/associar-se\/","og_site_name":"Fiare Banca Etica","article_modified_time":"2024-04-17T13:08:10+00:00","og_image":[{"url":"http:\/\/www.fiarebancaetica.coop\/app\/uploads\/sites\/2\/2023\/11\/VISUALES_TODOS_socio-1024x576.png","type":"","width":"","height":""}],"twitter_card":"summary_large_image","schema":{"@context":"https:\/\/schema.org","@graph":[{"@type":"WebPage","@id":"https:\/\/www.fiarebancaetica.coop\/ca\/persones-socies\/associar-se\/","url":"https:\/\/www.fiarebancaetica.coop\/ca\/persones-socies\/associar-se\/","name":"Fiare Banca Etica - Quins s\u00f3n els beneficis de les persones s\u00f2cies?","isPartOf":{"@id":"https:\/\/www.fiarebancaetica.coop\/ca\/#website"},"primaryImageOfPage":{"@id":"https:\/\/www.fiarebancaetica.coop\/ca\/persones-socies\/associar-se\/#primaryimage"},"image":{"@id":"https:\/\/www.fiarebancaetica.coop\/ca\/persones-socies\/associar-se\/#primaryimage"},"thumbnailUrl":"http:\/\/www.fiarebancaetica.coop\/app\/uploads\/sites\/2\/2023\/11\/VISUALES_TODOS_socio-1024x576.png","datePublished":"2023-12-20T09:01:45+00:00","dateModified":"2024-04-17T13:08:10+00:00","breadcrumb":{"@id":"https:\/\/www.fiarebancaetica.coop\/ca\/persones-socies\/associar-se\/#breadcrumb"},"inLanguage":"ca","potentialAction":[{"@type":"ReadAction","target":["https:\/\/www.fiarebancaetica.coop\/ca\/persones-socies\/associar-se\/"]}]},{"@type":"ImageObject","inLanguage":"ca","@id":"https:\/\/www.fiarebancaetica.coop\/ca\/persones-socies\/associar-se\/#primaryimage","url":"http:\/\/www.fiarebancaetica.coop\/app\/uploads\/sites\/2\/2023\/11\/VISUALES_TODOS_socio-1024x576.png","contentUrl":"http:\/\/www.fiarebancaetica.coop\/app\/uploads\/sites\/2\/2023\/11\/VISUALES_TODOS_socio-1024x576.png"},{"@type":"BreadcrumbList","@id":"https:\/\/www.fiarebancaetica.coop\/ca\/persones-socies\/associar-se\/#breadcrumb","itemListElement":[{"@type":"ListItem","position":1,"name":"Home","item":"https:\/\/www.fiarebancaetica.coop\/ca\/"},{"@type":"ListItem","position":2,"name":"Persones s\u00f2cies","item":"https:\/\/www.fiarebancaetica.coop\/ca\/persones-socies\/"},{"@type":"ListItem","position":3,"name":"Associar-se"}]},{"@type":"WebSite","@id":"https:\/\/www.fiarebancaetica.coop\/ca\/#website","url":"https:\/\/www.fiarebancaetica.coop\/ca\/","name":"Fiare Banca Etica","description":"","potentialAction":[{"@type":"SearchAction","target":{"@type":"EntryPoint","urlTemplate":"https:\/\/www.fiarebancaetica.coop\/ca\/?s={search_term_string}"},"query-input":{"@type":"PropertyValueSpecification","valueRequired":true,"valueName":"search_term_string"}}],"inLanguage":"ca"}]}},"_links":{"self":[{"href":"https:\/\/www.fiarebancaetica.coop\/ca\/wp-json\/wp\/v2\/pages\/324162","targetHints":{"allow":["GET"]}}],"collection":[{"href":"https:\/\/www.fiarebancaetica.coop\/ca\/wp-json\/wp\/v2\/pages"}],"about":[{"href":"https:\/\/www.fiarebancaetica.coop\/ca\/wp-json\/wp\/v2\/types\/page"}],"author":[{"embeddable":true,"href":"https:\/\/www.fiarebancaetica.coop\/ca\/wp-json\/wp\/v2\/users\/6693"}],"replies":[{"embeddable":true,"href":"https:\/\/www.fiarebancaetica.coop\/ca\/wp-json\/wp\/v2\/comments?post=324162"}],"version-history":[{"count":5,"href":"https:\/\/www.fiarebancaetica.coop\/ca\/wp-json\/wp\/v2\/pages\/324162\/revisions"}],"predecessor-version":[{"id":373572,"href":"https:\/\/www.fiarebancaetica.coop\/ca\/wp-json\/wp\/v2\/pages\/324162\/revisions\/373572"}],"up":[{"embeddable":true,"href":"https:\/\/www.fiarebancaetica.coop\/ca\/wp-json\/wp\/v2\/pages\/320365"}],"wp:attachment":[{"href":"https:\/\/www.fiarebancaetica.coop\/ca\/wp-json\/wp\/v2\/media?parent=324162"}],"wp:term":[{"taxonomy":"author","embeddable":true,"href":"https:\/\/www.fiarebancaetica.coop\/ca\/wp-json\/wp\/v2\/coauthors?post=324162"}],"curies":[{"name":"wp","href":"https:\/\/api.w.org\/{rel}","templated":true}]}}