{"id":327147,"date":"2023-12-22T12:22:57","date_gmt":"2023-12-22T11:22:57","guid":{"rendered":"https:\/\/www.fiarebancaetica.coop\/?page_id=327147"},"modified":"2024-04-17T13:25:27","modified_gmt":"2024-04-17T11:25:27","slug":"balancos","status":"publish","type":"page","link":"https:\/\/www.fiarebancaetica.coop\/ca\/identitat\/balancos\/","title":{"rendered":"Balan\u00e7os"},"content":{"rendered":"\n<div class=\"wp-block-groupama-blocks-block-43\">\n    <div class=\"container-block\">\n                    <div class=\"container-image\">\n                                    <div class=\"content-title\">\n                        <h1 class=\"section-title\"> Balan\u00e7os. Aix\u00ed: en plural. <\/h1>\n                    <\/div>\n                                <div class=\"image-wrapper\">\n                    <img decoding=\"async\" src=\"https:\/\/www.fiarebancaetica.coop\/app\/uploads\/sites\/2\/2023\/11\/VISUALES_TODOS_mision-1024x576.png\">\n                <\/div>\n            <\/div>\n        \n        <div class=\"two-columns\">\n                            <div class=\"col\">\n                    <h3 class=\"section-col-title\"> Balan\u00e7 social <\/h3>\n                    <div class=\"section-col-content\"> <p><span style=\"font-weight: 400\">En coher\u00e8ncia amb <\/span><b>els principis de transpar\u00e8ncia, participaci\u00f3 i democr\u00e0cia<\/b><span style=\"font-weight: 400\"> que estan a la base de la nostra activitat, redactem i difonem anualment el balan\u00e7 social. El mesurament puntual dels objectius no econ\u00f2mics aconseguits \u00e9s fonamental per a Banca Etica, \u00e9s la nostra responsabilitat social d&#8217;empresa.<\/span><\/p>\n <\/div>\n\n                                            <div class=\"select\">\n                            <select id=\"report-select\" class=\"sel\">\n                                <option value=\"\"> Selecciona un any<\/option>\n\n                                                                    <option class=\"sel-post\" value=\"375414\" data-id=\"375414\"> 2023 <\/option>\n                                                                    <option class=\"sel-post\" value=\"190645\" data-id=\"190645\"> 2022 <\/option>\n                                                                    <option class=\"sel-post\" value=\"315768\" data-id=\"315768\"> 2021 <\/option>\n                                                                    <option class=\"sel-post\" value=\"315769\" data-id=\"315769\"> 2020 <\/option>\n                                                                    <option class=\"sel-post\" value=\"315770\" data-id=\"315770\"> 2019 <\/option>\n                                                                    <option class=\"sel-post\" value=\"315771\" data-id=\"315771\"> 2018 <\/option>\n                                                                    <option class=\"sel-post\" value=\"315772\" data-id=\"315772\"> 2017 <\/option>\n                                                                    <option class=\"sel-post\" value=\"315773\" data-id=\"315773\"> 2016 <\/option>\n                                                                    <option class=\"sel-post\" value=\"315774\" data-id=\"315774\"> 2015 <\/option>\n                                                                    <option class=\"sel-post\" value=\"368321\" data-id=\"368321\"> 2014 <\/option>\n                                                            <\/select> \n                        <\/div>\n                    \n                    <div class=\"hidden-content hidden-content-report\"><\/div>\n                <\/div>\n            \n                            <div class=\"col\">\n                    <h3 class=\"section-col-title\"> Balan\u00e7 de l&#8217;exercici <\/h3>\n                    <div class=\"section-col-content\"> <p><span style=\"font-weight: 400\">Perqu\u00e8 els objectius de Fiare Banca Etica no s\u00f3n nom\u00e9s econ\u00f2mics, cada any publiquem tant el balan\u00e7 comptable com el balan\u00e7 social. Que gestionem b\u00e9 els diners, els teus diners i els de la teva entitat, \u00e9s imprescindible per dur a terme la nostra pol\u00edtica social i aconseguir els objectius que ens proposem. Per a Fiare Banca Etica, el Balan\u00e7 de l&#8217;exercici \u00e9s un instrument d&#8217;an\u00e0lisi no nom\u00e9s de la gesti\u00f3 sin\u00f3 tamb\u00e9 del context econ\u00f2mic, financer i socioambiental en qu\u00e8 el banc est\u00e0 immers. El banc treballa a nivell local per\u00f2 \u00e9s molt conscient de l&#8217;impacte global de la seva activitat.<\/span><\/p>\n<p><span style=\"font-weight: 400\">Des d&#8217;aquest punt de vista, els resultats obtinguts per Fiare Banca Etica fins avui mostren com els beneficis assolits pel banc s\u00f3n fruit d&#8217;un treball en xarxa i acaben construint una societat m\u00e9s bona per a tothom.<\/span><\/p>\n<p><span style=\"font-weight: 400\">Pots trobar els balan\u00e7os d&#8217;exercicis anteriors (en itali\u00e0)<\/span><a href=\"http:\/\/www.bancaetica.it\/bilanci\"> <span style=\"font-weight: 400\">aqu\u00ed<\/span><\/a><span style=\"font-weight: 400\">.<\/span><\/p>\n <\/div>\n\n                                            <div class=\"select\">\n                            <select id=\"balance-select\" class=\"sel\">\n                                <option value=\"\"> Selecciona un any<\/option>\n\n                                                                    <option class=\"sel-post\" value=\"386319\" data-id=\"386319\"> 2024 <\/option>\n                                                                    <option class=\"sel-post\" value=\"375272\" data-id=\"375272\"> 2023 <\/option>\n                                                                    <option class=\"sel-post\" value=\"368302\" data-id=\"368302\"> 2022 <\/option>\n                                                                    <option class=\"sel-post\" value=\"368304\" data-id=\"368304\"> 2021 <\/option>\n                                                                    <option class=\"sel-post\" value=\"368306\" data-id=\"368306\"> 2020 <\/option>\n                                                                    <option class=\"sel-post\" value=\"368308\" data-id=\"368308\"> 2019 <\/option>\n                                                                    <option class=\"sel-post\" value=\"368310\" data-id=\"368310\"> 2018 <\/option>\n                                                                    <option class=\"sel-post\" value=\"368312\" data-id=\"368312\"> 2017 <\/option>\n                                                                    <option class=\"sel-post\" value=\"368314\" data-id=\"368314\"> 2016 <\/option>\n                                                                    <option class=\"sel-post\" value=\"368316\" data-id=\"368316\"> 2015 <\/option>\n                                                            <\/select> \n                        <\/div>\n                    \n                    <div class=\"hidden-content hidden-content-balance\"><\/div>\n                <\/div>\n                    <\/div>\n    <\/div>\n<\/div>\n\n<script>\n\n(function ($)\n{\n    var balanceSelect = $('#balance-select');\n    var reportSelect = $('#report-select');\n\n    balanceSelect.on('change', function()\n    {\n        $.ajax({\n            type: 'POST',\n            url: BancaeticaBlocksBlocksBlocksAjax.ajaxurl,\n            data: {\n                action: 'show_balance_pdf',\n                _security: BancaeticaBlocksBlocksBlocksAjax.security,\n                selectedValue: $(this).find(':selected').data('id'),\n            },\n            success: function(response)\n            {\n                $('.hidden-content-balance').html(response);\n            },\n            error: function(error)\n            {\n                console.log(error);\n            }\n        });\n\n    });\n\n    reportSelect.on('change', function()\n    {\n        $.ajax({\n            type: 'POST',\n            url: BancaeticaBlocksBlocksBlocksAjax.ajaxurl,\n            data: {\n                action: 'show_social_report',\n                _security: BancaeticaBlocksBlocksBlocksAjax.security,\n                selectedValue: $(this).find(':selected').data('id'),\n            },\n            success: function(response)\n            {\n                $('.hidden-content-report').html(response);\n            },\n            error: function(error)\n            {\n                console.log(error);\n            }\n        });\n\n    });\n\n})(jQuery);\n    \n<\/script>\n","protected":false},"excerpt":{"rendered":"","protected":false},"author":6693,"featured_media":0,"parent":314820,"menu_order":0,"comment_status":"closed","ping_status":"closed","template":"","meta":{"_acf_changed":false,"footnotes":""},"coauthors":[10743],"class_list":["post-327147","page","type-page","status-publish","hentry","crispybacon-hidden-page-title"],"acf":[],"yoast_head":"<!-- This site is optimized with the Yoast SEO plugin v26.9 - https:\/\/yoast.com\/product\/yoast-seo-wordpress\/ -->\n<title>Fiare Banca Etica: balan\u00e7 social, balan\u00e7 de l&#039;Exercici<\/title>\n<meta name=\"robots\" content=\"index, follow, max-snippet:-1, max-image-preview:large, max-video-preview:-1\" \/>\n<link rel=\"canonical\" href=\"https:\/\/www.fiarebancaetica.coop\/ca\/identitat\/balancos\/\" \/>\n<meta property=\"og:locale\" content=\"ca_ES\" \/>\n<meta property=\"og:type\" content=\"article\" \/>\n<meta property=\"og:title\" content=\"Fiare Banca Etica: balan\u00e7 social, balan\u00e7 de l&#039;Exercici\" \/>\n<meta property=\"og:url\" content=\"https:\/\/www.fiarebancaetica.coop\/ca\/identitat\/balancos\/\" \/>\n<meta property=\"og:site_name\" content=\"Fiare Banca Etica\" \/>\n<meta property=\"article:modified_time\" content=\"2024-04-17T11:25:27+00:00\" \/>\n<meta name=\"twitter:card\" content=\"summary_large_image\" \/>\n<script type=\"application\/ld+json\" class=\"yoast-schema-graph\">{\"@context\":\"https:\/\/schema.org\",\"@graph\":[{\"@type\":\"WebPage\",\"@id\":\"https:\/\/www.fiarebancaetica.coop\/ca\/identitat\/balancos\/\",\"url\":\"https:\/\/www.fiarebancaetica.coop\/ca\/identitat\/balancos\/\",\"name\":\"Fiare Banca Etica: balan\u00e7 social, balan\u00e7 de l'Exercici\",\"isPartOf\":{\"@id\":\"https:\/\/www.fiarebancaetica.coop\/ca\/#website\"},\"datePublished\":\"2023-12-22T11:22:57+00:00\",\"dateModified\":\"2024-04-17T11:25:27+00:00\",\"breadcrumb\":{\"@id\":\"https:\/\/www.fiarebancaetica.coop\/ca\/identitat\/balancos\/#breadcrumb\"},\"inLanguage\":\"ca\",\"potentialAction\":[{\"@type\":\"ReadAction\",\"target\":[\"https:\/\/www.fiarebancaetica.coop\/ca\/identitat\/balancos\/\"]}]},{\"@type\":\"BreadcrumbList\",\"@id\":\"https:\/\/www.fiarebancaetica.coop\/ca\/identitat\/balancos\/#breadcrumb\",\"itemListElement\":[{\"@type\":\"ListItem\",\"position\":1,\"name\":\"Home\",\"item\":\"https:\/\/www.fiarebancaetica.coop\/ca\/\"},{\"@type\":\"ListItem\",\"position\":2,\"name\":\"Identitat\",\"item\":\"https:\/\/www.fiarebancaetica.coop\/ca\/identitat\/\"},{\"@type\":\"ListItem\",\"position\":3,\"name\":\"Balan\u00e7os\"}]},{\"@type\":\"WebSite\",\"@id\":\"https:\/\/www.fiarebancaetica.coop\/ca\/#website\",\"url\":\"https:\/\/www.fiarebancaetica.coop\/ca\/\",\"name\":\"Fiare Banca Etica\",\"description\":\"\",\"potentialAction\":[{\"@type\":\"SearchAction\",\"target\":{\"@type\":\"EntryPoint\",\"urlTemplate\":\"https:\/\/www.fiarebancaetica.coop\/ca\/?s={search_term_string}\"},\"query-input\":{\"@type\":\"PropertyValueSpecification\",\"valueRequired\":true,\"valueName\":\"search_term_string\"}}],\"inLanguage\":\"ca\"}]}<\/script>\n<!-- \/ Yoast SEO plugin. -->","yoast_head_json":{"title":"Fiare Banca Etica: balan\u00e7 social, balan\u00e7 de l'Exercici","robots":{"index":"index","follow":"follow","max-snippet":"max-snippet:-1","max-image-preview":"max-image-preview:large","max-video-preview":"max-video-preview:-1"},"canonical":"https:\/\/www.fiarebancaetica.coop\/ca\/identitat\/balancos\/","og_locale":"ca_ES","og_type":"article","og_title":"Fiare Banca Etica: balan\u00e7 social, balan\u00e7 de l'Exercici","og_url":"https:\/\/www.fiarebancaetica.coop\/ca\/identitat\/balancos\/","og_site_name":"Fiare Banca Etica","article_modified_time":"2024-04-17T11:25:27+00:00","twitter_card":"summary_large_image","schema":{"@context":"https:\/\/schema.org","@graph":[{"@type":"WebPage","@id":"https:\/\/www.fiarebancaetica.coop\/ca\/identitat\/balancos\/","url":"https:\/\/www.fiarebancaetica.coop\/ca\/identitat\/balancos\/","name":"Fiare Banca Etica: balan\u00e7 social, balan\u00e7 de l'Exercici","isPartOf":{"@id":"https:\/\/www.fiarebancaetica.coop\/ca\/#website"},"datePublished":"2023-12-22T11:22:57+00:00","dateModified":"2024-04-17T11:25:27+00:00","breadcrumb":{"@id":"https:\/\/www.fiarebancaetica.coop\/ca\/identitat\/balancos\/#breadcrumb"},"inLanguage":"ca","potentialAction":[{"@type":"ReadAction","target":["https:\/\/www.fiarebancaetica.coop\/ca\/identitat\/balancos\/"]}]},{"@type":"BreadcrumbList","@id":"https:\/\/www.fiarebancaetica.coop\/ca\/identitat\/balancos\/#breadcrumb","itemListElement":[{"@type":"ListItem","position":1,"name":"Home","item":"https:\/\/www.fiarebancaetica.coop\/ca\/"},{"@type":"ListItem","position":2,"name":"Identitat","item":"https:\/\/www.fiarebancaetica.coop\/ca\/identitat\/"},{"@type":"ListItem","position":3,"name":"Balan\u00e7os"}]},{"@type":"WebSite","@id":"https:\/\/www.fiarebancaetica.coop\/ca\/#website","url":"https:\/\/www.fiarebancaetica.coop\/ca\/","name":"Fiare Banca Etica","description":"","potentialAction":[{"@type":"SearchAction","target":{"@type":"EntryPoint","urlTemplate":"https:\/\/www.fiarebancaetica.coop\/ca\/?s={search_term_string}"},"query-input":{"@type":"PropertyValueSpecification","valueRequired":true,"valueName":"search_term_string"}}],"inLanguage":"ca"}]}},"_links":{"self":[{"href":"https:\/\/www.fiarebancaetica.coop\/ca\/wp-json\/wp\/v2\/pages\/327147","targetHints":{"allow":["GET"]}}],"collection":[{"href":"https:\/\/www.fiarebancaetica.coop\/ca\/wp-json\/wp\/v2\/pages"}],"about":[{"href":"https:\/\/www.fiarebancaetica.coop\/ca\/wp-json\/wp\/v2\/types\/page"}],"author":[{"embeddable":true,"href":"https:\/\/www.fiarebancaetica.coop\/ca\/wp-json\/wp\/v2\/users\/6693"}],"replies":[{"embeddable":true,"href":"https:\/\/www.fiarebancaetica.coop\/ca\/wp-json\/wp\/v2\/comments?post=327147"}],"version-history":[{"count":23,"href":"https:\/\/www.fiarebancaetica.coop\/ca\/wp-json\/wp\/v2\/pages\/327147\/revisions"}],"predecessor-version":[{"id":372133,"href":"https:\/\/www.fiarebancaetica.coop\/ca\/wp-json\/wp\/v2\/pages\/327147\/revisions\/372133"}],"up":[{"embeddable":true,"href":"https:\/\/www.fiarebancaetica.coop\/ca\/wp-json\/wp\/v2\/pages\/314820"}],"wp:attachment":[{"href":"https:\/\/www.fiarebancaetica.coop\/ca\/wp-json\/wp\/v2\/media?parent=327147"}],"wp:term":[{"taxonomy":"author","embeddable":true,"href":"https:\/\/www.fiarebancaetica.coop\/ca\/wp-json\/wp\/v2\/coauthors?post=327147"}],"curies":[{"name":"wp","href":"https:\/\/api.w.org\/{rel}","templated":true}]}}