{"id":357984,"date":"2024-01-11T09:12:25","date_gmt":"2024-01-11T08:12:25","guid":{"rendered":"https:\/\/www.fiarebancaetica.coop\/?page_id=357984"},"modified":"2024-04-17T13:49:36","modified_gmt":"2024-04-17T11:49:36","slug":"informe-dimpacte","status":"publish","type":"page","link":"https:\/\/www.fiarebancaetica.coop\/ca\/informe-dimpacte\/","title":{"rendered":"Informe d&#8217;Impacte"},"content":{"rendered":"\n<div class=\"wp-block-groupama-blocks-block-43\">\n    <div class=\"container-block\">\n                    <div class=\"container-image\">\n                                    <div class=\"content-title\">\n                        <h1 class=\"section-title\"> Informe de l&#8217;Impacte <\/h1>\n                    <\/div>\n                                <div class=\"image-wrapper\">\n                    <img decoding=\"async\" src=\"https:\/\/www.fiarebancaetica.coop\/app\/uploads\/sites\/2\/2023\/11\/VISUALES_TODOS_paraiso-1024x576.png\">\n                <\/div>\n            <\/div>\n        \n        <div class=\"block-97-columns\">\n                            <div class=\"col col-block-97\">\n                    <h3 class=\"section-col-title\"> Qu\u00e8 \u00e9s l&#8217;Informe de l&#8217;Impacte? <\/h3>\n                    <div class=\"section-col-content\"> <p>Un dels nostres principis rectors \u00e9s &#8220;l&#8217;atenci\u00f3 a les conseq\u00fc\u00e8ncies no econ\u00f2miques de les accions econ\u00f2miques&#8221;. Per aix\u00f2 mesurem l&#8217;activitat de Banca Etica des d&#8217;una perspectiva econ\u00f2mica, social i mediambiental.<\/p>\n<p>L&#8217;Informe d&#8217;Impacte, que ja va per la cinquena edici\u00f3, \u00e9s un document que publiquem cada any amb l&#8217;objectiu de mesurar els resultats d&#8217;impacte ambiental, social i de bon govern corporatiu que generen els cr\u00e8dits concedits per Banca Etica.<\/p>\n<p>Aquest espai en l\u00ednia est\u00e0 a la teva disposici\u00f3 per con\u00e8ixer com fem banca de manera diferent, verificar els impactes de la nostra activitat i participar en l&#8217;objectiu de fer de Banca Etica una empresa cada vegada m\u00e9s bona i amb capacitat de transformaci\u00f3.<\/p>\n<p>&nbsp;<\/p>\n<p>&nbsp;<\/p>\n<h3 style=\"text-align: center\"><a href=\"https:\/\/www.fiarebancaetica.coop\/informe-de-impacto-2023\/?customize_changeset_uuid=#\/es\"><b>Llegeix l&#8217;Informe del 2023<\/b><\/a><\/h3>\n<p>&nbsp;<\/p>\n<h3><b>Tots els nostres informes<\/b><\/h3>\n<p>Selecciona un any i descobreix tots els impactes ambientals, socials o de governan\u00e7a de l&#8217;activitat de Banca Etica.<\/p>\n<p>&nbsp;<\/p>\n <\/div>\n                        <div class=\"show-post\">\n                            <div class=\"select\">\n                                <select id=\"impatto-select\" class=\"sel\">\n                                    <option value=\"\"> Selecciona un any<\/option>\n                                                                            <option class=\"sel-post\" value=\"2025\" data-id=\"2025\"> 2025 <\/option>\n                                                                            <option class=\"sel-post\" value=\"2024\" data-id=\"2024\"> 2024 <\/option>\n                                                                            <option class=\"sel-post\" value=\"2023\" data-id=\"2023\"> 2023 <\/option>\n                                                                            <option class=\"sel-post\" value=\"2022\" data-id=\"2022\"> 2022 <\/option>\n                                                                            <option class=\"sel-post\" value=\"2021\" data-id=\"2021\"> 2021 <\/option>\n                                                                            <option class=\"sel-post\" value=\"2020\" data-id=\"2020\"> 2020 <\/option>\n                                                                    <\/select> \n                            <\/div>\n                        <\/div>\n                    <div class=\"hidden-content-report\"><\/div>\n                <\/div>\n                    <\/div>\n    <\/div>\n<\/div>\n\n<script>\n    (function ($)\n    {\n    var reportSelect = $('#impatto-select');\n\n    reportSelect.on('change', function()\n    {\n        $.ajax({\n            type: 'POST',\n            url: BancaeticaBlocksBlocksBlocksAjax.ajaxurl,\n            data: {\n                action: 'show_report_list',\n                _security: BancaeticaBlocksBlocksBlocksAjax.security,\n                selectedValue: $(this).find(':selected').data('id'),\n            },\n            success: function(response)\n            {\n                console.log(response)\n                $('.hidden-content-report').html(response);\n            },\n            error: function(error)\n            {\n                console.log(error);\n            }\n        });\n\n    });\n\n})(jQuery);\n\n<\/script>","protected":false},"excerpt":{"rendered":"","protected":false},"author":6693,"featured_media":0,"parent":0,"menu_order":0,"comment_status":"closed","ping_status":"closed","template":"","meta":{"_acf_changed":false,"footnotes":""},"coauthors":[10743],"class_list":["post-357984","page","type-page","status-publish","hentry","crispybacon-hidden-page-title"],"acf":[],"yoast_head":"<!-- This site is optimized with the Yoast SEO plugin v26.9 - https:\/\/yoast.com\/product\/yoast-seo-wordpress\/ -->\n<title>Informe d&#039;Impacte - Qu\u00e8 \u00e9s l&#039;Informe d&#039;Impacte? - Fiare Banca Etica<\/title>\n<meta name=\"robots\" content=\"index, follow, max-snippet:-1, max-image-preview:large, max-video-preview:-1\" \/>\n<link rel=\"canonical\" href=\"https:\/\/www.fiarebancaetica.coop\/ca\/informe-dimpacte\/\" \/>\n<meta property=\"og:locale\" content=\"ca_ES\" \/>\n<meta property=\"og:type\" content=\"article\" \/>\n<meta property=\"og:title\" content=\"Informe d&#039;Impacte - Qu\u00e8 \u00e9s l&#039;Informe d&#039;Impacte? - Fiare Banca Etica\" \/>\n<meta property=\"og:url\" content=\"https:\/\/www.fiarebancaetica.coop\/ca\/informe-dimpacte\/\" \/>\n<meta property=\"og:site_name\" content=\"Fiare Banca Etica\" \/>\n<meta property=\"article:modified_time\" content=\"2024-04-17T11:49:36+00:00\" \/>\n<meta name=\"twitter:card\" content=\"summary_large_image\" \/>\n<script type=\"application\/ld+json\" class=\"yoast-schema-graph\">{\"@context\":\"https:\/\/schema.org\",\"@graph\":[{\"@type\":\"WebPage\",\"@id\":\"https:\/\/www.fiarebancaetica.coop\/ca\/informe-dimpacte\/\",\"url\":\"https:\/\/www.fiarebancaetica.coop\/ca\/informe-dimpacte\/\",\"name\":\"Informe d'Impacte - Qu\u00e8 \u00e9s l'Informe d'Impacte? - Fiare Banca Etica\",\"isPartOf\":{\"@id\":\"https:\/\/www.fiarebancaetica.coop\/ca\/#website\"},\"datePublished\":\"2024-01-11T08:12:25+00:00\",\"dateModified\":\"2024-04-17T11:49:36+00:00\",\"breadcrumb\":{\"@id\":\"https:\/\/www.fiarebancaetica.coop\/ca\/informe-dimpacte\/#breadcrumb\"},\"inLanguage\":\"ca\",\"potentialAction\":[{\"@type\":\"ReadAction\",\"target\":[\"https:\/\/www.fiarebancaetica.coop\/ca\/informe-dimpacte\/\"]}]},{\"@type\":\"BreadcrumbList\",\"@id\":\"https:\/\/www.fiarebancaetica.coop\/ca\/informe-dimpacte\/#breadcrumb\",\"itemListElement\":[{\"@type\":\"ListItem\",\"position\":1,\"name\":\"Home\",\"item\":\"https:\/\/www.fiarebancaetica.coop\/ca\/\"},{\"@type\":\"ListItem\",\"position\":2,\"name\":\"Informe d&#8217;Impacte\"}]},{\"@type\":\"WebSite\",\"@id\":\"https:\/\/www.fiarebancaetica.coop\/ca\/#website\",\"url\":\"https:\/\/www.fiarebancaetica.coop\/ca\/\",\"name\":\"Fiare Banca Etica\",\"description\":\"\",\"potentialAction\":[{\"@type\":\"SearchAction\",\"target\":{\"@type\":\"EntryPoint\",\"urlTemplate\":\"https:\/\/www.fiarebancaetica.coop\/ca\/?s={search_term_string}\"},\"query-input\":{\"@type\":\"PropertyValueSpecification\",\"valueRequired\":true,\"valueName\":\"search_term_string\"}}],\"inLanguage\":\"ca\"}]}<\/script>\n<!-- \/ Yoast SEO plugin. -->","yoast_head_json":{"title":"Informe d'Impacte - Qu\u00e8 \u00e9s l'Informe d'Impacte? - Fiare Banca Etica","robots":{"index":"index","follow":"follow","max-snippet":"max-snippet:-1","max-image-preview":"max-image-preview:large","max-video-preview":"max-video-preview:-1"},"canonical":"https:\/\/www.fiarebancaetica.coop\/ca\/informe-dimpacte\/","og_locale":"ca_ES","og_type":"article","og_title":"Informe d'Impacte - Qu\u00e8 \u00e9s l'Informe d'Impacte? - Fiare Banca Etica","og_url":"https:\/\/www.fiarebancaetica.coop\/ca\/informe-dimpacte\/","og_site_name":"Fiare Banca Etica","article_modified_time":"2024-04-17T11:49:36+00:00","twitter_card":"summary_large_image","schema":{"@context":"https:\/\/schema.org","@graph":[{"@type":"WebPage","@id":"https:\/\/www.fiarebancaetica.coop\/ca\/informe-dimpacte\/","url":"https:\/\/www.fiarebancaetica.coop\/ca\/informe-dimpacte\/","name":"Informe d'Impacte - Qu\u00e8 \u00e9s l'Informe d'Impacte? - Fiare Banca Etica","isPartOf":{"@id":"https:\/\/www.fiarebancaetica.coop\/ca\/#website"},"datePublished":"2024-01-11T08:12:25+00:00","dateModified":"2024-04-17T11:49:36+00:00","breadcrumb":{"@id":"https:\/\/www.fiarebancaetica.coop\/ca\/informe-dimpacte\/#breadcrumb"},"inLanguage":"ca","potentialAction":[{"@type":"ReadAction","target":["https:\/\/www.fiarebancaetica.coop\/ca\/informe-dimpacte\/"]}]},{"@type":"BreadcrumbList","@id":"https:\/\/www.fiarebancaetica.coop\/ca\/informe-dimpacte\/#breadcrumb","itemListElement":[{"@type":"ListItem","position":1,"name":"Home","item":"https:\/\/www.fiarebancaetica.coop\/ca\/"},{"@type":"ListItem","position":2,"name":"Informe d&#8217;Impacte"}]},{"@type":"WebSite","@id":"https:\/\/www.fiarebancaetica.coop\/ca\/#website","url":"https:\/\/www.fiarebancaetica.coop\/ca\/","name":"Fiare Banca Etica","description":"","potentialAction":[{"@type":"SearchAction","target":{"@type":"EntryPoint","urlTemplate":"https:\/\/www.fiarebancaetica.coop\/ca\/?s={search_term_string}"},"query-input":{"@type":"PropertyValueSpecification","valueRequired":true,"valueName":"search_term_string"}}],"inLanguage":"ca"}]}},"_links":{"self":[{"href":"https:\/\/www.fiarebancaetica.coop\/ca\/wp-json\/wp\/v2\/pages\/357984","targetHints":{"allow":["GET"]}}],"collection":[{"href":"https:\/\/www.fiarebancaetica.coop\/ca\/wp-json\/wp\/v2\/pages"}],"about":[{"href":"https:\/\/www.fiarebancaetica.coop\/ca\/wp-json\/wp\/v2\/types\/page"}],"author":[{"embeddable":true,"href":"https:\/\/www.fiarebancaetica.coop\/ca\/wp-json\/wp\/v2\/users\/6693"}],"replies":[{"embeddable":true,"href":"https:\/\/www.fiarebancaetica.coop\/ca\/wp-json\/wp\/v2\/comments?post=357984"}],"version-history":[{"count":7,"href":"https:\/\/www.fiarebancaetica.coop\/ca\/wp-json\/wp\/v2\/pages\/357984\/revisions"}],"predecessor-version":[{"id":371154,"href":"https:\/\/www.fiarebancaetica.coop\/ca\/wp-json\/wp\/v2\/pages\/357984\/revisions\/371154"}],"wp:attachment":[{"href":"https:\/\/www.fiarebancaetica.coop\/ca\/wp-json\/wp\/v2\/media?parent=357984"}],"wp:term":[{"taxonomy":"author","embeddable":true,"href":"https:\/\/www.fiarebancaetica.coop\/ca\/wp-json\/wp\/v2\/coauthors?post=357984"}],"curies":[{"name":"wp","href":"https:\/\/api.w.org\/{rel}","templated":true}]}}