{"id":361547,"date":"2024-01-19T10:36:25","date_gmt":"2024-01-19T09:36:25","guid":{"rendered":"https:\/\/www.fiarebancaetica.coop\/?page_id=361547"},"modified":"2024-02-20T16:27:05","modified_gmt":"2024-02-20T15:27:05","slug":"newsletter","status":"publish","type":"page","link":"https:\/\/www.fiarebancaetica.coop\/ca\/newsletter\/","title":{"rendered":"Newsletter"},"content":{"rendered":"\n<div class=\"wp-block-bancaetica-blocks-block-101 newsletter-block\">\n            <h3 class=\"block-101-newsletter-title\">Subscriu-te al butllet\u00ed per rebre totes les novetats<\/h3>\n        <div class=\"block-101-newsletter-container\">\n        <!-- form -->\n        <div class=\"newsletter-form\">\n            <form class=\"form-fiare-newsletter\" id=\"newsletter-fiare\">\n                <div class=\"wrapper\">\n                    <div class=\"form-group form-group-name\">\n                        <input type=\"text\" name=\"nombre\" id=\"nombre\" class=\"required\" placeholder=\"Nom i cognoms *\" \/>\n                    <\/div>\n\n                    <div class=\"form-group form-group-mail\">\n                        <input type=\"email\" name=\"email\" id=\"email\" class=\"required\" placeholder=\"Adre\u00e7a de correu electr\u00f2nic *\" \/>\n                    <\/div>\n                <\/div>\n                <div class=\"form-group form-group-privacy\">\n                    <div class=\"message-privacy\">\n                        <p><p><b>Informacions relatives a l&#8217;article 13 del Reglament (UE) 2016\/679<\/b><\/p>\n<p>D&#8217;acord amb l&#8217;article 13 del Reglament (UE) 2016\/679 (RGPD), t&#8217;informem que les teves dades personals, que proporciones lliurement, seran tractades per Banca Popolare Etica Scpa Cooperativa (en endavant anomenada \u00abel Banc\u00bb), amb seu a Via N. Tommaseo 7 &#8211; P\u00e0dua, responsable del seu tractament, per processar la teva sol\u00b7licitud de subscripci\u00f3 a la Newsletter. El consentiment pot ser revocat en qualsevol moment mitjan\u00e7ant, quan estigui present, l&#8217;enlla\u00e7 apropiat inserit a cada Newsletter rebuda, o b\u00e9 posant-te en contacte amb el responsable de les dades. Et recordem que la retirada del consentiment no afecta la licitud del tractament basat en el consentiment prestat abans de la retirada. El subministrament de les teves dades \u00e9s de franc, tanmateix, si no desitges proporcionar-les, no podr\u00e0s continuar amb la teva subscripci\u00f3 a la Newsletter. En relaci\u00f3 amb les finalitats indicades, el tractament de dades el realitzar\u00e0 personal autoritzat d&#8217;acord amb l&#8217;article 29 del Reglament (UE) 2016\/679, es far\u00e0 de manera que se&#8217;n garanteixi la seguretat i la confidencialitat, i es podr\u00e0 fer per mitjans electr\u00f2nics. Les dades que comuniques es conservaran nom\u00e9s el temps estrictament necessari per donar curs a la teva sol\u00b7licitud. Les dades personals tamb\u00e9 podran ser transmeses a tercers pa\u00efsos, que s\u00f3n els pa\u00efsos que no pertanyen a la Uni\u00f3 Europea o a l&#8217;Espai Econ\u00f2mic Europeu. Sigui com sigui, el Banc declara i garanteix que compleix tot all\u00f2 que disposa el Cap\u00edtol V del Reglament (UE) 2016\/679, per la qual cosa la transmissi\u00f3 es far\u00e0 exclusivament a tercers pa\u00efsos el nivell de protecci\u00f3 de les dades personals dels quals estigui reconegut com a adequat per la Comissi\u00f3 Europea, o, en cas contrari, exclusivament pr\u00e8via signatura d&#8217;unes cl\u00e0usules contractuals est\u00e0ndard per garantir la protecci\u00f3 adequada de les dades personals objecte de la transmissi\u00f3. Com a alternativa, es podr\u00e0 valorar l&#8217;aplicaci\u00f3 d&#8217;una de les derogacions previstes a l&#8217;article 49 del RGPD. Finalment, et recordem que, segons l&#8217;estipulat als articles 15 i seg\u00fcents del Reglament (UE) 2016\/679, tens dret a rebre confirmaci\u00f3 de l&#8217;exist\u00e8ncia o no d&#8217;aquelles dades relacionades amb tu i del seu acc\u00e9s, que se t&#8217;indiqui l&#8217;origen, la finalitat i la modalitat del seu tractament, a l&#8217;oposici\u00f3, actualitzaci\u00f3, rectificaci\u00f3, integraci\u00f3 i portabilitat de les dades, com tamb\u00e9 a la seva cancel\u00b7laci\u00f3 si es tractessin mitjan\u00e7ant la infracci\u00f3 de les lleis o sempre que es doni un dels motius especificats a l&#8217;article 17 del RGPD. Per a l&#8217;exercici dels drets contemplats a l&#8217;article 15 i seg\u00fcents, com tamb\u00e9 per rebre m\u00e9s informaci\u00f3 relativa al tractament de les teves dades personals, et pots adre\u00e7ar directament a les nostres oficines o b\u00e9 presentar una sol\u00b7licitud escrita a trav\u00e9s del m\u00f2dul disponible a la p\u00e0gina web del Banc, a la secci\u00f3 \u00abPrivacitat i pol\u00edtica de galetes\u00bb, i adre\u00e7ar-la a l&#8217;atenci\u00f3 del delegat de protecci\u00f3 de dades (Data Protection Officer): DPO@bancaetica.com. Si observessis una infracci\u00f3 en el tractament de les teves dades personals (com ara la inclusi\u00f3 de les teves dades personals en una llista de correu o a la p\u00e0gina web del banc), podr\u00e0s presentar una reclamaci\u00f3 formal a l&#8217;Oficina de Reclamacions &#8211; Servei d&#8217;Assist\u00e8ncia Legal &#8211; Via N. Tommaseo, 7 &#8211; IT-35131P\u00e0dua &#8211; reclami@bancaetica.com. T&#8217;informem que el termini de resposta despr\u00e9s de la presentaci\u00f3 de la teva sol\u00b7licitud d&#8217;acord amb els articles 15 i seg\u00fcents \u00e9s d&#8217;un (1) mes, prorrogable a dos (2) mesos en casos de complexitat especial; en aquests casos, el Banc t&#8217;enviar\u00e0 almenys una comunicaci\u00f3 de tramitaci\u00f3 en el termini d&#8217;un (1) mes, i t&#8217;informar\u00e0 de l&#8217;acceptaci\u00f3 a tr\u00e0mit d&#8217;aquesta sol\u00b7licitud. Si consideressis que el tractament de les teves dades per part del responsable incompleix el RGPD, podr\u00e0s presentar una reclamaci\u00f3 davant de l&#8217;autoritat de control.<\/p>\n<\/p>\n                    <\/div>\n                <\/div>\n                <div class=\"wrapper-checkbox\">\n                    <div class=\"checkbox-wrapper\">\n                        <input type=\"checkbox\" name=\"privacyCheck\" id=\"privacyCheck\" \/>\n                        <label for=\"privacyCheck\" class=\"checkbox\"> He llegit la pol\u00edtica de privadesa i dono el consentiment per rebre el butllet\u00ed *                        <\/label>\n                    <\/div>\n                    <p>(*) Els camps marcats amb un asterisc s\u00f3n obligatoris.<\/p>\n                <\/div>\n                <div class=\"wrapper large\">\n                    <div class=\"h-captcha-wrapper\">\n                        \t\t<input\n\t\t\t\ttype=\"hidden\"\n\t\t\t\tclass=\"hcaptcha-widget-id\"\n\t\t\t\tname=\"hcaptcha-widget-id\"\n\t\t\t\tvalue=\"eyJzb3VyY2UiOltdLCJmb3JtX2lkIjowfQ==-6fbed7a4c22e180d76094d6b2203e7e0\">\n\t\t\t\t<h-captcha\n\t\t\tclass=\"h-captcha\"\n\t\t\tdata-sitekey=\"756f2bfc-793f-4782-81b8-376fbff03ec7\"\n\t\t\tdata-theme=\"light\"\n\t\t\tdata-size=\"normal\"\n\t\t\tdata-auto=\"true\"\n\t\t\tdata-ajax=\"false\"\n\t\t\tdata-force=\"false\">\n\t\t<\/h-captcha>\n\t\t<input type=\"hidden\" id=\"hcaptcha_nonce\" name=\"hcaptcha_nonce\" value=\"1c96a8cfc7\" \/><input type=\"hidden\" name=\"_wp_http_referer\" value=\"\/ca\/wp-json\/wp\/v2\/pages\/361547\" \/>                    <\/div>\n                <\/div>\n\n                <div class=\"submit-loading wrapper large\">\n                    <div class=\"loader la-ball-beat la-dark\"><div><\/div><div><\/div><div><\/div><\/div>\n                    <button class=\"submit-newsletter-fiare\" type=\"submit\" disabled>Vull subscriure-m&#8217;hi<\/button>\n                <\/div>\n            <\/form> <!-- end <form> -->      \n\n            <div class=\"risultato\"><\/div>\n\n        <\/div><!-- end .newsletter-form -->\n        \n        <div class=\"newsletter-image\">\n                            <img decoding=\"async\" src=\"https:\/\/www.fiarebancaetica.coop\/app\/uploads\/sites\/2\/2024\/01\/VISUALES_TODOS_financiacion-1.png\" \/>\n                    <\/div>\n    <\/div>\n<\/div>\n\n\n\n\n<script>\n    (function($) {\n        \/\/Ajax send email\n        $(document).ready(function() {\n\n            $('.submit-newsletter-fiare').attr('disabled', true);\n            checkInput();\n\n            function checkInput() {\n                $('input[name=\"nombre\"], input[name=\"email\"]').on('keyup', function() {\n                    $('.submit-newsletter-fiare').attr('disabled', false);\n                });\n            }\n\n            function validateForm(form) {\n                var validForm = true;\n\n                form.find('input[name=\"nombre\"], input[name=\"email\"], input[name=\"privacyCheck\"]').each(function() {\n                    if ($(this).val() == null || $(this).val() === '' || $(this).val() == false) {\n                        $(this).addClass('invalid-input');\n                        validForm = false;\n                    }\n                });\n\n                return validForm;\n            }\n\n            function clearErrors() {\n                $('input[name=\"nombre\"], input[name=\"email\"], input[name=\"privacyCheck\"]').removeClass('invalid-input');\n            }\n            \n            $('#newsletter-fiare').on('submit', function (e) {\n                e.preventDefault();\n                var form = $(this);\n                var formData = new FormData(this);\n\n                if (validateForm(form)) {\n                    clearErrors();\n\n                    formData.append('action', 'newsletter_mailchimp');\n                    captchaResponse = $('textarea[name=\"h-captcha-response\"').val();\n                    formData.append('h-captcha-response', captchaResponse);\n\n                    if(captchaResponse && captchaResponse !== ''){\n                        $.ajax({\n                            type: 'POST',\n                            url: CbwptAjax.ajaxurl,\n                            data: formData,\n                            processData: false,\n                            contentType: false,\n                            success: function(response) {\n                                $('.risultato').append(response);\n                                setTimeout(function() {\n                                    $('.risultato').fadeOut();\n                                }, 15000);\n                                $('html, body').animate({\n                                    scrollTop: $('.risultato').offset().top - 300\n                                }, 1000);\n                                $('#newsletter-fiare')[0].reset();\n                                $('.submit-newsletter-fiare').attr('disabled', true);\n                            },\n                        });\n                    }\n                }\n            });\n\n        })\n    })(jQuery);\n<\/script>","protected":false},"excerpt":{"rendered":"","protected":false},"author":6693,"featured_media":0,"parent":0,"menu_order":0,"comment_status":"closed","ping_status":"closed","template":"","meta":{"_acf_changed":false,"footnotes":""},"coauthors":[10743],"class_list":["post-361547","page","type-page","status-publish","hentry","crispybacon-hidden-page-title"],"acf":[],"yoast_head":"<!-- This site is optimized with the Yoast SEO plugin v26.9 - https:\/\/yoast.com\/product\/yoast-seo-wordpress\/ -->\n<title>Newsletter - Fiare Banca Etica<\/title>\n<meta name=\"robots\" content=\"index, follow, max-snippet:-1, max-image-preview:large, max-video-preview:-1\" \/>\n<link rel=\"canonical\" href=\"https:\/\/www.fiarebancaetica.coop\/ca\/newsletter\/\" \/>\n<meta property=\"og:locale\" content=\"ca_ES\" \/>\n<meta property=\"og:type\" content=\"article\" \/>\n<meta property=\"og:title\" content=\"Newsletter - Fiare Banca Etica\" \/>\n<meta property=\"og:url\" content=\"https:\/\/www.fiarebancaetica.coop\/ca\/newsletter\/\" \/>\n<meta property=\"og:site_name\" content=\"Fiare Banca Etica\" \/>\n<meta property=\"article:modified_time\" content=\"2024-02-20T15:27:05+00:00\" \/>\n<meta name=\"twitter:card\" content=\"summary_large_image\" \/>\n<script type=\"application\/ld+json\" class=\"yoast-schema-graph\">{\"@context\":\"https:\/\/schema.org\",\"@graph\":[{\"@type\":\"WebPage\",\"@id\":\"https:\/\/www.fiarebancaetica.coop\/ca\/newsletter\/\",\"url\":\"https:\/\/www.fiarebancaetica.coop\/ca\/newsletter\/\",\"name\":\"Newsletter - Fiare Banca Etica\",\"isPartOf\":{\"@id\":\"https:\/\/www.fiarebancaetica.coop\/ca\/#website\"},\"datePublished\":\"2024-01-19T09:36:25+00:00\",\"dateModified\":\"2024-02-20T15:27:05+00:00\",\"breadcrumb\":{\"@id\":\"https:\/\/www.fiarebancaetica.coop\/ca\/newsletter\/#breadcrumb\"},\"inLanguage\":\"ca\",\"potentialAction\":[{\"@type\":\"ReadAction\",\"target\":[\"https:\/\/www.fiarebancaetica.coop\/ca\/newsletter\/\"]}]},{\"@type\":\"BreadcrumbList\",\"@id\":\"https:\/\/www.fiarebancaetica.coop\/ca\/newsletter\/#breadcrumb\",\"itemListElement\":[{\"@type\":\"ListItem\",\"position\":1,\"name\":\"Home\",\"item\":\"https:\/\/www.fiarebancaetica.coop\/ca\/\"},{\"@type\":\"ListItem\",\"position\":2,\"name\":\"Newsletter\"}]},{\"@type\":\"WebSite\",\"@id\":\"https:\/\/www.fiarebancaetica.coop\/ca\/#website\",\"url\":\"https:\/\/www.fiarebancaetica.coop\/ca\/\",\"name\":\"Fiare Banca Etica\",\"description\":\"\",\"potentialAction\":[{\"@type\":\"SearchAction\",\"target\":{\"@type\":\"EntryPoint\",\"urlTemplate\":\"https:\/\/www.fiarebancaetica.coop\/ca\/?s={search_term_string}\"},\"query-input\":{\"@type\":\"PropertyValueSpecification\",\"valueRequired\":true,\"valueName\":\"search_term_string\"}}],\"inLanguage\":\"ca\"}]}<\/script>\n<!-- \/ Yoast SEO plugin. -->","yoast_head_json":{"title":"Newsletter - Fiare Banca Etica","robots":{"index":"index","follow":"follow","max-snippet":"max-snippet:-1","max-image-preview":"max-image-preview:large","max-video-preview":"max-video-preview:-1"},"canonical":"https:\/\/www.fiarebancaetica.coop\/ca\/newsletter\/","og_locale":"ca_ES","og_type":"article","og_title":"Newsletter - Fiare Banca Etica","og_url":"https:\/\/www.fiarebancaetica.coop\/ca\/newsletter\/","og_site_name":"Fiare Banca Etica","article_modified_time":"2024-02-20T15:27:05+00:00","twitter_card":"summary_large_image","schema":{"@context":"https:\/\/schema.org","@graph":[{"@type":"WebPage","@id":"https:\/\/www.fiarebancaetica.coop\/ca\/newsletter\/","url":"https:\/\/www.fiarebancaetica.coop\/ca\/newsletter\/","name":"Newsletter - Fiare Banca Etica","isPartOf":{"@id":"https:\/\/www.fiarebancaetica.coop\/ca\/#website"},"datePublished":"2024-01-19T09:36:25+00:00","dateModified":"2024-02-20T15:27:05+00:00","breadcrumb":{"@id":"https:\/\/www.fiarebancaetica.coop\/ca\/newsletter\/#breadcrumb"},"inLanguage":"ca","potentialAction":[{"@type":"ReadAction","target":["https:\/\/www.fiarebancaetica.coop\/ca\/newsletter\/"]}]},{"@type":"BreadcrumbList","@id":"https:\/\/www.fiarebancaetica.coop\/ca\/newsletter\/#breadcrumb","itemListElement":[{"@type":"ListItem","position":1,"name":"Home","item":"https:\/\/www.fiarebancaetica.coop\/ca\/"},{"@type":"ListItem","position":2,"name":"Newsletter"}]},{"@type":"WebSite","@id":"https:\/\/www.fiarebancaetica.coop\/ca\/#website","url":"https:\/\/www.fiarebancaetica.coop\/ca\/","name":"Fiare Banca Etica","description":"","potentialAction":[{"@type":"SearchAction","target":{"@type":"EntryPoint","urlTemplate":"https:\/\/www.fiarebancaetica.coop\/ca\/?s={search_term_string}"},"query-input":{"@type":"PropertyValueSpecification","valueRequired":true,"valueName":"search_term_string"}}],"inLanguage":"ca"}]}},"_links":{"self":[{"href":"https:\/\/www.fiarebancaetica.coop\/ca\/wp-json\/wp\/v2\/pages\/361547","targetHints":{"allow":["GET"]}}],"collection":[{"href":"https:\/\/www.fiarebancaetica.coop\/ca\/wp-json\/wp\/v2\/pages"}],"about":[{"href":"https:\/\/www.fiarebancaetica.coop\/ca\/wp-json\/wp\/v2\/types\/page"}],"author":[{"embeddable":true,"href":"https:\/\/www.fiarebancaetica.coop\/ca\/wp-json\/wp\/v2\/users\/6693"}],"replies":[{"embeddable":true,"href":"https:\/\/www.fiarebancaetica.coop\/ca\/wp-json\/wp\/v2\/comments?post=361547"}],"version-history":[{"count":6,"href":"https:\/\/www.fiarebancaetica.coop\/ca\/wp-json\/wp\/v2\/pages\/361547\/revisions"}],"predecessor-version":[{"id":369806,"href":"https:\/\/www.fiarebancaetica.coop\/ca\/wp-json\/wp\/v2\/pages\/361547\/revisions\/369806"}],"wp:attachment":[{"href":"https:\/\/www.fiarebancaetica.coop\/ca\/wp-json\/wp\/v2\/media?parent=361547"}],"wp:term":[{"taxonomy":"author","embeddable":true,"href":"https:\/\/www.fiarebancaetica.coop\/ca\/wp-json\/wp\/v2\/coauthors?post=361547"}],"curies":[{"name":"wp","href":"https:\/\/api.w.org\/{rel}","templated":true}]}}