{"id":382333,"date":"2025-01-09T10:09:06","date_gmt":"2025-01-09T09:09:06","guid":{"rendered":"https:\/\/www.fiarebancaetica.coop\/?page_id=382333"},"modified":"2025-02-12T14:43:49","modified_gmt":"2025-02-12T13:43:49","slug":"whistleblowing","status":"publish","type":"page","link":"https:\/\/www.fiarebancaetica.coop\/ca\/whistleblowing\/","title":{"rendered":""},"content":{"rendered":"\n<div class=\"wrapper-crispybacon-class wrapper-crispybacon-class- \">\n    \n<\/div>\n\n\n<div class=\"wrapper-crispybacon-class wrapper-crispybacon-class-large \">\n    \n\n<h1 class=\"wp-block-heading is-style-lyon\">WHISTLEBLOWING<\/h1>\n\n\n\n<p>Amb l\u00ednia amb un govern basat en la confian\u00e7a, la transpar\u00e8ncia i la integritat, BANCA ETICA fomenta la col\u00b7laboraci\u00f3 dels seus propis empleats i de tercers, per permetre que emergeixin fen\u00f2mens il\u00b7l\u00edcits, fraudulents o sospitosos i qualsevol altres irregularitats o conducta que incompleixi la llei, les normes que regulen l\u2019activitat banc\u00e0ria, els serveis d\u2019inversi\u00f3, la responsabilitat administrativa de les entitats, la lluita al blanqueig de capitals i el finan\u00e7ament al terrorisme, aix\u00ed com les normes previstes al Codi \u00c8tic.<\/p>\n\n\n\n<div style=\"height:20px\" aria-hidden=\"true\" class=\"wp-block-spacer\"><\/div>\n\n\n\n<h2 class=\"wp-block-heading\"><strong>Documentaci\u00f3<\/strong><\/h2>\n\n\n\n<p><a href=\"http:\/\/www.fiarebancaetica.coop\/app\/uploads\/sites\/2\/2025\/02\/REGLAMENTO-INTERNO-EN-MATERIA-DE-WHISTLEBLOWING-SISTEMA-INTERNO-DE-DENUNCIA-DE-INFRACCIONES.pdf\" target=\"_blank\" rel=\"noreferrer noopener\">Reglament intern en mat\u00e8ria de WHISTLEBL<\/a><a href=\"http:\/\/www.fiarebancaetica.coop\/app\/uploads\/sites\/2\/2025\/01\/Regolamento-Whistleblowing-CdA-18.07.2023_ESP.docx-1-1.pdf\">OWING<\/a> <\/p>\n\n\n\n<p><a href=\"http:\/\/www.fiarebancaetica.coop\/app\/uploads\/sites\/2\/2025\/02\/ANEXO-_A_-DECLARACION-DE-COMPROMISO-y-NOMBRAMIENTO-PARA-EL-TRATAMIENTO-DE-DATOS-PERSONALES.pdf\" target=\"_blank\" rel=\"noreferrer noopener\">ANNEX \u201cA\u201d &#8211; DECLARACI\u00d3 DE COMPROM\u00cdS_ESP<\/a><\/p>\n\n\n\n<p><a href=\"http:\/\/www.fiarebancaetica.coop\/app\/uploads\/sites\/2\/2025\/02\/ANEXO-_B_-MANUAL-DE-USO-DE-LA-PLATAFORMA-1.pdf\" target=\"_blank\" rel=\"noreferrer noopener\">ANNEX \u201cB\u201d-\u00a0 MANUAL D&#8217;\u00daS DE LA PLATAFORMA_ESP<\/a><\/p>\n\n\n\n<h2 class=\"wp-block-heading\">Canal de den\u00fancia intern<\/h2>\n\n\n\n<p>Plataforma de den\u00fancia al seg\u00fcent enlla\u00e7: <a href=\"https:\/\/bancaetica.azurewebsites.net\/\">https:\/\/bancaetica.azurewebsites.net\/<\/a><\/p>\n\n\n<\/div>","protected":false},"excerpt":{"rendered":"","protected":false},"author":6692,"featured_media":0,"parent":0,"menu_order":0,"comment_status":"closed","ping_status":"closed","template":"","meta":{"_acf_changed":false,"footnotes":""},"coauthors":[10744],"class_list":["post-382333","page","type-page","status-publish","hentry"],"acf":[],"yoast_head":"<!-- This site is optimized with the Yoast SEO plugin v26.9 - https:\/\/yoast.com\/product\/yoast-seo-wordpress\/ -->\n<title>- Fiare Banca Etica<\/title>\n<meta name=\"robots\" content=\"index, follow, max-snippet:-1, max-image-preview:large, max-video-preview:-1\" \/>\n<link rel=\"canonical\" href=\"https:\/\/www.fiarebancaetica.coop\/ca\/whistleblowing\/\" \/>\n<meta property=\"og:locale\" content=\"ca_ES\" \/>\n<meta property=\"og:type\" content=\"article\" \/>\n<meta property=\"og:title\" content=\"- Fiare Banca Etica\" \/>\n<meta property=\"og:url\" content=\"https:\/\/www.fiarebancaetica.coop\/ca\/whistleblowing\/\" \/>\n<meta property=\"og:site_name\" content=\"Fiare Banca Etica\" \/>\n<meta property=\"article:modified_time\" content=\"2025-02-12T13:43:49+00:00\" \/>\n<meta name=\"twitter:card\" content=\"summary_large_image\" \/>\n<script type=\"application\/ld+json\" class=\"yoast-schema-graph\">{\"@context\":\"https:\/\/schema.org\",\"@graph\":[{\"@type\":\"WebPage\",\"@id\":\"https:\/\/www.fiarebancaetica.coop\/ca\/whistleblowing\/\",\"url\":\"https:\/\/www.fiarebancaetica.coop\/ca\/whistleblowing\/\",\"name\":\"- Fiare Banca Etica\",\"isPartOf\":{\"@id\":\"https:\/\/www.fiarebancaetica.coop\/ca\/#website\"},\"datePublished\":\"2025-01-09T09:09:06+00:00\",\"dateModified\":\"2025-02-12T13:43:49+00:00\",\"inLanguage\":\"ca\",\"potentialAction\":[{\"@type\":\"ReadAction\",\"target\":[\"https:\/\/www.fiarebancaetica.coop\/ca\/whistleblowing\/\"]}]},{\"@type\":\"WebSite\",\"@id\":\"https:\/\/www.fiarebancaetica.coop\/ca\/#website\",\"url\":\"https:\/\/www.fiarebancaetica.coop\/ca\/\",\"name\":\"Fiare Banca Etica\",\"description\":\"\",\"potentialAction\":[{\"@type\":\"SearchAction\",\"target\":{\"@type\":\"EntryPoint\",\"urlTemplate\":\"https:\/\/www.fiarebancaetica.coop\/ca\/?s={search_term_string}\"},\"query-input\":{\"@type\":\"PropertyValueSpecification\",\"valueRequired\":true,\"valueName\":\"search_term_string\"}}],\"inLanguage\":\"ca\"}]}<\/script>\n<!-- \/ Yoast SEO plugin. -->","yoast_head_json":{"title":"- Fiare Banca Etica","robots":{"index":"index","follow":"follow","max-snippet":"max-snippet:-1","max-image-preview":"max-image-preview:large","max-video-preview":"max-video-preview:-1"},"canonical":"https:\/\/www.fiarebancaetica.coop\/ca\/whistleblowing\/","og_locale":"ca_ES","og_type":"article","og_title":"- Fiare Banca Etica","og_url":"https:\/\/www.fiarebancaetica.coop\/ca\/whistleblowing\/","og_site_name":"Fiare Banca Etica","article_modified_time":"2025-02-12T13:43:49+00:00","twitter_card":"summary_large_image","schema":{"@context":"https:\/\/schema.org","@graph":[{"@type":"WebPage","@id":"https:\/\/www.fiarebancaetica.coop\/ca\/whistleblowing\/","url":"https:\/\/www.fiarebancaetica.coop\/ca\/whistleblowing\/","name":"- Fiare Banca Etica","isPartOf":{"@id":"https:\/\/www.fiarebancaetica.coop\/ca\/#website"},"datePublished":"2025-01-09T09:09:06+00:00","dateModified":"2025-02-12T13:43:49+00:00","inLanguage":"ca","potentialAction":[{"@type":"ReadAction","target":["https:\/\/www.fiarebancaetica.coop\/ca\/whistleblowing\/"]}]},{"@type":"WebSite","@id":"https:\/\/www.fiarebancaetica.coop\/ca\/#website","url":"https:\/\/www.fiarebancaetica.coop\/ca\/","name":"Fiare Banca Etica","description":"","potentialAction":[{"@type":"SearchAction","target":{"@type":"EntryPoint","urlTemplate":"https:\/\/www.fiarebancaetica.coop\/ca\/?s={search_term_string}"},"query-input":{"@type":"PropertyValueSpecification","valueRequired":true,"valueName":"search_term_string"}}],"inLanguage":"ca"}]}},"_links":{"self":[{"href":"https:\/\/www.fiarebancaetica.coop\/ca\/wp-json\/wp\/v2\/pages\/382333","targetHints":{"allow":["GET"]}}],"collection":[{"href":"https:\/\/www.fiarebancaetica.coop\/ca\/wp-json\/wp\/v2\/pages"}],"about":[{"href":"https:\/\/www.fiarebancaetica.coop\/ca\/wp-json\/wp\/v2\/types\/page"}],"author":[{"embeddable":true,"href":"https:\/\/www.fiarebancaetica.coop\/ca\/wp-json\/wp\/v2\/users\/6692"}],"replies":[{"embeddable":true,"href":"https:\/\/www.fiarebancaetica.coop\/ca\/wp-json\/wp\/v2\/comments?post=382333"}],"version-history":[{"count":14,"href":"https:\/\/www.fiarebancaetica.coop\/ca\/wp-json\/wp\/v2\/pages\/382333\/revisions"}],"predecessor-version":[{"id":383102,"href":"https:\/\/www.fiarebancaetica.coop\/ca\/wp-json\/wp\/v2\/pages\/382333\/revisions\/383102"}],"wp:attachment":[{"href":"https:\/\/www.fiarebancaetica.coop\/ca\/wp-json\/wp\/v2\/media?parent=382333"}],"wp:term":[{"taxonomy":"author","embeddable":true,"href":"https:\/\/www.fiarebancaetica.coop\/ca\/wp-json\/wp\/v2\/coauthors?post=382333"}],"curies":[{"name":"wp","href":"https:\/\/api.w.org\/{rel}","templated":true}]}}