{"id":382730,"date":"2025-01-23T10:07:09","date_gmt":"2025-01-23T09:07:09","guid":{"rendered":"https:\/\/www.fiarebancaetica.coop\/?page_id=382730"},"modified":"2025-01-23T11:34:59","modified_gmt":"2025-01-23T10:34:59","slug":"assemblea-2025-time-line","status":"publish","type":"page","link":"https:\/\/www.fiarebancaetica.coop\/ca\/assemblea-2025-time-line\/","title":{"rendered":"Assemblea 2025 Time Line"},"content":{"rendered":"\n<div class=\"wrapper-crispybacon-class wrapper-crispybacon-class-medium \">\n    \n\n<h1 class=\"wp-block-heading\">Assemblea de socis i s\u00f2cies de Fiare Banca Etica 2025<\/h1>\n\n\n\n<p>En aquesta p\u00e0gina t&#8217;acompanyem en el cam\u00ed cap a l&#8217;Assemblea del <strong>17 de maig de 2025<\/strong>, que se celebrar\u00e0 a <strong>Bolonya, a Madrid i en l\u00ednia.<\/strong><\/p>\n\n\n\n<p>L&#8217;assemblea del 2025 renovar\u00e0 per votaci\u00f3 tres \u00f2rgans clau:<\/p>\n\n\n\n<ul class=\"wp-block-list\">\n<li><strong>el Consell d&#8217;Administraci\u00f3<\/strong><\/li>\n\n\n\n<li><strong>la Junta de Revisi\u00f3<\/strong><\/li>\n\n\n\n<li><strong>el Comit\u00e8 d&#8217;Arbitratge de Banca Etic<\/strong>a<\/li>\n<\/ul>\n\n\n\n<p><u><strong><a href=\"https:\/\/www.fiarebancaetica.coop\/ca\/el-camino-electoral-para-la-asamblea-2025-paso-a-paso\/\" target=\"_blank\" rel=\"noreferrer noopener\">M\u00e9s informaci\u00f3 sobre el proc\u00e9s electoral&gt;&gt;<\/a><\/strong><\/u><\/p>\n\n\n\n<p>El calendari s&#8217;actualitza constantment i s&#8217;anir\u00e0 enriquint amb continguts i actes nous.<\/p>\n\n\n<\/div>\n\n    <div class=\"block-90-timeline\">\n        \n            <div class=\"block-90-timeline__item\">\n                <div class=\"block-90-timeline__item-date \">\n                                            <span>17<\/span> <span>maig<\/span>\n                                    <\/div>\n                <div class=\"block-90-timeline__item-content\">\n                    <div class=\"block-90-timeline__item-content-header\">\n                        <h3 class=\"block-90-timeline__item-title \">\n                                                        <span>Assemblea de socis i s\u00f2cies de Fiare Banca Etica  2025<\/span>\n                        <\/h3>\n                                                    <div class=\"block-90-timeline__item-subtitle\">Vine presencialment a Bolonya i a Madrid o connecta&#8217;t en l\u00ednia per participar d&#8217;aquest moment important de la vida de Banca Etica.<\/div>\n                                            <\/div>\n                                    <\/div>\n            <\/div>\n\n        \n            <div class=\"block-90-timeline__item\">\n                <div class=\"block-90-timeline__item-date \">\n                                            <span>01<\/span> <span>abril<\/span>\n                                    <\/div>\n                <div class=\"block-90-timeline__item-content\">\n                    <div class=\"block-90-timeline__item-content-header\">\n                        <h3 class=\"block-90-timeline__item-title \">\n                                                        <span>Inici de la campanya electoral per a l&#8217;Assemblea 2025<\/span>\n                        <\/h3>\n                                            <\/div>\n                                            <div class=\"block-90-timeline__item-content-footer\">\n                            <div class=\"block-90-timeline__item-text\">Descobreix m\u00e9s sobre el proc\u00e9s electoral<\/div>\n                            <div>\n                                                                    <a class=\"block-90-timeline__item-button\" href=\"https:\/\/www.fiarebancaetica.coop\/ca\/el-camino-electoral-para-la-asamblea-2025-paso-a-paso\/\" target=\"_blank\">Descobreix-ne m\u00e9s<\/a>\n                                                            <\/div>\n                        <\/div>\n                                    <\/div>\n            <\/div>\n\n        \n            <div class=\"block-90-timeline__item\">\n                <div class=\"block-90-timeline__item-date \">\n                                            <span>15<\/span> <span>mar\u00e7<\/span>\n                                    <\/div>\n                <div class=\"block-90-timeline__item-content\">\n                    <div class=\"block-90-timeline__item-content-header\">\n                        <h3 class=\"block-90-timeline__item-title \">\n                                                        <span>Presentaci\u00f3 dels candidats i les candidates al Consell d&#8217;Administraci\u00f3<\/span>\n                        <\/h3>\n                                                    <div class=\"block-90-timeline__item-subtitle\">Els candidats individuals tenen fins al 15\/03\/2025 per presentar la seva sol\u00b7licitud<\/div>\n                                            <\/div>\n                                            <div class=\"block-90-timeline__item-content-footer\">\n                            <div class=\"block-90-timeline__item-text\">Descobreix m\u00e9s sobre el proc\u00e9s electoral<\/div>\n                            <div>\n                                                                    <a class=\"block-90-timeline__item-button\" href=\"https:\/\/www.fiarebancaetica.coop\/ca\/el-camino-electoral-para-la-asamblea-2025-paso-a-paso\/\" target=\"_blank\">Descobreix-ne m\u00e9s<\/a>\n                                                            <\/div>\n                        <\/div>\n                                    <\/div>\n            <\/div>\n\n        \n            <div class=\"block-90-timeline__item\">\n                <div class=\"block-90-timeline__item-date \">\n                                            <span>20<\/span> <span>desembre<\/span>\n                                    <\/div>\n                <div class=\"block-90-timeline__item-content\">\n                    <div class=\"block-90-timeline__item-content-header\">\n                        <h3 class=\"block-90-timeline__item-title \">\n                                                        <span>Presentaci\u00f3 del Comit\u00e8 de Promoci\u00f3<\/span>\n                        <\/h3>\n                                                    <div class=\"block-90-timeline__item-subtitle\">Les llistes participatives i aut\u00f2nomes hauran de constituir un Comit\u00e8 de Promoci\u00f3 abans del 20\/12\/2024<\/div>\n                                            <\/div>\n                                            <div class=\"block-90-timeline__item-content-footer\">\n                            <div class=\"block-90-timeline__item-text\">Descobreix m\u00e9s sobre el proc\u00e9s electoral<\/div>\n                            <div>\n                                                                    <a class=\"block-90-timeline__item-button\" href=\"https:\/\/www.fiarebancaetica.coop\/ca\/el-camino-electoral-para-la-asamblea-2025-paso-a-paso\/\" target=\"_blank\">Descobreix-ne m\u00e9s<\/a>\n                                                            <\/div>\n                        <\/div>\n                                    <\/div>\n            <\/div>\n\n        \n            <div class=\"block-90-timeline__item\">\n                <div class=\"block-90-timeline__item-date \">\n                                            <span>24<\/span> <span>octubre<\/span>\n                                    <\/div>\n                <div class=\"block-90-timeline__item-content\">\n                    <div class=\"block-90-timeline__item-content-header\">\n                        <h3 class=\"block-90-timeline__item-title \">\n                                                        <span>Inicia el proc\u00e9s electoral cap a l&#8217;Assemblea 2025<\/span>\n                        <\/h3>\n                                                    <div class=\"block-90-timeline__item-subtitle\">Renovarem la Junta Directiva, la Junta d&#8217;Auditors i la Junta d&#8217;\u00c0rbitres<\/div>\n                                            <\/div>\n                                            <div class=\"block-90-timeline__item-content-footer\">\n                            <div class=\"block-90-timeline__item-text\">Descobreix m\u00e9s sobre el proc\u00e9s electoral<\/div>\n                            <div>\n                                                                    <a class=\"block-90-timeline__item-button\" href=\"https:\/\/www.fiarebancaetica.coop\/ca\/el-camino-electoral-para-la-asamblea-2025-paso-a-paso\/\" target=\"_blank\">Descobreix-ne m\u00e9s<\/a>\n                                                            <\/div>\n                        <\/div>\n                                    <\/div>\n            <\/div>\n\n            <\/div>\n    \n\n\n<section class=\"banner-with-your-money-block42 \">\n    <div class=\"banner-with-your-money-block42__orange\" style=\"background-color: #003087\">\n        <div class=\"banner-with-your-money-block42__container\">\n            <div class=\"banner-with-your-money-block42__image\" style=\"background-image: url(https:\/\/www.fiarebancaetica.coop\/app\/uploads\/sites\/2\/2024\/01\/diventa-socio-blanco-2-1024x577.png);\"><\/div>\n            <div class=\"banner-with-your-money-block42__content\">\n                                                    \n                                    <p class=\"banner-with-your-money-block42__title\" style=\"color: #FFFFFF\">Uneix-te al debat a la comunitat Banca Etica<\/p>\n                                                    <div class=\"banner-with-your-money-block42__text\" style=\"color: #FFFFFF\"><p>Posa&#8217;t en contacte amb altres membres i comparteix les teves idees i reflexions abans de l&#8217;Assemblea.<\/p>\n<\/div>\n                \n                \n                                    <div class=\"banner-with-your-money-block42__buttons\">\n                                                    <a href=\"https:\/\/community.bancaetica.it\/es\/\" target=\"_blank\" class=\"banner-with-your-money-block42__button\">\n                                Informa-t&#039;en i participa                            <\/a>\n                                            <\/div>\n                            <\/div>\n        <\/div>\n    <\/div>\n\n    <\/section>","protected":false},"excerpt":{"rendered":"","protected":false},"author":6693,"featured_media":0,"parent":0,"menu_order":0,"comment_status":"closed","ping_status":"closed","template":"template-meetings-timeline.php","meta":{"_acf_changed":false,"footnotes":""},"coauthors":[10743],"class_list":["post-382730","page","type-page","status-publish","hentry","crispybacon-hidden-page-title"],"acf":[],"yoast_head":"<!-- This site is optimized with the Yoast SEO plugin v26.9 - https:\/\/yoast.com\/product\/yoast-seo-wordpress\/ -->\n<title>Assemblea 2025 Time Line - Fiare Banca Etica<\/title>\n<meta name=\"robots\" content=\"index, follow, max-snippet:-1, max-image-preview:large, max-video-preview:-1\" \/>\n<link rel=\"canonical\" href=\"https:\/\/www.fiarebancaetica.coop\/ca\/assemblea-2025-time-line\/\" \/>\n<meta property=\"og:locale\" content=\"ca_ES\" \/>\n<meta property=\"og:type\" content=\"article\" \/>\n<meta property=\"og:title\" content=\"Assemblea 2025 Time Line - Fiare Banca Etica\" \/>\n<meta property=\"og:url\" content=\"https:\/\/www.fiarebancaetica.coop\/ca\/assemblea-2025-time-line\/\" \/>\n<meta property=\"og:site_name\" content=\"Fiare Banca Etica\" \/>\n<meta property=\"article:modified_time\" content=\"2025-01-23T10:34:59+00:00\" \/>\n<meta name=\"twitter:card\" content=\"summary_large_image\" \/>\n<script type=\"application\/ld+json\" class=\"yoast-schema-graph\">{\"@context\":\"https:\/\/schema.org\",\"@graph\":[{\"@type\":\"WebPage\",\"@id\":\"https:\/\/www.fiarebancaetica.coop\/ca\/assemblea-2025-time-line\/\",\"url\":\"https:\/\/www.fiarebancaetica.coop\/ca\/assemblea-2025-time-line\/\",\"name\":\"Assemblea 2025 Time Line - Fiare Banca Etica\",\"isPartOf\":{\"@id\":\"https:\/\/www.fiarebancaetica.coop\/ca\/#website\"},\"datePublished\":\"2025-01-23T09:07:09+00:00\",\"dateModified\":\"2025-01-23T10:34:59+00:00\",\"breadcrumb\":{\"@id\":\"https:\/\/www.fiarebancaetica.coop\/ca\/assemblea-2025-time-line\/#breadcrumb\"},\"inLanguage\":\"ca\",\"potentialAction\":[{\"@type\":\"ReadAction\",\"target\":[\"https:\/\/www.fiarebancaetica.coop\/ca\/assemblea-2025-time-line\/\"]}]},{\"@type\":\"BreadcrumbList\",\"@id\":\"https:\/\/www.fiarebancaetica.coop\/ca\/assemblea-2025-time-line\/#breadcrumb\",\"itemListElement\":[{\"@type\":\"ListItem\",\"position\":1,\"name\":\"Home\",\"item\":\"https:\/\/www.fiarebancaetica.coop\/ca\/\"},{\"@type\":\"ListItem\",\"position\":2,\"name\":\"Assemblea 2025 Time Line\"}]},{\"@type\":\"WebSite\",\"@id\":\"https:\/\/www.fiarebancaetica.coop\/ca\/#website\",\"url\":\"https:\/\/www.fiarebancaetica.coop\/ca\/\",\"name\":\"Fiare Banca Etica\",\"description\":\"\",\"potentialAction\":[{\"@type\":\"SearchAction\",\"target\":{\"@type\":\"EntryPoint\",\"urlTemplate\":\"https:\/\/www.fiarebancaetica.coop\/ca\/?s={search_term_string}\"},\"query-input\":{\"@type\":\"PropertyValueSpecification\",\"valueRequired\":true,\"valueName\":\"search_term_string\"}}],\"inLanguage\":\"ca\"}]}<\/script>\n<!-- \/ Yoast SEO plugin. -->","yoast_head_json":{"title":"Assemblea 2025 Time Line - Fiare Banca Etica","robots":{"index":"index","follow":"follow","max-snippet":"max-snippet:-1","max-image-preview":"max-image-preview:large","max-video-preview":"max-video-preview:-1"},"canonical":"https:\/\/www.fiarebancaetica.coop\/ca\/assemblea-2025-time-line\/","og_locale":"ca_ES","og_type":"article","og_title":"Assemblea 2025 Time Line - Fiare Banca Etica","og_url":"https:\/\/www.fiarebancaetica.coop\/ca\/assemblea-2025-time-line\/","og_site_name":"Fiare Banca Etica","article_modified_time":"2025-01-23T10:34:59+00:00","twitter_card":"summary_large_image","schema":{"@context":"https:\/\/schema.org","@graph":[{"@type":"WebPage","@id":"https:\/\/www.fiarebancaetica.coop\/ca\/assemblea-2025-time-line\/","url":"https:\/\/www.fiarebancaetica.coop\/ca\/assemblea-2025-time-line\/","name":"Assemblea 2025 Time Line - Fiare Banca Etica","isPartOf":{"@id":"https:\/\/www.fiarebancaetica.coop\/ca\/#website"},"datePublished":"2025-01-23T09:07:09+00:00","dateModified":"2025-01-23T10:34:59+00:00","breadcrumb":{"@id":"https:\/\/www.fiarebancaetica.coop\/ca\/assemblea-2025-time-line\/#breadcrumb"},"inLanguage":"ca","potentialAction":[{"@type":"ReadAction","target":["https:\/\/www.fiarebancaetica.coop\/ca\/assemblea-2025-time-line\/"]}]},{"@type":"BreadcrumbList","@id":"https:\/\/www.fiarebancaetica.coop\/ca\/assemblea-2025-time-line\/#breadcrumb","itemListElement":[{"@type":"ListItem","position":1,"name":"Home","item":"https:\/\/www.fiarebancaetica.coop\/ca\/"},{"@type":"ListItem","position":2,"name":"Assemblea 2025 Time Line"}]},{"@type":"WebSite","@id":"https:\/\/www.fiarebancaetica.coop\/ca\/#website","url":"https:\/\/www.fiarebancaetica.coop\/ca\/","name":"Fiare Banca Etica","description":"","potentialAction":[{"@type":"SearchAction","target":{"@type":"EntryPoint","urlTemplate":"https:\/\/www.fiarebancaetica.coop\/ca\/?s={search_term_string}"},"query-input":{"@type":"PropertyValueSpecification","valueRequired":true,"valueName":"search_term_string"}}],"inLanguage":"ca"}]}},"_links":{"self":[{"href":"https:\/\/www.fiarebancaetica.coop\/ca\/wp-json\/wp\/v2\/pages\/382730","targetHints":{"allow":["GET"]}}],"collection":[{"href":"https:\/\/www.fiarebancaetica.coop\/ca\/wp-json\/wp\/v2\/pages"}],"about":[{"href":"https:\/\/www.fiarebancaetica.coop\/ca\/wp-json\/wp\/v2\/types\/page"}],"author":[{"embeddable":true,"href":"https:\/\/www.fiarebancaetica.coop\/ca\/wp-json\/wp\/v2\/users\/6693"}],"replies":[{"embeddable":true,"href":"https:\/\/www.fiarebancaetica.coop\/ca\/wp-json\/wp\/v2\/comments?post=382730"}],"version-history":[{"count":5,"href":"https:\/\/www.fiarebancaetica.coop\/ca\/wp-json\/wp\/v2\/pages\/382730\/revisions"}],"predecessor-version":[{"id":382742,"href":"https:\/\/www.fiarebancaetica.coop\/ca\/wp-json\/wp\/v2\/pages\/382730\/revisions\/382742"}],"wp:attachment":[{"href":"https:\/\/www.fiarebancaetica.coop\/ca\/wp-json\/wp\/v2\/media?parent=382730"}],"wp:term":[{"taxonomy":"author","embeddable":true,"href":"https:\/\/www.fiarebancaetica.coop\/ca\/wp-json\/wp\/v2\/coauthors?post=382730"}],"curies":[{"name":"wp","href":"https:\/\/api.w.org\/{rel}","templated":true}]}}