{"id":385164,"date":"2025-05-14T11:52:07","date_gmt":"2025-05-14T09:52:07","guid":{"rendered":"https:\/\/www.fiarebancaetica.coop\/?page_id=385164"},"modified":"2025-05-14T13:26:22","modified_gmt":"2025-05-14T11:26:22","slug":"jovenesxfiare","status":"publish","type":"page","link":"https:\/\/www.fiarebancaetica.coop\/ca\/jovenesxfiare\/","title":{"rendered":""},"content":{"rendered":"\n<div class=\"wrapper-crispybacon-class wrapper-crispybacon-class-wide \">\n    \n\n    <div class=\"banner-with-your-money-block42__header\">\n                    <h1 class=\"primary-title mt-0\">JovesxFiare<\/h1>\n                \n                    \n            <\/div>\n<section class=\"banner-with-your-money-block42 \">\n    <div class=\"banner-with-your-money-block42__orange\" style=\"background-color: #003087\">\n        <div class=\"banner-with-your-money-block42__container\">\n            <div class=\"banner-with-your-money-block42__image\" style=\"background-image: url(https:\/\/www.fiarebancaetica.coop\/app\/uploads\/sites\/2\/2025\/03\/IMG-20231028-WA0003-1024x768.jpg);\"><\/div>\n            <div class=\"banner-with-your-money-block42__content\">\n                \n                                    <h3 class=\"banner-with-your-money-block42__title\" style=\"color: #FFFFFF\">Uneix-te a la xarxa de JovesxFiare<\/h3>\n                                                    <div class=\"banner-with-your-money-block42__text\" style=\"color: #FFFFFF\"><p align=\"justify\"><span style=\"font-size: large\">Per generar un canvi en la societat fa falta veure-s&#8217;hi representat i tenir veu en les decisions que es prenen, essent part\u00edcip del proc\u00e9s. Aquesta va ser l&#8217;aposta de Fiare Banca Etica. Com va n\u00e9ixer Joves per Fiare.<\/span><\/p>\n<p align=\"justify\">\n<\/div>\n                \n                \n                            <\/div>\n        <\/div>\n    <\/div>\n\n    <\/section>\n\n<\/div>\n\n\n<div class=\"wrapper-crispybacon-class wrapper-crispybacon-class-medium \">\n    \n\n<p>L&#8217;any 2019 neix el grup Joves per Fiare, un moviment que responia a la necessitat de donar una nova dimensi\u00f3 social al projecte de Fiare Banca Etica i garantir la seva futura continu\u00eftat.<\/p>\n\n\n\n<div style=\"height:33px\" aria-hidden=\"true\" class=\"wp-block-spacer\"><\/div>\n\n\n\n<p>Joves per Fiare \u00e9s un grup de persones joves, procedents de tot el territori, que vol donar visibilitat a les finances \u00e8tiques i a models bancaris alternatius com ara Fiare Banca Etica. Entre 2019 i 2025 aconsegueix els 64 membres.<\/p>\n\n\n\n<div style=\"height:25px\" aria-hidden=\"true\" class=\"wp-block-spacer\"><\/div>\n\n\n\n<p>Mitjan\u00e7ant les activitats que duen a terme, aconsegueixen fer difusi\u00f3 sobre l&#8217;economia social i solid\u00e0ria, i sobre el m\u00f3n de les finances \u00e8tiques. Per a aix\u00f2 organitzen viatges, visites a projectes finan\u00e7ats, generen moments de formaci\u00f3, fan xerrades a les universitats, participen en taules rodones, fan reunions i trobades, entre moltes altres coses.<\/p>\n\n\n\n<div style=\"height:23px\" aria-hidden=\"true\" class=\"wp-block-spacer\"><\/div>\n\n\n\n<div class=\"wp-block-media-text is-stacked-on-mobile\"><figure class=\"wp-block-media-text__media\"><img loading=\"lazy\" decoding=\"async\" width=\"968\" height=\"525\" src=\"https:\/\/www.fiarebancaetica.coop\/app\/uploads\/sites\/2\/2025\/03\/JXfiare.png\" alt=\"\" class=\"wp-image-384071 size-full\" srcset=\"https:\/\/www.fiarebancaetica.coop\/app\/uploads\/sites\/2\/2025\/03\/JXfiare.png 968w, https:\/\/www.fiarebancaetica.coop\/app\/uploads\/sites\/2\/2025\/03\/JXfiare-300x163.png 300w, https:\/\/www.fiarebancaetica.coop\/app\/uploads\/sites\/2\/2025\/03\/JXfiare-768x417.png 768w\" sizes=\"auto, (max-width: 968px) 100vw, 968px\" \/><\/figure><div class=\"wp-block-media-text__content\">\n<p>JxFiare pret\u00e9n<strong> unir les forces<\/strong> d&#8217;una nova generaci\u00f3 per impulsar projectes que generin consci\u00e8ncia sobre el missatge universal i transversal que les finances \u00e8tiques porten dins seu.<\/p>\n\n\n\n<p>En col\u00b7laboraci\u00f3 amb Fiare Banca Etica pret\u00e9n arribar als joves per demostrar-los que un comportament econ\u00f2mic responsable genera canvis positius en la comunitat.<\/p>\n\n\n\n<p><\/p>\n<\/div><\/div>\n\n\n\n<p>Saps que els teus estalvis en el banc poden tenir un impacte positiu en la societat i el medi ambient, segons el banc en el qual els dipositis? Saps que hi ha entitats financeres que es neguen a finan\u00e7ar empreses que generen un impacte social i mediambiental negatiu?<\/p>\n\n\n\n<p>Descobreix aix\u00f2 i molt amb nosaltres.<\/p>\n\n\n<\/div>\n\n\n<div class=\"wrapper-crispybacon-class wrapper-crispybacon-class-large \">\n    \n\n\n<div class=\"crispybacon-block-65\">\n    <div class=\"desc-col\">\n                    <h1>Afanya&#8217;t!<\/h1>\n            <div><p><span style=\"color: #262626;\"><span style=\"font-size: medium;\">Contacta amb <a href=\"mailto:anogueira@fiarebancaetica.coop\">anogueira@fiarebancaetica.coop<\/a>, per con\u00e8ixer-nos millor i uneix-te al moviment. <\/span><\/span><\/p>\n<p><span style=\"color: #262626;\"><span style=\"font-size: medium;\">El canvi comen\u00e7a amb tu! <\/span><\/span><\/p>\n<\/div>\n            <\/div>\n        <div class=\"img-col\">\n        <img decoding=\"async\" src=\"https:\/\/www.fiarebancaetica.coop\/app\/uploads\/sites\/2\/2025\/03\/JxFiare-Granada-23-6-scaled.jpg\" alt=\"Afanya't!\">\n    <\/div>\n    <\/div>\n\n\n<\/div>","protected":false},"excerpt":{"rendered":"","protected":false},"author":1774,"featured_media":0,"parent":0,"menu_order":0,"comment_status":"closed","ping_status":"closed","template":"","meta":{"_acf_changed":false,"footnotes":""},"coauthors":[5579],"class_list":["post-385164","page","type-page","status-publish","hentry"],"acf":[],"yoast_head":"<!-- This site is optimized with the Yoast SEO plugin v26.9 - https:\/\/yoast.com\/product\/yoast-seo-wordpress\/ -->\n<title>- Fiare Banca Etica<\/title>\n<meta name=\"robots\" content=\"index, follow, max-snippet:-1, max-image-preview:large, max-video-preview:-1\" \/>\n<link rel=\"canonical\" href=\"https:\/\/www.fiarebancaetica.coop\/ca\/jovenesxfiare\/\" \/>\n<meta property=\"og:locale\" content=\"ca_ES\" \/>\n<meta property=\"og:type\" content=\"article\" \/>\n<meta property=\"og:title\" content=\"- Fiare Banca Etica\" \/>\n<meta property=\"og:url\" content=\"https:\/\/www.fiarebancaetica.coop\/ca\/jovenesxfiare\/\" \/>\n<meta property=\"og:site_name\" content=\"Fiare Banca Etica\" \/>\n<meta property=\"article:modified_time\" content=\"2025-05-14T11:26:22+00:00\" \/>\n<meta property=\"og:image\" content=\"https:\/\/www.fiarebancaetica.coop\/app\/uploads\/sites\/2\/2025\/03\/JXfiare.png\" \/>\n<meta name=\"twitter:card\" content=\"summary_large_image\" \/>\n<script type=\"application\/ld+json\" class=\"yoast-schema-graph\">{\"@context\":\"https:\/\/schema.org\",\"@graph\":[{\"@type\":\"WebPage\",\"@id\":\"https:\/\/www.fiarebancaetica.coop\/ca\/jovenesxfiare\/\",\"url\":\"https:\/\/www.fiarebancaetica.coop\/ca\/jovenesxfiare\/\",\"name\":\"- Fiare Banca Etica\",\"isPartOf\":{\"@id\":\"https:\/\/www.fiarebancaetica.coop\/ca\/#website\"},\"primaryImageOfPage\":{\"@id\":\"https:\/\/www.fiarebancaetica.coop\/ca\/jovenesxfiare\/#primaryimage\"},\"image\":{\"@id\":\"https:\/\/www.fiarebancaetica.coop\/ca\/jovenesxfiare\/#primaryimage\"},\"thumbnailUrl\":\"https:\/\/www.fiarebancaetica.coop\/app\/uploads\/sites\/2\/2025\/03\/JXfiare.png\",\"datePublished\":\"2025-05-14T09:52:07+00:00\",\"dateModified\":\"2025-05-14T11:26:22+00:00\",\"inLanguage\":\"ca\",\"potentialAction\":[{\"@type\":\"ReadAction\",\"target\":[\"https:\/\/www.fiarebancaetica.coop\/ca\/jovenesxfiare\/\"]}]},{\"@type\":\"ImageObject\",\"inLanguage\":\"ca\",\"@id\":\"https:\/\/www.fiarebancaetica.coop\/ca\/jovenesxfiare\/#primaryimage\",\"url\":\"https:\/\/www.fiarebancaetica.coop\/app\/uploads\/sites\/2\/2025\/03\/JXfiare.png\",\"contentUrl\":\"https:\/\/www.fiarebancaetica.coop\/app\/uploads\/sites\/2\/2025\/03\/JXfiare.png\"},{\"@type\":\"WebSite\",\"@id\":\"https:\/\/www.fiarebancaetica.coop\/ca\/#website\",\"url\":\"https:\/\/www.fiarebancaetica.coop\/ca\/\",\"name\":\"Fiare Banca Etica\",\"description\":\"\",\"potentialAction\":[{\"@type\":\"SearchAction\",\"target\":{\"@type\":\"EntryPoint\",\"urlTemplate\":\"https:\/\/www.fiarebancaetica.coop\/ca\/?s={search_term_string}\"},\"query-input\":{\"@type\":\"PropertyValueSpecification\",\"valueRequired\":true,\"valueName\":\"search_term_string\"}}],\"inLanguage\":\"ca\"}]}<\/script>\n<!-- \/ Yoast SEO plugin. -->","yoast_head_json":{"title":"- Fiare Banca Etica","robots":{"index":"index","follow":"follow","max-snippet":"max-snippet:-1","max-image-preview":"max-image-preview:large","max-video-preview":"max-video-preview:-1"},"canonical":"https:\/\/www.fiarebancaetica.coop\/ca\/jovenesxfiare\/","og_locale":"ca_ES","og_type":"article","og_title":"- Fiare Banca Etica","og_url":"https:\/\/www.fiarebancaetica.coop\/ca\/jovenesxfiare\/","og_site_name":"Fiare Banca Etica","article_modified_time":"2025-05-14T11:26:22+00:00","og_image":[{"url":"https:\/\/www.fiarebancaetica.coop\/app\/uploads\/sites\/2\/2025\/03\/JXfiare.png","type":"","width":"","height":""}],"twitter_card":"summary_large_image","schema":{"@context":"https:\/\/schema.org","@graph":[{"@type":"WebPage","@id":"https:\/\/www.fiarebancaetica.coop\/ca\/jovenesxfiare\/","url":"https:\/\/www.fiarebancaetica.coop\/ca\/jovenesxfiare\/","name":"- Fiare Banca Etica","isPartOf":{"@id":"https:\/\/www.fiarebancaetica.coop\/ca\/#website"},"primaryImageOfPage":{"@id":"https:\/\/www.fiarebancaetica.coop\/ca\/jovenesxfiare\/#primaryimage"},"image":{"@id":"https:\/\/www.fiarebancaetica.coop\/ca\/jovenesxfiare\/#primaryimage"},"thumbnailUrl":"https:\/\/www.fiarebancaetica.coop\/app\/uploads\/sites\/2\/2025\/03\/JXfiare.png","datePublished":"2025-05-14T09:52:07+00:00","dateModified":"2025-05-14T11:26:22+00:00","inLanguage":"ca","potentialAction":[{"@type":"ReadAction","target":["https:\/\/www.fiarebancaetica.coop\/ca\/jovenesxfiare\/"]}]},{"@type":"ImageObject","inLanguage":"ca","@id":"https:\/\/www.fiarebancaetica.coop\/ca\/jovenesxfiare\/#primaryimage","url":"https:\/\/www.fiarebancaetica.coop\/app\/uploads\/sites\/2\/2025\/03\/JXfiare.png","contentUrl":"https:\/\/www.fiarebancaetica.coop\/app\/uploads\/sites\/2\/2025\/03\/JXfiare.png"},{"@type":"WebSite","@id":"https:\/\/www.fiarebancaetica.coop\/ca\/#website","url":"https:\/\/www.fiarebancaetica.coop\/ca\/","name":"Fiare Banca Etica","description":"","potentialAction":[{"@type":"SearchAction","target":{"@type":"EntryPoint","urlTemplate":"https:\/\/www.fiarebancaetica.coop\/ca\/?s={search_term_string}"},"query-input":{"@type":"PropertyValueSpecification","valueRequired":true,"valueName":"search_term_string"}}],"inLanguage":"ca"}]}},"_links":{"self":[{"href":"https:\/\/www.fiarebancaetica.coop\/ca\/wp-json\/wp\/v2\/pages\/385164","targetHints":{"allow":["GET"]}}],"collection":[{"href":"https:\/\/www.fiarebancaetica.coop\/ca\/wp-json\/wp\/v2\/pages"}],"about":[{"href":"https:\/\/www.fiarebancaetica.coop\/ca\/wp-json\/wp\/v2\/types\/page"}],"author":[{"embeddable":true,"href":"https:\/\/www.fiarebancaetica.coop\/ca\/wp-json\/wp\/v2\/users\/1774"}],"replies":[{"embeddable":true,"href":"https:\/\/www.fiarebancaetica.coop\/ca\/wp-json\/wp\/v2\/comments?post=385164"}],"version-history":[{"count":7,"href":"https:\/\/www.fiarebancaetica.coop\/ca\/wp-json\/wp\/v2\/pages\/385164\/revisions"}],"predecessor-version":[{"id":386118,"href":"https:\/\/www.fiarebancaetica.coop\/ca\/wp-json\/wp\/v2\/pages\/385164\/revisions\/386118"}],"wp:attachment":[{"href":"https:\/\/www.fiarebancaetica.coop\/ca\/wp-json\/wp\/v2\/media?parent=385164"}],"wp:term":[{"taxonomy":"author","embeddable":true,"href":"https:\/\/www.fiarebancaetica.coop\/ca\/wp-json\/wp\/v2\/coauthors?post=385164"}],"curies":[{"name":"wp","href":"https:\/\/api.w.org\/{rel}","templated":true}]}}