{"id":389682,"date":"2025-12-11T15:09:56","date_gmt":"2025-12-11T14:09:56","guid":{"rendered":"https:\/\/www.fiarebancaetica.coop\/?page_id=389682"},"modified":"2025-12-17T15:23:27","modified_gmt":"2025-12-17T14:23:27","slug":"el-banc-que-no-hi-cap-en-un-banc","status":"publish","type":"page","link":"https:\/\/www.fiarebancaetica.coop\/ca\/el-banc-que-no-hi-cap-en-un-banc\/","title":{"rendered":"El banc que no hi cap en un banc"},"content":{"rendered":"\n<h1 class=\"wp-block-heading has-text-align-center\" style=\"font-size:78px\"><\/h1>\n\n\n<div class=\"wp-block-image\">\n<figure class=\"aligncenter size-large\"><img loading=\"lazy\" decoding=\"async\" width=\"1024\" height=\"153\" src=\"https:\/\/www.fiarebancaetica.coop\/app\/uploads\/sites\/2\/2025\/12\/El-banco-que-no-cabe-en-un-banco-2-2-1024x153.png\" alt=\"\" class=\"wp-image-389907\" srcset=\"https:\/\/www.fiarebancaetica.coop\/app\/uploads\/sites\/2\/2025\/12\/El-banco-que-no-cabe-en-un-banco-2-2-1024x153.png 1024w, https:\/\/www.fiarebancaetica.coop\/app\/uploads\/sites\/2\/2025\/12\/El-banco-que-no-cabe-en-un-banco-2-2-300x45.png 300w, https:\/\/www.fiarebancaetica.coop\/app\/uploads\/sites\/2\/2025\/12\/El-banco-que-no-cabe-en-un-banco-2-2-768x115.png 768w, https:\/\/www.fiarebancaetica.coop\/app\/uploads\/sites\/2\/2025\/12\/El-banco-que-no-cabe-en-un-banco-2-2-1536x230.png 1536w, https:\/\/www.fiarebancaetica.coop\/app\/uploads\/sites\/2\/2025\/12\/El-banco-que-no-cabe-en-un-banco-2-2.png 2000w\" sizes=\"auto, (max-width: 1024px) 100vw, 1024px\" \/><\/figure>\n<\/div>\n\n\n<div class=\"wrapper-crispybacon-class wrapper-crispybacon-class-large \">\n    \n\n    <figure class=\"wp-block-embed is-type-rich is-provider-handler-delloggetto-incorporato wp-block-embed-handler-delloggetto-incorporato wp-embed-aspect-16-9 wp-has-aspect-ratio\">\n        <div class=\"wp-block-embed__wrapper  aligncenter\">\n            <iframe type=\"text\/plain\" class=\"_iub_cs_activate\" width=\"640\" height=\"360\" data-suppressedsrc=\"https:\/\/www.youtube.com\/embed\/GOgEq2fC9EU\" title=\"\" frameborder=\"0\" allow=\"accelerometer; autoplay; clipboard-write; encrypted-media; gyroscope; picture-in-picture\" allowfullscreen data-iub-purposes=\"1\"><\/iframe>\n        <\/div>\n    <\/figure>\n\n\n\n<\/div>\n\n\n<div style=\"height:42px\" aria-hidden=\"true\" class=\"wp-block-spacer\"><\/div>\n\n\n\n<div class=\"wrapper-crispybacon-class wrapper-crispybacon-class-medium \">\n    \n\n<h2 class=\"wp-block-heading has-text-align-center m-0 par-custom-line-height\" style=\"font-size:23px\"><\/h2>\n\n\n\n<h2 class=\"wp-block-heading has-text-align-center m-0 par-custom-line-height\" style=\"font-size:23px\"><\/h2>\n\n\n\n<h2 class=\"wp-block-heading has-text-align-center m-0 par-custom-line-height\" style=\"font-size:23px\"><strong>L&#8217;any 2025 celebrem l&#8217;Any del Cooperativisme. <\/strong><\/h2>\n\n\n\n<h2 class=\"wp-block-heading has-text-align-center m-0 par-custom-line-height\" style=\"font-size:23px\"><strong>Per\u00f2 per a Fiare Banca Etica, cada any ho \u00e9s.<\/strong><br>Perqu\u00e8 la nostra activitat no consisteix nom\u00e9s a gestionar diners: <\/h2>\n\n\n\n<h2 class=\"wp-block-heading has-text-align-center m-0 par-custom-line-height\" style=\"font-size:23px\">consisteix a transformar-los.<br>A convertir-los en acci\u00f3 col\u00b7lectiva.<br>A posar-los al servei de les persones, dels projectes i de les comunitats<br>que ja estan construint una altra economia.<\/h2>\n\n\n\n<h2 class=\"wp-block-heading has-text-align-center m-0 par-custom-line-height\" style=\"font-size:23px\"><br>Aquest v\u00eddeo recull aquestes veus. Veus reals de persones s\u00f2cies i clientes, i organitzacions finan\u00e7ades<br>que mostren com el cooperativisme no s&#8217;explica: es viu.<\/h2>\n\n\n<\/div>\n\n<div class=\"wp-block-image\">\n<figure class=\"aligncenter size-full\"><img loading=\"lazy\" decoding=\"async\" width=\"1080\" height=\"2084\" src=\"https:\/\/www.fiarebancaetica.coop\/app\/uploads\/sites\/2\/2025\/12\/cat.jpg\" alt=\"\" class=\"wp-image-389898\" srcset=\"https:\/\/www.fiarebancaetica.coop\/app\/uploads\/sites\/2\/2025\/12\/cat.jpg 1080w, https:\/\/www.fiarebancaetica.coop\/app\/uploads\/sites\/2\/2025\/12\/cat-155x300.jpg 155w, https:\/\/www.fiarebancaetica.coop\/app\/uploads\/sites\/2\/2025\/12\/cat-531x1024.jpg 531w, https:\/\/www.fiarebancaetica.coop\/app\/uploads\/sites\/2\/2025\/12\/cat-768x1482.jpg 768w, https:\/\/www.fiarebancaetica.coop\/app\/uploads\/sites\/2\/2025\/12\/cat-796x1536.jpg 796w, https:\/\/www.fiarebancaetica.coop\/app\/uploads\/sites\/2\/2025\/12\/cat-1061x2048.jpg 1061w\" sizes=\"auto, (max-width: 1080px) 100vw, 1080px\" \/><\/figure>\n<\/div>\n\n\n<div class=\"wrapper-crispybacon-class wrapper-crispybacon-class-medium \">\n    \n\n<h2 class=\"wp-block-heading has-text-align-center\"><strong>Fes que els teus diners financin el canvi!<\/strong><\/h2>\n\n\n<\/div>\n\n\n<div class=\"wp-block-buttons is-layout-flex wp-block-buttons-is-layout-flex\"><\/div>\n\n\n\n<div class=\"wrapper-crispybacon-class wrapper-crispybacon-class-wide \">\n    \n\n<div class=\"wp-block-buttons is-content-justification-center is-layout-flex wp-container-core-buttons-is-layout-16018d1d wp-block-buttons-is-layout-flex\">\n<div class=\"wp-block-button is-style-outline is-style-outline--1\"><a class=\"wp-block-button__link has-blue-color has-text-color has-link-color has-text-align-center wp-element-button\" href=\"https:\/\/www.fiarebancaetica.coop\/ca\/particulars\/comptes-corrents\/\" target=\"_blank\" rel=\"noreferrer noopener\"><strong>COMPTES PER A UN M\u00d3N MILLOR<\/strong><\/a><\/div>\n<\/div>\n\n\n<\/div>\n\n\n<div style=\"height:39px\" aria-hidden=\"true\" class=\"wp-block-spacer\"><\/div>\n\n\n\n<div class=\"wrapper-crispybacon-class wrapper-crispybacon-class-wide \">\n    \n\n<div class=\"wp-block-buttons is-content-justification-center is-layout-flex wp-container-core-buttons-is-layout-16018d1d wp-block-buttons-is-layout-flex\">\n<div class=\"wp-block-button is-style-outline is-style-outline--2\"><a class=\"wp-block-button__link has-blue-color has-text-color has-link-color has-text-align-center wp-element-button\" href=\"https:\/\/www.fiarebancaetica.coop\/ca\/empreses-organitzacions\/diposits\/\" target=\"_blank\" rel=\"noreferrer noopener\"><strong>DIP\u00d2SITS PER A ESTALVIAR I CREAR BENESTAR SOCIAL<\/strong><\/a><\/div>\n<\/div>\n\n\n<\/div>\n\n\n<div style=\"height:41px\" aria-hidden=\"true\" class=\"wp-block-spacer\"><\/div>\n\n\n\n<div class=\"wrapper-crispybacon-class wrapper-crispybacon-class-wide \">\n    \n\n<div class=\"wp-block-buttons is-content-justification-center is-layout-flex wp-container-core-buttons-is-layout-16018d1d wp-block-buttons-is-layout-flex\">\n<div class=\"wp-block-button is-style-outline is-style-outline--3\"><a class=\"wp-block-button__link has-blue-color has-text-color has-link-color has-text-align-center wp-element-button\" href=\"https:\/\/www.fiarebancaetica.coop\/ca\/empreses-organitzacions\/financament\/\" target=\"_blank\" rel=\"noreferrer noopener\"><strong>FINAN\u00c7AMENT PER A PROJECTES SOCIALS<\/strong><\/a><\/div>\n<\/div>\n\n\n<\/div>\n\n\n<div style=\"height:31px\" aria-hidden=\"true\" class=\"wp-block-spacer\"><\/div>\n\n\n\n<div style=\"height:57px\" aria-hidden=\"true\" class=\"wp-block-spacer\"><\/div>\n\n\n\n<hr class=\"wp-block-separator has-alpha-channel-opacity\"\/>\n\n\n\n<div style=\"height:42px\" aria-hidden=\"true\" class=\"wp-block-spacer\"><\/div>\n\n\n\n<div class=\"container-newsletter-block\">\n    <div class=\"overlay\"><\/div>\n    <div class=\"content-landing-newsletter\">\n        <form class=\"newsletter-content\">\n            <h3> Escriu el teu email <\/h3>\n            <div class=\"text-block\">\n                <p> <p>Deixa&#8217;ns el teu contacte i t&#8217;enviarem un mail per\u00a0 explicar-te per qu\u00e8 ser client\/a del nostre banc. Sigues part del canvi.<\/p>\n <\/p>\n                <p> <a href=\"#\" target=\"_blank\"> Consulta la nostra pol\u00edtica de privacitat<\/p> <\/a>\n            <\/div>\n            <div class=\"field-block\">\n                <input type=\"email\" id=\"user_email\" placeholder=\"Escriu el teu email\">\n                <div class=\"button-submit-wrapper\">\n                    <div class=\"loader la-ball-beat la-dark\">\n                        <div><\/div>\n                        <div><\/div>\n                        <div><\/div>\n                    <\/div>\n                    <button type=\"submit\" disabled class=\"landing-submit-newsletter\" onclick=\"_paq.push(['trackEvent', 'Soldi Sporchi', 'Email Link Click']);\"> Inscriu-me <\/button>\n                <\/div>\n            <\/div>\n        <\/form>\n\n        <div class=\"risultato\">Risultato esito <\/div>\n    <\/div>\n<\/div>\n\n<script>\n    (function($) {\n        \/\/Ajax send email\n        $(document).ready(function() {\n            var form = $('.newsletter-content');\n            var button_wrapper = $('.button-submit-wrapper');\n            var button = $('.landing-submit-newsletter')\n\n            $( \"#user_email\" ).on( \"keyup\", function() {\n                if( $('#user_email').val() !== '' ) {\n                    button.prop('disabled', false)\n                } else {\n                    button.prop('disabled', true)\n                }\n            } );\n\n            form.on('submit', function (e) {\n                e.preventDefault();\n                button_wrapper.addClass('is_loading');\n                var user_email = $('#user_email').val();\n                $.ajax({\n                    method: 'POST',\n                    url: CbwptAjax.ajaxurl,\n                    data: {\n                        action: 'be_landing_add_subscribers',\n                        _security: CbwptAjax.security,\n                        user_email: user_email,\n                        mailchimp_list_id: \"c13839ee08\",\n                        integration: null,\n                        salesforce_external_key: null                    },\n                    success: function (data) {\n                        button_wrapper.removeClass('is_loading');\n                        $('.risultato').html(data).css('visibility', 'visible').hide().fadeIn();\n                        setTimeout(function() {\n                            $('.risultato').html(data).css('visibility', 'hidden').hide().fadeIn();\n                        }, 2500);\n                        $('#user_email').val(''); \/\/reset user input field\n                    },\n                    error: function () {\n                        alert('Si \u00e8 verificato un errore');\n                        button_wrapper.removeClass('is_loading');\n                        setTimeout(function() {\n                            $('.error').show();\n                        }, 15000);\n                    }\n                })\n            })\n        })\n    })(jQuery);\n\n<\/script>\n","protected":false},"excerpt":{"rendered":"","protected":false},"author":1774,"featured_media":0,"parent":0,"menu_order":0,"comment_status":"closed","ping_status":"closed","template":"","meta":{"_acf_changed":false,"footnotes":""},"coauthors":[5579],"class_list":["post-389682","page","type-page","status-publish","hentry","crispybacon-hidden-page-title"],"acf":[],"yoast_head":"<!-- This site is optimized with the Yoast SEO plugin v26.9 - https:\/\/yoast.com\/product\/yoast-seo-wordpress\/ -->\n<title>El banc que no hi cap en un banc - Fiare Banca Etica<\/title>\n<meta name=\"robots\" content=\"index, follow, max-snippet:-1, max-image-preview:large, max-video-preview:-1\" \/>\n<link rel=\"canonical\" href=\"https:\/\/www.fiarebancaetica.coop\/ca\/el-banc-que-no-hi-cap-en-un-banc\/\" \/>\n<meta property=\"og:locale\" content=\"ca_ES\" \/>\n<meta property=\"og:type\" content=\"article\" \/>\n<meta property=\"og:title\" content=\"El banc que no hi cap en un banc - Fiare Banca Etica\" \/>\n<meta property=\"og:url\" content=\"https:\/\/www.fiarebancaetica.coop\/ca\/el-banc-que-no-hi-cap-en-un-banc\/\" \/>\n<meta property=\"og:site_name\" content=\"Fiare Banca Etica\" \/>\n<meta property=\"article:modified_time\" content=\"2025-12-17T14:23:27+00:00\" \/>\n<meta property=\"og:image\" content=\"https:\/\/www.fiarebancaetica.coop\/app\/uploads\/sites\/2\/2025\/12\/El-banco-que-no-cabe-en-un-banco-2-2-1024x153.png\" \/>\n<meta name=\"twitter:card\" content=\"summary_large_image\" \/>\n<script type=\"application\/ld+json\" class=\"yoast-schema-graph\">{\"@context\":\"https:\/\/schema.org\",\"@graph\":[{\"@type\":\"WebPage\",\"@id\":\"https:\/\/www.fiarebancaetica.coop\/ca\/el-banc-que-no-hi-cap-en-un-banc\/\",\"url\":\"https:\/\/www.fiarebancaetica.coop\/ca\/el-banc-que-no-hi-cap-en-un-banc\/\",\"name\":\"El banc que no hi cap en un banc - Fiare Banca Etica\",\"isPartOf\":{\"@id\":\"https:\/\/www.fiarebancaetica.coop\/ca\/#website\"},\"primaryImageOfPage\":{\"@id\":\"https:\/\/www.fiarebancaetica.coop\/ca\/el-banc-que-no-hi-cap-en-un-banc\/#primaryimage\"},\"image\":{\"@id\":\"https:\/\/www.fiarebancaetica.coop\/ca\/el-banc-que-no-hi-cap-en-un-banc\/#primaryimage\"},\"thumbnailUrl\":\"https:\/\/www.fiarebancaetica.coop\/app\/uploads\/sites\/2\/2025\/12\/El-banco-que-no-cabe-en-un-banco-2-2-1024x153.png\",\"datePublished\":\"2025-12-11T14:09:56+00:00\",\"dateModified\":\"2025-12-17T14:23:27+00:00\",\"breadcrumb\":{\"@id\":\"https:\/\/www.fiarebancaetica.coop\/ca\/el-banc-que-no-hi-cap-en-un-banc\/#breadcrumb\"},\"inLanguage\":\"ca\",\"potentialAction\":[{\"@type\":\"ReadAction\",\"target\":[\"https:\/\/www.fiarebancaetica.coop\/ca\/el-banc-que-no-hi-cap-en-un-banc\/\"]}]},{\"@type\":\"ImageObject\",\"inLanguage\":\"ca\",\"@id\":\"https:\/\/www.fiarebancaetica.coop\/ca\/el-banc-que-no-hi-cap-en-un-banc\/#primaryimage\",\"url\":\"https:\/\/www.fiarebancaetica.coop\/app\/uploads\/sites\/2\/2025\/12\/El-banco-que-no-cabe-en-un-banco-2-2-1024x153.png\",\"contentUrl\":\"https:\/\/www.fiarebancaetica.coop\/app\/uploads\/sites\/2\/2025\/12\/El-banco-que-no-cabe-en-un-banco-2-2-1024x153.png\"},{\"@type\":\"BreadcrumbList\",\"@id\":\"https:\/\/www.fiarebancaetica.coop\/ca\/el-banc-que-no-hi-cap-en-un-banc\/#breadcrumb\",\"itemListElement\":[{\"@type\":\"ListItem\",\"position\":1,\"name\":\"Home\",\"item\":\"https:\/\/www.fiarebancaetica.coop\/ca\/\"},{\"@type\":\"ListItem\",\"position\":2,\"name\":\"El banc que no hi cap en un banc\"}]},{\"@type\":\"WebSite\",\"@id\":\"https:\/\/www.fiarebancaetica.coop\/ca\/#website\",\"url\":\"https:\/\/www.fiarebancaetica.coop\/ca\/\",\"name\":\"Fiare Banca Etica\",\"description\":\"\",\"potentialAction\":[{\"@type\":\"SearchAction\",\"target\":{\"@type\":\"EntryPoint\",\"urlTemplate\":\"https:\/\/www.fiarebancaetica.coop\/ca\/?s={search_term_string}\"},\"query-input\":{\"@type\":\"PropertyValueSpecification\",\"valueRequired\":true,\"valueName\":\"search_term_string\"}}],\"inLanguage\":\"ca\"}]}<\/script>\n<!-- \/ Yoast SEO plugin. -->","yoast_head_json":{"title":"El banc que no hi cap en un banc - Fiare Banca Etica","robots":{"index":"index","follow":"follow","max-snippet":"max-snippet:-1","max-image-preview":"max-image-preview:large","max-video-preview":"max-video-preview:-1"},"canonical":"https:\/\/www.fiarebancaetica.coop\/ca\/el-banc-que-no-hi-cap-en-un-banc\/","og_locale":"ca_ES","og_type":"article","og_title":"El banc que no hi cap en un banc - Fiare Banca Etica","og_url":"https:\/\/www.fiarebancaetica.coop\/ca\/el-banc-que-no-hi-cap-en-un-banc\/","og_site_name":"Fiare Banca Etica","article_modified_time":"2025-12-17T14:23:27+00:00","og_image":[{"url":"https:\/\/www.fiarebancaetica.coop\/app\/uploads\/sites\/2\/2025\/12\/El-banco-que-no-cabe-en-un-banco-2-2-1024x153.png","type":"","width":"","height":""}],"twitter_card":"summary_large_image","schema":{"@context":"https:\/\/schema.org","@graph":[{"@type":"WebPage","@id":"https:\/\/www.fiarebancaetica.coop\/ca\/el-banc-que-no-hi-cap-en-un-banc\/","url":"https:\/\/www.fiarebancaetica.coop\/ca\/el-banc-que-no-hi-cap-en-un-banc\/","name":"El banc que no hi cap en un banc - Fiare Banca Etica","isPartOf":{"@id":"https:\/\/www.fiarebancaetica.coop\/ca\/#website"},"primaryImageOfPage":{"@id":"https:\/\/www.fiarebancaetica.coop\/ca\/el-banc-que-no-hi-cap-en-un-banc\/#primaryimage"},"image":{"@id":"https:\/\/www.fiarebancaetica.coop\/ca\/el-banc-que-no-hi-cap-en-un-banc\/#primaryimage"},"thumbnailUrl":"https:\/\/www.fiarebancaetica.coop\/app\/uploads\/sites\/2\/2025\/12\/El-banco-que-no-cabe-en-un-banco-2-2-1024x153.png","datePublished":"2025-12-11T14:09:56+00:00","dateModified":"2025-12-17T14:23:27+00:00","breadcrumb":{"@id":"https:\/\/www.fiarebancaetica.coop\/ca\/el-banc-que-no-hi-cap-en-un-banc\/#breadcrumb"},"inLanguage":"ca","potentialAction":[{"@type":"ReadAction","target":["https:\/\/www.fiarebancaetica.coop\/ca\/el-banc-que-no-hi-cap-en-un-banc\/"]}]},{"@type":"ImageObject","inLanguage":"ca","@id":"https:\/\/www.fiarebancaetica.coop\/ca\/el-banc-que-no-hi-cap-en-un-banc\/#primaryimage","url":"https:\/\/www.fiarebancaetica.coop\/app\/uploads\/sites\/2\/2025\/12\/El-banco-que-no-cabe-en-un-banco-2-2-1024x153.png","contentUrl":"https:\/\/www.fiarebancaetica.coop\/app\/uploads\/sites\/2\/2025\/12\/El-banco-que-no-cabe-en-un-banco-2-2-1024x153.png"},{"@type":"BreadcrumbList","@id":"https:\/\/www.fiarebancaetica.coop\/ca\/el-banc-que-no-hi-cap-en-un-banc\/#breadcrumb","itemListElement":[{"@type":"ListItem","position":1,"name":"Home","item":"https:\/\/www.fiarebancaetica.coop\/ca\/"},{"@type":"ListItem","position":2,"name":"El banc que no hi cap en un banc"}]},{"@type":"WebSite","@id":"https:\/\/www.fiarebancaetica.coop\/ca\/#website","url":"https:\/\/www.fiarebancaetica.coop\/ca\/","name":"Fiare Banca Etica","description":"","potentialAction":[{"@type":"SearchAction","target":{"@type":"EntryPoint","urlTemplate":"https:\/\/www.fiarebancaetica.coop\/ca\/?s={search_term_string}"},"query-input":{"@type":"PropertyValueSpecification","valueRequired":true,"valueName":"search_term_string"}}],"inLanguage":"ca"}]}},"_links":{"self":[{"href":"https:\/\/www.fiarebancaetica.coop\/ca\/wp-json\/wp\/v2\/pages\/389682","targetHints":{"allow":["GET"]}}],"collection":[{"href":"https:\/\/www.fiarebancaetica.coop\/ca\/wp-json\/wp\/v2\/pages"}],"about":[{"href":"https:\/\/www.fiarebancaetica.coop\/ca\/wp-json\/wp\/v2\/types\/page"}],"author":[{"embeddable":true,"href":"https:\/\/www.fiarebancaetica.coop\/ca\/wp-json\/wp\/v2\/users\/1774"}],"replies":[{"embeddable":true,"href":"https:\/\/www.fiarebancaetica.coop\/ca\/wp-json\/wp\/v2\/comments?post=389682"}],"version-history":[{"count":10,"href":"https:\/\/www.fiarebancaetica.coop\/ca\/wp-json\/wp\/v2\/pages\/389682\/revisions"}],"predecessor-version":[{"id":389911,"href":"https:\/\/www.fiarebancaetica.coop\/ca\/wp-json\/wp\/v2\/pages\/389682\/revisions\/389911"}],"wp:attachment":[{"href":"https:\/\/www.fiarebancaetica.coop\/ca\/wp-json\/wp\/v2\/media?parent=389682"}],"wp:term":[{"taxonomy":"author","embeddable":true,"href":"https:\/\/www.fiarebancaetica.coop\/ca\/wp-json\/wp\/v2\/coauthors?post=389682"}],"curies":[{"name":"wp","href":"https:\/\/api.w.org\/{rel}","templated":true}]}}