{"id":314834,"date":"2023-11-28T09:05:50","date_gmt":"2023-11-28T08:05:50","guid":{"rendered":"https:\/\/www.fiarebancaetica.coop\/?page_id=314834"},"modified":"2024-02-20T16:38:53","modified_gmt":"2024-02-20T15:38:53","slug":"nazioartekoa","status":"publish","type":"page","link":"https:\/\/www.fiarebancaetica.coop\/eu\/nortasuna\/nazioartekoa\/","title":{"rendered":"Nazioartekoa"},"content":{"rendered":"\n<div class=\"wrapper-crispybacon-class wrapper-crispybacon-class-medium \">\n    \n\n<h1 class=\"is-style-lyon wp-block-heading\"><span class=\"has-inline-color has-blue-color\">Nazioartekoa<\/span><br>Ez gaude bakarrik<\/h1>\n\n\n\n<p>Ez gara konformatzen gure jendeari, gure komunitateari, gure herriari laguntzearekin. Justizia sozialaren, aukeren eta jasangarritasunaren printzipio etikoek bidea erakusten diete mundu osoko beste finantza-erakunde askori. Elkarrekin, lor dezakegu.<\/p>\n\n\n\n<p>Fiare Banca Eticak harremanak garatu ditu zenbait herrialdetako institutu eta erakundeekin: hain zuzen ere, giza garapen, gizarte-garapen eta ingurumen-arloko garapen jasangarriaren aldeko finantza etikoak eta ekonomia solidarioa eraikitzeko konpromisoa dutenekin. Europako Banku Etikoen eta Alternatiboen Federazioko bazkide gara, eta lankidetzan jarduten dugu <a href=\"http:\/\/www.gabv.org\/\"><strong>Global Alliance for Banking on Values<\/strong><\/a> sarearekin.<\/p>\n\n\n<\/div>\n\n\n<div class=\"wrapper-crispybacon-class wrapper-crispybacon-class-wide \">\n    \n\n<div class=\"wp-block-bancaetica-blocks-blocks-block-16\"><div class=\"container-block\"><div class=\"content\"><h2 class=\"section-title\">FEBEA<\/h2><h5 class=\"sub-title\"><\/h5><p class=\"section-content\">FEBEA (Banku Etiko eta Alternatiboen Europako Federazioa) irabazi asmorik gabeko erakunde belgikarra da; 2001ean sortu zuen Banca Eticak, Cr\u00e9dit Coop\u00e9ratif eta Caisse Solidaire du Nord Pas-de-Calais (Frantzia), Cr\u00e9dal eta Hefboom (Belgika) eta TISE (Polonia) erakundeekin batera, Europan finantza etikoak eta bidezkoak garatzeko. Gaur egun 9 banku, 6 finantza-kooperatiba, 5 inbertsio-sozietate eta 3 fundazio biltzen ditu.<br>Esperientziak eta jardunbide egokiak trukatzeko tokia da. Baina, batez ere, euskarri-tresna finantzarioak sortzen ditu finantza alternatiboen arloan, bai lehendik ari diren erakundeentzat, bai arlo horretan sortzen ari direnentzat. Hiru tresna nagusi ditu: \u201cGarantie Solidaire\u201d berme-fondoa, \u201cChoix Solidaire\u201d inbertsio-fondoa (biak Cr\u00e9dit Coop\u00e9ratif erakundeak kudeatuak) eta SEFEA finantza-sozietatea.<\/p><\/div><div class=\"two-columns\"><div class=\"col image-block\"><img decoding=\"async\" src=\"http:\/\/www.fiarebancaetica.coop\/app\/uploads\/sites\/2\/2023\/11\/febea.png\" alt=\"\" \/><\/div><div class=\"icon icon-frontend\"><a href=\"https:\/\/febea.org\/\" id=\"url-cat\" target=\"_blank\" rel=\"noopener\"><i class=\"icon-circle-next\"><\/i><\/a><\/div><\/div><\/div><\/div>\n\n\n\n<div class=\"wp-block-bancaetica-blocks-blocks-block-16\"><div class=\"container-block\"><div class=\"content\"><h2 class=\"section-title\">Global Alliance for Banking on Values<\/h2><h5 class=\"sub-title\"><\/h5><p class=\"section-content\">Global Alliance for Banking on Values (GABV) sare independentea da, mundu osoan finantza etikoen printzipioetan oinarrituta jarduten duten bankuez osatua.<br>2009an jaio zen, eta 19 banketxe ditu atxikiak 24 herrialdetan.<br>GABV, gainera, gaur egun bizi dugun krisia eragin duen finantza-sistemaren alternatiba sinesgarria da. GABVi atxikitako banku bakoitza bakarra da, baina guztiek dute konpromiso bera: aurreztaileek utzitako dirua pertsonen eta ingurumenaren onurarako erabiltzea. Negozio-erabakiak, lehenik eta behin, oinarrizko giza beharrei erantzuteko hartzen dira, eta, ondoren, aztertzen da zer egin daitekeen eskakizun horiek finantzaketa jasangarriaren bidez asetzeko.<br>Hauek dira GABVeko bankuak: Affinity Credit Union (Kanada), Alternative Bank Shweitz AG (Suitza), Assiniboine Credit Union (Kanada), Banca Popolare Etica (Italia eta Espainia), Banco Sol (Bolivia), Bankmecu Responsible Banking (Australia), Brac Bank (Bangladesh), First Green Bank (AEB), Gls Bank (Alemania).<\/p><\/div><div class=\"two-columns\"><div class=\"col image-block\"><img decoding=\"async\" src=\"http:\/\/www.fiarebancaetica.coop\/app\/uploads\/sites\/2\/2023\/11\/global-alliance.png\" alt=\"\" \/><\/div><div class=\"icon icon-frontend\"><a href=\"https:\/\/www.gabv.org\/\" id=\"url-cat\" target=\"_blank\" rel=\"noopener\"><i class=\"icon-circle-next\"><\/i><\/a><\/div><\/div><\/div><\/div>\n\n\n<\/div>\n\n\n<div style=\"height:20px\" aria-hidden=\"true\" class=\"wp-block-spacer\"><\/div>\n\n\n\n<div style=\"height:100px\" aria-hidden=\"true\" class=\"wp-block-spacer\"><\/div>\n","protected":false},"excerpt":{"rendered":"","protected":false},"author":6693,"featured_media":0,"parent":314825,"menu_order":0,"comment_status":"closed","ping_status":"closed","template":"","meta":{"_acf_changed":false,"footnotes":""},"coauthors":[10743],"class_list":["post-314834","page","type-page","status-publish","hentry","crispybacon-hidden-page-title"],"acf":[],"yoast_head":"<!-- This site is optimized with the Yoast SEO plugin v26.9 - https:\/\/yoast.com\/product\/yoast-seo-wordpress\/ -->\n<title>Nazioartekoa - Fiare Banca Etica<\/title>\n<meta name=\"robots\" content=\"index, follow, max-snippet:-1, max-image-preview:large, max-video-preview:-1\" \/>\n<link rel=\"canonical\" href=\"https:\/\/www.fiarebancaetica.coop\/eu\/nortasuna\/nazioartekoa\/\" \/>\n<meta property=\"og:locale\" content=\"eu_ES\" \/>\n<meta property=\"og:type\" content=\"article\" \/>\n<meta property=\"og:title\" content=\"Nazioartekoa - Fiare Banca Etica\" \/>\n<meta property=\"og:url\" content=\"https:\/\/www.fiarebancaetica.coop\/eu\/nortasuna\/nazioartekoa\/\" \/>\n<meta property=\"og:site_name\" content=\"Fiare Banca Etica\" \/>\n<meta property=\"article:modified_time\" content=\"2024-02-20T15:38:53+00:00\" \/>\n<meta property=\"og:image\" content=\"http:\/\/www.fiarebancaetica.coop\/app\/uploads\/sites\/2\/2023\/11\/febea.png\" \/>\n<meta name=\"twitter:card\" content=\"summary_large_image\" \/>\n<script type=\"application\/ld+json\" class=\"yoast-schema-graph\">{\"@context\":\"https:\/\/schema.org\",\"@graph\":[{\"@type\":\"WebPage\",\"@id\":\"https:\/\/www.fiarebancaetica.coop\/eu\/nortasuna\/nazioartekoa\/\",\"url\":\"https:\/\/www.fiarebancaetica.coop\/eu\/nortasuna\/nazioartekoa\/\",\"name\":\"Nazioartekoa - Fiare Banca Etica\",\"isPartOf\":{\"@id\":\"https:\/\/www.fiarebancaetica.coop\/eu\/#website\"},\"primaryImageOfPage\":{\"@id\":\"https:\/\/www.fiarebancaetica.coop\/eu\/nortasuna\/nazioartekoa\/#primaryimage\"},\"image\":{\"@id\":\"https:\/\/www.fiarebancaetica.coop\/eu\/nortasuna\/nazioartekoa\/#primaryimage\"},\"thumbnailUrl\":\"http:\/\/www.fiarebancaetica.coop\/app\/uploads\/sites\/2\/2023\/11\/febea.png\",\"datePublished\":\"2023-11-28T08:05:50+00:00\",\"dateModified\":\"2024-02-20T15:38:53+00:00\",\"breadcrumb\":{\"@id\":\"https:\/\/www.fiarebancaetica.coop\/eu\/nortasuna\/nazioartekoa\/#breadcrumb\"},\"inLanguage\":\"eu\",\"potentialAction\":[{\"@type\":\"ReadAction\",\"target\":[\"https:\/\/www.fiarebancaetica.coop\/eu\/nortasuna\/nazioartekoa\/\"]}]},{\"@type\":\"ImageObject\",\"inLanguage\":\"eu\",\"@id\":\"https:\/\/www.fiarebancaetica.coop\/eu\/nortasuna\/nazioartekoa\/#primaryimage\",\"url\":\"http:\/\/www.fiarebancaetica.coop\/app\/uploads\/sites\/2\/2023\/11\/febea.png\",\"contentUrl\":\"http:\/\/www.fiarebancaetica.coop\/app\/uploads\/sites\/2\/2023\/11\/febea.png\"},{\"@type\":\"BreadcrumbList\",\"@id\":\"https:\/\/www.fiarebancaetica.coop\/eu\/nortasuna\/nazioartekoa\/#breadcrumb\",\"itemListElement\":[{\"@type\":\"ListItem\",\"position\":1,\"name\":\"Home\",\"item\":\"https:\/\/www.fiarebancaetica.coop\/eu\/\"},{\"@type\":\"ListItem\",\"position\":2,\"name\":\"Nortasuna\",\"item\":\"https:\/\/www.fiarebancaetica.coop\/eu\/nortasuna\/\"},{\"@type\":\"ListItem\",\"position\":3,\"name\":\"Nazioartekoa\"}]},{\"@type\":\"WebSite\",\"@id\":\"https:\/\/www.fiarebancaetica.coop\/eu\/#website\",\"url\":\"https:\/\/www.fiarebancaetica.coop\/eu\/\",\"name\":\"Fiare Banca Etica\",\"description\":\"\",\"potentialAction\":[{\"@type\":\"SearchAction\",\"target\":{\"@type\":\"EntryPoint\",\"urlTemplate\":\"https:\/\/www.fiarebancaetica.coop\/eu\/?s={search_term_string}\"},\"query-input\":{\"@type\":\"PropertyValueSpecification\",\"valueRequired\":true,\"valueName\":\"search_term_string\"}}],\"inLanguage\":\"eu\"}]}<\/script>\n<!-- \/ Yoast SEO plugin. -->","yoast_head_json":{"title":"Nazioartekoa - Fiare Banca Etica","robots":{"index":"index","follow":"follow","max-snippet":"max-snippet:-1","max-image-preview":"max-image-preview:large","max-video-preview":"max-video-preview:-1"},"canonical":"https:\/\/www.fiarebancaetica.coop\/eu\/nortasuna\/nazioartekoa\/","og_locale":"eu_ES","og_type":"article","og_title":"Nazioartekoa - Fiare Banca Etica","og_url":"https:\/\/www.fiarebancaetica.coop\/eu\/nortasuna\/nazioartekoa\/","og_site_name":"Fiare Banca Etica","article_modified_time":"2024-02-20T15:38:53+00:00","og_image":[{"url":"http:\/\/www.fiarebancaetica.coop\/app\/uploads\/sites\/2\/2023\/11\/febea.png","type":"","width":"","height":""}],"twitter_card":"summary_large_image","schema":{"@context":"https:\/\/schema.org","@graph":[{"@type":"WebPage","@id":"https:\/\/www.fiarebancaetica.coop\/eu\/nortasuna\/nazioartekoa\/","url":"https:\/\/www.fiarebancaetica.coop\/eu\/nortasuna\/nazioartekoa\/","name":"Nazioartekoa - Fiare Banca Etica","isPartOf":{"@id":"https:\/\/www.fiarebancaetica.coop\/eu\/#website"},"primaryImageOfPage":{"@id":"https:\/\/www.fiarebancaetica.coop\/eu\/nortasuna\/nazioartekoa\/#primaryimage"},"image":{"@id":"https:\/\/www.fiarebancaetica.coop\/eu\/nortasuna\/nazioartekoa\/#primaryimage"},"thumbnailUrl":"http:\/\/www.fiarebancaetica.coop\/app\/uploads\/sites\/2\/2023\/11\/febea.png","datePublished":"2023-11-28T08:05:50+00:00","dateModified":"2024-02-20T15:38:53+00:00","breadcrumb":{"@id":"https:\/\/www.fiarebancaetica.coop\/eu\/nortasuna\/nazioartekoa\/#breadcrumb"},"inLanguage":"eu","potentialAction":[{"@type":"ReadAction","target":["https:\/\/www.fiarebancaetica.coop\/eu\/nortasuna\/nazioartekoa\/"]}]},{"@type":"ImageObject","inLanguage":"eu","@id":"https:\/\/www.fiarebancaetica.coop\/eu\/nortasuna\/nazioartekoa\/#primaryimage","url":"http:\/\/www.fiarebancaetica.coop\/app\/uploads\/sites\/2\/2023\/11\/febea.png","contentUrl":"http:\/\/www.fiarebancaetica.coop\/app\/uploads\/sites\/2\/2023\/11\/febea.png"},{"@type":"BreadcrumbList","@id":"https:\/\/www.fiarebancaetica.coop\/eu\/nortasuna\/nazioartekoa\/#breadcrumb","itemListElement":[{"@type":"ListItem","position":1,"name":"Home","item":"https:\/\/www.fiarebancaetica.coop\/eu\/"},{"@type":"ListItem","position":2,"name":"Nortasuna","item":"https:\/\/www.fiarebancaetica.coop\/eu\/nortasuna\/"},{"@type":"ListItem","position":3,"name":"Nazioartekoa"}]},{"@type":"WebSite","@id":"https:\/\/www.fiarebancaetica.coop\/eu\/#website","url":"https:\/\/www.fiarebancaetica.coop\/eu\/","name":"Fiare Banca Etica","description":"","potentialAction":[{"@type":"SearchAction","target":{"@type":"EntryPoint","urlTemplate":"https:\/\/www.fiarebancaetica.coop\/eu\/?s={search_term_string}"},"query-input":{"@type":"PropertyValueSpecification","valueRequired":true,"valueName":"search_term_string"}}],"inLanguage":"eu"}]}},"_links":{"self":[{"href":"https:\/\/www.fiarebancaetica.coop\/eu\/wp-json\/wp\/v2\/pages\/314834","targetHints":{"allow":["GET"]}}],"collection":[{"href":"https:\/\/www.fiarebancaetica.coop\/eu\/wp-json\/wp\/v2\/pages"}],"about":[{"href":"https:\/\/www.fiarebancaetica.coop\/eu\/wp-json\/wp\/v2\/types\/page"}],"author":[{"embeddable":true,"href":"https:\/\/www.fiarebancaetica.coop\/eu\/wp-json\/wp\/v2\/users\/6693"}],"replies":[{"embeddable":true,"href":"https:\/\/www.fiarebancaetica.coop\/eu\/wp-json\/wp\/v2\/comments?post=314834"}],"version-history":[{"count":6,"href":"https:\/\/www.fiarebancaetica.coop\/eu\/wp-json\/wp\/v2\/pages\/314834\/revisions"}],"predecessor-version":[{"id":369914,"href":"https:\/\/www.fiarebancaetica.coop\/eu\/wp-json\/wp\/v2\/pages\/314834\/revisions\/369914"}],"up":[{"embeddable":true,"href":"https:\/\/www.fiarebancaetica.coop\/eu\/wp-json\/wp\/v2\/pages\/314825"}],"wp:attachment":[{"href":"https:\/\/www.fiarebancaetica.coop\/eu\/wp-json\/wp\/v2\/media?parent=314834"}],"wp:term":[{"taxonomy":"author","embeddable":true,"href":"https:\/\/www.fiarebancaetica.coop\/eu\/wp-json\/wp\/v2\/coauthors?post=314834"}],"curies":[{"name":"wp","href":"https:\/\/api.w.org\/{rel}","templated":true}]}}