{"id":317924,"date":"2023-12-05T12:27:53","date_gmt":"2023-12-05T11:27:53","guid":{"rendered":"https:\/\/www.fiarebancaetica.coop\/?page_id=317924"},"modified":"2025-02-05T12:47:30","modified_gmt":"2025-02-05T11:47:30","slug":"lankidetza-hitzarmenak","status":"publish","type":"page","link":"https:\/\/www.fiarebancaetica.coop\/eu\/enpresak-antolakundeak\/lankidetza-hitzarmenak\/","title":{"rendered":"Lankidetza-hitzarmenak"},"content":{"rendered":"\n<div class=\"wrapper-crispybacon-class wrapper-crispybacon-class-medium \">\n    \n\n<h1 class=\"wp-block-heading is-style-lyon\"><span style=\"background-color:rgba(0, 0, 0, 0)\" class=\"has-inline-color has-orange-color\">Lankidetza-hitzarmenak<\/span><br>Elkarlanean aritzea elkarrekin lan egitea da<\/h1>\n\n\n\n<p>Fiare Banca Etica banka kooperatiboa izateak indar handiagoz bultzatzen gaitu hainbat erakunderekin elkarlanean aritzera, helburu eta proiektu komunak lortzeko.<\/p>\n\n\n\n<hr class=\"wp-block-separator has-css-opacity is-style-default\"\/>\n\n\n\n<p>Fiare Banca Etica lankidetza-hitzarmenak sinatzen ari da bankuaren balio bertsuak dituzten bigarren eta hirugarren mailako entitateekin, modu horretara erakunde bazkideek hainbat eratako finantza-zerbitzuak errazago eskura ditzaten.<\/p>\n\n\n\n<p>Hitzarmenak sinatzeko estrategia horren funtsa hurbileko harreman estrategikoak sendotzea da, bezero estrategikoentzako prozesu eta tarifa bereziak bideratzeko.<br>Gaur egun, honako hauekin ditugu sinatuta hitzarmenak:<\/p>\n\n\n\n<ul class=\"wp-block-list\">\n<li><a href=\"https:\/\/reas.red\/\" target=\"_blank\" rel=\"noreferrer noopener\">Red de Redes de Econom\u00eda Alternativa y Solidaria (REAS)<\/a><\/li>\n\n\n\n<li><a href=\"https:\/\/faecta.coop\/\" target=\"_blank\" rel=\"noreferrer noopener\">Federaci\u00f3n Andaluza de empresas cooperativas de trabajo (FAECTA)<\/a><\/li>\n\n\n\n<li><a href=\"https:\/\/www.cepes.es\/\" target=\"_blank\" rel=\"noreferrer noopener\">Confederaci\u00f3n empresarial espa\u00f1ola de la&nbsp;Econom\u00eda Social (CEPES)<\/a><\/li>\n\n\n\n<li><a href=\"https:\/\/faedei.org\/\" target=\"_blank\" rel=\"noreferrer noopener\">Faedei<\/a><\/li>\n\n\n\n<li><a href=\"https:\/\/www.ecovalia.org\/\" target=\"_blank\" rel=\"noreferrer noopener\">Ecovalia<\/a><\/li>\n\n\n\n<li><a href=\"https:\/\/cais.coop\/\" target=\"_blank\" rel=\"noreferrer noopener\">CAIS<\/a><\/li>\n\n\n\n<li><a href=\"https:\/\/espazo.coop\/es\/\" target=\"_blank\" rel=\"noreferrer noopener\">Espazocoop<\/a><\/li>\n\n\n\n<li><a href=\"https:\/\/laconfederacio.org\" target=\"_blank\" rel=\"noreferrer noopener\">La Confederaci\u00f3 del Tercer Sector de Catalunya<\/a><\/li>\n<\/ul>\n\n\n\n<div style=\"height:64px\" aria-hidden=\"true\" class=\"wp-block-spacer\"><\/div>\n\n\n\n        <div class=\"wp-block-bancaetica-blocks-blocks-block-02 \" style=\"background-color: #003087;\">\n            <div class=\"container-block\">\n                <h3 class=\"section-content\" style=\"text-align: ;\">\n                                    <\/h3>\n                <p class=\"section-paragraph\" style=\"text-align: ;\">\n                                    <\/p>\n                                <div class=\"cta  with-margin\" style=\"background-color: ; border: none;\">\n                    <a href=\"https:\/\/www.fiarebancaetica.coop\/eu\/kontaktua\/\" target=\"_blank\" rel=\"noreferrer noopener\">KONTAKTUAN<\/a>                <\/div>\n                            <\/div>\n        <\/div>\n\n        \n\n<\/div>\n\n\n<div style=\"height:50px\" aria-hidden=\"true\" class=\"wp-block-spacer\"><\/div>\n\n\n\n<div class=\"wp-block-bancaetica-blocks-blocks-block-47\">\n        \n    <div class=\"wp-block-bancaetica-blocks-blocks-block-48 \" style=\"background-color: #F2F2F2\">\n        <div class=\"inner-container\">\n            <div class=\"column text-container\">\n                <h2 class=\"col-title\" style=\"color: #262626\"> Kontaktatu gurekin <\/h2>\n                                    <p class=\"col-content\" style=\"color: #262626\"> Hasi txateatzen gure eragileetako batekin hitz egin ahal izateko <\/p> <a href=\"https:\/\/www.fiarebancaetica.coop\/eu\/kontaktua\/\" class=\"\" ><i class=\"icon-arrow-right\" style=\"color: #262626\"><\/i><\/a>\n                            <\/div>\n            <div class=\"column image-container\">\n                                    <div class=\"wrapper-image\" style=\"background-image: url(https:\/\/www.fiarebancaetica.coop\/app\/uploads\/sites\/2\/2024\/01\/Illustrations.png);\">\n                    <\/div>\n                            <\/div>\n        <\/div>\n    <\/div>\n\n<div class=\"modal\">\n    <div class=\"modal-content\"><span class=\"close-button\">\u00d7<\/span>\n        <div class=\"content\">\n            \n<div class=\"form-container-fiare\">\n    <div class=\"form\">\n        <form class=\"form-fiare\" id=\"form-fiare\">\n            <h3 class=\"form-title \"> Jarri harremanetan Komunikazio Sailarekin <\/h3>\n            <div class=\"wrapper\">\n                <div class=\"form-group\">\n                    <input type=\"text\" value=\"\" name=\"nombre\" id=\"nombre\" required placeholder=\"Izena *\" \/>\n                <\/div>\n                <div class=\"form-group\">\n                    <input type=\"text\" value=\"\" required placeholder=\"Abizena *\" name=\"apellido\" id=\"apellido\" >\n                <\/div>\n                <div class=\"form-group\">\n                    <input type=\"text\" value=\"\" placeholder=\"Hiria\" name=\"ciudad\" id=\"ciudad\" \/>\n                <\/div>\n                <div class=\"form-group\">\n                    <input type=\"tel\" value=\"\" name=\"tel\" id=\"tel\" required placeholder=\"Telefono-zenbakia *\" \/>\n                <\/div>\n                <div class=\"form-group\">\n                    <input type=\"email\" value=\"\" required placeholder=\"Helbide elektronikoa *\" name=\"email\" id=\"email\" \/>\n                <\/div>\n                <div class=\"form-group\">\n                    <select name=\"ccaa\" id=\"ccaa-select\" class=\"required\">\n                        <option value=\"\" disabled selected> Autonomia-erkidegoa * <\/option>\n                                                    <option value=asturias> Asturias <\/option>\n                                                    <option value=cantabria> Cantabria <\/option>\n                                                    <option value=galicia> Galicia <\/option>\n                                                    <option value=la_rioja> La Rioja <\/option>\n                                                    <option value=pa\u00eds_vasco> Pa\u00eds Vasco <\/option>\n                                                    <option value=navarra> Navarra <\/option>\n                                                    <option value=andaluc\u00eda> Andaluc\u00eda <\/option>\n                                                    <option value=castilla_la_mancha> Castilla La Mancha <\/option>\n                                                    <option value=castilla_y_le\u00f3n> Castilla y Le\u00f3n <\/option>\n                                                    <option value=extremadura> Extremadura <\/option>\n                                                    <option value=islas_canarias> Islas Canarias <\/option>\n                                                    <option value=madrid> Madrid <\/option>\n                                                    <option value=murcia> Murcia <\/option>\n                                                    <option value=arag\u00f3n> Arag\u00f3n <\/option>\n                                                    <option value=catalunya> Catalunya <\/option>\n                                                    <option value=islas_baleares> Islas Baleares <\/option>\n                                                    <option value=valencia_> Valencia  <\/option>\n                                            <\/select>\n                <\/div>\n            <\/div>\n            <div class=\"wrapper large\">\n                <div class=\"form-group\">\n                    <textarea name=\"message\" id=\"message\" rows=\"3\" cols=\"40\" maxlength=\"500\" placeholder=\"Mezua\"><\/textarea>\n                <\/div>\n            <\/div>\n            <div class=\"form-group form-group-privacy\">\n                <div class=\"wrapper large\">\n                    <div class=\"message-privacy\">\n                        <p><p><span style=\"font-weight: 400;\">\u201c2016\/679 (EB) Erregelamenduaren 13. artikuluarekin bat etortzearen informazioa.<\/span><\/p>\n<p><span style=\"font-weight: 400;\">2016\/679 (EB) Erregelamenduaren (GDPR) 13. artikuluaren arabera, jakinarazten dizugu zure datu pertsonalak, zuk libreki emandakoak, Banca Popolare Etica Societ\u00e0 cooperativa per azioni (&#8220;Bankua&#8221;) erakundeak tratatuko dituela (helbide soziala: Via Tommaseo 7, Padua), tratamenduaren arduradun gisa, honako helburu hauetarako: A) Harremanetarako, laguntzarako eta bestelako informazioetarako eskaerak kudeatzeko. Datu batzuk, hala nola probintzia adieraztea, zure informazio-eskaerari erantzuna emateko edo gurekin hitzordua ezartzeko soilik eskatzen dira, eta, beharrezkoa bada, gure sukurtsalarekin harremanetan jartzeko. Beste datu batzuk, hala nola harremanetarako datuak, aipatutako eragiketak errazteko eskatzen dira.<\/span><\/p>\n<p><span style=\"font-weight: 400;\">Zure datuak (A) helbururako tratatzeko, beharrezkoa da zu parte zaren kontratua behar bezala egitea edo Bankuak zuk eskatuta hartutako kontratu-aurreko neurriak behar bezala gauzatzea (GDPRren 6 (1) (b) artikulua).<\/span><\/p>\n<p><span style=\"font-weight: 400;\">Jakinarazi dizkiguzun datuak ez dira gordeko zure eskaera izapidetzeko behar-beharrezkoa den denbora baino gehiago. Arren eskatzen dizugu, zure komunikazioari eranskin bat erantsi nahi badiozu, ez bidaltzeko datu pertsonalik (zureak edo hirugarrenenak), zure eskaera behar bezala izapidetzeko behar-beharrezkoa ez bada behintzat. Beraz, hobe da informazio anonimizatua bidaltzea.<\/span><\/p>\n<p><span style=\"font-weight: 400;\">Emandako datu pertsonalak ez dira zabalduko, baizik eta tratamenduaren arduradunak baimendutako langileek tratatuko dituzte, bai eta tratamenduaren arduradunaren kontura zerbitzu espezifikoak ematen dituzten hirugarrenek ere (adibidez, web-plataformak garatzeko eta mantentzeko zerbitzuen hornitzaileek, Bankuak posta paperean bidaltzeko edo bezeroekin telefonoz harremanetan jartzeko erabiltzen dituen enpresek). Hirugarrenei, tratamenduaren arduradun autonomoei, datuak jakinarazi ahal izango zaizkie (A) puntuan ezarritako helburuak behar bezala betetzeko, legezko betebehar espezifikoak betetzeko edo agintari judizialek eskatuta.<\/span><\/p>\n<p><span style=\"font-weight: 400;\">Datu pertsonalak hirugarren herrialdeetara ere transferitu ahal izango dira, hau da, Europar Batasunekoak eta Europako Esparru Ekonomikokoak ez diren herrialdeetara. Hori gertatzen bada, Bankuak adierazi eta bermatu egiten du (EB) 2016\/679 Erregelamenduaren V. kapituluan xedatutako guztia betetzen duela. Beraz, datu pertsonalen babes-maila Europako Batzordeak egokitzat jotzen duen hirugarren herrialdeei soilik transmitituko zaizkie datu pertsonalak babesteko maila egokia izateagatik, edo, hala ez bada, transferitutako datu pertsonalen babes egokia bermatzeko kontratu-klausula ereduak kontratatu beharko dira. Alternatiba gisa, DBEOren 49. artikuluan aurreikusitako salbuespenetako bat aplikatzea baloratu ahal izango da.<\/span><\/p>\n<p><span style=\"font-weight: 400;\">Azkenik, gogorarazten dizugu, DBEOren 15. artikuluaren eta hurrengoen arabera, eskubidea duzula zurekin loturiko daturik badagoen edo ez dagoen egiaztatzeko, datu horiek eskuratzeko, datuen iturriaren eta tratamenduaren helburuen eta metodoen berri izateko, datuak eguneratzeko, zuzentzeko edo osatzeko, eta ezabatzeko, legea urratuz tratatzen badira edo DBEOren 17. artikuluan zehaztutako arrazoietako bat aplikatzen bada. Zure eskubideak baliatzeko, DBEOren 15. artikuluari eta hurrengoei jarraiki, bai eta zure datu pertsonalen tratamenduari buruz informazio gehiago jasotzeko ere, zuzenean jo dezakezu gure sailetara, edo, bestela, eskaera idatziz aurkez dezakezu, Bankuaren webgunean, &#8220;Pribatutasun-politika eta cookieak&#8221; atalean, eskuragarri dagoen formularioa erabiliz, Datuak Babesteko arduradunari zuzenduta:<\/span><\/p>\n<p><span style=\"font-weight: 400;\">DPO@bancaetica.com. Zure datu pertsonalen tratamendua urratzeagatik kexu bazara (adibidez, zure datu pertsonalak posta-zerrendetan edo bankuaren webgunean bidegabe sartzeagatik), kexa formala aurkez dezakezu Erreklamazioen Bulegoan \u2013 Aholkularitza Juridikoko Zerbitzua \u2013 Via N. Tommaseo, 7 \u2013 35131 Padua \u2013 reclami@bancaetica. Kontuan izan 15. artikuluaren eta hurrengoen arabera zure eskaerari erantzuteko epea hilabete batekoa (1) dela, eta bi (2) hilabetez luza daitekeela konplexutasun handiko kasuetan; kasu horietan, Bankuak gutxienez behin-behineko jakinarazpena emango dizu (1) hilabeteko epean, zure eskaera kontuan hartu dela jakinaraziz. Zure datuen tratamenduaren arduradunak DBEO urratu duela uste baduzu, erreklamazioa aurkez dezakezu kontrol-agintaritzan.<\/span><\/p>\n<\/p>\n                    <\/div>\n                <\/div>\n            <\/div>\n            <div class=\"wrapper-checkbox\">\n                <div class=\"checkbox-wrapper \">\n                    <input type=\"checkbox\" name=\"privacyCheck\" id=\"privacyCheck\" \/>\n                    <label for=\"privacyCheck\" class=\"checkbox\"> Adierazten dut pribatutasun-politika ulertu dudala*                                            <\/label>\n                <\/div>\n                <p>(*) Izartxoz markatutako eremuak derrigorrezkoak dira.<\/p>\n            <\/div>\n            \n            <div class=\"wrapper large\">\n                <div class=\"h-captcha-wrapper\">\n                    \t\t<input\n\t\t\t\ttype=\"hidden\"\n\t\t\t\tclass=\"hcaptcha-widget-id\"\n\t\t\t\tname=\"hcaptcha-widget-id\"\n\t\t\t\tvalue=\"eyJzb3VyY2UiOltdLCJmb3JtX2lkIjowfQ==-6fbed7a4c22e180d76094d6b2203e7e0\">\n\t\t\t\t<h-captcha\n\t\t\tclass=\"h-captcha\"\n\t\t\tdata-sitekey=\"756f2bfc-793f-4782-81b8-376fbff03ec7\"\n\t\t\tdata-theme=\"light\"\n\t\t\tdata-size=\"normal\"\n\t\t\tdata-auto=\"true\"\n\t\t\tdata-ajax=\"false\"\n\t\t\tdata-force=\"false\">\n\t\t<\/h-captcha>\n\t\t<input type=\"hidden\" id=\"hcaptcha_nonce\" name=\"hcaptcha_nonce\" value=\"1c96a8cfc7\" \/><input type=\"hidden\" name=\"_wp_http_referer\" value=\"\/eu\/wp-json\/wp\/v2\/pages\/317924\" \/>                <\/div>\n            <\/div>\n\n            <div class=\"submit-loading wrapper large\">\n                <div class=\"loader la-ball-beat la-dark\"><div><\/div><div><\/div><div><\/div><\/div>\n                <button class=\"submit-form-fiare\" type=\"submit\" disabled>Gorde eta jarraitu<\/button>\n\n                <div class=\"error-ajax\">\n                    <p class=\"ajax-message-error\"> Ene, zerbait gaizki atera da <\/p>\n                <\/div>\n\n            <\/div>\n        <\/form> <!-- end <form> -->\n    <\/div> <!-- end .form -->\n<\/div>        <\/div>\n    <\/div>\n<\/div>\n    \n    <div class=\"wp-block-bancaetica-blocks-blocks-block-48 \" style=\"background-color: #F2F2F2\">\n        <div class=\"inner-container\">\n            <div class=\"column text-container\">\n                <h2 class=\"col-title\" style=\"color: #262626\"> Gehiago jakin nahi duzu? <\/h2>\n                                    <p class=\"col-content\" style=\"color: #262626\"> Maiz egiten diren galderak <\/p> <a href=\"\/eu\/faq\/\" class=\"\" ><i class=\"icon-arrow-right\" style=\"color: #262626\"><\/i><\/a>\n                            <\/div>\n            <div class=\"column image-container\">\n                                    <div class=\"wrapper-image\" style=\"background-image: url(https:\/\/www.fiarebancaetica.coop\/app\/uploads\/sites\/2\/2024\/01\/Illustrations-1.png);\">\n                    <\/div>\n                            <\/div>\n        <\/div>\n    <\/div>\n    \n    <div class=\"wp-block-bancaetica-blocks-blocks-block-48 \" style=\"background-color: #F2F2F2\">\n        <div class=\"inner-container\">\n            <div class=\"column text-container\">\n                <h2 class=\"col-title\" style=\"color: #262626\"> Gure printzipioak <\/h2>\n                                    <p class=\"col-content\" style=\"color: #262626\"> Guk finantza-merkatuaren arauak aldatu nahi ditugu, gardentasunaren eta gizarte-erantzukizunaren bidez <\/p> <a href=\"https:\/\/www.fiarebancaetica.coop\/eu\/printzipioak\/\" class=\"\" ><i class=\"icon-arrow-right\" style=\"color: #262626\"><\/i><\/a>\n                            <\/div>\n            <div class=\"column image-container\">\n                            <\/div>\n        <\/div>\n    <\/div>\n<\/div>","protected":false},"excerpt":{"rendered":"","protected":false},"author":6693,"featured_media":0,"parent":317584,"menu_order":0,"comment_status":"closed","ping_status":"closed","template":"","meta":{"_acf_changed":false,"footnotes":""},"coauthors":[10743],"class_list":["post-317924","page","type-page","status-publish","hentry","crispybacon-hidden-page-title"],"acf":[],"yoast_head":"<!-- This site is optimized with the Yoast SEO plugin v26.9 - https:\/\/yoast.com\/product\/yoast-seo-wordpress\/ -->\n<title>Lankidetza-hitzarmenak - Fiare Banca Etica<\/title>\n<meta name=\"robots\" content=\"index, follow, max-snippet:-1, max-image-preview:large, max-video-preview:-1\" \/>\n<link rel=\"canonical\" href=\"https:\/\/www.fiarebancaetica.coop\/eu\/enpresak-antolakundeak\/lankidetza-hitzarmenak\/\" \/>\n<meta property=\"og:locale\" content=\"eu_ES\" \/>\n<meta property=\"og:type\" content=\"article\" \/>\n<meta property=\"og:title\" content=\"Lankidetza-hitzarmenak - Fiare Banca Etica\" \/>\n<meta property=\"og:url\" content=\"https:\/\/www.fiarebancaetica.coop\/eu\/enpresak-antolakundeak\/lankidetza-hitzarmenak\/\" \/>\n<meta property=\"og:site_name\" content=\"Fiare Banca Etica\" \/>\n<meta property=\"article:modified_time\" content=\"2025-02-05T11:47:30+00:00\" \/>\n<meta name=\"twitter:card\" content=\"summary_large_image\" \/>\n<script type=\"application\/ld+json\" class=\"yoast-schema-graph\">{\"@context\":\"https:\/\/schema.org\",\"@graph\":[{\"@type\":\"WebPage\",\"@id\":\"https:\/\/www.fiarebancaetica.coop\/eu\/enpresak-antolakundeak\/lankidetza-hitzarmenak\/\",\"url\":\"https:\/\/www.fiarebancaetica.coop\/eu\/enpresak-antolakundeak\/lankidetza-hitzarmenak\/\",\"name\":\"Lankidetza-hitzarmenak - Fiare Banca Etica\",\"isPartOf\":{\"@id\":\"https:\/\/www.fiarebancaetica.coop\/eu\/#website\"},\"datePublished\":\"2023-12-05T11:27:53+00:00\",\"dateModified\":\"2025-02-05T11:47:30+00:00\",\"breadcrumb\":{\"@id\":\"https:\/\/www.fiarebancaetica.coop\/eu\/enpresak-antolakundeak\/lankidetza-hitzarmenak\/#breadcrumb\"},\"inLanguage\":\"eu\",\"potentialAction\":[{\"@type\":\"ReadAction\",\"target\":[\"https:\/\/www.fiarebancaetica.coop\/eu\/enpresak-antolakundeak\/lankidetza-hitzarmenak\/\"]}]},{\"@type\":\"BreadcrumbList\",\"@id\":\"https:\/\/www.fiarebancaetica.coop\/eu\/enpresak-antolakundeak\/lankidetza-hitzarmenak\/#breadcrumb\",\"itemListElement\":[{\"@type\":\"ListItem\",\"position\":1,\"name\":\"Home\",\"item\":\"https:\/\/www.fiarebancaetica.coop\/eu\/\"},{\"@type\":\"ListItem\",\"position\":2,\"name\":\"Enpresak eta antolakundeak\",\"item\":\"https:\/\/www.fiarebancaetica.coop\/eu\/enpresak-antolakundeak\/\"},{\"@type\":\"ListItem\",\"position\":3,\"name\":\"Lankidetza-hitzarmenak\"}]},{\"@type\":\"WebSite\",\"@id\":\"https:\/\/www.fiarebancaetica.coop\/eu\/#website\",\"url\":\"https:\/\/www.fiarebancaetica.coop\/eu\/\",\"name\":\"Fiare Banca Etica\",\"description\":\"\",\"potentialAction\":[{\"@type\":\"SearchAction\",\"target\":{\"@type\":\"EntryPoint\",\"urlTemplate\":\"https:\/\/www.fiarebancaetica.coop\/eu\/?s={search_term_string}\"},\"query-input\":{\"@type\":\"PropertyValueSpecification\",\"valueRequired\":true,\"valueName\":\"search_term_string\"}}],\"inLanguage\":\"eu\"}]}<\/script>\n<!-- \/ Yoast SEO plugin. -->","yoast_head_json":{"title":"Lankidetza-hitzarmenak - Fiare Banca Etica","robots":{"index":"index","follow":"follow","max-snippet":"max-snippet:-1","max-image-preview":"max-image-preview:large","max-video-preview":"max-video-preview:-1"},"canonical":"https:\/\/www.fiarebancaetica.coop\/eu\/enpresak-antolakundeak\/lankidetza-hitzarmenak\/","og_locale":"eu_ES","og_type":"article","og_title":"Lankidetza-hitzarmenak - Fiare Banca Etica","og_url":"https:\/\/www.fiarebancaetica.coop\/eu\/enpresak-antolakundeak\/lankidetza-hitzarmenak\/","og_site_name":"Fiare Banca Etica","article_modified_time":"2025-02-05T11:47:30+00:00","twitter_card":"summary_large_image","schema":{"@context":"https:\/\/schema.org","@graph":[{"@type":"WebPage","@id":"https:\/\/www.fiarebancaetica.coop\/eu\/enpresak-antolakundeak\/lankidetza-hitzarmenak\/","url":"https:\/\/www.fiarebancaetica.coop\/eu\/enpresak-antolakundeak\/lankidetza-hitzarmenak\/","name":"Lankidetza-hitzarmenak - Fiare Banca Etica","isPartOf":{"@id":"https:\/\/www.fiarebancaetica.coop\/eu\/#website"},"datePublished":"2023-12-05T11:27:53+00:00","dateModified":"2025-02-05T11:47:30+00:00","breadcrumb":{"@id":"https:\/\/www.fiarebancaetica.coop\/eu\/enpresak-antolakundeak\/lankidetza-hitzarmenak\/#breadcrumb"},"inLanguage":"eu","potentialAction":[{"@type":"ReadAction","target":["https:\/\/www.fiarebancaetica.coop\/eu\/enpresak-antolakundeak\/lankidetza-hitzarmenak\/"]}]},{"@type":"BreadcrumbList","@id":"https:\/\/www.fiarebancaetica.coop\/eu\/enpresak-antolakundeak\/lankidetza-hitzarmenak\/#breadcrumb","itemListElement":[{"@type":"ListItem","position":1,"name":"Home","item":"https:\/\/www.fiarebancaetica.coop\/eu\/"},{"@type":"ListItem","position":2,"name":"Enpresak eta antolakundeak","item":"https:\/\/www.fiarebancaetica.coop\/eu\/enpresak-antolakundeak\/"},{"@type":"ListItem","position":3,"name":"Lankidetza-hitzarmenak"}]},{"@type":"WebSite","@id":"https:\/\/www.fiarebancaetica.coop\/eu\/#website","url":"https:\/\/www.fiarebancaetica.coop\/eu\/","name":"Fiare Banca Etica","description":"","potentialAction":[{"@type":"SearchAction","target":{"@type":"EntryPoint","urlTemplate":"https:\/\/www.fiarebancaetica.coop\/eu\/?s={search_term_string}"},"query-input":{"@type":"PropertyValueSpecification","valueRequired":true,"valueName":"search_term_string"}}],"inLanguage":"eu"}]}},"_links":{"self":[{"href":"https:\/\/www.fiarebancaetica.coop\/eu\/wp-json\/wp\/v2\/pages\/317924","targetHints":{"allow":["GET"]}}],"collection":[{"href":"https:\/\/www.fiarebancaetica.coop\/eu\/wp-json\/wp\/v2\/pages"}],"about":[{"href":"https:\/\/www.fiarebancaetica.coop\/eu\/wp-json\/wp\/v2\/types\/page"}],"author":[{"embeddable":true,"href":"https:\/\/www.fiarebancaetica.coop\/eu\/wp-json\/wp\/v2\/users\/6693"}],"replies":[{"embeddable":true,"href":"https:\/\/www.fiarebancaetica.coop\/eu\/wp-json\/wp\/v2\/comments?post=317924"}],"version-history":[{"count":15,"href":"https:\/\/www.fiarebancaetica.coop\/eu\/wp-json\/wp\/v2\/pages\/317924\/revisions"}],"predecessor-version":[{"id":382945,"href":"https:\/\/www.fiarebancaetica.coop\/eu\/wp-json\/wp\/v2\/pages\/317924\/revisions\/382945"}],"up":[{"embeddable":true,"href":"https:\/\/www.fiarebancaetica.coop\/eu\/wp-json\/wp\/v2\/pages\/317584"}],"wp:attachment":[{"href":"https:\/\/www.fiarebancaetica.coop\/eu\/wp-json\/wp\/v2\/media?parent=317924"}],"wp:term":[{"taxonomy":"author","embeddable":true,"href":"https:\/\/www.fiarebancaetica.coop\/eu\/wp-json\/wp\/v2\/coauthors?post=317924"}],"curies":[{"name":"wp","href":"https:\/\/api.w.org\/{rel}","templated":true}]}}