{"id":339436,"date":"2024-01-02T12:23:27","date_gmt":"2024-01-02T11:23:27","guid":{"rendered":"https:\/\/www.fiarebancaetica.coop\/?page_id=339436"},"modified":"2024-02-20T16:27:24","modified_gmt":"2024-02-20T15:27:24","slug":"cambia","status":"publish","type":"page","link":"https:\/\/www.fiarebancaetica.coop\/eu\/cambia\/","title":{"rendered":"Cambia"},"content":{"rendered":"\n<div class=\"wrapper-crispybacon-class wrapper-crispybacon-class-medium \">\n    \n\n<h1 class=\"is-style-lyon wp-block-heading\"><span class=\"has-inline-color has-blue-color\">Cambia<\/span><br>\u00bfQuieres cambiar las cosas? Cambia de banco.<\/h1>\n\n\n\n<div class=\"wp-block-columns is-layout-flex wp-container-core-columns-is-layout-9d6595d7 wp-block-columns-is-layout-flex\">\n<div class=\"wp-block-column is-layout-flow wp-block-column-is-layout-flow\">\n<p>Las familias espa\u00f1olas, ahorraron en el 2020 un total de 108.844 millones de euros, pero nadie sabe c\u00f3mo lo utiliza el sistema bancario.<\/p>\n\n\n\n<p>Sin embargo, sabemos que el sistema bancario ha facilitado m\u00e1s de 9.000 millones de euros, en transacciones relacionadas con el mercado de armas.<\/p>\n\n\n\n<p>Y sabemos que entre 2016 y 2019, los grupos financieros internacionales invirtieron 2,7 billones de d\u00f3lares para financiar la producci\u00f3n de energ\u00eda a partir de fuentes f\u00f3siles.<\/p>\n<\/div>\n\n\n\n<div class=\"wp-block-column is-layout-flow wp-block-column-is-layout-flow\">\n<figure class=\"wp-block-image size-large is-resized\"><img loading=\"lazy\" decoding=\"async\" src=\"https:\/\/www.fiarebancaetica.coop\/app\/uploads\/sites\/2\/2024\/01\/VISUALhuchas2-1024x943.jpg\" alt=\"\" class=\"wp-image-339386\" width=\"316\" height=\"291\" srcset=\"https:\/\/www.fiarebancaetica.coop\/app\/uploads\/sites\/2\/2024\/01\/VISUALhuchas2-1024x943.jpg 1024w, https:\/\/www.fiarebancaetica.coop\/app\/uploads\/sites\/2\/2024\/01\/VISUALhuchas2-300x276.jpg 300w, https:\/\/www.fiarebancaetica.coop\/app\/uploads\/sites\/2\/2024\/01\/VISUALhuchas2-768x707.jpg 768w, https:\/\/www.fiarebancaetica.coop\/app\/uploads\/sites\/2\/2024\/01\/VISUALhuchas2-1536x1415.jpg 1536w, https:\/\/www.fiarebancaetica.coop\/app\/uploads\/sites\/2\/2024\/01\/VISUALhuchas2-2048x1886.jpg 2048w\" sizes=\"auto, (max-width: 316px) 100vw, 316px\" \/><\/figure>\n<\/div>\n<\/div>\n\n\n\n<p>En Fiare Banca Etica estamos <strong>comprometidos con la protecci\u00f3n de tus ahorro<\/strong>s, incluso del riesgo de que se utilicen para apoyar actividades perjudiciales para las personas y el medio ambiente. <strong>\u00bfC\u00f3mo?<\/strong> <strong>Publicando todos los pr\u00e9stamos otorgados y excluyendo<\/strong>, a priori, la posibilidad de financiar <strong>proyectos de empresas u organizaciones que puedan tener impactos negativos en las comunidades.<\/strong><\/p>\n\n\n\n<p>Esto para nosotros\/as es buscar el mayor inter\u00e9s: el colectivo, y el tuyo tambi\u00e9n.<\/p>\n\n\n<\/div>\n\n\n<div class=\"wrapper-crispybacon-class wrapper-crispybacon-class-large \">\n    \n\n        <div class=\"wp-block-bancaetica-blocks-blocks-block-02 \" style=\"background-color: ;\">\n            <div class=\"container-block\">\n                <h3 class=\"section-content\" style=\"text-align: ;\">\n                    \u00a1Da el paso!                <\/h3>\n                <p class=\"section-paragraph\" style=\"text-align: ;\">\n                    Abre una cuenta en Fiare Banca Etica                <\/p>\n                                <div class=\"cta  with-margin\" style=\"background-color: ; border: none;\">\n                    <a href=\"https:\/\/www.fiarebancaetica.coop\/products\/cuenta-etica-socio\/\" target=\"_blank\" rel=\"noreferrer noopener\">CUENTA \u00c9TICA SOCIO\/A<\/a>                <\/div>\n                            <\/div>\n        <\/div>\n\n        \n\n<\/div>\n\n\n<div class=\"wrapper-crispybacon-class wrapper-crispybacon-class-medium \">\n    \n\n<h3 class=\"has-text-align-center is-style-lyon wp-block-heading\">\u00bfHacemos finanzas por un mundo mejor?<br>Juntos\/as es posible.&nbsp;<\/h3>\n\n\n\n<p class=\"has-text-align-center\">Somos un banco cooperativo, libre e independiente.<br>Que trabaja por el mayor inter\u00e9s: el colectivo. Y el tuyo tambi\u00e9n.<\/p>\n\n\n\n<div class=\"wp-block-columns is-layout-flex wp-container-core-columns-is-layout-9d6595d7 wp-block-columns-is-layout-flex\">\n<div class=\"wp-block-column is-layout-flow wp-block-column-is-layout-flow\">\n<h4 class=\"has-text-align-center is-style-lyon wp-block-heading\"><span class=\"has-inline-color has-blue-color\">350.000<\/span><\/h4>\n\n\n\n<p class=\"has-text-align-center\">son las personas, empresas y organizaciones que en Italia y Espa\u00f1a ya han elegido los productos y servicios del Grupo Banca Etica, orientando sus ahorros hacia un sistema financiero que excluye de sus actividades el comercio de armas, los para\u00edsos fiscales, la especulaci\u00f3n financiera y la devastaci\u00f3n ambiental.<\/p>\n<\/div>\n\n\n\n<div class=\"wp-block-column is-layout-flow wp-block-column-is-layout-flow\">\n<h4 class=\"has-text-align-center is-style-lyon wp-block-heading\"><span class=\"has-inline-color has-blue-color\">7 mil millones de euros<\/span><\/h4>\n\n\n\n<p class=\"has-text-align-center\">este es el dinero confiado al Grupo Banca Etica: 1.700 millones depositados en Banca Etica y 5.300 millones invertidos en los fondos \u00e9ticos de Etica SGR.<br>Recursos totalmente orientados a iniciativas econ\u00f3micas con impactos positivos y medibles en las comunidades y el medio ambiente.<\/p>\n<\/div>\n<\/div>\n\n\n\n<div style=\"height:22px\" aria-hidden=\"true\" class=\"wp-block-spacer\"><\/div>\n\n\n\n<h3 class=\"has-text-align-center is-style-lyon wp-block-heading\">Hacemos banca de una forma diferente<\/h3>\n\n\n\n<div class=\"wp-block-columns is-layout-flex wp-container-core-columns-is-layout-9d6595d7 wp-block-columns-is-layout-flex\">\n<div class=\"wp-block-column is-layout-flow wp-block-column-is-layout-flow\">\n<ul class=\"wp-block-list\"><li><strong>Transparente<\/strong><br>Somos uno de los pocos bancos que te permite&nbsp;<a href=\"https:\/\/www.fiarebancaetica.coop\/conmidinero\">verificar c\u00f3mo se utilizan los ahorros de nuestras entidades clientes.<\/a><\/li><li><strong>Responsable<\/strong><br>Cada euro que utiliza un banco para financiarse produce impactos sociales y ambientales. Medimos los nuestros y los hacemos p\u00fablicos en el&nbsp;<a href=\"https:\/\/www.fiarebancaetica.coop\/informe-impacto-2020\/\"><strong>Informe de Impacto<\/strong><\/a>.<\/li><li><strong>Eficiente<\/strong><br>Hacer Finanzas \u00c9ticas significa trabajar para ofrecer soluciones accesibles y concretas a las necesidades financieras de personas y empresas,&nbsp;<a href=\"https:\/\/balancesocial.fiarebancaetica.coop\/balance-social-2020\/\">respetando a toda nuestra comunidad.<\/a><\/li><li><strong>Abierta<\/strong><br>Compartimos nuestro conocimiento y nuestra profesionalidad para impulsar cursos y debates sobre educaci\u00f3n financiera cr\u00edtica. Porque una comunidad consciente es una comunidad libre.<\/li><\/ul>\n<\/div>\n\n\n\n<div class=\"wp-block-column is-layout-flow wp-block-column-is-layout-flow\">\n<ul class=\"wp-block-list\"><li><strong>Sobria<\/strong><br>Nuestro objetivo no es distribuir dividendos a los accionistas, sino generar valor a reinvertir para desarrollar nuestro proyecto de finanzas \u00e9ticas.<\/li><li><strong>Participativa<\/strong><br>Facilitamos la participaci\u00f3n de m\u00e1s de 45.000 personas socias a trav\u00e9s de&nbsp;<a href=\"https:\/\/fiarebancaetica.coop\/git\/\">90 grupos de voluntarios\/as que en Espa\u00f1a<\/a>&nbsp;e Italia alimentan el debate sobre las estrategias a emprender y promueven la cultura del uso responsable del dinero.<\/li><li><strong>Inclusiva<\/strong><br>Las personas y organizaciones socias de Banca Etica proceden de muchos lugares y culturas: la diversidad es una riqueza que nos ha caracterizado desde nuestros socios fundadores, es un valor que nos comprometemos a cultivar cada d\u00eda.<\/li><li><strong>Innovadora<\/strong><br>Del microcr\u00e9dito al crowdfunding, del seguro \u00e9tico a la mutualidad pasando por el uso de tecnolog\u00edas digitales aplicadas a pagos, participaci\u00f3n, cr\u00e9dito: siempre estamos buscando nuevas soluciones a las necesidades de nuestra comunidad.<\/li><\/ul>\n<\/div>\n<\/div>\n\n\n\n<h3 class=\"has-text-align-center is-style-lyon wp-block-heading\">Ok. \u00bfPero funciona?<\/h3>\n\n\n\n<div class=\"wp-block-columns is-layout-flex wp-container-core-columns-is-layout-9d6595d7 wp-block-columns-is-layout-flex\">\n<div class=\"wp-block-column is-layout-flow wp-block-column-is-layout-flow\">\n<p>Hemos estado creciendo de manera constante durante m\u00e1s de 20 a\u00f1os, mientras que en Italia y Espa\u00f1a el n\u00famero de bancos ha disminuido en m\u00e1s del 50%.<\/p>\n\n\n\n<p>Tenemos ratios de solidez en l\u00ednea con bancos de nuestro tama\u00f1o (Cet1 y ratio de capital total en 13,83% y 16,31%) y una tasa de impago 3 veces inferior a la media del sistema bancario italiano.<\/p>\n<\/div>\n\n\n\n<div class=\"wp-block-column is-layout-flow wp-block-column-is-layout-flow\">\n<figure class=\"wp-block-image size-large is-resized\"><img loading=\"lazy\" decoding=\"async\" src=\"https:\/\/www.fiarebancaetica.coop\/app\/uploads\/sites\/2\/2024\/01\/VISUALnubes-1024x868.jpg\" alt=\"\" class=\"wp-image-339405\" width=\"334\" height=\"282\" \/><\/figure>\n<\/div>\n<\/div>\n\n\n\n<h3 class=\"has-text-align-center is-style-lyon wp-block-heading\">Entra en Banca Etica y cambiamos las cosas, juntas.<\/h3>\n\n\n\n<p class=\"has-text-align-center\">\u00bfQuieres tambi\u00e9n orientar tus recursos hacia proyectos de cooperaci\u00f3n social o internacional, protecci\u00f3n del medio ambiente, justicia social, legalidad, cultura?<\/p>\n\n\n\n<div class=\"wp-block-columns is-layout-flex wp-container-core-columns-is-layout-9d6595d7 wp-block-columns-is-layout-flex\">\n<div class=\"wp-block-column is-layout-flow wp-block-column-is-layout-flow\" style=\"flex-basis:50%\">\n<p class=\"has-text-align-center\">Para ti y\/o familia, abre una cuenta en l\u00ednea o<br>pide consejo a uno de nuestros especialistas.<\/p>\n\n\n\n<div class=\"wp-block-buttons is-content-justification-center is-layout-flex wp-block-buttons-is-layout-flex\">\n<div class=\"wp-block-button\"><a class=\"wp-block-button__link has-blue-background-color has-background\" href=\"https:\/\/www.fiarebancaetica.coop\/products\/cuenta-etica-socio\/\" target=\"_blank\" rel=\"noreferrer noopener\">ABRE UNA CUENTA<\/a><\/div>\n<\/div>\n<\/div>\n\n\n\n<div class=\"wp-block-column is-layout-flow wp-block-column-is-layout-flow\" style=\"flex-basis:50%\">\n<p class=\"has-text-align-center\">Para tu organizaci\u00f3n o negocio, programa una cita con una de nuestras delegaciones o nuestro equipo comercial.<\/p>\n\n\n\n<div class=\"wp-block-buttons is-content-justification-center is-layout-flex wp-block-buttons-is-layout-flex\">\n<div class=\"wp-block-button is-style-fill\"><a class=\"wp-block-button__link has-blue-background-color has-background\" href=\"https:\/\/www.fiarebancaetica.coop\/contacto\" target=\"_blank\" rel=\"noreferrer noopener\">CONTACTO<\/a><\/div>\n<\/div>\n<\/div>\n<\/div>\n\n\n<\/div>","protected":false},"excerpt":{"rendered":"","protected":false},"author":6693,"featured_media":0,"parent":0,"menu_order":0,"comment_status":"closed","ping_status":"closed","template":"","meta":{"_acf_changed":false,"footnotes":""},"coauthors":[10743],"class_list":["post-339436","page","type-page","status-publish","hentry","crispybacon-hidden-page-title"],"acf":[],"yoast_head":"<!-- This site is optimized with the Yoast SEO plugin v26.9 - https:\/\/yoast.com\/product\/yoast-seo-wordpress\/ -->\n<title>Cambia - Fiare Banca Etica<\/title>\n<meta name=\"robots\" content=\"index, follow, max-snippet:-1, max-image-preview:large, max-video-preview:-1\" \/>\n<link rel=\"canonical\" href=\"https:\/\/www.fiarebancaetica.coop\/eu\/cambia\/\" \/>\n<meta property=\"og:locale\" content=\"eu_ES\" \/>\n<meta property=\"og:type\" content=\"article\" \/>\n<meta property=\"og:title\" content=\"Cambia - Fiare Banca Etica\" \/>\n<meta property=\"og:url\" content=\"https:\/\/www.fiarebancaetica.coop\/eu\/cambia\/\" \/>\n<meta property=\"og:site_name\" content=\"Fiare Banca Etica\" \/>\n<meta property=\"article:modified_time\" content=\"2024-02-20T15:27:24+00:00\" \/>\n<meta property=\"og:image\" content=\"https:\/\/www.fiarebancaetica.coop\/app\/uploads\/sites\/2\/2024\/01\/VISUALhuchas2-1024x943.jpg\" \/>\n<meta name=\"twitter:card\" content=\"summary_large_image\" \/>\n<script type=\"application\/ld+json\" class=\"yoast-schema-graph\">{\"@context\":\"https:\/\/schema.org\",\"@graph\":[{\"@type\":\"WebPage\",\"@id\":\"https:\/\/www.fiarebancaetica.coop\/eu\/cambia\/\",\"url\":\"https:\/\/www.fiarebancaetica.coop\/eu\/cambia\/\",\"name\":\"Cambia - Fiare Banca Etica\",\"isPartOf\":{\"@id\":\"https:\/\/www.fiarebancaetica.coop\/eu\/#website\"},\"primaryImageOfPage\":{\"@id\":\"https:\/\/www.fiarebancaetica.coop\/eu\/cambia\/#primaryimage\"},\"image\":{\"@id\":\"https:\/\/www.fiarebancaetica.coop\/eu\/cambia\/#primaryimage\"},\"thumbnailUrl\":\"https:\/\/www.fiarebancaetica.coop\/app\/uploads\/sites\/2\/2024\/01\/VISUALhuchas2-1024x943.jpg\",\"datePublished\":\"2024-01-02T11:23:27+00:00\",\"dateModified\":\"2024-02-20T15:27:24+00:00\",\"breadcrumb\":{\"@id\":\"https:\/\/www.fiarebancaetica.coop\/eu\/cambia\/#breadcrumb\"},\"inLanguage\":\"eu\",\"potentialAction\":[{\"@type\":\"ReadAction\",\"target\":[\"https:\/\/www.fiarebancaetica.coop\/eu\/cambia\/\"]}]},{\"@type\":\"ImageObject\",\"inLanguage\":\"eu\",\"@id\":\"https:\/\/www.fiarebancaetica.coop\/eu\/cambia\/#primaryimage\",\"url\":\"https:\/\/www.fiarebancaetica.coop\/app\/uploads\/sites\/2\/2024\/01\/VISUALhuchas2-1024x943.jpg\",\"contentUrl\":\"https:\/\/www.fiarebancaetica.coop\/app\/uploads\/sites\/2\/2024\/01\/VISUALhuchas2-1024x943.jpg\"},{\"@type\":\"BreadcrumbList\",\"@id\":\"https:\/\/www.fiarebancaetica.coop\/eu\/cambia\/#breadcrumb\",\"itemListElement\":[{\"@type\":\"ListItem\",\"position\":1,\"name\":\"Home\",\"item\":\"https:\/\/www.fiarebancaetica.coop\/eu\/\"},{\"@type\":\"ListItem\",\"position\":2,\"name\":\"Cambia\"}]},{\"@type\":\"WebSite\",\"@id\":\"https:\/\/www.fiarebancaetica.coop\/eu\/#website\",\"url\":\"https:\/\/www.fiarebancaetica.coop\/eu\/\",\"name\":\"Fiare Banca Etica\",\"description\":\"\",\"potentialAction\":[{\"@type\":\"SearchAction\",\"target\":{\"@type\":\"EntryPoint\",\"urlTemplate\":\"https:\/\/www.fiarebancaetica.coop\/eu\/?s={search_term_string}\"},\"query-input\":{\"@type\":\"PropertyValueSpecification\",\"valueRequired\":true,\"valueName\":\"search_term_string\"}}],\"inLanguage\":\"eu\"}]}<\/script>\n<!-- \/ Yoast SEO plugin. -->","yoast_head_json":{"title":"Cambia - Fiare Banca Etica","robots":{"index":"index","follow":"follow","max-snippet":"max-snippet:-1","max-image-preview":"max-image-preview:large","max-video-preview":"max-video-preview:-1"},"canonical":"https:\/\/www.fiarebancaetica.coop\/eu\/cambia\/","og_locale":"eu_ES","og_type":"article","og_title":"Cambia - Fiare Banca Etica","og_url":"https:\/\/www.fiarebancaetica.coop\/eu\/cambia\/","og_site_name":"Fiare Banca Etica","article_modified_time":"2024-02-20T15:27:24+00:00","og_image":[{"url":"https:\/\/www.fiarebancaetica.coop\/app\/uploads\/sites\/2\/2024\/01\/VISUALhuchas2-1024x943.jpg","type":"","width":"","height":""}],"twitter_card":"summary_large_image","schema":{"@context":"https:\/\/schema.org","@graph":[{"@type":"WebPage","@id":"https:\/\/www.fiarebancaetica.coop\/eu\/cambia\/","url":"https:\/\/www.fiarebancaetica.coop\/eu\/cambia\/","name":"Cambia - Fiare Banca Etica","isPartOf":{"@id":"https:\/\/www.fiarebancaetica.coop\/eu\/#website"},"primaryImageOfPage":{"@id":"https:\/\/www.fiarebancaetica.coop\/eu\/cambia\/#primaryimage"},"image":{"@id":"https:\/\/www.fiarebancaetica.coop\/eu\/cambia\/#primaryimage"},"thumbnailUrl":"https:\/\/www.fiarebancaetica.coop\/app\/uploads\/sites\/2\/2024\/01\/VISUALhuchas2-1024x943.jpg","datePublished":"2024-01-02T11:23:27+00:00","dateModified":"2024-02-20T15:27:24+00:00","breadcrumb":{"@id":"https:\/\/www.fiarebancaetica.coop\/eu\/cambia\/#breadcrumb"},"inLanguage":"eu","potentialAction":[{"@type":"ReadAction","target":["https:\/\/www.fiarebancaetica.coop\/eu\/cambia\/"]}]},{"@type":"ImageObject","inLanguage":"eu","@id":"https:\/\/www.fiarebancaetica.coop\/eu\/cambia\/#primaryimage","url":"https:\/\/www.fiarebancaetica.coop\/app\/uploads\/sites\/2\/2024\/01\/VISUALhuchas2-1024x943.jpg","contentUrl":"https:\/\/www.fiarebancaetica.coop\/app\/uploads\/sites\/2\/2024\/01\/VISUALhuchas2-1024x943.jpg"},{"@type":"BreadcrumbList","@id":"https:\/\/www.fiarebancaetica.coop\/eu\/cambia\/#breadcrumb","itemListElement":[{"@type":"ListItem","position":1,"name":"Home","item":"https:\/\/www.fiarebancaetica.coop\/eu\/"},{"@type":"ListItem","position":2,"name":"Cambia"}]},{"@type":"WebSite","@id":"https:\/\/www.fiarebancaetica.coop\/eu\/#website","url":"https:\/\/www.fiarebancaetica.coop\/eu\/","name":"Fiare Banca Etica","description":"","potentialAction":[{"@type":"SearchAction","target":{"@type":"EntryPoint","urlTemplate":"https:\/\/www.fiarebancaetica.coop\/eu\/?s={search_term_string}"},"query-input":{"@type":"PropertyValueSpecification","valueRequired":true,"valueName":"search_term_string"}}],"inLanguage":"eu"}]}},"_links":{"self":[{"href":"https:\/\/www.fiarebancaetica.coop\/eu\/wp-json\/wp\/v2\/pages\/339436","targetHints":{"allow":["GET"]}}],"collection":[{"href":"https:\/\/www.fiarebancaetica.coop\/eu\/wp-json\/wp\/v2\/pages"}],"about":[{"href":"https:\/\/www.fiarebancaetica.coop\/eu\/wp-json\/wp\/v2\/types\/page"}],"author":[{"embeddable":true,"href":"https:\/\/www.fiarebancaetica.coop\/eu\/wp-json\/wp\/v2\/users\/6693"}],"replies":[{"embeddable":true,"href":"https:\/\/www.fiarebancaetica.coop\/eu\/wp-json\/wp\/v2\/comments?post=339436"}],"version-history":[{"count":2,"href":"https:\/\/www.fiarebancaetica.coop\/eu\/wp-json\/wp\/v2\/pages\/339436\/revisions"}],"predecessor-version":[{"id":369824,"href":"https:\/\/www.fiarebancaetica.coop\/eu\/wp-json\/wp\/v2\/pages\/339436\/revisions\/369824"}],"wp:attachment":[{"href":"https:\/\/www.fiarebancaetica.coop\/eu\/wp-json\/wp\/v2\/media?parent=339436"}],"wp:term":[{"taxonomy":"author","embeddable":true,"href":"https:\/\/www.fiarebancaetica.coop\/eu\/wp-json\/wp\/v2\/coauthors?post=339436"}],"curies":[{"name":"wp","href":"https:\/\/api.w.org\/{rel}","templated":true}]}}