{"id":386549,"date":"2025-05-29T19:34:15","date_gmt":"2025-05-29T17:34:15","guid":{"rendered":"https:\/\/www.fiarebancaetica.coop\/?page_id=386549"},"modified":"2025-06-12T13:17:52","modified_gmt":"2025-06-12T11:17:52","slug":"practicas","status":"publish","type":"page","link":"https:\/\/www.fiarebancaetica.coop\/eu\/practicas\/","title":{"rendered":"Pr\u00e1cticas con Fiare"},"content":{"rendered":"\n<div class=\"wp-block-bancaetica-blocks-blocks-block-26 crispybacon-block-26 old-open-account\"><div class=\"crispybacon-block-26-col p-bottom\"><h1 class=\"crispybacon-block-26-title\">Pr\u00e1cticas con Fiare<\/h1><p class=\"crispybacon-block-26-description\">\u00bfEst\u00e1s finalizando tus estudios o quieres mejorar tus habilidades profesionales? Te ofrecemos pr\u00e1cticas en nuestras diferentes unidades de trabajo. Una experiencia \u00fanica, donde podr\u00e1s desarrollar tus conocimientos t\u00e9cnicos y experimentarlos al servicio de lo que llamamos la \u201cnueva econom\u00eda\u201d.<br><br><strong>Tipo\/Tipos de pr\u00e1cticas:<\/strong><br><br><strong>Curriculares:<\/strong> puedes hacerlas durante tus estudios universitarios.<br><strong>Extracurriculares:<\/strong> puedes hacerlas una vez terminados tus estudios universitarios siempre que no hayan pasado 3 a\u00f1os desde que hayas finalizado los mismos.<\/p><\/div><div id=\"ModalLoginForm\" class=\"modalApriConto fade\"><div class=\"modal-dialog\" role=\"document\"><div class=\"primary-form\"><div class=\"modal-content \"><span class=\"closeModal\">\u00d7<\/span><div class=\"modal-header\"><h1 class=\"modal-title\"> Apri il tuo conto adesso <\/h1><\/div><div class=\"modal-body\"><form role=\"form\" method=\"POST\" class=\"form-apri-conto\"><div class=\"form-group-input\"><div class=\"form-group\"><div><input type=\"text\" class=\"text-line\" name=\"text\" id=\"name\" value=\"\" required placeholder=\"Nome\"\/><\/div><\/div><div class=\"form-group\"><div><input type=\"text\" class=\"text-line\" id=\"surname\" name=\"surname\" required placeholder=\"Cognome\"\/><\/div><\/div><div class=\"form-group\"><div><input type=\"text\" class=\"text-line codFisc\" id=\"fiscalCode\" name=\"fiscalCode\" required placeholder=\"Codice fiscale\"\/><\/div><\/div><div class=\"form-group\"><div><input type=\"email\" class=\"text-line\" id=\"email\" name=\"email\" required placeholder=\"Email\"\/><\/div><\/div><div class=\"form-group\"><div><input type=\"text\" class=\"text-line\" name=\"tel\" id=\"tel\" required placeholder=\"Cellulare\"\/><\/div><\/div><\/div><div class=\"form-group-checkbox\"><div class=\"checkbox radio\"><label checked><input id=\"singleAccount\" type=\"checkbox\" name=\"remember\" class=\"radio\" checked\/>Desidero aprire un conto intestato a me<\/label><\/div><div class=\"checkbox radio\"><label><input id=\"multipleAccount\" type=\"checkbox\" name=\"remember\" class=\"radio\"\/>Desidero aprire un conto cointestato<\/label><\/div><div class=\"checkbox privacy-wrapper\"><div class=\"checkbox-row\"><label class=\"checkbox-privacy-26\"><input type=\"checkbox\" id=\"check checkdoc\" name=\"remember\" class=\"ckb_required first-privacy-input\" required\/><span><span class=\"d-flex\">Ho preso visione di tutta la documentazione informativa <\/span><div class=\"others-privacy\"><\/div><\/span><\/label><\/div><br\/><label class=\"checkbox-secondary-privacy-26\"><input type=\"checkbox\" id=\"check checkprivacy\" name=\"remember\" class=\"ckb_required second-privacy-input\" required\/><span>Ho letto l\u2019informativa sulla privacy, compreso e salvato il contenuto e condivido i valori di Banca Etica.<\/span><\/label><\/div><\/div><div class=\"button-save-continue wrapper\"><div class=\"loader la-ball-beat la-dark\"><div><\/div><div><\/div><div><\/div><\/div><button class=\"btn-save-continue\">Salva e continua<\/button><\/div><input type=\"hidden\" value=\"1\" name=\"nrHolders\" id=\"nrHolders\"\/><input type=\"hidden\" value=\"C1501\" name=\"productCode\" id=\"productCode\"\/><input type=\"hidden\" id=\"general-error\" value=\"Qualcosa \u00e8 andato storto, riprova pi\u00f9 tardi\"\/><input type=\"hidden\" id=\"convention-error\" value=\"Codice di convenzione errato, prego riprovare\"\/><input type=\"hidden\" id=\"phone-error\" value=\"Per favore, inserisci un numero di telefono valido\"\/><input type=\"hidden\" id=\"fiscal-error\" value=\"Per favore, inserisci un codice fiscale valido\"\/><\/form><\/div><\/div><\/div><div class=\"success-form\" style=\"display:none\"><div class=\"success-modal-header\"><span class=\"success-form-close\">\u00d7<\/span><\/div><div class=\"modal-body-success\"><h2 class=\"success-form-title\">Grazie!<\/h2><p class=\"success-form-content\">Abbiamo ricevuto i tuoi dati, ti contatteremo al pi\u00f9 presto <\/p><\/div><\/div><\/div><\/div><div class=\"crispybacon-block-26-col  crispybacon-block-26-col-background\"><h2 class=\"crispybacon-block-26-title-right\">Caracter\u00edsticas principales<\/h2>\n<div class=\"wp-block-bancaetica-blocks-blocks-block-29 crispybacon-block-29\"><p class=\"crispybacon-block-29-title\">Conocer\u00e1s el mercado bancario desde una perspectiva de finanzas \u00e9ticas<\/p><\/div>\n\n\n\n<div class=\"wp-block-bancaetica-blocks-blocks-block-29 crispybacon-block-29\"><p class=\"crispybacon-block-29-title\">Formar\u00e1s parte de un grupo de personas profesionales y comprometidas con su trabajo\u00a0<\/p><\/div>\n\n\n\n<div class=\"wp-block-bancaetica-blocks-blocks-block-29 crispybacon-block-29\"><p class=\"crispybacon-block-29-title\">Conocer\u00e1s el mundo de la econom\u00eda solidaria y sostenible<\/p><\/div>\n\n\n\n<div class=\"wp-block-bancaetica-blocks-blocks-block-29 crispybacon-block-29\"><p class=\"crispybacon-block-29-title\">Desarrollar\u00e1s habilidades t\u00e9cnicas espec\u00edficas que enriquecer\u00e1n tu capacitaci\u00f3n profesional<\/p><\/div>\n<\/div><\/div>\n\n<h2 class=\"wp-block-heading has-text-align-center is-style-lyon\">Descubre todas las oportunidades<\/h2>\n\n<div class=\"wrapper-crispybacon-class wrapper-crispybacon-class-large \">\n    \n\n<script src=\"https:\/\/zinrec.intervieweb.it\/integration\/announces_js.php?&#038;h=&#038;w=800&#038;lang=es&#038;utype=0&#038;k=d11b82fc8c9516f0333a7dd7ad0df2e5&#038;LAC=bancapopolareetica&#038;d=fiarebancaetica.coop&#038;annType=published&#038;view=list&#038;defgroup=name&#038;gnavenable=1&#038;desc=1&#038;typeView=large&#038;CodP=2&#038;separateP=\" defer=\"defer\" type=\"text\/javascript\"><\/script>\n\n<div id=\"inrecruiting_announces\"><\/div>\n\n\n\n<\/div>\n<div style=\"height:100px\" aria-hidden=\"true\" class=\"wp-block-spacer\"><\/div>\n\n<div class=\"wrapper-crispybacon-class wrapper-crispybacon-class-large \">\n    \n\n<p class=\"has-text-align-center\">Para m\u00e1s informaci\u00f3n puedes escribir a <a href=\"mailto:recursoshumanos@fiarebancaetica.coop\">recursoshumanos@fiarebancaetica.coop<\/a><\/p>\n\n\n\n<p class=\"has-text-align-center\">Sigue Fiare Banca Etica tambi\u00e9n en <a href=\"https:\/\/www.linkedin.com\/company\/fiarebancaetica\/\">LinkedIn<\/a><\/p>\n\n\n<\/div>\n        <div class=\"wp-block-bancaetica-blocks-blocks-block-02 \" style=\"background-color: #FFFFFF;\">\n            <div class=\"container-block\">\n                <h3 class=\"section-content\" style=\"text-align: ;\">\n                    \u00a0\u00bfHas creado ya tu perfil?                <\/h3>\n                <p class=\"section-paragraph\" style=\"text-align: ;\">\n                                    <\/p>\n                                <div class=\"cta btn-bg-blue with-margin\" style=\"background-color: #003087; border: none;\">\n                    <a href=\"https:\/\/zinrec.intervieweb.it\/guest.php?LAC=bancapopolareetica&amp;lang=es\" target=\"_blank\" rel=\"noreferrer noopener\">ACTUALIZA TUS DATOS<\/a>                <\/div>\n                            <\/div>\n        <\/div>\n\n        ","protected":false},"excerpt":{"rendered":"<p>Descubre todas las oportunidades<\/p>\n","protected":false},"author":14,"featured_media":0,"parent":0,"menu_order":0,"comment_status":"closed","ping_status":"closed","template":"","meta":{"_acf_changed":false,"footnotes":""},"coauthors":[2879],"class_list":["post-386549","page","type-page","status-publish","hentry","crispybacon-hidden-page-title"],"acf":[],"yoast_head":"<!-- This site is optimized with the Yoast SEO plugin v26.9 - https:\/\/yoast.com\/product\/yoast-seo-wordpress\/ -->\n<title>Pr\u00e1cticas con Fiare - Fiare Banca Etica<\/title>\n<meta name=\"description\" content=\"Una experiencia \u00fanica para completar tu formaci\u00f3n acad\u00e9mica o para enriquecer tus competencias profesionales. Descubre las oportunidades.\" \/>\n<meta name=\"robots\" content=\"index, follow, max-snippet:-1, max-image-preview:large, max-video-preview:-1\" \/>\n<link rel=\"canonical\" href=\"https:\/\/www.fiarebancaetica.coop\/eu\/practicas\/\" \/>\n<meta property=\"og:locale\" content=\"eu_ES\" \/>\n<meta property=\"og:type\" content=\"article\" \/>\n<meta property=\"og:title\" content=\"Pr\u00e1cticas con Fiare - Fiare Banca Etica\" \/>\n<meta property=\"og:description\" content=\"Una experiencia \u00fanica para completar tu formaci\u00f3n acad\u00e9mica o para enriquecer tus competencias profesionales. Descubre las oportunidades.\" \/>\n<meta property=\"og:url\" content=\"https:\/\/www.fiarebancaetica.coop\/eu\/practicas\/\" \/>\n<meta property=\"og:site_name\" content=\"Fiare Banca Etica\" \/>\n<meta property=\"article:modified_time\" content=\"2025-06-12T11:17:52+00:00\" \/>\n<meta name=\"twitter:card\" content=\"summary_large_image\" \/>\n<script type=\"application\/ld+json\" class=\"yoast-schema-graph\">{\"@context\":\"https:\/\/schema.org\",\"@graph\":[{\"@type\":\"WebPage\",\"@id\":\"https:\/\/www.fiarebancaetica.coop\/eu\/practicas\/\",\"url\":\"https:\/\/www.fiarebancaetica.coop\/eu\/practicas\/\",\"name\":\"Pr\u00e1cticas con Fiare - Fiare Banca Etica\",\"isPartOf\":{\"@id\":\"https:\/\/www.fiarebancaetica.coop\/eu\/#website\"},\"datePublished\":\"2025-05-29T17:34:15+00:00\",\"dateModified\":\"2025-06-12T11:17:52+00:00\",\"description\":\"Una experiencia \u00fanica para completar tu formaci\u00f3n acad\u00e9mica o para enriquecer tus competencias profesionales. Descubre las oportunidades.\",\"breadcrumb\":{\"@id\":\"https:\/\/www.fiarebancaetica.coop\/eu\/practicas\/#breadcrumb\"},\"inLanguage\":\"eu\",\"potentialAction\":[{\"@type\":\"ReadAction\",\"target\":[\"https:\/\/www.fiarebancaetica.coop\/eu\/practicas\/\"]}]},{\"@type\":\"BreadcrumbList\",\"@id\":\"https:\/\/www.fiarebancaetica.coop\/eu\/practicas\/#breadcrumb\",\"itemListElement\":[{\"@type\":\"ListItem\",\"position\":1,\"name\":\"Home\",\"item\":\"https:\/\/www.fiarebancaetica.coop\/eu\/\"},{\"@type\":\"ListItem\",\"position\":2,\"name\":\"Pr\u00e1cticas con Fiare\"}]},{\"@type\":\"WebSite\",\"@id\":\"https:\/\/www.fiarebancaetica.coop\/eu\/#website\",\"url\":\"https:\/\/www.fiarebancaetica.coop\/eu\/\",\"name\":\"Fiare Banca Etica\",\"description\":\"\",\"potentialAction\":[{\"@type\":\"SearchAction\",\"target\":{\"@type\":\"EntryPoint\",\"urlTemplate\":\"https:\/\/www.fiarebancaetica.coop\/eu\/?s={search_term_string}\"},\"query-input\":{\"@type\":\"PropertyValueSpecification\",\"valueRequired\":true,\"valueName\":\"search_term_string\"}}],\"inLanguage\":\"eu\"}]}<\/script>\n<!-- \/ Yoast SEO plugin. -->","yoast_head_json":{"title":"Pr\u00e1cticas con Fiare - Fiare Banca Etica","description":"Una experiencia \u00fanica para completar tu formaci\u00f3n acad\u00e9mica o para enriquecer tus competencias profesionales. Descubre las oportunidades.","robots":{"index":"index","follow":"follow","max-snippet":"max-snippet:-1","max-image-preview":"max-image-preview:large","max-video-preview":"max-video-preview:-1"},"canonical":"https:\/\/www.fiarebancaetica.coop\/eu\/practicas\/","og_locale":"eu_ES","og_type":"article","og_title":"Pr\u00e1cticas con Fiare - Fiare Banca Etica","og_description":"Una experiencia \u00fanica para completar tu formaci\u00f3n acad\u00e9mica o para enriquecer tus competencias profesionales. Descubre las oportunidades.","og_url":"https:\/\/www.fiarebancaetica.coop\/eu\/practicas\/","og_site_name":"Fiare Banca Etica","article_modified_time":"2025-06-12T11:17:52+00:00","twitter_card":"summary_large_image","schema":{"@context":"https:\/\/schema.org","@graph":[{"@type":"WebPage","@id":"https:\/\/www.fiarebancaetica.coop\/eu\/practicas\/","url":"https:\/\/www.fiarebancaetica.coop\/eu\/practicas\/","name":"Pr\u00e1cticas con Fiare - Fiare Banca Etica","isPartOf":{"@id":"https:\/\/www.fiarebancaetica.coop\/eu\/#website"},"datePublished":"2025-05-29T17:34:15+00:00","dateModified":"2025-06-12T11:17:52+00:00","description":"Una experiencia \u00fanica para completar tu formaci\u00f3n acad\u00e9mica o para enriquecer tus competencias profesionales. Descubre las oportunidades.","breadcrumb":{"@id":"https:\/\/www.fiarebancaetica.coop\/eu\/practicas\/#breadcrumb"},"inLanguage":"eu","potentialAction":[{"@type":"ReadAction","target":["https:\/\/www.fiarebancaetica.coop\/eu\/practicas\/"]}]},{"@type":"BreadcrumbList","@id":"https:\/\/www.fiarebancaetica.coop\/eu\/practicas\/#breadcrumb","itemListElement":[{"@type":"ListItem","position":1,"name":"Home","item":"https:\/\/www.fiarebancaetica.coop\/eu\/"},{"@type":"ListItem","position":2,"name":"Pr\u00e1cticas con Fiare"}]},{"@type":"WebSite","@id":"https:\/\/www.fiarebancaetica.coop\/eu\/#website","url":"https:\/\/www.fiarebancaetica.coop\/eu\/","name":"Fiare Banca Etica","description":"","potentialAction":[{"@type":"SearchAction","target":{"@type":"EntryPoint","urlTemplate":"https:\/\/www.fiarebancaetica.coop\/eu\/?s={search_term_string}"},"query-input":{"@type":"PropertyValueSpecification","valueRequired":true,"valueName":"search_term_string"}}],"inLanguage":"eu"}]}},"_links":{"self":[{"href":"https:\/\/www.fiarebancaetica.coop\/eu\/wp-json\/wp\/v2\/pages\/386549","targetHints":{"allow":["GET"]}}],"collection":[{"href":"https:\/\/www.fiarebancaetica.coop\/eu\/wp-json\/wp\/v2\/pages"}],"about":[{"href":"https:\/\/www.fiarebancaetica.coop\/eu\/wp-json\/wp\/v2\/types\/page"}],"author":[{"embeddable":true,"href":"https:\/\/www.fiarebancaetica.coop\/eu\/wp-json\/wp\/v2\/users\/14"}],"replies":[{"embeddable":true,"href":"https:\/\/www.fiarebancaetica.coop\/eu\/wp-json\/wp\/v2\/comments?post=386549"}],"version-history":[{"count":5,"href":"https:\/\/www.fiarebancaetica.coop\/eu\/wp-json\/wp\/v2\/pages\/386549\/revisions"}],"predecessor-version":[{"id":386963,"href":"https:\/\/www.fiarebancaetica.coop\/eu\/wp-json\/wp\/v2\/pages\/386549\/revisions\/386963"}],"wp:attachment":[{"href":"https:\/\/www.fiarebancaetica.coop\/eu\/wp-json\/wp\/v2\/media?parent=386549"}],"wp:term":[{"taxonomy":"author","embeddable":true,"href":"https:\/\/www.fiarebancaetica.coop\/eu\/wp-json\/wp\/v2\/coauthors?post=386549"}],"curies":[{"name":"wp","href":"https:\/\/api.w.org\/{rel}","templated":true}]}}