{"id":249618,"date":"2023-10-23T16:50:04","date_gmt":"2023-10-23T14:50:04","guid":{"rendered":"https:\/\/www.fiarebancaetica.coop\/?page_id=249618"},"modified":"2024-02-20T16:41:55","modified_gmt":"2024-02-20T15:41:55","slug":"cookie","status":"publish","type":"page","link":"https:\/\/www.fiarebancaetica.coop\/gl\/cookie\/","title":{"rendered":"Cookie"},"content":{"rendered":"\n<div style=\"height:100px\" aria-hidden=\"true\" class=\"wp-block-spacer\"><\/div>\n\n\n\n<div class=\"wrapper-crispybacon-class wrapper-crispybacon-class-medium \">\n    \n\n<h1 class=\"is-style-lyon wp-block-heading\">Privacy e cookie policy GALLEGO<\/h1>\n\n\n<\/div>\n\n\n<div style=\"height:40px\" aria-hidden=\"true\" class=\"wp-block-spacer\"><\/div>\n\n\n\n<div class=\"wrapper-crispybacon-class wrapper-crispybacon-class-medium \">\n    \n\n<h2 class=\"has-text-align-left is-style-lyon wp-block-heading\">Informazioni sul trattamento dei dati personali<\/h2>\n\n\n<\/div>\n\n\n<div class=\"wrapper-crispybacon-class wrapper-crispybacon-class-medium \">\n    \n\n<p>Il sito e la App di Banca Etica oltre ad offrirti la documentazione sui prodotti, i servizi e la struttura operativa della Banca e delle societ\u00e0 ad essa collegate, ti mette a disposizione un gran numero di informazioni, notizie e link utili per conoscere altre realt\u00e0 no profit che operano nell\u2019ambito dell\u2019economia sociale e solidale.<br>Per questo motivo ti suggeriamo di prendere visione delle seguenti note che riguardano&nbsp; il corretto utilizzo di tutto il materiale pubblicato e i diritti d\u2019autore.<\/p>\n\n\n\n<p>Per la policy sui contenuti visita la pagina &#8220;<a href=\"https:\/\/www.bancaetica.it\/termini-duso\/\" target=\"_blank\" rel=\"noreferrer noopener\">Termini d&#8217;uso&nbsp;sito internet<\/a>&#8221; e&nbsp;\u201c<a href=\"https:\/\/www.bancaetica.it\/termini-duso-app\/\" target=\"_blank\" rel=\"noreferrer noopener\">Termini d\u2019uso App Banca Etica<\/a>\u201d<\/p>\n\n\n\n<p>Banca Etica non \u00e8 responsabile di eventuali errori od omissioni di qualsiasi natura comunque inerenti a materiali pubblicati sul sito o su siti ad esso collegati; conseguentemente Banca Etica non risponde di eventuali danni o pregiudizi derivanti dalla consultazione del sito e della App.&nbsp;<\/p>\n\n\n\n<p>I marchi e i loghi presenti sul sito e sulla App sono di propriet\u00e0 di Banca Etica e delle altre societ\u00e0 del Gruppo. Essi non possono essere utilizzati su alcun altro sito internet o su altri mezzi di comunicazione senza il preventivo consenso scritto di Banca Etica o delle societ\u00e0 titolari dei marchi e dei logotipi.<\/p>\n\n\n\n<p>Il nome \u201cBanca Etica\u201d e qualsiasi marchio che includa la denominazione \u201cBanca Etica\u201d non possono essere utilizzati come indirizzi internet di altri siti, o quali parti di tali indirizzi, senza il preventivo consenso scritto di Banca Etica.<\/p>\n\n\n\n<p>Ai sensi del Regolamento (UE) 2016\/679 (di seguito &#8220;Regolamento&#8221; o \u201cGDPR\u201d), questa pagina descrive le modalit\u00e0 di trattamento dei dati personali degli utenti che consultano il sito web e l\u2019App di Banca Etica.&nbsp;<\/p>\n\n\n<\/div>\n\n\n<div class=\"wrapper-crispybacon-class wrapper-crispybacon-class-medium \">\n    \n\n<p><strong>Per maggiori informazioni sugli ulteriori trattamenti di dati personali effettuati da Banca Etica, ti invitiamo a consultare le specifiche informative raggiungibili ai seguenti link ovvero presenti in apposite sezioni del sito:<\/strong><\/p>\n\n\n\n<div style=\"background-color:#fff;color:#262626\" class=\"wp-block-bancaetica-blocks-blocks-block-23 crispybacon-block-23\"><div class=\"crispybacon-block-23-wrapper \"><div class=\"wrapper\"><\/div>\n<div class=\"wp-block-bancaetica-blocks-blocks-block-28 crispybacon-block-28\"><div class=\"crispybacon-block-28-header\"><h3>Informativa per la clientela sul trattamento dei dati personali<\/h3><a rel=\"noopener\" href=\"https:\/\/www.bancaetica.it\/app\/uploads\/2023\/03\/Infomativa-privacy-Clienti_06.03.2023.pdf\" target=\"_blank\"><i class=\"icon-download\"><\/i><\/a><\/div><\/div>\n\n\n\n<div class=\"wp-block-bancaetica-blocks-blocks-block-28 crispybacon-block-28\"><div class=\"crispybacon-block-28-header\"><h3>Informativa\u00a0sul trattamento dei dati per richieste di appuntamento<\/h3><a rel=\"noopener\" href=\"https:\/\/www.bancaetica.it\/app\/uploads\/2023\/01\/Informativa_Privacy_BookingWizard_27_09_2022.pdf\" target=\"_blank\"><i class=\"icon-download\"><\/i><\/a><\/div><\/div>\n\n\n\n<div class=\"wp-block-bancaetica-blocks-blocks-block-28 crispybacon-block-28\"><div class=\"crispybacon-block-28-header\"><h3>Informativa privacy App mobile Banca Etica<\/h3><a rel=\"noopener\" href=\"https:\/\/www.bancaetica.it\/informativa-privacy-app-bancaetica\/\" target=\"_blank\"><i class=\"icon-download\"><\/i><\/a><\/div><\/div>\n\n\n\n<div class=\"wp-block-bancaetica-blocks-blocks-block-28 crispybacon-block-28\"><div class=\"crispybacon-block-28-header\"><h3>Social media policy<\/h3><a rel=\"noopener\" href=\"https:\/\/www.bancaetica.it\/app\/uploads\/2022\/01\/Social-media-policy-Banca-Etica.pdf\" target=\"_blank\"><i class=\"icon-download\"><\/i><\/a><\/div><\/div>\n\n\n\n<div class=\"wp-block-bancaetica-blocks-blocks-block-28 crispybacon-block-28\"><div class=\"crispybacon-block-28-header\"><h3>Informativa sul trattamento dei dati personali a fini commerciali<\/h3><a rel=\"noopener\" href=\"https:\/\/www.bancaetica.it\/app\/uploads\/2023\/05\/Informativa_Privacy_Invio_comunicazioni_commerciali_05_2023-1.pdf\" target=\"_blank\"><i class=\"icon-download\"><\/i><\/a><\/div><\/div>\n<\/div><\/div>\n\n\n<\/div>\n\n\n<div class=\"wrapper-crispybacon-class wrapper-crispybacon-class-medium \">\n    \n\n<h2 class=\"has-text-align-left is-style-lyon wp-block-heading\">Informativa sul trattamento dei dati personali degli utenti che consultano il presente sito web<\/h2>\n\n\n<\/div>\n\n\n<div class=\"wrapper-crispybacon-class wrapper-crispybacon-class-medium \">\n    \n\n<h3 class=\"wp-block-heading\">Il Titolare del trattamento&nbsp;<\/h3>\n\n\n\n<p>A seguito della consultazione di questo sito possono essere trattati dati relativi a persone identificate o identificabili. Titolare del trattamento dei dati personali \u00e8 <strong>Banca Popolare Etica Societ\u00e0 cooperativa per azioni<\/strong>, Padova, Via N. Tommaseo, 7.<\/p>\n\n\n\n<h3 class=\"wp-block-heading\">Il Responsabile della Protezione dei Dati&nbsp;<\/h3>\n\n\n\n<p>Banca Etica ha nominato un Responsabile della Protezione dei Dati (Data Protection Officer o DPO) raggiungibile al seguente indirizzo mail <a href=\"mailto:dpo@bancaetica.com?subject=Trattamento%20dati%20personali%20Banca%20Etica\">dpo@bancaetica.com<\/a>.<\/p>\n\n\n\n<h3 class=\"wp-block-heading\">Tipi di dati trattati<\/h3>\n\n\n\n<p><strong>Dati di navigazione<\/strong><br>I sistemi informatici e le procedure software preposte al funzionamento di questo sito web acquisiscono, nel corso del loro normale esercizio, alcuni dati personali la cui trasmissione \u00e8 implicita nell\u2019uso dei protocolli di comunicazione di Internet. Si tratta di informazioni che non sono raccolte per essere associate a interessati identificati, ma che per loro stessa natura potrebbero, attraverso elaborazioni ed associazioni con dati detenuti da terzi, permettere di identificare gli utenti. In questa categoria di dati rientrano gli indirizzi IP o i nomi a dominio dei computer utilizzati dagli utenti che si connettono al sito, gli indirizzi in notazione URI (Uniform Resource Identifier) delle risorse richieste, l\u2019orario della richiesta, il metodo utilizzato nel sottoporre la richiesta al server, la dimensione del file ottenuto in risposta, il codice numerico indicante lo stato della risposta data dal server (buon fine, errore, ecc.) ed altri parametri relativi al sistema operativo e all\u2019ambiente informatico dell\u2019utente. Questi dati vengono utilizzati al solo fine di ricavare informazioni statistiche anonime sull\u2019uso del sito e per controllarne il corretto funzionamento e vengono cancellati immediatamente dopo l\u2019elaborazione.<\/p>\n\n\n\n<p><strong>Dati forniti volontariamente dall\u2019utente<\/strong><br>L\u2019invio facoltativo, esplicito e volontario di dati personali da parte dell\u2019utente nei form di registrazione presenti su questo sito o chiamando ad eventuali numeri di telefono riportati all\u2019interno del sito, i messaggi privati inviati dagli utenti ai profili\/pagine istituzionali sui social media (laddove questa possibilit\u00e0 sia prevista), nonch\u00e9 la compilazione e l&#8217;inoltro dei moduli presenti sul sito, comportano l&#8217;acquisizione dei dati di contatto del mittente, necessari a rispondere, nonch\u00e9 di tutti i dati personali inclusi nelle comunicazioni. Ove necessario, specifiche informative verranno pubblicate nelle pagine dei siti predisposte per l&#8217;erogazione di determinati servizi.<\/p>\n\n\n\n<p><strong>Dati anonimi o aggregati<\/strong><br>L\u2019anonimizzatine si configura come un trattamento che ha lo scopo di impedire l\u2019identificazione dell\u2019interessato. I dati resi anonimi non rientrano nell\u2019ambito di applicazione della legislazione in materia di protezione dei dati. I dati aggregati possono derivare da dati personali forniti dall\u2019utente ma non sono considerati dati personali in quanto, come specificato, non consentono n\u00e9 direttamente n\u00e9 indirettamente l\u2019identificazione dell\u2019interessato.<\/p>\n\n\n\n<h3 class=\"wp-block-heading\">Cookies<\/h3>\n\n\n\n<p>Il presente sito si avvale di differenti categorie di cookie. <strong><a href=\"https:\/\/www.iubenda.com\/privacy-policy\/777261\/cookie-policy?an=no&amp;s_ck=false\" target=\"_blank\" rel=\"noopener\">Leggi la cookie policy di Banca Etica<\/a><\/strong>.<br>Desideri modificare le tue impostazioni di tracciamento mentre navighi nel sito di Banca Etica? In qualsiasi momento puoi modificare o revocare i tuoi consensi cliccando su questo link:&nbsp;<strong><a href=\"#\" class=\"iubenda-cs-preferences-link\">Modifica preferenze cookies<\/a>.<\/strong><\/p>\n\n\n\n<h3 class=\"wp-block-heading\">Link ad altri siti web&nbsp;<\/h3>\n\n\n\n<p>Questo sito potrebbe contenere link o riferimenti per l\u2019accesso ad altri siti. Banca Etica non controlla i cookie o le altre tecnologie di monitoraggio di tali siti web ai quali la presente Policy non si applica. Suggeriamo pertanto di consultare le singole privacy policy relativi a tali siti internet.<\/p>\n\n\n\n<h3 class=\"wp-block-heading\">Facoltativit\u00e0 del conferimento dei dati&nbsp;<\/h3>\n\n\n\n<p>A parte quanto specificato per i dati di navigazione, l\u2019utente \u00e8 sempre libero di fornire i propri dati personali. Tuttavia, a seconda della finalit\u00e0 perseguita, il loro mancato conferimento pu\u00f2 comportare l\u2019impossibilit\u00e0 di ottenere da Banca Etica quanto richiesto.<\/p>\n\n\n\n<h3 class=\"wp-block-heading\">Modalit\u00e0 del trattamento e tempi di conservazione<\/h3>\n\n\n\n<p>I dati personali sono trattati, anche mediante l\u2019ausilio di strumenti automatizzati per il tempo strettamente necessario al raggiungimento delle finalit\u00e0 per i quali sono stati raccolti.<br>Specifiche misure di sicurezza sono osservate per prevenire la perdita dei dati, usi illeciti o non corretti ed accessi non autorizzati. Il Titolare ha adottato tutte le misure di sicurezza adeguate ed ispirandosi ai principali standard internazionali per ridurre al minimo i rischi afferenti alla riservatezza, la disponibilit\u00e0 e l\u2019integrit\u00e0 dei dati personali raccolti e trattati.<\/p>\n\n\n\n<h3 class=\"wp-block-heading\">Condivisione, comunicazione e diffusione dei dati&nbsp;<\/h3>\n\n\n\n<p>I trattamenti connessi ai servizi web di questo sito hanno luogo presso la predetta sede del Titolare e sono curati da personale da questo espressamente autorizzato. I dati raccolti potranno essere condivisi, trasferiti o comunicati ad altre societ\u00e0 per attivit\u00e0 strettamente connesse e strumentali all\u2019operativit\u00e0 del servizio, come la gestione del sistema informatico oppure ad eventuali fornitori terzi incaricati di occasionali operazioni di manutenzione. Nei predetti casi, il Titolare provvede a nominare tali soggetti terzi Responsabili del trattamento ai sensi dell\u2019articolo 28 del GDPR.<br>L\u2019elenco aggiornato dei responsabili pu\u00f2 essere richiesto all&#8217;indirizzo email: <a href=\"mailto:organizzazione@bancaetica.com?subject=GDPR%20-%20richiesta%20elenco%20responsabili%20trattamento%20dati%20Banca%20Etica\">organizzazione@bancaetica.com<\/a>.<\/p>\n\n\n\n<p>Al di fuori di questi casi, i dati personali non saranno comunicati a terzi salvo previsione contrattuale o di legge, ovvero salvo specifico consenso richiesto all\u2019interessato.&nbsp; In questo senso, i dati personali potrebbero essere trasmessi a terze parti, ma solo ed esclusivamente nel caso in cui:<br>a) vi sia consenso esplicito a condividere i dati con terze parti;<br>b) vi sia la necessit\u00e0 di condividere con terzi le informazioni al fine di prestare il servizio richiesto;<br>c) ci\u00f2 sia necessario per adempiere a richieste dell&#8217;Autorit\u00e0 Giudiziaria o di Pubblica Sicurezza.<br>Nessun dato raccolto attraverso la navigazione sul sito web di Banca Etica viene diffuso.<\/p>\n\n\n\n<h3 class=\"wp-block-heading\">Trasferimento dei dati personali verso Paesi Terzi&nbsp;<\/h3>\n\n\n\n<p>I dati personali potranno essere trasferiti anche in Paesi Terzi, con ci\u00f2 intendendo paesi non appartenenti all&#8217;Unione Europea o allo Spazio Economico Europeo. Qualora ci\u00f2 avvenga, la Banca dichiara e garantisce di conformarsi a quanto disposto dal Capo V del Regolamento (UE) 2016\/679, pertanto il trasferimento avverr\u00e0 esclusivamente verso Paesi Terzi riconosciuti dalla Commissione Europea come aventi un livello adeguato di protezione dei dati personali o, in caso contrario, esclusivamente previa contrattualizzazione di Clausole Contrattuali Standard volte a garantire adeguata protezione ai dati personali oggetto di trasferimento. In alternativa, potr\u00e0 essere valutata la sussistenza di una delle deroghe previste dall\u2019articolo 49 del GDPR.<\/p>\n\n\n\n<h3 class=\"wp-block-heading\">Diritti degli interessati&nbsp;<\/h3>\n\n\n\n<p>La normativa a protezione dei dati personali prevede espressamente alcuni diritti in capo ai soggetti cui dati si riferiscono (c.d. Interessato). In particolare, ai sensi degli articoli 15 e ss. del Regolamento (UE) 2016\/679, ciascun interessato ha il diritto di ottenere la conferma dell\u2019esistenza o meno di dati che lo riguardano, di ottenere l\u2019indicazione dell\u2019origine e delle finalit\u00e0 e modalit\u00e0 del trattamento, l\u2019opposizione allo stesso, l\u2019aggiornamento, la rettificazione, l\u2019integrazione dei dati nonch\u00e9 la loro cancellazione qualora trattati in violazione di legge o qualora sussista uno dei motivi specificati dall\u2019articolo 17 del Regolamento (UE) 2016\/679.<br>Qualora ritenga che il trattamento dei propri dati avvenga in violazione del Regolamento (UE) 2016\/679 l\u2019interessato ha inoltre la possibilit\u00e0 di proporre un reclamo all\u2019Autorit\u00e0 Garante per la protezione dei dati personali, competente nei modi e nelle forme previste dalla legge.<\/p>\n\n\n\n<h3 class=\"wp-block-heading\">Modalit\u00e0 di esercizio dei diritti dell&#8217;interessato&nbsp;<\/h3>\n\n\n\n<p>Per l\u2019esercizio dei diritti sopra menzionati, nonch\u00e9 per ricevere ulteriori informazioni con riguardo al trattamento dei propri dati personali, puoi recarti direttamente presso la sede di Banca Popolare Etica Societ\u00e0 cooperativa per azioni, quale Titolare del trattamento, in Via N. Tommaseo, 7 &#8211; 35131 Padova, oppure inoltrare richiesta al Responsabile della Protezione dei Dati (Data Protection Officer) scrivendo all\u2019indirizzo: <a href=\"mailto:dpo@bancaetica.com?subject=Trattamento%20dati%20personali%20Banca%20Etica\">dpo@bancaetica.com<\/a>. <\/p>\n\n\n\n<p><strong>Al fine di agevolare la gestione della richiesta, la stessa pu\u00f2 essere inoltrata, sempre all\u2019attenzione del Responsabile della Protezione dei Dati, anche attraverso la compilazione dei seguenti moduli:<\/strong><\/p>\n\n\n\n<div style=\"background-color:#fff;color:#262626\" class=\"wp-block-bancaetica-blocks-blocks-block-23 crispybacon-block-23\"><div class=\"crispybacon-block-23-wrapper \"><div class=\"wrapper\"><\/div>\n<div class=\"wp-block-bancaetica-blocks-blocks-block-28 crispybacon-block-28\"><div class=\"crispybacon-block-28-header\"><h3>Modulo per l&#8217;esercizio dei diritti dell&#8217;interessato<\/h3><a rel=\"noopener\" href=\"https:\/\/www.bancaetica.it\/app\/uploads\/2022\/01\/MODULO-per-lesercizio-dei-diritti-dellinteressato.pdf\" target=\"_blank\"><i class=\"icon-download\"><\/i><\/a><\/div><\/div>\n\n\n\n<div class=\"wp-block-bancaetica-blocks-blocks-block-28 crispybacon-block-28\"><div class=\"crispybacon-block-28-header\"><h3>Modulo per l&#8217;esercizio del diritto alla portabilit\u00e0<\/h3><a rel=\"noopener\" href=\"https:\/\/www.bancaetica.it\/app\/uploads\/2022\/01\/Modulo_esercizio_diritto_portabilita_dati_personali_interessato.pdf\" target=\"_blank\"><i class=\"icon-download\"><\/i><\/a><\/div><\/div>\n<\/div><\/div>\n\n\n\n<p>Ultima revisione: 6 marzo 2023<\/p>\n\n\n<\/div>\n\n\n<div style=\"height:100px\" aria-hidden=\"true\" class=\"wp-block-spacer\"><\/div>\n","protected":false},"excerpt":{"rendered":"","protected":false},"author":20,"featured_media":0,"parent":0,"menu_order":0,"comment_status":"closed","ping_status":"closed","template":"","meta":{"_acf_changed":false,"footnotes":""},"coauthors":[],"class_list":["post-249618","page","type-page","status-publish","hentry","crispybacon-hidden-page-title"],"acf":[],"yoast_head":"<!-- This site is optimized with the Yoast SEO plugin v26.9 - https:\/\/yoast.com\/product\/yoast-seo-wordpress\/ -->\n<title>Cookie - Fiare Banca Etica<\/title>\n<meta name=\"robots\" content=\"index, follow, max-snippet:-1, max-image-preview:large, max-video-preview:-1\" \/>\n<link rel=\"canonical\" href=\"https:\/\/www.fiarebancaetica.coop\/gl\/cookie\/\" \/>\n<meta property=\"og:locale\" content=\"gl_ES\" \/>\n<meta property=\"og:type\" content=\"article\" \/>\n<meta property=\"og:title\" content=\"Cookie - Fiare Banca Etica\" \/>\n<meta property=\"og:url\" content=\"https:\/\/www.fiarebancaetica.coop\/gl\/cookie\/\" \/>\n<meta property=\"og:site_name\" content=\"Fiare Banca Etica\" \/>\n<meta property=\"article:modified_time\" content=\"2024-02-20T15:41:55+00:00\" \/>\n<meta name=\"twitter:card\" content=\"summary_large_image\" \/>\n<script type=\"application\/ld+json\" class=\"yoast-schema-graph\">{\"@context\":\"https:\/\/schema.org\",\"@graph\":[{\"@type\":\"WebPage\",\"@id\":\"https:\/\/www.fiarebancaetica.coop\/gl\/cookie\/\",\"url\":\"https:\/\/www.fiarebancaetica.coop\/gl\/cookie\/\",\"name\":\"Cookie - Fiare Banca Etica\",\"isPartOf\":{\"@id\":\"https:\/\/www.fiarebancaetica.coop\/gl\/#website\"},\"datePublished\":\"2023-10-23T14:50:04+00:00\",\"dateModified\":\"2024-02-20T15:41:55+00:00\",\"breadcrumb\":{\"@id\":\"https:\/\/www.fiarebancaetica.coop\/gl\/cookie\/#breadcrumb\"},\"inLanguage\":\"gl-ES\",\"potentialAction\":[{\"@type\":\"ReadAction\",\"target\":[\"https:\/\/www.fiarebancaetica.coop\/gl\/cookie\/\"]}]},{\"@type\":\"BreadcrumbList\",\"@id\":\"https:\/\/www.fiarebancaetica.coop\/gl\/cookie\/#breadcrumb\",\"itemListElement\":[{\"@type\":\"ListItem\",\"position\":1,\"name\":\"Home\",\"item\":\"https:\/\/www.fiarebancaetica.coop\/gl\/\"},{\"@type\":\"ListItem\",\"position\":2,\"name\":\"Cookie\"}]},{\"@type\":\"WebSite\",\"@id\":\"https:\/\/www.fiarebancaetica.coop\/gl\/#website\",\"url\":\"https:\/\/www.fiarebancaetica.coop\/gl\/\",\"name\":\"Fiare Banca Etica\",\"description\":\"\",\"potentialAction\":[{\"@type\":\"SearchAction\",\"target\":{\"@type\":\"EntryPoint\",\"urlTemplate\":\"https:\/\/www.fiarebancaetica.coop\/gl\/?s={search_term_string}\"},\"query-input\":{\"@type\":\"PropertyValueSpecification\",\"valueRequired\":true,\"valueName\":\"search_term_string\"}}],\"inLanguage\":\"gl-ES\"}]}<\/script>\n<!-- \/ Yoast SEO plugin. -->","yoast_head_json":{"title":"Cookie - Fiare Banca Etica","robots":{"index":"index","follow":"follow","max-snippet":"max-snippet:-1","max-image-preview":"max-image-preview:large","max-video-preview":"max-video-preview:-1"},"canonical":"https:\/\/www.fiarebancaetica.coop\/gl\/cookie\/","og_locale":"gl_ES","og_type":"article","og_title":"Cookie - Fiare Banca Etica","og_url":"https:\/\/www.fiarebancaetica.coop\/gl\/cookie\/","og_site_name":"Fiare Banca Etica","article_modified_time":"2024-02-20T15:41:55+00:00","twitter_card":"summary_large_image","schema":{"@context":"https:\/\/schema.org","@graph":[{"@type":"WebPage","@id":"https:\/\/www.fiarebancaetica.coop\/gl\/cookie\/","url":"https:\/\/www.fiarebancaetica.coop\/gl\/cookie\/","name":"Cookie - Fiare Banca Etica","isPartOf":{"@id":"https:\/\/www.fiarebancaetica.coop\/gl\/#website"},"datePublished":"2023-10-23T14:50:04+00:00","dateModified":"2024-02-20T15:41:55+00:00","breadcrumb":{"@id":"https:\/\/www.fiarebancaetica.coop\/gl\/cookie\/#breadcrumb"},"inLanguage":"gl-ES","potentialAction":[{"@type":"ReadAction","target":["https:\/\/www.fiarebancaetica.coop\/gl\/cookie\/"]}]},{"@type":"BreadcrumbList","@id":"https:\/\/www.fiarebancaetica.coop\/gl\/cookie\/#breadcrumb","itemListElement":[{"@type":"ListItem","position":1,"name":"Home","item":"https:\/\/www.fiarebancaetica.coop\/gl\/"},{"@type":"ListItem","position":2,"name":"Cookie"}]},{"@type":"WebSite","@id":"https:\/\/www.fiarebancaetica.coop\/gl\/#website","url":"https:\/\/www.fiarebancaetica.coop\/gl\/","name":"Fiare Banca Etica","description":"","potentialAction":[{"@type":"SearchAction","target":{"@type":"EntryPoint","urlTemplate":"https:\/\/www.fiarebancaetica.coop\/gl\/?s={search_term_string}"},"query-input":{"@type":"PropertyValueSpecification","valueRequired":true,"valueName":"search_term_string"}}],"inLanguage":"gl-ES"}]}},"_links":{"self":[{"href":"https:\/\/www.fiarebancaetica.coop\/gl\/wp-json\/wp\/v2\/pages\/249618","targetHints":{"allow":["GET"]}}],"collection":[{"href":"https:\/\/www.fiarebancaetica.coop\/gl\/wp-json\/wp\/v2\/pages"}],"about":[{"href":"https:\/\/www.fiarebancaetica.coop\/gl\/wp-json\/wp\/v2\/types\/page"}],"author":[{"embeddable":true,"href":"https:\/\/www.fiarebancaetica.coop\/gl\/wp-json\/wp\/v2\/users\/20"}],"replies":[{"embeddable":true,"href":"https:\/\/www.fiarebancaetica.coop\/gl\/wp-json\/wp\/v2\/comments?post=249618"}],"version-history":[{"count":1,"href":"https:\/\/www.fiarebancaetica.coop\/gl\/wp-json\/wp\/v2\/pages\/249618\/revisions"}],"predecessor-version":[{"id":249619,"href":"https:\/\/www.fiarebancaetica.coop\/gl\/wp-json\/wp\/v2\/pages\/249618\/revisions\/249619"}],"wp:attachment":[{"href":"https:\/\/www.fiarebancaetica.coop\/gl\/wp-json\/wp\/v2\/media?parent=249618"}],"wp:term":[{"taxonomy":"author","embeddable":true,"href":"https:\/\/www.fiarebancaetica.coop\/gl\/wp-json\/wp\/v2\/coauthors?post=249618"}],"curies":[{"name":"wp","href":"https:\/\/api.w.org\/{rel}","templated":true}]}}