{"id":314354,"date":"2023-11-28T08:53:31","date_gmt":"2023-11-28T07:53:31","guid":{"rendered":"https:\/\/www.fiarebancaetica.coop\/?page_id=314354"},"modified":"2024-04-17T13:35:29","modified_gmt":"2024-04-17T11:35:29","slug":"grupo-banca-etica","status":"publish","type":"page","link":"https:\/\/www.fiarebancaetica.coop\/gl\/identidade\/grupo-banca-etica\/","title":{"rendered":"Grupo Banca Etica"},"content":{"rendered":"\n<div class=\"wrapper-crispybacon-class wrapper-crispybacon-class-medium \">\n    \n\n<h1 class=\"is-style-lyon wp-block-heading\" id=\"block-b64a9251-faf1-4432-8fb4-641c6a01ca0d\"><span class=\"has-inline-color has-blue-color\">Grupo Banca Etica<\/span><br>M\u00f3venos a \u00e9tica, non o di\u00f1eiro<\/h1>\n\n\n\n<p>Cando a \u00e9tica importa, o di\u00f1eiro human\u00edzase. Os servizos financeiros conv\u00e9rtense en apoio a determinados segmentos da poboaci\u00f3n, en promoci\u00f3n cultural, en defensa do planeta e das persoas. Este \u00e9 o principio e o obxectivo que rexe as actuaci\u00f3ns de todas as empresas que forman parte do Grupo.<\/p>\n\n\n<\/div>\n\n\n<div class=\"wrapper-crispybacon-class wrapper-crispybacon-class-wide \">\n    \n\n<div class=\"wp-block-bancaetica-blocks-blocks-block-16\"><div class=\"container-block\"><div class=\"content\"><h2 class=\"section-title\">Banca Etica<\/h2><h5 class=\"sub-title\"><\/h5><p class=\"section-content\">Fiare Banca Etica \u00e9 unha<strong> entidade bancaria cooperativa de finanzas \u00e9ticas que traballa en Espa\u00f1a (co nome Fiare Banca Etica) e en Italia (Banca Etica). <\/strong>Naceu co obxectivo de financiar a cooperaci\u00f3n social e a protecci\u00f3n do medio ambiente, as\u00ed como de apoiar as organizaci\u00f3ns sen \u00e1nimo de lucro e a econom\u00eda solidaria.<br><br>\u00c9 un banco innovador, cuxas actividades se inspiran por completo nos principios das finanzas \u00e9ticas: <strong>transparencia, cooperaci\u00f3n, dereito de acceso ao cr\u00e9dito, eficiencia e atenci\u00f3n \u00e1s consecuencias non-econ\u00f3micas que te\u00f1en as acci\u00f3ns econ\u00f3micas.<\/strong><br><\/p><\/div><div class=\"two-columns\"><div class=\"col image-block\"><img decoding=\"async\" src=\"https:\/\/www.bancaetica.it\/app\/uploads\/2022\/01\/6-1.png\" alt=\"\" \/><\/div><div class=\"icon icon-frontend\"><a href=\"https:\/\/www.bancaetica.it\" id=\"url-cat\" target=\"_blank\" rel=\"noopener\"><i class=\"icon-circle-next\"><\/i><\/a><\/div><\/div><\/div><\/div>\n\n\n\n<div class=\"wp-block-bancaetica-blocks-blocks-block-16\"><div class=\"container-block\"><div class=\"content\"><h2 class=\"section-title\">Fundaci\u00f3n Finanzas \u00c9ticas<\/h2><h5 class=\"sub-title\"><\/h5><p class=\"section-content\">A Fundaci\u00f3n Finanzas \u00c9ticas nace en Espa\u00f1a en 2018 para reforzar unha visi\u00f3n cr\u00edtica das finanzas e potenciar a nosa forma de entendelas. Disp\u00f3n do portal <a href=\"http:\/\/www.valorsocial.info\/\">Valor Social<\/a> especializado en econom\u00eda social, cambio clim\u00e1tico e finanzas \u00e9ticas.<\/p><\/div><div class=\"two-columns\"><div class=\"col image-block\"><img decoding=\"async\" src=\"http:\/\/www.fiarebancaetica.coop\/app\/uploads\/sites\/2\/2023\/11\/fundacion.png\" alt=\"\" \/><\/div><div class=\"icon icon-frontend\"><a href=\"https:\/\/finanzaseticas.net\" id=\"url-cat\" target=\"_blank\" rel=\"noopener\"><i class=\"icon-circle-next\"><\/i><\/a><\/div><\/div><\/div><\/div>\n\n\n\n<div class=\"wp-block-bancaetica-blocks-blocks-block-16\"><div class=\"container-block\"><div class=\"content\"><h2 class=\"section-title\">Etica Sgr<\/h2><h5 class=\"sub-title\"><\/h5><p class=\"section-content\">A sociedade de xesti\u00f3n do aforro do Grupo Banca Popolare Etica \u00e9 a \u00fanica en Italia que ofrece exclusivamente fondos com\u00fans de investimento \u00e9tico. En Espa\u00f1a comercial\u00edzanse a trav\u00e9s de Etica Funds.<\/p><\/div><div class=\"two-columns\"><div class=\"col image-block\"><img decoding=\"async\" src=\"http:\/\/www.fiarebancaetica.coop\/app\/uploads\/sites\/2\/2023\/11\/etica-sgr.png\" alt=\"\" \/><\/div><div class=\"icon icon-frontend\"><a href=\"https:\/\/www.eticasgr.com\/es\" id=\"url-cat\" target=\"_blank\" rel=\"noopener\"><i class=\"icon-circle-next\"><\/i><\/a><\/div><\/div><\/div><\/div>\n\n\n\n<div class=\"wp-block-bancaetica-blocks-blocks-block-16\"><div class=\"container-block\"><div class=\"content\"><h2 class=\"section-title\">Fondazione Finanza Etica<\/h2><h5 class=\"sub-title\"><\/h5><p class=\"section-content\">A Fundaci\u00f3n Finanza Etica traballa a nivel internacional para promover e difundir os valores das finanzas \u00e9ticas. Publica o portal <a href=\"http:\/\/www.valori.it\/\">Valori<\/a>, un xornal especializado en temas de econom\u00eda social, finanzas \u00e9ticas e sustentabilidade.<\/p><\/div><div class=\"two-columns\"><div class=\"col image-block\"><img decoding=\"async\" src=\"http:\/\/www.fiarebancaetica.coop\/app\/uploads\/sites\/2\/2023\/11\/fondazione.png\" alt=\"\" \/><\/div><div class=\"icon icon-frontend\"><a href=\"https:\/\/finanzaetica.info\" id=\"url-cat\" target=\"_blank\" rel=\"noopener\"><i class=\"icon-circle-next\"><\/i><\/a><\/div><\/div><\/div><\/div>\n\n\n\n<div class=\"wp-block-bancaetica-blocks-blocks-block-16\"><div class=\"container-block\"><div class=\"content\"><h2 class=\"section-title\">Cresud<\/h2><h5 class=\"sub-title\"><\/h5><p class=\"section-content\">Cresud oc\u00fapase de proxectos de microfinanciamento no sur do mundo, colaborando con bancos locais para promover o desenvolvemento.<br><\/p><\/div><div class=\"two-columns\"><div class=\"col image-block\"><img decoding=\"async\" src=\"https:\/\/www.bancaetica.it\/app\/uploads\/2022\/01\/10.png\" alt=\"\" \/><\/div><div class=\"icon icon-frontend\"><a href=\"https:\/\/www.cresud.it\/\" id=\"url-cat\" target=\"_blank\" rel=\"noopener\"><i class=\"icon-circle-next\"><\/i><\/a><\/div><\/div><\/div><\/div>\n\n\n<\/div>\n\n\n<div style=\"height:20px\" aria-hidden=\"true\" class=\"wp-block-spacer\"><\/div>\n\n\n\n<div style=\"height:100px\" aria-hidden=\"true\" class=\"wp-block-spacer\"><\/div>\n","protected":false},"excerpt":{"rendered":"","protected":false},"author":1774,"featured_media":0,"parent":314818,"menu_order":0,"comment_status":"closed","ping_status":"closed","template":"","meta":{"_acf_changed":false,"footnotes":""},"coauthors":[5579],"class_list":["post-314354","page","type-page","status-publish","hentry","crispybacon-hidden-page-title"],"acf":[],"yoast_head":"<!-- This site is optimized with the Yoast SEO plugin v26.9 - https:\/\/yoast.com\/product\/yoast-seo-wordpress\/ -->\n<title>Grupo Banca Etica - M\u00f3venos a \u00e9tica, non o di\u00f1eiro<\/title>\n<meta name=\"robots\" content=\"index, follow, max-snippet:-1, max-image-preview:large, max-video-preview:-1\" \/>\n<link rel=\"canonical\" href=\"https:\/\/www.fiarebancaetica.coop\/gl\/identidade\/grupo-banca-etica\/\" \/>\n<meta property=\"og:locale\" content=\"gl_ES\" \/>\n<meta property=\"og:type\" content=\"article\" \/>\n<meta property=\"og:title\" content=\"Grupo Banca Etica - M\u00f3venos a \u00e9tica, non o di\u00f1eiro\" \/>\n<meta property=\"og:url\" content=\"https:\/\/www.fiarebancaetica.coop\/gl\/identidade\/grupo-banca-etica\/\" \/>\n<meta property=\"og:site_name\" content=\"Fiare Banca Etica\" \/>\n<meta property=\"article:modified_time\" content=\"2024-04-17T11:35:29+00:00\" \/>\n<meta property=\"og:image\" content=\"https:\/\/www.bancaetica.it\/app\/uploads\/2022\/01\/6-1.png\" \/>\n<meta name=\"twitter:card\" content=\"summary_large_image\" \/>\n<script type=\"application\/ld+json\" class=\"yoast-schema-graph\">{\"@context\":\"https:\/\/schema.org\",\"@graph\":[{\"@type\":\"WebPage\",\"@id\":\"https:\/\/www.fiarebancaetica.coop\/gl\/identidade\/grupo-banca-etica\/\",\"url\":\"https:\/\/www.fiarebancaetica.coop\/gl\/identidade\/grupo-banca-etica\/\",\"name\":\"Grupo Banca Etica - M\u00f3venos a \u00e9tica, non o di\u00f1eiro\",\"isPartOf\":{\"@id\":\"https:\/\/www.fiarebancaetica.coop\/gl\/#website\"},\"primaryImageOfPage\":{\"@id\":\"https:\/\/www.fiarebancaetica.coop\/gl\/identidade\/grupo-banca-etica\/#primaryimage\"},\"image\":{\"@id\":\"https:\/\/www.fiarebancaetica.coop\/gl\/identidade\/grupo-banca-etica\/#primaryimage\"},\"thumbnailUrl\":\"https:\/\/www.bancaetica.it\/app\/uploads\/2022\/01\/6-1.png\",\"datePublished\":\"2023-11-28T07:53:31+00:00\",\"dateModified\":\"2024-04-17T11:35:29+00:00\",\"breadcrumb\":{\"@id\":\"https:\/\/www.fiarebancaetica.coop\/gl\/identidade\/grupo-banca-etica\/#breadcrumb\"},\"inLanguage\":\"gl-ES\",\"potentialAction\":[{\"@type\":\"ReadAction\",\"target\":[\"https:\/\/www.fiarebancaetica.coop\/gl\/identidade\/grupo-banca-etica\/\"]}]},{\"@type\":\"ImageObject\",\"inLanguage\":\"gl-ES\",\"@id\":\"https:\/\/www.fiarebancaetica.coop\/gl\/identidade\/grupo-banca-etica\/#primaryimage\",\"url\":\"https:\/\/www.bancaetica.it\/app\/uploads\/2022\/01\/6-1.png\",\"contentUrl\":\"https:\/\/www.bancaetica.it\/app\/uploads\/2022\/01\/6-1.png\"},{\"@type\":\"BreadcrumbList\",\"@id\":\"https:\/\/www.fiarebancaetica.coop\/gl\/identidade\/grupo-banca-etica\/#breadcrumb\",\"itemListElement\":[{\"@type\":\"ListItem\",\"position\":1,\"name\":\"Home\",\"item\":\"https:\/\/www.fiarebancaetica.coop\/gl\/\"},{\"@type\":\"ListItem\",\"position\":2,\"name\":\"Identidade\",\"item\":\"https:\/\/www.fiarebancaetica.coop\/gl\/identidade\/\"},{\"@type\":\"ListItem\",\"position\":3,\"name\":\"Grupo Banca Etica\"}]},{\"@type\":\"WebSite\",\"@id\":\"https:\/\/www.fiarebancaetica.coop\/gl\/#website\",\"url\":\"https:\/\/www.fiarebancaetica.coop\/gl\/\",\"name\":\"Fiare Banca Etica\",\"description\":\"\",\"potentialAction\":[{\"@type\":\"SearchAction\",\"target\":{\"@type\":\"EntryPoint\",\"urlTemplate\":\"https:\/\/www.fiarebancaetica.coop\/gl\/?s={search_term_string}\"},\"query-input\":{\"@type\":\"PropertyValueSpecification\",\"valueRequired\":true,\"valueName\":\"search_term_string\"}}],\"inLanguage\":\"gl-ES\"}]}<\/script>\n<!-- \/ Yoast SEO plugin. -->","yoast_head_json":{"title":"Grupo Banca Etica - M\u00f3venos a \u00e9tica, non o di\u00f1eiro","robots":{"index":"index","follow":"follow","max-snippet":"max-snippet:-1","max-image-preview":"max-image-preview:large","max-video-preview":"max-video-preview:-1"},"canonical":"https:\/\/www.fiarebancaetica.coop\/gl\/identidade\/grupo-banca-etica\/","og_locale":"gl_ES","og_type":"article","og_title":"Grupo Banca Etica - M\u00f3venos a \u00e9tica, non o di\u00f1eiro","og_url":"https:\/\/www.fiarebancaetica.coop\/gl\/identidade\/grupo-banca-etica\/","og_site_name":"Fiare Banca Etica","article_modified_time":"2024-04-17T11:35:29+00:00","og_image":[{"url":"https:\/\/www.bancaetica.it\/app\/uploads\/2022\/01\/6-1.png","type":"","width":"","height":""}],"twitter_card":"summary_large_image","schema":{"@context":"https:\/\/schema.org","@graph":[{"@type":"WebPage","@id":"https:\/\/www.fiarebancaetica.coop\/gl\/identidade\/grupo-banca-etica\/","url":"https:\/\/www.fiarebancaetica.coop\/gl\/identidade\/grupo-banca-etica\/","name":"Grupo Banca Etica - M\u00f3venos a \u00e9tica, non o di\u00f1eiro","isPartOf":{"@id":"https:\/\/www.fiarebancaetica.coop\/gl\/#website"},"primaryImageOfPage":{"@id":"https:\/\/www.fiarebancaetica.coop\/gl\/identidade\/grupo-banca-etica\/#primaryimage"},"image":{"@id":"https:\/\/www.fiarebancaetica.coop\/gl\/identidade\/grupo-banca-etica\/#primaryimage"},"thumbnailUrl":"https:\/\/www.bancaetica.it\/app\/uploads\/2022\/01\/6-1.png","datePublished":"2023-11-28T07:53:31+00:00","dateModified":"2024-04-17T11:35:29+00:00","breadcrumb":{"@id":"https:\/\/www.fiarebancaetica.coop\/gl\/identidade\/grupo-banca-etica\/#breadcrumb"},"inLanguage":"gl-ES","potentialAction":[{"@type":"ReadAction","target":["https:\/\/www.fiarebancaetica.coop\/gl\/identidade\/grupo-banca-etica\/"]}]},{"@type":"ImageObject","inLanguage":"gl-ES","@id":"https:\/\/www.fiarebancaetica.coop\/gl\/identidade\/grupo-banca-etica\/#primaryimage","url":"https:\/\/www.bancaetica.it\/app\/uploads\/2022\/01\/6-1.png","contentUrl":"https:\/\/www.bancaetica.it\/app\/uploads\/2022\/01\/6-1.png"},{"@type":"BreadcrumbList","@id":"https:\/\/www.fiarebancaetica.coop\/gl\/identidade\/grupo-banca-etica\/#breadcrumb","itemListElement":[{"@type":"ListItem","position":1,"name":"Home","item":"https:\/\/www.fiarebancaetica.coop\/gl\/"},{"@type":"ListItem","position":2,"name":"Identidade","item":"https:\/\/www.fiarebancaetica.coop\/gl\/identidade\/"},{"@type":"ListItem","position":3,"name":"Grupo Banca Etica"}]},{"@type":"WebSite","@id":"https:\/\/www.fiarebancaetica.coop\/gl\/#website","url":"https:\/\/www.fiarebancaetica.coop\/gl\/","name":"Fiare Banca Etica","description":"","potentialAction":[{"@type":"SearchAction","target":{"@type":"EntryPoint","urlTemplate":"https:\/\/www.fiarebancaetica.coop\/gl\/?s={search_term_string}"},"query-input":{"@type":"PropertyValueSpecification","valueRequired":true,"valueName":"search_term_string"}}],"inLanguage":"gl-ES"}]}},"_links":{"self":[{"href":"https:\/\/www.fiarebancaetica.coop\/gl\/wp-json\/wp\/v2\/pages\/314354","targetHints":{"allow":["GET"]}}],"collection":[{"href":"https:\/\/www.fiarebancaetica.coop\/gl\/wp-json\/wp\/v2\/pages"}],"about":[{"href":"https:\/\/www.fiarebancaetica.coop\/gl\/wp-json\/wp\/v2\/types\/page"}],"author":[{"embeddable":true,"href":"https:\/\/www.fiarebancaetica.coop\/gl\/wp-json\/wp\/v2\/users\/1774"}],"replies":[{"embeddable":true,"href":"https:\/\/www.fiarebancaetica.coop\/gl\/wp-json\/wp\/v2\/comments?post=314354"}],"version-history":[{"count":7,"href":"https:\/\/www.fiarebancaetica.coop\/gl\/wp-json\/wp\/v2\/pages\/314354\/revisions"}],"predecessor-version":[{"id":373540,"href":"https:\/\/www.fiarebancaetica.coop\/gl\/wp-json\/wp\/v2\/pages\/314354\/revisions\/373540"}],"up":[{"embeddable":true,"href":"https:\/\/www.fiarebancaetica.coop\/gl\/wp-json\/wp\/v2\/pages\/314818"}],"wp:attachment":[{"href":"https:\/\/www.fiarebancaetica.coop\/gl\/wp-json\/wp\/v2\/media?parent=314354"}],"wp:term":[{"taxonomy":"author","embeddable":true,"href":"https:\/\/www.fiarebancaetica.coop\/gl\/wp-json\/wp\/v2\/coauthors?post=314354"}],"curies":[{"name":"wp","href":"https:\/\/api.w.org\/{rel}","templated":true}]}}