{"id":314651,"date":"2023-11-28T08:48:23","date_gmt":"2023-11-28T07:48:23","guid":{"rendered":"https:\/\/www.fiarebancaetica.coop\/?page_id=314651"},"modified":"2024-04-17T13:26:21","modified_gmt":"2024-04-17T11:26:21","slug":"historia","status":"publish","type":"page","link":"https:\/\/www.fiarebancaetica.coop\/gl\/identidade\/historia\/","title":{"rendered":"A nosa historia"},"content":{"rendered":"\n<div class=\"wrapper-crispybacon-class wrapper-crispybacon-class-medium \">\n    \n\n<h1 class=\"is-style-lyon wp-block-heading\" id=\"block-eced8172-3e15-4c2b-bb32-0cd168617fb1\"><span class=\"has-inline-color has-blue-color\">Historia<\/span><br>Unha historia de historias<\/h1>\n\n\n\n<p>O m\u00e1is importante da nosa historia \u00e9 que fixemos posibles moitas historias m\u00e1is. Historias de persoas que puideron desenvolver os seus proxectos e de organizaci\u00f3ns que contribu\u00edron a mellorar o mundo en que vivimos. Emporiso, de todos os xeitos, esta \u00e9 a nosa historia.<\/p>\n\n\n\n<hr class=\"wp-block-separator\"\/>\n\n\n<\/div>\n\n\n<div class=\"wrapper-crispybacon-class wrapper-crispybacon-class-medium \">\n    \n\n<p>En 2003, varios grupos interesados nas finanzas \u00e9ticas crearon no Pa\u00eds Vasco a Fundaci\u00f3n Fiare para constru\u00edr un movemento de cidadan\u00eda activa que establecese os cimentos dunha banca \u00e9tica. En 2005, asinouse o contrato con Banca Popolare Etica e iniciouse a intermediaci\u00f3n financeira en territorio espa\u00f1ol.<\/p>\n\n\n\n<p>Ap\u00f3s anos de campa\u00f1a de recollida de capital social e concesi\u00f3n dos primeiros cr\u00e9ditos por todo o pa\u00eds, en 2011 prop\u00faxose a integraci\u00f3n de Fiare e Banca Popolare Etica, que foi aprobada nas asembleas de ambos os pa\u00edses, at\u00e9 chegar en 2013 \u00e1 creaci\u00f3n da \u00c1rea Fiare en Banca Popolare Etica. No outono de 2014, in\u00edciase esta nova etapa como Fiare Banca Etica, con ficha legal do Banco de Espa\u00f1a.<\/p>\n\n\n\n<p><strong><strong>Grazas a miles de persoas socias, materializouse o sono de crear unha instituci\u00f3n financeira \u00e9tica e cooperativa cunha dimensi\u00f3n europea.<\/strong><\/strong><\/p>\n\n\n\n<p>En Italia, as primeiras experiencias de finanzas \u00e9ticas foron as cooperativas <a href=\"http:\/\/it.wikipedia.org\/wiki\/Mutua_autogestione\">MAG (Mutue per l&#8217;Autogestione)<\/a>. A idea non era recoller di\u00f1eiro e buscar proxectos a financiar, sen\u00f3n atopar primeiro empresas sociais necesitadas de financiamento e, despois, conseguir xente que se comprometese a prestar unha parte do que a empresa social necesitaba.<\/p>\n\n\n\n<p>Nos anos noventa, as MAG contactaron coas instituci\u00f3ns do mundo da cooperaci\u00f3n social, o voluntariado e as asociaci\u00f3ns para crear unha proposta financeira acaida a eses sectores. A iniciativa tivo \u00e9xito e, en decembro de 1994, constitu\u00edse a Cooperativa Verso la Banca Etica. En 1999, recolleuse o capital social necesario para se converter en banca popular e, ap\u00f3s a autorizaci\u00f3n de Banca d\u2019Italia, abriu a primeira filial en Padua. Grazas aos Grupos de Iniciativa Territorial (GIT), foise consolidando pouco a pouco a presenza en toda Italia, coa apertura de novas filiais, implicando cada vez a m\u00e1is persoas e estimulando a capitalizaci\u00f3n.<\/p>\n\n\n<\/div>\n\n\n<div style=\"height:20px\" aria-hidden=\"true\" class=\"wp-block-spacer\"><\/div>\n\n\n\n<div style=\"height:100px\" aria-hidden=\"true\" class=\"wp-block-spacer\"><\/div>\n","protected":false},"excerpt":{"rendered":"","protected":false},"author":6693,"featured_media":0,"parent":314818,"menu_order":0,"comment_status":"closed","ping_status":"closed","template":"","meta":{"_acf_changed":false,"footnotes":""},"coauthors":[10743],"class_list":["post-314651","page","type-page","status-publish","hentry","crispybacon-hidden-page-title"],"acf":[],"yoast_head":"<!-- This site is optimized with the Yoast SEO plugin v26.9 - https:\/\/yoast.com\/product\/yoast-seo-wordpress\/ -->\n<title>Fiare Banca Etica: Unha historia de historias<\/title>\n<meta name=\"robots\" content=\"index, follow, max-snippet:-1, max-image-preview:large, max-video-preview:-1\" \/>\n<link rel=\"canonical\" href=\"https:\/\/www.fiarebancaetica.coop\/gl\/identidade\/historia\/\" \/>\n<meta property=\"og:locale\" content=\"gl_ES\" \/>\n<meta property=\"og:type\" content=\"article\" \/>\n<meta property=\"og:title\" content=\"Fiare Banca Etica: Unha historia de historias\" \/>\n<meta property=\"og:url\" content=\"https:\/\/www.fiarebancaetica.coop\/gl\/identidade\/historia\/\" \/>\n<meta property=\"og:site_name\" content=\"Fiare Banca Etica\" \/>\n<meta property=\"article:modified_time\" content=\"2024-04-17T11:26:21+00:00\" \/>\n<meta name=\"twitter:card\" content=\"summary_large_image\" \/>\n<script type=\"application\/ld+json\" class=\"yoast-schema-graph\">{\"@context\":\"https:\/\/schema.org\",\"@graph\":[{\"@type\":\"WebPage\",\"@id\":\"https:\/\/www.fiarebancaetica.coop\/gl\/identidade\/historia\/\",\"url\":\"https:\/\/www.fiarebancaetica.coop\/gl\/identidade\/historia\/\",\"name\":\"Fiare Banca Etica: Unha historia de historias\",\"isPartOf\":{\"@id\":\"https:\/\/www.fiarebancaetica.coop\/gl\/#website\"},\"datePublished\":\"2023-11-28T07:48:23+00:00\",\"dateModified\":\"2024-04-17T11:26:21+00:00\",\"breadcrumb\":{\"@id\":\"https:\/\/www.fiarebancaetica.coop\/gl\/identidade\/historia\/#breadcrumb\"},\"inLanguage\":\"gl-ES\",\"potentialAction\":[{\"@type\":\"ReadAction\",\"target\":[\"https:\/\/www.fiarebancaetica.coop\/gl\/identidade\/historia\/\"]}]},{\"@type\":\"BreadcrumbList\",\"@id\":\"https:\/\/www.fiarebancaetica.coop\/gl\/identidade\/historia\/#breadcrumb\",\"itemListElement\":[{\"@type\":\"ListItem\",\"position\":1,\"name\":\"Home\",\"item\":\"https:\/\/www.fiarebancaetica.coop\/gl\/\"},{\"@type\":\"ListItem\",\"position\":2,\"name\":\"Identidade\",\"item\":\"https:\/\/www.fiarebancaetica.coop\/gl\/identidade\/\"},{\"@type\":\"ListItem\",\"position\":3,\"name\":\"A nosa historia\"}]},{\"@type\":\"WebSite\",\"@id\":\"https:\/\/www.fiarebancaetica.coop\/gl\/#website\",\"url\":\"https:\/\/www.fiarebancaetica.coop\/gl\/\",\"name\":\"Fiare Banca Etica\",\"description\":\"\",\"potentialAction\":[{\"@type\":\"SearchAction\",\"target\":{\"@type\":\"EntryPoint\",\"urlTemplate\":\"https:\/\/www.fiarebancaetica.coop\/gl\/?s={search_term_string}\"},\"query-input\":{\"@type\":\"PropertyValueSpecification\",\"valueRequired\":true,\"valueName\":\"search_term_string\"}}],\"inLanguage\":\"gl-ES\"}]}<\/script>\n<!-- \/ Yoast SEO plugin. -->","yoast_head_json":{"title":"Fiare Banca Etica: Unha historia de historias","robots":{"index":"index","follow":"follow","max-snippet":"max-snippet:-1","max-image-preview":"max-image-preview:large","max-video-preview":"max-video-preview:-1"},"canonical":"https:\/\/www.fiarebancaetica.coop\/gl\/identidade\/historia\/","og_locale":"gl_ES","og_type":"article","og_title":"Fiare Banca Etica: Unha historia de historias","og_url":"https:\/\/www.fiarebancaetica.coop\/gl\/identidade\/historia\/","og_site_name":"Fiare Banca Etica","article_modified_time":"2024-04-17T11:26:21+00:00","twitter_card":"summary_large_image","schema":{"@context":"https:\/\/schema.org","@graph":[{"@type":"WebPage","@id":"https:\/\/www.fiarebancaetica.coop\/gl\/identidade\/historia\/","url":"https:\/\/www.fiarebancaetica.coop\/gl\/identidade\/historia\/","name":"Fiare Banca Etica: Unha historia de historias","isPartOf":{"@id":"https:\/\/www.fiarebancaetica.coop\/gl\/#website"},"datePublished":"2023-11-28T07:48:23+00:00","dateModified":"2024-04-17T11:26:21+00:00","breadcrumb":{"@id":"https:\/\/www.fiarebancaetica.coop\/gl\/identidade\/historia\/#breadcrumb"},"inLanguage":"gl-ES","potentialAction":[{"@type":"ReadAction","target":["https:\/\/www.fiarebancaetica.coop\/gl\/identidade\/historia\/"]}]},{"@type":"BreadcrumbList","@id":"https:\/\/www.fiarebancaetica.coop\/gl\/identidade\/historia\/#breadcrumb","itemListElement":[{"@type":"ListItem","position":1,"name":"Home","item":"https:\/\/www.fiarebancaetica.coop\/gl\/"},{"@type":"ListItem","position":2,"name":"Identidade","item":"https:\/\/www.fiarebancaetica.coop\/gl\/identidade\/"},{"@type":"ListItem","position":3,"name":"A nosa historia"}]},{"@type":"WebSite","@id":"https:\/\/www.fiarebancaetica.coop\/gl\/#website","url":"https:\/\/www.fiarebancaetica.coop\/gl\/","name":"Fiare Banca Etica","description":"","potentialAction":[{"@type":"SearchAction","target":{"@type":"EntryPoint","urlTemplate":"https:\/\/www.fiarebancaetica.coop\/gl\/?s={search_term_string}"},"query-input":{"@type":"PropertyValueSpecification","valueRequired":true,"valueName":"search_term_string"}}],"inLanguage":"gl-ES"}]}},"_links":{"self":[{"href":"https:\/\/www.fiarebancaetica.coop\/gl\/wp-json\/wp\/v2\/pages\/314651","targetHints":{"allow":["GET"]}}],"collection":[{"href":"https:\/\/www.fiarebancaetica.coop\/gl\/wp-json\/wp\/v2\/pages"}],"about":[{"href":"https:\/\/www.fiarebancaetica.coop\/gl\/wp-json\/wp\/v2\/types\/page"}],"author":[{"embeddable":true,"href":"https:\/\/www.fiarebancaetica.coop\/gl\/wp-json\/wp\/v2\/users\/6693"}],"replies":[{"embeddable":true,"href":"https:\/\/www.fiarebancaetica.coop\/gl\/wp-json\/wp\/v2\/comments?post=314651"}],"version-history":[{"count":5,"href":"https:\/\/www.fiarebancaetica.coop\/gl\/wp-json\/wp\/v2\/pages\/314651\/revisions"}],"predecessor-version":[{"id":373525,"href":"https:\/\/www.fiarebancaetica.coop\/gl\/wp-json\/wp\/v2\/pages\/314651\/revisions\/373525"}],"up":[{"embeddable":true,"href":"https:\/\/www.fiarebancaetica.coop\/gl\/wp-json\/wp\/v2\/pages\/314818"}],"wp:attachment":[{"href":"https:\/\/www.fiarebancaetica.coop\/gl\/wp-json\/wp\/v2\/media?parent=314651"}],"wp:term":[{"taxonomy":"author","embeddable":true,"href":"https:\/\/www.fiarebancaetica.coop\/gl\/wp-json\/wp\/v2\/coauthors?post=314651"}],"curies":[{"name":"wp","href":"https:\/\/api.w.org\/{rel}","templated":true}]}}