{"id":314668,"date":"2023-11-28T08:44:55","date_gmt":"2023-11-28T07:44:55","guid":{"rendered":"https:\/\/www.fiarebancaetica.coop\/?page_id=314668"},"modified":"2024-12-05T11:01:31","modified_gmt":"2024-12-05T10:01:31","slug":"perfil-institucional","status":"publish","type":"page","link":"https:\/\/www.fiarebancaetica.coop\/gl\/identidade\/perfil-institucional\/","title":{"rendered":"Perfil institucional"},"content":{"rendered":"\n<div class=\"wrapper-crispybacon-class wrapper-crispybacon-class-medium \">\n    \n\n<h1 class=\"wp-block-heading is-style-lyon\" id=\"block-17425543-db59-4d43-bca5-7a1d73817668\"><span style=\"background-color:rgba(0, 0, 0, 0)\" class=\"has-inline-color has-blue-color\">Perfil institucional<\/span><br>Somos diferentes, tam\u00e9n organiz\u00e1ndonos<\/h1>\n\n\n\n<p>Somos un banco en mans de persoas e organizaci\u00f3ns. Persoas que cren no cooperativismo, nos modelos de gobernanza democr\u00e1tica e nos obxectivos sociais da banca. Persoas con principios que forman parte activa dos nosos \u00f3rganos de goberno.<\/p>\n\n\n\n<hr class=\"wp-block-separator has-css-opacity\"\/>\n\n\n<\/div>\n\n\n<div class=\"wrapper-crispybacon-class wrapper-crispybacon-class-medium \">\n    \n\n<div class=\"wp-block-columns is-layout-flex wp-container-core-columns-is-layout-9d6595d7 wp-block-columns-is-layout-flex\">\n<div class=\"wp-block-column is-layout-flow wp-block-column-is-layout-flow\" style=\"flex-basis:50%\">\n<p>Constitu\u00eddo en forma de sociedade cooperativa por acci\u00f3ns, operamos en territorio espa\u00f1ol e italiano co obxectivo de fomentar a cooperaci\u00f3n e a solidariedade.<br><a href=\"http:\/\/www.fiarebancaetica.coop\/app\/uploads\/sites\/2\/2024\/01\/estatuto-2022-1.pdf\" target=\"_blank\" rel=\"noreferrer noopener\"><strong>Esta<\/strong><\/a><strong><a href=\"http:\/\/www.fiarebancaetica.coop\/app\/uploads\/sites\/2\/2024\/12\/BE-Statuto-ESP-dicembre24-v01.pdf\" target=\"_blank\" rel=\"noreferrer noopener\">tuto<\/a><\/strong>, m\u00e1is al\u00e1 de ser conforme \u00e1 Lei, presenta algunhas peculiaridades que marcan a especificidade de Fiare Banca Etica desde os seus inicios.<br>A <strong>ampla e potente participaci\u00f3n das persoas socias<\/strong> no capital social do banco e os procesos de decisi\u00f3n democr\u00e1ticos contribu\u00edron a desenvolver <strong>unha estrutura organizativa orixinal <\/strong>que se concreta coa s\u00faa integraci\u00f3n na estrutura asociativa (cinco \u00e1reas territoriais) e a estrutura operativa (filiais, t\u00e9cnicos de desenvolvemento territorial e a sede central).<\/p>\n<\/div>\n\n\n\n<div class=\"wp-block-column is-layout-flow wp-block-column-is-layout-flow\" style=\"flex-basis:50%\">\n<figure class=\"wp-block-image size-large\"><img loading=\"lazy\" decoding=\"async\" width=\"1024\" height=\"576\" src=\"http:\/\/www.fiarebancaetica.coop\/app\/uploads\/sites\/2\/2023\/11\/VISUALES_TODOS_socio-1024x576.png\" alt=\"\" class=\"wp-image-314746\" srcset=\"https:\/\/www.fiarebancaetica.coop\/app\/uploads\/sites\/2\/2023\/11\/VISUALES_TODOS_socio-1024x576.png 1024w, https:\/\/www.fiarebancaetica.coop\/app\/uploads\/sites\/2\/2023\/11\/VISUALES_TODOS_socio-300x169.png 300w, https:\/\/www.fiarebancaetica.coop\/app\/uploads\/sites\/2\/2023\/11\/VISUALES_TODOS_socio-768x432.png 768w, https:\/\/www.fiarebancaetica.coop\/app\/uploads\/sites\/2\/2023\/11\/VISUALES_TODOS_socio-1536x864.png 1536w, https:\/\/www.fiarebancaetica.coop\/app\/uploads\/sites\/2\/2023\/11\/VISUALES_TODOS_socio-640x360.png 640w, https:\/\/www.fiarebancaetica.coop\/app\/uploads\/sites\/2\/2023\/11\/VISUALES_TODOS_socio-400x225.png 400w, https:\/\/www.fiarebancaetica.coop\/app\/uploads\/sites\/2\/2023\/11\/VISUALES_TODOS_socio.png 1920w\" sizes=\"auto, (max-width: 1024px) 100vw, 1024px\" \/><\/figure>\n<\/div>\n<\/div>\n\n\n<\/div>\n\n\n<div class=\"wp-block-columns is-layout-flex wp-container-core-columns-is-layout-9d6595d7 wp-block-columns-is-layout-flex\">\n<div class=\"wp-block-column is-layout-flow wp-block-column-is-layout-flow\" style=\"flex-basis:100%\">\n<div class=\"wrapper-crispybacon-class wrapper-crispybacon-class-medium \">\n    \n\n<h4 class=\"wp-block-heading\">\u00d3rganos obrigatorios<\/h4>\n\n\n\n<p><\/p>\n\n\n<\/div>\n\n\n<div class=\"wp-block-bancaetica-blocks-blocks-block-22 crispybacon-block-22\"><div class=\"crispybacon-block-22-header\"><div><h3>Asemblea de persoas socias<\/h3><\/div><button><i class=\"icon-down\"><\/i><\/button><\/div><div class=\"crispybacon-block-22-body\">\n<p>A Asemblea \u00e9 o \u00f3rgano supremo de Banca Etica. Na <a href=\"https:\/\/www.fiarebancaetica.coop\/gl\/asamblea-de-personas-socias\/\" target=\"_blank\" rel=\"noreferrer noopener\">Asemblea<\/a> poden participar todas as persoas socias cunha antig\u00fcidade m\u00ednima de noventa d\u00edas. E cada persoa socia ten dereito a un voto, con independencia do n\u00famero de acci\u00f3ns posu\u00eddas. En Banca Etica rexe o principio de \u00abunha persoa, un voto\u00bb.<\/p>\n<\/div><\/div>\n\n\n\n<div class=\"wp-block-bancaetica-blocks-blocks-block-22 crispybacon-block-22\"><div class=\"crispybacon-block-22-header\"><div><h3>Consello de Administraci\u00f3n<\/h3><\/div><button><i class=\"icon-down\"><\/i><\/button><\/div><div class=\"crispybacon-block-22-body\">\n<p>O Consello de Administraci\u00f3n, elixido entre as socias de Banca Etica, \u00e9 o \u00f3rgano colexial que xestiona a actividade social do banco, \u00e9 dicir, a realizaci\u00f3n de todos os actos encami\u00f1ados \u00e1 consecuci\u00f3n do obxecto social. Ademais, exerce a direcci\u00f3n e coordinaci\u00f3n das sociedades do Grupo. O Consello pode nomear m\u00e1is dun vicepresidente e o seu Comit\u00e9 Executivo est\u00e1 composto por cinco conselleiras e conselleiros, mais as persoas que ocupen a presidencia ou a vicepresidencia non poden participar, porque non poden ser executivas.<\/p>\n\n\n\n<p>Para garantir o car\u00e1cter peculiar de Banca Etica, os Estatutos establecen que os candidatos non s\u00f3 deber\u00e1n ostentar os requisitos previstos pola lei (profesionalidade, respectabilidade e independencia), sen\u00f3n satisfacer tam\u00e9n certos requisitos sociais. Os candidatos deber\u00e1n co\u00f1ecer e ter experiencia en, cando menos, un dos eidos de intervenci\u00f3n do banco (terceiro sector, econom\u00eda social e solidaria, cooperaci\u00f3n social e internacional, finanzas \u00e9ticas, medio ambiente e fontes de enerx\u00edas renovables). Tam\u00e9n aqu\u00ed s\u00f3 poden ser candidatas as persoas socias de Banca Etica cunha antig\u00fcidade m\u00ednima de 90 d\u00edas.<\/p>\n<\/div><\/div>\n\n\n\n<div class=\"wp-block-bancaetica-blocks-blocks-block-22 crispybacon-block-22\"><div class=\"crispybacon-block-22-header\"><div><h3>Xunta de Revisi\u00f3n<\/h3><\/div><button><i class=\"icon-down\"><\/i><\/button><\/div><div class=\"crispybacon-block-22-body\">\n<p>Elixida pola Asemblea de Persoas Socias, a Xunta de Revisi\u00f3n vela pola correcta administraci\u00f3n da Sociedade e o cumprimento dos acordos sociais, v\u00ednculos legais, estatutarios e regulamentarios.<\/p>\n<\/div><\/div>\n\n\n\n<div class=\"wp-block-bancaetica-blocks-blocks-block-22 crispybacon-block-22\"><div class=\"crispybacon-block-22-header\"><div><h3>Organismo de Vixilancia<\/h3><\/div><button><i class=\"icon-down\"><\/i><\/button><\/div><div class=\"crispybacon-block-22-body\">\n<p>Supervisa a aplicaci\u00f3n do C\u00f3digo \u00c9tico e a conformidade co decreto lexislativo italiano n.\u00ba 231\/01.<\/p>\n\n\n\n<p>A respecto do C\u00f3digo \u00c9tico, o Organismo de Vixilancia enc\u00e1rgase de:<\/p>\n\n\n\n<p>\u2022 promover iniciativas encami\u00f1adas a dar a co\u00f1ecer, fomentar e aplicar o C\u00f3digo \u00c9tico;<br>\u2022 vixiar o cumprimento e respecto do C\u00f3digo \u00c9tico por medio do sistema de control do banco e de espec\u00edficos sistemas de sinalizaci\u00f3n;<\/p>\n\n\n\n<p>\u2022 propor ao Consello de Administraci\u00f3n, ap\u00f3s consulta ao Comit\u00e9 \u00c9tico, sanci\u00f3ns en caso de graves violaci\u00f3ns do C\u00f3digo \u00c9tico;<\/p>\n\n\n\n<p>\u2022 supervisar o funcionamento e a adecuaci\u00f3n do C\u00f3digo \u00c9tico;<\/p>\n\n\n\n<p>\u2022 propor \u00e1 Asemblea de Persoas Socias, ap\u00f3s escoitar a opini\u00f3n do Consello de Administraci\u00f3n e do Comit\u00e9 \u00c9tico, a posible adaptaci\u00f3n;<\/p>\n\n\n\n<p>\u2022 informar periodicamente ao Consello de Administraci\u00f3n e ao Comit\u00e9 \u00c9tico sobre o estado de aplicaci\u00f3n do C\u00f3digo \u00c9tico;<\/p>\n\n\n\n<p>\u2022 respecto do decreto lexislativo n.\u00ba 231\/01, o Organismo de Vixilancia verifica a aplicaci\u00f3n e o cumprimento do modelo de xesti\u00f3n e control encami\u00f1ado a previr os delitos recollidos nese decreto.<\/p>\n\n\n\n<p>Por correo electr\u00f3nico <a href=\"mailto:organismodivigilanza@bancaetica.com\">organismodivigilanza@bancaetica.com<\/a><\/p>\n<\/div><\/div>\n\n\n\n<div class=\"wp-block-bancaetica-blocks-blocks-block-22 crispybacon-block-22\"><div class=\"crispybacon-block-22-header\"><div><h3>Comit\u00e9 de Arbitraxe<\/h3><\/div><button><i class=\"icon-down\"><\/i><\/button><\/div><div class=\"crispybacon-block-22-body\">\n<p>O Comit\u00e9 de Arbitraxe \u00e9 elixido pola Asemblea de Persoas Socias de Banca Etica e est\u00e1 integrado por tres membros titulares e dous suplentes.<\/p>\n\n\n\n<p>A s\u00faa funci\u00f3n consiste en pronunciarse sobre as controversias que poidan suscitarse entre o banco e as persoas socias ou entre elas mesmas, en relaci\u00f3n coa interpretaci\u00f3n ou aplicaci\u00f3n dos Estatutos ou calquera outra decisi\u00f3n dos \u00f3rganos do banco sobre relaci\u00f3ns sociais.<\/p>\n\n\n\n<p>As persoas elixidas permanecen no cargo tres anos e poden ser reelixidas. O mandato expira na data da Asemblea Xeral do terceiro ano de mandato.<\/p>\n\n\n\n<p>O Comit\u00e9 de Arbitraxe actual foi elixido o 14 de maio de 2022 e est\u00e1 composto por:<\/p>\n\n\n\n<p>Alberto Hoch \u2013 Presidente<\/p>\n\n\n\n<p>Stella Amato Maria<\/p>\n\n\n\n<p>Miguel Salinas<\/p>\n\n\n\n<p>Suplentes:<\/p>\n\n\n\n<p>Lucio Turra<\/p>\n\n\n\n<p>Tatjana Cinquino<\/p>\n\n\n\n<p>Para saber m\u00e1is: <a href=\"http:\/\/www.fiarebancaetica.coop\/app\/uploads\/sites\/2\/2024\/01\/reglamento-codigo-deontologico-23-1.pdf\" target=\"_blank\" rel=\"noreferrer noopener\">Regulamento do Comit\u00e9 de Arbitraxe de Banca Etica<\/a><\/p>\n\n\n\n<p>Para contactar co Colexio de Arbitraxe, p\u00f3dese escribir a: <a href=\"mailto:probiviri@bancaetica.org\">probiviri@bancaetica.org<\/a><\/p>\n<\/div><\/div>\n\n\n\n<div class=\"wp-block-bancaetica-blocks-blocks-block-22 crispybacon-block-22\"><div class=\"crispybacon-block-22-header\"><div><h3>Comit\u00e9 de partes vinculadas<\/h3><\/div><button><i class=\"icon-down\"><\/i><\/button><\/div><div class=\"crispybacon-block-22-body\">\n<p>O Comit\u00e9 de Partes Vinculadas \u00e9 unha instituci\u00f3n no seo de Banca Etica que preside as dilixencias coas partes vinculadas, en cumprimento do Regulamento de xesti\u00f3n de operaci\u00f3ns.<\/p>\n<\/div><\/div>\n\n\n\n<div class=\"wp-block-bancaetica-blocks-blocks-block-22 crispybacon-block-22\"><div class=\"crispybacon-block-22-header\"><div><h3>Direcci\u00f3n<\/h3><\/div><button><i class=\"icon-down\"><\/i><\/button><\/div><div class=\"crispybacon-block-22-body\">\n<p>\u00c1 Direcci\u00f3n encomend\u00e1selle a execuci\u00f3n dos acordos sociais e a supervisi\u00f3n do funcionamento do banco.<\/p>\n<\/div><\/div>\n\n\n\n<div class=\"wrapper-crispybacon-class wrapper-crispybacon-class-medium \">\n    \n\n<h4 class=\"wp-block-heading\">Organismos voluntarios<\/h4>\n\n\n\n<p><\/p>\n\n\n<\/div>\n\n\n<div class=\"wp-block-bancaetica-blocks-blocks-block-22 crispybacon-block-22\"><div class=\"crispybacon-block-22-header\"><div><h3>Comit\u00e9 \u00c9tico<\/h3><\/div><button><i class=\"icon-down\"><\/i><\/button><\/div><div class=\"crispybacon-block-22-body\">\n<p>O Comit\u00e9 \u00c9tico (<a href=\"http:\/\/www.fiarebancaetica.coop\/app\/uploads\/sites\/2\/2024\/01\/Regolamento-Comitato-Etico_DEF_SPA.pdf\" target=\"_blank\" rel=\"noreferrer noopener\">regulamento<\/a>), elixido pola Asemblea das Persoas Socias, desempe\u00f1a unha funci\u00f3n consultiva e propositiva. Vela polo cumprimento dos Estatutos e o C\u00f3digo \u00c9tico, e polo respecto dos principios expresados no espazo sociocultural no que o banco opera. Para desenvolver o seu papel de orientaci\u00f3n e gu\u00eda, o Comit\u00e9 desempe\u00f1a un papel chave cando o banco ten a necesidade de opinar sobre decisi\u00f3ns de car\u00e1cter pol\u00edtico e social que poden afectar aos empr\u00e9stitos outorgados.<\/p>\n\n\n\n<p><strong><strong>O Comit\u00e9 est\u00e1 composto por:<\/strong><\/strong><\/p>\n\n\n\n<p>Martina Morano Pignatti \u2013 Presidenta<\/p>\n\n\n\n<p>Gabriele Bollini<\/p>\n\n\n\n<p>Francesca Feruglio<\/p>\n\n\n\n<p>Francisco Javier Mart\u00ednez Contreras<\/p>\n\n\n\n<p>Antonio Loffredo<\/p>\n\n\n\n<p>Maria Francesca De Tullio<\/p>\n\n\n\n<p>Piero D\u2019Argento<\/p>\n\n\n\n<p>Contacta: <a href=\"mailto:segreteria.generale@bancaetica.com\">segreteria.generale@bancaetica.com<\/a><\/p>\n<\/div><\/div>\n\n\n\n<div class=\"wp-block-bancaetica-blocks-blocks-block-22 crispybacon-block-22\"><div class=\"crispybacon-block-22-header\"><div><h3>Organizaci\u00f3n territorial das persoas socias<\/h3><\/div><button><i class=\"icon-down\"><\/i><\/button><\/div><div class=\"crispybacon-block-22-body\">\n<p>Para facilitar que as persoas se fagan socias de Banca Etica, desenvolvemos unha organizaci\u00f3n baseada nunha dimensi\u00f3n local (a Circunscrici\u00f3n e o Grupo de Iniciativa Territorial &#8211; GIT), unha dimensi\u00f3n de \u00c1rea (a Coordinaci\u00f3n de \u00c1rea e o F\u00f3rum de \u00c1rea) e unha dimensi\u00f3n de enlace entre as diferentes \u00e1reas (Interf\u00f3rum):<\/p>\n\n\n\n<p>\u2022 F\u00f3rum de \u00c1rea<\/p>\n\n\n\n<p>\u2022 &nbsp;<a href=\"https:\/\/www.fiarebancaetica.coop\/personas-socias\/organizacion-territorial-de-las-personas-socias\"><\/a><a href=\"https:\/\/www.fiarebancaetica.coop\/gl\/persoas-socias\/organizacion-territorial-das-persoas-socias\" target=\"_blank\" rel=\"noreferrer noopener\">Circunscrici\u00f3ns e Grupos de Iniciativa Territorial (GIT)<\/a><\/p>\n\n\n\n<p>\u2022 <a href=\"http:\/\/www.fiarebancaetica.coop\/app\/uploads\/sites\/2\/2024\/01\/pacto-asociativo-2021.pdf\" target=\"_blank\" rel=\"noreferrer noopener\">Pacto asociativo<\/a><\/p>\n<\/div><\/div>\n\n\n\n<p><\/p>\n<\/div>\n<\/div>\n\n\n\n<div style=\"height:20px\" aria-hidden=\"true\" class=\"wp-block-spacer\"><\/div>\n\n\n\n<div style=\"height:100px\" aria-hidden=\"true\" class=\"wp-block-spacer\"><\/div>\n","protected":false},"excerpt":{"rendered":"","protected":false},"author":6693,"featured_media":0,"parent":314818,"menu_order":0,"comment_status":"closed","ping_status":"closed","template":"","meta":{"_acf_changed":false,"footnotes":""},"coauthors":[10743],"class_list":["post-314668","page","type-page","status-publish","hentry","crispybacon-hidden-page-title"],"acf":[],"yoast_head":"<!-- This site is optimized with the Yoast SEO plugin v26.9 - https:\/\/yoast.com\/product\/yoast-seo-wordpress\/ -->\n<title>Fiare Banca Etica - Perfil institucional: \u00d3rganos obrigatorios e \u00f3rganos voluntarios<\/title>\n<meta name=\"robots\" content=\"index, follow, max-snippet:-1, max-image-preview:large, max-video-preview:-1\" \/>\n<link rel=\"canonical\" href=\"https:\/\/www.fiarebancaetica.coop\/gl\/identidade\/perfil-institucional\/\" \/>\n<meta property=\"og:locale\" content=\"gl_ES\" \/>\n<meta property=\"og:type\" content=\"article\" \/>\n<meta property=\"og:title\" content=\"Fiare Banca Etica - Perfil institucional: \u00d3rganos obrigatorios e \u00f3rganos voluntarios\" \/>\n<meta property=\"og:url\" content=\"https:\/\/www.fiarebancaetica.coop\/gl\/identidade\/perfil-institucional\/\" \/>\n<meta property=\"og:site_name\" content=\"Fiare Banca Etica\" \/>\n<meta property=\"article:modified_time\" content=\"2024-12-05T10:01:31+00:00\" \/>\n<meta property=\"og:image\" content=\"http:\/\/www.fiarebancaetica.coop\/app\/uploads\/sites\/2\/2023\/11\/VISUALES_TODOS_socio-1024x576.png\" \/>\n<meta name=\"twitter:card\" content=\"summary_large_image\" \/>\n<script type=\"application\/ld+json\" class=\"yoast-schema-graph\">{\"@context\":\"https:\/\/schema.org\",\"@graph\":[{\"@type\":\"WebPage\",\"@id\":\"https:\/\/www.fiarebancaetica.coop\/gl\/identidade\/perfil-institucional\/\",\"url\":\"https:\/\/www.fiarebancaetica.coop\/gl\/identidade\/perfil-institucional\/\",\"name\":\"Fiare Banca Etica - Perfil institucional: \u00d3rganos obrigatorios e \u00f3rganos voluntarios\",\"isPartOf\":{\"@id\":\"https:\/\/www.fiarebancaetica.coop\/gl\/#website\"},\"primaryImageOfPage\":{\"@id\":\"https:\/\/www.fiarebancaetica.coop\/gl\/identidade\/perfil-institucional\/#primaryimage\"},\"image\":{\"@id\":\"https:\/\/www.fiarebancaetica.coop\/gl\/identidade\/perfil-institucional\/#primaryimage\"},\"thumbnailUrl\":\"http:\/\/www.fiarebancaetica.coop\/app\/uploads\/sites\/2\/2023\/11\/VISUALES_TODOS_socio-1024x576.png\",\"datePublished\":\"2023-11-28T07:44:55+00:00\",\"dateModified\":\"2024-12-05T10:01:31+00:00\",\"breadcrumb\":{\"@id\":\"https:\/\/www.fiarebancaetica.coop\/gl\/identidade\/perfil-institucional\/#breadcrumb\"},\"inLanguage\":\"gl-ES\",\"potentialAction\":[{\"@type\":\"ReadAction\",\"target\":[\"https:\/\/www.fiarebancaetica.coop\/gl\/identidade\/perfil-institucional\/\"]}]},{\"@type\":\"ImageObject\",\"inLanguage\":\"gl-ES\",\"@id\":\"https:\/\/www.fiarebancaetica.coop\/gl\/identidade\/perfil-institucional\/#primaryimage\",\"url\":\"http:\/\/www.fiarebancaetica.coop\/app\/uploads\/sites\/2\/2023\/11\/VISUALES_TODOS_socio-1024x576.png\",\"contentUrl\":\"http:\/\/www.fiarebancaetica.coop\/app\/uploads\/sites\/2\/2023\/11\/VISUALES_TODOS_socio-1024x576.png\"},{\"@type\":\"BreadcrumbList\",\"@id\":\"https:\/\/www.fiarebancaetica.coop\/gl\/identidade\/perfil-institucional\/#breadcrumb\",\"itemListElement\":[{\"@type\":\"ListItem\",\"position\":1,\"name\":\"Home\",\"item\":\"https:\/\/www.fiarebancaetica.coop\/gl\/\"},{\"@type\":\"ListItem\",\"position\":2,\"name\":\"Identidade\",\"item\":\"https:\/\/www.fiarebancaetica.coop\/gl\/identidade\/\"},{\"@type\":\"ListItem\",\"position\":3,\"name\":\"Perfil institucional\"}]},{\"@type\":\"WebSite\",\"@id\":\"https:\/\/www.fiarebancaetica.coop\/gl\/#website\",\"url\":\"https:\/\/www.fiarebancaetica.coop\/gl\/\",\"name\":\"Fiare Banca Etica\",\"description\":\"\",\"potentialAction\":[{\"@type\":\"SearchAction\",\"target\":{\"@type\":\"EntryPoint\",\"urlTemplate\":\"https:\/\/www.fiarebancaetica.coop\/gl\/?s={search_term_string}\"},\"query-input\":{\"@type\":\"PropertyValueSpecification\",\"valueRequired\":true,\"valueName\":\"search_term_string\"}}],\"inLanguage\":\"gl-ES\"}]}<\/script>\n<!-- \/ Yoast SEO plugin. -->","yoast_head_json":{"title":"Fiare Banca Etica - Perfil institucional: \u00d3rganos obrigatorios e \u00f3rganos voluntarios","robots":{"index":"index","follow":"follow","max-snippet":"max-snippet:-1","max-image-preview":"max-image-preview:large","max-video-preview":"max-video-preview:-1"},"canonical":"https:\/\/www.fiarebancaetica.coop\/gl\/identidade\/perfil-institucional\/","og_locale":"gl_ES","og_type":"article","og_title":"Fiare Banca Etica - Perfil institucional: \u00d3rganos obrigatorios e \u00f3rganos voluntarios","og_url":"https:\/\/www.fiarebancaetica.coop\/gl\/identidade\/perfil-institucional\/","og_site_name":"Fiare Banca Etica","article_modified_time":"2024-12-05T10:01:31+00:00","og_image":[{"url":"http:\/\/www.fiarebancaetica.coop\/app\/uploads\/sites\/2\/2023\/11\/VISUALES_TODOS_socio-1024x576.png","type":"","width":"","height":""}],"twitter_card":"summary_large_image","schema":{"@context":"https:\/\/schema.org","@graph":[{"@type":"WebPage","@id":"https:\/\/www.fiarebancaetica.coop\/gl\/identidade\/perfil-institucional\/","url":"https:\/\/www.fiarebancaetica.coop\/gl\/identidade\/perfil-institucional\/","name":"Fiare Banca Etica - Perfil institucional: \u00d3rganos obrigatorios e \u00f3rganos voluntarios","isPartOf":{"@id":"https:\/\/www.fiarebancaetica.coop\/gl\/#website"},"primaryImageOfPage":{"@id":"https:\/\/www.fiarebancaetica.coop\/gl\/identidade\/perfil-institucional\/#primaryimage"},"image":{"@id":"https:\/\/www.fiarebancaetica.coop\/gl\/identidade\/perfil-institucional\/#primaryimage"},"thumbnailUrl":"http:\/\/www.fiarebancaetica.coop\/app\/uploads\/sites\/2\/2023\/11\/VISUALES_TODOS_socio-1024x576.png","datePublished":"2023-11-28T07:44:55+00:00","dateModified":"2024-12-05T10:01:31+00:00","breadcrumb":{"@id":"https:\/\/www.fiarebancaetica.coop\/gl\/identidade\/perfil-institucional\/#breadcrumb"},"inLanguage":"gl-ES","potentialAction":[{"@type":"ReadAction","target":["https:\/\/www.fiarebancaetica.coop\/gl\/identidade\/perfil-institucional\/"]}]},{"@type":"ImageObject","inLanguage":"gl-ES","@id":"https:\/\/www.fiarebancaetica.coop\/gl\/identidade\/perfil-institucional\/#primaryimage","url":"http:\/\/www.fiarebancaetica.coop\/app\/uploads\/sites\/2\/2023\/11\/VISUALES_TODOS_socio-1024x576.png","contentUrl":"http:\/\/www.fiarebancaetica.coop\/app\/uploads\/sites\/2\/2023\/11\/VISUALES_TODOS_socio-1024x576.png"},{"@type":"BreadcrumbList","@id":"https:\/\/www.fiarebancaetica.coop\/gl\/identidade\/perfil-institucional\/#breadcrumb","itemListElement":[{"@type":"ListItem","position":1,"name":"Home","item":"https:\/\/www.fiarebancaetica.coop\/gl\/"},{"@type":"ListItem","position":2,"name":"Identidade","item":"https:\/\/www.fiarebancaetica.coop\/gl\/identidade\/"},{"@type":"ListItem","position":3,"name":"Perfil institucional"}]},{"@type":"WebSite","@id":"https:\/\/www.fiarebancaetica.coop\/gl\/#website","url":"https:\/\/www.fiarebancaetica.coop\/gl\/","name":"Fiare Banca Etica","description":"","potentialAction":[{"@type":"SearchAction","target":{"@type":"EntryPoint","urlTemplate":"https:\/\/www.fiarebancaetica.coop\/gl\/?s={search_term_string}"},"query-input":{"@type":"PropertyValueSpecification","valueRequired":true,"valueName":"search_term_string"}}],"inLanguage":"gl-ES"}]}},"_links":{"self":[{"href":"https:\/\/www.fiarebancaetica.coop\/gl\/wp-json\/wp\/v2\/pages\/314668","targetHints":{"allow":["GET"]}}],"collection":[{"href":"https:\/\/www.fiarebancaetica.coop\/gl\/wp-json\/wp\/v2\/pages"}],"about":[{"href":"https:\/\/www.fiarebancaetica.coop\/gl\/wp-json\/wp\/v2\/types\/page"}],"author":[{"embeddable":true,"href":"https:\/\/www.fiarebancaetica.coop\/gl\/wp-json\/wp\/v2\/users\/6693"}],"replies":[{"embeddable":true,"href":"https:\/\/www.fiarebancaetica.coop\/gl\/wp-json\/wp\/v2\/comments?post=314668"}],"version-history":[{"count":13,"href":"https:\/\/www.fiarebancaetica.coop\/gl\/wp-json\/wp\/v2\/pages\/314668\/revisions"}],"predecessor-version":[{"id":381247,"href":"https:\/\/www.fiarebancaetica.coop\/gl\/wp-json\/wp\/v2\/pages\/314668\/revisions\/381247"}],"up":[{"embeddable":true,"href":"https:\/\/www.fiarebancaetica.coop\/gl\/wp-json\/wp\/v2\/pages\/314818"}],"wp:attachment":[{"href":"https:\/\/www.fiarebancaetica.coop\/gl\/wp-json\/wp\/v2\/media?parent=314668"}],"wp:term":[{"taxonomy":"author","embeddable":true,"href":"https:\/\/www.fiarebancaetica.coop\/gl\/wp-json\/wp\/v2\/coauthors?post=314668"}],"curies":[{"name":"wp","href":"https:\/\/api.w.org\/{rel}","templated":true}]}}