{"id":314818,"date":"2023-11-27T15:48:34","date_gmt":"2023-11-27T14:48:34","guid":{"rendered":"https:\/\/www.fiarebancaetica.coop\/?page_id=314818"},"modified":"2024-04-17T13:31:17","modified_gmt":"2024-04-17T11:31:17","slug":"identidade","status":"publish","type":"page","link":"https:\/\/www.fiarebancaetica.coop\/gl\/identidade\/","title":{"rendered":"Identidade"},"content":{"rendered":"\n<div class=\"wrapper-crispybacon-class wrapper-crispybacon-class-medium \">\n    \n\n<h1 class=\"is-style-lyon wp-block-heading\" id=\"block-f3f87c14-f557-4e8a-89d4-84b424f02129\"><span class=\"has-inline-color has-blue-color\">Identidade<\/span><br>Somos persoas, un banco de persoas<\/h1>\n\n\n\n<p>Persoas normais e correntes que cren que o valor social do di\u00f1eiro deber\u00eda ser o aut\u00e9ntico valor do di\u00f1eiro, persoas cuns principios \u00e9ticos aos que non estamos dispostas a renunciar. Principios como a xustiza social, a sustentabilidade do planeta, o cooperativismo, a transparencia ou a paz. Porque o teu di\u00f1eiro tam\u00e9n ten principios.<\/p>\n\n\n\n<p><strong>Fiare Banca Etica<\/strong> nace da uni\u00f3n de <a href=\"https:\/\/www.bancaetica.it\/\" target=\"_blank\" rel=\"noreferrer noopener\"><strong>Banca Popolare Etica<\/strong><\/a>, que traballa en Italia desde 1999, e Fiare, en Espa\u00f1a desde 2005. E o noso obxectivo \u00e9 converternos <strong>nunha ferramenta ao servizo da transformaci\u00f3n social a trav\u00e9s do financiamento<\/strong> de proxectos do terceiro sector, a econom\u00eda social e solidaria, e a promoci\u00f3n dunha cultura cos principios da transparencia, a participaci\u00f3n e a democracia.<\/p>\n\n\n<\/div>\n\n\n<div style=\"height:45px\" aria-hidden=\"true\" class=\"wp-block-spacer\"><\/div>\n\n\n\n<div class=\"wrapper-crispybacon-class wrapper-crispybacon-class-medium \">\n    \n\n<div class=\"wp-block-columns is-layout-flex wp-container-core-columns-is-layout-9d6595d7 wp-block-columns-is-layout-flex\">\n<div class=\"wp-block-column is-vertically-aligned-center is-layout-flow wp-block-column-is-layout-flow\">\n<div class=\"wp-block-image\"><figure class=\"aligncenter size-large\"><img loading=\"lazy\" decoding=\"async\" width=\"1024\" height=\"576\" src=\"http:\/\/www.fiarebancaetica.coop\/app\/uploads\/sites\/2\/2023\/11\/VISUALES_TODOS_eticasocias-1024x576.png\" alt=\"\" class=\"wp-image-314677\" srcset=\"https:\/\/www.fiarebancaetica.coop\/app\/uploads\/sites\/2\/2023\/11\/VISUALES_TODOS_eticasocias-1024x576.png 1024w, https:\/\/www.fiarebancaetica.coop\/app\/uploads\/sites\/2\/2023\/11\/VISUALES_TODOS_eticasocias-300x169.png 300w, https:\/\/www.fiarebancaetica.coop\/app\/uploads\/sites\/2\/2023\/11\/VISUALES_TODOS_eticasocias-768x432.png 768w, https:\/\/www.fiarebancaetica.coop\/app\/uploads\/sites\/2\/2023\/11\/VISUALES_TODOS_eticasocias-1536x864.png 1536w, https:\/\/www.fiarebancaetica.coop\/app\/uploads\/sites\/2\/2023\/11\/VISUALES_TODOS_eticasocias-640x360.png 640w, https:\/\/www.fiarebancaetica.coop\/app\/uploads\/sites\/2\/2023\/11\/VISUALES_TODOS_eticasocias-400x225.png 400w, https:\/\/www.fiarebancaetica.coop\/app\/uploads\/sites\/2\/2023\/11\/VISUALES_TODOS_eticasocias.png 1920w\" sizes=\"auto, (max-width: 1024px) 100vw, 1024px\" \/><\/figure><\/div>\n\n\n\n<p><\/p>\n<\/div>\n\n\n\n<div class=\"wp-block-column is-layout-flow wp-block-column-is-layout-flow\">\n<div class=\"wp-block-columns is-layout-flex wp-container-core-columns-is-layout-9d6595d7 wp-block-columns-is-layout-flex\">\n<div class=\"wp-block-column is-layout-flow wp-block-column-is-layout-flow\" style=\"flex-basis:100%\">\n<div class=\"wrapper-crispybacon-class wrapper-crispybacon-class-wide \">\n    \n\n<h2 class=\"is-style-lyon wp-block-heading\"><span class=\"has-inline-color has-blue-color\">As nosas socias e socios<\/span><\/h2>\n\n\n\n<p>Somos un banco cooperativo de referencia en Europa con <a href=\"https:\/\/www.fiarebancaetica.coop\/gl\/asociate\/\" target=\"_blank\" rel=\"noreferrer noopener\">m\u00e1is de 46.000 persoas socias entre Espa\u00f1a e Italia<\/a>, organizadas en cinco \u00e1reas xeogr\u00e1ficas con diferentes \u00f3rganos de participaci\u00f3n. O principio de <strong>\u00abunha persoa, un voto\u00bb<\/strong> garante a nosa xesti\u00f3n democr\u00e1tica e o noso compromiso \u00e9tico.<\/p>\n\n\n<\/div><\/div>\n<\/div>\n<\/div>\n<\/div>\n\n\n\n<hr class=\"wp-block-separator\"\/>\n\n\n\n<div class=\"wp-block-columns is-layout-flex wp-container-core-columns-is-layout-9d6595d7 wp-block-columns-is-layout-flex\">\n<div class=\"wp-block-column is-layout-flow wp-block-column-is-layout-flow\">\n<div class=\"wrapper-crispybacon-class wrapper-crispybacon-class-wide \">\n    \n\n<h2 class=\"is-style-lyon wp-block-heading\"><span class=\"has-inline-color has-blue-color\">O noso impacto<\/span><\/h2>\n\n\n\n<p>O noso obxectivo \u00e9 recuperar o valor social do di\u00f1eiro. Por iso, <strong>os dep\u00f3sitos de aforro<\/strong> das persoas e organizaci\u00f3ns <strong>serven para financiar<\/strong> <a href=\"https:\/\/www.fiarebancaetica.coop\/gl\/identidade\/politica-de-credito\/\" target=\"_blank\" rel=\"noreferrer noopener\">proxectos vinculados<\/a> \u00e1 inserci\u00f3n social e laboral de persoas, a agroecolox\u00eda, a eficiencia enerx\u00e9tica, a educaci\u00f3n e a cultura, e o comercio xusto, entre outros.<\/p>\n\n\n<\/div><\/div>\n\n\n\n<div class=\"wp-block-column is-vertically-aligned-center is-layout-flow wp-block-column-is-layout-flow\">\n<figure class=\"wp-block-image size-large\"><img loading=\"lazy\" decoding=\"async\" width=\"1024\" height=\"576\" src=\"http:\/\/www.fiarebancaetica.coop\/app\/uploads\/sites\/2\/2023\/11\/VISUALES_TODOS_mision-1024x576.png\" alt=\"\" class=\"wp-image-314684\" srcset=\"https:\/\/www.fiarebancaetica.coop\/app\/uploads\/sites\/2\/2023\/11\/VISUALES_TODOS_mision-1024x576.png 1024w, https:\/\/www.fiarebancaetica.coop\/app\/uploads\/sites\/2\/2023\/11\/VISUALES_TODOS_mision-300x169.png 300w, https:\/\/www.fiarebancaetica.coop\/app\/uploads\/sites\/2\/2023\/11\/VISUALES_TODOS_mision-768x432.png 768w, https:\/\/www.fiarebancaetica.coop\/app\/uploads\/sites\/2\/2023\/11\/VISUALES_TODOS_mision-1536x864.png 1536w, https:\/\/www.fiarebancaetica.coop\/app\/uploads\/sites\/2\/2023\/11\/VISUALES_TODOS_mision-640x360.png 640w, https:\/\/www.fiarebancaetica.coop\/app\/uploads\/sites\/2\/2023\/11\/VISUALES_TODOS_mision-400x225.png 400w, https:\/\/www.fiarebancaetica.coop\/app\/uploads\/sites\/2\/2023\/11\/VISUALES_TODOS_mision.png 1920w\" sizes=\"auto, (max-width: 1024px) 100vw, 1024px\" \/><\/figure>\n<\/div>\n<\/div>\n\n\n\n<hr class=\"wp-block-separator is-style-default\"\/>\n\n\n\n<div class=\"wp-block-columns is-layout-flex wp-container-core-columns-is-layout-9d6595d7 wp-block-columns-is-layout-flex\">\n<div class=\"wp-block-column is-vertically-aligned-center is-layout-flow wp-block-column-is-layout-flow\">\n<div class=\"wp-block-image\"><figure class=\"aligncenter size-large\"><img loading=\"lazy\" decoding=\"async\" width=\"1024\" height=\"576\" src=\"http:\/\/www.fiarebancaetica.coop\/app\/uploads\/sites\/2\/2023\/11\/VISUALES_TODOS_proyectos-1024x576.png\" alt=\"\" class=\"wp-image-314717\" srcset=\"https:\/\/www.fiarebancaetica.coop\/app\/uploads\/sites\/2\/2023\/11\/VISUALES_TODOS_proyectos-1024x576.png 1024w, https:\/\/www.fiarebancaetica.coop\/app\/uploads\/sites\/2\/2023\/11\/VISUALES_TODOS_proyectos-300x169.png 300w, https:\/\/www.fiarebancaetica.coop\/app\/uploads\/sites\/2\/2023\/11\/VISUALES_TODOS_proyectos-768x432.png 768w, https:\/\/www.fiarebancaetica.coop\/app\/uploads\/sites\/2\/2023\/11\/VISUALES_TODOS_proyectos-1536x864.png 1536w, https:\/\/www.fiarebancaetica.coop\/app\/uploads\/sites\/2\/2023\/11\/VISUALES_TODOS_proyectos-640x360.png 640w, https:\/\/www.fiarebancaetica.coop\/app\/uploads\/sites\/2\/2023\/11\/VISUALES_TODOS_proyectos-400x225.png 400w, https:\/\/www.fiarebancaetica.coop\/app\/uploads\/sites\/2\/2023\/11\/VISUALES_TODOS_proyectos.png 1920w\" sizes=\"auto, (max-width: 1024px) 100vw, 1024px\" \/><\/figure><\/div>\n\n\n\n<p><\/p>\n<\/div>\n\n\n\n<div class=\"wp-block-column is-layout-flow wp-block-column-is-layout-flow\">\n<div class=\"wrapper-crispybacon-class wrapper-crispybacon-class-wide \">\n    \n\n<h2 class=\"is-style-lyon wp-block-heading\"><span class=\"has-inline-color has-blue-color\">A nosa transparencia<\/span><\/h2>\n\n\n\n<p>A transparencia \u00e9 o noso alicerce fundamental e implica saber onde se inviste o di\u00f1eiro. Os <a href=\"https:\/\/www.fiarebancaetica.coop\/gl\/conmidinero\/\" target=\"_blank\" rel=\"noreferrer noopener\">proxectos financiados<\/a>, ademais de ser sometidos a unha atenta avaliaci\u00f3n econ\u00f3mica, social e ambiental, tam\u00e9n constit\u00faen o noso capital de confianza.<\/p>\n\n\n<\/div><\/div>\n<\/div>\n\n\n\n<hr class=\"wp-block-separator is-style-default\"\/>\n\n\n\n<div class=\"wp-block-columns is-layout-flex wp-container-core-columns-is-layout-9d6595d7 wp-block-columns-is-layout-flex\">\n<div class=\"wp-block-column is-layout-flow wp-block-column-is-layout-flow\">\n<div class=\"wrapper-crispybacon-class wrapper-crispybacon-class-wide \">\n    \n\n<h2 class=\"is-style-lyon wp-block-heading\"><span class=\"has-inline-color has-blue-color\">Os nosos n\u00fameros<\/span><\/h2>\n\n\n\n<p>Descubre os datos m\u00e1is relevantes sobre a evoluci\u00f3n do banco (capital social, persoas e entidades socias, captaci\u00f3n e empr\u00e9stitos concedidos\u2026) no noso <a href=\"https:\/\/balancesocial.fiarebancaetica.coop\/\" target=\"_blank\" rel=\"noreferrer noopener\">balance social<\/a>.<\/p>\n\n\n<\/div><\/div>\n\n\n\n<div class=\"wp-block-column is-layout-flow wp-block-column-is-layout-flow\">\n<figure class=\"wp-block-image size-large\"><img loading=\"lazy\" decoding=\"async\" width=\"1024\" height=\"576\" src=\"http:\/\/www.fiarebancaetica.coop\/app\/uploads\/sites\/2\/2023\/11\/VISUALES_TODOS_paraiso-1024x576.png\" alt=\"\" class=\"wp-image-314723\" srcset=\"https:\/\/www.fiarebancaetica.coop\/app\/uploads\/sites\/2\/2023\/11\/VISUALES_TODOS_paraiso-1024x576.png 1024w, https:\/\/www.fiarebancaetica.coop\/app\/uploads\/sites\/2\/2023\/11\/VISUALES_TODOS_paraiso-300x169.png 300w, https:\/\/www.fiarebancaetica.coop\/app\/uploads\/sites\/2\/2023\/11\/VISUALES_TODOS_paraiso-768x432.png 768w, https:\/\/www.fiarebancaetica.coop\/app\/uploads\/sites\/2\/2023\/11\/VISUALES_TODOS_paraiso-1536x864.png 1536w, https:\/\/www.fiarebancaetica.coop\/app\/uploads\/sites\/2\/2023\/11\/VISUALES_TODOS_paraiso-640x360.png 640w, https:\/\/www.fiarebancaetica.coop\/app\/uploads\/sites\/2\/2023\/11\/VISUALES_TODOS_paraiso-400x225.png 400w, https:\/\/www.fiarebancaetica.coop\/app\/uploads\/sites\/2\/2023\/11\/VISUALES_TODOS_paraiso.png 1920w\" sizes=\"auto, (max-width: 1024px) 100vw, 1024px\" \/><\/figure>\n<\/div>\n<\/div>\n\n\n<\/div>","protected":false},"excerpt":{"rendered":"","protected":false},"author":6693,"featured_media":0,"parent":0,"menu_order":0,"comment_status":"closed","ping_status":"closed","template":"","meta":{"_acf_changed":false,"footnotes":""},"coauthors":[10743],"class_list":["post-314818","page","type-page","status-publish","hentry","crispybacon-hidden-page-title"],"acf":[],"yoast_head":"<!-- This site is optimized with the Yoast SEO plugin v26.9 - https:\/\/yoast.com\/product\/yoast-seo-wordpress\/ -->\n<title>Fiare Banca Etica - Identidade: Impacto, transparencia e n\u00fameros<\/title>\n<meta name=\"robots\" content=\"index, follow, max-snippet:-1, max-image-preview:large, max-video-preview:-1\" \/>\n<link rel=\"canonical\" href=\"https:\/\/www.fiarebancaetica.coop\/gl\/identidade\/\" \/>\n<meta property=\"og:locale\" content=\"gl_ES\" \/>\n<meta property=\"og:type\" content=\"article\" \/>\n<meta property=\"og:title\" content=\"Fiare Banca Etica - Identidade: Impacto, transparencia e n\u00fameros\" \/>\n<meta property=\"og:url\" content=\"https:\/\/www.fiarebancaetica.coop\/gl\/identidade\/\" \/>\n<meta property=\"og:site_name\" content=\"Fiare Banca Etica\" \/>\n<meta property=\"article:modified_time\" content=\"2024-04-17T11:31:17+00:00\" \/>\n<meta property=\"og:image\" content=\"http:\/\/www.fiarebancaetica.coop\/app\/uploads\/sites\/2\/2023\/11\/VISUALES_TODOS_eticasocias-1024x576.png\" \/>\n<meta name=\"twitter:card\" content=\"summary_large_image\" \/>\n<script type=\"application\/ld+json\" class=\"yoast-schema-graph\">{\"@context\":\"https:\/\/schema.org\",\"@graph\":[{\"@type\":\"WebPage\",\"@id\":\"https:\/\/www.fiarebancaetica.coop\/gl\/identidade\/\",\"url\":\"https:\/\/www.fiarebancaetica.coop\/gl\/identidade\/\",\"name\":\"Fiare Banca Etica - Identidade: Impacto, transparencia e n\u00fameros\",\"isPartOf\":{\"@id\":\"https:\/\/www.fiarebancaetica.coop\/gl\/#website\"},\"primaryImageOfPage\":{\"@id\":\"https:\/\/www.fiarebancaetica.coop\/gl\/identidade\/#primaryimage\"},\"image\":{\"@id\":\"https:\/\/www.fiarebancaetica.coop\/gl\/identidade\/#primaryimage\"},\"thumbnailUrl\":\"http:\/\/www.fiarebancaetica.coop\/app\/uploads\/sites\/2\/2023\/11\/VISUALES_TODOS_eticasocias-1024x576.png\",\"datePublished\":\"2023-11-27T14:48:34+00:00\",\"dateModified\":\"2024-04-17T11:31:17+00:00\",\"breadcrumb\":{\"@id\":\"https:\/\/www.fiarebancaetica.coop\/gl\/identidade\/#breadcrumb\"},\"inLanguage\":\"gl-ES\",\"potentialAction\":[{\"@type\":\"ReadAction\",\"target\":[\"https:\/\/www.fiarebancaetica.coop\/gl\/identidade\/\"]}]},{\"@type\":\"ImageObject\",\"inLanguage\":\"gl-ES\",\"@id\":\"https:\/\/www.fiarebancaetica.coop\/gl\/identidade\/#primaryimage\",\"url\":\"http:\/\/www.fiarebancaetica.coop\/app\/uploads\/sites\/2\/2023\/11\/VISUALES_TODOS_eticasocias-1024x576.png\",\"contentUrl\":\"http:\/\/www.fiarebancaetica.coop\/app\/uploads\/sites\/2\/2023\/11\/VISUALES_TODOS_eticasocias-1024x576.png\"},{\"@type\":\"BreadcrumbList\",\"@id\":\"https:\/\/www.fiarebancaetica.coop\/gl\/identidade\/#breadcrumb\",\"itemListElement\":[{\"@type\":\"ListItem\",\"position\":1,\"name\":\"Home\",\"item\":\"https:\/\/www.fiarebancaetica.coop\/gl\/\"},{\"@type\":\"ListItem\",\"position\":2,\"name\":\"Identidade\"}]},{\"@type\":\"WebSite\",\"@id\":\"https:\/\/www.fiarebancaetica.coop\/gl\/#website\",\"url\":\"https:\/\/www.fiarebancaetica.coop\/gl\/\",\"name\":\"Fiare Banca Etica\",\"description\":\"\",\"potentialAction\":[{\"@type\":\"SearchAction\",\"target\":{\"@type\":\"EntryPoint\",\"urlTemplate\":\"https:\/\/www.fiarebancaetica.coop\/gl\/?s={search_term_string}\"},\"query-input\":{\"@type\":\"PropertyValueSpecification\",\"valueRequired\":true,\"valueName\":\"search_term_string\"}}],\"inLanguage\":\"gl-ES\"}]}<\/script>\n<!-- \/ Yoast SEO plugin. -->","yoast_head_json":{"title":"Fiare Banca Etica - Identidade: Impacto, transparencia e n\u00fameros","robots":{"index":"index","follow":"follow","max-snippet":"max-snippet:-1","max-image-preview":"max-image-preview:large","max-video-preview":"max-video-preview:-1"},"canonical":"https:\/\/www.fiarebancaetica.coop\/gl\/identidade\/","og_locale":"gl_ES","og_type":"article","og_title":"Fiare Banca Etica - Identidade: Impacto, transparencia e n\u00fameros","og_url":"https:\/\/www.fiarebancaetica.coop\/gl\/identidade\/","og_site_name":"Fiare Banca Etica","article_modified_time":"2024-04-17T11:31:17+00:00","og_image":[{"url":"http:\/\/www.fiarebancaetica.coop\/app\/uploads\/sites\/2\/2023\/11\/VISUALES_TODOS_eticasocias-1024x576.png","type":"","width":"","height":""}],"twitter_card":"summary_large_image","schema":{"@context":"https:\/\/schema.org","@graph":[{"@type":"WebPage","@id":"https:\/\/www.fiarebancaetica.coop\/gl\/identidade\/","url":"https:\/\/www.fiarebancaetica.coop\/gl\/identidade\/","name":"Fiare Banca Etica - Identidade: Impacto, transparencia e n\u00fameros","isPartOf":{"@id":"https:\/\/www.fiarebancaetica.coop\/gl\/#website"},"primaryImageOfPage":{"@id":"https:\/\/www.fiarebancaetica.coop\/gl\/identidade\/#primaryimage"},"image":{"@id":"https:\/\/www.fiarebancaetica.coop\/gl\/identidade\/#primaryimage"},"thumbnailUrl":"http:\/\/www.fiarebancaetica.coop\/app\/uploads\/sites\/2\/2023\/11\/VISUALES_TODOS_eticasocias-1024x576.png","datePublished":"2023-11-27T14:48:34+00:00","dateModified":"2024-04-17T11:31:17+00:00","breadcrumb":{"@id":"https:\/\/www.fiarebancaetica.coop\/gl\/identidade\/#breadcrumb"},"inLanguage":"gl-ES","potentialAction":[{"@type":"ReadAction","target":["https:\/\/www.fiarebancaetica.coop\/gl\/identidade\/"]}]},{"@type":"ImageObject","inLanguage":"gl-ES","@id":"https:\/\/www.fiarebancaetica.coop\/gl\/identidade\/#primaryimage","url":"http:\/\/www.fiarebancaetica.coop\/app\/uploads\/sites\/2\/2023\/11\/VISUALES_TODOS_eticasocias-1024x576.png","contentUrl":"http:\/\/www.fiarebancaetica.coop\/app\/uploads\/sites\/2\/2023\/11\/VISUALES_TODOS_eticasocias-1024x576.png"},{"@type":"BreadcrumbList","@id":"https:\/\/www.fiarebancaetica.coop\/gl\/identidade\/#breadcrumb","itemListElement":[{"@type":"ListItem","position":1,"name":"Home","item":"https:\/\/www.fiarebancaetica.coop\/gl\/"},{"@type":"ListItem","position":2,"name":"Identidade"}]},{"@type":"WebSite","@id":"https:\/\/www.fiarebancaetica.coop\/gl\/#website","url":"https:\/\/www.fiarebancaetica.coop\/gl\/","name":"Fiare Banca Etica","description":"","potentialAction":[{"@type":"SearchAction","target":{"@type":"EntryPoint","urlTemplate":"https:\/\/www.fiarebancaetica.coop\/gl\/?s={search_term_string}"},"query-input":{"@type":"PropertyValueSpecification","valueRequired":true,"valueName":"search_term_string"}}],"inLanguage":"gl-ES"}]}},"_links":{"self":[{"href":"https:\/\/www.fiarebancaetica.coop\/gl\/wp-json\/wp\/v2\/pages\/314818","targetHints":{"allow":["GET"]}}],"collection":[{"href":"https:\/\/www.fiarebancaetica.coop\/gl\/wp-json\/wp\/v2\/pages"}],"about":[{"href":"https:\/\/www.fiarebancaetica.coop\/gl\/wp-json\/wp\/v2\/types\/page"}],"author":[{"embeddable":true,"href":"https:\/\/www.fiarebancaetica.coop\/gl\/wp-json\/wp\/v2\/users\/6693"}],"replies":[{"embeddable":true,"href":"https:\/\/www.fiarebancaetica.coop\/gl\/wp-json\/wp\/v2\/comments?post=314818"}],"version-history":[{"count":11,"href":"https:\/\/www.fiarebancaetica.coop\/gl\/wp-json\/wp\/v2\/pages\/314818\/revisions"}],"predecessor-version":[{"id":373533,"href":"https:\/\/www.fiarebancaetica.coop\/gl\/wp-json\/wp\/v2\/pages\/314818\/revisions\/373533"}],"wp:attachment":[{"href":"https:\/\/www.fiarebancaetica.coop\/gl\/wp-json\/wp\/v2\/media?parent=314818"}],"wp:term":[{"taxonomy":"author","embeddable":true,"href":"https:\/\/www.fiarebancaetica.coop\/gl\/wp-json\/wp\/v2\/coauthors?post=314818"}],"curies":[{"name":"wp","href":"https:\/\/api.w.org\/{rel}","templated":true}]}}