{"id":314829,"date":"2023-11-28T09:04:26","date_gmt":"2023-11-28T08:04:26","guid":{"rendered":"https:\/\/www.fiarebancaetica.coop\/?page_id=314829"},"modified":"2024-02-20T16:38:54","modified_gmt":"2024-02-20T15:38:54","slug":"internacional","status":"publish","type":"page","link":"https:\/\/www.fiarebancaetica.coop\/gl\/identidade\/internacional\/","title":{"rendered":"Internacional"},"content":{"rendered":"\n<div class=\"wrapper-crispybacon-class wrapper-crispybacon-class-medium \">\n    \n\n<h1 class=\"is-style-lyon wp-block-heading\"><span class=\"has-inline-color has-blue-color\">Internacional<\/span><br>Non estamos soas<\/h1>\n\n\n\n<p>Non nos conformamos con axudar \u00e1 nosa xente, \u00e1 nosa comunidade, ao noso pa\u00eds. A xustiza social, as oportunidades ou a sustentabilidade son principios \u00e9ticos que marcan o cami\u00f1o a moitas outras entidades financeiras de todo o mundo. Xuntas podemos conseguilo.<\/p>\n\n\n\n<p>Fiare Banca Etica desenvolveu relaci\u00f3ns con institutos e organizaci\u00f3ns de varios pa\u00edses que comparten o compromiso para a construci\u00f3n dunhas finanzas \u00e9ticas e unha econom\u00eda solidaria ao servizo do desenvolvemento humano, social e ambiental sustentable. Somos entidade socia da Federaci\u00f3n Europea de Bancos \u00c9ticos e Alternativos, e colaboramos coa <a href=\"http:\/\/www.gabv.org\/\"><strong>Global Alliance for Banking on Values<\/strong><\/a>.<\/p>\n\n\n<\/div>\n\n\n<div class=\"wrapper-crispybacon-class wrapper-crispybacon-class-wide \">\n    \n\n<div class=\"wp-block-bancaetica-blocks-blocks-block-16\"><div class=\"container-block\"><div class=\"content\"><h2 class=\"section-title\">FEBEA<\/h2><h5 class=\"sub-title\"><\/h5><p class=\"section-content\">FEBEA (Federaci\u00f3n Europea de Bancos \u00c9ticos e Alternativos) \u00e9 unha organizaci\u00f3n belga sen fins de lucro constitu\u00edda en 2001 por Banca Etica canda Cr\u00e9dit Coop\u00e9ratif e Caisse Solidaire du Nord Pas-de-Calais (Francia), Cr\u00e9dal e Hefboom (B\u00e9lgica) e TISE (Polonia) para o desenvolvemento das finanzas \u00e9ticas e xustas en Europa. Na actualidade incl\u00fae 9 bancos, 6 cooperativas financeiras, 5 sociedades de investimento e 3 fundaci\u00f3ns.<br>\u00c9 un lugar de intercambio de experiencias e boas pr\u00e1cticas. Por\u00e9n, sobre todo, crea os instrumentos financeiros de soporte para as instituci\u00f3ns existentes e que est\u00e1n nacendo no campo das finanzas alternativas. Conta con tres instrumentos principais: o fondo de garant\u00eda \u00abGarantie Solidaire\u00bb, o fondo de investimento \u00abChoix Solidaire\u00bb (manexados ambos por Cr\u00e9dit Coop\u00e9ratif) e a sociedade financeira SEFEA.<br><\/p><\/div><div class=\"two-columns\"><div class=\"col image-block\"><img decoding=\"async\" src=\"http:\/\/www.fiarebancaetica.coop\/app\/uploads\/sites\/2\/2023\/11\/febea.png\" alt=\"\" \/><\/div><div class=\"icon icon-frontend\"><a href=\"https:\/\/febea.org\/\" id=\"url-cat\" target=\"_blank\" rel=\"noopener\"><i class=\"icon-circle-next\"><\/i><\/a><\/div><\/div><\/div><\/div>\n\n\n\n<div class=\"wp-block-bancaetica-blocks-blocks-block-16\"><div class=\"container-block\"><div class=\"content\"><h2 class=\"section-title\">Global Alliance for Banking on Values<\/h2><h5 class=\"sub-title\"><\/h5><p class=\"section-content\">A Global Alliance for Banking on Values (GABV, Alianza Global por unha Banca con Valores) \u00e9 unha rede independente composta por bancos que operan en todo o mundo inspir\u00e1ndose nos principios das finanzas \u00e9ticas.<br>Nada en 2009, conta con 19 bancos adheridos que funcionan en 24 pa\u00edses.<br>A GABV proponse como unha alternativa crible ao actual sistema financeiro, que provocou a crise que estamos a vivir. Cada banco adherido \u00e1 GABV \u00e9 \u00fanico, pero todos comparten o compromiso de utilizar o di\u00f1eiro depositado polas persoas aforradoras en beneficio dos seres humanos e o medio ambiente. As decisi\u00f3ns de negocio t\u00f3manse, en primeiro lugar, para dar resposta \u00e1s necesidades humanas esenciais e, despois, estimando como satisfacer esas esixencias de xeito financeiramente sustentable.<br>Os bancos que forman parte da GABV son: Affinity Credit Union (O Canad\u00e1), Alternative Bank Shweitz AG (Su\u00edza), Assiniboine Credit Union (O Canad\u00e1), Banca Popolare Etica (Italia e Espa\u00f1a), Banco Sol (Bolivia), Bankmecu Responsible Banking (Australia), Brac Bank (Bangladesh), Cultura Bank (Noruega), First Green Bank (Estados Unidos), Gls Bank (Alema\u00f1a).<\/p><\/div><div class=\"two-columns\"><div class=\"col image-block\"><img decoding=\"async\" src=\"http:\/\/www.fiarebancaetica.coop\/app\/uploads\/sites\/2\/2023\/11\/global-alliance.png\" alt=\"\" \/><\/div><div class=\"icon icon-frontend\"><a href=\"https:\/\/www.gabv.org\/\" id=\"url-cat\" target=\"_blank\" rel=\"noopener\"><i class=\"icon-circle-next\"><\/i><\/a><\/div><\/div><\/div><\/div>\n\n\n<\/div>\n\n\n<div style=\"height:20px\" aria-hidden=\"true\" class=\"wp-block-spacer\"><\/div>\n\n\n\n<div style=\"height:100px\" aria-hidden=\"true\" class=\"wp-block-spacer\"><\/div>\n","protected":false},"excerpt":{"rendered":"","protected":false},"author":6693,"featured_media":0,"parent":314818,"menu_order":0,"comment_status":"closed","ping_status":"closed","template":"","meta":{"_acf_changed":false,"footnotes":""},"coauthors":[10743],"class_list":["post-314829","page","type-page","status-publish","hentry","crispybacon-hidden-page-title"],"acf":[],"yoast_head":"<!-- This site is optimized with the Yoast SEO plugin v26.9 - https:\/\/yoast.com\/product\/yoast-seo-wordpress\/ -->\n<title>Internacional - Fiare Banca Etica<\/title>\n<meta name=\"robots\" content=\"index, follow, max-snippet:-1, max-image-preview:large, max-video-preview:-1\" \/>\n<link rel=\"canonical\" href=\"https:\/\/www.fiarebancaetica.coop\/gl\/identidade\/internacional\/\" \/>\n<meta property=\"og:locale\" content=\"gl_ES\" \/>\n<meta property=\"og:type\" content=\"article\" \/>\n<meta property=\"og:title\" content=\"Internacional - Fiare Banca Etica\" \/>\n<meta property=\"og:url\" content=\"https:\/\/www.fiarebancaetica.coop\/gl\/identidade\/internacional\/\" \/>\n<meta property=\"og:site_name\" content=\"Fiare Banca Etica\" \/>\n<meta property=\"article:modified_time\" content=\"2024-02-20T15:38:54+00:00\" \/>\n<meta property=\"og:image\" content=\"http:\/\/www.fiarebancaetica.coop\/app\/uploads\/sites\/2\/2023\/11\/febea.png\" \/>\n<meta name=\"twitter:card\" content=\"summary_large_image\" \/>\n<script type=\"application\/ld+json\" class=\"yoast-schema-graph\">{\"@context\":\"https:\/\/schema.org\",\"@graph\":[{\"@type\":\"WebPage\",\"@id\":\"https:\/\/www.fiarebancaetica.coop\/gl\/identidade\/internacional\/\",\"url\":\"https:\/\/www.fiarebancaetica.coop\/gl\/identidade\/internacional\/\",\"name\":\"Internacional - Fiare Banca Etica\",\"isPartOf\":{\"@id\":\"https:\/\/www.fiarebancaetica.coop\/gl\/#website\"},\"primaryImageOfPage\":{\"@id\":\"https:\/\/www.fiarebancaetica.coop\/gl\/identidade\/internacional\/#primaryimage\"},\"image\":{\"@id\":\"https:\/\/www.fiarebancaetica.coop\/gl\/identidade\/internacional\/#primaryimage\"},\"thumbnailUrl\":\"http:\/\/www.fiarebancaetica.coop\/app\/uploads\/sites\/2\/2023\/11\/febea.png\",\"datePublished\":\"2023-11-28T08:04:26+00:00\",\"dateModified\":\"2024-02-20T15:38:54+00:00\",\"breadcrumb\":{\"@id\":\"https:\/\/www.fiarebancaetica.coop\/gl\/identidade\/internacional\/#breadcrumb\"},\"inLanguage\":\"gl-ES\",\"potentialAction\":[{\"@type\":\"ReadAction\",\"target\":[\"https:\/\/www.fiarebancaetica.coop\/gl\/identidade\/internacional\/\"]}]},{\"@type\":\"ImageObject\",\"inLanguage\":\"gl-ES\",\"@id\":\"https:\/\/www.fiarebancaetica.coop\/gl\/identidade\/internacional\/#primaryimage\",\"url\":\"http:\/\/www.fiarebancaetica.coop\/app\/uploads\/sites\/2\/2023\/11\/febea.png\",\"contentUrl\":\"http:\/\/www.fiarebancaetica.coop\/app\/uploads\/sites\/2\/2023\/11\/febea.png\"},{\"@type\":\"BreadcrumbList\",\"@id\":\"https:\/\/www.fiarebancaetica.coop\/gl\/identidade\/internacional\/#breadcrumb\",\"itemListElement\":[{\"@type\":\"ListItem\",\"position\":1,\"name\":\"Home\",\"item\":\"https:\/\/www.fiarebancaetica.coop\/gl\/\"},{\"@type\":\"ListItem\",\"position\":2,\"name\":\"Identidade\",\"item\":\"https:\/\/www.fiarebancaetica.coop\/gl\/identidade\/\"},{\"@type\":\"ListItem\",\"position\":3,\"name\":\"Internacional\"}]},{\"@type\":\"WebSite\",\"@id\":\"https:\/\/www.fiarebancaetica.coop\/gl\/#website\",\"url\":\"https:\/\/www.fiarebancaetica.coop\/gl\/\",\"name\":\"Fiare Banca Etica\",\"description\":\"\",\"potentialAction\":[{\"@type\":\"SearchAction\",\"target\":{\"@type\":\"EntryPoint\",\"urlTemplate\":\"https:\/\/www.fiarebancaetica.coop\/gl\/?s={search_term_string}\"},\"query-input\":{\"@type\":\"PropertyValueSpecification\",\"valueRequired\":true,\"valueName\":\"search_term_string\"}}],\"inLanguage\":\"gl-ES\"}]}<\/script>\n<!-- \/ Yoast SEO plugin. -->","yoast_head_json":{"title":"Internacional - Fiare Banca Etica","robots":{"index":"index","follow":"follow","max-snippet":"max-snippet:-1","max-image-preview":"max-image-preview:large","max-video-preview":"max-video-preview:-1"},"canonical":"https:\/\/www.fiarebancaetica.coop\/gl\/identidade\/internacional\/","og_locale":"gl_ES","og_type":"article","og_title":"Internacional - Fiare Banca Etica","og_url":"https:\/\/www.fiarebancaetica.coop\/gl\/identidade\/internacional\/","og_site_name":"Fiare Banca Etica","article_modified_time":"2024-02-20T15:38:54+00:00","og_image":[{"url":"http:\/\/www.fiarebancaetica.coop\/app\/uploads\/sites\/2\/2023\/11\/febea.png","type":"","width":"","height":""}],"twitter_card":"summary_large_image","schema":{"@context":"https:\/\/schema.org","@graph":[{"@type":"WebPage","@id":"https:\/\/www.fiarebancaetica.coop\/gl\/identidade\/internacional\/","url":"https:\/\/www.fiarebancaetica.coop\/gl\/identidade\/internacional\/","name":"Internacional - Fiare Banca Etica","isPartOf":{"@id":"https:\/\/www.fiarebancaetica.coop\/gl\/#website"},"primaryImageOfPage":{"@id":"https:\/\/www.fiarebancaetica.coop\/gl\/identidade\/internacional\/#primaryimage"},"image":{"@id":"https:\/\/www.fiarebancaetica.coop\/gl\/identidade\/internacional\/#primaryimage"},"thumbnailUrl":"http:\/\/www.fiarebancaetica.coop\/app\/uploads\/sites\/2\/2023\/11\/febea.png","datePublished":"2023-11-28T08:04:26+00:00","dateModified":"2024-02-20T15:38:54+00:00","breadcrumb":{"@id":"https:\/\/www.fiarebancaetica.coop\/gl\/identidade\/internacional\/#breadcrumb"},"inLanguage":"gl-ES","potentialAction":[{"@type":"ReadAction","target":["https:\/\/www.fiarebancaetica.coop\/gl\/identidade\/internacional\/"]}]},{"@type":"ImageObject","inLanguage":"gl-ES","@id":"https:\/\/www.fiarebancaetica.coop\/gl\/identidade\/internacional\/#primaryimage","url":"http:\/\/www.fiarebancaetica.coop\/app\/uploads\/sites\/2\/2023\/11\/febea.png","contentUrl":"http:\/\/www.fiarebancaetica.coop\/app\/uploads\/sites\/2\/2023\/11\/febea.png"},{"@type":"BreadcrumbList","@id":"https:\/\/www.fiarebancaetica.coop\/gl\/identidade\/internacional\/#breadcrumb","itemListElement":[{"@type":"ListItem","position":1,"name":"Home","item":"https:\/\/www.fiarebancaetica.coop\/gl\/"},{"@type":"ListItem","position":2,"name":"Identidade","item":"https:\/\/www.fiarebancaetica.coop\/gl\/identidade\/"},{"@type":"ListItem","position":3,"name":"Internacional"}]},{"@type":"WebSite","@id":"https:\/\/www.fiarebancaetica.coop\/gl\/#website","url":"https:\/\/www.fiarebancaetica.coop\/gl\/","name":"Fiare Banca Etica","description":"","potentialAction":[{"@type":"SearchAction","target":{"@type":"EntryPoint","urlTemplate":"https:\/\/www.fiarebancaetica.coop\/gl\/?s={search_term_string}"},"query-input":{"@type":"PropertyValueSpecification","valueRequired":true,"valueName":"search_term_string"}}],"inLanguage":"gl-ES"}]}},"_links":{"self":[{"href":"https:\/\/www.fiarebancaetica.coop\/gl\/wp-json\/wp\/v2\/pages\/314829","targetHints":{"allow":["GET"]}}],"collection":[{"href":"https:\/\/www.fiarebancaetica.coop\/gl\/wp-json\/wp\/v2\/pages"}],"about":[{"href":"https:\/\/www.fiarebancaetica.coop\/gl\/wp-json\/wp\/v2\/types\/page"}],"author":[{"embeddable":true,"href":"https:\/\/www.fiarebancaetica.coop\/gl\/wp-json\/wp\/v2\/users\/6693"}],"replies":[{"embeddable":true,"href":"https:\/\/www.fiarebancaetica.coop\/gl\/wp-json\/wp\/v2\/comments?post=314829"}],"version-history":[{"count":6,"href":"https:\/\/www.fiarebancaetica.coop\/gl\/wp-json\/wp\/v2\/pages\/314829\/revisions"}],"predecessor-version":[{"id":369916,"href":"https:\/\/www.fiarebancaetica.coop\/gl\/wp-json\/wp\/v2\/pages\/314829\/revisions\/369916"}],"up":[{"embeddable":true,"href":"https:\/\/www.fiarebancaetica.coop\/gl\/wp-json\/wp\/v2\/pages\/314818"}],"wp:attachment":[{"href":"https:\/\/www.fiarebancaetica.coop\/gl\/wp-json\/wp\/v2\/media?parent=314829"}],"wp:term":[{"taxonomy":"author","embeddable":true,"href":"https:\/\/www.fiarebancaetica.coop\/gl\/wp-json\/wp\/v2\/coauthors?post=314829"}],"curies":[{"name":"wp","href":"https:\/\/api.w.org\/{rel}","templated":true}]}}