{"id":314836,"date":"2023-11-28T09:09:22","date_gmt":"2023-11-28T08:09:22","guid":{"rendered":"https:\/\/www.fiarebancaetica.coop\/?page_id=314836"},"modified":"2024-02-20T16:38:52","modified_gmt":"2024-02-20T15:38:52","slug":"politica-de-credito","status":"publish","type":"page","link":"https:\/\/www.fiarebancaetica.coop\/gl\/identidade\/politica-de-credito\/","title":{"rendered":"Pol\u00edtica de Cr\u00e9dito"},"content":{"rendered":"\n<div class=\"wrapper-crispybacon-class wrapper-crispybacon-class-medium \">\n    \n\n<h1 class=\"has-text-align-left is-style-lyon wp-block-heading\"><span class=\"has-inline-color has-blue-color\">Pol\u00edtica de cr\u00e9dito<\/span><br>A quen financia o teu di\u00f1eiro e a quien non<\/h1>\n\n\n\n<p>Os cr\u00e9ditos que concedemos non est\u00e1n rexidos exclusivamente pola rendibilidade. En coherencia co noso \u00ab<a href=\"http:\/\/www.fiarebancaetica.coop\/app\/uploads\/sites\/2\/2024\/01\/manifiesto-politico.pdf\" target=\"_blank\" rel=\"noreferrer noopener\">Manifesto Pol\u00edtico<\/a>\u00bb, valoramos e eliximos os proxectos que imos apoiar tanto pola s\u00faa viabilidade como pola sensibilidade social, ambiental ou \u00e9tica que mostran.<\/p>\n\n\n\n<hr class=\"wp-block-separator\" \/>\n\n\n\n<p>As decisi\u00f3ns resultantes desta pol\u00edtica son fundamentais para garantir a coherencia entre a actividade operativa, a misi\u00f3n estatutaria e o noso <a href=\"http:\/\/www.fiarebancaetica.coop\/app\/uploads\/sites\/2\/2024\/01\/codigo-etico.pdf\" target=\"_blank\" rel=\"noreferrer noopener\">C\u00f3digo \u00c9tico<\/a> e est\u00e1n na base do pacto establecido coas nosas aforradoras e a nosa base social e clientela.<\/p>\n\n\n\n<p>\u00c9 indubidable a importancia da correcci\u00f3n e claridade dos procedementos, do respecto \u00e1 normativa e dunha prudente xesti\u00f3n, <strong>pero o proceso do cr\u00e9dito de Fiare Banca Etica caracter\u00edzase pola avaliaci\u00f3n do m\u00e9rito crediticio en funci\u00f3n tanto de elementos econ\u00f3micos (a an\u00e1lise t\u00e9cnica) como de elementos non-econ\u00f3micos (sensibilidade social, ambiental, \u00e9tica\u2026) dos proxectos.<\/strong> <\/p>\n\n\n\n<p>Podes verificar a coherencia da Pol\u00edtica de Cr\u00e9dito de Fiare Banca Etica na secci\u00f3n &#8220;<a href=\"https:\/\/www.fiarebancaetica.coop\/gl\/conmidinero\/\" target=\"_blank\" rel=\"noreferrer noopener\">Co meu di\u00f1eiro<\/a>&#8220;.<\/p>\n\n\n\n<h3 class=\"wp-block-heading\"><span class=\"has-inline-color has-blue-color\">Eidos de financiamento<\/span><\/h3>\n\n\n\n<p>Os diferentes sectores susceptibles de seren financiados son:<\/p>\n\n\n\n<ul class=\"wp-block-list\"><li>&nbsp;sistema de benestar social: servizos socio-sanitarios, vivenda social, microcr\u00e9dito asistencial;<\/li><li>&nbsp;eficiencia enerx\u00e9tica e enerx\u00edas renovables: illamento de inmobles, coxeraci\u00f3n, enerx\u00eda solar t\u00e9rmica, solar fotovoltaica, e\u00f3lica, hidroel\u00e9ctrica;<\/li><li>&nbsp;medio ambiente: xesti\u00f3n de residuos, reciclaxe de materias primas, produci\u00f3ns ecocompatibles;<\/li><li>&nbsp;agricultura de proximidade: produci\u00f3n e comercializaci\u00f3n de produtos org\u00e1nicos (ecol\u00f3xicos), fomento de canles curtas de comercializaci\u00f3n, grupos de consumo e procesos de soberan\u00eda alimentaria;<\/li><li>&nbsp;cooperaci\u00f3n internacional: cooperaci\u00f3n ao desenvolvemento reco\u00f1ecida polo Ministerio de Asuntos Exteriores e de Cooperaci\u00f3n, e\/ou por instituci\u00f3ns supranacionais, microfinanzas, finanzas \u00e9ticas e solidarias;<\/li><li>&nbsp;animaci\u00f3n sociocultural: educaci\u00f3n, cultura, deporte, centros xuven\u00eds etc.;<\/li><li>&nbsp;comercio xusto; entidades que traballan desde aqu\u00ed.<\/li><\/ul>\n\n\n\n<p>As eventuais d\u00fabidas de interpretaci\u00f3n a respecto dos sectores susceptibles de financiamento deben ser sometidas a debate no Comit\u00e9 de \u00c9tica.<\/p>\n\n\n\n<h3 class=\"wp-block-heading\"><span class=\"has-inline-color has-blue-color\">Actividades non-financiables<\/span><\/h3>\n\n\n\n<p>Exclu\u00edmos a posibilidade de financiar as actividades econ\u00f3micas que obstaculizan o desenvolvemento humano, en particular:<\/p>\n\n\n\n<ul class=\"wp-block-list\"><li>&nbsp;produci\u00f3n e comercializaci\u00f3n de armas; actividades con evidente impacto negativo no medio ambiente; uso e desenvolvemento de fontes enerx\u00e9ticas e de tecnolox\u00edas perigosas para o ser humano e o medio ambiente;<\/li><li>&nbsp;explotaci\u00f3n laboral infantil, violaci\u00f3n dos dereitos humanos;<\/li><li>&nbsp;cr\u00eda intensiva de animais que non respecte os criterios previstos nos est\u00e1ndares da certificaci\u00f3n ecol\u00f3xica;<\/li><li>&nbsp;exclusi\u00f3n\/marxinaci\u00f3n de minor\u00edas da poboaci\u00f3n;<\/li><li>&nbsp;relaci\u00f3n directa con r\u00e9ximes que notoriamente non respectan os dereitos humanos e\/ou son gravemente responsables da destruci\u00f3n do medio ambiente;<\/li><li>&nbsp;actividades de investigaci\u00f3n no campo cient\u00edfico que conduzan a experimentaci\u00f3n en suxeitos d\u00e9biles ou non-tutelados ou en animais;<\/li><li>&nbsp;mercantilizaci\u00f3n do sexo;<\/li><li>&nbsp;xogos de azar.<\/li><\/ul>\n\n\n\n<h3 class=\"wp-block-heading\"><span class=\"has-inline-color has-blue-color\">Avaliaci\u00f3n das solicitudes de financiamento<\/span><\/h3>\n\n\n\n<p>A avaliaci\u00f3n das solicitudes de financiamento basease nun indispensable co\u00f1ecemento do cliente, do seu proxecto e os seus requirimentos espec\u00edficos. Todos os financiamento son avaliados pola estrutura operativa de Fiare Banca Etica en funci\u00f3n da capacidade econ\u00f3mica e financeira de devoluci\u00f3n do empr\u00e9stito.<\/p>\n\n\n\n<p>A determinaci\u00f3n do impacto socioambiental dos cr\u00e9ditos concedidos \u00e1s organizaci\u00f3ns efect\u00faase mediante unha an\u00e1lise desenvolvida por unha comisi\u00f3n de avaliaci\u00f3n \u00e9tico-social. Esta comisi\u00f3n est\u00e1 formada por persoas voluntarias da organizaci\u00f3n territorial das persoas e organizaci\u00f3ns socias, inscritas no rexistro correspondente, que fan posible a avaliaci\u00f3n do m\u00e9rito crediticio da clientela tam\u00e9n en funci\u00f3n de indicadores non-econ\u00f3micos.<\/p>\n\n\n\n<p><\/p>\n\n\n<\/div>\n\n\n<div style=\"height:100px\" aria-hidden=\"true\" class=\"wp-block-spacer\"><\/div>\n\n\n\n<p><\/p>\n","protected":false},"excerpt":{"rendered":"","protected":false},"author":6693,"featured_media":0,"parent":314818,"menu_order":0,"comment_status":"closed","ping_status":"closed","template":"","meta":{"_acf_changed":false,"footnotes":""},"coauthors":[10743],"class_list":["post-314836","page","type-page","status-publish","hentry","crispybacon-hidden-page-title"],"acf":[],"yoast_head":"<!-- This site is optimized with the Yoast SEO plugin v26.9 - https:\/\/yoast.com\/product\/yoast-seo-wordpress\/ -->\n<title>Pol\u00edtica de Cr\u00e9dito - Fiare Banca Etica<\/title>\n<meta name=\"robots\" content=\"index, follow, max-snippet:-1, max-image-preview:large, max-video-preview:-1\" \/>\n<link rel=\"canonical\" href=\"https:\/\/www.fiarebancaetica.coop\/gl\/identidade\/politica-de-credito\/\" \/>\n<meta property=\"og:locale\" content=\"gl_ES\" \/>\n<meta property=\"og:type\" content=\"article\" \/>\n<meta property=\"og:title\" content=\"Pol\u00edtica de Cr\u00e9dito - Fiare Banca Etica\" \/>\n<meta property=\"og:url\" content=\"https:\/\/www.fiarebancaetica.coop\/gl\/identidade\/politica-de-credito\/\" \/>\n<meta property=\"og:site_name\" content=\"Fiare Banca Etica\" \/>\n<meta property=\"article:modified_time\" content=\"2024-02-20T15:38:52+00:00\" \/>\n<meta name=\"twitter:card\" content=\"summary_large_image\" \/>\n<script type=\"application\/ld+json\" class=\"yoast-schema-graph\">{\"@context\":\"https:\/\/schema.org\",\"@graph\":[{\"@type\":\"WebPage\",\"@id\":\"https:\/\/www.fiarebancaetica.coop\/gl\/identidade\/politica-de-credito\/\",\"url\":\"https:\/\/www.fiarebancaetica.coop\/gl\/identidade\/politica-de-credito\/\",\"name\":\"Pol\u00edtica de Cr\u00e9dito - Fiare Banca Etica\",\"isPartOf\":{\"@id\":\"https:\/\/www.fiarebancaetica.coop\/gl\/#website\"},\"datePublished\":\"2023-11-28T08:09:22+00:00\",\"dateModified\":\"2024-02-20T15:38:52+00:00\",\"breadcrumb\":{\"@id\":\"https:\/\/www.fiarebancaetica.coop\/gl\/identidade\/politica-de-credito\/#breadcrumb\"},\"inLanguage\":\"gl-ES\",\"potentialAction\":[{\"@type\":\"ReadAction\",\"target\":[\"https:\/\/www.fiarebancaetica.coop\/gl\/identidade\/politica-de-credito\/\"]}]},{\"@type\":\"BreadcrumbList\",\"@id\":\"https:\/\/www.fiarebancaetica.coop\/gl\/identidade\/politica-de-credito\/#breadcrumb\",\"itemListElement\":[{\"@type\":\"ListItem\",\"position\":1,\"name\":\"Home\",\"item\":\"https:\/\/www.fiarebancaetica.coop\/gl\/\"},{\"@type\":\"ListItem\",\"position\":2,\"name\":\"Identidade\",\"item\":\"https:\/\/www.fiarebancaetica.coop\/gl\/identidade\/\"},{\"@type\":\"ListItem\",\"position\":3,\"name\":\"Pol\u00edtica de Cr\u00e9dito\"}]},{\"@type\":\"WebSite\",\"@id\":\"https:\/\/www.fiarebancaetica.coop\/gl\/#website\",\"url\":\"https:\/\/www.fiarebancaetica.coop\/gl\/\",\"name\":\"Fiare Banca Etica\",\"description\":\"\",\"potentialAction\":[{\"@type\":\"SearchAction\",\"target\":{\"@type\":\"EntryPoint\",\"urlTemplate\":\"https:\/\/www.fiarebancaetica.coop\/gl\/?s={search_term_string}\"},\"query-input\":{\"@type\":\"PropertyValueSpecification\",\"valueRequired\":true,\"valueName\":\"search_term_string\"}}],\"inLanguage\":\"gl-ES\"}]}<\/script>\n<!-- \/ Yoast SEO plugin. -->","yoast_head_json":{"title":"Pol\u00edtica de Cr\u00e9dito - Fiare Banca Etica","robots":{"index":"index","follow":"follow","max-snippet":"max-snippet:-1","max-image-preview":"max-image-preview:large","max-video-preview":"max-video-preview:-1"},"canonical":"https:\/\/www.fiarebancaetica.coop\/gl\/identidade\/politica-de-credito\/","og_locale":"gl_ES","og_type":"article","og_title":"Pol\u00edtica de Cr\u00e9dito - Fiare Banca Etica","og_url":"https:\/\/www.fiarebancaetica.coop\/gl\/identidade\/politica-de-credito\/","og_site_name":"Fiare Banca Etica","article_modified_time":"2024-02-20T15:38:52+00:00","twitter_card":"summary_large_image","schema":{"@context":"https:\/\/schema.org","@graph":[{"@type":"WebPage","@id":"https:\/\/www.fiarebancaetica.coop\/gl\/identidade\/politica-de-credito\/","url":"https:\/\/www.fiarebancaetica.coop\/gl\/identidade\/politica-de-credito\/","name":"Pol\u00edtica de Cr\u00e9dito - Fiare Banca Etica","isPartOf":{"@id":"https:\/\/www.fiarebancaetica.coop\/gl\/#website"},"datePublished":"2023-11-28T08:09:22+00:00","dateModified":"2024-02-20T15:38:52+00:00","breadcrumb":{"@id":"https:\/\/www.fiarebancaetica.coop\/gl\/identidade\/politica-de-credito\/#breadcrumb"},"inLanguage":"gl-ES","potentialAction":[{"@type":"ReadAction","target":["https:\/\/www.fiarebancaetica.coop\/gl\/identidade\/politica-de-credito\/"]}]},{"@type":"BreadcrumbList","@id":"https:\/\/www.fiarebancaetica.coop\/gl\/identidade\/politica-de-credito\/#breadcrumb","itemListElement":[{"@type":"ListItem","position":1,"name":"Home","item":"https:\/\/www.fiarebancaetica.coop\/gl\/"},{"@type":"ListItem","position":2,"name":"Identidade","item":"https:\/\/www.fiarebancaetica.coop\/gl\/identidade\/"},{"@type":"ListItem","position":3,"name":"Pol\u00edtica de Cr\u00e9dito"}]},{"@type":"WebSite","@id":"https:\/\/www.fiarebancaetica.coop\/gl\/#website","url":"https:\/\/www.fiarebancaetica.coop\/gl\/","name":"Fiare Banca Etica","description":"","potentialAction":[{"@type":"SearchAction","target":{"@type":"EntryPoint","urlTemplate":"https:\/\/www.fiarebancaetica.coop\/gl\/?s={search_term_string}"},"query-input":{"@type":"PropertyValueSpecification","valueRequired":true,"valueName":"search_term_string"}}],"inLanguage":"gl-ES"}]}},"_links":{"self":[{"href":"https:\/\/www.fiarebancaetica.coop\/gl\/wp-json\/wp\/v2\/pages\/314836","targetHints":{"allow":["GET"]}}],"collection":[{"href":"https:\/\/www.fiarebancaetica.coop\/gl\/wp-json\/wp\/v2\/pages"}],"about":[{"href":"https:\/\/www.fiarebancaetica.coop\/gl\/wp-json\/wp\/v2\/types\/page"}],"author":[{"embeddable":true,"href":"https:\/\/www.fiarebancaetica.coop\/gl\/wp-json\/wp\/v2\/users\/6693"}],"replies":[{"embeddable":true,"href":"https:\/\/www.fiarebancaetica.coop\/gl\/wp-json\/wp\/v2\/comments?post=314836"}],"version-history":[{"count":9,"href":"https:\/\/www.fiarebancaetica.coop\/gl\/wp-json\/wp\/v2\/pages\/314836\/revisions"}],"predecessor-version":[{"id":369913,"href":"https:\/\/www.fiarebancaetica.coop\/gl\/wp-json\/wp\/v2\/pages\/314836\/revisions\/369913"}],"up":[{"embeddable":true,"href":"https:\/\/www.fiarebancaetica.coop\/gl\/wp-json\/wp\/v2\/pages\/314818"}],"wp:attachment":[{"href":"https:\/\/www.fiarebancaetica.coop\/gl\/wp-json\/wp\/v2\/media?parent=314836"}],"wp:term":[{"taxonomy":"author","embeddable":true,"href":"https:\/\/www.fiarebancaetica.coop\/gl\/wp-json\/wp\/v2\/coauthors?post=314836"}],"curies":[{"name":"wp","href":"https:\/\/api.w.org\/{rel}","templated":true}]}}