{"id":314852,"date":"2023-11-28T09:14:53","date_gmt":"2023-11-28T08:14:53","guid":{"rendered":"https:\/\/www.fiarebancaetica.coop\/?page_id=314852"},"modified":"2024-02-20T16:38:51","modified_gmt":"2024-02-20T15:38:51","slug":"responsabilidade-social","status":"publish","type":"page","link":"https:\/\/www.fiarebancaetica.coop\/gl\/identidade\/responsabilidade-social\/","title":{"rendered":"Responsabilidade social"},"content":{"rendered":"\n<div class=\"wrapper-crispybacon-class wrapper-crispybacon-class-medium \">\n    \n\n<h1 class=\"has-text-align-left is-style-lyon wp-block-heading\"><span class=\"has-inline-color has-blue-color\">Responsabilidade social<\/span><br>Cando o capital \u00e9 social, a responsabilidade social debe selo m\u00e1is ca nunca<\/h1>\n\n\n\n<p>Por iso, a nosa responsabilidade vai m\u00e1is al\u00e1 de xestionar ben o capital das persoas socias. Temos a responsabilidade de contribu\u00edr a un mundo mellor, m\u00e1is xusto e igualitario, m\u00e1is sustentable. Unha aut\u00e9ntica responsabilidade social.<\/p>\n\n\n\n<hr class=\"wp-block-separator\" \/>\n\n\n\n<h3 class=\"wp-block-heading\"><span class=\"has-inline-color has-blue-color\">O C\u00f3digo \u00c9tico<\/span><\/h3>\n\n\n\n<p>O C\u00f3digo \u00c9tico \u00e9 un contrato social coas persoas implicadas en Banca Etica. Define a \u00e9tica coa que se desenvolve o banco, establecendo criterios de igualdade e xustiza, valores de referencia, principios xerais e pautas que o banco adopta nas s\u00faas relaci\u00f3ns coas persoas ou entidades interesadas.<\/p>\n\n\n\n<p>Inspirados no Estatuto, o Manifesto das Finanzas \u00c9ticas e o Manifesto de Banca Etica, os valores identif\u00edcanse e en\u00fancianse de maneira clara e precisa:<\/p>\n\n\n\n<ul class=\"wp-block-list\"><li>centralidade da persoa, como v\u00ednculo fundamental da acci\u00f3n de Banca Etica, que reco\u00f1ece, respecta e tutela a persoa;<\/li><li>igualdade, que se concreta nunha xusta repartici\u00f3n da riqueza e os recursos;<\/li><li>responsabilidade, como atenci\u00f3n constante \u00e1s consecuencias non-econ\u00f3micas das acci\u00f3ns econ\u00f3micas, \u00e9 dicir, \u00e1s repercusi\u00f3ns sociais e ambientais da actividade financeira;<\/li><li>transparencia, como estilo que caracteriza as relaci\u00f3ns e a comunicaci\u00f3n de Banca Etica coas persoas interesadas;<\/li><li>cooperaci\u00f3n, como consciencia de que o ben com\u00fan s\u00f3 pode ser atinxido grazas ao compromiso de todas;<\/li><li>solidariedade, como a capacidade de captar as inquedanzas das persoas que est\u00e1n nunha situaci\u00f3n desfavorecida e como compromiso para atopar soluci\u00f3ns de interese com\u00fan, en beneficio das m\u00e1is necesitadas;<\/li><li>participaci\u00f3n, como reco\u00f1ecemento do dereito das socias, colaboradoras e aforradoras na toma de decisi\u00f3ns;<\/li><li>sobriedade, como estilo de vida baseado en diminu\u00edr o consumo de mercador\u00edas e recursos, e orientado a satisfacer requisitos fundamentais das persoas;<\/li><li>eficiencia e eficacia, como uso \u00f3ptimo dos recursos para ofrecer o maior beneficio a todas as interesadas \u00e1 hora de perseguir os obxectivos declarados;<\/li><\/ul>\n\n\n\n<p>o C\u00f3digo \u00c9tico, aprobado en 2010 pola Asemblea de Persoas Socias, converteuse nunha norma de referencia para administradores, para todos aqueles que traballan en nome e por conta do banco e para todas as persoas interesadas.<\/p>\n\n\n\n<p>Para descargar o <a href=\"http:\/\/www.fiarebancaetica.coop\/app\/uploads\/sites\/2\/2024\/01\/codigo-etico.pdf\" target=\"_blank\" rel=\"noreferrer noopener\">C\u00f3digo \u00c9tico en formato pdf, fai clic aqu\u00ed<\/a>.<\/p>\n\n\n\n<p>Para verificar a aplicaci\u00f3n, creouse un comit\u00e9 espec\u00edfico denominado Organismo de Vixilancia.<\/p>\n\n\n\n<h3 class=\"wp-block-heading\"><span class=\"has-inline-color has-blue-color\">O Organismo de Vixilancia<\/span><\/h3>\n\n\n\n<p>A respecto do C\u00f3digo \u00c9tico, enc\u00e1rgase de:<\/p>\n\n\n\n<ul class=\"wp-block-list\"><li>promover iniciativas encami\u00f1adas \u00e1 divulgaci\u00f3n, difusi\u00f3n e aplicaci\u00f3n do C\u00f3digo \u00c9tico;<\/li><li>vixiar o cumprimento e respecto do C\u00f3digo \u00c9tico por medio do sistema de control do banco e de espec\u00edficos sistemas de sinalizaci\u00f3n;<\/li><li>propor ao Consello de Administraci\u00f3n, despois de ter consultado ao Comit\u00e9 \u00c9tico, sanci\u00f3ns no caso de graves violaci\u00f3ns do C\u00f3digo \u00c9tico;<\/li><li>supervisar o funcionamento e adecuaci\u00f3n do C\u00f3digo \u00c9tico;<\/li><li>propor \u00e1 Asemblea de Persoas Socias, despois de ter escoitado a opini\u00f3n do Consello de Administraci\u00f3n e do Comit\u00e9 \u00c9tico, a posible adaptaci\u00f3n;<\/li><li>informar periodicamente ao Consello de Administraci\u00f3n e ao Comit\u00e9 \u00c9tico sobre o estado de aplicaci\u00f3n do C\u00f3digo \u00c9tico.<\/li><\/ul>\n\n\n\n<p>Con respecto al decreto legislativo n\u00ba 231\/01, el Organismo de Vigilancia verifica la aplicaci\u00f3n y el cumplimiento del modelo de gesti\u00f3n y control encaminado a prevenir los delitos previstos por dicho decreto.<\/p>\n\n\n\n<p>O Organismo de Vixilancia est\u00e1 formado por:<\/p>\n\n\n\n<ul class=\"wp-block-list\"><li>Un membro nomeado polo Consello de Administraci\u00f3n con requisitos de independencia axeitados (actualmente, Lino Sbraccia, presidente);<\/li><li>Un membro do Comit\u00e9 de Auditores (actualmente, Paolo Salvaderi);<\/li><li>O responsable da funci\u00f3n de Internal Audit (actualmente, Enrico Scapin);<\/li><li>O responsable da funci\u00f3n de Compliance (actualmente, Francesco Pacchin);<\/li><li>Un membro do Comit\u00e9 \u00c9tico do banco (actualmente, Giorgio Osti).<\/li><\/ul>\n\n\n\n<p>O Organismo de Vixilancia efect\u00faa unha actividade propia e aut\u00f3noma de auditor\u00eda e control, consonte as indicaci\u00f3ns recibidas das persoas interesadas. Se desexas contactar co Organismo de Vixilancia, podes facelo a trav\u00e9s dos seguintes enderezos:<\/p>\n\n\n\n<ul class=\"wp-block-list\"><li>Por correo electr\u00f3nico: organismodivigilanza@bancaetica.com;<\/li><li>Por correo postal ao presidente do Organismo de Vixilancia: Banca Popolare Etica scpa &#8211; Via N. Tommaseo, 7 &#8211; 35131 PADOVA<\/li><\/ul>\n\n\n\n<h3 class=\"wp-block-heading\"><span class=\"has-inline-color has-blue-color\">Valor Social<\/span><\/h3>\n\n\n\n<p>A nosa acci\u00f3n operativa e cultural c\u00e9ntrase na Responsabilidade Social Corporativa.<\/p>\n\n\n\n<p>Entre as distintas ferramentas contamos coa certificaci\u00f3n do valor social por ICEA (Instituto para a Certificaci\u00f3n \u00c9tica e Ambiental) encargado de verificar a conformidade cos requisitos do est\u00e1ndar.<\/p>\n\n\n\n<p>O est\u00e1ndar do valor social est\u00e1 conforme ao sistema de certificaci\u00f3n internacional SA 8000 e as normas ISO 26000 e prescribe a supervisi\u00f3n do risco en toda a cadea e o uso de ferramentas de prevenci\u00f3n do impacto negativo da actividade produtiva nos dereitos humanos, aspectos sociais ou ambientais.<\/p>\n\n\n\n<p>Tr\u00e1tase dunha marca de calidade en cuesti\u00f3ns de Responsabilidade Social Corporativa, realizada ap\u00f3s m\u00e1is de catro anos de estudos espec\u00edficos e numerosas consultas entre as persoas interesadas que implicaron as principais partes sociais, acad\u00e9micas e institucionais.<\/p>\n\n\n\n<p>Estes son os obxectivos do est\u00e1ndar do valor social:<\/p>\n\n\n\n<ul class=\"wp-block-list\"><li>promover no \u00e1mbito econ\u00f3mico o desenvolvemento social, a igualdade de oportunidades, a tutela do medio ambiente, o respecto e a promoci\u00f3n dos dereitos fundamentais;<\/li><li>favorecer o crecemento e o desenvolvemento dun mercado transparente, solidario e xusto;<\/li><li>sensibilizar as organizaci\u00f3ns e a cidadan\u00eda sobre os temas da responsabilidade social e promover a difusi\u00f3n dun comercio xusto.<\/li><\/ul>\n\n\n\n<p>Consonte o principio de avaliaci\u00f3n das consecuencias non-econ\u00f3micas das acci\u00f3ns econ\u00f3micas propio das finanzas \u00e9ticas, apl\u00edcase aos seguintes grupos de interese:<\/p>\n\n\n\n<ul class=\"wp-block-list\"><li>traballadoras\/es<\/li><li>accionistas<\/li><li>clientela<\/li><li>consumidoras\/es<\/li><li>provedoras\/es<\/li><li>acredoras\/es<\/li><li>comunidades locais e nacionais<\/li><li>asociaci\u00f3ns<\/li><li>instituci\u00f3ns p\u00fablicas<\/li><li>xeraci\u00f3ns futuras<\/li><\/ul>\n\n\n\n<p>O devandito est\u00e1ndar aborda todos os aspectos da responsabilidade dunha organizaci\u00f3n: social, ambiental e econ\u00f3mica. En concreto, os \u00e1mbitos supervisados son:<\/p>\n\n\n\n<ul class=\"wp-block-list\"><li>a comunidade (o respecto das comunidades locais, a seguridade e protecci\u00f3n das p\u00e1xinas web corporativas, programas de desenvolvemento e promoci\u00f3n social);<\/li><li>o traballo (pol\u00edtica de non discriminaci\u00f3n, traballo de menores, traballo forzoso, liberdade de asociaci\u00f3n e negociaci\u00f3n colectiva, pol\u00edtica salarial, sa\u00fade e seguridade, horario de traballo, desenvolvemento de competencias);<\/li><li>o consumo (protecci\u00f3n da cidadan\u00eda e das consumidoras\/es);<\/li><li>o medio ambiente (protecci\u00f3n ambiental);<\/li><li>o mercado (relaci\u00f3ns de subministraci\u00f3n, loita contra a corrupci\u00f3n, competencia, venda e distribuci\u00f3n, xesti\u00f3n financeira responsable).<\/li><\/ul>\n\n\n\n<h4 class=\"wp-block-heading\"><span class=\"has-inline-color has-blue-color\">Reclamaci\u00f3ns inherentes ao est\u00e1ndar do valor social<\/span><\/h4>\n\n\n\n<p>No caso de situaci\u00f3ns ou acontecementos non conformes co previsto polo est\u00e1ndar, \u00e9 posible enviar unha reclamaci\u00f3n a ICEA, que se encargar\u00e1 de:<\/p>\n\n\n\n<ul class=\"wp-block-list\"><li>indagar se a reclamaci\u00f3n ou queixa \u00e9 fundada;<\/li><li>comunicar a recepci\u00f3n \u00e1 persoa interesada nun prazo de 5 d\u00edas h\u00e1biles;<\/li><li>rexistrar a queixa no Rexistro \u00abReclamaci\u00f3ns\u00bb;<\/li><li>levar a cabo, a trav\u00e9s das persoas responsables interesadas, todas as actividades necesarias para identificar e recompilar os datos necesarios para demostrar os feitos e a suposta responsabilidade de ICEA;<\/li><li>p\u00f3r en marcha acci\u00f3ns correctivas, implicando \u00e1s persoas responsables interesadas;<\/li><li>rexistrar correctamente as modalidades de xesti\u00f3n e soluci\u00f3n da queixa, inclusive o control da eficacia das acci\u00f3ns correctivas\/preventivas emprendidas;<\/li><li>comunicar estes resultados finais ao reclamante ou \u00e1s persoas interesadas nun prazo m\u00e1ximo de 30 d\u00edas h\u00e1biles a partir da recepci\u00f3n da reclamaci\u00f3n.<\/li><\/ul>\n\n\n\n<p>A reclamaci\u00f3n pode ser presentada por calquera persoa enviando un correo a reclami@icea.info, indicando nome e apelidos, enderezo de correo electr\u00f3nico, tel\u00e9fono, motivo da reclamaci\u00f3n.<\/p>\n\n\n\n<p>O Instituto para a Certificaci\u00f3n \u00c9tica e Ambiental garante a confidencialidade da persoa que realiza a reclamaci\u00f3n.<\/p>\n\n\n\n<h3 class=\"wp-block-heading\"><span class=\"has-inline-color has-blue-color\">Auditor\u00eda Socioambiental<\/span><\/h3>\n\n\n\n<p>Banca Etica \u00e9 o primeiro banco italiano que conta con auditor\u00eda socioambiental na avaliaci\u00f3n do m\u00e9rito crediticio. Tr\u00e1tase dunha an\u00e1lise orientada a recompilar e avaliar a informaci\u00f3n de car\u00e1cter social e ambiental relativa a organizaci\u00f3ns e entidades que piden un empr\u00e9stito.<\/p>\n\n\n\n<p>En concreto, esta ferramenta complementa a an\u00e1lise econ\u00f3mica e financeira, ofrecendo claves para determinar o valor social da actividade a financiar, a coherencia cos principios inspiradores do banco e a credibilidade do suxeito a financiar, aproveitando tam\u00e9n a ocasi\u00f3n para comunicar e transmitir os valores das finanzas \u00e9ticas e da econom\u00eda civil.<\/p>\n\n\n\n<h3 class=\"wp-block-heading\"><span class=\"has-inline-color has-blue-color\">As e os avaliadores sociais<\/span><\/h3>\n\n\n\n<p>A avaliadora social \u00e9 unha persoa voluntaria inscrita no Rexistro de Avaliadores Sociais e desempe\u00f1a as seguintes tarefas:<\/p>\n\n\n\n<ul class=\"wp-block-list\"><li>procurar e recompilar informaci\u00f3n sobre a organizaci\u00f3n que pediu o empr\u00e9stito;<\/li><li>visitar o cliente que pide unha li\u00f1a de cr\u00e9dito;<\/li><li>co\u00f1ecer a posici\u00f3n oficial da coordinaci\u00f3n da circunscrici\u00f3n territorial das persoas socias;<\/li><li>redactar un informe sint\u00e9tico a partir da informaci\u00f3n recompilada;<\/li><li>dar a s\u00faa opini\u00f3n.<\/li><\/ul>\n\n\n\n<p>Para ser avaliador(a) social, \u00e9 preciso:<\/p>\n\n\n\n<ul class=\"wp-block-list\"><li>ser persoa socia de Banca Etica desde, cando menos, un ano;<\/li><li>ser socia activa na circunscrici\u00f3n territorial das persoas socias;<\/li><li>ter don de xentes;<\/li><li>dispor de tempo.<\/li><\/ul>\n\n\n\n<h3 class=\"wp-block-heading\"><span class=\"has-inline-color has-blue-color\">Ferramentas para a responsabilidade social<\/span><\/h3>\n\n\n\n<ul class=\"wp-block-list\"><li><a href=\"http:\/\/www.fiarebancaetica.coop\/app\/uploads\/sites\/2\/2024\/01\/codigo-etico.pdf\" target=\"_blank\" rel=\"noreferrer noopener\">C\u00f3digo \u00c9tico<\/a><\/li><li><a href=\"http:\/\/balancesocial.fiarebancaetica.coop\/\" target=\"_blank\" rel=\"noreferrer noopener\">Balance Social<\/a><\/li><li><a href=\"https:\/\/valorsocial.info\/\" target=\"_blank\" rel=\"noreferrer noopener\">Valor Social<\/a><\/li><li><a href=\"http:\/\/balancesocial.fiarebancaetica.coop\/balance-social-2014\/valutazione-sociale-finanziamenti\/\" target=\"_blank\" rel=\"noreferrer noopener\">Avaliaci\u00f3n \u00e9tico-xocial do financiamento das persoas xur\u00eddicas<\/a><\/li><li><a href=\"http:\/\/www.fiarebancaetica.coop\/app\/uploads\/sites\/2\/2024\/01\/MOG_PerSitoWEB_ES.pdf\" target=\"_blank\" rel=\"noreferrer noopener\">Modelo de organizaci\u00f3n e xesti\u00f3n<\/a><\/li><\/ul>\n\n\n<\/div>\n\n\n<div style=\"height:100px\" aria-hidden=\"true\" class=\"wp-block-spacer\"><\/div>\n\n\n\n<p><\/p>\n","protected":false},"excerpt":{"rendered":"","protected":false},"author":6693,"featured_media":0,"parent":314818,"menu_order":0,"comment_status":"closed","ping_status":"closed","template":"","meta":{"_acf_changed":false,"footnotes":""},"coauthors":[10743],"class_list":["post-314852","page","type-page","status-publish","hentry","crispybacon-hidden-page-title"],"acf":[],"yoast_head":"<!-- This site is optimized with the Yoast SEO plugin v26.9 - https:\/\/yoast.com\/product\/yoast-seo-wordpress\/ -->\n<title>Responsabilidade social - Fiare Banca Etica<\/title>\n<meta name=\"robots\" content=\"index, follow, max-snippet:-1, max-image-preview:large, max-video-preview:-1\" \/>\n<link rel=\"canonical\" href=\"https:\/\/www.fiarebancaetica.coop\/gl\/identidade\/responsabilidade-social\/\" \/>\n<meta property=\"og:locale\" content=\"gl_ES\" \/>\n<meta property=\"og:type\" content=\"article\" \/>\n<meta property=\"og:title\" content=\"Responsabilidade social - Fiare Banca Etica\" \/>\n<meta property=\"og:url\" content=\"https:\/\/www.fiarebancaetica.coop\/gl\/identidade\/responsabilidade-social\/\" \/>\n<meta property=\"og:site_name\" content=\"Fiare Banca Etica\" \/>\n<meta property=\"article:modified_time\" content=\"2024-02-20T15:38:51+00:00\" \/>\n<meta name=\"twitter:card\" content=\"summary_large_image\" \/>\n<script type=\"application\/ld+json\" class=\"yoast-schema-graph\">{\"@context\":\"https:\/\/schema.org\",\"@graph\":[{\"@type\":\"WebPage\",\"@id\":\"https:\/\/www.fiarebancaetica.coop\/gl\/identidade\/responsabilidade-social\/\",\"url\":\"https:\/\/www.fiarebancaetica.coop\/gl\/identidade\/responsabilidade-social\/\",\"name\":\"Responsabilidade social - Fiare Banca Etica\",\"isPartOf\":{\"@id\":\"https:\/\/www.fiarebancaetica.coop\/gl\/#website\"},\"datePublished\":\"2023-11-28T08:14:53+00:00\",\"dateModified\":\"2024-02-20T15:38:51+00:00\",\"breadcrumb\":{\"@id\":\"https:\/\/www.fiarebancaetica.coop\/gl\/identidade\/responsabilidade-social\/#breadcrumb\"},\"inLanguage\":\"gl-ES\",\"potentialAction\":[{\"@type\":\"ReadAction\",\"target\":[\"https:\/\/www.fiarebancaetica.coop\/gl\/identidade\/responsabilidade-social\/\"]}]},{\"@type\":\"BreadcrumbList\",\"@id\":\"https:\/\/www.fiarebancaetica.coop\/gl\/identidade\/responsabilidade-social\/#breadcrumb\",\"itemListElement\":[{\"@type\":\"ListItem\",\"position\":1,\"name\":\"Home\",\"item\":\"https:\/\/www.fiarebancaetica.coop\/gl\/\"},{\"@type\":\"ListItem\",\"position\":2,\"name\":\"Identidade\",\"item\":\"https:\/\/www.fiarebancaetica.coop\/gl\/identidade\/\"},{\"@type\":\"ListItem\",\"position\":3,\"name\":\"Responsabilidade social\"}]},{\"@type\":\"WebSite\",\"@id\":\"https:\/\/www.fiarebancaetica.coop\/gl\/#website\",\"url\":\"https:\/\/www.fiarebancaetica.coop\/gl\/\",\"name\":\"Fiare Banca Etica\",\"description\":\"\",\"potentialAction\":[{\"@type\":\"SearchAction\",\"target\":{\"@type\":\"EntryPoint\",\"urlTemplate\":\"https:\/\/www.fiarebancaetica.coop\/gl\/?s={search_term_string}\"},\"query-input\":{\"@type\":\"PropertyValueSpecification\",\"valueRequired\":true,\"valueName\":\"search_term_string\"}}],\"inLanguage\":\"gl-ES\"}]}<\/script>\n<!-- \/ Yoast SEO plugin. -->","yoast_head_json":{"title":"Responsabilidade social - Fiare Banca Etica","robots":{"index":"index","follow":"follow","max-snippet":"max-snippet:-1","max-image-preview":"max-image-preview:large","max-video-preview":"max-video-preview:-1"},"canonical":"https:\/\/www.fiarebancaetica.coop\/gl\/identidade\/responsabilidade-social\/","og_locale":"gl_ES","og_type":"article","og_title":"Responsabilidade social - Fiare Banca Etica","og_url":"https:\/\/www.fiarebancaetica.coop\/gl\/identidade\/responsabilidade-social\/","og_site_name":"Fiare Banca Etica","article_modified_time":"2024-02-20T15:38:51+00:00","twitter_card":"summary_large_image","schema":{"@context":"https:\/\/schema.org","@graph":[{"@type":"WebPage","@id":"https:\/\/www.fiarebancaetica.coop\/gl\/identidade\/responsabilidade-social\/","url":"https:\/\/www.fiarebancaetica.coop\/gl\/identidade\/responsabilidade-social\/","name":"Responsabilidade social - Fiare Banca Etica","isPartOf":{"@id":"https:\/\/www.fiarebancaetica.coop\/gl\/#website"},"datePublished":"2023-11-28T08:14:53+00:00","dateModified":"2024-02-20T15:38:51+00:00","breadcrumb":{"@id":"https:\/\/www.fiarebancaetica.coop\/gl\/identidade\/responsabilidade-social\/#breadcrumb"},"inLanguage":"gl-ES","potentialAction":[{"@type":"ReadAction","target":["https:\/\/www.fiarebancaetica.coop\/gl\/identidade\/responsabilidade-social\/"]}]},{"@type":"BreadcrumbList","@id":"https:\/\/www.fiarebancaetica.coop\/gl\/identidade\/responsabilidade-social\/#breadcrumb","itemListElement":[{"@type":"ListItem","position":1,"name":"Home","item":"https:\/\/www.fiarebancaetica.coop\/gl\/"},{"@type":"ListItem","position":2,"name":"Identidade","item":"https:\/\/www.fiarebancaetica.coop\/gl\/identidade\/"},{"@type":"ListItem","position":3,"name":"Responsabilidade social"}]},{"@type":"WebSite","@id":"https:\/\/www.fiarebancaetica.coop\/gl\/#website","url":"https:\/\/www.fiarebancaetica.coop\/gl\/","name":"Fiare Banca Etica","description":"","potentialAction":[{"@type":"SearchAction","target":{"@type":"EntryPoint","urlTemplate":"https:\/\/www.fiarebancaetica.coop\/gl\/?s={search_term_string}"},"query-input":{"@type":"PropertyValueSpecification","valueRequired":true,"valueName":"search_term_string"}}],"inLanguage":"gl-ES"}]}},"_links":{"self":[{"href":"https:\/\/www.fiarebancaetica.coop\/gl\/wp-json\/wp\/v2\/pages\/314852","targetHints":{"allow":["GET"]}}],"collection":[{"href":"https:\/\/www.fiarebancaetica.coop\/gl\/wp-json\/wp\/v2\/pages"}],"about":[{"href":"https:\/\/www.fiarebancaetica.coop\/gl\/wp-json\/wp\/v2\/types\/page"}],"author":[{"embeddable":true,"href":"https:\/\/www.fiarebancaetica.coop\/gl\/wp-json\/wp\/v2\/users\/6693"}],"replies":[{"embeddable":true,"href":"https:\/\/www.fiarebancaetica.coop\/gl\/wp-json\/wp\/v2\/comments?post=314852"}],"version-history":[{"count":8,"href":"https:\/\/www.fiarebancaetica.coop\/gl\/wp-json\/wp\/v2\/pages\/314852\/revisions"}],"predecessor-version":[{"id":369910,"href":"https:\/\/www.fiarebancaetica.coop\/gl\/wp-json\/wp\/v2\/pages\/314852\/revisions\/369910"}],"up":[{"embeddable":true,"href":"https:\/\/www.fiarebancaetica.coop\/gl\/wp-json\/wp\/v2\/pages\/314818"}],"wp:attachment":[{"href":"https:\/\/www.fiarebancaetica.coop\/gl\/wp-json\/wp\/v2\/media?parent=314852"}],"wp:term":[{"taxonomy":"author","embeddable":true,"href":"https:\/\/www.fiarebancaetica.coop\/gl\/wp-json\/wp\/v2\/coauthors?post=314852"}],"curies":[{"name":"wp","href":"https:\/\/api.w.org\/{rel}","templated":true}]}}