{"id":316951,"date":"2023-11-28T09:37:17","date_gmt":"2023-11-28T08:37:17","guid":{"rendered":"https:\/\/www.fiarebancaetica.coop\/?page_id=316951"},"modified":"2026-03-12T12:31:42","modified_gmt":"2026-03-12T11:31:42","slug":"os-nosos-numeros","status":"publish","type":"page","link":"https:\/\/www.fiarebancaetica.coop\/gl\/identidade\/os-nosos-numeros\/","title":{"rendered":"Os nosos n\u00fameros"},"content":{"rendered":"\n<div class=\"wrapper-crispybacon-class wrapper-crispybacon-class-large \">\n    \n\n<div style=\"height:40px\" aria-hidden=\"true\" class=\"wp-block-spacer\"><\/div>\n\n\n\n<h1 class=\"wp-block-heading is-style-lyon\"><span style=\"background-color:rgba(0, 0, 0, 0)\" class=\"has-inline-color has-blue-color\">Os nosos n\u00fameros<\/span><\/h1>\n\n\n\n<div style=\"height:20px\" aria-hidden=\"true\" class=\"wp-block-spacer\"><\/div>\n\n\n\n<p>Esta secci\u00f3n recompila alg\u00fans dos datos m\u00e1is relevantes sobre a evoluci\u00f3n do banco: o capital social, o n\u00famero de persoas socias, a captaci\u00f3n e os empr\u00e9stitos concedidos, o impacto ambiental dos proxectos financiados no campo da enerx\u00eda. Descubre m\u00e1is informaci\u00f3n sobre as cifras de Fiare Banca Etica nos nosos balances.<br>Os n\u00fameros falan de seu, mais non o din todo. Por iso, avaliamos sempre a nosa acci\u00f3n non s\u00f3 desde o punto de vista econ\u00f3mico, sen\u00f3n tam\u00e9n social e ambiental.                                                                                                                        Co\u00f1ece os nosos <a href=\"https:\/\/www.fiarebancaetica.coop\/gl\/balances\/\" target=\"_blank\" rel=\"noreferrer noopener\">balances sociais<\/a> e as p\u00e1xinas dedicadas aos <a href=\"https:\/\/www.fiarebancaetica.coop\/gl\/conmidinero\/\" target=\"_blank\" rel=\"noreferrer noopener\">proxectos financiado<\/a>s por Fiare Banca Etica.<\/p>\n\n\n<\/div>\n\n\n<div style=\"height:20px\" aria-hidden=\"true\" class=\"wp-block-spacer\"><\/div>\n\n\n\n<div class=\"wrapper-crispybacon-class wrapper-crispybacon-class-large \">\n    \n\n<h2 class=\"wp-block-heading is-style-lyon\">Os n\u00fameros de Fiare Banca Etica<\/h2>\n\n\n<\/div>\n\n\n<div class=\"wrapper-crispybacon-class wrapper-crispybacon-class-large \">\n    \n\n<figure class=\"wp-block-table is-style-stripes\"><table class=\"has-fixed-layout\"><tbody><tr><td>Capital Social<\/td><td>5.190.000 \u20ac<\/td><\/tr><tr><td>N\u00famero total de persoas socias<\/td><td>4.041<\/td><\/tr><tr><td>Aforro<\/td><td>324.027.000 \u20ac<\/td><\/tr><tr><td>Empr\u00e9stitos concedidos<\/td><td>\u00a0157.205.000 \u20ac<\/td><\/tr><tr><td>N\u00famero de empr\u00e9stitos&nbsp;<\/td><td>453<\/td><\/tr><\/tbody><\/table><figcaption class=\"wp-element-caption\"><em>Datos actualizados el <\/em>28\/02\/26<\/figcaption><\/figure>\n\n\n<\/div>\n\n\n<div style=\"height:20px\" aria-hidden=\"true\" class=\"wp-block-spacer\"><\/div>\n\n\n\n<div class=\"wrapper-crispybacon-class wrapper-crispybacon-class-large \">\n    \n\n<h2 class=\"wp-block-heading is-style-lyon\">Os n\u00fameros de Banca Etica<\/h2>\n\n\n<\/div>\n\n\n<div class=\"wrapper-crispybacon-class wrapper-crispybacon-class-large \">\n    \n\n<figure class=\"wp-block-table is-style-stripes\"><table class=\"has-fixed-layout\"><tbody><tr><td>Capital social<\/td><td class=\"has-text-align-left\" data-align=\"left\">100.152.000 \u20ac\u00a0<\/td><\/tr><tr><td>N\u00famero total de persoas socias<\/td><td class=\"has-text-align-left\" data-align=\"left\">49.811<\/td><\/tr><tr><td>Aforro<\/td><td class=\"has-text-align-left\" data-align=\"left\">2.781.692.000 \u20ac\u00a0<\/td><\/tr><tr><td>Empr\u00e9stitos concedidos<\/td><td class=\"has-text-align-left\" data-align=\"left\">1.378.192.000 \u20ac<\/td><\/tr><\/tbody><\/table><figcaption class=\"wp-element-caption\"><em>Datos actualizados el<\/em> 28\/02\/26<\/figcaption><\/figure>\n\n\n<\/div>\n\n\n<div style=\"height:100px\" aria-hidden=\"true\" class=\"wp-block-spacer\"><\/div>\n\n\n\n<div style=\"height:20px\" aria-hidden=\"true\" class=\"wp-block-spacer\"><\/div>\n","protected":false},"excerpt":{"rendered":"","protected":false},"author":6693,"featured_media":0,"parent":314818,"menu_order":0,"comment_status":"closed","ping_status":"closed","template":"","meta":{"_acf_changed":false,"footnotes":""},"coauthors":[10743],"class_list":["post-316951","page","type-page","status-publish","hentry","crispybacon-hidden-page-title"],"acf":[],"yoast_head":"<!-- This site is optimized with the Yoast SEO plugin v26.9 - https:\/\/yoast.com\/product\/yoast-seo-wordpress\/ -->\n<title>Os nosos n\u00fameros - Fiare Banca Etica<\/title>\n<meta name=\"robots\" content=\"index, follow, max-snippet:-1, max-image-preview:large, max-video-preview:-1\" \/>\n<link rel=\"canonical\" href=\"https:\/\/www.fiarebancaetica.coop\/gl\/identidade\/os-nosos-numeros\/\" \/>\n<meta property=\"og:locale\" content=\"gl_ES\" \/>\n<meta property=\"og:type\" content=\"article\" \/>\n<meta property=\"og:title\" content=\"Os nosos n\u00fameros - Fiare Banca Etica\" \/>\n<meta property=\"og:url\" content=\"https:\/\/www.fiarebancaetica.coop\/gl\/identidade\/os-nosos-numeros\/\" \/>\n<meta property=\"og:site_name\" content=\"Fiare Banca Etica\" \/>\n<meta property=\"article:modified_time\" content=\"2026-03-12T11:31:42+00:00\" \/>\n<meta name=\"twitter:card\" content=\"summary_large_image\" \/>\n<script type=\"application\/ld+json\" class=\"yoast-schema-graph\">{\"@context\":\"https:\/\/schema.org\",\"@graph\":[{\"@type\":\"WebPage\",\"@id\":\"https:\/\/www.fiarebancaetica.coop\/gl\/identidade\/os-nosos-numeros\/\",\"url\":\"https:\/\/www.fiarebancaetica.coop\/gl\/identidade\/os-nosos-numeros\/\",\"name\":\"Os nosos n\u00fameros - Fiare Banca Etica\",\"isPartOf\":{\"@id\":\"https:\/\/www.fiarebancaetica.coop\/gl\/#website\"},\"datePublished\":\"2023-11-28T08:37:17+00:00\",\"dateModified\":\"2026-03-12T11:31:42+00:00\",\"breadcrumb\":{\"@id\":\"https:\/\/www.fiarebancaetica.coop\/gl\/identidade\/os-nosos-numeros\/#breadcrumb\"},\"inLanguage\":\"gl-ES\",\"potentialAction\":[{\"@type\":\"ReadAction\",\"target\":[\"https:\/\/www.fiarebancaetica.coop\/gl\/identidade\/os-nosos-numeros\/\"]}]},{\"@type\":\"BreadcrumbList\",\"@id\":\"https:\/\/www.fiarebancaetica.coop\/gl\/identidade\/os-nosos-numeros\/#breadcrumb\",\"itemListElement\":[{\"@type\":\"ListItem\",\"position\":1,\"name\":\"Home\",\"item\":\"https:\/\/www.fiarebancaetica.coop\/gl\/\"},{\"@type\":\"ListItem\",\"position\":2,\"name\":\"Identidade\",\"item\":\"https:\/\/www.fiarebancaetica.coop\/gl\/identidade\/\"},{\"@type\":\"ListItem\",\"position\":3,\"name\":\"Os nosos n\u00fameros\"}]},{\"@type\":\"WebSite\",\"@id\":\"https:\/\/www.fiarebancaetica.coop\/gl\/#website\",\"url\":\"https:\/\/www.fiarebancaetica.coop\/gl\/\",\"name\":\"Fiare Banca Etica\",\"description\":\"\",\"potentialAction\":[{\"@type\":\"SearchAction\",\"target\":{\"@type\":\"EntryPoint\",\"urlTemplate\":\"https:\/\/www.fiarebancaetica.coop\/gl\/?s={search_term_string}\"},\"query-input\":{\"@type\":\"PropertyValueSpecification\",\"valueRequired\":true,\"valueName\":\"search_term_string\"}}],\"inLanguage\":\"gl-ES\"}]}<\/script>\n<!-- \/ Yoast SEO plugin. -->","yoast_head_json":{"title":"Os nosos n\u00fameros - Fiare Banca Etica","robots":{"index":"index","follow":"follow","max-snippet":"max-snippet:-1","max-image-preview":"max-image-preview:large","max-video-preview":"max-video-preview:-1"},"canonical":"https:\/\/www.fiarebancaetica.coop\/gl\/identidade\/os-nosos-numeros\/","og_locale":"gl_ES","og_type":"article","og_title":"Os nosos n\u00fameros - Fiare Banca Etica","og_url":"https:\/\/www.fiarebancaetica.coop\/gl\/identidade\/os-nosos-numeros\/","og_site_name":"Fiare Banca Etica","article_modified_time":"2026-03-12T11:31:42+00:00","twitter_card":"summary_large_image","schema":{"@context":"https:\/\/schema.org","@graph":[{"@type":"WebPage","@id":"https:\/\/www.fiarebancaetica.coop\/gl\/identidade\/os-nosos-numeros\/","url":"https:\/\/www.fiarebancaetica.coop\/gl\/identidade\/os-nosos-numeros\/","name":"Os nosos n\u00fameros - Fiare Banca Etica","isPartOf":{"@id":"https:\/\/www.fiarebancaetica.coop\/gl\/#website"},"datePublished":"2023-11-28T08:37:17+00:00","dateModified":"2026-03-12T11:31:42+00:00","breadcrumb":{"@id":"https:\/\/www.fiarebancaetica.coop\/gl\/identidade\/os-nosos-numeros\/#breadcrumb"},"inLanguage":"gl-ES","potentialAction":[{"@type":"ReadAction","target":["https:\/\/www.fiarebancaetica.coop\/gl\/identidade\/os-nosos-numeros\/"]}]},{"@type":"BreadcrumbList","@id":"https:\/\/www.fiarebancaetica.coop\/gl\/identidade\/os-nosos-numeros\/#breadcrumb","itemListElement":[{"@type":"ListItem","position":1,"name":"Home","item":"https:\/\/www.fiarebancaetica.coop\/gl\/"},{"@type":"ListItem","position":2,"name":"Identidade","item":"https:\/\/www.fiarebancaetica.coop\/gl\/identidade\/"},{"@type":"ListItem","position":3,"name":"Os nosos n\u00fameros"}]},{"@type":"WebSite","@id":"https:\/\/www.fiarebancaetica.coop\/gl\/#website","url":"https:\/\/www.fiarebancaetica.coop\/gl\/","name":"Fiare Banca Etica","description":"","potentialAction":[{"@type":"SearchAction","target":{"@type":"EntryPoint","urlTemplate":"https:\/\/www.fiarebancaetica.coop\/gl\/?s={search_term_string}"},"query-input":{"@type":"PropertyValueSpecification","valueRequired":true,"valueName":"search_term_string"}}],"inLanguage":"gl-ES"}]}},"_links":{"self":[{"href":"https:\/\/www.fiarebancaetica.coop\/gl\/wp-json\/wp\/v2\/pages\/316951","targetHints":{"allow":["GET"]}}],"collection":[{"href":"https:\/\/www.fiarebancaetica.coop\/gl\/wp-json\/wp\/v2\/pages"}],"about":[{"href":"https:\/\/www.fiarebancaetica.coop\/gl\/wp-json\/wp\/v2\/types\/page"}],"author":[{"embeddable":true,"href":"https:\/\/www.fiarebancaetica.coop\/gl\/wp-json\/wp\/v2\/users\/6693"}],"replies":[{"embeddable":true,"href":"https:\/\/www.fiarebancaetica.coop\/gl\/wp-json\/wp\/v2\/comments?post=316951"}],"version-history":[{"count":32,"href":"https:\/\/www.fiarebancaetica.coop\/gl\/wp-json\/wp\/v2\/pages\/316951\/revisions"}],"predecessor-version":[{"id":391537,"href":"https:\/\/www.fiarebancaetica.coop\/gl\/wp-json\/wp\/v2\/pages\/316951\/revisions\/391537"}],"up":[{"embeddable":true,"href":"https:\/\/www.fiarebancaetica.coop\/gl\/wp-json\/wp\/v2\/pages\/314818"}],"wp:attachment":[{"href":"https:\/\/www.fiarebancaetica.coop\/gl\/wp-json\/wp\/v2\/media?parent=316951"}],"wp:term":[{"taxonomy":"author","embeddable":true,"href":"https:\/\/www.fiarebancaetica.coop\/gl\/wp-json\/wp\/v2\/coauthors?post=316951"}],"curies":[{"name":"wp","href":"https:\/\/api.w.org\/{rel}","templated":true}]}}