{"id":317247,"date":"2023-11-15T11:19:28","date_gmt":"2023-11-15T10:19:28","guid":{"rendered":"https:\/\/www.fiarebancaetica.coop\/psd2\/"},"modified":"2026-04-08T13:00:36","modified_gmt":"2026-04-08T11:00:36","slug":"psd2","status":"publish","type":"page","link":"https:\/\/www.fiarebancaetica.coop\/gl\/psd2\/","title":{"rendered":"PSD2"},"content":{"rendered":"\n<div class=\"wrapper-crispybacon-class wrapper-crispybacon-class-large \">\n    \n\n<h1 class=\"wp-block-heading is-style-lyon\">PSD2<\/h1>\n\n\n\n<h3 class=\"wp-block-heading is-style-lyon\">A DIRECTIVA SOBRE SERVIZOS DE PAGAMENTO 2 (UE 2015\/2366)<\/h3>\n\n\n\n<h2 class=\"wp-block-heading is-style-circular has-blue-color has-text-color\">Que \u00e9 a PSD2?<\/h2>\n\n\n\n<p>A PSD2, acr\u00f3nimo de Payment Services Directive 2, \u00e9 a nova Directiva Europea sobre Servizos de Pagamento e representa unha etapa m\u00e1is no desenvolvemento do mercado \u00fanico de pagamentos en Europa.<\/p>\n\n\n\n<h2 class=\"wp-block-heading is-style-circular has-blue-color has-text-color\">Obxectivos<\/h2>\n\n\n\n<p>A directiva, que&nbsp;<strong>ser\u00e1 de plena aplicaci\u00f3n a partir do 14 de setembro<\/strong>&nbsp;de 2019, ten como obxectivo:<\/p>\n\n\n\n<ul class=\"wp-block-list\">\n<li>aumentar a seguridade e a protecci\u00f3n da clientela nos servizos de pagamento en li\u00f1a;<\/li>\n\n\n\n<li>promover a innovaci\u00f3n e o desenvolvemento dos pagamentos dixitais;<\/li>\n\n\n\n<li>favorecer m\u00e1is uns niveis altos de competitividade e innovaci\u00f3n dentro do mercado de pagamentos.<\/li>\n<\/ul>\n\n\n\n<h2 class=\"wp-block-heading is-style-circular has-blue-color has-text-color\">Principais novidades<\/h2>\n\n\n\n<p><strong>&gt;&gt; NOVOS REQUISITOS DE SEGURIDADE<\/strong><\/p>\n\n\n\n<p>A PSD2 prev\u00e9 a utilizaci\u00f3n de est\u00e1ndares restritivos de seguridade para acceder \u00e1 \u00c1rea de Cliente (banca por Internet) e para dispor dos pagamentos en li\u00f1a.&nbsp;<strong>De feito, a partir do 14 de setembro de 2019, ser\u00e1 obrigatoria unha autenticaci\u00f3n reforzada.<\/strong><\/p>\n\n\n\n<p>A autenticaci\u00f3n reforzada \u00e9 un sistema de seguridade&nbsp;<strong>que permite identificar e autenticar o cliente e a operaci\u00f3n de forma un\u00edvoca<\/strong>, reducindo os riscos ligados ao acceso \u00e1s propias contas en li\u00f1a e \u00e1 execuci\u00f3n de operaci\u00f3ns fraudulentas por parte de terceiros non autorizados.<\/p>\n\n\n\n<p>Para poder cumprir cos requisitos da PSD2 e garantir ao cliente unha seguridade maior na fase de acceso e control, ponse \u00e1 disposici\u00f3n do\/a cliente\/a:<\/p>\n\n\n\n<ul class=\"wp-block-list\">\n<li>OTP SMS: un sistema de autenticaci\u00f3n que consiste na recepci\u00f3n no tel\u00e9fono m\u00f3bil dun SMS cun c\u00f3digo que se debe introducir para autenticarse.<\/li>\n<\/ul>\n\n\n\n<p><strong>QUE CAMBIA PARA AS PERSOAS CLIENTAS DE FIARE BANCA ETICA<\/strong><\/p>\n\n\n\n<p>As persoas clientas de Fiare Banca Etica ter\u00e1n ao seu dispor un sistema de autenticaci\u00f3n gratu\u00edto e seguro novo para o acceso \u00e1 banca por Internet e para a xesti\u00f3n dalg\u00fans procesos na s\u00faa conta. No momento de acceder \u00e1 banca por Internet,&nbsp;<strong>a partir do 14 de setembro de 2019<\/strong>, recibir\u00e1n unha petici\u00f3n de c\u00f3digo SMS para a autenticaci\u00f3n do usuario e para realizar algunhas das consultas. Este proceso repetirase cada 90 d\u00edas.<\/p>\n\n\n\n<p><\/p>\n\n\n\n<p><\/p>\n\n\n\n<p><strong>Estad\u00edsticas T\u00e9cnicas Disponibilidad<\/strong><\/p>\n\n\n\n<ul class=\"wp-block-list\">\n<li><a href=\"http:\/\/www.fiarebancaetica.coop\/app\/uploads\/sites\/2\/2024\/02\/disponibilidad-primer-trimestre-2020-1-1.pdf\">Primer trimestre 2020<\/a><\/li>\n\n\n\n<li><a href=\"http:\/\/www.fiarebancaetica.coop\/app\/uploads\/sites\/2\/2024\/02\/informe-disponibilidad-2021-1.pdf\">Segundo trimestre 2021<\/a><\/li>\n\n\n\n<li><a href=\"http:\/\/www.fiarebancaetica.coop\/app\/uploads\/sites\/2\/2024\/02\/informe-disponibilidad-cuarto-trimestre-2021.pdf\">Cuarto trimestre 2021<\/a><\/li>\n\n\n\n<li><a href=\"http:\/\/www.fiarebancaetica.coop\/app\/uploads\/sites\/2\/2024\/02\/informe-disponibilidad-22.pdf\">Cuarto trimestre 2022<\/a><\/li>\n\n\n\n<li><a href=\"http:\/\/www.fiarebancaetica.coop\/app\/uploads\/sites\/2\/2024\/02\/informe-disponibilidad-primer-trimestre-23.pdf\">Primer trimestre 2023<\/a><\/li>\n\n\n\n<li><a href=\"https:\/\/www.fiarebancaetica.coop\/app\/uploads\/sites\/2\/2024\/02\/Disponibilidad-cuarto-trimestre-23.pdf\">Cuarto trimestre 2023<\/a><\/li>\n\n\n\n<li><a href=\"http:\/\/www.fiarebancaetica.coop\/app\/uploads\/sites\/2\/2024\/06\/disponibilidad_1_2024.pdf\">Primer trimestre 2024<\/a><\/li>\n\n\n\n<li><a href=\"http:\/\/www.fiarebancaetica.coop\/app\/uploads\/sites\/2\/2024\/07\/rendimiento_2_2024.pdf\">Segundo trimestre 2024<\/a><\/li>\n\n\n\n<li><a href=\"http:\/\/www.fiarebancaetica.coop\/app\/uploads\/sites\/2\/2024\/11\/informe-de-disponibilidad-09_12.xlsx.pdf\">Tercer trimestre 2024<\/a><\/li>\n\n\n\n<li><a href=\"https:\/\/www.fiarebancaetica.coop\/app\/uploads\/sites\/2\/2025\/08\/informe-de-disponibilidad.pdf\" target=\"_blank\" rel=\"noreferrer noopener\">Segundo trimestre 2025<\/a><\/li>\n\n\n\n<li><a href=\"https:\/\/www.fiarebancaetica.coop\/app\/uploads\/sites\/2\/2026\/01\/informe-de-disponibilidad.xlsx\">Tercer trimestre 2025<\/a><\/li>\n\n\n\n<li><a href=\"https:\/\/www.fiarebancaetica.coop\/app\/uploads\/sites\/2\/2026\/04\/disponibilidad-dic_25.xlsx\">Cuarto Trimestre 2025<\/a><\/li>\n<\/ul>\n\n\n\n<p><strong>Estad\u00edsticas T\u00e9cnicas Rendimiento<\/strong><\/p>\n\n\n\n<ul class=\"wp-block-list\">\n<li><a href=\"http:\/\/www.fiarebancaetica.coop\/app\/uploads\/sites\/2\/2024\/02\/rendimiento-primer-trimestre-2020.pdf\">Primer trimestre 2020<\/a><\/li>\n\n\n\n<li><a href=\"http:\/\/www.fiarebancaetica.coop\/app\/uploads\/sites\/2\/2024\/02\/informe-rendimiento-2021.pdf\">Segundo trimestre 2021<\/a><\/li>\n\n\n\n<li><a href=\"http:\/\/www.fiarebancaetica.coop\/app\/uploads\/sites\/2\/2024\/02\/informe-rendimiento-cuarto-trimestre-2021.pdf\">Cuarto trimestre 2021<\/a><\/li>\n\n\n\n<li><a href=\"http:\/\/www.fiarebancaetica.coop\/app\/uploads\/sites\/2\/2024\/02\/informe-rendimiento-221.pdf\">Cuarto trimestre 2022&nbsp;<\/a><\/li>\n\n\n\n<li><a href=\"http:\/\/www.fiarebancaetica.coop\/app\/uploads\/sites\/2\/2024\/02\/informe-rendimiento-segundo-trimestre-231.pdf\">Primer semestre 2023&nbsp;<\/a><\/li>\n\n\n\n<li><a href=\"http:\/\/www.fiarebancaetica.coop\/app\/uploads\/sites\/2\/2024\/02\/Rendiemiento_31012024.pdf\">Cuarto trimestre 2023<\/a><\/li>\n\n\n\n<li><a href=\"http:\/\/www.fiarebancaetica.coop\/app\/uploads\/sites\/2\/2024\/06\/rendimiento_1_2024.pdf\">Primer trimestre 2024<\/a><\/li>\n\n\n\n<li><a href=\"http:\/\/www.fiarebancaetica.coop\/app\/uploads\/sites\/2\/2024\/07\/rendimiento_2_2024.pdf\">Segundo trimestre 2024<\/a><\/li>\n\n\n\n<li><a href=\"http:\/\/www.fiarebancaetica.coop\/app\/uploads\/sites\/2\/2024\/11\/informe-de-rendimiento-09_24.xlsx.pdf\">Tercer trimestre 2024<\/a><\/li>\n\n\n\n<li><a href=\"http:\/\/www.fiarebancaetica.coop\/app\/uploads\/sites\/2\/2025\/01\/RENDIMIENTO.xlsx-REND_202410_AIS.pdf\">Cuarto trimestre 2024<\/a><\/li>\n\n\n\n<li><a href=\"https:\/\/www.fiarebancaetica.coop\/app\/uploads\/sites\/2\/2025\/04\/informe-de-rendimiento.xlsx-2025.pdf\">Primer trimestre 2025<\/a><\/li>\n\n\n\n<li><a href=\"https:\/\/www.fiarebancaetica.coop\/app\/uploads\/sites\/2\/2025\/08\/informe-de-rendimiento.pdf\" target=\"_blank\" rel=\"noreferrer noopener\">Segundo trimestre 2025<\/a><\/li>\n\n\n\n<li><a href=\"https:\/\/www.fiarebancaetica.coop\/app\/uploads\/sites\/2\/2026\/01\/informe-de-rendimiento.xlsx\">Tercer trimestre 2025<\/a><\/li>\n\n\n\n<li><a href=\"https:\/\/www.fiarebancaetica.coop\/app\/uploads\/sites\/2\/2026\/01\/informe-de-rendimiento-1.xlsx\">Cuarto Trimestre 2025<\/a><\/li>\n\n\n\n<li><a href=\"https:\/\/www.fiarebancaetica.coop\/app\/uploads\/sites\/2\/2026\/04\/rendimiento_03_26.xlsx\">Primer semestre 2026<\/a><\/li>\n<\/ul>\n\n\n\n<p><strong>&gt;&gt; TERCEIROS PROVEDORES (TPP)<\/strong><\/p>\n\n\n\n<p>As persoas titulares dunha conta corrente que incl\u00faa banca en li\u00f1a ter\u00e1n a posibilidade, de o desexar, de habilitar o acceso da s\u00faa conta a terceiros provedores (os chamados TPP), para:<\/p>\n\n\n\n<ul class=\"wp-block-list\">\n<li>xestionar operaci\u00f3ns de pagamento;<\/li>\n\n\n\n<li>acceder \u00e1 informaci\u00f3n das s\u00faas contas, a\u00ednda que estean en varios bancos.<\/li>\n<\/ul>\n\n\n\n<p>A PSD2 define tres categor\u00edas de terceiros:<\/p>\n\n\n\n<ol class=\"wp-block-list\">\n<li>os PISP (provedores de servizos de iniciaci\u00f3n de pagamentos) permiten transferir di\u00f1eiro e realizar pagamentos con cargo a unha conta corrente elixida polo\/a cliente\/a;<\/li>\n\n\n\n<li>os AISP (provedores de servizos de informaci\u00f3n sobre contas) permiten obter unha visi\u00f3n completa de todas as contas correntes do\/a cliente\/a a trav\u00e9s dunha plataforma en li\u00f1a, mesmo se as ten noutros bancos;<\/li>\n\n\n\n<li>os CISP (servizos de iniciaci\u00f3n de pagamentos con tarxeta) prestan servizos de pagamento con tarxeta e permiten definir en cada caso a conta corrente de cargo. Antes de realizar o pagamento, o CISP pode solicitar preventivamente unha verificaci\u00f3n de dispo\u00f1ibilidade do importe da operaci\u00f3n.<\/li>\n<\/ol>\n\n\n\n<p><strong>Como autorizar a terceiros provedores?<\/strong><\/p>\n\n\n\n<p>Ser\u00e1 decisi\u00f3n libre da persoa clienta se utiliza os servizos ofrecidos por terceiros provedores; o gozo destes non \u00e9 vinculante e&nbsp;<strong>poderase decidir en calquera momento se mantelo ou revogar a autorizaci\u00f3n desde a propia banca en li\u00f1a (\u00c1rea de cliente).<\/strong><\/p>\n\n\n\n<p><strong>SECCI\u00d3N DEDICADA AOS TERCEIROS PROVEDORES<\/strong><\/p>\n\n\n\n<p>Interface dedicada aos terceiros provedores (TPP) de conformidade co Art. 30 e ss. sobre RTS (Regulamento Delegado UE 2018\/389).<br>Para poder realizar as operaci\u00f3ns relacionadas coa PSD2, pomos a disposici\u00f3n dos terceiros autorizados unha interface dedicada para a parte de banca en li\u00f1a (p. ex.: transferencias) (Portal Cabel Industry SPA \u2013 PSD2).<br>Para se conectar ao servizo, c\u00f3mpre consultar a documentaci\u00f3n t\u00e9cnica correspondente e solicitar m\u00e1is informaci\u00f3n; abonda con&nbsp;<a href=\"http:\/\/market.apis-i.redsys.es\/psd2\/xs2a\/nodos\/fiare\">acceder \u00e1 p\u00e1xina web&nbsp;<\/a>e seguir as instruci\u00f3ns.<br>Para co\u00f1ecer as especificaci\u00f3ns t\u00e9cnicas dos est\u00e1ndares API utilizados, debe&nbsp;<a href=\"http:\/\/market.apis-i.redsys.es\/psd2\/xs2a\/nodos\/fiare\">consultarse a p\u00e1xina web.<\/a><\/p>\n\n\n<\/div>","protected":false},"excerpt":{"rendered":"","protected":false},"author":6692,"featured_media":0,"parent":0,"menu_order":0,"comment_status":"closed","ping_status":"closed","template":"","meta":{"_acf_changed":false,"footnotes":""},"coauthors":[10744],"class_list":["post-317247","page","type-page","status-publish","hentry","crispybacon-hidden-page-title"],"acf":[],"yoast_head":"<!-- This site is optimized with the Yoast SEO plugin v26.9 - https:\/\/yoast.com\/product\/yoast-seo-wordpress\/ -->\n<title>PSD2 - Que \u00e9 a PSD2? - Fiare Banca Etica<\/title>\n<meta name=\"robots\" content=\"index, follow, max-snippet:-1, max-image-preview:large, max-video-preview:-1\" \/>\n<link rel=\"canonical\" href=\"https:\/\/www.fiarebancaetica.coop\/gl\/psd2\/\" \/>\n<meta property=\"og:locale\" content=\"gl_ES\" \/>\n<meta property=\"og:type\" content=\"article\" \/>\n<meta property=\"og:title\" content=\"PSD2 - Que \u00e9 a PSD2? - Fiare Banca Etica\" \/>\n<meta property=\"og:url\" content=\"https:\/\/www.fiarebancaetica.coop\/gl\/psd2\/\" \/>\n<meta property=\"og:site_name\" content=\"Fiare Banca Etica\" \/>\n<meta property=\"article:modified_time\" content=\"2026-04-08T11:00:36+00:00\" \/>\n<meta name=\"twitter:card\" content=\"summary_large_image\" \/>\n<script type=\"application\/ld+json\" class=\"yoast-schema-graph\">{\"@context\":\"https:\/\/schema.org\",\"@graph\":[{\"@type\":\"WebPage\",\"@id\":\"https:\/\/www.fiarebancaetica.coop\/gl\/psd2\/\",\"url\":\"https:\/\/www.fiarebancaetica.coop\/gl\/psd2\/\",\"name\":\"PSD2 - Que \u00e9 a PSD2? - Fiare Banca Etica\",\"isPartOf\":{\"@id\":\"https:\/\/www.fiarebancaetica.coop\/gl\/#website\"},\"datePublished\":\"2023-11-15T10:19:28+00:00\",\"dateModified\":\"2026-04-08T11:00:36+00:00\",\"breadcrumb\":{\"@id\":\"https:\/\/www.fiarebancaetica.coop\/gl\/psd2\/#breadcrumb\"},\"inLanguage\":\"gl-ES\",\"potentialAction\":[{\"@type\":\"ReadAction\",\"target\":[\"https:\/\/www.fiarebancaetica.coop\/gl\/psd2\/\"]}]},{\"@type\":\"BreadcrumbList\",\"@id\":\"https:\/\/www.fiarebancaetica.coop\/gl\/psd2\/#breadcrumb\",\"itemListElement\":[{\"@type\":\"ListItem\",\"position\":1,\"name\":\"Home\",\"item\":\"https:\/\/www.fiarebancaetica.coop\/gl\/\"},{\"@type\":\"ListItem\",\"position\":2,\"name\":\"PSD2\"}]},{\"@type\":\"WebSite\",\"@id\":\"https:\/\/www.fiarebancaetica.coop\/gl\/#website\",\"url\":\"https:\/\/www.fiarebancaetica.coop\/gl\/\",\"name\":\"Fiare Banca Etica\",\"description\":\"\",\"potentialAction\":[{\"@type\":\"SearchAction\",\"target\":{\"@type\":\"EntryPoint\",\"urlTemplate\":\"https:\/\/www.fiarebancaetica.coop\/gl\/?s={search_term_string}\"},\"query-input\":{\"@type\":\"PropertyValueSpecification\",\"valueRequired\":true,\"valueName\":\"search_term_string\"}}],\"inLanguage\":\"gl-ES\"}]}<\/script>\n<!-- \/ Yoast SEO plugin. -->","yoast_head_json":{"title":"PSD2 - Que \u00e9 a PSD2? - Fiare Banca Etica","robots":{"index":"index","follow":"follow","max-snippet":"max-snippet:-1","max-image-preview":"max-image-preview:large","max-video-preview":"max-video-preview:-1"},"canonical":"https:\/\/www.fiarebancaetica.coop\/gl\/psd2\/","og_locale":"gl_ES","og_type":"article","og_title":"PSD2 - Que \u00e9 a PSD2? - Fiare Banca Etica","og_url":"https:\/\/www.fiarebancaetica.coop\/gl\/psd2\/","og_site_name":"Fiare Banca Etica","article_modified_time":"2026-04-08T11:00:36+00:00","twitter_card":"summary_large_image","schema":{"@context":"https:\/\/schema.org","@graph":[{"@type":"WebPage","@id":"https:\/\/www.fiarebancaetica.coop\/gl\/psd2\/","url":"https:\/\/www.fiarebancaetica.coop\/gl\/psd2\/","name":"PSD2 - Que \u00e9 a PSD2? - Fiare Banca Etica","isPartOf":{"@id":"https:\/\/www.fiarebancaetica.coop\/gl\/#website"},"datePublished":"2023-11-15T10:19:28+00:00","dateModified":"2026-04-08T11:00:36+00:00","breadcrumb":{"@id":"https:\/\/www.fiarebancaetica.coop\/gl\/psd2\/#breadcrumb"},"inLanguage":"gl-ES","potentialAction":[{"@type":"ReadAction","target":["https:\/\/www.fiarebancaetica.coop\/gl\/psd2\/"]}]},{"@type":"BreadcrumbList","@id":"https:\/\/www.fiarebancaetica.coop\/gl\/psd2\/#breadcrumb","itemListElement":[{"@type":"ListItem","position":1,"name":"Home","item":"https:\/\/www.fiarebancaetica.coop\/gl\/"},{"@type":"ListItem","position":2,"name":"PSD2"}]},{"@type":"WebSite","@id":"https:\/\/www.fiarebancaetica.coop\/gl\/#website","url":"https:\/\/www.fiarebancaetica.coop\/gl\/","name":"Fiare Banca Etica","description":"","potentialAction":[{"@type":"SearchAction","target":{"@type":"EntryPoint","urlTemplate":"https:\/\/www.fiarebancaetica.coop\/gl\/?s={search_term_string}"},"query-input":{"@type":"PropertyValueSpecification","valueRequired":true,"valueName":"search_term_string"}}],"inLanguage":"gl-ES"}]}},"_links":{"self":[{"href":"https:\/\/www.fiarebancaetica.coop\/gl\/wp-json\/wp\/v2\/pages\/317247","targetHints":{"allow":["GET"]}}],"collection":[{"href":"https:\/\/www.fiarebancaetica.coop\/gl\/wp-json\/wp\/v2\/pages"}],"about":[{"href":"https:\/\/www.fiarebancaetica.coop\/gl\/wp-json\/wp\/v2\/types\/page"}],"author":[{"embeddable":true,"href":"https:\/\/www.fiarebancaetica.coop\/gl\/wp-json\/wp\/v2\/users\/6692"}],"replies":[{"embeddable":true,"href":"https:\/\/www.fiarebancaetica.coop\/gl\/wp-json\/wp\/v2\/comments?post=317247"}],"version-history":[{"count":8,"href":"https:\/\/www.fiarebancaetica.coop\/gl\/wp-json\/wp\/v2\/pages\/317247\/revisions"}],"predecessor-version":[{"id":391874,"href":"https:\/\/www.fiarebancaetica.coop\/gl\/wp-json\/wp\/v2\/pages\/317247\/revisions\/391874"}],"wp:attachment":[{"href":"https:\/\/www.fiarebancaetica.coop\/gl\/wp-json\/wp\/v2\/media?parent=317247"}],"wp:term":[{"taxonomy":"author","embeddable":true,"href":"https:\/\/www.fiarebancaetica.coop\/gl\/wp-json\/wp\/v2\/coauthors?post=317247"}],"curies":[{"name":"wp","href":"https:\/\/api.w.org\/{rel}","templated":true}]}}