{"id":317273,"date":"2023-11-22T10:32:25","date_gmt":"2023-11-22T09:32:25","guid":{"rendered":"https:\/\/www.fiarebancaetica.coop\/316097-2\/"},"modified":"2025-09-09T09:29:50","modified_gmt":"2025-09-09T07:29:50","slug":"trabaja-en-fiare-banca-etica","status":"publish","type":"page","link":"https:\/\/www.fiarebancaetica.coop\/gl\/trabaja-en-fiare-banca-etica\/","title":{"rendered":"Traballa en Fiare Banca Etica"},"content":{"rendered":"\n<div style=\"height:100px\" aria-hidden=\"true\" class=\"wp-block-spacer\"><\/div>\n\n\n\n<h1 class=\"wp-block-heading has-text-align-center is-style-lyon\" style=\"font-size:46px\">Traballa en Fiare Banca Etica<\/h1>\n\n\n\n<div style=\"height:40px\" aria-hidden=\"true\" class=\"wp-block-spacer\"><\/div>\n\n\n\n\n<div class=\"crispybacon-block-57\">\n\n    <div class=\"about-col\">\n                    <h2 class=\"about-col-title\">Un banco diferente, para as persoas e o medio ambiente<\/h2>\n        \n                    <div class=\"about-col-description\"><p>M\u00e1is de 400 persoas traballan en Espa\u00f1a e Italia no noso proxecto de finanzas \u00e9ticas e cooperativas,<br \/>\nque se remonta a 1999 e se compromete a maximizar os impactos positivos para a comunidade e o<br \/>\nmedio ambiente. Buscamos constantemente novo talento e enerx\u00eda para inclu\u00edr no noso equipo.<\/p>\n<\/div>\n            <\/div>\n\n    <div class=\"video-col\">\n        <!--IUB-COOKIE-BLOCK-SKIP-START-->\n        <iframe loading=\"lazy\" title=\"Nuestros Valores\" width=\"640\" height=\"360\" src=\"https:\/\/www.youtube.com\/embed\/JJAcRi8HsFM?feature=oembed\" frameborder=\"0\" allow=\"accelerometer; autoplay; clipboard-write; encrypted-media; gyroscope; picture-in-picture; web-share\" referrerpolicy=\"strict-origin-when-cross-origin\" allowfullscreen data-iub-purposes=\"1\"><\/iframe>        <!--IUB-COOKIE-BLOCK-SKIP-END-->\n    <\/div>\n      \n<\/div>\n\n\n\n<div class=\"wrapper-crispybacon-class wrapper-crispybacon-class-wide \">\n    \n\n<h2 class=\"wp-block-heading has-text-align-center\">Descubre todas as oportunidades<\/h2>\n\n\n<\/div>\n\n\n<div class=\"wrapper-crispybacon-class wrapper-crispybacon-class-large \">\n    \n\n<script src=\"https:\/\/zinrec.intervieweb.it\/integration\/announces_js.php?&#038;h=&#038;w=800&#038;lang=es&#038;utype=0&#038;k=d11b82fc8c9516f0333a7dd7ad0df2e5&#038;LAC=bancapopolareetica&#038;d=fiarebancaetica.coop&#038;annType=published&#038;view=list&#038;defgroup=name&#038;gnavenable=1&#038;desc=1&#038;typeView=large&#038;CodP=1&#038;separateP=\" defer type=\"text\/javascript\"><\/script>\n\n<div id=\"inrecruiting_announces\"><\/div>\n\n\n<\/div>\n\n\n<div class=\"wrapper-crispybacon-class wrapper-crispybacon-class-large \">\n    \n\n<h2 class=\"wp-block-heading has-text-align-center is-style-lyon\">Non hai vacantes para ti?<\/h2>\n\n\n\n<p class=\"has-text-align-center\">Env\u00edanos o teu CV igualmente. Se as t\u00faas caracter\u00edsticas coinciden coas nosas necesidades, po\u00f1er\u00e9monos en contacto contigo para unha entrevista.<\/p>\n\n\n\n<p class=\"has-text-align-center\">Para obter m\u00e1is informaci\u00f3n, escr\u00edbenos ao correo electr\u00f3nico&nbsp;<a href=\"mailto:seleccion@fiarebancaetica.coop\">seleccion@fiarebancaetica.coop<\/a><br>S\u00edguenos tam\u00e9n en&nbsp;<a href=\"https:\/\/www.linkedin.com\/company\/fiarebancaetica\/?originalSubdomain=es\">LinkedIn<\/a><\/p>\n\n\n<\/div>\n\n\n\n<div class=\"crispybacon-block-68\">\n    <div class=\"wrapper\">\n        <div class=\"first-col\">\n                            <h3>Candidatura espont\u00e1nea<\/h3>\n                                        <a href=\"https:\/\/www.fiarebancaetica.coop\/gl\/aplicar-espontaneamente\/\">Candidatura espont\u00e1nea<\/a>\n                    <\/div>\n        <div class=\"second-col\">\n                        <h3>Xa creaches o teu perfil?<\/h3>\n                                        <a href=\"https:\/\/zinrec.intervieweb.it\/guest.php?LAC=bancapopolareetica&#038;lang=es\">Actualiza os teus datos<\/a>\n                    <\/div>\n    <\/div>\n<\/div>\n\n\n\n<div class=\"wp-block-bancaetica-blocks-blocks-block-15 crispybacon-block-15\"><div class=\"crispybacon-block-15-left\"><h3 class=\"crispybacon-block-15-title\">A\u00ednda est\u00e1s estudando ou acabas de incorporarte ao mundo laboral?<\/h3><div class=\"crispybacon-block-15-description\"><\/div><\/div><div class=\"crispybacon-block-15-right\">\n<div class=\"wp-block-bancaetica-blocks-blocks-block-20 crispybacon-block-20\"><div><h3>Fai unhas pr\u00e1cticas con n\u00f3s<\/h3><div>Descubre todas as oportunidades<\/div><\/div><a href=\"https:\/\/www.fiarebancaetica.coop\/gl\/practicas\/\"><i class=\"icon-arrow-right\"><\/i><\/a><\/div>\n<\/div><\/div>\n\n\n\n\n<div class=\"crispybacon-block-58\">\n\n                        <div class=\"section-row\">\n                <div class=\"content-col\">\n                                            <h3>Un equipo apaixonado<\/h3>\n                    \n                                            Cremos nas relaci\u00f3ns reais, a cooperaci\u00f3n e o intercambio de valores com\u00fans.                                    <\/div>\n                                    <div class=\"content-image\">\n                        <img decoding=\"async\" src=\"https:\/\/www.fiarebancaetica.coop\/app\/uploads\/sites\/2\/2023\/11\/equipo.jpg\">\n                    <\/div>\n                            <\/div>\n                    <div class=\"section-row\">\n                <div class=\"content-col\">\n                                            <h3>Atenci\u00f3n \u00e1 diversidade<\/h3>\n                    \n                                            Reco\u00f1ecemos a diversidade como un recurso fundamental para producir cambios positivos.                                    <\/div>\n                                    <div class=\"content-image\">\n                        <img decoding=\"async\" src=\"https:\/\/www.fiarebancaetica.coop\/app\/uploads\/sites\/2\/2023\/11\/5.jpg\">\n                    <\/div>\n                            <\/div>\n                    <div class=\"section-row\">\n                <div class=\"content-col\">\n                                            <h3>Formaci\u00f3n continua<\/h3>\n                    \n                                            Investimos nunha formaci\u00f3n que integre dimensi\u00f3ns \u00e9ticas, profesionais e especializadas.                                    <\/div>\n                                    <div class=\"content-image\">\n                        <img decoding=\"async\" src=\"https:\/\/www.fiarebancaetica.coop\/app\/uploads\/sites\/2\/2023\/11\/2-1.jpg\">\n                    <\/div>\n                            <\/div>\n                    <div class=\"section-row\">\n                <div class=\"content-col\">\n                                            <h3>Conciliaci\u00f3n laboral<\/h3>\n                    \n                                            Favorecemos a flexibilidade de horarios e o teletraballo para atender as necesidades persoais.                                    <\/div>\n                                    <div class=\"content-image\">\n                        <img decoding=\"async\" src=\"https:\/\/www.fiarebancaetica.coop\/app\/uploads\/sites\/2\/2023\/11\/christin-hume-mfB1B1s4sMc-unsplash-scaled.jpg\">\n                    <\/div>\n                            <\/div>\n            \n      \n<\/div>\n\n\n\n<div style=\"height:100px\" aria-hidden=\"true\" class=\"wp-block-spacer\"><\/div>\n","protected":false},"excerpt":{"rendered":"<p>Traballa en Fiare Banca Etica<\/p>\n","protected":false},"author":6692,"featured_media":0,"parent":0,"menu_order":0,"comment_status":"closed","ping_status":"closed","template":"","meta":{"_acf_changed":false,"footnotes":""},"coauthors":[10744],"class_list":["post-317273","page","type-page","status-publish","hentry","crispybacon-hidden-page-title"],"acf":[],"yoast_head":"<!-- This site is optimized with the Yoast SEO plugin v26.9 - https:\/\/yoast.com\/product\/yoast-seo-wordpress\/ -->\n<title>Traballa en Fiare Banca Etica - Fiare Banca Etica<\/title>\n<meta name=\"robots\" content=\"index, follow, max-snippet:-1, max-image-preview:large, max-video-preview:-1\" \/>\n<link rel=\"canonical\" href=\"https:\/\/www.fiarebancaetica.coop\/gl\/trabaja-en-fiare-banca-etica\/\" \/>\n<meta property=\"og:locale\" content=\"gl_ES\" \/>\n<meta property=\"og:type\" content=\"article\" \/>\n<meta property=\"og:title\" content=\"Traballa en Fiare Banca Etica - Fiare Banca Etica\" \/>\n<meta property=\"og:description\" content=\"Traballa en Fiare Banca Etica\" \/>\n<meta property=\"og:url\" content=\"https:\/\/www.fiarebancaetica.coop\/gl\/trabaja-en-fiare-banca-etica\/\" \/>\n<meta property=\"og:site_name\" content=\"Fiare Banca Etica\" \/>\n<meta property=\"article:modified_time\" content=\"2025-09-09T07:29:50+00:00\" \/>\n<meta name=\"twitter:card\" content=\"summary_large_image\" \/>\n<script type=\"application\/ld+json\" class=\"yoast-schema-graph\">{\"@context\":\"https:\/\/schema.org\",\"@graph\":[{\"@type\":\"WebPage\",\"@id\":\"https:\/\/www.fiarebancaetica.coop\/gl\/trabaja-en-fiare-banca-etica\/\",\"url\":\"https:\/\/www.fiarebancaetica.coop\/gl\/trabaja-en-fiare-banca-etica\/\",\"name\":\"Traballa en Fiare Banca Etica - Fiare Banca Etica\",\"isPartOf\":{\"@id\":\"https:\/\/www.fiarebancaetica.coop\/gl\/#website\"},\"datePublished\":\"2023-11-22T09:32:25+00:00\",\"dateModified\":\"2025-09-09T07:29:50+00:00\",\"breadcrumb\":{\"@id\":\"https:\/\/www.fiarebancaetica.coop\/gl\/trabaja-en-fiare-banca-etica\/#breadcrumb\"},\"inLanguage\":\"gl-ES\",\"potentialAction\":[{\"@type\":\"ReadAction\",\"target\":[\"https:\/\/www.fiarebancaetica.coop\/gl\/trabaja-en-fiare-banca-etica\/\"]}]},{\"@type\":\"BreadcrumbList\",\"@id\":\"https:\/\/www.fiarebancaetica.coop\/gl\/trabaja-en-fiare-banca-etica\/#breadcrumb\",\"itemListElement\":[{\"@type\":\"ListItem\",\"position\":1,\"name\":\"Home\",\"item\":\"https:\/\/www.fiarebancaetica.coop\/gl\/\"},{\"@type\":\"ListItem\",\"position\":2,\"name\":\"Traballa en Fiare Banca Etica\"}]},{\"@type\":\"WebSite\",\"@id\":\"https:\/\/www.fiarebancaetica.coop\/gl\/#website\",\"url\":\"https:\/\/www.fiarebancaetica.coop\/gl\/\",\"name\":\"Fiare Banca Etica\",\"description\":\"\",\"potentialAction\":[{\"@type\":\"SearchAction\",\"target\":{\"@type\":\"EntryPoint\",\"urlTemplate\":\"https:\/\/www.fiarebancaetica.coop\/gl\/?s={search_term_string}\"},\"query-input\":{\"@type\":\"PropertyValueSpecification\",\"valueRequired\":true,\"valueName\":\"search_term_string\"}}],\"inLanguage\":\"gl-ES\"}]}<\/script>\n<!-- \/ Yoast SEO plugin. -->","yoast_head_json":{"title":"Traballa en Fiare Banca Etica - Fiare Banca Etica","robots":{"index":"index","follow":"follow","max-snippet":"max-snippet:-1","max-image-preview":"max-image-preview:large","max-video-preview":"max-video-preview:-1"},"canonical":"https:\/\/www.fiarebancaetica.coop\/gl\/trabaja-en-fiare-banca-etica\/","og_locale":"gl_ES","og_type":"article","og_title":"Traballa en Fiare Banca Etica - Fiare Banca Etica","og_description":"Traballa en Fiare Banca Etica","og_url":"https:\/\/www.fiarebancaetica.coop\/gl\/trabaja-en-fiare-banca-etica\/","og_site_name":"Fiare Banca Etica","article_modified_time":"2025-09-09T07:29:50+00:00","twitter_card":"summary_large_image","schema":{"@context":"https:\/\/schema.org","@graph":[{"@type":"WebPage","@id":"https:\/\/www.fiarebancaetica.coop\/gl\/trabaja-en-fiare-banca-etica\/","url":"https:\/\/www.fiarebancaetica.coop\/gl\/trabaja-en-fiare-banca-etica\/","name":"Traballa en Fiare Banca Etica - Fiare Banca Etica","isPartOf":{"@id":"https:\/\/www.fiarebancaetica.coop\/gl\/#website"},"datePublished":"2023-11-22T09:32:25+00:00","dateModified":"2025-09-09T07:29:50+00:00","breadcrumb":{"@id":"https:\/\/www.fiarebancaetica.coop\/gl\/trabaja-en-fiare-banca-etica\/#breadcrumb"},"inLanguage":"gl-ES","potentialAction":[{"@type":"ReadAction","target":["https:\/\/www.fiarebancaetica.coop\/gl\/trabaja-en-fiare-banca-etica\/"]}]},{"@type":"BreadcrumbList","@id":"https:\/\/www.fiarebancaetica.coop\/gl\/trabaja-en-fiare-banca-etica\/#breadcrumb","itemListElement":[{"@type":"ListItem","position":1,"name":"Home","item":"https:\/\/www.fiarebancaetica.coop\/gl\/"},{"@type":"ListItem","position":2,"name":"Traballa en Fiare Banca Etica"}]},{"@type":"WebSite","@id":"https:\/\/www.fiarebancaetica.coop\/gl\/#website","url":"https:\/\/www.fiarebancaetica.coop\/gl\/","name":"Fiare Banca Etica","description":"","potentialAction":[{"@type":"SearchAction","target":{"@type":"EntryPoint","urlTemplate":"https:\/\/www.fiarebancaetica.coop\/gl\/?s={search_term_string}"},"query-input":{"@type":"PropertyValueSpecification","valueRequired":true,"valueName":"search_term_string"}}],"inLanguage":"gl-ES"}]}},"_links":{"self":[{"href":"https:\/\/www.fiarebancaetica.coop\/gl\/wp-json\/wp\/v2\/pages\/317273","targetHints":{"allow":["GET"]}}],"collection":[{"href":"https:\/\/www.fiarebancaetica.coop\/gl\/wp-json\/wp\/v2\/pages"}],"about":[{"href":"https:\/\/www.fiarebancaetica.coop\/gl\/wp-json\/wp\/v2\/types\/page"}],"author":[{"embeddable":true,"href":"https:\/\/www.fiarebancaetica.coop\/gl\/wp-json\/wp\/v2\/users\/6692"}],"replies":[{"embeddable":true,"href":"https:\/\/www.fiarebancaetica.coop\/gl\/wp-json\/wp\/v2\/comments?post=317273"}],"version-history":[{"count":36,"href":"https:\/\/www.fiarebancaetica.coop\/gl\/wp-json\/wp\/v2\/pages\/317273\/revisions"}],"predecessor-version":[{"id":388459,"href":"https:\/\/www.fiarebancaetica.coop\/gl\/wp-json\/wp\/v2\/pages\/317273\/revisions\/388459"}],"wp:attachment":[{"href":"https:\/\/www.fiarebancaetica.coop\/gl\/wp-json\/wp\/v2\/media?parent=317273"}],"wp:term":[{"taxonomy":"author","embeddable":true,"href":"https:\/\/www.fiarebancaetica.coop\/gl\/wp-json\/wp\/v2\/coauthors?post=317273"}],"curies":[{"name":"wp","href":"https:\/\/api.w.org\/{rel}","templated":true}]}}