{"id":317889,"date":"2023-12-05T11:05:17","date_gmt":"2023-12-05T10:05:17","guid":{"rendered":"https:\/\/www.fiarebancaetica.coop\/?page_id=317889"},"modified":"2024-02-21T15:38:19","modified_gmt":"2024-02-21T14:38:19","slug":"principais-ambitos-de-financiamento","status":"publish","type":"page","link":"https:\/\/www.fiarebancaetica.coop\/gl\/empresas-organizacions\/financiamento\/principais-ambitos-de-financiamento\/","title":{"rendered":"Principais \u00e1mbitos de financiamento"},"content":{"rendered":"\n<div class=\"wrapper-crispybacon-class wrapper-crispybacon-class-medium \">\n    \n\n<h1 class=\"is-style-lyon wp-block-heading\"><span class=\"has-inline-color has-orange-color\">Principais \u00e1mbitos de financiamento<\/span><br>O noso financiamento chega onde m\u00e1is se necesita. Por principio.<\/h1>\n\n\n\n<p>Para determinado tipo de empresas \u00e9 doado atopar financiamento. Por\u00e9n, cando o \u00e1mbito dunha organizaci\u00f3n \u00e9 social, precisas un capital social que responda.<\/p>\n\n\n\n<hr class=\"wp-block-separator is-style-default\" \/>\n\n\n\n<p>Os principais eidos de financiamento de Fiare Banca Etica son:<\/p>\n\n\n\n<ul class=\"wp-block-list\"><li>Inserci\u00f3n social e laboral de persoas<\/li><li>Agricultura de proximidade e\/ou ecol\u00f3xica<\/li><li>Sustentabilidade ambiental, autoconsumo etc.<\/li><li>Cultura, educaci\u00f3n e dixitalizaci\u00f3n<\/li><li>Cooperaci\u00f3n ao desenvolvemento e comercio xusto<\/li><li>Vivenda social e\/ou cooperativa<\/li><li>Finanzas \u00e9ticas<\/li><\/ul>\n\n\n\n<p>Se a t\u00faa empresa\/organizaci\u00f3n est\u00e1 entre os anteriores \u00e1mbitos de traballo, poder\u00e1s beneficiarte dunha ampla variedade de opci\u00f3ns de cr\u00e9dito. Contacta co persoal.<\/p>\n\n\n\n<div style=\"height:64px\" aria-hidden=\"true\" class=\"wp-block-spacer\"><\/div>\n\n\n\n        <div class=\"wp-block-bancaetica-blocks-blocks-block-02 \" style=\"background-color: #003087;\">\n            <div class=\"container-block\">\n                <h3 class=\"section-content\" style=\"text-align: ;\">\n                                    <\/h3>\n                <p class=\"section-paragraph\" style=\"text-align: ;\">\n                                    <\/p>\n                                <div class=\"cta  with-margin\" style=\"background-color: ; border: none;\">\n                    <a href=\"https:\/\/www.fiarebancaetica.coop\/gl\/contacto\/\" target=\"_blank\" rel=\"noreferrer noopener\">CONT\u00c1CTANOS<\/a>                <\/div>\n                            <\/div>\n        <\/div>\n\n        \n\n<\/div>\n\n\n<div style=\"height:100px\" aria-hidden=\"true\" class=\"wp-block-spacer\"><\/div>\n","protected":false},"excerpt":{"rendered":"","protected":false},"author":6693,"featured_media":0,"parent":317854,"menu_order":0,"comment_status":"closed","ping_status":"closed","template":"","meta":{"_acf_changed":false,"footnotes":""},"coauthors":[10743],"class_list":["post-317889","page","type-page","status-publish","hentry","crispybacon-hidden-page-title"],"acf":[],"yoast_head":"<!-- This site is optimized with the Yoast SEO plugin v26.9 - https:\/\/yoast.com\/product\/yoast-seo-wordpress\/ -->\n<title>Principais \u00e1mbitos de financiamento - Fiare Banca Etica<\/title>\n<meta name=\"robots\" content=\"index, follow, max-snippet:-1, max-image-preview:large, max-video-preview:-1\" \/>\n<link rel=\"canonical\" href=\"https:\/\/www.fiarebancaetica.coop\/gl\/empresas-organizacions\/financiamento\/principais-ambitos-de-financiamento\/\" \/>\n<meta property=\"og:locale\" content=\"gl_ES\" \/>\n<meta property=\"og:type\" content=\"article\" \/>\n<meta property=\"og:title\" content=\"Principais \u00e1mbitos de financiamento - Fiare Banca Etica\" \/>\n<meta property=\"og:url\" content=\"https:\/\/www.fiarebancaetica.coop\/gl\/empresas-organizacions\/financiamento\/principais-ambitos-de-financiamento\/\" \/>\n<meta property=\"og:site_name\" content=\"Fiare Banca Etica\" \/>\n<meta property=\"article:modified_time\" content=\"2024-02-21T14:38:19+00:00\" \/>\n<meta name=\"twitter:card\" content=\"summary_large_image\" \/>\n<script type=\"application\/ld+json\" class=\"yoast-schema-graph\">{\"@context\":\"https:\/\/schema.org\",\"@graph\":[{\"@type\":\"WebPage\",\"@id\":\"https:\/\/www.fiarebancaetica.coop\/gl\/empresas-organizacions\/financiamento\/principais-ambitos-de-financiamento\/\",\"url\":\"https:\/\/www.fiarebancaetica.coop\/gl\/empresas-organizacions\/financiamento\/principais-ambitos-de-financiamento\/\",\"name\":\"Principais \u00e1mbitos de financiamento - Fiare Banca Etica\",\"isPartOf\":{\"@id\":\"https:\/\/www.fiarebancaetica.coop\/gl\/#website\"},\"datePublished\":\"2023-12-05T10:05:17+00:00\",\"dateModified\":\"2024-02-21T14:38:19+00:00\",\"breadcrumb\":{\"@id\":\"https:\/\/www.fiarebancaetica.coop\/gl\/empresas-organizacions\/financiamento\/principais-ambitos-de-financiamento\/#breadcrumb\"},\"inLanguage\":\"gl-ES\",\"potentialAction\":[{\"@type\":\"ReadAction\",\"target\":[\"https:\/\/www.fiarebancaetica.coop\/gl\/empresas-organizacions\/financiamento\/principais-ambitos-de-financiamento\/\"]}]},{\"@type\":\"BreadcrumbList\",\"@id\":\"https:\/\/www.fiarebancaetica.coop\/gl\/empresas-organizacions\/financiamento\/principais-ambitos-de-financiamento\/#breadcrumb\",\"itemListElement\":[{\"@type\":\"ListItem\",\"position\":1,\"name\":\"Home\",\"item\":\"https:\/\/www.fiarebancaetica.coop\/gl\/\"},{\"@type\":\"ListItem\",\"position\":2,\"name\":\"Empresas e organizaci\u00f3ns\",\"item\":\"https:\/\/www.fiarebancaetica.coop\/gl\/empresas-organizacions\/\"},{\"@type\":\"ListItem\",\"position\":3,\"name\":\"Financiamento\",\"item\":\"https:\/\/www.fiarebancaetica.coop\/gl\/empresas-organizacions\/financiamento\/\"},{\"@type\":\"ListItem\",\"position\":4,\"name\":\"Principais \u00e1mbitos de financiamento\"}]},{\"@type\":\"WebSite\",\"@id\":\"https:\/\/www.fiarebancaetica.coop\/gl\/#website\",\"url\":\"https:\/\/www.fiarebancaetica.coop\/gl\/\",\"name\":\"Fiare Banca Etica\",\"description\":\"\",\"potentialAction\":[{\"@type\":\"SearchAction\",\"target\":{\"@type\":\"EntryPoint\",\"urlTemplate\":\"https:\/\/www.fiarebancaetica.coop\/gl\/?s={search_term_string}\"},\"query-input\":{\"@type\":\"PropertyValueSpecification\",\"valueRequired\":true,\"valueName\":\"search_term_string\"}}],\"inLanguage\":\"gl-ES\"}]}<\/script>\n<!-- \/ Yoast SEO plugin. -->","yoast_head_json":{"title":"Principais \u00e1mbitos de financiamento - Fiare Banca Etica","robots":{"index":"index","follow":"follow","max-snippet":"max-snippet:-1","max-image-preview":"max-image-preview:large","max-video-preview":"max-video-preview:-1"},"canonical":"https:\/\/www.fiarebancaetica.coop\/gl\/empresas-organizacions\/financiamento\/principais-ambitos-de-financiamento\/","og_locale":"gl_ES","og_type":"article","og_title":"Principais \u00e1mbitos de financiamento - Fiare Banca Etica","og_url":"https:\/\/www.fiarebancaetica.coop\/gl\/empresas-organizacions\/financiamento\/principais-ambitos-de-financiamento\/","og_site_name":"Fiare Banca Etica","article_modified_time":"2024-02-21T14:38:19+00:00","twitter_card":"summary_large_image","schema":{"@context":"https:\/\/schema.org","@graph":[{"@type":"WebPage","@id":"https:\/\/www.fiarebancaetica.coop\/gl\/empresas-organizacions\/financiamento\/principais-ambitos-de-financiamento\/","url":"https:\/\/www.fiarebancaetica.coop\/gl\/empresas-organizacions\/financiamento\/principais-ambitos-de-financiamento\/","name":"Principais \u00e1mbitos de financiamento - Fiare Banca Etica","isPartOf":{"@id":"https:\/\/www.fiarebancaetica.coop\/gl\/#website"},"datePublished":"2023-12-05T10:05:17+00:00","dateModified":"2024-02-21T14:38:19+00:00","breadcrumb":{"@id":"https:\/\/www.fiarebancaetica.coop\/gl\/empresas-organizacions\/financiamento\/principais-ambitos-de-financiamento\/#breadcrumb"},"inLanguage":"gl-ES","potentialAction":[{"@type":"ReadAction","target":["https:\/\/www.fiarebancaetica.coop\/gl\/empresas-organizacions\/financiamento\/principais-ambitos-de-financiamento\/"]}]},{"@type":"BreadcrumbList","@id":"https:\/\/www.fiarebancaetica.coop\/gl\/empresas-organizacions\/financiamento\/principais-ambitos-de-financiamento\/#breadcrumb","itemListElement":[{"@type":"ListItem","position":1,"name":"Home","item":"https:\/\/www.fiarebancaetica.coop\/gl\/"},{"@type":"ListItem","position":2,"name":"Empresas e organizaci\u00f3ns","item":"https:\/\/www.fiarebancaetica.coop\/gl\/empresas-organizacions\/"},{"@type":"ListItem","position":3,"name":"Financiamento","item":"https:\/\/www.fiarebancaetica.coop\/gl\/empresas-organizacions\/financiamento\/"},{"@type":"ListItem","position":4,"name":"Principais \u00e1mbitos de financiamento"}]},{"@type":"WebSite","@id":"https:\/\/www.fiarebancaetica.coop\/gl\/#website","url":"https:\/\/www.fiarebancaetica.coop\/gl\/","name":"Fiare Banca Etica","description":"","potentialAction":[{"@type":"SearchAction","target":{"@type":"EntryPoint","urlTemplate":"https:\/\/www.fiarebancaetica.coop\/gl\/?s={search_term_string}"},"query-input":{"@type":"PropertyValueSpecification","valueRequired":true,"valueName":"search_term_string"}}],"inLanguage":"gl-ES"}]}},"_links":{"self":[{"href":"https:\/\/www.fiarebancaetica.coop\/gl\/wp-json\/wp\/v2\/pages\/317889","targetHints":{"allow":["GET"]}}],"collection":[{"href":"https:\/\/www.fiarebancaetica.coop\/gl\/wp-json\/wp\/v2\/pages"}],"about":[{"href":"https:\/\/www.fiarebancaetica.coop\/gl\/wp-json\/wp\/v2\/types\/page"}],"author":[{"embeddable":true,"href":"https:\/\/www.fiarebancaetica.coop\/gl\/wp-json\/wp\/v2\/users\/6693"}],"replies":[{"embeddable":true,"href":"https:\/\/www.fiarebancaetica.coop\/gl\/wp-json\/wp\/v2\/comments?post=317889"}],"version-history":[{"count":7,"href":"https:\/\/www.fiarebancaetica.coop\/gl\/wp-json\/wp\/v2\/pages\/317889\/revisions"}],"predecessor-version":[{"id":370753,"href":"https:\/\/www.fiarebancaetica.coop\/gl\/wp-json\/wp\/v2\/pages\/317889\/revisions\/370753"}],"up":[{"embeddable":true,"href":"https:\/\/www.fiarebancaetica.coop\/gl\/wp-json\/wp\/v2\/pages\/317854"}],"wp:attachment":[{"href":"https:\/\/www.fiarebancaetica.coop\/gl\/wp-json\/wp\/v2\/media?parent=317889"}],"wp:term":[{"taxonomy":"author","embeddable":true,"href":"https:\/\/www.fiarebancaetica.coop\/gl\/wp-json\/wp\/v2\/coauthors?post=317889"}],"curies":[{"name":"wp","href":"https:\/\/api.w.org\/{rel}","templated":true}]}}