{"id":320362,"date":"2023-12-11T15:33:33","date_gmt":"2023-12-11T14:33:33","guid":{"rendered":"https:\/\/www.fiarebancaetica.coop\/?page_id=320362"},"modified":"2024-03-25T09:52:30","modified_gmt":"2024-03-25T08:52:30","slug":"persoas-socias","status":"publish","type":"page","link":"https:\/\/www.fiarebancaetica.coop\/gl\/persoas-socias\/","title":{"rendered":"Persoas socias"},"content":{"rendered":"\n<div class=\"wrapper-crispybacon-class wrapper-crispybacon-class-large \">\n    \n\n<h1 class=\"has-text-align-center is-style-lyon wp-block-heading\" id=\"block-f942d307-c94c-4a4e-84da-be1755ab1e10\"><span class=\"has-inline-color has-red-color\">Persoas socias<\/span><br>Ser\u00e1s moito m\u00e1is ca un(ha) accionista<\/h1>\n\n\n\n<h6 class=\"has-text-align-center wp-block-heading\"><strong>Unha persoa socia non s\u00f3 participa do capital social de Banca Etica. Participa na toma de decisi\u00f3ns, participa nun proxecto de democracia econ\u00f3mica, participa en facer un mundo mellor.<\/strong><\/h6>\n\n\n\n<p>Entendemos por persoas socias as <strong>persoas f\u00edsicas ou xur\u00eddicas que achegaron capital social<\/strong>. Banca Etica conta con miles de persoas socias que son as verdadeiras propietarias do banco, as que garanten a s\u00faa independencia dos grandes grupos econ\u00f3mico-financeiros e fomentan o seu desenvolvemento.<\/p>\n\n\n\n<p>As persoas socias participan activamente na vida do banco por medio da <a href=\"https:\/\/www.fiarebancaetica.coop\/gl\/persoas-socias\/organizacion-territorial-das-persoas-socias\" target=\"_blank\" rel=\"noreferrer noopener\"><strong>Organizaci\u00f3n Territorial das Persoas Socias<\/strong><\/a>, unha ferramenta \u00fanica no panorama bancario, que se desenvolve nas circunscrici\u00f3ns locais e nos Grupos de Iniciativa Territorial (GIT). A s\u00faa funci\u00f3n consiste en conectar a actividade do banco coas necesidades do territorio, estimulando o enfoque mutualista da nosa organizaci\u00f3n.<\/p>\n\n\n\n<p>En Banca Etica, cada unha das persoas socias \u00e9 importante, porque ten a posibilidade de expresar as s\u00faas ideas e dar voz \u00e1s esixencias da propia comunidade.A nova normativa sobre o cr\u00e9dito imp\u00f3n aos bancos potenciar o seu patrimonio, do contrario resultar\u00eda imposible aumentar o financiamento de proxectos na econom\u00eda social e solidaria. Por iso, a decisi\u00f3n de asociarse a Banca Etica \u00e9 unha maneira de axudarnos a atinxir os nosos obxectivos e perseguir xuntos o interese m\u00e1is alto: o colectivo.<\/p>\n\n\n<\/div>\n\n\n<div style=\"background-color:#fff;color:#262626\" class=\"wp-block-bancaetica-blocks-blocks-block-23 crispybacon-block-23\"><div class=\"crispybacon-block-23-wrapper \"><div class=\"wrapper\"><\/div>\n<div class=\"wp-block-bancaetica-blocks-blocks-block-10\" style=\"background-color:#fff\"><div class=\"container-block container-block-frontend\"><div class=\"container-card\"><div class=\"three-columns\"><div class=\"col1\"><img decoding=\"async\" src=\"http:\/\/www.fiarebancaetica.coop\/app\/uploads\/sites\/2\/2023\/11\/BE_Icone_UtenteBE.jpg\" alt=\"\"\/><\/div><div class=\"col2\"><div class=\"wrapper-text-button wrapper-text-button-editor\"><div class=\"wrapper-text wrapper-text-editor\"><h3 class=\"section-title\">Asociarse<\/h3><p class=\"section-content\">Chegou o momento de comprometerte coas t\u00faas ideas e de participar nun proxecto que comparte os teus principios.<\/p><\/div><\/div><div class=\"wrapper-icon\"><a href=\"https:\/\/www.fiarebancaetica.coop\/gl\/persoas-socias\/asociarse\/\" id=\"url-cat\"><i class=\"icon-arrow-right\"><\/i><\/a><\/div><\/div><\/div><\/div><\/div><\/div>\n\n\n\n<div class=\"wp-block-bancaetica-blocks-blocks-block-10\" style=\"background-color:#fff\"><div class=\"container-block container-block-frontend\"><div class=\"container-card\"><div class=\"three-columns\"><div class=\"col1\"><img decoding=\"async\" src=\"http:\/\/www.fiarebancaetica.coop\/app\/uploads\/sites\/2\/2023\/11\/BE_Icone-08.jpg\" alt=\"\"\/><\/div><div class=\"col2\"><div class=\"wrapper-text-button wrapper-text-button-editor\"><div class=\"wrapper-text wrapper-text-editor\"><h3 class=\"section-title\">Organizaci\u00f3n Territorial das Persoas Socias<\/h3><p class=\"section-content\">Organizarse, agruparse a distintos niveis, propo\u00f1er, participar na toma de decisi\u00f3ns do banco. Iso \u00e9 democracia econ\u00f3mica.<\/p><\/div><\/div><div class=\"wrapper-icon\"><a href=\"https:\/\/www.fiarebancaetica.coop\/gl\/persoas-socias\/organizacion-territorial-das-persoas-socias\" id=\"url-cat\"><i class=\"icon-arrow-right\"><\/i><\/a><\/div><\/div><\/div><\/div><\/div><\/div>\n\n\n\n<div class=\"wp-block-bancaetica-blocks-blocks-block-10\" style=\"background-color:#fff\"><div class=\"container-block container-block-frontend\"><div class=\"container-card\"><div class=\"three-columns\"><div class=\"col1\"><img decoding=\"async\" src=\"http:\/\/www.fiarebancaetica.coop\/app\/uploads\/sites\/2\/2023\/11\/BE_Icone_Vota.jpg\" alt=\"\"\/><\/div><div class=\"col2\"><div class=\"wrapper-text-button wrapper-text-button-editor\"><div class=\"wrapper-text wrapper-text-editor\"><h3 class=\"section-title\">Asemblea de Persoas Socias<\/h3><p class=\"section-content\">A mellor forma de garantir que todo o que facemos concorda cos teus principios.<\/p><\/div><\/div><div class=\"wrapper-icon\"><a href=\"https:\/\/www.fiarebancaetica.coop\/gl\/asamblea-de-personas-socias\/\" id=\"url-cat\"><i class=\"icon-arrow-right\"><\/i><\/a><\/div><\/div><\/div><\/div><\/div><\/div>\n<\/div><\/div>\n\n\n\n<div style=\"height:60px\" aria-hidden=\"true\" class=\"wp-block-spacer\"><\/div>\n\n\n\n<div class=\"wp-block-bancaetica-blocks-blocks-block-47\">\n        \n    <div class=\"wp-block-bancaetica-blocks-blocks-block-48 \" style=\"background-color: #F2F2F2\">\n        <div class=\"inner-container\">\n            <div class=\"column text-container\">\n                <h2 class=\"col-title\" style=\"color: #262626\"> Contacta connosco <\/h2>\n                                    <p class=\"col-content\" style=\"color: #262626\"> Axud\u00e1mosche! <\/p> <a href=\"https:\/\/www.fiarebancaetica.coop\/gl\/contacto\/\" class=\"\" ><i class=\"icon-arrow-right\" style=\"color: #262626\"><\/i><\/a>\n                            <\/div>\n            <div class=\"column image-container\">\n                                    <div class=\"wrapper-image\" style=\"background-image: url(https:\/\/www.fiarebancaetica.coop\/app\/uploads\/sites\/2\/2024\/01\/Illustrations.png);\">\n                    <\/div>\n                            <\/div>\n        <\/div>\n    <\/div>\n\n<div class=\"modal\">\n    <div class=\"modal-content\"><span class=\"close-button\">\u00d7<\/span>\n        <div class=\"content\">\n            \n<div class=\"form-container-fiare\">\n    <div class=\"form\">\n        <form class=\"form-fiare\" id=\"form-fiare\">\n            <h3 class=\"form-title \"> Contacta con Comunicaci\u00f3n <\/h3>\n            <div class=\"wrapper\">\n                <div class=\"form-group\">\n                    <input type=\"text\" value=\"\" name=\"nombre\" id=\"nombre\" required placeholder=\"Nome *\" \/>\n                <\/div>\n                <div class=\"form-group\">\n                    <input type=\"text\" value=\"\" required placeholder=\"Apelidos *\" name=\"apellido\" id=\"apellido\" >\n                <\/div>\n                <div class=\"form-group\">\n                    <input type=\"text\" value=\"\" placeholder=\"Cidade\" name=\"ciudad\" id=\"ciudad\" \/>\n                <\/div>\n                <div class=\"form-group\">\n                    <input type=\"tel\" value=\"\" name=\"tel\" id=\"tel\" required placeholder=\"Tel\u00e9fono *\" \/>\n                <\/div>\n                <div class=\"form-group\">\n                    <input type=\"email\" value=\"\" required placeholder=\"Correo electr\u00f3nico *\" name=\"email\" id=\"email\" \/>\n                <\/div>\n                <div class=\"form-group\">\n                    <select name=\"ccaa\" id=\"ccaa-select\" class=\"required\">\n                        <option value=\"\" disabled selected> CCAA * <\/option>\n                                                    <option value=asturias> Asturias <\/option>\n                                                    <option value=cantabria> Cantabria <\/option>\n                                                    <option value=galicia> Galicia <\/option>\n                                                    <option value=la_rioja> La Rioja <\/option>\n                                                    <option value=pa\u00eds_vasco> Pa\u00eds Vasco <\/option>\n                                                    <option value=navarra> Navarra <\/option>\n                                                    <option value=andaluc\u00eda> Andaluc\u00eda <\/option>\n                                                    <option value=castilla_la_mancha> Castilla La Mancha <\/option>\n                                                    <option value=castilla_y_le\u00f3n> Castilla y Le\u00f3n <\/option>\n                                                    <option value=extremadura> Extremadura <\/option>\n                                                    <option value=islas_canarias> Islas Canarias <\/option>\n                                                    <option value=madrid> Madrid <\/option>\n                                                    <option value=murcia> Murcia <\/option>\n                                                    <option value=arag\u00f3n> Arag\u00f3n <\/option>\n                                                    <option value=catalunya> Catalunya <\/option>\n                                                    <option value=islas_baleares> Islas Baleares <\/option>\n                                                    <option value=valencia_> Valencia  <\/option>\n                                            <\/select>\n                <\/div>\n            <\/div>\n            <div class=\"wrapper large\">\n                <div class=\"form-group\">\n                    <textarea name=\"message\" id=\"message\" rows=\"3\" cols=\"40\" maxlength=\"500\" placeholder=\"Mensaxe\"><\/textarea>\n                <\/div>\n            <\/div>\n            <div class=\"form-group form-group-privacy\">\n                <div class=\"wrapper large\">\n                    <div class=\"message-privacy\">\n                        <p><p><span style=\"font-weight: 400;\">\u00abInformaci\u00f3n consonte o artigo 13 do Regulamento (UE) 2016\/679.<\/span><\/p>\n<p><span style=\"font-weight: 400;\">Conforme o artigo 13 do Regulamento (UE) 2016\/679 (RXPD), inform\u00e1moste de que os teus datos persoais, facilitados libremente por ti, ser\u00e1n tratados por Banca Popolare Etica Societ\u00e0 cooperativa per azioni (o \u00abBanco\u00bb) con domicilio social en Via N. Tommaseo, 7 \u2013 Padua, en calidade de Responsable do Tratamento para as seguintes finalidades: A) a xesti\u00f3n das s\u00faas solicitudes de contacto, asistencia e outras informaci\u00f3ns. Alg\u00fans datos, como a indicaci\u00f3n da provincia, solic\u00edtanse exclusivamente para facilitar a resposta \u00e1 t\u00faa solicitude de informaci\u00f3n ou para fixar unha cita connosco e contactar, de ser preciso, coa nosa sucursal correspondente. Outros datos, como os datos de contacto, solic\u00edtanse para facilitar as operaci\u00f3ns mencionadas.<\/span><\/p>\n<p><span style=\"font-weight: 400;\">O tratamento dos teus datos para a finalidade (A) basease na necesidade de executar correctamente o contrato do que ti es parte ou as medidas precontractuais adoptadas polo Banco a petici\u00f3n t\u00faa (art. 6(1)(b) RXPD).<\/span><\/p>\n<p><span style=\"font-weight: 400;\">Os datos que nos comuniques non se conservar\u00e1n m\u00e1is tempo do estritamente necesario para tramitar a t\u00faa solicitude. Preg\u00e1moste que, en caso de desexar achegar un anexo coa t\u00faa comunicaci\u00f3n, non env\u00edes datos persoais (teus ou de terceiros), ag\u00e1s de ser estritamente necesario para a correcta tramitaci\u00f3n da t\u00faa solicitude, preferindo o env\u00edo de informaci\u00f3n anonimizada.<\/span><\/p>\n<p><span style=\"font-weight: 400;\">Os datos persoais facilitados non se difundir\u00e1n, sen\u00f3n que ser\u00e1n tratados por persoal autorizado polo Responsable do Tratamento, as\u00ed como por terceiros que prestan servizos espec\u00edficos por conta do Responsable do Tratamento (como, por exemplo, provedores de servizos de desenvolvemento e mantemento de plataformas web; empresas das que se serve o Banco para o env\u00edo de correo en papel ou para contactar telefonicamente coa s\u00faa clientela). Calquera comunicaci\u00f3n de datos a terceiros, responsables aut\u00f3nomos do tratamento, poder\u00e1 ter lugar para o correcto cumprimento dos fins establecidos no punto (A), para cumprir con obrigas legais espec\u00edficas ou a pedimento das autoridades xudiciais.<\/span><\/p>\n<p><span style=\"font-weight: 400;\">Os datos persoais tam\u00e9n poder\u00e1n ser transferidos a Terceiros Pa\u00edses, entend\u00e9ndose por tales os pa\u00edses non-pertencentes \u00e1 Uni\u00f3n Europea nin ao Espazo Econ\u00f3mico Europeo. De suceder isto, o Banco declara e garante que cumpre co disposto no cap\u00edtulo V do Regulamento (UE) 2016\/679, polo que a transferencia s\u00f3 ter\u00e1 lugar a Terceiros Pa\u00edses reco\u00f1ecidos pola Comisi\u00f3n Europea por ter un nivel axeitado de protecci\u00f3n dos datos persoais ou, se este non fose o caso, s\u00f3 suxeita \u00e1 aceptaci\u00f3n previa de Cl\u00e1usulas Contractuais Tipo destinadas a garantir unha protecci\u00f3n adecuada dos datos persoais transferidos. Alternativamente, poder\u00e1 valorarse a existencia dalgunha das excepci\u00f3ns previstas no artigo 49 do RXPD.<\/span><\/p>\n<p><span style=\"font-weight: 400;\">Por \u00faltimo, lembra que, consonte os artigos 15 e seguintes do RXPD, tes dereito a obter confirmaci\u00f3n da existencia ou inexistencia de datos que te concirnan, a acceder a eles, a ser informada\/o da fonte dos datos e dos fins e m\u00e9todos do tratamento, a que se actualicen, rectifiquen ou completen, e a que se supriman se se tratan infrinxindo a lei ou se se aplica un dos motivos especificados no artigo 17 do RXPD. Para exercer os teus dereitos en virtude dos artigos 15 e seguintes do RXPD, as\u00ed como para recibir m\u00e1is informaci\u00f3n sobre o tratamento dos teus datos persoais, podes dirixirte directamente aos nosos departamentos, ou presentar unha solicitude por escrito utilizando o formulario dispo\u00f1ible no sitio web do Banco, na secci\u00f3n \u00abPol\u00edtica de privacidade e cookies\u00bb, \u00e1 atenci\u00f3n do Responsable de Protecci\u00f3n de Datos: DPO@bancaetica.com. De te queixar dunha violaci\u00f3n no tratamento dos teus datos persoais (por exemplo, a inclusi\u00f3n indebida dos teus datos persoais en listaxes de correo ou no sitio web do banco), podes presentar unha queixa formal perante a Oficina de Reclamaci\u00f3ns &#8211; Servizo de Asesor\u00eda Xur\u00eddica &#8211; Via N. Tommaseo, 7 &#8211; 35131 Padua &#8211; reclami@bancaetica.com. Ten en conta que o prazo de resposta ap\u00f3s a t\u00faa solicitude, segundo os artigos 15 e seguintes, \u00e9 dun (1) mes, prorrogable a dous (2) meses en casos de especial complexidade; nestes casos, o Banco proporcionarache cando menos unha comunicaci\u00f3n provisional no prazo dun (1) mes, inform\u00e1ndote de que se tivo en conta a t\u00faa solicitude. De considerar que o tratamento dos teus datos por parte do Responsable incumpre o RXPD, poder\u00e1s presentar unha reclamaci\u00f3n perante a autoridade de control.\u00bb<\/span><\/p>\n<\/p>\n                    <\/div>\n                <\/div>\n            <\/div>\n            <div class=\"wrapper-checkbox\">\n                <div class=\"checkbox-wrapper \">\n                    <input type=\"checkbox\" name=\"privacyCheck\" id=\"privacyCheck\" \/>\n                    <label for=\"privacyCheck\" class=\"checkbox\"> Declaro que entend\u00edn a pol\u00edtica de privacidade*                                            <\/label>\n                <\/div>\n                <p>(*) Os campos marcados cun asterisco son obrigatorios.<\/p>\n            <\/div>\n            \n            <div class=\"wrapper large\">\n                <div class=\"h-captcha-wrapper\">\n                    \t\t<input\n\t\t\t\ttype=\"hidden\"\n\t\t\t\tclass=\"hcaptcha-widget-id\"\n\t\t\t\tname=\"hcaptcha-widget-id\"\n\t\t\t\tvalue=\"eyJzb3VyY2UiOltdLCJmb3JtX2lkIjowfQ==-6fbed7a4c22e180d76094d6b2203e7e0\">\n\t\t\t\t<h-captcha\n\t\t\tclass=\"h-captcha\"\n\t\t\tdata-sitekey=\"756f2bfc-793f-4782-81b8-376fbff03ec7\"\n\t\t\tdata-theme=\"light\"\n\t\t\tdata-size=\"normal\"\n\t\t\tdata-auto=\"true\"\n\t\t\tdata-ajax=\"false\"\n\t\t\tdata-force=\"false\">\n\t\t<\/h-captcha>\n\t\t<input type=\"hidden\" id=\"hcaptcha_nonce\" name=\"hcaptcha_nonce\" value=\"1c96a8cfc7\" \/><input type=\"hidden\" name=\"_wp_http_referer\" value=\"\/gl\/wp-json\/wp\/v2\/pages\/320362\" \/>                <\/div>\n            <\/div>\n\n            <div class=\"submit-loading wrapper large\">\n                <div class=\"loader la-ball-beat la-dark\"><div><\/div><div><\/div><div><\/div><\/div>\n                <button class=\"submit-form-fiare\" type=\"submit\" disabled>Gardar e continuar<\/button>\n\n                <div class=\"error-ajax\">\n                    <p class=\"ajax-message-error\"> Vaites, algo foi mal <\/p>\n                <\/div>\n\n            <\/div>\n        <\/form> <!-- end <form> -->\n    <\/div> <!-- end .form -->\n<\/div>        <\/div>\n    <\/div>\n<\/div>\n    \n    <div class=\"wp-block-bancaetica-blocks-blocks-block-48 \" style=\"background-color: #F2F2F2\">\n        <div class=\"inner-container\">\n            <div class=\"column text-container\">\n                <h2 class=\"col-title\" style=\"color: #262626\"> Queres saber m\u00e1is? <\/h2>\n                                    <p class=\"col-content\" style=\"color: #262626\"> Consulta as nosas preguntas frecuentes <\/p> <a href=\"\/gl\/faq\/\" class=\"\" ><i class=\"icon-arrow-right\" style=\"color: #262626\"><\/i><\/a>\n                            <\/div>\n            <div class=\"column image-container\">\n                                    <div class=\"wrapper-image\" style=\"background-image: url(https:\/\/www.fiarebancaetica.coop\/app\/uploads\/sites\/2\/2024\/01\/Illustrations-1.png);\">\n                    <\/div>\n                            <\/div>\n        <\/div>\n    <\/div>\n    \n    <div class=\"wp-block-bancaetica-blocks-blocks-block-48 \" style=\"background-color: #F2F2F2\">\n        <div class=\"inner-container\">\n            <div class=\"column text-container\">\n                <h2 class=\"col-title\" style=\"color: #262626\"> Os nosos principios <\/h2>\n                                    <p class=\"col-content\" style=\"color: #262626\"> Queremos mudar as regras do mercado financeiro a trav\u00e9s da transparencia e a responsabilidade social <\/p> <a href=\"https:\/\/www.fiarebancaetica.coop\/gl\/principios\/\" class=\"\" ><i class=\"icon-arrow-right\" style=\"color: #262626\"><\/i><\/a>\n                            <\/div>\n            <div class=\"column image-container\">\n                            <\/div>\n        <\/div>\n    <\/div>\n<\/div>","protected":false},"excerpt":{"rendered":"","protected":false},"author":6693,"featured_media":0,"parent":0,"menu_order":0,"comment_status":"closed","ping_status":"closed","template":"","meta":{"_acf_changed":false,"footnotes":""},"coauthors":[10743],"class_list":["post-320362","page","type-page","status-publish","hentry","crispybacon-hidden-page-title"],"acf":[],"yoast_head":"<!-- This site is optimized with the Yoast SEO plugin v26.9 - https:\/\/yoast.com\/product\/yoast-seo-wordpress\/ -->\n<title>Persoas socias - Fiare Banca Etica<\/title>\n<meta name=\"robots\" content=\"index, follow, max-snippet:-1, max-image-preview:large, max-video-preview:-1\" \/>\n<link rel=\"canonical\" href=\"https:\/\/www.fiarebancaetica.coop\/gl\/persoas-socias\/\" \/>\n<meta property=\"og:locale\" content=\"gl_ES\" \/>\n<meta property=\"og:type\" content=\"article\" \/>\n<meta property=\"og:title\" content=\"Persoas socias - Fiare Banca Etica\" \/>\n<meta property=\"og:url\" content=\"https:\/\/www.fiarebancaetica.coop\/gl\/persoas-socias\/\" \/>\n<meta property=\"og:site_name\" content=\"Fiare Banca Etica\" \/>\n<meta property=\"article:modified_time\" content=\"2024-03-25T08:52:30+00:00\" \/>\n<meta property=\"og:image\" content=\"http:\/\/www.fiarebancaetica.coop\/app\/uploads\/sites\/2\/2023\/11\/BE_Icone_UtenteBE.jpg\" \/>\n<meta name=\"twitter:card\" content=\"summary_large_image\" \/>\n<script type=\"application\/ld+json\" class=\"yoast-schema-graph\">{\"@context\":\"https:\/\/schema.org\",\"@graph\":[{\"@type\":\"WebPage\",\"@id\":\"https:\/\/www.fiarebancaetica.coop\/gl\/persoas-socias\/\",\"url\":\"https:\/\/www.fiarebancaetica.coop\/gl\/persoas-socias\/\",\"name\":\"Persoas socias - Fiare Banca Etica\",\"isPartOf\":{\"@id\":\"https:\/\/www.fiarebancaetica.coop\/gl\/#website\"},\"primaryImageOfPage\":{\"@id\":\"https:\/\/www.fiarebancaetica.coop\/gl\/persoas-socias\/#primaryimage\"},\"image\":{\"@id\":\"https:\/\/www.fiarebancaetica.coop\/gl\/persoas-socias\/#primaryimage\"},\"thumbnailUrl\":\"http:\/\/www.fiarebancaetica.coop\/app\/uploads\/sites\/2\/2023\/11\/BE_Icone_UtenteBE.jpg\",\"datePublished\":\"2023-12-11T14:33:33+00:00\",\"dateModified\":\"2024-03-25T08:52:30+00:00\",\"breadcrumb\":{\"@id\":\"https:\/\/www.fiarebancaetica.coop\/gl\/persoas-socias\/#breadcrumb\"},\"inLanguage\":\"gl-ES\",\"potentialAction\":[{\"@type\":\"ReadAction\",\"target\":[\"https:\/\/www.fiarebancaetica.coop\/gl\/persoas-socias\/\"]}]},{\"@type\":\"ImageObject\",\"inLanguage\":\"gl-ES\",\"@id\":\"https:\/\/www.fiarebancaetica.coop\/gl\/persoas-socias\/#primaryimage\",\"url\":\"http:\/\/www.fiarebancaetica.coop\/app\/uploads\/sites\/2\/2023\/11\/BE_Icone_UtenteBE.jpg\",\"contentUrl\":\"http:\/\/www.fiarebancaetica.coop\/app\/uploads\/sites\/2\/2023\/11\/BE_Icone_UtenteBE.jpg\"},{\"@type\":\"BreadcrumbList\",\"@id\":\"https:\/\/www.fiarebancaetica.coop\/gl\/persoas-socias\/#breadcrumb\",\"itemListElement\":[{\"@type\":\"ListItem\",\"position\":1,\"name\":\"Home\",\"item\":\"https:\/\/www.fiarebancaetica.coop\/gl\/\"},{\"@type\":\"ListItem\",\"position\":2,\"name\":\"Persoas socias\"}]},{\"@type\":\"WebSite\",\"@id\":\"https:\/\/www.fiarebancaetica.coop\/gl\/#website\",\"url\":\"https:\/\/www.fiarebancaetica.coop\/gl\/\",\"name\":\"Fiare Banca Etica\",\"description\":\"\",\"potentialAction\":[{\"@type\":\"SearchAction\",\"target\":{\"@type\":\"EntryPoint\",\"urlTemplate\":\"https:\/\/www.fiarebancaetica.coop\/gl\/?s={search_term_string}\"},\"query-input\":{\"@type\":\"PropertyValueSpecification\",\"valueRequired\":true,\"valueName\":\"search_term_string\"}}],\"inLanguage\":\"gl-ES\"}]}<\/script>\n<!-- \/ Yoast SEO plugin. -->","yoast_head_json":{"title":"Persoas socias - Fiare Banca Etica","robots":{"index":"index","follow":"follow","max-snippet":"max-snippet:-1","max-image-preview":"max-image-preview:large","max-video-preview":"max-video-preview:-1"},"canonical":"https:\/\/www.fiarebancaetica.coop\/gl\/persoas-socias\/","og_locale":"gl_ES","og_type":"article","og_title":"Persoas socias - Fiare Banca Etica","og_url":"https:\/\/www.fiarebancaetica.coop\/gl\/persoas-socias\/","og_site_name":"Fiare Banca Etica","article_modified_time":"2024-03-25T08:52:30+00:00","og_image":[{"url":"http:\/\/www.fiarebancaetica.coop\/app\/uploads\/sites\/2\/2023\/11\/BE_Icone_UtenteBE.jpg","type":"","width":"","height":""}],"twitter_card":"summary_large_image","schema":{"@context":"https:\/\/schema.org","@graph":[{"@type":"WebPage","@id":"https:\/\/www.fiarebancaetica.coop\/gl\/persoas-socias\/","url":"https:\/\/www.fiarebancaetica.coop\/gl\/persoas-socias\/","name":"Persoas socias - Fiare Banca Etica","isPartOf":{"@id":"https:\/\/www.fiarebancaetica.coop\/gl\/#website"},"primaryImageOfPage":{"@id":"https:\/\/www.fiarebancaetica.coop\/gl\/persoas-socias\/#primaryimage"},"image":{"@id":"https:\/\/www.fiarebancaetica.coop\/gl\/persoas-socias\/#primaryimage"},"thumbnailUrl":"http:\/\/www.fiarebancaetica.coop\/app\/uploads\/sites\/2\/2023\/11\/BE_Icone_UtenteBE.jpg","datePublished":"2023-12-11T14:33:33+00:00","dateModified":"2024-03-25T08:52:30+00:00","breadcrumb":{"@id":"https:\/\/www.fiarebancaetica.coop\/gl\/persoas-socias\/#breadcrumb"},"inLanguage":"gl-ES","potentialAction":[{"@type":"ReadAction","target":["https:\/\/www.fiarebancaetica.coop\/gl\/persoas-socias\/"]}]},{"@type":"ImageObject","inLanguage":"gl-ES","@id":"https:\/\/www.fiarebancaetica.coop\/gl\/persoas-socias\/#primaryimage","url":"http:\/\/www.fiarebancaetica.coop\/app\/uploads\/sites\/2\/2023\/11\/BE_Icone_UtenteBE.jpg","contentUrl":"http:\/\/www.fiarebancaetica.coop\/app\/uploads\/sites\/2\/2023\/11\/BE_Icone_UtenteBE.jpg"},{"@type":"BreadcrumbList","@id":"https:\/\/www.fiarebancaetica.coop\/gl\/persoas-socias\/#breadcrumb","itemListElement":[{"@type":"ListItem","position":1,"name":"Home","item":"https:\/\/www.fiarebancaetica.coop\/gl\/"},{"@type":"ListItem","position":2,"name":"Persoas socias"}]},{"@type":"WebSite","@id":"https:\/\/www.fiarebancaetica.coop\/gl\/#website","url":"https:\/\/www.fiarebancaetica.coop\/gl\/","name":"Fiare Banca Etica","description":"","potentialAction":[{"@type":"SearchAction","target":{"@type":"EntryPoint","urlTemplate":"https:\/\/www.fiarebancaetica.coop\/gl\/?s={search_term_string}"},"query-input":{"@type":"PropertyValueSpecification","valueRequired":true,"valueName":"search_term_string"}}],"inLanguage":"gl-ES"}]}},"_links":{"self":[{"href":"https:\/\/www.fiarebancaetica.coop\/gl\/wp-json\/wp\/v2\/pages\/320362","targetHints":{"allow":["GET"]}}],"collection":[{"href":"https:\/\/www.fiarebancaetica.coop\/gl\/wp-json\/wp\/v2\/pages"}],"about":[{"href":"https:\/\/www.fiarebancaetica.coop\/gl\/wp-json\/wp\/v2\/types\/page"}],"author":[{"embeddable":true,"href":"https:\/\/www.fiarebancaetica.coop\/gl\/wp-json\/wp\/v2\/users\/6693"}],"replies":[{"embeddable":true,"href":"https:\/\/www.fiarebancaetica.coop\/gl\/wp-json\/wp\/v2\/comments?post=320362"}],"version-history":[{"count":10,"href":"https:\/\/www.fiarebancaetica.coop\/gl\/wp-json\/wp\/v2\/pages\/320362\/revisions"}],"predecessor-version":[{"id":372462,"href":"https:\/\/www.fiarebancaetica.coop\/gl\/wp-json\/wp\/v2\/pages\/320362\/revisions\/372462"}],"wp:attachment":[{"href":"https:\/\/www.fiarebancaetica.coop\/gl\/wp-json\/wp\/v2\/media?parent=320362"}],"wp:term":[{"taxonomy":"author","embeddable":true,"href":"https:\/\/www.fiarebancaetica.coop\/gl\/wp-json\/wp\/v2\/coauthors?post=320362"}],"curies":[{"name":"wp","href":"https:\/\/api.w.org\/{rel}","templated":true}]}}