{"id":322278,"date":"2023-12-15T09:51:58","date_gmt":"2023-12-15T08:51:58","guid":{"rendered":"https:\/\/www.fiarebancaetica.coop\/?page_id=322278"},"modified":"2024-03-25T09:56:43","modified_gmt":"2024-03-25T08:56:43","slug":"gits","status":"publish","type":"page","link":"https:\/\/www.fiarebancaetica.coop\/gl\/gits\/","title":{"rendered":"Que son os GIT de Banca Etica?"},"content":{"rendered":"\n<div class=\"wrapper-crispybacon-class wrapper-crispybacon-class-large \">\n    \n\n<h2 class=\"is-style-lyon wp-block-heading\">Que son os GIT de Banca Etica?<\/h2>\n\n\n\n<div class=\"wp-block-columns is-layout-flex wp-container-core-columns-is-layout-9d6595d7 wp-block-columns-is-layout-flex\">\n<div class=\"wp-block-column is-layout-flow wp-block-column-is-layout-flow\">\n<p>Os Grupos de Iniciativa Territorial (GIT) son a \u00abcasa\u00bb das persoas socias elixidas a nivel local para difundir as finanzas \u00e9ticas no territorio, reforzar as relaci\u00f3ns coas organizaci\u00f3ns e empresas que traballan por unha \u00abnova econom\u00eda\u00bb, promover unha cultura de uso responsable do di\u00f1eiro e alimentar o debate interno no Banco para convertelo nun af\u00e1n de mellora continua.<\/p>\n\n\n\n<p>Os GIT naceron dentro do propio banco, que se fundou en 1999 grazas ao esforzo de moitas persoas e organizaci\u00f3ns.<\/p>\n\n\n\n<p>Durante estes anos, milleiros de persoas e organizaci\u00f3ns elixiron participar no capital social de Fiare Banca Etica porque \u00abco seu di\u00f1eiro\u00bb quixeron facer medrar un banco independente dos grandes grupos financeiros e soster cos seus propios aforros unha econom\u00eda ao servizo das persoas e do medio ambiente.<\/p>\n\n\n\n<p>Hoxe, Fiare Banca Etica \u00e9 un banco s\u00f3lido e completo, activo en Italia e Espa\u00f1a. Mais o papel dos GIT non cambiou. Actuando conxuntamente coas persoas que traballan para Banca Etica, contribu\u00edmos a determinar as pol\u00edticas do Banco e a manter vivo o esp\u00edrito cooperativo e mutualista que o caracteriza.<\/p>\n<\/div>\n\n\n\n<div class=\"wp-block-column is-layout-flow wp-block-column-is-layout-flow\">\n<figure class=\"wp-block-image size-large\"><img loading=\"lazy\" decoding=\"async\" width=\"1024\" height=\"592\" src=\"http:\/\/www.fiarebancaetica.coop\/app\/uploads\/sites\/2\/2024\/01\/gits-1024x592.jpeg\" alt=\"\" class=\"wp-image-358136\" srcset=\"https:\/\/www.fiarebancaetica.coop\/app\/uploads\/sites\/2\/2024\/01\/gits-1024x592.jpeg 1024w, https:\/\/www.fiarebancaetica.coop\/app\/uploads\/sites\/2\/2024\/01\/gits-300x173.jpeg 300w, https:\/\/www.fiarebancaetica.coop\/app\/uploads\/sites\/2\/2024\/01\/gits-768x444.jpeg 768w, https:\/\/www.fiarebancaetica.coop\/app\/uploads\/sites\/2\/2024\/01\/gits-1536x888.jpeg 1536w, https:\/\/www.fiarebancaetica.coop\/app\/uploads\/sites\/2\/2024\/01\/gits.jpeg 1600w\" sizes=\"auto, (max-width: 1024px) 100vw, 1024px\" \/><\/figure>\n<\/div>\n<\/div>\n\n\n<\/div>\n\n\n<div style=\"height:20px\" aria-hidden=\"true\" class=\"wp-block-spacer\"><\/div>\n\n\n\n<hr class=\"wp-block-separator has-text-color has-background has-light-grey-background-color has-light-grey-color is-style-wide\"\/>\n\n\n\n<div style=\"height:40px\" aria-hidden=\"true\" class=\"wp-block-spacer\"><\/div>\n\n\n\n\n    <div class=\"container\">\n        <div class=\"git-header\">\n            <h2 class=\"git-header-title\"> Pode que tam\u00e9n che interese <\/h2>\n                          <p class=\"git-find-out-desktop\"> <a href=\"https:\/\/www.fiarebancaetica.coop\/gl\/participa-nas-iniciativas-locais\/\"> Descubre todas as iniciativas <span class=\"icon-arrow-right\"><\/span> <\/a> <\/p>\n             \n        <\/div>\n        <div class=\"slider-git-wrapper\">\n          <div class=\"container-git-card slider-git-card\">\n                  <div class=\"inner-card\">\n        <div class=\"container-image\">\n            <a href=\"https:\/\/www.fiarebancaetica.coop\/gl\/evento\/visita-a-la-planta-fotovoltaica-cardener-de-la-ma-de-som-energia\/\">\n                <img loading=\"lazy\" decoding=\"async\" width=\"640\" height=\"360\" src=\"https:\/\/www.fiarebancaetica.coop\/app\/uploads\/sites\/2\/2026\/04\/180015_PS-Cardener_26-blog-1-scaled-1-640x360.jpg\" class=\"attachment-sixteen-by-nine-thumbnail size-sixteen-by-nine-thumbnail wp-post-image\" alt=\"\" srcset=\"https:\/\/www.fiarebancaetica.coop\/app\/uploads\/sites\/2\/2026\/04\/180015_PS-Cardener_26-blog-1-scaled-1-640x360.jpg 640w, https:\/\/www.fiarebancaetica.coop\/app\/uploads\/sites\/2\/2026\/04\/180015_PS-Cardener_26-blog-1-scaled-1-400x225.jpg 400w\" sizes=\"auto, (max-width: 640px) 100vw, 640px\" \/>            <\/a>\n        <\/div>\n        <div class=\"git-info\">\n            \n            <h4 class=\"git-ref\"> GIT Catalunya Transversal <\/h4>\n            <h3 class=\"git-title\"> <a href=\"https:\/\/www.fiarebancaetica.coop\/gl\/evento\/visita-a-la-planta-fotovoltaica-cardener-de-la-ma-de-som-energia\/\"> Visita a la planta fotovoltaica Cardener de la m\u00e0 de Som Energia <\/a> <\/h3>\n            <p class=\"git-place\"> Sant Salvador de Torruella (Nav\u00e0s) &#8211; Entre S\u00faria i Cardona <\/p>\n                            <p class=\"git-date\"> 18\/04\/2026 <\/p>\n                    <\/div>\n    <\/div>\n          <\/div>\n          <div class=\"appended-arrows\"><\/div>\n        <\/div>\n                  <p class=\"git-find-out-mobile\"> <a href=\"https:\/\/www.fiarebancaetica.coop\/gl\/participa-nas-iniciativas-locais\/\"> Descubre todas as iniciativas <span class=\"icon-arrow-right\"><\/span> <\/a> <\/p> \n            <\/div>\n\n<script>\n    (function ($){\n\n$(document).ready(function(){\n  $('.slider-git-card').slick({\n    arrows: true,\n    dots: true,\n    slidesToShow: 3,\n    slidesToScroll: 3,\n    appendDots: $('.appended-arrows'),\n    appendArrows: $('.appended-arrows'),\n    infinite: false,\n    responsive: [\n      {\n          breakpoint: 1024,\n          settings: {\n              slidesToShow: 3,\n              slidesToScroll: 3,\n              infinite: true,\n              dots: true\n          }\n      },\n      {\n        breakpoint: 600,\n        settings: {\n          slidesToShow: 1,\n          slidesToScroll: 1\n        }\n      },\n      {\n        breakpoint: 480,\n        settings: {\n          slidesToShow: 1,\n          slidesToScroll: 1\n        }\n      }\n    ],\n  })\n});\n\n\n})(jQuery);\n<\/script>\n\n\n<hr class=\"wp-block-separator has-text-color has-background has-light-grey-background-color has-light-grey-color is-style-wide\"\/>\n\n\n\n<div style=\"height:60px\" aria-hidden=\"true\" class=\"wp-block-spacer\"><\/div>\n\n\n\n<div class=\"wrapper-crispybacon-class wrapper-crispybacon-class-large \">\n    \n\n<section class=\"banner-with-your-money-block42 \">\n    <div class=\"banner-with-your-money-block42__orange\" style=\"background-color: #003087\">\n        <div class=\"banner-with-your-money-block42__container\">\n            <div class=\"banner-with-your-money-block42__image\" style=\"background-image: url(https:\/\/www.fiarebancaetica.coop\/app\/uploads\/sites\/2\/2024\/01\/diventa-socio-blanco-2-1024x577.png);\"><\/div>\n            <div class=\"banner-with-your-money-block42__content\">\n                                                    \n                                    <h2 class=\"banner-with-your-money-block42__title\" style=\"color: #FFFFFF\">Xa es socio\/a de Fiare Banca Etica?<\/h2>\n                                                    <div class=\"banner-with-your-money-block42__text\" style=\"color: #FFFFFF\"><p>Entra en contacto co GIT da t\u00faa zona e participa nas iniciativas programadas.<\/p>\n<\/div>\n                \n                \n                                    <div class=\"banner-with-your-money-block42__buttons\">\n                                                    <a href=\"https:\/\/www.fiarebancaetica.coop\/gl\/atopa-o-git-mais-preto-de-ti\/\" target=\"_blank\" class=\"banner-with-your-money-block42__button\">\n                                DESCUBRE M\u00c1IS                            <\/a>\n                                            <\/div>\n                            <\/div>\n        <\/div>\n    <\/div>\n\n    <\/section>\n\n<\/div>\n\n\n<div style=\"height:96px\" aria-hidden=\"true\" class=\"wp-block-spacer\"><\/div>\n\n\n\n        <div class=\"wp-block-bancaetica-blocks-blocks-block-02 \" style=\"background-color: ;\">\n            <div class=\"container-block\">\n                <h3 class=\"section-content\" style=\"text-align: ;\">\n                    As finanzas \u00e9ticas tam\u00e9n precisan de ti!                <\/h3>\n                <p class=\"section-paragraph\" style=\"text-align: ;\">\n                    Descobre como formar parte do noso proxecto                <\/p>\n                                <div class=\"cta  with-margin\" style=\"background-color: ; border: none;\">\n                    <span class=\"has-inline-color has-primary-dark-color\"><a href=\"https:\/\/www.fiarebancaetica.coop\/oferta-publica-de-acciones\/\" target=\"_blank\" rel=\"noreferrer noopener\">FAITE SOCIO\/A<\/a><\/span>                <\/div>\n                            <\/div>\n        <\/div>\n\n        ","protected":false},"excerpt":{"rendered":"","protected":false},"author":6693,"featured_media":0,"parent":0,"menu_order":0,"comment_status":"closed","ping_status":"closed","template":"git.php","meta":{"_acf_changed":false,"footnotes":""},"coauthors":[10743],"class_list":["post-322278","page","type-page","status-publish","hentry","crispybacon-hidden-page-title"],"acf":[],"yoast_head":"<!-- This site is optimized with the Yoast SEO plugin v26.9 - https:\/\/yoast.com\/product\/yoast-seo-wordpress\/ -->\n<title>Que son os GIT de Banca Etica? - Fiare Banca Etica<\/title>\n<meta name=\"robots\" content=\"index, follow, max-snippet:-1, max-image-preview:large, max-video-preview:-1\" \/>\n<link rel=\"canonical\" href=\"https:\/\/www.fiarebancaetica.coop\/gl\/gits\/\" \/>\n<meta property=\"og:locale\" content=\"gl_ES\" \/>\n<meta property=\"og:type\" content=\"article\" \/>\n<meta property=\"og:title\" content=\"Que son os GIT de Banca Etica? - Fiare Banca Etica\" \/>\n<meta property=\"og:url\" content=\"https:\/\/www.fiarebancaetica.coop\/gl\/gits\/\" \/>\n<meta property=\"og:site_name\" content=\"Fiare Banca Etica\" \/>\n<meta property=\"article:modified_time\" content=\"2024-03-25T08:56:43+00:00\" \/>\n<meta property=\"og:image\" content=\"http:\/\/www.fiarebancaetica.coop\/app\/uploads\/sites\/2\/2024\/01\/gits-1024x592.jpeg\" \/>\n<meta name=\"twitter:card\" content=\"summary_large_image\" \/>\n<script type=\"application\/ld+json\" class=\"yoast-schema-graph\">{\"@context\":\"https:\/\/schema.org\",\"@graph\":[{\"@type\":\"WebPage\",\"@id\":\"https:\/\/www.fiarebancaetica.coop\/gl\/gits\/\",\"url\":\"https:\/\/www.fiarebancaetica.coop\/gl\/gits\/\",\"name\":\"Que son os GIT de Banca Etica? - Fiare Banca Etica\",\"isPartOf\":{\"@id\":\"https:\/\/www.fiarebancaetica.coop\/gl\/#website\"},\"primaryImageOfPage\":{\"@id\":\"https:\/\/www.fiarebancaetica.coop\/gl\/gits\/#primaryimage\"},\"image\":{\"@id\":\"https:\/\/www.fiarebancaetica.coop\/gl\/gits\/#primaryimage\"},\"thumbnailUrl\":\"http:\/\/www.fiarebancaetica.coop\/app\/uploads\/sites\/2\/2024\/01\/gits-1024x592.jpeg\",\"datePublished\":\"2023-12-15T08:51:58+00:00\",\"dateModified\":\"2024-03-25T08:56:43+00:00\",\"breadcrumb\":{\"@id\":\"https:\/\/www.fiarebancaetica.coop\/gl\/gits\/#breadcrumb\"},\"inLanguage\":\"gl-ES\",\"potentialAction\":[{\"@type\":\"ReadAction\",\"target\":[\"https:\/\/www.fiarebancaetica.coop\/gl\/gits\/\"]}]},{\"@type\":\"ImageObject\",\"inLanguage\":\"gl-ES\",\"@id\":\"https:\/\/www.fiarebancaetica.coop\/gl\/gits\/#primaryimage\",\"url\":\"http:\/\/www.fiarebancaetica.coop\/app\/uploads\/sites\/2\/2024\/01\/gits-1024x592.jpeg\",\"contentUrl\":\"http:\/\/www.fiarebancaetica.coop\/app\/uploads\/sites\/2\/2024\/01\/gits-1024x592.jpeg\"},{\"@type\":\"BreadcrumbList\",\"@id\":\"https:\/\/www.fiarebancaetica.coop\/gl\/gits\/#breadcrumb\",\"itemListElement\":[{\"@type\":\"ListItem\",\"position\":1,\"name\":\"Home\",\"item\":\"https:\/\/www.fiarebancaetica.coop\/gl\/\"},{\"@type\":\"ListItem\",\"position\":2,\"name\":\"Que son os GIT de Banca Etica?\"}]},{\"@type\":\"WebSite\",\"@id\":\"https:\/\/www.fiarebancaetica.coop\/gl\/#website\",\"url\":\"https:\/\/www.fiarebancaetica.coop\/gl\/\",\"name\":\"Fiare Banca Etica\",\"description\":\"\",\"potentialAction\":[{\"@type\":\"SearchAction\",\"target\":{\"@type\":\"EntryPoint\",\"urlTemplate\":\"https:\/\/www.fiarebancaetica.coop\/gl\/?s={search_term_string}\"},\"query-input\":{\"@type\":\"PropertyValueSpecification\",\"valueRequired\":true,\"valueName\":\"search_term_string\"}}],\"inLanguage\":\"gl-ES\"}]}<\/script>\n<!-- \/ Yoast SEO plugin. -->","yoast_head_json":{"title":"Que son os GIT de Banca Etica? - Fiare Banca Etica","robots":{"index":"index","follow":"follow","max-snippet":"max-snippet:-1","max-image-preview":"max-image-preview:large","max-video-preview":"max-video-preview:-1"},"canonical":"https:\/\/www.fiarebancaetica.coop\/gl\/gits\/","og_locale":"gl_ES","og_type":"article","og_title":"Que son os GIT de Banca Etica? - Fiare Banca Etica","og_url":"https:\/\/www.fiarebancaetica.coop\/gl\/gits\/","og_site_name":"Fiare Banca Etica","article_modified_time":"2024-03-25T08:56:43+00:00","og_image":[{"url":"http:\/\/www.fiarebancaetica.coop\/app\/uploads\/sites\/2\/2024\/01\/gits-1024x592.jpeg","type":"","width":"","height":""}],"twitter_card":"summary_large_image","schema":{"@context":"https:\/\/schema.org","@graph":[{"@type":"WebPage","@id":"https:\/\/www.fiarebancaetica.coop\/gl\/gits\/","url":"https:\/\/www.fiarebancaetica.coop\/gl\/gits\/","name":"Que son os GIT de Banca Etica? - Fiare Banca Etica","isPartOf":{"@id":"https:\/\/www.fiarebancaetica.coop\/gl\/#website"},"primaryImageOfPage":{"@id":"https:\/\/www.fiarebancaetica.coop\/gl\/gits\/#primaryimage"},"image":{"@id":"https:\/\/www.fiarebancaetica.coop\/gl\/gits\/#primaryimage"},"thumbnailUrl":"http:\/\/www.fiarebancaetica.coop\/app\/uploads\/sites\/2\/2024\/01\/gits-1024x592.jpeg","datePublished":"2023-12-15T08:51:58+00:00","dateModified":"2024-03-25T08:56:43+00:00","breadcrumb":{"@id":"https:\/\/www.fiarebancaetica.coop\/gl\/gits\/#breadcrumb"},"inLanguage":"gl-ES","potentialAction":[{"@type":"ReadAction","target":["https:\/\/www.fiarebancaetica.coop\/gl\/gits\/"]}]},{"@type":"ImageObject","inLanguage":"gl-ES","@id":"https:\/\/www.fiarebancaetica.coop\/gl\/gits\/#primaryimage","url":"http:\/\/www.fiarebancaetica.coop\/app\/uploads\/sites\/2\/2024\/01\/gits-1024x592.jpeg","contentUrl":"http:\/\/www.fiarebancaetica.coop\/app\/uploads\/sites\/2\/2024\/01\/gits-1024x592.jpeg"},{"@type":"BreadcrumbList","@id":"https:\/\/www.fiarebancaetica.coop\/gl\/gits\/#breadcrumb","itemListElement":[{"@type":"ListItem","position":1,"name":"Home","item":"https:\/\/www.fiarebancaetica.coop\/gl\/"},{"@type":"ListItem","position":2,"name":"Que son os GIT de Banca Etica?"}]},{"@type":"WebSite","@id":"https:\/\/www.fiarebancaetica.coop\/gl\/#website","url":"https:\/\/www.fiarebancaetica.coop\/gl\/","name":"Fiare Banca Etica","description":"","potentialAction":[{"@type":"SearchAction","target":{"@type":"EntryPoint","urlTemplate":"https:\/\/www.fiarebancaetica.coop\/gl\/?s={search_term_string}"},"query-input":{"@type":"PropertyValueSpecification","valueRequired":true,"valueName":"search_term_string"}}],"inLanguage":"gl-ES"}]}},"_links":{"self":[{"href":"https:\/\/www.fiarebancaetica.coop\/gl\/wp-json\/wp\/v2\/pages\/322278","targetHints":{"allow":["GET"]}}],"collection":[{"href":"https:\/\/www.fiarebancaetica.coop\/gl\/wp-json\/wp\/v2\/pages"}],"about":[{"href":"https:\/\/www.fiarebancaetica.coop\/gl\/wp-json\/wp\/v2\/types\/page"}],"author":[{"embeddable":true,"href":"https:\/\/www.fiarebancaetica.coop\/gl\/wp-json\/wp\/v2\/users\/6693"}],"replies":[{"embeddable":true,"href":"https:\/\/www.fiarebancaetica.coop\/gl\/wp-json\/wp\/v2\/comments?post=322278"}],"version-history":[{"count":13,"href":"https:\/\/www.fiarebancaetica.coop\/gl\/wp-json\/wp\/v2\/pages\/322278\/revisions"}],"predecessor-version":[{"id":372477,"href":"https:\/\/www.fiarebancaetica.coop\/gl\/wp-json\/wp\/v2\/pages\/322278\/revisions\/372477"}],"wp:attachment":[{"href":"https:\/\/www.fiarebancaetica.coop\/gl\/wp-json\/wp\/v2\/media?parent=322278"}],"wp:term":[{"taxonomy":"author","embeddable":true,"href":"https:\/\/www.fiarebancaetica.coop\/gl\/wp-json\/wp\/v2\/coauthors?post=322278"}],"curies":[{"name":"wp","href":"https:\/\/api.w.org\/{rel}","templated":true}]}}