{"id":322295,"date":"2023-12-15T10:37:45","date_gmt":"2023-12-15T09:37:45","guid":{"rendered":"https:\/\/www.fiarebancaetica.coop\/?page_id=322295"},"modified":"2025-05-11T22:25:25","modified_gmt":"2025-05-11T20:25:25","slug":"asemblea-de-persoas-socias","status":"publish","type":"page","link":"https:\/\/www.fiarebancaetica.coop\/gl\/asemblea-de-persoas-socias\/","title":{"rendered":"Asemblea de Persoas Socias"},"content":{"rendered":"\n\n<div class=\"crispybacon-block-57\">\n\n    <div class=\"about-col\">\n                    <h2 class=\"about-col-title\">Que \u00e9 a Asemblea?<\/h2>\n        \n                    <div class=\"about-col-description\"><p>A Asemblea de Persoas Socias \u00e9 o \u00f3rgano soberano de Banca Etica e est\u00e1 aberta a todas as socias e socios. \u00c9 a mellor forma de garantir que todo o que facemos se ali\u00f1a cos teus principios.<\/p>\n<p>As modalidades nas que se pode desenvolver a Asemblea est\u00e1n definidas no <strong><a href=\"http:\/\/www.fiarebancaetica.coop\/app\/uploads\/sites\/2\/2024\/01\/reglamento-asambleario-2021.pdf\">Regulamento da Asemblea<\/a>.<\/strong><\/p>\n<\/div>\n            <\/div>\n\n    <div class=\"video-col\">\n        <!--IUB-COOKIE-BLOCK-SKIP-START-->\n        <img loading=\"lazy\" decoding=\"async\" width=\"640\" height=\"428\" src=\"https:\/\/www.fiarebancaetica.coop\/app\/uploads\/sites\/2\/2023\/12\/area-soci-1-1024x684.jpg\" class=\"attachment-large size-large\" alt=\"\" srcset=\"https:\/\/www.fiarebancaetica.coop\/app\/uploads\/sites\/2\/2023\/12\/area-soci-1-1024x684.jpg 1024w, https:\/\/www.fiarebancaetica.coop\/app\/uploads\/sites\/2\/2023\/12\/area-soci-1-300x200.jpg 300w, https:\/\/www.fiarebancaetica.coop\/app\/uploads\/sites\/2\/2023\/12\/area-soci-1-768x513.jpg 768w, https:\/\/www.fiarebancaetica.coop\/app\/uploads\/sites\/2\/2023\/12\/area-soci-1.jpg 1256w\" sizes=\"auto, (max-width: 640px) 100vw, 640px\" \/>        <!--IUB-COOKIE-BLOCK-SKIP-END-->\n    <\/div>\n      \n<\/div>\n\n\n\n<div class=\"wrapper-crispybacon-class wrapper-crispybacon-class-medium \">\n    \n\n<div style=\"height:40px\" aria-hidden=\"true\" class=\"wp-block-spacer\"><\/div>\n\n\n\n<p>A d\u00eda de hoxe, m\u00e1is de 47.000 persoas, organizaci\u00f3ns e empresas est\u00e1n participando na construci\u00f3n dun novo modelo bancario que xere impactos sociais e ambientais positivos. Unha alternativa eficaz ao financiamento que especula e xera desigualdades.<\/p>\n\n\n\n<div style=\"height:40px\" aria-hidden=\"true\" class=\"wp-block-spacer\"><\/div>\n\n\n<\/div>\n\n\n\n<div class=\"crispybacon-block-58\">\n\n                        <div class=\"section-row\">\n                <div class=\"content-col\">\n                                            <h3>\u00c9 o \u00f3rgano soberano de Banca Eticade Banca Etica<\/h3>\n                    \n                                            Est\u00e1 aberta a todas as persoas socias que leven inscritas un m\u00ednimo de noventa d\u00edas.\r\n                                    <\/div>\n                                    <div class=\"content-image\">\n                        <img decoding=\"async\" src=\"https:\/\/www.fiarebancaetica.coop\/app\/uploads\/sites\/2\/2023\/12\/area-soci-2.jpg\">\n                    <\/div>\n                            <\/div>\n                    <div class=\"section-row\">\n                <div class=\"content-col\">\n                                            <h3>Rexe o principio do voto individual \u00abunha persoa socia, un voto\u00bb<\/h3>\n                    \n                                            Cada persoa socia ten dereito a un \u00fanico voto, con independencia do n\u00famero de acci\u00f3ns subscritas.\r\n                                    <\/div>\n                                    <div class=\"content-image\">\n                        <img decoding=\"async\" src=\"https:\/\/www.fiarebancaetica.coop\/app\/uploads\/sites\/2\/2023\/12\/area-soci-3.jpg\">\n                    <\/div>\n                            <\/div>\n                    <div class=\"section-row\">\n                <div class=\"content-col\">\n                                            <h3>A Asemblea de Persoas Socias re\u00fanese en convocatoria ordinaria cando menos unha vez ao ano<\/h3>\n                    \n                                            Ocasionalmente se pode celebrar unha convocatoria extraordinaria.                                    <\/div>\n                                    <div class=\"content-image\">\n                        <img decoding=\"async\" src=\"https:\/\/www.fiarebancaetica.coop\/app\/uploads\/sites\/2\/2023\/12\/area-soci-4.jpg\">\n                    <\/div>\n                            <\/div>\n                    <div class=\"section-row\">\n                <div class=\"content-col\">\n                                            <h3>A participaci\u00f3n na Asemblea tam\u00e9n poder\u00e1 realizarse en li\u00f1a<\/h3>\n                    \n                                             A trav\u00e9s dun procedemento especial que garante a identificaci\u00f3n e o voto.                                    <\/div>\n                                    <div class=\"content-image\">\n                        <img decoding=\"async\" src=\"https:\/\/www.fiarebancaetica.coop\/app\/uploads\/sites\/2\/2023\/12\/area-soci-5.jpg\">\n                    <\/div>\n                            <\/div>\n            \n      \n<\/div>\n\n\n\n<div style=\"height:40px\" aria-hidden=\"true\" class=\"wp-block-spacer\"><\/div>\n\n\n\n<div class=\"block-91-charts\">\n            <h3 class=\"block-91-charts__title\">Socios e socias totais: 48.721<\/h3>\n                <div class=\"block-91-charts__wrapper\">\n            \n                <div class=\"block-91-chart\">\n                    <div class=\"block-91-chart__title\">Tipo<\/div>\n                    <canvas id=\"chart-24484\"><\/canvas>\n                    <div id=\"chart-24484-legend\" class=\"block-91-chart__legend\"><\/div>\n                    <div class=\"block-91-chart__note\"><\/div>\n                <\/div>\n\n                <script type=\"text\/javascript\" data-iub-purposes=\"1\" class=\"_iub_cs_activate\">\n                    (function( $ ) {\n                        const myChartData = {\n                            type: 'doughnut',\n                            data: {\n                                labels: [\"Persoas f\\u00edsicas\",\"Persoas xur\\u00eddicas\"],\n                                datasets: [{\n                                    label: \"Test\",\n                                    data: [40385,8336],\n                                    backgroundColor: [\"#00C8FF\",\"#003087\"],\n                                    hoverOffset: 4,\n                                }]\n                            },\n                            options: {\n                                responsive: true,\n                                plugins: {\n                                    legend: {\n                                        display: false,\n                                    },\n                                    title: {\n                                        display: false,\n                                    }\n                                }\n                            },\n                            plugins: [{\n                                beforeInit: function(chart, args, options) {\n                                    \/\/ Make sure we're applying the legend to the right chart\n                                    if (chart.canvas.id === 'chart-24484') {\n                                        var locale = 'it';\n                                        var options = {minimumFractionDigits: 0, maximumFractionDigits: 2};\n                                        var formatter = new Intl.NumberFormat(locale, options);\n                                        const ul = document.createElement('ul');\n                                        chart.data.labels.forEach((label, i) => {\n                                            var spanSquare = document.createElement('span');\n                                            spanSquare.classList.add('block-91-chart__legend-decoration');\n                                            spanSquare.style.backgroundColor = chart.data.datasets[0].backgroundColor[i];\n                                            \n                                            var spanLabel = document.createElement('span');\n                                            spanLabel.classList.add('block-91-chart__legend-text');\n                                            spanLabel.innerHTML = ` ${ label }: ${ formatter.format(chart.data.datasets[0].data[i]) } `;\n\n                                            var li = document.createElement('li');\n                                            li.appendChild(spanSquare);\n                                            li.appendChild(spanLabel);\n\n                                            ul.appendChild(li);\n                                        });\n\n                                        return document.getElementById('chart-24484-legend').appendChild(ul);\n                                    }\n\n                                    return;\n                                },\n                            }],\n                        };\n\n                        $(document).ready(function() {\n                            createChart('chart-24484', myChartData, 'chart-24484-legend');\n                        });\n\n                    })(jQuery);\n                <\/script>\n\n            \n                <div class=\"block-91-chart\">\n                    <div class=\"block-91-chart__title\">\u00c1rea xeogr\u00e1fica<\/div>\n                    <canvas id=\"chart-17904\"><\/canvas>\n                    <div id=\"chart-17904-legend\" class=\"block-91-chart__legend\"><\/div>\n                    <div class=\"block-91-chart__note\">Datos actualizados el 31\/12\/2024<\/div>\n                <\/div>\n\n                <script type=\"text\/javascript\" data-iub-purposes=\"1\" class=\"_iub_cs_activate\">\n                    (function( $ ) {\n                        const myChartData = {\n                            type: 'doughnut',\n                            data: {\n                                labels: [\"Italia\",\"Espa\\u00f1a\"],\n                                datasets: [{\n                                    label: \"Test\",\n                                    data: [44920,3801],\n                                    backgroundColor: [\"#00C8FF\",\"#003087\"],\n                                    hoverOffset: 4,\n                                }]\n                            },\n                            options: {\n                                responsive: true,\n                                plugins: {\n                                    legend: {\n                                        display: false,\n                                    },\n                                    title: {\n                                        display: false,\n                                    }\n                                }\n                            },\n                            plugins: [{\n                                beforeInit: function(chart, args, options) {\n                                    \/\/ Make sure we're applying the legend to the right chart\n                                    if (chart.canvas.id === 'chart-17904') {\n                                        var locale = 'it';\n                                        var options = {minimumFractionDigits: 0, maximumFractionDigits: 2};\n                                        var formatter = new Intl.NumberFormat(locale, options);\n                                        const ul = document.createElement('ul');\n                                        chart.data.labels.forEach((label, i) => {\n                                            var spanSquare = document.createElement('span');\n                                            spanSquare.classList.add('block-91-chart__legend-decoration');\n                                            spanSquare.style.backgroundColor = chart.data.datasets[0].backgroundColor[i];\n                                            \n                                            var spanLabel = document.createElement('span');\n                                            spanLabel.classList.add('block-91-chart__legend-text');\n                                            spanLabel.innerHTML = ` ${ label }: ${ formatter.format(chart.data.datasets[0].data[i]) } `;\n\n                                            var li = document.createElement('li');\n                                            li.appendChild(spanSquare);\n                                            li.appendChild(spanLabel);\n\n                                            ul.appendChild(li);\n                                        });\n\n                                        return document.getElementById('chart-17904-legend').appendChild(ul);\n                                    }\n\n                                    return;\n                                },\n                            }],\n                        };\n\n                        $(document).ready(function() {\n                            createChart('chart-17904', myChartData, 'chart-17904-legend');\n                        });\n\n                    })(jQuery);\n                <\/script>\n\n                    <\/div>\n    <\/div>\n\n<script src=\"https:\/\/cdnjs.cloudflare.com\/ajax\/libs\/Chart.js\/3.9.1\/chart.min.js\" integrity=\"sha512-ElRFoEQdI5Ht6kZvyzXhYG9NqjtkmlkfYk0wr6wHxU9JEHakS7UJZNeml5ALk+8IKlU6jDgMabC3vkumRokgJA==\" crossorigin=\"anonymous\" referrerpolicy=\"no-referrer\" data-iub-purposes=\"1\" class=\"_iub_cs_activate\"><\/script>\n\n<script type=\"text\/javascript\" data-iub-purposes=\"1\" class=\"_iub_cs_activate\">\n    function createChart(chartId, chartData, chartLegendId) {\n        const ctx = document.getElementById(chartId);\n        const myChart = new Chart(ctx, {\n            type: chartData.type,\n            data: chartData.data,\n            options: chartData.options,\n            plugins: chartData.plugins,\n        });\n    };\n<\/script>\n\n\n\n<div style=\"height:20px\" aria-hidden=\"true\" class=\"wp-block-spacer\"><\/div>\n\n\n\n<div class=\"wrapper-crispybacon-class wrapper-crispybacon-class-large \">\n    \n\n<h3 class=\"wp-block-heading has-text-align-center is-style-lyon\">Consonte o establecido nos <a href=\"http:\/\/www.fiarebancaetica.coop\/app\/uploads\/sites\/2\/2024\/01\/estatutos-espanol-2019.pdf\" target=\"_blank\" rel=\"noreferrer noopener\"><strong>Estatutos:<\/strong><\/a><\/h3>\n\n\n\n\n<div class='crispybacon-block-81'>\n            <div class=\"wrapper-list\">\n\n\n            <ul class=\"unordered-list\">\n\n                \n\n                    <li> <i class=\"icon-checkmark\"><\/i>\n                        <p>aproba o balance e decide o destino dos beneficios;<\/p>\n\n                                            <\/li>\n\n                \n\n                    <li> <i class=\"icon-checkmark\"><\/i>\n                        <p>nomea os\/as Administradores\/as e os\/as Conselleiros\/as e procede \u00e1 s\u00faa revogaci\u00f3n;<\/p>\n\n                                            <\/li>\n\n                \n\n                    <li> <i class=\"icon-checkmark\"><\/i>\n                        <p>contrata, previa consulta \u00e1 Xunta de Revisi\u00f3n, unha Sociedade Auditora \u00e1 que confiar\u00e1 o control contable, as\u00ed como procede \u00e1 s\u00faa revogaci\u00f3n;<\/p>\n\n                                            <\/li>\n\n                \n\n                    <li> <i class=\"icon-checkmark\"><\/i>\n                        <p>determina o montante da remuneraci\u00f3n que corresponder\u00e1 aos\/\u00e1s Administradores\/as e \u00e1 Sociedade Auditora encargada do control contable;<\/p>\n\n                                            <\/li>\n\n                \n\n                    <li> <i class=\"icon-checkmark\"><\/i>\n                        <p>determina o montante da remuneraci\u00f3n que corresponder\u00e1 aos\/\u00e1s Conselleiros\/as consonte o previsto no artigo 41;<\/p>\n\n                                            <\/li>\n\n                \n\n                    <li> <i class=\"icon-checkmark\"><\/i>\n                        <p>aproba a pol\u00edtica de remuneraci\u00f3ns, as\u00ed como os posibles plans de remuneraci\u00f3n baseados en instrumentos financeiros para os\/as Administradores\/as \u2014inclu\u00eddos\/as aqueles\/as que ostenten cargos especiais\u2014, os empregados\/as ou os\/as colaboradores\/as non ligados \u00e1 sociedade de relaci\u00f3ns laborais dependentes.<\/p>\n\n                                            <\/li>\n\n                            <\/ul>\n        <\/div>\n    <\/div>\n\n\n\n<div style=\"height:40px\" aria-hidden=\"true\" class=\"wp-block-spacer\"><\/div>\n\n\n\n<p class=\"has-text-align-center\">Ocasionalmente, poder\u00e1 convocarse a Asemblea Extraordinaria de Accionistas nos casos previstos pola Lei e os Estatutos de Banca Etica.<\/p>\n\n\n\n<div style=\"height:20px\" aria-hidden=\"true\" class=\"wp-block-spacer\"><\/div>\n\n\n\n<h3 class=\"wp-block-heading has-text-align-center is-style-lyon\">A Asemblea Extraordinaria decide sobre:<\/h3>\n\n\n\n\n<div class='crispybacon-block-81'>\n            <div class=\"wrapper-list\">\n\n\n            <ul class=\"unordered-list\">\n\n                \n\n                    <li> <i class=\"icon-checkmark\"><\/i>\n                        <p>modificaci\u00f3ns dos estatutos, ag\u00e1s o disposto no artigo 37;<\/p>\n\n                                            <\/li>\n\n                \n\n                    <li> <i class=\"icon-checkmark\"><\/i>\n                        <p>nomeamento, revogaci\u00f3n, substituci\u00f3n e facultades dos liquidadores;<\/p>\n\n                                            <\/li>\n\n                \n\n                    <li> <i class=\"icon-checkmark\"><\/i>\n                        <p>calquera outra materia atribu\u00edda pola lei \u00e1 s\u00faa competencia.<\/p>\n\n                                            <\/li>\n\n                            <\/ul>\n        <\/div>\n    <\/div>\n\n\n<\/div>","protected":false},"excerpt":{"rendered":"","protected":false},"author":6693,"featured_media":0,"parent":0,"menu_order":0,"comment_status":"closed","ping_status":"closed","template":"template-meetings.php","meta":{"_acf_changed":false,"footnotes":""},"coauthors":[10743],"class_list":["post-322295","page","type-page","status-publish","hentry","crispybacon-hidden-page-title"],"acf":[],"yoast_head":"<!-- This site is optimized with the Yoast SEO plugin v26.9 - https:\/\/yoast.com\/product\/yoast-seo-wordpress\/ -->\n<title>Asemblea de Persoas Socias - Fiare Banca Etica<\/title>\n<meta name=\"robots\" content=\"index, follow, max-snippet:-1, max-image-preview:large, max-video-preview:-1\" \/>\n<link rel=\"canonical\" href=\"https:\/\/www.fiarebancaetica.coop\/gl\/asemblea-de-persoas-socias\/\" \/>\n<meta property=\"og:locale\" content=\"gl_ES\" \/>\n<meta property=\"og:type\" content=\"article\" \/>\n<meta property=\"og:title\" content=\"Asemblea de Persoas Socias - Fiare Banca Etica\" \/>\n<meta property=\"og:url\" content=\"https:\/\/www.fiarebancaetica.coop\/gl\/asemblea-de-persoas-socias\/\" \/>\n<meta property=\"og:site_name\" content=\"Fiare Banca Etica\" \/>\n<meta property=\"article:modified_time\" content=\"2025-05-11T20:25:25+00:00\" \/>\n<meta name=\"twitter:card\" content=\"summary_large_image\" \/>\n<script type=\"application\/ld+json\" class=\"yoast-schema-graph\">{\"@context\":\"https:\/\/schema.org\",\"@graph\":[{\"@type\":\"WebPage\",\"@id\":\"https:\/\/www.fiarebancaetica.coop\/gl\/asemblea-de-persoas-socias\/\",\"url\":\"https:\/\/www.fiarebancaetica.coop\/gl\/asemblea-de-persoas-socias\/\",\"name\":\"Asemblea de Persoas Socias - Fiare Banca Etica\",\"isPartOf\":{\"@id\":\"https:\/\/www.fiarebancaetica.coop\/gl\/#website\"},\"datePublished\":\"2023-12-15T09:37:45+00:00\",\"dateModified\":\"2025-05-11T20:25:25+00:00\",\"breadcrumb\":{\"@id\":\"https:\/\/www.fiarebancaetica.coop\/gl\/asemblea-de-persoas-socias\/#breadcrumb\"},\"inLanguage\":\"gl-ES\",\"potentialAction\":[{\"@type\":\"ReadAction\",\"target\":[\"https:\/\/www.fiarebancaetica.coop\/gl\/asemblea-de-persoas-socias\/\"]}]},{\"@type\":\"BreadcrumbList\",\"@id\":\"https:\/\/www.fiarebancaetica.coop\/gl\/asemblea-de-persoas-socias\/#breadcrumb\",\"itemListElement\":[{\"@type\":\"ListItem\",\"position\":1,\"name\":\"Home\",\"item\":\"https:\/\/www.fiarebancaetica.coop\/gl\/\"},{\"@type\":\"ListItem\",\"position\":2,\"name\":\"Asemblea de Persoas Socias\"}]},{\"@type\":\"WebSite\",\"@id\":\"https:\/\/www.fiarebancaetica.coop\/gl\/#website\",\"url\":\"https:\/\/www.fiarebancaetica.coop\/gl\/\",\"name\":\"Fiare Banca Etica\",\"description\":\"\",\"potentialAction\":[{\"@type\":\"SearchAction\",\"target\":{\"@type\":\"EntryPoint\",\"urlTemplate\":\"https:\/\/www.fiarebancaetica.coop\/gl\/?s={search_term_string}\"},\"query-input\":{\"@type\":\"PropertyValueSpecification\",\"valueRequired\":true,\"valueName\":\"search_term_string\"}}],\"inLanguage\":\"gl-ES\"}]}<\/script>\n<!-- \/ Yoast SEO plugin. -->","yoast_head_json":{"title":"Asemblea de Persoas Socias - Fiare Banca Etica","robots":{"index":"index","follow":"follow","max-snippet":"max-snippet:-1","max-image-preview":"max-image-preview:large","max-video-preview":"max-video-preview:-1"},"canonical":"https:\/\/www.fiarebancaetica.coop\/gl\/asemblea-de-persoas-socias\/","og_locale":"gl_ES","og_type":"article","og_title":"Asemblea de Persoas Socias - Fiare Banca Etica","og_url":"https:\/\/www.fiarebancaetica.coop\/gl\/asemblea-de-persoas-socias\/","og_site_name":"Fiare Banca Etica","article_modified_time":"2025-05-11T20:25:25+00:00","twitter_card":"summary_large_image","schema":{"@context":"https:\/\/schema.org","@graph":[{"@type":"WebPage","@id":"https:\/\/www.fiarebancaetica.coop\/gl\/asemblea-de-persoas-socias\/","url":"https:\/\/www.fiarebancaetica.coop\/gl\/asemblea-de-persoas-socias\/","name":"Asemblea de Persoas Socias - Fiare Banca Etica","isPartOf":{"@id":"https:\/\/www.fiarebancaetica.coop\/gl\/#website"},"datePublished":"2023-12-15T09:37:45+00:00","dateModified":"2025-05-11T20:25:25+00:00","breadcrumb":{"@id":"https:\/\/www.fiarebancaetica.coop\/gl\/asemblea-de-persoas-socias\/#breadcrumb"},"inLanguage":"gl-ES","potentialAction":[{"@type":"ReadAction","target":["https:\/\/www.fiarebancaetica.coop\/gl\/asemblea-de-persoas-socias\/"]}]},{"@type":"BreadcrumbList","@id":"https:\/\/www.fiarebancaetica.coop\/gl\/asemblea-de-persoas-socias\/#breadcrumb","itemListElement":[{"@type":"ListItem","position":1,"name":"Home","item":"https:\/\/www.fiarebancaetica.coop\/gl\/"},{"@type":"ListItem","position":2,"name":"Asemblea de Persoas Socias"}]},{"@type":"WebSite","@id":"https:\/\/www.fiarebancaetica.coop\/gl\/#website","url":"https:\/\/www.fiarebancaetica.coop\/gl\/","name":"Fiare Banca Etica","description":"","potentialAction":[{"@type":"SearchAction","target":{"@type":"EntryPoint","urlTemplate":"https:\/\/www.fiarebancaetica.coop\/gl\/?s={search_term_string}"},"query-input":{"@type":"PropertyValueSpecification","valueRequired":true,"valueName":"search_term_string"}}],"inLanguage":"gl-ES"}]}},"_links":{"self":[{"href":"https:\/\/www.fiarebancaetica.coop\/gl\/wp-json\/wp\/v2\/pages\/322295","targetHints":{"allow":["GET"]}}],"collection":[{"href":"https:\/\/www.fiarebancaetica.coop\/gl\/wp-json\/wp\/v2\/pages"}],"about":[{"href":"https:\/\/www.fiarebancaetica.coop\/gl\/wp-json\/wp\/v2\/types\/page"}],"author":[{"embeddable":true,"href":"https:\/\/www.fiarebancaetica.coop\/gl\/wp-json\/wp\/v2\/users\/6693"}],"replies":[{"embeddable":true,"href":"https:\/\/www.fiarebancaetica.coop\/gl\/wp-json\/wp\/v2\/comments?post=322295"}],"version-history":[{"count":18,"href":"https:\/\/www.fiarebancaetica.coop\/gl\/wp-json\/wp\/v2\/pages\/322295\/revisions"}],"predecessor-version":[{"id":386001,"href":"https:\/\/www.fiarebancaetica.coop\/gl\/wp-json\/wp\/v2\/pages\/322295\/revisions\/386001"}],"wp:attachment":[{"href":"https:\/\/www.fiarebancaetica.coop\/gl\/wp-json\/wp\/v2\/media?parent=322295"}],"wp:term":[{"taxonomy":"author","embeddable":true,"href":"https:\/\/www.fiarebancaetica.coop\/gl\/wp-json\/wp\/v2\/coauthors?post=322295"}],"curies":[{"name":"wp","href":"https:\/\/api.w.org\/{rel}","templated":true}]}}