{"id":324149,"date":"2023-12-20T09:39:01","date_gmt":"2023-12-20T08:39:01","guid":{"rendered":"https:\/\/www.fiarebancaetica.coop\/?page_id=324149"},"modified":"2024-03-25T09:54:43","modified_gmt":"2024-03-25T08:54:43","slug":"organizacion-territorial-das-persoas-socias","status":"publish","type":"page","link":"https:\/\/www.fiarebancaetica.coop\/gl\/persoas-socias\/organizacion-territorial-das-persoas-socias\/","title":{"rendered":"Organizaci\u00f3n Territorial das Persoas Socias"},"content":{"rendered":"\n<div class=\"wrapper-crispybacon-class wrapper-crispybacon-class-medium \">\n    \n\n<div class=\"wp-block-columns is-layout-flex wp-container-core-columns-is-layout-9d6595d7 wp-block-columns-is-layout-flex\">\n<div class=\"wp-block-column is-layout-flow wp-block-column-is-layout-flow\" style=\"flex-basis:100%\">\n<h1 class=\"is-style-lyon wp-block-heading\" id=\"block-31c95293-90c0-4527-9ac1-7f6b4b56d8fd\"><span class=\"has-inline-color has-red-color\">Organizaci\u00f3n Territorial das Persoas Socias<\/span><br>Democracia: esa \u00e9 a chave<\/h1>\n\n\n\n<p>Organizarse, agruparse a distintos niveis, propo\u00f1er, participar na toma de decisi\u00f3ns do Banco. Iso \u00e9 democracia econ\u00f3mica.<\/p>\n<\/div>\n<\/div>\n\n\n\n<hr class=\"wp-block-separator is-style-default\"\/>\n\n\n<\/div>\n\n\n<div style=\"height:30px\" aria-hidden=\"true\" class=\"wp-block-spacer\"><\/div>\n\n\n\n<div class=\"wrapper-crispybacon-class wrapper-crispybacon-class-medium \">\n    \n\n<div class=\"wp-block-columns is-layout-flex wp-container-core-columns-is-layout-9d6595d7 wp-block-columns-is-layout-flex\">\n<div class=\"wp-block-column is-layout-flow wp-block-column-is-layout-flow\">\n<p>Para facilitar que las personas se hagan socias de Banca Etica, hemos desarrollado una organizaci\u00f3n basada en una dimensi\u00f3n local (la Circunscripci\u00f3n y el Grupo de&nbsp; Iniciativa Territorial- GIT), una dimensi\u00f3n de \u00c1rea (la Coordinaci\u00f3n de \u00c1rea y el F\u00f3rum de \u00c1rea) y una dimensi\u00f3n de enlace entre las diferentes \u00c1reas (Interf\u00f3rum).<\/p>\n\n\n\n<h4 class=\"wp-block-heading\"><strong><span class=\"has-inline-color has-blue-color\">A Circunscrici\u00f3n Local e o GIT<\/span><\/strong><\/h4>\n\n\n\n<p>As circunscrici\u00f3ns agrupan as persoas socias (f\u00edsicas e xur\u00eddicas) dun territorio que, reunidos na Asemblea, elixen un GIT (Grupo de Iniciativa Territorial), que consta de entre 3 e 11 membros. Estes grupos nomean a persoa coordinadora.<\/p>\n\n\n\n<p><br>O GIT, que se caracteriza por ser unha asociaci\u00f3n de feito, proponse difundir a cultura das finanzas \u00e9ticas, satisfacer as necesidades, esixencias e intereses do territorio e garantir a informaci\u00f3n sobre a actividade do Banco.<\/p>\n\n\n\n<p><br>As persoas coordinadoras dos GIT forman parte das \u00c1reas noroeste, nord\u00e9s, centro e sur de Italia e a nova \u00c1rea Fiare. Re\u00fanense para formar a Coordinaci\u00f3n da \u00c1rea e elixen ao seu Referente de \u00c1rea. Este \u00faltimo interv\u00e9n no F\u00f3rum de \u00c1rea como representante das persoas socias.<\/p>\n\n\n\n<h4 class=\"wp-block-heading\"><strong><span class=\"has-inline-color has-blue-color\">F\u00f3rum de \u00c1rea<\/span><\/strong><\/h4>\n\n\n\n<p>O F\u00f3rum de \u00c1rea nace coa vontade de dar voz \u00e1s necesidades locais e desenvolver, ao mesmo tempo, unha acci\u00f3n m\u00e1is radicada e coordinada no territorio.<\/p>\n\n\n\n<p><br>A descentralizaci\u00f3n de poderes, tarefas e funci\u00f3ns, obxectivo estrat\u00e9xico de Fiare Banca Etica, atopa no F\u00f3rum de \u00c1rea o momento de s\u00edntese dos 4 niveis de actividade do Banco: asociativo, formativo, operativo e pol\u00edtico.<br>Estas son as principais funci\u00f3ns do F\u00f3rum:<\/p>\n\n\n\n<ul class=\"wp-block-list\"><li>Captar e analizar as necesidades e propostas do territorio, facilitando ao banco pautas para podelas satisfacer de maneira puntual.<\/li><li>Impulsar as relaci\u00f3ns coas Circunscrici\u00f3ns e as persoas socias do Banco e desenvolver unha acci\u00f3n sin\u00e9rxica coas organizaci\u00f3ns locais.<\/li><li>Programar medidas socioculturais no territorio.<\/li><\/ul>\n\n\n\n<h4 class=\"wp-block-heading\"><strong><span class=\"has-inline-color has-blue-color\">Interf\u00f3rum<\/span><\/strong><\/h4>\n\n\n\n<p>O Interf\u00f3rum, que \u00e9 o lugar de enlace e debate entre os 5 F\u00f3rums de \u00c1rea, \u00e9 un organismo consultivo e propositivo, a ferramenta necesaria para p\u00f3r en marcha, supervisar e avaliar os procesos organizativos que interesan \u00e1s numerosas actividades do Banco e \u00e1s s\u00faas interrelaci\u00f3ns.<\/p>\n\n\n\n<h4 class=\"wp-block-heading\"><strong><span class=\"has-inline-color has-blue-color\">\u00bfA qu\u00e9 esperas?<\/span><\/strong><\/h4>\n\n\n\n<p>Participa ti tam\u00e9n no noso proxecto de democracia econ\u00f3mica.<br>Descubre como <a href=\"https:\/\/www.fiarebancaetica.coop\/oferta-publica-de-acciones\/\" target=\"_blank\" rel=\"noreferrer noopener\">asociarte<\/a> ou contacta co\u00a0<a href=\"https:\/\/www.fiarebancaetica.coop\/gl\/gits\/\" target=\"_blank\" rel=\"noreferrer noopener\">Grupo de Iniciativa Territorial\u00a0<\/a>das persoas socias de Fiare Banca Etica da t\u00faa zona.<\/p>\n<\/div>\n<\/div>\n\n\n<\/div>\n\n\n<div style=\"height:100px\" aria-hidden=\"true\" class=\"wp-block-spacer\"><\/div>\n","protected":false},"excerpt":{"rendered":"","protected":false},"author":6693,"featured_media":0,"parent":320362,"menu_order":0,"comment_status":"closed","ping_status":"closed","template":"","meta":{"_acf_changed":false,"footnotes":""},"coauthors":[10743],"class_list":["post-324149","page","type-page","status-publish","hentry","crispybacon-hidden-page-title"],"acf":[],"yoast_head":"<!-- This site is optimized with the Yoast SEO plugin v26.9 - https:\/\/yoast.com\/product\/yoast-seo-wordpress\/ -->\n<title>Organizaci\u00f3n Territorial das Persoas Socias - Fiare Banca Etica<\/title>\n<meta name=\"robots\" content=\"index, follow, max-snippet:-1, max-image-preview:large, max-video-preview:-1\" \/>\n<link rel=\"canonical\" href=\"https:\/\/www.fiarebancaetica.coop\/gl\/persoas-socias\/organizacion-territorial-das-persoas-socias\/\" \/>\n<meta property=\"og:locale\" content=\"gl_ES\" \/>\n<meta property=\"og:type\" content=\"article\" \/>\n<meta property=\"og:title\" content=\"Organizaci\u00f3n Territorial das Persoas Socias - Fiare Banca Etica\" \/>\n<meta property=\"og:url\" content=\"https:\/\/www.fiarebancaetica.coop\/gl\/persoas-socias\/organizacion-territorial-das-persoas-socias\/\" \/>\n<meta property=\"og:site_name\" content=\"Fiare Banca Etica\" \/>\n<meta property=\"article:modified_time\" content=\"2024-03-25T08:54:43+00:00\" \/>\n<meta name=\"twitter:card\" content=\"summary_large_image\" \/>\n<script type=\"application\/ld+json\" class=\"yoast-schema-graph\">{\"@context\":\"https:\/\/schema.org\",\"@graph\":[{\"@type\":\"WebPage\",\"@id\":\"https:\/\/www.fiarebancaetica.coop\/gl\/persoas-socias\/organizacion-territorial-das-persoas-socias\/\",\"url\":\"https:\/\/www.fiarebancaetica.coop\/gl\/persoas-socias\/organizacion-territorial-das-persoas-socias\/\",\"name\":\"Organizaci\u00f3n Territorial das Persoas Socias - Fiare Banca Etica\",\"isPartOf\":{\"@id\":\"https:\/\/www.fiarebancaetica.coop\/gl\/#website\"},\"datePublished\":\"2023-12-20T08:39:01+00:00\",\"dateModified\":\"2024-03-25T08:54:43+00:00\",\"breadcrumb\":{\"@id\":\"https:\/\/www.fiarebancaetica.coop\/gl\/persoas-socias\/organizacion-territorial-das-persoas-socias\/#breadcrumb\"},\"inLanguage\":\"gl-ES\",\"potentialAction\":[{\"@type\":\"ReadAction\",\"target\":[\"https:\/\/www.fiarebancaetica.coop\/gl\/persoas-socias\/organizacion-territorial-das-persoas-socias\/\"]}]},{\"@type\":\"BreadcrumbList\",\"@id\":\"https:\/\/www.fiarebancaetica.coop\/gl\/persoas-socias\/organizacion-territorial-das-persoas-socias\/#breadcrumb\",\"itemListElement\":[{\"@type\":\"ListItem\",\"position\":1,\"name\":\"Home\",\"item\":\"https:\/\/www.fiarebancaetica.coop\/gl\/\"},{\"@type\":\"ListItem\",\"position\":2,\"name\":\"Persoas socias\",\"item\":\"https:\/\/www.fiarebancaetica.coop\/gl\/persoas-socias\/\"},{\"@type\":\"ListItem\",\"position\":3,\"name\":\"Organizaci\u00f3n Territorial das Persoas Socias\"}]},{\"@type\":\"WebSite\",\"@id\":\"https:\/\/www.fiarebancaetica.coop\/gl\/#website\",\"url\":\"https:\/\/www.fiarebancaetica.coop\/gl\/\",\"name\":\"Fiare Banca Etica\",\"description\":\"\",\"potentialAction\":[{\"@type\":\"SearchAction\",\"target\":{\"@type\":\"EntryPoint\",\"urlTemplate\":\"https:\/\/www.fiarebancaetica.coop\/gl\/?s={search_term_string}\"},\"query-input\":{\"@type\":\"PropertyValueSpecification\",\"valueRequired\":true,\"valueName\":\"search_term_string\"}}],\"inLanguage\":\"gl-ES\"}]}<\/script>\n<!-- \/ Yoast SEO plugin. -->","yoast_head_json":{"title":"Organizaci\u00f3n Territorial das Persoas Socias - Fiare Banca Etica","robots":{"index":"index","follow":"follow","max-snippet":"max-snippet:-1","max-image-preview":"max-image-preview:large","max-video-preview":"max-video-preview:-1"},"canonical":"https:\/\/www.fiarebancaetica.coop\/gl\/persoas-socias\/organizacion-territorial-das-persoas-socias\/","og_locale":"gl_ES","og_type":"article","og_title":"Organizaci\u00f3n Territorial das Persoas Socias - Fiare Banca Etica","og_url":"https:\/\/www.fiarebancaetica.coop\/gl\/persoas-socias\/organizacion-territorial-das-persoas-socias\/","og_site_name":"Fiare Banca Etica","article_modified_time":"2024-03-25T08:54:43+00:00","twitter_card":"summary_large_image","schema":{"@context":"https:\/\/schema.org","@graph":[{"@type":"WebPage","@id":"https:\/\/www.fiarebancaetica.coop\/gl\/persoas-socias\/organizacion-territorial-das-persoas-socias\/","url":"https:\/\/www.fiarebancaetica.coop\/gl\/persoas-socias\/organizacion-territorial-das-persoas-socias\/","name":"Organizaci\u00f3n Territorial das Persoas Socias - Fiare Banca Etica","isPartOf":{"@id":"https:\/\/www.fiarebancaetica.coop\/gl\/#website"},"datePublished":"2023-12-20T08:39:01+00:00","dateModified":"2024-03-25T08:54:43+00:00","breadcrumb":{"@id":"https:\/\/www.fiarebancaetica.coop\/gl\/persoas-socias\/organizacion-territorial-das-persoas-socias\/#breadcrumb"},"inLanguage":"gl-ES","potentialAction":[{"@type":"ReadAction","target":["https:\/\/www.fiarebancaetica.coop\/gl\/persoas-socias\/organizacion-territorial-das-persoas-socias\/"]}]},{"@type":"BreadcrumbList","@id":"https:\/\/www.fiarebancaetica.coop\/gl\/persoas-socias\/organizacion-territorial-das-persoas-socias\/#breadcrumb","itemListElement":[{"@type":"ListItem","position":1,"name":"Home","item":"https:\/\/www.fiarebancaetica.coop\/gl\/"},{"@type":"ListItem","position":2,"name":"Persoas socias","item":"https:\/\/www.fiarebancaetica.coop\/gl\/persoas-socias\/"},{"@type":"ListItem","position":3,"name":"Organizaci\u00f3n Territorial das Persoas Socias"}]},{"@type":"WebSite","@id":"https:\/\/www.fiarebancaetica.coop\/gl\/#website","url":"https:\/\/www.fiarebancaetica.coop\/gl\/","name":"Fiare Banca Etica","description":"","potentialAction":[{"@type":"SearchAction","target":{"@type":"EntryPoint","urlTemplate":"https:\/\/www.fiarebancaetica.coop\/gl\/?s={search_term_string}"},"query-input":{"@type":"PropertyValueSpecification","valueRequired":true,"valueName":"search_term_string"}}],"inLanguage":"gl-ES"}]}},"_links":{"self":[{"href":"https:\/\/www.fiarebancaetica.coop\/gl\/wp-json\/wp\/v2\/pages\/324149","targetHints":{"allow":["GET"]}}],"collection":[{"href":"https:\/\/www.fiarebancaetica.coop\/gl\/wp-json\/wp\/v2\/pages"}],"about":[{"href":"https:\/\/www.fiarebancaetica.coop\/gl\/wp-json\/wp\/v2\/types\/page"}],"author":[{"embeddable":true,"href":"https:\/\/www.fiarebancaetica.coop\/gl\/wp-json\/wp\/v2\/users\/6693"}],"replies":[{"embeddable":true,"href":"https:\/\/www.fiarebancaetica.coop\/gl\/wp-json\/wp\/v2\/comments?post=324149"}],"version-history":[{"count":6,"href":"https:\/\/www.fiarebancaetica.coop\/gl\/wp-json\/wp\/v2\/pages\/324149\/revisions"}],"predecessor-version":[{"id":372467,"href":"https:\/\/www.fiarebancaetica.coop\/gl\/wp-json\/wp\/v2\/pages\/324149\/revisions\/372467"}],"up":[{"embeddable":true,"href":"https:\/\/www.fiarebancaetica.coop\/gl\/wp-json\/wp\/v2\/pages\/320362"}],"wp:attachment":[{"href":"https:\/\/www.fiarebancaetica.coop\/gl\/wp-json\/wp\/v2\/media?parent=324149"}],"wp:term":[{"taxonomy":"author","embeddable":true,"href":"https:\/\/www.fiarebancaetica.coop\/gl\/wp-json\/wp\/v2\/coauthors?post=324149"}],"curies":[{"name":"wp","href":"https:\/\/api.w.org\/{rel}","templated":true}]}}