{"id":324163,"date":"2023-12-20T10:12:49","date_gmt":"2023-12-20T09:12:49","guid":{"rendered":"https:\/\/www.fiarebancaetica.coop\/?page_id=324163"},"modified":"2024-04-17T15:08:19","modified_gmt":"2024-04-17T13:08:19","slug":"asociarse","status":"publish","type":"page","link":"https:\/\/www.fiarebancaetica.coop\/gl\/persoas-socias\/asociarse\/","title":{"rendered":"Asociarse"},"content":{"rendered":"\n<div class=\"wrapper-crispybacon-class wrapper-crispybacon-class-medium \">\n    \n\n<div class=\"wp-block-columns is-layout-flex wp-container-core-columns-is-layout-9d6595d7 wp-block-columns-is-layout-flex\">\n<div class=\"wp-block-column is-layout-flow wp-block-column-is-layout-flow\" style=\"flex-basis:50%\">\n<h1 class=\"is-style-lyon wp-block-heading\" id=\"block-31c95293-90c0-4527-9ac1-7f6b4b56d8fd\"><span class=\"has-inline-color has-red-color\">Asociarse<\/span><br>Asociarse \u00e9 dar un paso m\u00e1is<\/h1>\n\n\n\n<p>Chegou o momento de comprometerte coas t\u00faas ideas, de participar nun proxecto que comparte os teus principios, de facer que o teu di\u00f1eiro non s\u00f3 xere m\u00e1is di\u00f1eiro, sen\u00f3n que cree tam\u00e9n valor social.<\/p>\n<\/div>\n\n\n\n<div class=\"wp-block-column is-layout-flow wp-block-column-is-layout-flow\" style=\"flex-basis:50%\">\n<figure class=\"wp-block-image size-large\"><img loading=\"lazy\" decoding=\"async\" width=\"1024\" height=\"576\" src=\"http:\/\/www.fiarebancaetica.coop\/app\/uploads\/sites\/2\/2023\/11\/VISUALES_TODOS_socio-1024x576.png\" alt=\"\" class=\"wp-image-314743\" srcset=\"https:\/\/www.fiarebancaetica.coop\/app\/uploads\/sites\/2\/2023\/11\/VISUALES_TODOS_socio-1024x576.png 1024w, https:\/\/www.fiarebancaetica.coop\/app\/uploads\/sites\/2\/2023\/11\/VISUALES_TODOS_socio-300x169.png 300w, https:\/\/www.fiarebancaetica.coop\/app\/uploads\/sites\/2\/2023\/11\/VISUALES_TODOS_socio-768x432.png 768w, https:\/\/www.fiarebancaetica.coop\/app\/uploads\/sites\/2\/2023\/11\/VISUALES_TODOS_socio-1536x864.png 1536w, https:\/\/www.fiarebancaetica.coop\/app\/uploads\/sites\/2\/2023\/11\/VISUALES_TODOS_socio-640x360.png 640w, https:\/\/www.fiarebancaetica.coop\/app\/uploads\/sites\/2\/2023\/11\/VISUALES_TODOS_socio-400x225.png 400w, https:\/\/www.fiarebancaetica.coop\/app\/uploads\/sites\/2\/2023\/11\/VISUALES_TODOS_socio.png 1920w\" sizes=\"auto, (max-width: 1024px) 100vw, 1024px\" \/><\/figure>\n<\/div>\n<\/div>\n\n\n\n<hr class=\"wp-block-separator is-style-default\"\/>\n\n\n<\/div>\n\n\n<div class=\"wrapper-crispybacon-class wrapper-crispybacon-class-medium \">\n    \n\n<div class=\"wp-block-columns is-layout-flex wp-container-core-columns-is-layout-9d6595d7 wp-block-columns-is-layout-flex\">\n<div class=\"wp-block-column is-layout-flow wp-block-column-is-layout-flow\">\n<h4 class=\"wp-block-heading\"><strong><span class=\"has-inline-color has-blue-color\">Beneficios e participaci\u00f3n<\/span><\/strong><\/h4>\n\n\n\n<p>As persoas socias te\u00f1en dereito a intervir, por medio da Organizaci\u00f3n Territorial de Persoas Socias, no goberno do Banco e na toma de decisi\u00f3ns, para contribu\u00edr a plasmar as decisi\u00f3ns estrat\u00e9xicas ou propor candidaturas para os \u00f3rganos de goberno. A presenza activa nas circunscrici\u00f3ns permite \u00e1s persoas socias colaborar na promoci\u00f3n dos ideais do banco e no seu desenvolvemento no territorio.<strong> Para ser socio\/a o ampliar el capital social, debes ser cliente de <\/strong><a href=\"https:\/\/www.fiarebancaetica.coop\/gl\/particulares\/contas-correntes\/\" target=\"_blank\" rel=\"noreferrer noopener\"><strong>cuenta corriente<\/strong><\/a><strong> y adquirir acciones a trav\u00e9s de la Banca por Internet o a trav\u00e9s de tu gestor\/a de cuenta si eres una entidad.<\/strong><\/p>\n\n\n\n<div style=\"height:20px\" aria-hidden=\"true\" class=\"wp-block-spacer\"><\/div>\n\n\n\n<h4 class=\"wp-block-heading\"><strong><span class=\"has-inline-color has-blue-color\">Cales son os beneficios para as persoas socias?<\/span><\/strong><\/h4>\n\n\n\n<ul class=\"wp-block-list\"><li>Unha relaci\u00f3n baseada na <strong>mutualidade<\/strong>. A persoa socia forma parte dunha comunidade animada por compartir un proxecto e os seus valores fundamentais: de a\u00ed deriva o seu mutualismo, a reciprocidade e a solidariedade.<\/li><li>A <strong>utilidade social e ambiental<\/strong>. No C\u00f3digo \u00c9tico afirmamos que o obxectivo principal da nosa actividade emprendedora \u00e9 crear valor social e econ\u00f3mico, non maximizar as ganancias. En coherencia con este principio, decidimos non repartir beneficios aos\/\u00e1s accionistas, sen\u00f3n limit\u00e1rmonos a revalorizar as acci\u00f3ns para garantir que as persoas socias mante\u00f1en no tempo o valor investido. Fiare Banca Etica reparte beneficios sociais e ambientais, remunerando o capital investido en forma de patrimonio com\u00fan xerado, vantaxes achegadas \u00e1 comunidade e ao territorio, e unha maior solidez do proxecto de finanzas \u00e9ticas.<\/li><li><strong>Facilidades econ\u00f3micas<\/strong>. Reservamos para as persoas socias, contas correntes e empr\u00e9stitos en condici\u00f3ns m\u00e1is vantaxosas.<\/li><li>Unha <strong>participaci\u00f3n ampla<\/strong>. A persoa socia toma parte das decisi\u00f3ns do goberno do banco e alimenta o debate cultural sobre as finanzas \u00e9ticas.<\/li><li>A nosa <strong>vantaxe competitiva<\/strong> radica neste principio: a paix\u00f3n e a participaci\u00f3n das persoas socias, un mecanismo que xera <strong>confianza <\/strong>e contrib\u00fae \u00e1 <strong>viabilidade <\/strong>do mesmo banco.<\/li><\/ul>\n\n\n\n<div style=\"height:30px\" aria-hidden=\"true\" class=\"wp-block-spacer\"><\/div>\n\n\n\n<h4 class=\"wp-block-heading\"><strong><span class=\"has-inline-color has-blue-color\">Como participan as persoas socias?<\/span><\/strong><\/h4>\n\n\n\n<ul class=\"wp-block-list\"><li>A Asemblea Xeral de persoas socias.<\/li><li>F\u00f3rum de \u00c1rea: unha reuni\u00f3n-debate de dous d\u00edas entre as persoas coordinadoras dos GIT, as colaboradoras do banco e o Consello de Administraci\u00f3n.<\/li><li>A Organizaci\u00f3n Territorial das persoas socias: unha modalidade orixinal respecto do sistema bancario para conciliar e conxugar o valor da participaci\u00f3n \u00abcolectiva\u00bb coa responsabilidade dunha participaci\u00f3n social.<\/li><li>A Avaliaci\u00f3n Social: Fiare Banca Etica conta con comisi\u00f3ns de avaliaci\u00f3n \u00e9tico-social, \u00e9 dicir, grupos de persoas socias que axudan ao banco a realizar a auditor\u00eda socio-ambiental, a avaliaci\u00f3n t\u00e9cnica que acompa\u00f1a as solicitudes de financiamento.<\/li><li>O proxecto \u00abComunidade de acci\u00f3n\u00bb: \u00e9 a colaboraci\u00f3n entre sucursais e persoas socias&nbsp;organizadas no territorio para alcanzar obxectivos de desenvolvemento comercial e promoci\u00f3n cultural.<\/li><\/ul>\n<\/div>\n<\/div>\n\n\n<\/div>\n\n\n<div style=\"height:100px\" aria-hidden=\"true\" class=\"wp-block-spacer\"><\/div>\n","protected":false},"excerpt":{"rendered":"","protected":false},"author":6693,"featured_media":0,"parent":320362,"menu_order":0,"comment_status":"closed","ping_status":"closed","template":"","meta":{"_acf_changed":false,"footnotes":""},"coauthors":[10743],"class_list":["post-324163","page","type-page","status-publish","hentry","crispybacon-hidden-page-title"],"acf":[],"yoast_head":"<!-- This site is optimized with the Yoast SEO plugin v26.9 - https:\/\/yoast.com\/product\/yoast-seo-wordpress\/ -->\n<title>Fiare Banca Etica - Cales son os beneficios para as persoas socias?<\/title>\n<meta name=\"robots\" content=\"index, follow, max-snippet:-1, max-image-preview:large, max-video-preview:-1\" \/>\n<link rel=\"canonical\" href=\"https:\/\/www.fiarebancaetica.coop\/gl\/persoas-socias\/asociarse\/\" \/>\n<meta property=\"og:locale\" content=\"gl_ES\" \/>\n<meta property=\"og:type\" content=\"article\" \/>\n<meta property=\"og:title\" content=\"Fiare Banca Etica - Cales son os beneficios para as persoas socias?\" \/>\n<meta property=\"og:url\" content=\"https:\/\/www.fiarebancaetica.coop\/gl\/persoas-socias\/asociarse\/\" \/>\n<meta property=\"og:site_name\" content=\"Fiare Banca Etica\" \/>\n<meta property=\"article:modified_time\" content=\"2024-04-17T13:08:19+00:00\" \/>\n<meta property=\"og:image\" content=\"http:\/\/www.fiarebancaetica.coop\/app\/uploads\/sites\/2\/2023\/11\/VISUALES_TODOS_socio-1024x576.png\" \/>\n<meta name=\"twitter:card\" content=\"summary_large_image\" \/>\n<script type=\"application\/ld+json\" class=\"yoast-schema-graph\">{\"@context\":\"https:\/\/schema.org\",\"@graph\":[{\"@type\":\"WebPage\",\"@id\":\"https:\/\/www.fiarebancaetica.coop\/gl\/persoas-socias\/asociarse\/\",\"url\":\"https:\/\/www.fiarebancaetica.coop\/gl\/persoas-socias\/asociarse\/\",\"name\":\"Fiare Banca Etica - Cales son os beneficios para as persoas socias?\",\"isPartOf\":{\"@id\":\"https:\/\/www.fiarebancaetica.coop\/gl\/#website\"},\"primaryImageOfPage\":{\"@id\":\"https:\/\/www.fiarebancaetica.coop\/gl\/persoas-socias\/asociarse\/#primaryimage\"},\"image\":{\"@id\":\"https:\/\/www.fiarebancaetica.coop\/gl\/persoas-socias\/asociarse\/#primaryimage\"},\"thumbnailUrl\":\"http:\/\/www.fiarebancaetica.coop\/app\/uploads\/sites\/2\/2023\/11\/VISUALES_TODOS_socio-1024x576.png\",\"datePublished\":\"2023-12-20T09:12:49+00:00\",\"dateModified\":\"2024-04-17T13:08:19+00:00\",\"breadcrumb\":{\"@id\":\"https:\/\/www.fiarebancaetica.coop\/gl\/persoas-socias\/asociarse\/#breadcrumb\"},\"inLanguage\":\"gl-ES\",\"potentialAction\":[{\"@type\":\"ReadAction\",\"target\":[\"https:\/\/www.fiarebancaetica.coop\/gl\/persoas-socias\/asociarse\/\"]}]},{\"@type\":\"ImageObject\",\"inLanguage\":\"gl-ES\",\"@id\":\"https:\/\/www.fiarebancaetica.coop\/gl\/persoas-socias\/asociarse\/#primaryimage\",\"url\":\"http:\/\/www.fiarebancaetica.coop\/app\/uploads\/sites\/2\/2023\/11\/VISUALES_TODOS_socio-1024x576.png\",\"contentUrl\":\"http:\/\/www.fiarebancaetica.coop\/app\/uploads\/sites\/2\/2023\/11\/VISUALES_TODOS_socio-1024x576.png\"},{\"@type\":\"BreadcrumbList\",\"@id\":\"https:\/\/www.fiarebancaetica.coop\/gl\/persoas-socias\/asociarse\/#breadcrumb\",\"itemListElement\":[{\"@type\":\"ListItem\",\"position\":1,\"name\":\"Home\",\"item\":\"https:\/\/www.fiarebancaetica.coop\/gl\/\"},{\"@type\":\"ListItem\",\"position\":2,\"name\":\"Persoas socias\",\"item\":\"https:\/\/www.fiarebancaetica.coop\/gl\/persoas-socias\/\"},{\"@type\":\"ListItem\",\"position\":3,\"name\":\"Asociarse\"}]},{\"@type\":\"WebSite\",\"@id\":\"https:\/\/www.fiarebancaetica.coop\/gl\/#website\",\"url\":\"https:\/\/www.fiarebancaetica.coop\/gl\/\",\"name\":\"Fiare Banca Etica\",\"description\":\"\",\"potentialAction\":[{\"@type\":\"SearchAction\",\"target\":{\"@type\":\"EntryPoint\",\"urlTemplate\":\"https:\/\/www.fiarebancaetica.coop\/gl\/?s={search_term_string}\"},\"query-input\":{\"@type\":\"PropertyValueSpecification\",\"valueRequired\":true,\"valueName\":\"search_term_string\"}}],\"inLanguage\":\"gl-ES\"}]}<\/script>\n<!-- \/ Yoast SEO plugin. -->","yoast_head_json":{"title":"Fiare Banca Etica - Cales son os beneficios para as persoas socias?","robots":{"index":"index","follow":"follow","max-snippet":"max-snippet:-1","max-image-preview":"max-image-preview:large","max-video-preview":"max-video-preview:-1"},"canonical":"https:\/\/www.fiarebancaetica.coop\/gl\/persoas-socias\/asociarse\/","og_locale":"gl_ES","og_type":"article","og_title":"Fiare Banca Etica - Cales son os beneficios para as persoas socias?","og_url":"https:\/\/www.fiarebancaetica.coop\/gl\/persoas-socias\/asociarse\/","og_site_name":"Fiare Banca Etica","article_modified_time":"2024-04-17T13:08:19+00:00","og_image":[{"url":"http:\/\/www.fiarebancaetica.coop\/app\/uploads\/sites\/2\/2023\/11\/VISUALES_TODOS_socio-1024x576.png","type":"","width":"","height":""}],"twitter_card":"summary_large_image","schema":{"@context":"https:\/\/schema.org","@graph":[{"@type":"WebPage","@id":"https:\/\/www.fiarebancaetica.coop\/gl\/persoas-socias\/asociarse\/","url":"https:\/\/www.fiarebancaetica.coop\/gl\/persoas-socias\/asociarse\/","name":"Fiare Banca Etica - Cales son os beneficios para as persoas socias?","isPartOf":{"@id":"https:\/\/www.fiarebancaetica.coop\/gl\/#website"},"primaryImageOfPage":{"@id":"https:\/\/www.fiarebancaetica.coop\/gl\/persoas-socias\/asociarse\/#primaryimage"},"image":{"@id":"https:\/\/www.fiarebancaetica.coop\/gl\/persoas-socias\/asociarse\/#primaryimage"},"thumbnailUrl":"http:\/\/www.fiarebancaetica.coop\/app\/uploads\/sites\/2\/2023\/11\/VISUALES_TODOS_socio-1024x576.png","datePublished":"2023-12-20T09:12:49+00:00","dateModified":"2024-04-17T13:08:19+00:00","breadcrumb":{"@id":"https:\/\/www.fiarebancaetica.coop\/gl\/persoas-socias\/asociarse\/#breadcrumb"},"inLanguage":"gl-ES","potentialAction":[{"@type":"ReadAction","target":["https:\/\/www.fiarebancaetica.coop\/gl\/persoas-socias\/asociarse\/"]}]},{"@type":"ImageObject","inLanguage":"gl-ES","@id":"https:\/\/www.fiarebancaetica.coop\/gl\/persoas-socias\/asociarse\/#primaryimage","url":"http:\/\/www.fiarebancaetica.coop\/app\/uploads\/sites\/2\/2023\/11\/VISUALES_TODOS_socio-1024x576.png","contentUrl":"http:\/\/www.fiarebancaetica.coop\/app\/uploads\/sites\/2\/2023\/11\/VISUALES_TODOS_socio-1024x576.png"},{"@type":"BreadcrumbList","@id":"https:\/\/www.fiarebancaetica.coop\/gl\/persoas-socias\/asociarse\/#breadcrumb","itemListElement":[{"@type":"ListItem","position":1,"name":"Home","item":"https:\/\/www.fiarebancaetica.coop\/gl\/"},{"@type":"ListItem","position":2,"name":"Persoas socias","item":"https:\/\/www.fiarebancaetica.coop\/gl\/persoas-socias\/"},{"@type":"ListItem","position":3,"name":"Asociarse"}]},{"@type":"WebSite","@id":"https:\/\/www.fiarebancaetica.coop\/gl\/#website","url":"https:\/\/www.fiarebancaetica.coop\/gl\/","name":"Fiare Banca Etica","description":"","potentialAction":[{"@type":"SearchAction","target":{"@type":"EntryPoint","urlTemplate":"https:\/\/www.fiarebancaetica.coop\/gl\/?s={search_term_string}"},"query-input":{"@type":"PropertyValueSpecification","valueRequired":true,"valueName":"search_term_string"}}],"inLanguage":"gl-ES"}]}},"_links":{"self":[{"href":"https:\/\/www.fiarebancaetica.coop\/gl\/wp-json\/wp\/v2\/pages\/324163","targetHints":{"allow":["GET"]}}],"collection":[{"href":"https:\/\/www.fiarebancaetica.coop\/gl\/wp-json\/wp\/v2\/pages"}],"about":[{"href":"https:\/\/www.fiarebancaetica.coop\/gl\/wp-json\/wp\/v2\/types\/page"}],"author":[{"embeddable":true,"href":"https:\/\/www.fiarebancaetica.coop\/gl\/wp-json\/wp\/v2\/users\/6693"}],"replies":[{"embeddable":true,"href":"https:\/\/www.fiarebancaetica.coop\/gl\/wp-json\/wp\/v2\/comments?post=324163"}],"version-history":[{"count":7,"href":"https:\/\/www.fiarebancaetica.coop\/gl\/wp-json\/wp\/v2\/pages\/324163\/revisions"}],"predecessor-version":[{"id":373573,"href":"https:\/\/www.fiarebancaetica.coop\/gl\/wp-json\/wp\/v2\/pages\/324163\/revisions\/373573"}],"up":[{"embeddable":true,"href":"https:\/\/www.fiarebancaetica.coop\/gl\/wp-json\/wp\/v2\/pages\/320362"}],"wp:attachment":[{"href":"https:\/\/www.fiarebancaetica.coop\/gl\/wp-json\/wp\/v2\/media?parent=324163"}],"wp:term":[{"taxonomy":"author","embeddable":true,"href":"https:\/\/www.fiarebancaetica.coop\/gl\/wp-json\/wp\/v2\/coauthors?post=324163"}],"curies":[{"name":"wp","href":"https:\/\/api.w.org\/{rel}","templated":true}]}}