{"id":327148,"date":"2023-12-22T12:25:16","date_gmt":"2023-12-22T11:25:16","guid":{"rendered":"https:\/\/www.fiarebancaetica.coop\/?page_id=327148"},"modified":"2024-04-17T13:25:29","modified_gmt":"2024-04-17T11:25:29","slug":"balances","status":"publish","type":"page","link":"https:\/\/www.fiarebancaetica.coop\/gl\/identidade\/balances\/","title":{"rendered":"Balances"},"content":{"rendered":"\n<div class=\"wp-block-groupama-blocks-block-43\">\n    <div class=\"container-block\">\n                    <div class=\"container-image\">\n                                    <div class=\"content-title\">\n                        <h1 class=\"section-title\"> Balances. As\u00ed: en plural <\/h1>\n                    <\/div>\n                                <div class=\"image-wrapper\">\n                    <img decoding=\"async\" src=\"https:\/\/www.fiarebancaetica.coop\/app\/uploads\/sites\/2\/2023\/11\/VISUALES_TODOS_mision-1024x576.png\">\n                <\/div>\n            <\/div>\n        \n        <div class=\"two-columns\">\n                            <div class=\"col\">\n                    <h3 class=\"section-col-title\"> Balance Social <\/h3>\n                    <div class=\"section-col-content\"> <p><span style=\"font-weight: 400\">En coherencia cos <\/span><b>principios de transparencia, participaci\u00f3n e democracia<\/b><span style=\"font-weight: 400\"> que est\u00e1n na base da nosa actividade, redactamos e difundimos anualmente o Balance Social. A medici\u00f3n puntual dos obxectivos non-econ\u00f3micos conseguidos \u00e9 fundamental para Banca Etica, \u00e9 a nosa responsabilidade social de empresa.<\/span><\/p>\n <\/div>\n\n                                            <div class=\"select\">\n                            <select id=\"report-select\" class=\"sel\">\n                                <option value=\"\"> Seleccionar un ano<\/option>\n\n                                                                    <option class=\"sel-post\" value=\"375414\" data-id=\"375414\"> 2023 <\/option>\n                                                                    <option class=\"sel-post\" value=\"190645\" data-id=\"190645\"> 2022 <\/option>\n                                                                    <option class=\"sel-post\" value=\"315768\" data-id=\"315768\"> 2021 <\/option>\n                                                                    <option class=\"sel-post\" value=\"315769\" data-id=\"315769\"> 2020 <\/option>\n                                                                    <option class=\"sel-post\" value=\"315770\" data-id=\"315770\"> 2019 <\/option>\n                                                                    <option class=\"sel-post\" value=\"315771\" data-id=\"315771\"> 2018 <\/option>\n                                                                    <option class=\"sel-post\" value=\"315772\" data-id=\"315772\"> 2017 <\/option>\n                                                                    <option class=\"sel-post\" value=\"315773\" data-id=\"315773\"> 2016 <\/option>\n                                                                    <option class=\"sel-post\" value=\"315774\" data-id=\"315774\"> 2015 <\/option>\n                                                                    <option class=\"sel-post\" value=\"368321\" data-id=\"368321\"> 2014 <\/option>\n                                                            <\/select> \n                        <\/div>\n                    \n                    <div class=\"hidden-content hidden-content-report\"><\/div>\n                <\/div>\n            \n                            <div class=\"col\">\n                    <h3 class=\"section-col-title\"> Balance del Exercicio <\/h3>\n                    <div class=\"section-col-content\"> <p><span style=\"font-weight: 400\">Porque os obxectivos de Fiare Banca Etica non son s\u00f3 econ\u00f3micos, todos os anos publicamos tanto o Balance Contable como o Balance Social. Que xestionemos ben o di\u00f1eiro, o teu di\u00f1eiro ou o da t\u00faa entidade, \u00e9 imprescindible para levar a cabo a nosa pol\u00edtica social e conseguir os obxectivos que nos propomos. Para Fiare Banca Etica, o Balance do Exercicio \u00e9 un instrumento de an\u00e1lise non s\u00f3 da xesti\u00f3n, sen\u00f3n tam\u00e9n do contexto econ\u00f3mico, financeiro e socioambiental no que o banco est\u00e1 inmerso. O banco traballa a nivel local, mais \u00e9 moi consciente do impacto global da s\u00faa actividade.<\/span><\/p>\n<p><span style=\"font-weight: 400\">Desde este punto de vista, os resultados obtidos por Fiare Banca Etica at\u00e9 hoxe mostran como os beneficios alcanzados polo banco son froito dun traballo en rede e acaban constru\u00edndo unha sociedade mellor para toda a cidadan\u00eda.<\/span><\/p>\n<p><span style=\"font-weight: 400\">Podes atopar os balances de exercicios anteriores (en italiano)<\/span><a href=\"http:\/\/www.bancaetica.it\/bilanci\"><span style=\"font-weight: 400\"> aqu\u00ed<\/span><\/a><span style=\"font-weight: 400\">.<\/span><\/p>\n<ul id=\"block-930d06f0-c007-4a0e-bcc8-a3b0001f13ba\" class=\"block-editor-rich-text__editable block-editor-block-list__block wp-block is-selected rich-text\" role=\"group\" aria-label=\"Block: List\" data-block=\"930d06f0-c007-4a0e-bcc8-a3b0001f13ba\" data-type=\"core\/list\" data-title=\"List\"><\/ul>\n <\/div>\n\n                                            <div class=\"select\">\n                            <select id=\"balance-select\" class=\"sel\">\n                                <option value=\"\"> Seleccionar un ano<\/option>\n\n                                                                    <option class=\"sel-post\" value=\"386319\" data-id=\"386319\"> 2024 <\/option>\n                                                                    <option class=\"sel-post\" value=\"375272\" data-id=\"375272\"> 2023 <\/option>\n                                                                    <option class=\"sel-post\" value=\"368302\" data-id=\"368302\"> 2022 <\/option>\n                                                                    <option class=\"sel-post\" value=\"368304\" data-id=\"368304\"> 2021 <\/option>\n                                                                    <option class=\"sel-post\" value=\"368306\" data-id=\"368306\"> 2020 <\/option>\n                                                                    <option class=\"sel-post\" value=\"368308\" data-id=\"368308\"> 2019 <\/option>\n                                                                    <option class=\"sel-post\" value=\"368310\" data-id=\"368310\"> 2018 <\/option>\n                                                                    <option class=\"sel-post\" value=\"368312\" data-id=\"368312\"> 2017 <\/option>\n                                                                    <option class=\"sel-post\" value=\"368314\" data-id=\"368314\"> 2016 <\/option>\n                                                                    <option class=\"sel-post\" value=\"368316\" data-id=\"368316\"> 2015 <\/option>\n                                                            <\/select> \n                        <\/div>\n                    \n                    <div class=\"hidden-content hidden-content-balance\"><\/div>\n                <\/div>\n                    <\/div>\n    <\/div>\n<\/div>\n\n<script>\n\n(function ($)\n{\n    var balanceSelect = $('#balance-select');\n    var reportSelect = $('#report-select');\n\n    balanceSelect.on('change', function()\n    {\n        $.ajax({\n            type: 'POST',\n            url: BancaeticaBlocksBlocksBlocksAjax.ajaxurl,\n            data: {\n                action: 'show_balance_pdf',\n                _security: BancaeticaBlocksBlocksBlocksAjax.security,\n                selectedValue: $(this).find(':selected').data('id'),\n            },\n            success: function(response)\n            {\n                $('.hidden-content-balance').html(response);\n            },\n            error: function(error)\n            {\n                console.log(error);\n            }\n        });\n\n    });\n\n    reportSelect.on('change', function()\n    {\n        $.ajax({\n            type: 'POST',\n            url: BancaeticaBlocksBlocksBlocksAjax.ajaxurl,\n            data: {\n                action: 'show_social_report',\n                _security: BancaeticaBlocksBlocksBlocksAjax.security,\n                selectedValue: $(this).find(':selected').data('id'),\n            },\n            success: function(response)\n            {\n                $('.hidden-content-report').html(response);\n            },\n            error: function(error)\n            {\n                console.log(error);\n            }\n        });\n\n    });\n\n})(jQuery);\n    \n<\/script>\n","protected":false},"excerpt":{"rendered":"","protected":false},"author":6693,"featured_media":0,"parent":314818,"menu_order":0,"comment_status":"closed","ping_status":"closed","template":"","meta":{"_acf_changed":false,"footnotes":""},"coauthors":[10743],"class_list":["post-327148","page","type-page","status-publish","hentry","crispybacon-hidden-page-title"],"acf":[],"yoast_head":"<!-- This site is optimized with the Yoast SEO plugin v26.9 - https:\/\/yoast.com\/product\/yoast-seo-wordpress\/ -->\n<title>Fiare Banca Etica: Balance social, balance do exercicio<\/title>\n<meta name=\"robots\" content=\"index, follow, max-snippet:-1, max-image-preview:large, max-video-preview:-1\" \/>\n<link rel=\"canonical\" href=\"https:\/\/www.fiarebancaetica.coop\/gl\/identidade\/balances\/\" \/>\n<meta property=\"og:locale\" content=\"gl_ES\" \/>\n<meta property=\"og:type\" content=\"article\" \/>\n<meta property=\"og:title\" content=\"Fiare Banca Etica: Balance social, balance do exercicio\" \/>\n<meta property=\"og:url\" content=\"https:\/\/www.fiarebancaetica.coop\/gl\/identidade\/balances\/\" \/>\n<meta property=\"og:site_name\" content=\"Fiare Banca Etica\" \/>\n<meta property=\"article:modified_time\" content=\"2024-04-17T11:25:29+00:00\" \/>\n<meta name=\"twitter:card\" content=\"summary_large_image\" \/>\n<script type=\"application\/ld+json\" class=\"yoast-schema-graph\">{\"@context\":\"https:\/\/schema.org\",\"@graph\":[{\"@type\":\"WebPage\",\"@id\":\"https:\/\/www.fiarebancaetica.coop\/gl\/identidade\/balances\/\",\"url\":\"https:\/\/www.fiarebancaetica.coop\/gl\/identidade\/balances\/\",\"name\":\"Fiare Banca Etica: Balance social, balance do exercicio\",\"isPartOf\":{\"@id\":\"https:\/\/www.fiarebancaetica.coop\/gl\/#website\"},\"datePublished\":\"2023-12-22T11:25:16+00:00\",\"dateModified\":\"2024-04-17T11:25:29+00:00\",\"breadcrumb\":{\"@id\":\"https:\/\/www.fiarebancaetica.coop\/gl\/identidade\/balances\/#breadcrumb\"},\"inLanguage\":\"gl-ES\",\"potentialAction\":[{\"@type\":\"ReadAction\",\"target\":[\"https:\/\/www.fiarebancaetica.coop\/gl\/identidade\/balances\/\"]}]},{\"@type\":\"BreadcrumbList\",\"@id\":\"https:\/\/www.fiarebancaetica.coop\/gl\/identidade\/balances\/#breadcrumb\",\"itemListElement\":[{\"@type\":\"ListItem\",\"position\":1,\"name\":\"Home\",\"item\":\"https:\/\/www.fiarebancaetica.coop\/gl\/\"},{\"@type\":\"ListItem\",\"position\":2,\"name\":\"Identidade\",\"item\":\"https:\/\/www.fiarebancaetica.coop\/gl\/identidade\/\"},{\"@type\":\"ListItem\",\"position\":3,\"name\":\"Balances\"}]},{\"@type\":\"WebSite\",\"@id\":\"https:\/\/www.fiarebancaetica.coop\/gl\/#website\",\"url\":\"https:\/\/www.fiarebancaetica.coop\/gl\/\",\"name\":\"Fiare Banca Etica\",\"description\":\"\",\"potentialAction\":[{\"@type\":\"SearchAction\",\"target\":{\"@type\":\"EntryPoint\",\"urlTemplate\":\"https:\/\/www.fiarebancaetica.coop\/gl\/?s={search_term_string}\"},\"query-input\":{\"@type\":\"PropertyValueSpecification\",\"valueRequired\":true,\"valueName\":\"search_term_string\"}}],\"inLanguage\":\"gl-ES\"}]}<\/script>\n<!-- \/ Yoast SEO plugin. -->","yoast_head_json":{"title":"Fiare Banca Etica: Balance social, balance do exercicio","robots":{"index":"index","follow":"follow","max-snippet":"max-snippet:-1","max-image-preview":"max-image-preview:large","max-video-preview":"max-video-preview:-1"},"canonical":"https:\/\/www.fiarebancaetica.coop\/gl\/identidade\/balances\/","og_locale":"gl_ES","og_type":"article","og_title":"Fiare Banca Etica: Balance social, balance do exercicio","og_url":"https:\/\/www.fiarebancaetica.coop\/gl\/identidade\/balances\/","og_site_name":"Fiare Banca Etica","article_modified_time":"2024-04-17T11:25:29+00:00","twitter_card":"summary_large_image","schema":{"@context":"https:\/\/schema.org","@graph":[{"@type":"WebPage","@id":"https:\/\/www.fiarebancaetica.coop\/gl\/identidade\/balances\/","url":"https:\/\/www.fiarebancaetica.coop\/gl\/identidade\/balances\/","name":"Fiare Banca Etica: Balance social, balance do exercicio","isPartOf":{"@id":"https:\/\/www.fiarebancaetica.coop\/gl\/#website"},"datePublished":"2023-12-22T11:25:16+00:00","dateModified":"2024-04-17T11:25:29+00:00","breadcrumb":{"@id":"https:\/\/www.fiarebancaetica.coop\/gl\/identidade\/balances\/#breadcrumb"},"inLanguage":"gl-ES","potentialAction":[{"@type":"ReadAction","target":["https:\/\/www.fiarebancaetica.coop\/gl\/identidade\/balances\/"]}]},{"@type":"BreadcrumbList","@id":"https:\/\/www.fiarebancaetica.coop\/gl\/identidade\/balances\/#breadcrumb","itemListElement":[{"@type":"ListItem","position":1,"name":"Home","item":"https:\/\/www.fiarebancaetica.coop\/gl\/"},{"@type":"ListItem","position":2,"name":"Identidade","item":"https:\/\/www.fiarebancaetica.coop\/gl\/identidade\/"},{"@type":"ListItem","position":3,"name":"Balances"}]},{"@type":"WebSite","@id":"https:\/\/www.fiarebancaetica.coop\/gl\/#website","url":"https:\/\/www.fiarebancaetica.coop\/gl\/","name":"Fiare Banca Etica","description":"","potentialAction":[{"@type":"SearchAction","target":{"@type":"EntryPoint","urlTemplate":"https:\/\/www.fiarebancaetica.coop\/gl\/?s={search_term_string}"},"query-input":{"@type":"PropertyValueSpecification","valueRequired":true,"valueName":"search_term_string"}}],"inLanguage":"gl-ES"}]}},"_links":{"self":[{"href":"https:\/\/www.fiarebancaetica.coop\/gl\/wp-json\/wp\/v2\/pages\/327148","targetHints":{"allow":["GET"]}}],"collection":[{"href":"https:\/\/www.fiarebancaetica.coop\/gl\/wp-json\/wp\/v2\/pages"}],"about":[{"href":"https:\/\/www.fiarebancaetica.coop\/gl\/wp-json\/wp\/v2\/types\/page"}],"author":[{"embeddable":true,"href":"https:\/\/www.fiarebancaetica.coop\/gl\/wp-json\/wp\/v2\/users\/6693"}],"replies":[{"embeddable":true,"href":"https:\/\/www.fiarebancaetica.coop\/gl\/wp-json\/wp\/v2\/comments?post=327148"}],"version-history":[{"count":15,"href":"https:\/\/www.fiarebancaetica.coop\/gl\/wp-json\/wp\/v2\/pages\/327148\/revisions"}],"predecessor-version":[{"id":372134,"href":"https:\/\/www.fiarebancaetica.coop\/gl\/wp-json\/wp\/v2\/pages\/327148\/revisions\/372134"}],"up":[{"embeddable":true,"href":"https:\/\/www.fiarebancaetica.coop\/gl\/wp-json\/wp\/v2\/pages\/314818"}],"wp:attachment":[{"href":"https:\/\/www.fiarebancaetica.coop\/gl\/wp-json\/wp\/v2\/media?parent=327148"}],"wp:term":[{"taxonomy":"author","embeddable":true,"href":"https:\/\/www.fiarebancaetica.coop\/gl\/wp-json\/wp\/v2\/coauthors?post=327148"}],"curies":[{"name":"wp","href":"https:\/\/api.w.org\/{rel}","templated":true}]}}