{"id":357985,"date":"2024-01-11T09:12:29","date_gmt":"2024-01-11T08:12:29","guid":{"rendered":"https:\/\/www.fiarebancaetica.coop\/?page_id=357985"},"modified":"2024-04-17T13:49:44","modified_gmt":"2024-04-17T11:49:44","slug":"informe-de-impacto","status":"publish","type":"page","link":"https:\/\/www.fiarebancaetica.coop\/gl\/informe-de-impacto\/","title":{"rendered":"Informe de Impacto"},"content":{"rendered":"\n<div class=\"wp-block-groupama-blocks-block-43\">\n    <div class=\"container-block\">\n                    <div class=\"container-image\">\n                                    <div class=\"content-title\">\n                        <h1 class=\"section-title\"> Informe de impacto <\/h1>\n                    <\/div>\n                                <div class=\"image-wrapper\">\n                    <img decoding=\"async\" src=\"https:\/\/www.fiarebancaetica.coop\/app\/uploads\/sites\/2\/2023\/11\/VISUALES_TODOS_paraiso-1024x576.png\">\n                <\/div>\n            <\/div>\n        \n        <div class=\"block-97-columns\">\n                            <div class=\"col col-block-97\">\n                    <h3 class=\"section-col-title\"> Que \u00e9 o Informe de impacto? <\/h3>\n                    <div class=\"section-col-content\"> <p>Un dos nosos principios reitores \u00e9 \u00aba atenci\u00f3n \u00e1s consecuencias non-econ\u00f3micas das acci\u00f3ns econ\u00f3micas\u00bb. Por iso medimos a actividade de Banca Etica dende unha perspectiva econ\u00f3mica, social e ambiental.<\/p>\n<p>O Informe de impacto, que xa vai pola s\u00faa quinta edici\u00f3n, \u00e9 un documento que publicamos cada ano co obxectivo de medir os resultados de impacto ambiental, social e de bo goberno corporativo que xeran os cr\u00e9ditos concedidos por Banca Etica.<\/p>\n<p>Este espazo en li\u00f1a est\u00e1 \u00e1 t\u00faa disposici\u00f3n para co\u00f1ecer como facemos banca de maneira diferente, verificar os impactos da nosa actividade e participar no obxectivo de facer de Banca Etica unha empresa cada vez mellor e con capacidade de transformaci\u00f3n.<\/p>\n<p>&nbsp;<\/p>\n<p>&nbsp;<\/p>\n<h3 style=\"text-align: center\"><a href=\"https:\/\/www.fiarebancaetica.coop\/informe-de-impacto-2023\/?customize_changeset_uuid=#\/es\"><b>Le o informe de 2023<\/b><\/a><\/h3>\n<p>&nbsp;<\/p>\n<h3><b>Todos os nosos informes<\/b><\/h3>\n<p>Selecciona un ano e descubre todos os impactos ambientais, sociais e de gobernanza da actividade de Banca Etica.<\/p>\n<p>&nbsp;<\/p>\n <\/div>\n                        <div class=\"show-post\">\n                            <div class=\"select\">\n                                <select id=\"impatto-select\" class=\"sel\">\n                                    <option value=\"\"> Seleccionar un ano<\/option>\n                                                                            <option class=\"sel-post\" value=\"2025\" data-id=\"2025\"> 2025 <\/option>\n                                                                            <option class=\"sel-post\" value=\"2024\" data-id=\"2024\"> 2024 <\/option>\n                                                                            <option class=\"sel-post\" value=\"2023\" data-id=\"2023\"> 2023 <\/option>\n                                                                            <option class=\"sel-post\" value=\"2022\" data-id=\"2022\"> 2022 <\/option>\n                                                                            <option class=\"sel-post\" value=\"2021\" data-id=\"2021\"> 2021 <\/option>\n                                                                            <option class=\"sel-post\" value=\"2020\" data-id=\"2020\"> 2020 <\/option>\n                                                                    <\/select> \n                            <\/div>\n                        <\/div>\n                    <div class=\"hidden-content-report\"><\/div>\n                <\/div>\n                    <\/div>\n    <\/div>\n<\/div>\n\n<script>\n    (function ($)\n    {\n    var reportSelect = $('#impatto-select');\n\n    reportSelect.on('change', function()\n    {\n        $.ajax({\n            type: 'POST',\n            url: BancaeticaBlocksBlocksBlocksAjax.ajaxurl,\n            data: {\n                action: 'show_report_list',\n                _security: BancaeticaBlocksBlocksBlocksAjax.security,\n                selectedValue: $(this).find(':selected').data('id'),\n            },\n            success: function(response)\n            {\n                console.log(response)\n                $('.hidden-content-report').html(response);\n            },\n            error: function(error)\n            {\n                console.log(error);\n            }\n        });\n\n    });\n\n})(jQuery);\n\n<\/script>","protected":false},"excerpt":{"rendered":"","protected":false},"author":6693,"featured_media":0,"parent":0,"menu_order":0,"comment_status":"closed","ping_status":"closed","template":"","meta":{"_acf_changed":false,"footnotes":""},"coauthors":[10743],"class_list":["post-357985","page","type-page","status-publish","hentry","crispybacon-hidden-page-title"],"acf":[],"yoast_head":"<!-- This site is optimized with the Yoast SEO plugin v26.9 - https:\/\/yoast.com\/product\/yoast-seo-wordpress\/ -->\n<title>Informe de impacto - Que \u00e9 o informe de impacto? - Fiare Banca Etica<\/title>\n<meta name=\"robots\" content=\"index, follow, max-snippet:-1, max-image-preview:large, max-video-preview:-1\" \/>\n<link rel=\"canonical\" href=\"https:\/\/www.fiarebancaetica.coop\/gl\/informe-de-impacto\/\" \/>\n<meta property=\"og:locale\" content=\"gl_ES\" \/>\n<meta property=\"og:type\" content=\"article\" \/>\n<meta property=\"og:title\" content=\"Informe de impacto - Que \u00e9 o informe de impacto? - Fiare Banca Etica\" \/>\n<meta property=\"og:url\" content=\"https:\/\/www.fiarebancaetica.coop\/gl\/informe-de-impacto\/\" \/>\n<meta property=\"og:site_name\" content=\"Fiare Banca Etica\" \/>\n<meta property=\"article:modified_time\" content=\"2024-04-17T11:49:44+00:00\" \/>\n<meta name=\"twitter:card\" content=\"summary_large_image\" \/>\n<script type=\"application\/ld+json\" class=\"yoast-schema-graph\">{\"@context\":\"https:\/\/schema.org\",\"@graph\":[{\"@type\":\"WebPage\",\"@id\":\"https:\/\/www.fiarebancaetica.coop\/gl\/informe-de-impacto\/\",\"url\":\"https:\/\/www.fiarebancaetica.coop\/gl\/informe-de-impacto\/\",\"name\":\"Informe de impacto - Que \u00e9 o informe de impacto? - Fiare Banca Etica\",\"isPartOf\":{\"@id\":\"https:\/\/www.fiarebancaetica.coop\/gl\/#website\"},\"datePublished\":\"2024-01-11T08:12:29+00:00\",\"dateModified\":\"2024-04-17T11:49:44+00:00\",\"breadcrumb\":{\"@id\":\"https:\/\/www.fiarebancaetica.coop\/gl\/informe-de-impacto\/#breadcrumb\"},\"inLanguage\":\"gl-ES\",\"potentialAction\":[{\"@type\":\"ReadAction\",\"target\":[\"https:\/\/www.fiarebancaetica.coop\/gl\/informe-de-impacto\/\"]}]},{\"@type\":\"BreadcrumbList\",\"@id\":\"https:\/\/www.fiarebancaetica.coop\/gl\/informe-de-impacto\/#breadcrumb\",\"itemListElement\":[{\"@type\":\"ListItem\",\"position\":1,\"name\":\"Home\",\"item\":\"https:\/\/www.fiarebancaetica.coop\/gl\/\"},{\"@type\":\"ListItem\",\"position\":2,\"name\":\"Informe de Impacto\"}]},{\"@type\":\"WebSite\",\"@id\":\"https:\/\/www.fiarebancaetica.coop\/gl\/#website\",\"url\":\"https:\/\/www.fiarebancaetica.coop\/gl\/\",\"name\":\"Fiare Banca Etica\",\"description\":\"\",\"potentialAction\":[{\"@type\":\"SearchAction\",\"target\":{\"@type\":\"EntryPoint\",\"urlTemplate\":\"https:\/\/www.fiarebancaetica.coop\/gl\/?s={search_term_string}\"},\"query-input\":{\"@type\":\"PropertyValueSpecification\",\"valueRequired\":true,\"valueName\":\"search_term_string\"}}],\"inLanguage\":\"gl-ES\"}]}<\/script>\n<!-- \/ Yoast SEO plugin. -->","yoast_head_json":{"title":"Informe de impacto - Que \u00e9 o informe de impacto? - Fiare Banca Etica","robots":{"index":"index","follow":"follow","max-snippet":"max-snippet:-1","max-image-preview":"max-image-preview:large","max-video-preview":"max-video-preview:-1"},"canonical":"https:\/\/www.fiarebancaetica.coop\/gl\/informe-de-impacto\/","og_locale":"gl_ES","og_type":"article","og_title":"Informe de impacto - Que \u00e9 o informe de impacto? - Fiare Banca Etica","og_url":"https:\/\/www.fiarebancaetica.coop\/gl\/informe-de-impacto\/","og_site_name":"Fiare Banca Etica","article_modified_time":"2024-04-17T11:49:44+00:00","twitter_card":"summary_large_image","schema":{"@context":"https:\/\/schema.org","@graph":[{"@type":"WebPage","@id":"https:\/\/www.fiarebancaetica.coop\/gl\/informe-de-impacto\/","url":"https:\/\/www.fiarebancaetica.coop\/gl\/informe-de-impacto\/","name":"Informe de impacto - Que \u00e9 o informe de impacto? - Fiare Banca Etica","isPartOf":{"@id":"https:\/\/www.fiarebancaetica.coop\/gl\/#website"},"datePublished":"2024-01-11T08:12:29+00:00","dateModified":"2024-04-17T11:49:44+00:00","breadcrumb":{"@id":"https:\/\/www.fiarebancaetica.coop\/gl\/informe-de-impacto\/#breadcrumb"},"inLanguage":"gl-ES","potentialAction":[{"@type":"ReadAction","target":["https:\/\/www.fiarebancaetica.coop\/gl\/informe-de-impacto\/"]}]},{"@type":"BreadcrumbList","@id":"https:\/\/www.fiarebancaetica.coop\/gl\/informe-de-impacto\/#breadcrumb","itemListElement":[{"@type":"ListItem","position":1,"name":"Home","item":"https:\/\/www.fiarebancaetica.coop\/gl\/"},{"@type":"ListItem","position":2,"name":"Informe de Impacto"}]},{"@type":"WebSite","@id":"https:\/\/www.fiarebancaetica.coop\/gl\/#website","url":"https:\/\/www.fiarebancaetica.coop\/gl\/","name":"Fiare Banca Etica","description":"","potentialAction":[{"@type":"SearchAction","target":{"@type":"EntryPoint","urlTemplate":"https:\/\/www.fiarebancaetica.coop\/gl\/?s={search_term_string}"},"query-input":{"@type":"PropertyValueSpecification","valueRequired":true,"valueName":"search_term_string"}}],"inLanguage":"gl-ES"}]}},"_links":{"self":[{"href":"https:\/\/www.fiarebancaetica.coop\/gl\/wp-json\/wp\/v2\/pages\/357985","targetHints":{"allow":["GET"]}}],"collection":[{"href":"https:\/\/www.fiarebancaetica.coop\/gl\/wp-json\/wp\/v2\/pages"}],"about":[{"href":"https:\/\/www.fiarebancaetica.coop\/gl\/wp-json\/wp\/v2\/types\/page"}],"author":[{"embeddable":true,"href":"https:\/\/www.fiarebancaetica.coop\/gl\/wp-json\/wp\/v2\/users\/6693"}],"replies":[{"embeddable":true,"href":"https:\/\/www.fiarebancaetica.coop\/gl\/wp-json\/wp\/v2\/comments?post=357985"}],"version-history":[{"count":7,"href":"https:\/\/www.fiarebancaetica.coop\/gl\/wp-json\/wp\/v2\/pages\/357985\/revisions"}],"predecessor-version":[{"id":371156,"href":"https:\/\/www.fiarebancaetica.coop\/gl\/wp-json\/wp\/v2\/pages\/357985\/revisions\/371156"}],"wp:attachment":[{"href":"https:\/\/www.fiarebancaetica.coop\/gl\/wp-json\/wp\/v2\/media?parent=357985"}],"wp:term":[{"taxonomy":"author","embeddable":true,"href":"https:\/\/www.fiarebancaetica.coop\/gl\/wp-json\/wp\/v2\/coauthors?post=357985"}],"curies":[{"name":"wp","href":"https:\/\/api.w.org\/{rel}","templated":true}]}}