{"id":358050,"date":"2024-01-15T13:25:06","date_gmt":"2024-01-15T12:25:06","guid":{"rendered":"https:\/\/www.fiarebancaetica.coop\/?page_id=358050"},"modified":"2024-02-20T16:27:09","modified_gmt":"2024-02-20T15:27:09","slug":"libro-de-persoas-socias","status":"publish","type":"page","link":"https:\/\/www.fiarebancaetica.coop\/gl\/libro-de-persoas-socias\/","title":{"rendered":"Libro de Persoas Socias"},"content":{"rendered":"\n<div class=\"wrapper-crispybacon-class wrapper-crispybacon-class-medium \">\n    \n\n<h2 class=\"wp-block-heading\">Como solicitar o Libro de Persoas Socias?<\/h2>\n\n\n\n<p>As e os socios de Banca Etica poden solicitar a consulta do Libro de Persoas Socias enviando unha solicitude formal redactada en papel normal e asinado, acompa\u00f1ada dunha copia dun documento de identidade v\u00e1lido<\/p>\n\n\n\n<p>a) por carta ordinaria ou con confirmaci\u00f3n de entrega a Banca Etica \u2013 Ufficio Finanza, Via N. Tommaseo 7, 35131 Padova<br>b) por correo electr\u00f3nico, escribindo a finanza@pec.bancaetica.it<\/p>\n\n\n\n<p>Recibir\u00e1n en resposta \u00e1 s\u00faa solicitude a carta de indemnidade, que deber\u00e1n enviar asinada da mesma forma descrita anteriormente.<\/p>\n\n\n\n<p>Deseguido, o Banco facilitar\u00e1 os datos en soporte dixital: a documentaci\u00f3n en formato Excel enviarase ao enderezo de correo electr\u00f3nico que a persoa socia indicara na solicitude. Os datos que se facilitar\u00e1n son:<br>C\u00f3digo Persoal Xeral \u2013 Nome \u2013 N\u00famero de Acci\u00f3ns \u2013 Enderezo \u2013 C\u00f3digo postal \u2013 Localidade.<\/p>\n\n\n<\/div>","protected":false},"excerpt":{"rendered":"","protected":false},"author":6693,"featured_media":0,"parent":0,"menu_order":0,"comment_status":"closed","ping_status":"closed","template":"template-meetings.php","meta":{"_acf_changed":false,"footnotes":""},"coauthors":[10743],"class_list":["post-358050","page","type-page","status-publish","hentry","crispybacon-hidden-page-title"],"acf":[],"yoast_head":"<!-- This site is optimized with the Yoast SEO plugin v26.9 - https:\/\/yoast.com\/product\/yoast-seo-wordpress\/ -->\n<title>Libro de Persoas Socias - Fiare Banca Etica<\/title>\n<meta name=\"robots\" content=\"index, follow, max-snippet:-1, max-image-preview:large, max-video-preview:-1\" \/>\n<link rel=\"canonical\" href=\"https:\/\/www.fiarebancaetica.coop\/gl\/libro-de-persoas-socias\/\" \/>\n<meta property=\"og:locale\" content=\"gl_ES\" \/>\n<meta property=\"og:type\" content=\"article\" \/>\n<meta property=\"og:title\" content=\"Libro de Persoas Socias - Fiare Banca Etica\" \/>\n<meta property=\"og:url\" content=\"https:\/\/www.fiarebancaetica.coop\/gl\/libro-de-persoas-socias\/\" \/>\n<meta property=\"og:site_name\" content=\"Fiare Banca Etica\" \/>\n<meta property=\"article:modified_time\" content=\"2024-02-20T15:27:09+00:00\" \/>\n<meta name=\"twitter:card\" content=\"summary_large_image\" \/>\n<script type=\"application\/ld+json\" class=\"yoast-schema-graph\">{\"@context\":\"https:\/\/schema.org\",\"@graph\":[{\"@type\":\"WebPage\",\"@id\":\"https:\/\/www.fiarebancaetica.coop\/gl\/libro-de-persoas-socias\/\",\"url\":\"https:\/\/www.fiarebancaetica.coop\/gl\/libro-de-persoas-socias\/\",\"name\":\"Libro de Persoas Socias - Fiare Banca Etica\",\"isPartOf\":{\"@id\":\"https:\/\/www.fiarebancaetica.coop\/gl\/#website\"},\"datePublished\":\"2024-01-15T12:25:06+00:00\",\"dateModified\":\"2024-02-20T15:27:09+00:00\",\"breadcrumb\":{\"@id\":\"https:\/\/www.fiarebancaetica.coop\/gl\/libro-de-persoas-socias\/#breadcrumb\"},\"inLanguage\":\"gl-ES\",\"potentialAction\":[{\"@type\":\"ReadAction\",\"target\":[\"https:\/\/www.fiarebancaetica.coop\/gl\/libro-de-persoas-socias\/\"]}]},{\"@type\":\"BreadcrumbList\",\"@id\":\"https:\/\/www.fiarebancaetica.coop\/gl\/libro-de-persoas-socias\/#breadcrumb\",\"itemListElement\":[{\"@type\":\"ListItem\",\"position\":1,\"name\":\"Home\",\"item\":\"https:\/\/www.fiarebancaetica.coop\/gl\/\"},{\"@type\":\"ListItem\",\"position\":2,\"name\":\"Libro de Persoas Socias\"}]},{\"@type\":\"WebSite\",\"@id\":\"https:\/\/www.fiarebancaetica.coop\/gl\/#website\",\"url\":\"https:\/\/www.fiarebancaetica.coop\/gl\/\",\"name\":\"Fiare Banca Etica\",\"description\":\"\",\"potentialAction\":[{\"@type\":\"SearchAction\",\"target\":{\"@type\":\"EntryPoint\",\"urlTemplate\":\"https:\/\/www.fiarebancaetica.coop\/gl\/?s={search_term_string}\"},\"query-input\":{\"@type\":\"PropertyValueSpecification\",\"valueRequired\":true,\"valueName\":\"search_term_string\"}}],\"inLanguage\":\"gl-ES\"}]}<\/script>\n<!-- \/ Yoast SEO plugin. -->","yoast_head_json":{"title":"Libro de Persoas Socias - Fiare Banca Etica","robots":{"index":"index","follow":"follow","max-snippet":"max-snippet:-1","max-image-preview":"max-image-preview:large","max-video-preview":"max-video-preview:-1"},"canonical":"https:\/\/www.fiarebancaetica.coop\/gl\/libro-de-persoas-socias\/","og_locale":"gl_ES","og_type":"article","og_title":"Libro de Persoas Socias - Fiare Banca Etica","og_url":"https:\/\/www.fiarebancaetica.coop\/gl\/libro-de-persoas-socias\/","og_site_name":"Fiare Banca Etica","article_modified_time":"2024-02-20T15:27:09+00:00","twitter_card":"summary_large_image","schema":{"@context":"https:\/\/schema.org","@graph":[{"@type":"WebPage","@id":"https:\/\/www.fiarebancaetica.coop\/gl\/libro-de-persoas-socias\/","url":"https:\/\/www.fiarebancaetica.coop\/gl\/libro-de-persoas-socias\/","name":"Libro de Persoas Socias - Fiare Banca Etica","isPartOf":{"@id":"https:\/\/www.fiarebancaetica.coop\/gl\/#website"},"datePublished":"2024-01-15T12:25:06+00:00","dateModified":"2024-02-20T15:27:09+00:00","breadcrumb":{"@id":"https:\/\/www.fiarebancaetica.coop\/gl\/libro-de-persoas-socias\/#breadcrumb"},"inLanguage":"gl-ES","potentialAction":[{"@type":"ReadAction","target":["https:\/\/www.fiarebancaetica.coop\/gl\/libro-de-persoas-socias\/"]}]},{"@type":"BreadcrumbList","@id":"https:\/\/www.fiarebancaetica.coop\/gl\/libro-de-persoas-socias\/#breadcrumb","itemListElement":[{"@type":"ListItem","position":1,"name":"Home","item":"https:\/\/www.fiarebancaetica.coop\/gl\/"},{"@type":"ListItem","position":2,"name":"Libro de Persoas Socias"}]},{"@type":"WebSite","@id":"https:\/\/www.fiarebancaetica.coop\/gl\/#website","url":"https:\/\/www.fiarebancaetica.coop\/gl\/","name":"Fiare Banca Etica","description":"","potentialAction":[{"@type":"SearchAction","target":{"@type":"EntryPoint","urlTemplate":"https:\/\/www.fiarebancaetica.coop\/gl\/?s={search_term_string}"},"query-input":{"@type":"PropertyValueSpecification","valueRequired":true,"valueName":"search_term_string"}}],"inLanguage":"gl-ES"}]}},"_links":{"self":[{"href":"https:\/\/www.fiarebancaetica.coop\/gl\/wp-json\/wp\/v2\/pages\/358050","targetHints":{"allow":["GET"]}}],"collection":[{"href":"https:\/\/www.fiarebancaetica.coop\/gl\/wp-json\/wp\/v2\/pages"}],"about":[{"href":"https:\/\/www.fiarebancaetica.coop\/gl\/wp-json\/wp\/v2\/types\/page"}],"author":[{"embeddable":true,"href":"https:\/\/www.fiarebancaetica.coop\/gl\/wp-json\/wp\/v2\/users\/6693"}],"replies":[{"embeddable":true,"href":"https:\/\/www.fiarebancaetica.coop\/gl\/wp-json\/wp\/v2\/comments?post=358050"}],"version-history":[{"count":3,"href":"https:\/\/www.fiarebancaetica.coop\/gl\/wp-json\/wp\/v2\/pages\/358050\/revisions"}],"predecessor-version":[{"id":369810,"href":"https:\/\/www.fiarebancaetica.coop\/gl\/wp-json\/wp\/v2\/pages\/358050\/revisions\/369810"}],"wp:attachment":[{"href":"https:\/\/www.fiarebancaetica.coop\/gl\/wp-json\/wp\/v2\/media?parent=358050"}],"wp:term":[{"taxonomy":"author","embeddable":true,"href":"https:\/\/www.fiarebancaetica.coop\/gl\/wp-json\/wp\/v2\/coauthors?post=358050"}],"curies":[{"name":"wp","href":"https:\/\/api.w.org\/{rel}","templated":true}]}}