{"id":359740,"date":"2024-01-15T12:59:04","date_gmt":"2024-01-15T11:59:04","guid":{"rendered":"https:\/\/www.fiarebancaetica.coop\/?page_id=359740"},"modified":"2025-09-22T12:09:28","modified_gmt":"2025-09-22T10:09:28","slug":"login","status":"publish","type":"page","link":"https:\/\/www.fiarebancaetica.coop\/gl\/login\/","title":{"rendered":"Login"},"content":{"rendered":"\n<div class=\"block-83-accordion-wrapper login-accordion\">\n    \n\n<div class=\"block-84-accordion-left login-accordion__wrapper\">\n    <div class=\"block-84-accordion-left__title\">\n        <span class=\"block-85-accordion-right__title-label\">Xa podes gozar da nova Banca En li\u00f1a!<\/span> <span class=\"block-84-accordion-left__toggle login-accordion__toggler\"><i class=\"icon-circle-accordion\"><\/i><\/span>\n    <\/div>\n    <div class=\"block-84-accordion-left__content login-accordion__content\">\n        <div class=\"block-84-accordion-left__subtitle\"><\/div>\n        \n\n<p>Renovamos a nosa plataforma dixital para que xestionar as t\u00faas finanzas desde o ordenador ou a tableta sexa m\u00e1is sinxelo, \u00e1xil e seguro.<br>Cun dese\u00f1o moderno e intuitivo, a nova Banca En li\u00f1a ofr\u00e9ceche unha experiencia optimizada para que te\u00f1as todo o que necesitas nun mesmo lugar.<\/p>\n\n\n\n<p>ADVERTENCIA! Non comuniques nunca os teus c\u00f3digos de acceso \u00e1 banca por Internet.<br>Ningu\u00e9n de Banca Etica hache pedir que realices operaci\u00f3ns na conta. <a href=\"https:\/\/www.fiarebancaetica.coop\/prodotti\/seguridad\/\">M\u00e1is informaci\u00f3n<\/a>.<\/p>\n\n\n\n<div class=\"wp-block-bancaetica-blocks-blocks-block-10\"><div class=\"container-block container-block-frontend\"><div class=\"container-card\"><div class=\"three-columns\"><div class=\"col1\"><img decoding=\"async\" src=\"https:\/\/www.bancaetica.it\/app\/uploads\/2021\/11\/Cliente.png\" alt=\"Cliente\"\/><\/div><div class=\"col2\"><div class=\"wrapper-text-button wrapper-text-button-editor\"><div class=\"wrapper-text wrapper-text-editor\"><h3 class=\"section-title\">\u00c1rea Cliente<\/h3><\/div><div class=\"wrapper-cta wrapper-cta-editor\"><a href=\"https:\/\/accesoclientes.fiarebancaetica.coop\/CA-FRONT\/NBE\/web\/particulares-fiare\/#\/gl-ES\/login\">\u00c1rea Cliente<\/a><\/div><\/div><\/div><\/div><\/div><\/div><\/div>\n\n\n\n<div style=\"height:30px\" aria-hidden=\"true\" class=\"wp-block-spacer\"><\/div>\n\n\n\n<div class=\"wp-block-columns is-layout-flex wp-container-core-columns-is-layout-9d6595d7 wp-block-columns-is-layout-flex\">\n<div class=\"wp-block-column is-layout-flow wp-block-column-is-layout-flow\">\n<div class=\"wp-block-buttons is-horizontal is-content-justification-center is-layout-flex wp-container-core-buttons-is-layout-499968f5 wp-block-buttons-is-layout-flex\">\n<div class=\"wp-block-button\"><a class=\"wp-block-button__link has-blue-background-color has-background wp-element-button\" href=\"https:\/\/accesoclientes.fiarebancaetica.coop\/CA-FRONT\/NBE\/web\/particulares-fiare\/#\/es-ES\/login\" style=\"border-radius:50px\">\u00c1REA CLIENTE (CAT)<\/a><\/div>\n<\/div>\n<\/div>\n\n\n\n<div class=\"wp-block-column is-layout-flow wp-block-column-is-layout-flow\">\n<div class=\"wp-block-buttons is-horizontal is-content-justification-center is-layout-flex wp-container-core-buttons-is-layout-499968f5 wp-block-buttons-is-layout-flex\">\n<div class=\"wp-block-button\"><a class=\"wp-block-button__link has-blue-background-color has-background wp-element-button\" href=\"https:\/\/accesoclientes.fiarebancaetica.coop\/CA-FRONT\/NBE\/web\/particulares-fiare\/#\/ca-ES\/login\" style=\"border-radius:50px\">\u00c1REA CLIENTE (CAST)<\/a><\/div>\n<\/div>\n<\/div>\n\n\n\n<div class=\"wp-block-column is-layout-flow wp-block-column-is-layout-flow\">\n<div class=\"wp-block-buttons is-horizontal is-content-justification-center is-layout-flex wp-container-core-buttons-is-layout-499968f5 wp-block-buttons-is-layout-flex\">\n<div class=\"wp-block-button\"><a class=\"wp-block-button__link has-blue-background-color has-background wp-element-button\" href=\"https:\/\/accesoclientes.fiarebancaetica.coop\/CA-FRONT\/NBE\/web\/particulares-fiare\/#\/eu-ES\/login\" style=\"border-radius:50px\">\u00c1REA CLIENTE (EUS)<\/a><\/div>\n<\/div>\n<\/div>\n<\/div>\n\n\n\n<h3 class=\"wp-block-heading mb-0\">Precisas axuda?<\/h3>\n\n\n\n<p>En caso de d\u00fabida, contacta co servizo de Atenci\u00f3n ao cliente&nbsp;<strong><strong>900 897 963 | <\/strong><\/strong>91 334 6782 (bloquear tarxetas).<\/p>\n\n\n    <\/div>\n<\/div>\n\n\n\n<div class=\"block-85-accordion-right login-accordion__wrapper \">\n        <div class=\"block-85-accordion-right__title\">\n        <span class=\"block-85-accordion-right__title-label\"> Queres participar na comunidade en li\u00f1a das persoas socias? <\/span> <span class=\"block-85-accordion-right__toggle login-accordion__toggler\"><i class=\"icon-circle-accordion\"><\/i><\/span>\n    <\/div>\n    <div class=\"block-85-accordion-right__content login-accordion__content\">\n        \n                    <div class=\"block-85-accordion-right__subtitle\">Con\u00e9ctate ou rex\u00edstrate para entrar.<\/div>\n        \n        <a href=\"#\" class=\"btn-white dynamic-login-button block-85-accordion-right__button block-85-accordion-right__button--login\" data-sso-only=\"true\">Participa<\/a>\n\n        <div class=\"block-85-accordion-right__separator\"><\/div>\n\n                    <div class=\"block-85-accordion-right__registration-title\">A\u00ednda non tes as novas credenciais?<\/div>\n        \n                    <div class=\"block-85-accordion-right__registration-subtitle\">Introduce o teu DNI e elixe o teu contrasinal; enviar\u00e9mosche as credenciais por correo electr\u00f3nico<\/div>\n        \n        <a href=\"#\" class=\"dynamic-register-button block-85-accordion-right__button block-85-accordion-right__button--register\">Rex\u00edstrate<\/a>\n        \n\n<p><\/p>\n\n\n    <\/div>\n<\/div>\n\n\n<\/div>\n\n<script>\n    jQuery(document).ready(function($) {\n        if ($('.login-accordion__toggler').length) {\n            $('.login-accordion').on('click', '.login-accordion__toggler', function() {\n                $(this).closest('.login-accordion__wrapper').find('.login-accordion__content').slideToggle('slow');\n            });\n        }\n    });\n<\/script>\n\n\n\n        <div class=\"wp-block-bancaetica-blocks-blocks-block-02 \" style=\"background-color: #eaeaea;\">\n            <div class=\"container-block\">\n                <h3 class=\"section-content\" style=\"text-align: ;\">\n                    Non sabes como?                <\/h3>\n                <p class=\"section-paragraph\" style=\"text-align: ;\">\n                    Recompilamos as preguntas m\u00e1is frecuentes para axudarte a rexistrarte e acceder ao sitio                <\/p>\n                                <div class=\"cta btn-bg-blue with-margin\" style=\"background-color: #003087; border: none;\">\n                    <a href=\"\/gl\/faq\/\" target=\"_blank\" rel=\"noreferrer noopener\">LE AS FAQ<\/a>                <\/div>\n                            <\/div>\n        <\/div>\n\n        ","protected":false},"excerpt":{"rendered":"","protected":false},"author":6693,"featured_media":0,"parent":0,"menu_order":0,"comment_status":"closed","ping_status":"closed","template":"","meta":{"_acf_changed":false,"footnotes":""},"coauthors":[10743],"class_list":["post-359740","page","type-page","status-publish","hentry","crispybacon-hidden-page-title"],"acf":[],"yoast_head":"<!-- This site is optimized with the Yoast SEO plugin v26.9 - https:\/\/yoast.com\/product\/yoast-seo-wordpress\/ -->\n<title>Login - Fiare Banca Etica<\/title>\n<meta name=\"robots\" content=\"index, follow, max-snippet:-1, max-image-preview:large, max-video-preview:-1\" \/>\n<link rel=\"canonical\" href=\"https:\/\/www.fiarebancaetica.coop\/gl\/login\/\" \/>\n<meta property=\"og:locale\" content=\"gl_ES\" \/>\n<meta property=\"og:type\" content=\"article\" \/>\n<meta property=\"og:title\" content=\"Login - Fiare Banca Etica\" \/>\n<meta property=\"og:url\" content=\"https:\/\/www.fiarebancaetica.coop\/gl\/login\/\" \/>\n<meta property=\"og:site_name\" content=\"Fiare Banca Etica\" \/>\n<meta property=\"article:modified_time\" content=\"2025-09-22T10:09:28+00:00\" \/>\n<meta property=\"og:image\" content=\"https:\/\/www.bancaetica.it\/app\/uploads\/2021\/11\/Cliente.png\" \/>\n<meta name=\"twitter:card\" content=\"summary_large_image\" \/>\n<script type=\"application\/ld+json\" class=\"yoast-schema-graph\">{\"@context\":\"https:\/\/schema.org\",\"@graph\":[{\"@type\":\"WebPage\",\"@id\":\"https:\/\/www.fiarebancaetica.coop\/gl\/login\/\",\"url\":\"https:\/\/www.fiarebancaetica.coop\/gl\/login\/\",\"name\":\"Login - Fiare Banca Etica\",\"isPartOf\":{\"@id\":\"https:\/\/www.fiarebancaetica.coop\/gl\/#website\"},\"primaryImageOfPage\":{\"@id\":\"https:\/\/www.fiarebancaetica.coop\/gl\/login\/#primaryimage\"},\"image\":{\"@id\":\"https:\/\/www.fiarebancaetica.coop\/gl\/login\/#primaryimage\"},\"thumbnailUrl\":\"https:\/\/www.bancaetica.it\/app\/uploads\/2021\/11\/Cliente.png\",\"datePublished\":\"2024-01-15T11:59:04+00:00\",\"dateModified\":\"2025-09-22T10:09:28+00:00\",\"breadcrumb\":{\"@id\":\"https:\/\/www.fiarebancaetica.coop\/gl\/login\/#breadcrumb\"},\"inLanguage\":\"gl-ES\",\"potentialAction\":[{\"@type\":\"ReadAction\",\"target\":[\"https:\/\/www.fiarebancaetica.coop\/gl\/login\/\"]}]},{\"@type\":\"ImageObject\",\"inLanguage\":\"gl-ES\",\"@id\":\"https:\/\/www.fiarebancaetica.coop\/gl\/login\/#primaryimage\",\"url\":\"https:\/\/www.bancaetica.it\/app\/uploads\/2021\/11\/Cliente.png\",\"contentUrl\":\"https:\/\/www.bancaetica.it\/app\/uploads\/2021\/11\/Cliente.png\"},{\"@type\":\"BreadcrumbList\",\"@id\":\"https:\/\/www.fiarebancaetica.coop\/gl\/login\/#breadcrumb\",\"itemListElement\":[{\"@type\":\"ListItem\",\"position\":1,\"name\":\"Home\",\"item\":\"https:\/\/www.fiarebancaetica.coop\/gl\/\"},{\"@type\":\"ListItem\",\"position\":2,\"name\":\"Login\"}]},{\"@type\":\"WebSite\",\"@id\":\"https:\/\/www.fiarebancaetica.coop\/gl\/#website\",\"url\":\"https:\/\/www.fiarebancaetica.coop\/gl\/\",\"name\":\"Fiare Banca Etica\",\"description\":\"\",\"potentialAction\":[{\"@type\":\"SearchAction\",\"target\":{\"@type\":\"EntryPoint\",\"urlTemplate\":\"https:\/\/www.fiarebancaetica.coop\/gl\/?s={search_term_string}\"},\"query-input\":{\"@type\":\"PropertyValueSpecification\",\"valueRequired\":true,\"valueName\":\"search_term_string\"}}],\"inLanguage\":\"gl-ES\"}]}<\/script>\n<!-- \/ Yoast SEO plugin. -->","yoast_head_json":{"title":"Login - Fiare Banca Etica","robots":{"index":"index","follow":"follow","max-snippet":"max-snippet:-1","max-image-preview":"max-image-preview:large","max-video-preview":"max-video-preview:-1"},"canonical":"https:\/\/www.fiarebancaetica.coop\/gl\/login\/","og_locale":"gl_ES","og_type":"article","og_title":"Login - Fiare Banca Etica","og_url":"https:\/\/www.fiarebancaetica.coop\/gl\/login\/","og_site_name":"Fiare Banca Etica","article_modified_time":"2025-09-22T10:09:28+00:00","og_image":[{"url":"https:\/\/www.bancaetica.it\/app\/uploads\/2021\/11\/Cliente.png","type":"","width":"","height":""}],"twitter_card":"summary_large_image","schema":{"@context":"https:\/\/schema.org","@graph":[{"@type":"WebPage","@id":"https:\/\/www.fiarebancaetica.coop\/gl\/login\/","url":"https:\/\/www.fiarebancaetica.coop\/gl\/login\/","name":"Login - Fiare Banca Etica","isPartOf":{"@id":"https:\/\/www.fiarebancaetica.coop\/gl\/#website"},"primaryImageOfPage":{"@id":"https:\/\/www.fiarebancaetica.coop\/gl\/login\/#primaryimage"},"image":{"@id":"https:\/\/www.fiarebancaetica.coop\/gl\/login\/#primaryimage"},"thumbnailUrl":"https:\/\/www.bancaetica.it\/app\/uploads\/2021\/11\/Cliente.png","datePublished":"2024-01-15T11:59:04+00:00","dateModified":"2025-09-22T10:09:28+00:00","breadcrumb":{"@id":"https:\/\/www.fiarebancaetica.coop\/gl\/login\/#breadcrumb"},"inLanguage":"gl-ES","potentialAction":[{"@type":"ReadAction","target":["https:\/\/www.fiarebancaetica.coop\/gl\/login\/"]}]},{"@type":"ImageObject","inLanguage":"gl-ES","@id":"https:\/\/www.fiarebancaetica.coop\/gl\/login\/#primaryimage","url":"https:\/\/www.bancaetica.it\/app\/uploads\/2021\/11\/Cliente.png","contentUrl":"https:\/\/www.bancaetica.it\/app\/uploads\/2021\/11\/Cliente.png"},{"@type":"BreadcrumbList","@id":"https:\/\/www.fiarebancaetica.coop\/gl\/login\/#breadcrumb","itemListElement":[{"@type":"ListItem","position":1,"name":"Home","item":"https:\/\/www.fiarebancaetica.coop\/gl\/"},{"@type":"ListItem","position":2,"name":"Login"}]},{"@type":"WebSite","@id":"https:\/\/www.fiarebancaetica.coop\/gl\/#website","url":"https:\/\/www.fiarebancaetica.coop\/gl\/","name":"Fiare Banca Etica","description":"","potentialAction":[{"@type":"SearchAction","target":{"@type":"EntryPoint","urlTemplate":"https:\/\/www.fiarebancaetica.coop\/gl\/?s={search_term_string}"},"query-input":{"@type":"PropertyValueSpecification","valueRequired":true,"valueName":"search_term_string"}}],"inLanguage":"gl-ES"}]}},"_links":{"self":[{"href":"https:\/\/www.fiarebancaetica.coop\/gl\/wp-json\/wp\/v2\/pages\/359740","targetHints":{"allow":["GET"]}}],"collection":[{"href":"https:\/\/www.fiarebancaetica.coop\/gl\/wp-json\/wp\/v2\/pages"}],"about":[{"href":"https:\/\/www.fiarebancaetica.coop\/gl\/wp-json\/wp\/v2\/types\/page"}],"author":[{"embeddable":true,"href":"https:\/\/www.fiarebancaetica.coop\/gl\/wp-json\/wp\/v2\/users\/6693"}],"replies":[{"embeddable":true,"href":"https:\/\/www.fiarebancaetica.coop\/gl\/wp-json\/wp\/v2\/comments?post=359740"}],"version-history":[{"count":26,"href":"https:\/\/www.fiarebancaetica.coop\/gl\/wp-json\/wp\/v2\/pages\/359740\/revisions"}],"predecessor-version":[{"id":388702,"href":"https:\/\/www.fiarebancaetica.coop\/gl\/wp-json\/wp\/v2\/pages\/359740\/revisions\/388702"}],"wp:attachment":[{"href":"https:\/\/www.fiarebancaetica.coop\/gl\/wp-json\/wp\/v2\/media?parent=359740"}],"wp:term":[{"taxonomy":"author","embeddable":true,"href":"https:\/\/www.fiarebancaetica.coop\/gl\/wp-json\/wp\/v2\/coauthors?post=359740"}],"curies":[{"name":"wp","href":"https:\/\/api.w.org\/{rel}","templated":true}]}}