{"id":361548,"date":"2024-01-19T10:33:32","date_gmt":"2024-01-19T09:33:32","guid":{"rendered":"https:\/\/www.fiarebancaetica.coop\/?page_id=361548"},"modified":"2024-02-20T16:27:05","modified_gmt":"2024-02-20T15:27:05","slug":"newsletter","status":"publish","type":"page","link":"https:\/\/www.fiarebancaetica.coop\/gl\/newsletter\/","title":{"rendered":"Newsletter"},"content":{"rendered":"\n<div class=\"wp-block-bancaetica-blocks-block-101 newsletter-block\">\n            <h3 class=\"block-101-newsletter-title\">Subscr\u00edbete ao bolet\u00edn para recibir todas as novidades<\/h3>\n        <div class=\"block-101-newsletter-container\">\n        <!-- form -->\n        <div class=\"newsletter-form\">\n            <form class=\"form-fiare-newsletter\" id=\"newsletter-fiare\">\n                <div class=\"wrapper\">\n                    <div class=\"form-group form-group-name\">\n                        <input type=\"text\" name=\"nombre\" id=\"nombre\" class=\"required\" placeholder=\"Nome e apelidos *\" \/>\n                    <\/div>\n\n                    <div class=\"form-group form-group-mail\">\n                        <input type=\"email\" name=\"email\" id=\"email\" class=\"required\" placeholder=\"Correo electr\u00f3nico *\" \/>\n                    <\/div>\n                <\/div>\n                <div class=\"form-group form-group-privacy\">\n                    <div class=\"message-privacy\">\n                        <p><p><b>Informaci\u00f3n relativa ao artigo 13 do Regulamento (UE) 2016\/679.<\/b><\/p>\n<p>Consonte o art. 13 do Regulamento (UE) 2016\/679 (RXPD), inform\u00e1moste de que os teus datos persoais, que proporcionas libremente, ser\u00e1n tratados por Banca Popolare Etica Scpa (no sucesivo, \u00abo Banco\u00bb), con sede en Via Tommaseo, n.\u00ba 7 \u2013 Padua, responsable do seu tratamento, para procesar a t\u00faa solicitude de subscrici\u00f3n ao bolet\u00edn de novas. O consentimento pode ser revogado en calquera momento utilizando, cando estea presente, a ligaz\u00f3n apropiada inclu\u00edda en cada bolet\u00edn recibido ou contactando co Responsable dos datos. Lembra que a retirada do consentimento non afecta \u00e1 licitude do tratamento baseado no consentimento prestado antes da retirada. A subministraci\u00f3n dos teus datos \u00e9 gratu\u00edta; por\u00e9n, de non desexar proporcionalos, non ser\u00e1 posible continuar coa t\u00faa subscrici\u00f3n ao bolet\u00edn de novas. En relaci\u00f3n coas finalidades indicadas, o tratamento de datos ser\u00e1 realizado por persoal autorizado conforme o art. 29 do Regulamento (UE) 2016\/679, realizarase de forma que se garanta a seguridade e a confidencialidade, e poder\u00e1 realizarse por medios electr\u00f3nicos. Os datos que comunicas conservaranse s\u00f3 durante o tempo estritamente necesario para dar curso \u00e1 t\u00faa solicitude. Os datos persoais tam\u00e9n poder\u00e1n transmitirse a terceiros pa\u00edses, \u00e9 dicir, pa\u00edses non-pertencentes \u00e1 Uni\u00f3n Europea ou ao Espazo Econ\u00f3mico Europeo. Sexa como for, o Banco declara e garante que cumpre todo o disposto no cap\u00edtulo V do Regulamento (UE) 2016\/679, polo que a transmisi\u00f3n se realizar\u00e1 exclusivamente a terceiros pa\u00edses cuxo nivel de protecci\u00f3n dos datos persoais estea reco\u00f1ecido como axeitado pola Comisi\u00f3n Europea ou, en caso contrario, exclusivamente previa sinatura dunhas cl\u00e1usulas contractuais est\u00e1ndares dirixidas a garantir a protecci\u00f3n axeitada dos datos persoais obxecto de transmisi\u00f3n. Como alternativa, poderase valorar a aplicaci\u00f3n dunha das derrogaci\u00f3ns previstas no art. 49 do RXPD. Finalmente, lembr\u00e1moste que, segundo o estipulado no art. 15 e seguintes do RXPD, tes dereito a recibir confirmaci\u00f3n da existencia ou non daqueles datos relacionados contigo e do acceso aos mesmos, a que se te indique a orixe, a finalidade e a modalidade do seu tratamento, \u00e1 actualizaci\u00f3n, rectificaci\u00f3n, integraci\u00f3n e portabilidade dos datos, as\u00ed como \u00e1 cancelaci\u00f3n destes se se tratasen violando as leis ou sempre que se dea un dos motivos especificados no art. 17 do RXPD. Para exercer os dereitos contemplados no art. 15 e seguintes, as\u00ed como para recibir m\u00e1is informaci\u00f3n sobre o tratamento dos teus datos persoais, podes dirixirte directamente \u00e1s nosas oficinas ou enviar unha solicitude por escrito a trav\u00e9s do m\u00f3dulo dispo\u00f1ible no sitio web do Banco, no apartado \u00abPrivacidade e pol\u00edtica de cookies\u00bb \u00e1 atenci\u00f3n da persoa responsable de Protecci\u00f3n de Datos (<i>Data Protection Officer<\/i>): DPO@bancaetica.com. En caso de observar unha violaci\u00f3n no tratamento dos teus datos persoais (como a inclusi\u00f3n dos teus datos persoais nunha listaxe de correo ou na p\u00e1xina web do Banco), poder\u00e1s presentar unha reclamaci\u00f3n formal na Oficina de Reclamaci\u00f3ns \u2013 Servizo de Asistencia Legal \u2013 Via Tommaseo, n.\u00ba\u00a07 \u2013 IT-35131 Padua \u2013 reclami@bancaetica.com. Inform\u00e1moste de que o prazo de resposta ap\u00f3s a presentaci\u00f3n da t\u00faa solicitude, segundo o art. 15 e seguintes, \u00e9 dun (1) mes, prorrogable a dous (2) meses en casos de especial complexidade; nestes casos, o Banco enviarache cando menos unha comunicaci\u00f3n de tramitaci\u00f3n no prazo dun (1) mes, inform\u00e1ndote da aceptaci\u00f3n a tr\u00e1mite da devandita solicitude. De considerar que o tratamento dos teus datos por parte do Responsable incumpre o RXPD, poder\u00e1s presentar unha reclamaci\u00f3n perante a autoridade de control.<\/p>\n<\/p>\n                    <\/div>\n                <\/div>\n                <div class=\"wrapper-checkbox\">\n                    <div class=\"checkbox-wrapper\">\n                        <input type=\"checkbox\" name=\"privacyCheck\" id=\"privacyCheck\" \/>\n                        <label for=\"privacyCheck\" class=\"checkbox\"> Despois de ler a pol\u00edtica de privacidade anterior, dou o meu consentimento para recibir o bolet\u00edn *                        <\/label>\n                    <\/div>\n                    <p>(*) Os campos marcados cun asterisco son obrigatorios.<\/p>\n                <\/div>\n                <div class=\"wrapper large\">\n                    <div class=\"h-captcha-wrapper\">\n                        \t\t<input\n\t\t\t\ttype=\"hidden\"\n\t\t\t\tclass=\"hcaptcha-widget-id\"\n\t\t\t\tname=\"hcaptcha-widget-id\"\n\t\t\t\tvalue=\"eyJzb3VyY2UiOltdLCJmb3JtX2lkIjowfQ==-6fbed7a4c22e180d76094d6b2203e7e0\">\n\t\t\t\t<h-captcha\n\t\t\tclass=\"h-captcha\"\n\t\t\tdata-sitekey=\"756f2bfc-793f-4782-81b8-376fbff03ec7\"\n\t\t\tdata-theme=\"light\"\n\t\t\tdata-size=\"normal\"\n\t\t\tdata-auto=\"true\"\n\t\t\tdata-ajax=\"false\"\n\t\t\tdata-force=\"false\">\n\t\t<\/h-captcha>\n\t\t<input type=\"hidden\" id=\"hcaptcha_nonce\" name=\"hcaptcha_nonce\" value=\"1c96a8cfc7\" \/><input type=\"hidden\" name=\"_wp_http_referer\" value=\"\/gl\/wp-json\/wp\/v2\/pages\/361548\" \/>                    <\/div>\n                <\/div>\n\n                <div class=\"submit-loading wrapper large\">\n                    <div class=\"loader la-ball-beat la-dark\"><div><\/div><div><\/div><div><\/div><\/div>\n                    <button class=\"submit-newsletter-fiare\" type=\"submit\" disabled>Suscribirse<\/button>\n                <\/div>\n            <\/form> <!-- end <form> -->      \n\n            <div class=\"risultato\"><\/div>\n\n        <\/div><!-- end .newsletter-form -->\n        \n        <div class=\"newsletter-image\">\n                            <img decoding=\"async\" src=\"https:\/\/www.fiarebancaetica.coop\/app\/uploads\/sites\/2\/2024\/01\/VISUALES_TODOS_financiacion-1.png\" \/>\n                    <\/div>\n    <\/div>\n<\/div>\n\n\n\n\n<script>\n    (function($) {\n        \/\/Ajax send email\n        $(document).ready(function() {\n\n            $('.submit-newsletter-fiare').attr('disabled', true);\n            checkInput();\n\n            function checkInput() {\n                $('input[name=\"nombre\"], input[name=\"email\"]').on('keyup', function() {\n                    $('.submit-newsletter-fiare').attr('disabled', false);\n                });\n            }\n\n            function validateForm(form) {\n                var validForm = true;\n\n                form.find('input[name=\"nombre\"], input[name=\"email\"], input[name=\"privacyCheck\"]').each(function() {\n                    if ($(this).val() == null || $(this).val() === '' || $(this).val() == false) {\n                        $(this).addClass('invalid-input');\n                        validForm = false;\n                    }\n                });\n\n                return validForm;\n            }\n\n            function clearErrors() {\n                $('input[name=\"nombre\"], input[name=\"email\"], input[name=\"privacyCheck\"]').removeClass('invalid-input');\n            }\n            \n            $('#newsletter-fiare').on('submit', function (e) {\n                e.preventDefault();\n                var form = $(this);\n                var formData = new FormData(this);\n\n                if (validateForm(form)) {\n                    clearErrors();\n\n                    formData.append('action', 'newsletter_mailchimp');\n                    captchaResponse = $('textarea[name=\"h-captcha-response\"').val();\n                    formData.append('h-captcha-response', captchaResponse);\n\n                    if(captchaResponse && captchaResponse !== ''){\n                        $.ajax({\n                            type: 'POST',\n                            url: CbwptAjax.ajaxurl,\n                            data: formData,\n                            processData: false,\n                            contentType: false,\n                            success: function(response) {\n                                $('.risultato').append(response);\n                                setTimeout(function() {\n                                    $('.risultato').fadeOut();\n                                }, 15000);\n                                $('html, body').animate({\n                                    scrollTop: $('.risultato').offset().top - 300\n                                }, 1000);\n                                $('#newsletter-fiare')[0].reset();\n                                $('.submit-newsletter-fiare').attr('disabled', true);\n                            },\n                        });\n                    }\n                }\n            });\n\n        })\n    })(jQuery);\n<\/script>","protected":false},"excerpt":{"rendered":"","protected":false},"author":6693,"featured_media":0,"parent":0,"menu_order":0,"comment_status":"closed","ping_status":"closed","template":"","meta":{"_acf_changed":false,"footnotes":""},"coauthors":[10743],"class_list":["post-361548","page","type-page","status-publish","hentry","crispybacon-hidden-page-title"],"acf":[],"yoast_head":"<!-- This site is optimized with the Yoast SEO plugin v26.9 - https:\/\/yoast.com\/product\/yoast-seo-wordpress\/ -->\n<title>Newsletter - Fiare Banca Etica<\/title>\n<meta name=\"robots\" content=\"index, follow, max-snippet:-1, max-image-preview:large, max-video-preview:-1\" \/>\n<link rel=\"canonical\" href=\"https:\/\/www.fiarebancaetica.coop\/gl\/newsletter\/\" \/>\n<meta property=\"og:locale\" content=\"gl_ES\" \/>\n<meta property=\"og:type\" content=\"article\" \/>\n<meta property=\"og:title\" content=\"Newsletter - Fiare Banca Etica\" \/>\n<meta property=\"og:url\" content=\"https:\/\/www.fiarebancaetica.coop\/gl\/newsletter\/\" \/>\n<meta property=\"og:site_name\" content=\"Fiare Banca Etica\" \/>\n<meta property=\"article:modified_time\" content=\"2024-02-20T15:27:05+00:00\" \/>\n<meta name=\"twitter:card\" content=\"summary_large_image\" \/>\n<script type=\"application\/ld+json\" class=\"yoast-schema-graph\">{\"@context\":\"https:\/\/schema.org\",\"@graph\":[{\"@type\":\"WebPage\",\"@id\":\"https:\/\/www.fiarebancaetica.coop\/gl\/newsletter\/\",\"url\":\"https:\/\/www.fiarebancaetica.coop\/gl\/newsletter\/\",\"name\":\"Newsletter - Fiare Banca Etica\",\"isPartOf\":{\"@id\":\"https:\/\/www.fiarebancaetica.coop\/gl\/#website\"},\"datePublished\":\"2024-01-19T09:33:32+00:00\",\"dateModified\":\"2024-02-20T15:27:05+00:00\",\"breadcrumb\":{\"@id\":\"https:\/\/www.fiarebancaetica.coop\/gl\/newsletter\/#breadcrumb\"},\"inLanguage\":\"gl-ES\",\"potentialAction\":[{\"@type\":\"ReadAction\",\"target\":[\"https:\/\/www.fiarebancaetica.coop\/gl\/newsletter\/\"]}]},{\"@type\":\"BreadcrumbList\",\"@id\":\"https:\/\/www.fiarebancaetica.coop\/gl\/newsletter\/#breadcrumb\",\"itemListElement\":[{\"@type\":\"ListItem\",\"position\":1,\"name\":\"Home\",\"item\":\"https:\/\/www.fiarebancaetica.coop\/gl\/\"},{\"@type\":\"ListItem\",\"position\":2,\"name\":\"Newsletter\"}]},{\"@type\":\"WebSite\",\"@id\":\"https:\/\/www.fiarebancaetica.coop\/gl\/#website\",\"url\":\"https:\/\/www.fiarebancaetica.coop\/gl\/\",\"name\":\"Fiare Banca Etica\",\"description\":\"\",\"potentialAction\":[{\"@type\":\"SearchAction\",\"target\":{\"@type\":\"EntryPoint\",\"urlTemplate\":\"https:\/\/www.fiarebancaetica.coop\/gl\/?s={search_term_string}\"},\"query-input\":{\"@type\":\"PropertyValueSpecification\",\"valueRequired\":true,\"valueName\":\"search_term_string\"}}],\"inLanguage\":\"gl-ES\"}]}<\/script>\n<!-- \/ Yoast SEO plugin. -->","yoast_head_json":{"title":"Newsletter - Fiare Banca Etica","robots":{"index":"index","follow":"follow","max-snippet":"max-snippet:-1","max-image-preview":"max-image-preview:large","max-video-preview":"max-video-preview:-1"},"canonical":"https:\/\/www.fiarebancaetica.coop\/gl\/newsletter\/","og_locale":"gl_ES","og_type":"article","og_title":"Newsletter - Fiare Banca Etica","og_url":"https:\/\/www.fiarebancaetica.coop\/gl\/newsletter\/","og_site_name":"Fiare Banca Etica","article_modified_time":"2024-02-20T15:27:05+00:00","twitter_card":"summary_large_image","schema":{"@context":"https:\/\/schema.org","@graph":[{"@type":"WebPage","@id":"https:\/\/www.fiarebancaetica.coop\/gl\/newsletter\/","url":"https:\/\/www.fiarebancaetica.coop\/gl\/newsletter\/","name":"Newsletter - Fiare Banca Etica","isPartOf":{"@id":"https:\/\/www.fiarebancaetica.coop\/gl\/#website"},"datePublished":"2024-01-19T09:33:32+00:00","dateModified":"2024-02-20T15:27:05+00:00","breadcrumb":{"@id":"https:\/\/www.fiarebancaetica.coop\/gl\/newsletter\/#breadcrumb"},"inLanguage":"gl-ES","potentialAction":[{"@type":"ReadAction","target":["https:\/\/www.fiarebancaetica.coop\/gl\/newsletter\/"]}]},{"@type":"BreadcrumbList","@id":"https:\/\/www.fiarebancaetica.coop\/gl\/newsletter\/#breadcrumb","itemListElement":[{"@type":"ListItem","position":1,"name":"Home","item":"https:\/\/www.fiarebancaetica.coop\/gl\/"},{"@type":"ListItem","position":2,"name":"Newsletter"}]},{"@type":"WebSite","@id":"https:\/\/www.fiarebancaetica.coop\/gl\/#website","url":"https:\/\/www.fiarebancaetica.coop\/gl\/","name":"Fiare Banca Etica","description":"","potentialAction":[{"@type":"SearchAction","target":{"@type":"EntryPoint","urlTemplate":"https:\/\/www.fiarebancaetica.coop\/gl\/?s={search_term_string}"},"query-input":{"@type":"PropertyValueSpecification","valueRequired":true,"valueName":"search_term_string"}}],"inLanguage":"gl-ES"}]}},"_links":{"self":[{"href":"https:\/\/www.fiarebancaetica.coop\/gl\/wp-json\/wp\/v2\/pages\/361548","targetHints":{"allow":["GET"]}}],"collection":[{"href":"https:\/\/www.fiarebancaetica.coop\/gl\/wp-json\/wp\/v2\/pages"}],"about":[{"href":"https:\/\/www.fiarebancaetica.coop\/gl\/wp-json\/wp\/v2\/types\/page"}],"author":[{"embeddable":true,"href":"https:\/\/www.fiarebancaetica.coop\/gl\/wp-json\/wp\/v2\/users\/6693"}],"replies":[{"embeddable":true,"href":"https:\/\/www.fiarebancaetica.coop\/gl\/wp-json\/wp\/v2\/comments?post=361548"}],"version-history":[{"count":5,"href":"https:\/\/www.fiarebancaetica.coop\/gl\/wp-json\/wp\/v2\/pages\/361548\/revisions"}],"predecessor-version":[{"id":369807,"href":"https:\/\/www.fiarebancaetica.coop\/gl\/wp-json\/wp\/v2\/pages\/361548\/revisions\/369807"}],"wp:attachment":[{"href":"https:\/\/www.fiarebancaetica.coop\/gl\/wp-json\/wp\/v2\/media?parent=361548"}],"wp:term":[{"taxonomy":"author","embeddable":true,"href":"https:\/\/www.fiarebancaetica.coop\/gl\/wp-json\/wp\/v2\/coauthors?post=361548"}],"curies":[{"name":"wp","href":"https:\/\/api.w.org\/{rel}","templated":true}]}}