{"id":378925,"date":"2024-10-08T10:18:22","date_gmt":"2024-10-08T08:18:22","guid":{"rendered":"https:\/\/www.fiarebancaetica.coop\/rompeycelebra\/"},"modified":"2024-11-19T09:19:35","modified_gmt":"2024-11-19T08:19:35","slug":"rompeycelebra","status":"publish","type":"page","link":"https:\/\/www.fiarebancaetica.coop\/gl\/rompeycelebra\/","title":{"rendered":"Rompe e celebra"},"content":{"rendered":"\n\n<div class=\"wp-block-bancaetica-blocks-blocks-block-49\">\n    <div class=\"container-block-49\">\n\n        <div class=\"header-section \">\n                                            <\/div>\n\n        \n        <div class=\"block-background\" style=\"background-image: url('https:\/\/www.fiarebancaetica.coop\/app\/uploads\/sites\/2\/2024\/10\/Landing_RompeYCelebra_1920x444-1-2.jpg')\">\n                            <div class=\"tile\">\n                    <h1 class=\"image-title\">     <\/h1>\n                <\/div>             <!-- end .tile -->\n            <div class=\"bottom-content\">\n                            <\/div> <!-- end .button-content -->\n        <\/div> <!-- end .block-background -->\n    <\/div> <!-- end .container -->\n<\/div> <!-- end wp-block-bancaetica-blocks-blocks-block-06 -->\n\n\n<h1 class=\"wp-block-heading has-text-align-center\" style=\"font-size:73px\"><strong><mark style=\"background-color:rgba(0, 0, 0, 0)\" class=\"has-inline-color has-blue-color\">Rompe e Celebra<\/mark><\/strong><\/h1>\n\n\n\n<div class=\"wrapper-crispybacon-class wrapper-crispybacon-class-large \">\n    \n\n    <figure class=\"wp-block-embed is-type-rich is-provider-handler-delloggetto-incorporato wp-block-embed-handler-delloggetto-incorporato wp-embed-aspect-16-9 wp-has-aspect-ratio\">\n        <div class=\"wp-block-embed__wrapper  aligncenter\">\n            <iframe type=\"text\/plain\" class=\"_iub_cs_activate\" width=\"640\" height=\"360\" data-suppressedsrc=\"https:\/\/www.youtube.com\/embed\/BKPIydtqGzM\" title=\"\" frameborder=\"0\" allow=\"accelerometer; autoplay; clipboard-write; encrypted-media; gyroscope; picture-in-picture\" allowfullscreen data-iub-purposes=\"1\"><\/iframe>\n        <\/div>\n    <\/figure>\n\n\n\n<\/div>\n\n\n<div style=\"height:26px\" aria-hidden=\"true\" class=\"wp-block-spacer\"><\/div>\n\n\n\n<div class=\"wrapper-crispybacon-class wrapper-crispybacon-class-medium \">\n    \n\n<h2 class=\"wp-block-heading has-text-align-center m-0 par-custom-line-height\" style=\"font-size:23px\"><\/h2>\n\n\n\n<h2 class=\"wp-block-heading has-text-align-center m-0 par-custom-line-height\" style=\"font-size:23px\"><strong>Rompe coa banca do pasado.<\/strong> E celebra canda m\u00e1is de 1000 empresas que fai 10&nbsp;anos un banco no que o teu di\u00f1eiro s\u00f3 financia o cambio.<\/h2>\n\n\n<\/div>\n\n\n<div style=\"height:36px\" aria-hidden=\"true\" class=\"wp-block-spacer\"><\/div>\n\n\n<div class=\"wp-block-image\">\n<figure class=\"aligncenter size-large is-resized\"><img loading=\"lazy\" decoding=\"async\" width=\"819\" height=\"1024\" src=\"https:\/\/www.fiarebancaetica.coop\/app\/uploads\/sites\/2\/2024\/11\/rompe-y-celebra-formato-cuadrado-1080-x-1350-px-2-819x1024.png\" alt=\"\" class=\"wp-image-380427\" style=\"width:875px;height:auto\" srcset=\"https:\/\/www.fiarebancaetica.coop\/app\/uploads\/sites\/2\/2024\/11\/rompe-y-celebra-formato-cuadrado-1080-x-1350-px-2-819x1024.png 819w, https:\/\/www.fiarebancaetica.coop\/app\/uploads\/sites\/2\/2024\/11\/rompe-y-celebra-formato-cuadrado-1080-x-1350-px-2-240x300.png 240w, https:\/\/www.fiarebancaetica.coop\/app\/uploads\/sites\/2\/2024\/11\/rompe-y-celebra-formato-cuadrado-1080-x-1350-px-2-768x960.png 768w, https:\/\/www.fiarebancaetica.coop\/app\/uploads\/sites\/2\/2024\/11\/rompe-y-celebra-formato-cuadrado-1080-x-1350-px-2.png 1080w\" sizes=\"auto, (max-width: 819px) 100vw, 819px\" \/><\/figure>\n<\/div>\n\n\n<div style=\"height:31px\" aria-hidden=\"true\" class=\"wp-block-spacer\"><\/div>\n\n\n\n<div class=\"wrapper-crispybacon-class wrapper-crispybacon-class-medium \">\n    \n\n<h2 class=\"wp-block-heading has-text-align-center m-0 par-custom-line-height\" style=\"font-size:43px\"><strong>Fai que o teu di\u00f1eiro financie o cambio<\/strong>!<\/h2>\n\n\n\n<p class=\"has-text-align-center m-0 par-custom-line-height\" style=\"font-size:23px\"><\/p>\n\n\n\n<p><\/p>\n\n\n\n<p><\/p>\n\n\n\n<div class=\"wp-block-buttons is-content-justification-center is-layout-flex wp-container-core-buttons-is-layout-16018d1d wp-block-buttons-is-layout-flex\">\n<div class=\"wp-block-button is-style-outline is-style-outline--1\"><a class=\"wp-block-button__link has-blue-color has-text-color has-link-color wp-element-button\" href=\"https:\/\/www.fiarebancaetica.coop\/gl\/particulares\/contas-correntes\/\"><strong>CONTAS CORRENTES<\/strong><\/a><\/div>\n<\/div>\n\n\n\n<p><\/p>\n\n\n\n<p><\/p>\n\n\n\n<div class=\"wp-block-buttons is-content-justification-center is-layout-flex wp-container-core-buttons-is-layout-16018d1d wp-block-buttons-is-layout-flex\">\n<div class=\"wp-block-button is-style-outline is-style-outline--2\"><a class=\"wp-block-button__link has-blue-color has-text-color has-link-color wp-element-button\" href=\"https:\/\/www.fiarebancaetica.coop\/gl\/particulares\/depositos\/\"><strong>DEP\u00d3SITOS<\/strong><\/a><\/div>\n<\/div>\n\n\n\n<p><\/p>\n\n\n\n<p><\/p>\n\n\n\n<div class=\"wp-block-buttons is-content-justification-center is-layout-flex wp-container-core-buttons-is-layout-16018d1d wp-block-buttons-is-layout-flex\">\n<div class=\"wp-block-button is-style-outline is-style-outline--3\"><a class=\"wp-block-button__link has-blue-color has-text-color has-link-color wp-element-button\"><strong>FINANCIAMENTO<\/strong><\/a><\/div>\n<\/div>\n\n\n\n<p><\/p>\n\n\n\n<p><\/p>\n\n\n\n<div class=\"wp-block-buttons is-content-justification-center is-layout-flex wp-container-core-buttons-is-layout-16018d1d wp-block-buttons-is-layout-flex\">\n<div class=\"wp-block-button is-style-outline is-style-outline--4\"><a class=\"wp-block-button__link has-blue-color has-text-color has-link-color wp-element-button\"><strong>FONDOS \u00c9TICOS<\/strong><\/a><\/div>\n<\/div>\n\n\n<\/div>\n\n\n<div class=\"wrapper-crispybacon-class wrapper-crispybacon-class-wide \">\n    \n<\/div>\n\n\n<div style=\"height:57px\" aria-hidden=\"true\" class=\"wp-block-spacer\"><\/div>\n\n\n\n<hr class=\"wp-block-separator has-alpha-channel-opacity\"\/>\n\n\n\n<div class=\"container-newsletter-block\">\n    <div class=\"overlay\"><\/div>\n    <div class=\"content-landing-newsletter\">\n        <form class=\"newsletter-content\">\n            <h3> Escribe o teu email <\/h3>\n            <div class=\"text-block\">\n                <p> <p>D\u00e9ixanos o teu contacto e enviar\u00e9mosche un mail para explicarche por que ser cliente\/a de o noso banco. Se parte de cambio.<\/p>\n <\/p>\n                <p> <a href=\"https:\/\/www.fiarebancaetica.coop\/politica-de-proteccion-de-datos-y-cookies\/\" target=\"_blank\"> Consulta a pol\u00edtica de privacidade <\/p> <\/a>\n            <\/div>\n            <div class=\"field-block\">\n                <input type=\"email\" id=\"user_email\" placeholder=\"Escribe o teu email\">\n                <div class=\"button-submit-wrapper\">\n                    <div class=\"loader la-ball-beat la-dark\">\n                        <div><\/div>\n                        <div><\/div>\n                        <div><\/div>\n                    <\/div>\n                    <button type=\"submit\" disabled class=\"landing-submit-newsletter\" onclick=\"_paq.push(['trackEvent', 'Soldi Sporchi', 'Email Link Click']);\"> Inscr\u00edbeme <\/button>\n                <\/div>\n            <\/div>\n        <\/form>\n\n        <div class=\"risultato\">Risultato esito <\/div>\n    <\/div>\n<\/div>\n\n<script>\n    (function($) {\n        \/\/Ajax send email\n        $(document).ready(function() {\n            var form = $('.newsletter-content');\n            var button_wrapper = $('.button-submit-wrapper');\n            var button = $('.landing-submit-newsletter')\n\n            $( \"#user_email\" ).on( \"keyup\", function() {\n                if( $('#user_email').val() !== '' ) {\n                    button.prop('disabled', false)\n                } else {\n                    button.prop('disabled', true)\n                }\n            } );\n\n            form.on('submit', function (e) {\n                e.preventDefault();\n                button_wrapper.addClass('is_loading');\n                var user_email = $('#user_email').val();\n                $.ajax({\n                    method: 'POST',\n                    url: CbwptAjax.ajaxurl,\n                    data: {\n                        action: 'be_landing_add_subscribers',\n                        _security: CbwptAjax.security,\n                        user_email: user_email,\n                        mailchimp_list_id: \"\",\n                        integration: null,\n                        salesforce_external_key: null                    },\n                    success: function (data) {\n                        button_wrapper.removeClass('is_loading');\n                        $('.risultato').html(data).css('visibility', 'visible').hide().fadeIn();\n                        setTimeout(function() {\n                            $('.risultato').html(data).css('visibility', 'hidden').hide().fadeIn();\n                        }, 2500);\n                        $('#user_email').val(''); \/\/reset user input field\n                    },\n                    error: function () {\n                        alert('Si \u00e8 verificato un errore');\n                        button_wrapper.removeClass('is_loading');\n                        setTimeout(function() {\n                            $('.error').show();\n                        }, 15000);\n                    }\n                })\n            })\n        })\n    })(jQuery);\n\n<\/script>\n","protected":false},"excerpt":{"rendered":"<p>Rompe e Celebra<\/p>\n","protected":false},"author":1774,"featured_media":0,"parent":0,"menu_order":0,"comment_status":"closed","ping_status":"closed","template":"","meta":{"_acf_changed":false,"footnotes":""},"coauthors":[5579],"class_list":["post-378925","page","type-page","status-publish","hentry","crispybacon-hidden-page-title"],"acf":[],"yoast_head":"<!-- This site is optimized with the Yoast SEO plugin v26.9 - https:\/\/yoast.com\/product\/yoast-seo-wordpress\/ -->\n<title>Rompe e celebra - Fiare Banca Etica<\/title>\n<meta name=\"robots\" content=\"index, follow, max-snippet:-1, max-image-preview:large, max-video-preview:-1\" \/>\n<link rel=\"canonical\" href=\"https:\/\/www.fiarebancaetica.coop\/gl\/rompeycelebra\/\" \/>\n<meta property=\"og:locale\" content=\"gl_ES\" \/>\n<meta property=\"og:type\" content=\"article\" \/>\n<meta property=\"og:title\" content=\"Rompe e celebra - Fiare Banca Etica\" \/>\n<meta property=\"og:description\" content=\"Rompe e Celebra\" \/>\n<meta property=\"og:url\" content=\"https:\/\/www.fiarebancaetica.coop\/gl\/rompeycelebra\/\" \/>\n<meta property=\"og:site_name\" content=\"Fiare Banca Etica\" \/>\n<meta property=\"article:modified_time\" content=\"2024-11-19T08:19:35+00:00\" \/>\n<meta property=\"og:image\" content=\"https:\/\/www.fiarebancaetica.coop\/app\/uploads\/sites\/2\/2024\/11\/rompe-y-celebra-formato-cuadrado-1080-x-1350-px-2-819x1024.png\" \/>\n<meta name=\"twitter:card\" content=\"summary_large_image\" \/>\n<script type=\"application\/ld+json\" class=\"yoast-schema-graph\">{\"@context\":\"https:\/\/schema.org\",\"@graph\":[{\"@type\":\"WebPage\",\"@id\":\"https:\/\/www.fiarebancaetica.coop\/gl\/rompeycelebra\/\",\"url\":\"https:\/\/www.fiarebancaetica.coop\/gl\/rompeycelebra\/\",\"name\":\"Rompe e celebra - Fiare Banca Etica\",\"isPartOf\":{\"@id\":\"https:\/\/www.fiarebancaetica.coop\/gl\/#website\"},\"primaryImageOfPage\":{\"@id\":\"https:\/\/www.fiarebancaetica.coop\/gl\/rompeycelebra\/#primaryimage\"},\"image\":{\"@id\":\"https:\/\/www.fiarebancaetica.coop\/gl\/rompeycelebra\/#primaryimage\"},\"thumbnailUrl\":\"https:\/\/www.fiarebancaetica.coop\/app\/uploads\/sites\/2\/2024\/11\/rompe-y-celebra-formato-cuadrado-1080-x-1350-px-2-819x1024.png\",\"datePublished\":\"2024-10-08T08:18:22+00:00\",\"dateModified\":\"2024-11-19T08:19:35+00:00\",\"breadcrumb\":{\"@id\":\"https:\/\/www.fiarebancaetica.coop\/gl\/rompeycelebra\/#breadcrumb\"},\"inLanguage\":\"gl-ES\",\"potentialAction\":[{\"@type\":\"ReadAction\",\"target\":[\"https:\/\/www.fiarebancaetica.coop\/gl\/rompeycelebra\/\"]}]},{\"@type\":\"ImageObject\",\"inLanguage\":\"gl-ES\",\"@id\":\"https:\/\/www.fiarebancaetica.coop\/gl\/rompeycelebra\/#primaryimage\",\"url\":\"https:\/\/www.fiarebancaetica.coop\/app\/uploads\/sites\/2\/2024\/11\/rompe-y-celebra-formato-cuadrado-1080-x-1350-px-2-819x1024.png\",\"contentUrl\":\"https:\/\/www.fiarebancaetica.coop\/app\/uploads\/sites\/2\/2024\/11\/rompe-y-celebra-formato-cuadrado-1080-x-1350-px-2-819x1024.png\"},{\"@type\":\"BreadcrumbList\",\"@id\":\"https:\/\/www.fiarebancaetica.coop\/gl\/rompeycelebra\/#breadcrumb\",\"itemListElement\":[{\"@type\":\"ListItem\",\"position\":1,\"name\":\"Home\",\"item\":\"https:\/\/www.fiarebancaetica.coop\/gl\/\"},{\"@type\":\"ListItem\",\"position\":2,\"name\":\"Rompe e celebra\"}]},{\"@type\":\"WebSite\",\"@id\":\"https:\/\/www.fiarebancaetica.coop\/gl\/#website\",\"url\":\"https:\/\/www.fiarebancaetica.coop\/gl\/\",\"name\":\"Fiare Banca Etica\",\"description\":\"\",\"potentialAction\":[{\"@type\":\"SearchAction\",\"target\":{\"@type\":\"EntryPoint\",\"urlTemplate\":\"https:\/\/www.fiarebancaetica.coop\/gl\/?s={search_term_string}\"},\"query-input\":{\"@type\":\"PropertyValueSpecification\",\"valueRequired\":true,\"valueName\":\"search_term_string\"}}],\"inLanguage\":\"gl-ES\"}]}<\/script>\n<!-- \/ Yoast SEO plugin. -->","yoast_head_json":{"title":"Rompe e celebra - Fiare Banca Etica","robots":{"index":"index","follow":"follow","max-snippet":"max-snippet:-1","max-image-preview":"max-image-preview:large","max-video-preview":"max-video-preview:-1"},"canonical":"https:\/\/www.fiarebancaetica.coop\/gl\/rompeycelebra\/","og_locale":"gl_ES","og_type":"article","og_title":"Rompe e celebra - Fiare Banca Etica","og_description":"Rompe e Celebra","og_url":"https:\/\/www.fiarebancaetica.coop\/gl\/rompeycelebra\/","og_site_name":"Fiare Banca Etica","article_modified_time":"2024-11-19T08:19:35+00:00","og_image":[{"url":"https:\/\/www.fiarebancaetica.coop\/app\/uploads\/sites\/2\/2024\/11\/rompe-y-celebra-formato-cuadrado-1080-x-1350-px-2-819x1024.png","type":"","width":"","height":""}],"twitter_card":"summary_large_image","schema":{"@context":"https:\/\/schema.org","@graph":[{"@type":"WebPage","@id":"https:\/\/www.fiarebancaetica.coop\/gl\/rompeycelebra\/","url":"https:\/\/www.fiarebancaetica.coop\/gl\/rompeycelebra\/","name":"Rompe e celebra - Fiare Banca Etica","isPartOf":{"@id":"https:\/\/www.fiarebancaetica.coop\/gl\/#website"},"primaryImageOfPage":{"@id":"https:\/\/www.fiarebancaetica.coop\/gl\/rompeycelebra\/#primaryimage"},"image":{"@id":"https:\/\/www.fiarebancaetica.coop\/gl\/rompeycelebra\/#primaryimage"},"thumbnailUrl":"https:\/\/www.fiarebancaetica.coop\/app\/uploads\/sites\/2\/2024\/11\/rompe-y-celebra-formato-cuadrado-1080-x-1350-px-2-819x1024.png","datePublished":"2024-10-08T08:18:22+00:00","dateModified":"2024-11-19T08:19:35+00:00","breadcrumb":{"@id":"https:\/\/www.fiarebancaetica.coop\/gl\/rompeycelebra\/#breadcrumb"},"inLanguage":"gl-ES","potentialAction":[{"@type":"ReadAction","target":["https:\/\/www.fiarebancaetica.coop\/gl\/rompeycelebra\/"]}]},{"@type":"ImageObject","inLanguage":"gl-ES","@id":"https:\/\/www.fiarebancaetica.coop\/gl\/rompeycelebra\/#primaryimage","url":"https:\/\/www.fiarebancaetica.coop\/app\/uploads\/sites\/2\/2024\/11\/rompe-y-celebra-formato-cuadrado-1080-x-1350-px-2-819x1024.png","contentUrl":"https:\/\/www.fiarebancaetica.coop\/app\/uploads\/sites\/2\/2024\/11\/rompe-y-celebra-formato-cuadrado-1080-x-1350-px-2-819x1024.png"},{"@type":"BreadcrumbList","@id":"https:\/\/www.fiarebancaetica.coop\/gl\/rompeycelebra\/#breadcrumb","itemListElement":[{"@type":"ListItem","position":1,"name":"Home","item":"https:\/\/www.fiarebancaetica.coop\/gl\/"},{"@type":"ListItem","position":2,"name":"Rompe e celebra"}]},{"@type":"WebSite","@id":"https:\/\/www.fiarebancaetica.coop\/gl\/#website","url":"https:\/\/www.fiarebancaetica.coop\/gl\/","name":"Fiare Banca Etica","description":"","potentialAction":[{"@type":"SearchAction","target":{"@type":"EntryPoint","urlTemplate":"https:\/\/www.fiarebancaetica.coop\/gl\/?s={search_term_string}"},"query-input":{"@type":"PropertyValueSpecification","valueRequired":true,"valueName":"search_term_string"}}],"inLanguage":"gl-ES"}]}},"_links":{"self":[{"href":"https:\/\/www.fiarebancaetica.coop\/gl\/wp-json\/wp\/v2\/pages\/378925","targetHints":{"allow":["GET"]}}],"collection":[{"href":"https:\/\/www.fiarebancaetica.coop\/gl\/wp-json\/wp\/v2\/pages"}],"about":[{"href":"https:\/\/www.fiarebancaetica.coop\/gl\/wp-json\/wp\/v2\/types\/page"}],"author":[{"embeddable":true,"href":"https:\/\/www.fiarebancaetica.coop\/gl\/wp-json\/wp\/v2\/users\/1774"}],"replies":[{"embeddable":true,"href":"https:\/\/www.fiarebancaetica.coop\/gl\/wp-json\/wp\/v2\/comments?post=378925"}],"version-history":[{"count":14,"href":"https:\/\/www.fiarebancaetica.coop\/gl\/wp-json\/wp\/v2\/pages\/378925\/revisions"}],"predecessor-version":[{"id":380432,"href":"https:\/\/www.fiarebancaetica.coop\/gl\/wp-json\/wp\/v2\/pages\/378925\/revisions\/380432"}],"wp:attachment":[{"href":"https:\/\/www.fiarebancaetica.coop\/gl\/wp-json\/wp\/v2\/media?parent=378925"}],"wp:term":[{"taxonomy":"author","embeddable":true,"href":"https:\/\/www.fiarebancaetica.coop\/gl\/wp-json\/wp\/v2\/coauthors?post=378925"}],"curies":[{"name":"wp","href":"https:\/\/api.w.org\/{rel}","templated":true}]}}