{"id":382635,"date":"2025-01-17T14:58:19","date_gmt":"2025-01-17T13:58:19","guid":{"rendered":"https:\/\/www.fiarebancaetica.coop\/?page_id=382635"},"modified":"2025-02-12T14:43:29","modified_gmt":"2025-02-12T13:43:29","slug":"whistleblowing","status":"publish","type":"page","link":"https:\/\/www.fiarebancaetica.coop\/gl\/whistleblowing\/","title":{"rendered":""},"content":{"rendered":"\n<div class=\"wrapper-crispybacon-class wrapper-crispybacon-class-wide \">\n    \n\n<div class=\"wrapper-crispybacon-class wrapper-crispybacon-class-large \">\n    \n\n<h1 class=\"wp-block-heading is-style-lyon\">WHISTLEBLOWING<\/h1>\n\n\n\n<p><a><\/a> En li\u00f1a cun goberno corporativo baseado na confianza, a transparencia e a integridade, BANCA ETICA fomenta a colaboraci\u00f3n do seu cadro de persoal propio e de terceiros para permitir que saian \u00e1 luz fen\u00f3menos il\u00edcitos, fraudulentos ou sospeitosos e calquera outra irregularidade ou conduta que incumpra a lei, as normas que regulan a actividade bancaria, os servizos de investimento, a responsabilidade administrativa das entidades, a loita ao branqueo de di\u00f1eiro e o financiamento ao terrorismo, as\u00ed como as normas previstas no C\u00f3digo \u00e9tico.<\/p>\n\n\n\n<h2 class=\"wp-block-heading\">Documentaci\u00f3n<\/h2>\n\n\n\n<p><a href=\"http:\/\/www.fiarebancaetica.coop\/app\/uploads\/sites\/2\/2025\/02\/REGLAMENTO-INTERNO-EN-MATERIA-DE-WHISTLEBLOWING-SISTEMA-INTERNO-DE-DENUNCIA-DE-INFRACCIONES.pdf\" target=\"_blank\" rel=\"noreferrer noopener\">Regulamento interno en materia de WHISTLEBL<\/a><a href=\"http:\/\/www.fiarebancaetica.coop\/app\/uploads\/sites\/2\/2025\/01\/Regolamento-Whistleblowing-CdA-18.07.2023_ESP.docx-1-1.pdf\">OWING<\/a><\/p>\n\n\n\n<p><a href=\"http:\/\/www.fiarebancaetica.coop\/app\/uploads\/sites\/2\/2025\/02\/ANEXO-_A_-DECLARACION-DE-COMPROMISO-y-NOMBRAMIENTO-PARA-EL-TRATAMIENTO-DE-DATOS-PERSONALES.pdf\" target=\"_blank\" rel=\"noreferrer noopener\">ANEXO \u201cA\u201d &#8211; DECLARACI\u00d3N DE COMPROMISO_ESP<\/a><\/p>\n\n\n\n<p><a href=\"http:\/\/www.fiarebancaetica.coop\/app\/uploads\/sites\/2\/2025\/02\/ANEXO-_B_-MANUAL-DE-USO-DE-LA-PLATAFORMA-1.pdf\" target=\"_blank\" rel=\"noreferrer noopener\">ANEXO \u201cB\u201d-\u00a0 MANUAL DE USO DA LA PLATAFORMA_ESP<\/a><\/p>\n\n\n\n<h2 class=\"wp-block-heading\">Canle de denuncia interna<\/h2>\n\n\n\n<p>Plataforma de denuncia na ligaz\u00f3n seguinte: <a href=\"https:\/\/bancaetica.azurewebsites.net\/\" target=\"_blank\" rel=\"noreferrer noopener\"><u>https:\/\/bancaetica.azurewebsites.net\/<\/u><\/a><\/p>\n\n\n<\/div>\n\n<\/div>\n\n\n<p><\/p>\n","protected":false},"excerpt":{"rendered":"","protected":false},"author":6692,"featured_media":0,"parent":0,"menu_order":0,"comment_status":"closed","ping_status":"closed","template":"","meta":{"_acf_changed":false,"footnotes":""},"coauthors":[10744],"class_list":["post-382635","page","type-page","status-publish","hentry"],"acf":[],"yoast_head":"<!-- This site is optimized with the Yoast SEO plugin v26.9 - https:\/\/yoast.com\/product\/yoast-seo-wordpress\/ -->\n<title>- Fiare Banca Etica<\/title>\n<meta name=\"robots\" content=\"index, follow, max-snippet:-1, max-image-preview:large, max-video-preview:-1\" \/>\n<link rel=\"canonical\" href=\"https:\/\/www.fiarebancaetica.coop\/gl\/whistleblowing\/\" \/>\n<meta property=\"og:locale\" content=\"gl_ES\" \/>\n<meta property=\"og:type\" content=\"article\" \/>\n<meta property=\"og:title\" content=\"- Fiare Banca Etica\" \/>\n<meta property=\"og:url\" content=\"https:\/\/www.fiarebancaetica.coop\/gl\/whistleblowing\/\" \/>\n<meta property=\"og:site_name\" content=\"Fiare Banca Etica\" \/>\n<meta property=\"article:modified_time\" content=\"2025-02-12T13:43:29+00:00\" \/>\n<meta name=\"twitter:card\" content=\"summary_large_image\" \/>\n<script type=\"application\/ld+json\" class=\"yoast-schema-graph\">{\"@context\":\"https:\/\/schema.org\",\"@graph\":[{\"@type\":\"WebPage\",\"@id\":\"https:\/\/www.fiarebancaetica.coop\/gl\/whistleblowing\/\",\"url\":\"https:\/\/www.fiarebancaetica.coop\/gl\/whistleblowing\/\",\"name\":\"- Fiare Banca Etica\",\"isPartOf\":{\"@id\":\"https:\/\/www.fiarebancaetica.coop\/gl\/#website\"},\"datePublished\":\"2025-01-17T13:58:19+00:00\",\"dateModified\":\"2025-02-12T13:43:29+00:00\",\"inLanguage\":\"gl-ES\",\"potentialAction\":[{\"@type\":\"ReadAction\",\"target\":[\"https:\/\/www.fiarebancaetica.coop\/gl\/whistleblowing\/\"]}]},{\"@type\":\"WebSite\",\"@id\":\"https:\/\/www.fiarebancaetica.coop\/gl\/#website\",\"url\":\"https:\/\/www.fiarebancaetica.coop\/gl\/\",\"name\":\"Fiare Banca Etica\",\"description\":\"\",\"potentialAction\":[{\"@type\":\"SearchAction\",\"target\":{\"@type\":\"EntryPoint\",\"urlTemplate\":\"https:\/\/www.fiarebancaetica.coop\/gl\/?s={search_term_string}\"},\"query-input\":{\"@type\":\"PropertyValueSpecification\",\"valueRequired\":true,\"valueName\":\"search_term_string\"}}],\"inLanguage\":\"gl-ES\"}]}<\/script>\n<!-- \/ Yoast SEO plugin. -->","yoast_head_json":{"title":"- Fiare Banca Etica","robots":{"index":"index","follow":"follow","max-snippet":"max-snippet:-1","max-image-preview":"max-image-preview:large","max-video-preview":"max-video-preview:-1"},"canonical":"https:\/\/www.fiarebancaetica.coop\/gl\/whistleblowing\/","og_locale":"gl_ES","og_type":"article","og_title":"- Fiare Banca Etica","og_url":"https:\/\/www.fiarebancaetica.coop\/gl\/whistleblowing\/","og_site_name":"Fiare Banca Etica","article_modified_time":"2025-02-12T13:43:29+00:00","twitter_card":"summary_large_image","schema":{"@context":"https:\/\/schema.org","@graph":[{"@type":"WebPage","@id":"https:\/\/www.fiarebancaetica.coop\/gl\/whistleblowing\/","url":"https:\/\/www.fiarebancaetica.coop\/gl\/whistleblowing\/","name":"- Fiare Banca Etica","isPartOf":{"@id":"https:\/\/www.fiarebancaetica.coop\/gl\/#website"},"datePublished":"2025-01-17T13:58:19+00:00","dateModified":"2025-02-12T13:43:29+00:00","inLanguage":"gl-ES","potentialAction":[{"@type":"ReadAction","target":["https:\/\/www.fiarebancaetica.coop\/gl\/whistleblowing\/"]}]},{"@type":"WebSite","@id":"https:\/\/www.fiarebancaetica.coop\/gl\/#website","url":"https:\/\/www.fiarebancaetica.coop\/gl\/","name":"Fiare Banca Etica","description":"","potentialAction":[{"@type":"SearchAction","target":{"@type":"EntryPoint","urlTemplate":"https:\/\/www.fiarebancaetica.coop\/gl\/?s={search_term_string}"},"query-input":{"@type":"PropertyValueSpecification","valueRequired":true,"valueName":"search_term_string"}}],"inLanguage":"gl-ES"}]}},"_links":{"self":[{"href":"https:\/\/www.fiarebancaetica.coop\/gl\/wp-json\/wp\/v2\/pages\/382635","targetHints":{"allow":["GET"]}}],"collection":[{"href":"https:\/\/www.fiarebancaetica.coop\/gl\/wp-json\/wp\/v2\/pages"}],"about":[{"href":"https:\/\/www.fiarebancaetica.coop\/gl\/wp-json\/wp\/v2\/types\/page"}],"author":[{"embeddable":true,"href":"https:\/\/www.fiarebancaetica.coop\/gl\/wp-json\/wp\/v2\/users\/6692"}],"replies":[{"embeddable":true,"href":"https:\/\/www.fiarebancaetica.coop\/gl\/wp-json\/wp\/v2\/comments?post=382635"}],"version-history":[{"count":6,"href":"https:\/\/www.fiarebancaetica.coop\/gl\/wp-json\/wp\/v2\/pages\/382635\/revisions"}],"predecessor-version":[{"id":383104,"href":"https:\/\/www.fiarebancaetica.coop\/gl\/wp-json\/wp\/v2\/pages\/382635\/revisions\/383104"}],"wp:attachment":[{"href":"https:\/\/www.fiarebancaetica.coop\/gl\/wp-json\/wp\/v2\/media?parent=382635"}],"wp:term":[{"taxonomy":"author","embeddable":true,"href":"https:\/\/www.fiarebancaetica.coop\/gl\/wp-json\/wp\/v2\/coauthors?post=382635"}],"curies":[{"name":"wp","href":"https:\/\/api.w.org\/{rel}","templated":true}]}}