{"id":382733,"date":"2025-01-23T13:11:04","date_gmt":"2025-01-23T12:11:04","guid":{"rendered":"https:\/\/www.fiarebancaetica.coop\/?page_id=382733"},"modified":"2025-01-23T13:11:06","modified_gmt":"2025-01-23T12:11:06","slug":"asemblea-2025","status":"publish","type":"page","link":"https:\/\/www.fiarebancaetica.coop\/gl\/asemblea-2025\/","title":{"rendered":"Asemblea 2025"},"content":{"rendered":"\n<div class=\"wrapper-crispybacon-class wrapper-crispybacon-class-medium \">\n    \n\n<h1 class=\"wp-block-heading\">Asemblea de persoas socias de Fiare Banca Etica<\/h1>\n\n\n\n<p>Nesta p\u00e1xina acompa\u00f1\u00e1moste no cami\u00f1o cara \u00e1 asemblea do<strong> 17 de maio de 2025<\/strong>, que ter\u00e1 lugar en <strong>Bolo\u00f1a, Madrid e en li\u00f1a.<\/strong><\/p>\n\n\n\n<p>A asemblea de 2025 renovar\u00e1 por votaci\u00f3n tres \u00f3rganos clave:<\/p>\n\n\n\n<ul class=\"wp-block-list\">\n<li><strong>o Consello de Administraci\u00f3n,<\/strong><\/li>\n\n\n\n<li><strong>a Xunta de Revisi\u00f3n e<\/strong><\/li>\n\n\n\n<li><strong>o Comit\u00e9 de Arbitraxe de Banca Etica<\/strong>.<\/li>\n<\/ul>\n\n\n\n<p><a href=\"https:\/\/www.fiarebancaetica.coop\/el-camino-electoral-para-la-asamblea-2025-paso-a-paso\/\" target=\"_blank\" rel=\"noreferrer noopener\"><u><strong>M\u00e1is informaci\u00f3n sobre o proceso electoral><\/strong><\/u><\/a><u><strong><a href=\"https:\/\/www.fiarebancaetica.coop\/gl\/el-camino-electoral-para-la-asamblea-2025-paso-a-paso\/\">><\/a><\/strong><\/u><\/p>\n\n\n\n<p>O calendario actual\u00edzase decontino e irase enriquecendo con contidos e actos novos.<\/p>\n\n\n<\/div>\n\n    <div class=\"block-90-timeline\">\n        \n            <div class=\"block-90-timeline__item\">\n                <div class=\"block-90-timeline__item-date \">\n                                            <span>17<\/span> <span>Maio<\/span>\n                                    <\/div>\n                <div class=\"block-90-timeline__item-content\">\n                    <div class=\"block-90-timeline__item-content-header\">\n                        <h3 class=\"block-90-timeline__item-title \">\n                                                        <span>Asemblea de persoas socias de Fiare Banca Etica<\/span>\n                        <\/h3>\n                                                    <div class=\"block-90-timeline__item-subtitle\">Ven presencialmente a Bolo\u00f1a e Madrid ou con\u00e9ctate en li\u00f1a para participar neste momento importante da vida de Banca Etica.<\/div>\n                                            <\/div>\n                                            <div class=\"block-90-timeline__item-content-footer\">\n                            <div class=\"block-90-timeline__item-text\">Rex\u00edstrate e participa<\/div>\n                            <div>\n                                                            <\/div>\n                        <\/div>\n                                    <\/div>\n            <\/div>\n\n        \n            <div class=\"block-90-timeline__item\">\n                <div class=\"block-90-timeline__item-date \">\n                                            <span>01<\/span> <span>Abril<\/span>\n                                    <\/div>\n                <div class=\"block-90-timeline__item-content\">\n                    <div class=\"block-90-timeline__item-content-header\">\n                        <h3 class=\"block-90-timeline__item-title \">\n                                                        <span>Inicio da campa\u00f1a electoral para a asemblea 2025<\/span>\n                        <\/h3>\n                                            <\/div>\n                                            <div class=\"block-90-timeline__item-content-footer\">\n                            <div class=\"block-90-timeline__item-text\">Descubre m\u00e1is sobre o proceso electoral.<\/div>\n                            <div>\n                                                                    <a class=\"block-90-timeline__item-button\" href=\"https:\/\/assemblea.bancaetica.it\/Registration\" target=\"\">Descubre m\u00e1is<\/a>\n                                                            <\/div>\n                        <\/div>\n                                    <\/div>\n            <\/div>\n\n        \n            <div class=\"block-90-timeline__item\">\n                <div class=\"block-90-timeline__item-date \">\n                                            <span>15<\/span> <span>Marzo<\/span>\n                                    <\/div>\n                <div class=\"block-90-timeline__item-content\">\n                    <div class=\"block-90-timeline__item-content-header\">\n                        <h3 class=\"block-90-timeline__item-title \">\n                                                            <i class=\"icon-locked\"><\/i>\n                                                        <span>Presentaci\u00f3n das persoas candidatas ao Consello de Administraci\u00f3n<\/span>\n                        <\/h3>\n                                                    <div class=\"block-90-timeline__item-subtitle\">As candidatas individuais te\u00f1en at\u00e9 o 15\/03\/2025 para presentar a s\u00faa solicitude.<\/div>\n                                            <\/div>\n                                            <div class=\"block-90-timeline__item-content-footer\">\n                            <div class=\"block-90-timeline__item-text\">Descubre m\u00e1is sobre o proceso electoral.<\/div>\n                            <div>\n                                                                    <a class=\"block-90-timeline__item-button\" href=\"https:\/\/www.fiarebancaetica.coop\/gl\/el-camino-electoral-para-la-asamblea-2025-paso-a-paso\/\" target=\"_blank\">Descubre m\u00e1is<\/a>\n                                                            <\/div>\n                        <\/div>\n                                    <\/div>\n            <\/div>\n\n        \n            <div class=\"block-90-timeline__item\">\n                <div class=\"block-90-timeline__item-date \">\n                                            <span>20<\/span> <span>Decembro<\/span>\n                                    <\/div>\n                <div class=\"block-90-timeline__item-content\">\n                    <div class=\"block-90-timeline__item-content-header\">\n                        <h3 class=\"block-90-timeline__item-title \">\n                                                        <span>Presentaci\u00f3n do Comit\u00e9 de Promoci\u00f3n<\/span>\n                        <\/h3>\n                                                    <div class=\"block-90-timeline__item-subtitle\">As listas participativas e aut\u00f3nomas deber\u00e1 constitu\u00edr un comit\u00e9 de promoci\u00f3n antes do 20\/12\/2024.<\/div>\n                                            <\/div>\n                                            <div class=\"block-90-timeline__item-content-footer\">\n                            <div class=\"block-90-timeline__item-text\">Descubre m\u00e1is sobre o proceso electoral.<\/div>\n                            <div>\n                                                                    <a class=\"block-90-timeline__item-button\" href=\"https:\/\/www.fiarebancaetica.coop\/gl\/el-camino-electoral-para-la-asamblea-2025-paso-a-paso\/\" target=\"_blank\">Descubre m\u00e1is<\/a>\n                                                            <\/div>\n                        <\/div>\n                                    <\/div>\n            <\/div>\n\n        \n            <div class=\"block-90-timeline__item\">\n                <div class=\"block-90-timeline__item-date \">\n                                            <span>24<\/span> <span>Outubro<\/span>\n                                    <\/div>\n                <div class=\"block-90-timeline__item-content\">\n                    <div class=\"block-90-timeline__item-content-header\">\n                        <h3 class=\"block-90-timeline__item-title \">\n                                                        <span>Inicio do proceso electoral cara \u00e1 asemblea 2025<\/span>\n                        <\/h3>\n                                                    <div class=\"block-90-timeline__item-subtitle\">Renovaremos o Consello de Administraci\u00f3n, a Xunta de Revisi\u00f3n e o Comit\u00e9 de Arbitraxe.<\/div>\n                                            <\/div>\n                                            <div class=\"block-90-timeline__item-content-footer\">\n                            <div class=\"block-90-timeline__item-text\">Descubre m\u00e1is sobre o proceso electoral.<\/div>\n                            <div>\n                                                                    <a class=\"block-90-timeline__item-button\" href=\"https:\/\/www.fiarebancaetica.coop\/gl\/el-camino-electoral-para-la-asamblea-2025-paso-a-paso\/\" target=\"_blank\">Descubre m\u00e1is<\/a>\n                                                            <\/div>\n                        <\/div>\n                                    <\/div>\n            <\/div>\n\n            <\/div>\n    \n\n\n<section class=\"banner-with-your-money-block42 \">\n    <div class=\"banner-with-your-money-block42__orange\" style=\"background-color: #003087\">\n        <div class=\"banner-with-your-money-block42__container\">\n            <div class=\"banner-with-your-money-block42__image\" style=\"background-image: url(https:\/\/www.fiarebancaetica.coop\/app\/uploads\/sites\/2\/2024\/01\/diventa-socio-blanco-2-1024x577.png);\"><\/div>\n            <div class=\"banner-with-your-money-block42__content\">\n                                                    \n                                    <p class=\"banner-with-your-money-block42__title\" style=\"color: #FFFFFF\">\u00danete ao debate na comunidade de Banca Etica<\/p>\n                                                    <div class=\"banner-with-your-money-block42__text\" style=\"color: #FFFFFF\"><p>Ponte en contacto con outros membros e comparte as t\u00faas ideas e reflexi\u00f3ns cara \u00e1 asemblea.<\/p>\n<\/div>\n                \n                \n                                    <div class=\"banner-with-your-money-block42__buttons\">\n                                                    <a href=\"https:\/\/community.bancaetica.it\/es\/\" target=\"_blank\" class=\"banner-with-your-money-block42__button\">\n                                Inf\u00f3rmate e participa                            <\/a>\n                                            <\/div>\n                            <\/div>\n        <\/div>\n    <\/div>\n\n    <\/section>","protected":false},"excerpt":{"rendered":"","protected":false},"author":6693,"featured_media":0,"parent":0,"menu_order":0,"comment_status":"closed","ping_status":"closed","template":"template-meetings-timeline.php","meta":{"_acf_changed":false,"footnotes":""},"coauthors":[10743],"class_list":["post-382733","page","type-page","status-publish","hentry","crispybacon-hidden-page-title"],"acf":[],"yoast_head":"<!-- This site is optimized with the Yoast SEO plugin v26.9 - https:\/\/yoast.com\/product\/yoast-seo-wordpress\/ -->\n<title>Asemblea 2025 - Fiare Banca Etica<\/title>\n<meta name=\"robots\" content=\"index, follow, max-snippet:-1, max-image-preview:large, max-video-preview:-1\" \/>\n<link rel=\"canonical\" href=\"https:\/\/www.fiarebancaetica.coop\/gl\/asemblea-2025\/\" \/>\n<meta property=\"og:locale\" content=\"gl_ES\" \/>\n<meta property=\"og:type\" content=\"article\" \/>\n<meta property=\"og:title\" content=\"Asemblea 2025 - Fiare Banca Etica\" \/>\n<meta property=\"og:url\" content=\"https:\/\/www.fiarebancaetica.coop\/gl\/asemblea-2025\/\" \/>\n<meta property=\"og:site_name\" content=\"Fiare Banca Etica\" \/>\n<meta property=\"article:modified_time\" content=\"2025-01-23T12:11:06+00:00\" \/>\n<meta name=\"twitter:card\" content=\"summary_large_image\" \/>\n<script type=\"application\/ld+json\" class=\"yoast-schema-graph\">{\"@context\":\"https:\/\/schema.org\",\"@graph\":[{\"@type\":\"WebPage\",\"@id\":\"https:\/\/www.fiarebancaetica.coop\/gl\/asemblea-2025\/\",\"url\":\"https:\/\/www.fiarebancaetica.coop\/gl\/asemblea-2025\/\",\"name\":\"Asemblea 2025 - Fiare Banca Etica\",\"isPartOf\":{\"@id\":\"https:\/\/www.fiarebancaetica.coop\/gl\/#website\"},\"datePublished\":\"2025-01-23T12:11:04+00:00\",\"dateModified\":\"2025-01-23T12:11:06+00:00\",\"breadcrumb\":{\"@id\":\"https:\/\/www.fiarebancaetica.coop\/gl\/asemblea-2025\/#breadcrumb\"},\"inLanguage\":\"gl-ES\",\"potentialAction\":[{\"@type\":\"ReadAction\",\"target\":[\"https:\/\/www.fiarebancaetica.coop\/gl\/asemblea-2025\/\"]}]},{\"@type\":\"BreadcrumbList\",\"@id\":\"https:\/\/www.fiarebancaetica.coop\/gl\/asemblea-2025\/#breadcrumb\",\"itemListElement\":[{\"@type\":\"ListItem\",\"position\":1,\"name\":\"Home\",\"item\":\"https:\/\/www.fiarebancaetica.coop\/gl\/\"},{\"@type\":\"ListItem\",\"position\":2,\"name\":\"Asemblea 2025\"}]},{\"@type\":\"WebSite\",\"@id\":\"https:\/\/www.fiarebancaetica.coop\/gl\/#website\",\"url\":\"https:\/\/www.fiarebancaetica.coop\/gl\/\",\"name\":\"Fiare Banca Etica\",\"description\":\"\",\"potentialAction\":[{\"@type\":\"SearchAction\",\"target\":{\"@type\":\"EntryPoint\",\"urlTemplate\":\"https:\/\/www.fiarebancaetica.coop\/gl\/?s={search_term_string}\"},\"query-input\":{\"@type\":\"PropertyValueSpecification\",\"valueRequired\":true,\"valueName\":\"search_term_string\"}}],\"inLanguage\":\"gl-ES\"}]}<\/script>\n<!-- \/ Yoast SEO plugin. -->","yoast_head_json":{"title":"Asemblea 2025 - Fiare Banca Etica","robots":{"index":"index","follow":"follow","max-snippet":"max-snippet:-1","max-image-preview":"max-image-preview:large","max-video-preview":"max-video-preview:-1"},"canonical":"https:\/\/www.fiarebancaetica.coop\/gl\/asemblea-2025\/","og_locale":"gl_ES","og_type":"article","og_title":"Asemblea 2025 - Fiare Banca Etica","og_url":"https:\/\/www.fiarebancaetica.coop\/gl\/asemblea-2025\/","og_site_name":"Fiare Banca Etica","article_modified_time":"2025-01-23T12:11:06+00:00","twitter_card":"summary_large_image","schema":{"@context":"https:\/\/schema.org","@graph":[{"@type":"WebPage","@id":"https:\/\/www.fiarebancaetica.coop\/gl\/asemblea-2025\/","url":"https:\/\/www.fiarebancaetica.coop\/gl\/asemblea-2025\/","name":"Asemblea 2025 - Fiare Banca Etica","isPartOf":{"@id":"https:\/\/www.fiarebancaetica.coop\/gl\/#website"},"datePublished":"2025-01-23T12:11:04+00:00","dateModified":"2025-01-23T12:11:06+00:00","breadcrumb":{"@id":"https:\/\/www.fiarebancaetica.coop\/gl\/asemblea-2025\/#breadcrumb"},"inLanguage":"gl-ES","potentialAction":[{"@type":"ReadAction","target":["https:\/\/www.fiarebancaetica.coop\/gl\/asemblea-2025\/"]}]},{"@type":"BreadcrumbList","@id":"https:\/\/www.fiarebancaetica.coop\/gl\/asemblea-2025\/#breadcrumb","itemListElement":[{"@type":"ListItem","position":1,"name":"Home","item":"https:\/\/www.fiarebancaetica.coop\/gl\/"},{"@type":"ListItem","position":2,"name":"Asemblea 2025"}]},{"@type":"WebSite","@id":"https:\/\/www.fiarebancaetica.coop\/gl\/#website","url":"https:\/\/www.fiarebancaetica.coop\/gl\/","name":"Fiare Banca Etica","description":"","potentialAction":[{"@type":"SearchAction","target":{"@type":"EntryPoint","urlTemplate":"https:\/\/www.fiarebancaetica.coop\/gl\/?s={search_term_string}"},"query-input":{"@type":"PropertyValueSpecification","valueRequired":true,"valueName":"search_term_string"}}],"inLanguage":"gl-ES"}]}},"_links":{"self":[{"href":"https:\/\/www.fiarebancaetica.coop\/gl\/wp-json\/wp\/v2\/pages\/382733","targetHints":{"allow":["GET"]}}],"collection":[{"href":"https:\/\/www.fiarebancaetica.coop\/gl\/wp-json\/wp\/v2\/pages"}],"about":[{"href":"https:\/\/www.fiarebancaetica.coop\/gl\/wp-json\/wp\/v2\/types\/page"}],"author":[{"embeddable":true,"href":"https:\/\/www.fiarebancaetica.coop\/gl\/wp-json\/wp\/v2\/users\/6693"}],"replies":[{"embeddable":true,"href":"https:\/\/www.fiarebancaetica.coop\/gl\/wp-json\/wp\/v2\/comments?post=382733"}],"version-history":[{"count":1,"href":"https:\/\/www.fiarebancaetica.coop\/gl\/wp-json\/wp\/v2\/pages\/382733\/revisions"}],"predecessor-version":[{"id":382755,"href":"https:\/\/www.fiarebancaetica.coop\/gl\/wp-json\/wp\/v2\/pages\/382733\/revisions\/382755"}],"wp:attachment":[{"href":"https:\/\/www.fiarebancaetica.coop\/gl\/wp-json\/wp\/v2\/media?parent=382733"}],"wp:term":[{"taxonomy":"author","embeddable":true,"href":"https:\/\/www.fiarebancaetica.coop\/gl\/wp-json\/wp\/v2\/coauthors?post=382733"}],"curies":[{"name":"wp","href":"https:\/\/api.w.org\/{rel}","templated":true}]}}